{"id":599,"date":"2024-01-11T11:43:10","date_gmt":"2024-01-11T10:43:10","guid":{"rendered":"https:\/\/www.came.com\/it\/?page_id=599"},"modified":"2026-03-11T09:18:13","modified_gmt":"2026-03-11T08:18:13","slug":"responsabilita-sociale","status":"publish","type":"page","link":"https:\/\/www.came.com\/it\/responsabilita-sociale\/","title":{"rendered":"Responsabilit\u00e0 sociale"},"content":{"rendered":"\n<div class=\"wp-block-group alignwide came-box-content-style-1 is-layout-flow wp-block-group-is-layout-flow\" style=\"padding-top:var(--wp--preset--spacing--70);padding-bottom:var(--wp--preset--spacing--70)\">\n<h3 class=\"wp-block-heading\">Codice Etico<\/h3>\n\n\n\n<p class=\"has-medium-font-size\" style=\"margin-top:var(--wp--preset--spacing--80);margin-bottom:var(--wp--preset--spacing--80)\">Il&nbsp;<strong>Gruppo CAME&nbsp;<\/strong>\u00e8 costituito da societ\u00e0 che operano nel settore delle<strong>&nbsp;automazioni&nbsp;per ingressi residenziali<\/strong>,&nbsp;<strong>industriali<\/strong>,&nbsp;<strong>parcheggi&nbsp;<\/strong>e&nbsp;<strong>controllo accessi<\/strong>.<br>Nella realizzazione della propria missione il&nbsp;<strong>Gruppo<\/strong>&nbsp;opera attraverso la societ\u00e0 capogruppo e le societ\u00e0 controllate, collegate o partecipate.<br>Il presente documento (di seguito, il \u201c<strong>Codice Etico<\/strong>\u201d) \u00e8 stato predisposto con l\u2019obbiettivo di definire con chiarezza l\u2019insieme dei valori che il&nbsp;<strong>Gruppo CAME<\/strong>&nbsp;riconosce, accetta e condivide.<\/p>\n\n\n\n<p class=\"has-medium-font-size\">Il&nbsp;<strong>Gruppo<\/strong>&nbsp;favorisce un ambiente di lavoro che, ispirato al rispetto, alla correttezza ed alla collaborazione, nonch\u00e9 sulla base dell\u2019esperienza maturata nei settori di competenza, permette il coinvolgimento e la responsabilizzazione di dipendenti e collaboratori, con riguardo agli specifici obiettivi da raggiungere e alle modalit\u00e0 per perseguirli.<\/p>\n<\/div>\n\n\n\n<div class=\"wp-block-group alignfull came-box-downloads has-came-cyan-background-color has-background is-layout-flow wp-block-group-is-layout-flow\" style=\"padding-top:var(--wp--preset--spacing--80);padding-bottom:var(--wp--preset--spacing--80)\">\n<div class=\"wp-block-group is-layout-flow wp-block-group-is-layout-flow\" style=\"padding-bottom:var(--wp--preset--spacing--70)\">\n<h2 class=\"wp-block-heading has-text-align-center has-white-color has-text-color has-link-color has-came-font-font-family has-medium-font-size wp-elements-337362a55489adf5239c587b2dfb9cf4\">SCARICA I DOCUMENTI<\/h2>\n<\/div>\n\n\n\n<div class=\"wp-block-group alignwide came-box-downloads-container is-layout-flow wp-block-group-is-layout-flow\">\n<div class=\"wp-block-group came-download-item has-white-background-color has-background is-layout-flow wp-block-group-is-layout-flow\">\n<p><a href=\"\/it\/wp-content\/uploads\/2025\/02\/IT-KACITBD023_Codice-Etico-2023.pdf\" target=\"_blank\" rel=\"noreferrer noopener\">CODICE ETICO<\/a><\/p>\n<\/div>\n\n\n\n<div class=\"wp-block-group came-download-item has-white-background-color has-background is-layout-flow wp-block-group-is-layout-flow\">\n<p><a href=\"\/it\/wp-content\/uploads\/2025\/02\/KAWITEQE23-CAME_MOGC-231_ParteGenerale_CdA_12.05.23_IT_digital.pdf\">MODELLO ORGANIZZATIVO<\/a><\/p>\n<\/div>\n<\/div>\n<\/div>\n\n\n\n<div class=\"wp-block-group alignwide came-box-content-style-1 is-layout-flow wp-block-group-is-layout-flow\" style=\"padding-top:var(--wp--preset--spacing--70);padding-bottom:var(--wp--preset--spacing--70)\">\n<h3 class=\"wp-block-heading\" style=\"margin-top:var(--wp--preset--spacing--80);margin-bottom:var(--wp--preset--spacing--80)\">La gestione delle segnalazioni di CAME (Whistleblowing)<\/h3>\n\n\n\n<p class=\"has-medium-font-size\">In ottemperanza a quanto previsto dal Modello di Gestione, Organizzazione e Controllo, adottato ai sensi del D.Lgs. n. 231\/2001, e Codice Etico di CAME e dalla normativa nazionale e comunitaria in materia di Whistleblowing, CAME ha adottato un sistema di gestione delle segnalazioni, che consente di <strong>segnalare, anche in forma anonima, qualsiasi potenziale condotta irregolare e\/o illecita<\/strong> posta in essere da soggetti riferibili a CAME e in violazione di qualsiasi norma di legge, regolamento, provvedimento delle Autorit\u00e0, policy e procedure interne, Modello 231 e Codice Etico adottati, che possa arrecare danno o pregiudizio a CAME.<\/p>\n\n\n\n<p class=\"has-medium-font-size\">Tramite i canali predisposti, CAME provvede alla gestione e analisi delle segnalazioni inviate o trasmesse da dipendenti, collaboratori, fornitori e qualsiasi altro soggetto terzo, con modalit\u00e0 che assicurano la riservatezza in merito all\u2019identit\u00e0 del Segnalante, del Segnalato e degli altri soggetti menzionati o coinvolti nella segnalazione, anche quando la segnalazione viene effettuata in modalit\u00e0 non anonima.<\/p>\n\n\n\n<p class=\"has-medium-font-size\">A tal fine, CAME ha istituito il <strong>Comitato per le Segnalazioni<\/strong>, un organismo collegiale avente la funzione di gestire le segnalazioni, mediante lo svolgimento delle attivit\u00e0 di ricezione, registrazione, verifica preliminare ed istruttoria, finalizzate alla valutazione delle segnalazioni trasmesse.<\/p>\n\n\n\n<p class=\"has-medium-font-size\"><strong>CAME garantisce la massima riservatezza sulle persone coinvolte e sui fatti segnalati al fine di garantire tutela contro qualsiasi forma di ritorsione.<\/strong><\/p>\n\n\n\n<p class=\"has-medium-font-size\">I canali di segnalazione predisposti da CAME sono i seguenti:<\/p>\n<\/div>\n\n\n\n<div class=\"wp-block-group alignwide is-layout-flow wp-block-group-is-layout-flow\">\n<ul class=\"wp-block-list came-unordered-list\">\n<li class=\"has-medium-font-size\"><strong>Portale Whistleblowing (Portale segnalazioni)<\/strong>: da considerarsi il canale preferenziale in quanto, con modalit\u00e0 informatiche, garantisce la riservatezza sull\u2019identit\u00e0 del Segnalante e del Segnalato e degli altri soggetti menzionati o coinvolti nella segnalazione e consente la gestione dei dati relativi alla Segnalazione in conformit\u00e0 alla normativa vigente. Tramite il Portale, il Segnalante pu\u00f2 effettuare la segnalazione anche in forma anonima. \u00c8 possibile accedervi direttamente dal sito internet aziendale al link: <a href=\"https:\/\/came.integrityline.com\/\">https:\/\/came.integrityline.com\/<\/a> o cliccando nella sezione \u201cAccedi al portale\u201d che segue.<\/li>\n\n\n\n<li class=\"has-medium-font-size\"><strong>Incontro diretto con il Comitato per le Segnalazioni<\/strong>, da effettuarsi tramite invio di una richiesta all\u2019indirizzo di posta elettronica <a href=\"mailto:whistleblowing@came.com\">whistleblowing@came.com<\/a>. Per garantire la massima tutela della riservatezza, si invita a non riportare alcun riferimento ai fatti oggetto di segnalazione nel testo della comunicazione e-mail, riservando tali elementi alla discussione in presenza del Comitato. L\u2019indirizzo e-mail whistleblowing@came.com \u00e8 riservato alle richieste di incontro diretto con il Comitato per le Segnalazioni.<\/li>\n<\/ul>\n<\/div>\n\n\n\n<div class=\"wp-block-group alignwide came-box-content-style-1 is-layout-flow wp-block-group-is-layout-flow\" style=\"padding-top:var(--wp--preset--spacing--70);padding-bottom:var(--wp--preset--spacing--70)\">\n<p class=\"has-medium-font-size\">Ferma la possibilit\u00e0 di utilizzo dei canali di segnalazione messi a disposizione da CAME, nei casi tassativamente indicati ai sensi dell\u2019art. 6 del D.lgs. n. 24 del 10 marzo 2023, \u00e8 possibile effettuare la segnalazione all\u2019Autorit\u00e0 competente in materia (ANAC).<\/p>\n<\/div>\n\n\n\n<div class=\"wp-block-group alignfull came-box-downloads has-came-cyan-background-color has-background is-layout-flow wp-block-group-is-layout-flow\" style=\"padding-top:var(--wp--preset--spacing--80);padding-bottom:var(--wp--preset--spacing--80)\">\n<div class=\"wp-block-group is-layout-flow wp-block-group-is-layout-flow\" style=\"padding-bottom:var(--wp--preset--spacing--70)\">\n<h2 class=\"wp-block-heading has-text-align-center has-white-color has-text-color has-link-color has-came-font-font-family has-medium-font-size wp-elements-3cbc3c6134aed8e792a1068eb630e11b\">WHISTLEBLOWING<\/h2>\n<\/div>\n\n\n\n<div class=\"wp-block-group alignwide came-box-downloads-container is-layout-flow wp-block-group-is-layout-flow\">\n<div class=\"wp-block-group came-download-item has-white-background-color has-background is-layout-flow wp-block-group-is-layout-flow\">\n<p><a href=\"\/it\/wp-content\/uploads\/2025\/02\/Informativa-privacy-sito-24.03.2023.-clean_1.pdf\" target=\"_blank\" rel=\"noreferrer noopener\">PRIVACY POLICY<\/a><\/p>\n<\/div>\n\n\n\n<div class=\"wp-block-group came-download-item has-white-background-color has-background is-layout-flow wp-block-group-is-layout-flow\">\n<p><a href=\"https:\/\/came.integrityline.com\/\" target=\"_blank\" rel=\"noreferrer noopener\">ACCEDI AL PORTALE<\/a><\/p>\n<\/div>\n<\/div>\n<\/div>\n","protected":false},"excerpt":{"rendered":"<p>Codice Etico Il&nbsp;Gruppo CAME&nbsp;\u00e8 costituito da societ\u00e0 che operano nel settore delle&nbsp;automazioni&nbsp;per ingressi residenziali,&nbsp;industriali,&nbsp;parcheggi&nbsp;e&nbsp;controllo accessi.Nella realizzazione della propria missione il&nbsp;Gruppo&nbsp;opera attraverso la societ\u00e0 capogruppo e le societ\u00e0 controllate, collegate o partecipate.Il presente documento (di seguito, il \u201cCodice Etico\u201d) \u00e8 stato predisposto con l\u2019obbiettivo di definire con chiarezza l\u2019insieme dei valori che il&nbsp;Gruppo CAME&nbsp;riconosce, accetta e [&hellip;]<\/p>\n","protected":false},"author":1,"featured_media":0,"parent":0,"menu_order":0,"comment_status":"closed","ping_status":"closed","template":"","meta":{"elastic_search":"","powered_cache_disable_cache":false,"footnotes":""},"_links":{"self":[{"href":"https:\/\/www.came.com\/it\/wp-json\/wp\/v2\/pages\/599"}],"collection":[{"href":"https:\/\/www.came.com\/it\/wp-json\/wp\/v2\/pages"}],"about":[{"href":"https:\/\/www.came.com\/it\/wp-json\/wp\/v2\/types\/page"}],"author":[{"embeddable":true,"href":"https:\/\/www.came.com\/it\/wp-json\/wp\/v2\/users\/1"}],"replies":[{"embeddable":true,"href":"https:\/\/www.came.com\/it\/wp-json\/wp\/v2\/comments?post=599"}],"version-history":[{"count":10,"href":"https:\/\/www.came.com\/it\/wp-json\/wp\/v2\/pages\/599\/revisions"}],"predecessor-version":[{"id":17996,"href":"https:\/\/www.came.com\/it\/wp-json\/wp\/v2\/pages\/599\/revisions\/17996"}],"wp:attachment":[{"href":"https:\/\/www.came.com\/it\/wp-json\/wp\/v2\/media?parent=599"}],"curies":[{"name":"wp","href":"https:\/\/api.w.org\/{rel}","templated":true}]}}