{"id":549,"date":"2024-01-11T09:38:54","date_gmt":"2024-01-11T08:38:54","guid":{"rendered":"https:\/\/www.came.com\/it\/?page_id=549"},"modified":"2025-02-06T11:39:35","modified_gmt":"2025-02-06T10:39:35","slug":"condizioni-generali","status":"publish","type":"page","link":"https:\/\/www.came.com\/it\/condizioni-generali\/","title":{"rendered":"Condizioni generali"},"content":{"rendered":"\n<p>REV.00 &#8211; 14\/02\/18<\/p>\n\n\n\n<p><strong>Informazioni generali obbligatorie<\/strong><\/p>\n\n\n\n<p>Il presente portale web \u00e8 di esclusiva propriet\u00e0 di Came S.p.A., con sede legale in Via Martiri della Libert\u00e0 15, 31030 Dosson di Casier (TV), capitale sociale 1.610.000,00 Euro, iscritta al Registro delle Imprese di Treviso n. TV03481280265 con P.I. e C.F. n. 03481280265 (di seguito \u201cCame\u201d).<br>L\u2019Amministratore Delegato di Came \u00e8 responsabile per la pubblicazione e pu\u00f2 essere contattato all&#8217;indirizzo di posta elettronica&nbsp;<a href=\"mailto:info@came.com\">info@came.com<\/a>. L&#8217;hosting del Portale risiede presso la societ\u00e0 Came S.p.A. all\u2019indirizzo sopra indicato.<\/p>\n\n\n\n<p><strong>1. Condizioni generali di utilizzo<\/strong><\/p>\n\n\n\n<p>1.1 Le presenti condizioni generali di utilizzo (di seguito \u201cCondizioni Generali\u201d) disciplinano l&#8217;utilizzo del portale web raggiungibile alla URL www.came.com (di seguito &#8220;Portale&#8221;) da parte di qualsiasi persona, fisica o giuridica, nel mondo che desideri ottenere delle informazioni di ordine generale su Came (di seguito \u201cUtente\u201d).<\/p>\n\n\n\n<p>1.2 Nell\u2019utilizzo del Portale l\u2019Utente s\u2019impegna a rispettare la normativa italiana in materia di tutela della propriet\u00e0 intellettuale ed industriale a norma del D. Lgs. n. 30\/2005.<\/p>\n\n\n\n<p>1.3 L\u2019utilizzo del Portale comporta accettazione delle presenti Condizioni Generali.<\/p>\n\n\n\n<p>1.4 Came si riserva il diritto di modificare, sospendere, rimuovere o disabilitare il Portale o il suo contenuto, senza alcun preavviso.<\/p>\n\n\n\n<p>1.5 Came non garantisce l\u2019aggiornamento immediato delle informazioni contenute nel Portale.<\/p>\n\n\n\n<p>1.6 L&#8217;Utente s\u2019impegna ad utilizzare il Portale ed ogni altro dato e\/o informazione disponibili nel Portale esclusivamente per scopi leciti ed in conformit\u00e0 alle Condizioni Generali. Ogni copia delle informazioni reperite dal Portale dovr\u00e0 fare menzione del diritto d\u2019autore e di propriet\u00e0 di Came.<\/p>\n\n\n\n<p>1.7 L\u2019Utente \u00e8 solo ed unico responsabile dell\u2019uso del Portale. L\u2019Utente sar\u00e0 tenuto a risarcire e a tenere indenne Came, nonch\u00e9 le societ\u00e0 ad essa collegate o da essa controllate, suoi rappresentanti, dipendenti, collaboratori, partner e consorziati, da qualsiasi perdita, danno, responsabilit\u00e0, spese processuali (onorari inclusi) o pretese sollevate da terzi, derivanti dalla violazione delle presenti Condizioni Generali e\/o dall&#8217;utilizzo del Portale e\/o dalla violazione delle leggi applicabili e\/o di qualsiasi diritto di terzi.<\/p>\n\n\n\n<p>1.8 Came declina ogni responsabilit\u00e0 per:<\/p>\n\n\n\n<ul>\n<li>qualsiasi \u201cvirus\u201d informatico e\/o qualsiasi altro elemento che possa distruggere e\/o danneggiare il computer dell\u2019Utente e\/o i dati che esso contiene<\/li>\n\n\n\n<li>impossibilit\u00e0, per qualsiasi ragione, di utilizzo del Portale da parte dell\u2019Utente<\/li>\n\n\n\n<li>danni, pretese e\/o perdite, dirette o indirette, derivanti dal mancato e\/o difettoso funzionamento delle apparecchiature elettroniche di propriet\u00e0 dell\u2019Utente, inclusi gli Internet Service Providers, dei collegamenti telefonici e\/o telematici non gestiti direttamente da Came, nonch\u00e9 da azioni di terzi aventi accesso alla rete<\/li>\n<\/ul>\n\n\n\n<p><strong>2. Utilizzo delle informazioni e dei contenuti del Portale<\/strong><\/p>\n\n\n\n<p>2.1 Le informazioni disponibili sul Portale sono fruibili a titolo gratuito. Esse hanno carattere puramente informativo e, salvo ove diversamente previsto, non costituiscono una proposta contrattuale, n\u00e9 un\u2019offerta al pubblico dei prodotti inseriti nel Portale, n\u00e9 tali informazioni possono considerarsi vincolanti per qualsivoglia trattativa e\/o relazione commerciale.<\/p>\n\n\n\n<p>2.2 All&#8217;Utente \u00e8 vietata ogni forma di riproduzione, modifica, duplicazione, copia, distribuzione, vendita o qualsiasi altra forma di illegittimo utilizzo del Portale.<\/p>\n\n\n\n<p>2.3 L&#8217;Utente s\u2019impegna a non utilizzare il Portale per:<\/p>\n\n\n\n<ul>\n<li>scopi diffamatori, osceni, in violazione dei diritti di terzi, per commettere o tentare di commettere un reato ovvero in modo comunque illegale e\/o dannoso per Came e\/o terzi soggetti<\/li>\n\n\n\n<li>contraffare l&#8217;origine del Portale e\/o di qualsiasi altro tipo di funzionalit\u00e0 disponibile sul Portale<\/li>\n\n\n\n<li>revisionare, alterare, modificare, adattare, creare opere derivate, tradurre, decompilare, disassemblare, effettuare il reverse engineering del Portale<\/li>\n\n\n\n<li>distruggere e\/o limitare il funzionamento del Portale, dei software, degli hardware e\/o degli impianti di telecomunicazioni di Came e\/o terzi<\/li>\n\n\n\n<li>raccogliere e\/o immagazzinare dati personali degli altri Utenti<\/li>\n<\/ul>\n\n\n\n<p>2.4 In caso di violazione del paragrafo che precede e\/o di altre disposizioni di legge e\/o delle presenti Condizioni Generali, Came si riserva il diritto, di sua iniziativa e\/o su richiesta delle autorit\u00e0 competenti, di:<\/p>\n\n\n\n<ul>\n<li>rimuovere dal Portale, nel pi\u00f9 breve tempo tecnicamente possibile, tutti i contenuti che, direttamente o indirettamente, violino il precedente paragrafo e\/o altre disposizioni di legge e\/o le presenti le Condizioni Generali<\/li>\n\n\n\n<li>bloccare e\/o annullare l\u2019accesso al Portale dell\u2019Utente che si sia reso responsabile di tali violazioni<\/li>\n<\/ul>\n\n\n\n<p>2.5 E\u2019 salvo in ogni caso il diritto di Came al risarcimento dei danni derivanti da tali violazioni.<\/p>\n\n\n\n<p><strong>3. Collegamenti a o da altre risorse della rete internet<\/strong><\/p>\n\n\n\n<p>3.1 E\u2019 esclusa qualsiasi responsabilit\u00e0 di Came in merito al funzionamento di eventuali collegamenti ipertestuali ad altri siti web, o ad altre risorse della rete Internet, presenti sul Portale.<\/p>\n\n\n\n<p>3.2 Came non assume alcuna responsabilit\u00e0 per il contenuto dei link e\/o per il materiale, anche pubblicitario, divulgato e\/o per i prodotti e\/o per i servizi offerti sui siti ai quali i link rinviano. Tali materiali, prodotti e\/o servizi non possono considerarsi in alcun modo sponsorizzati, condivisi e\/o supportati da Came. L&#8217;utilizzo di tali materiali e\/o l\u2019acquisto di detti prodotti e\/o servizi \u00e8 di esclusiva responsabilit\u00e0 dell\u2019Utente.<\/p>\n\n\n\n<p>3.3 L\u2019Utente si impegna a non creare da altri siti web link al Portale, senza il previo consenso scritto di Came. In ogni caso, la creazione di tali link al Portale, anche laddove autorizzati, non dar\u00e0 luogo ad alcuna responsabilit\u00e0 in capo Came, la quale si riserva il diritto di richiederne in ogni momento la rimozione. Il link al Portale dovr\u00e0 indirizzare l\u2019Utente necessariamente verso l\u2019home page del Portale.<\/p>\n\n\n\n<p><strong>4. Marchio<\/strong><\/p>\n\n\n\n<p>4.1 L\u2019Utente riconosce l\u2019esclusivo diritto d\u2019uso di Came sulle immagini, i segni distintivi, i loghi e gli altri beni immateriali presenti nel Portale.<\/p>\n\n\n\n<p>4.2 Came all\u2019Utente non riconosce alcun diritto, titolo, interesse o facolt\u00e0 con riferimento a qualsiasi diritto di propriet\u00e0 intellettuale o ad altri diritti, inclusi brevetti, disegni, marchi, diritti d\u2019autore, diritti sui database, diritti sulle informazioni confidenziali o sui segreti commerciali, di propriet\u00e0 o titolarit\u00e0 di Came e\/o delle altre ad essa collegate o da essa controllate.<\/p>\n\n\n\n<p>4.3 Per quanto non espressamente disciplinato dalle presenti Condizioni Generali si rinvia al documento \u201cUtilizzo di immagini, segni distintivi, loghi ed altri beni immateriali \u2013 Utente non registrato\u201d. (<a href=\"https:\/\/www.came.com\/it\/termini-di-utilizzo\">Termini di Utilizzo<\/a>)<\/p>\n\n\n\n<p>4.4 Per l\u2019utente registrato nell\u2019apposita area riservata del Portale sono previste specifiche e diverse condizioni di utilizzo sulle immagini, i segni distintivi, i loghi e gli altri beni immateriali presenti nell\u2019Area Riservata Portale, alle quali si rinvia.<\/p>\n\n\n\n<p><strong>5. Legge applicabile e giurisdizione<\/strong><\/p>\n\n\n\n<p>5.1 Le Condizioni Generali ed i rapporti tra l\u2019Utente sono regolate dalle leggi italiane.<\/p>\n\n\n\n<p>5.2 Qualsivoglia questione dovesse insorgere in relazione alle presenti Condizioni Generali, sar\u00e0 regolata secondo le norme del diritto italiano. Tutte le controversie saranno soggette alla giurisdizione italiana e rimesse alla competenza esclusiva del Tribunale di Treviso (Italia). In ogni caso Came si riserva il diritto di convenire l\u2019Utente dinanzi ai Tribunali del paese in cui l\u2019Utente ha la propria residenza o sede legale.<\/p>\n\n\n\n<p>5.3 Il mancato esercizio da parte di Came dei diritti e delle disposizioni previsti nelle Condizioni Generali non costituisce rinuncia agli stessi, salvo espressa dichiarazione scritta di Came.<\/p>\n\n\n\n<p><strong>6. Protezione dei dati personali sul sito<\/strong><\/p>\n\n\n\n<p>Came S.p.A. dichiara che il trattamento dei dati personali dell&#8217;Utente acquisiti nell&#8217;ambito della navigazione nel Portale avverr\u00e0 nel pieno rispetto della privacy policy presente sul portale web www.came.com.<\/p>\n\n\n\n<p><strong>7. Varie<\/strong><\/p>\n\n\n\n<p>7.1 La mancata pronta adozione di provvedimenti da parte di Came non potr\u00e0 essere intesa quale sua rinuncia a far valere i propri diritti.<\/p>\n\n\n\n<p>7.2 Came sar\u00e0 lieta di ottenere dall\u2019Utente informazioni e\/o suggerimenti relativi al Portale.<\/p>\n\n\n\n<p>7.3 L\u2019Utente pu\u00f2 contattare l&#8217;amministratore del Portale al seguente indirizzo di posta elettronica: info@came.com o scrivere a Came presso la sede legale di cui sopra. Qualsiasi suggerimento e\/o informazione fornita in tal modo dall\u2019Utente a Came sar\u00e0 trattata come informazione non riservata e potr\u00e0 essere usata senza limitazioni. L&#8217;Utente sar\u00e0 ritenuto responsabile ove le informazioni fornite a Came v\u00ecolino i diritti di soggetti terzi.<\/p>\n\n\n\n<p><strong>Termini di utilizzo Area Riservata<\/strong><\/p>\n\n\n\n<p>1.1 L\u2019accesso all\u2019area riservata del Portale (di seguito \u201cArea Riservata\u201d) \u00e8 consentito uniCamente all\u2019Utente professionista che svolge attivit\u00e0 di vendita, installazione, assistenza e\/o consulenza su prodotti a marchio Came, nei confronti del quale Came abbia accolto la domanda di registrazione all\u2019Area Riservata del Portale (di seguito \u201cUtente Registrato\u201d). L\u2019accoglimento della suddetta domanda di registrazione \u00e8 subordinato all\u2019accettazione, da parte dell\u2019Utente professionista, dei documenti di seguito indicati:<\/p>\n\n\n\n<ul>\n<li>le qui presenti Condizioni Generali del portale www.came.com<\/li>\n\n\n\n<li>i termini di \u201cUtilizzo di immagini, segni distintivi, loghi ed altri beni immateriali Utente Registrato\u201d (<a href=\"https:\/\/www.came.com\/it\/termini-di-utilizzo\">Termini di utilizzo<\/a>)<\/li>\n\n\n\n<li>l\u2019Informativa sul trattamento dei dati personali (<a href=\"http:\/\/www.came.com\/it\/privacy-policy\">Privacy Policy<\/a>)<\/li>\n<\/ul>\n\n\n\n<p>Ai sensi e per gli effetti degli art. 1341 e 1342 del Codice Civile Italiano, dichiaro inoltre di accettare espressamente ed incondizionatamente le pattuizioni contenute nei paragrafi 1.5, 1.8 e 3 (limitazione responsabilit\u00e0 Came); 5.2 (for esclusivo) delle Condizioni Generali.<\/p>\n\n\n\n<p>1.2 L\u2019accoglimento della domanda di registrazione \u00e8 altres\u00ec subordinato alla veridicit\u00e0 e correttezza dei dati forniti a Came da parte dell\u2019Utente professionista in sede di registrazione.<\/p>\n\n\n\n<p>1.3 L\u2019Utente Registrato potr\u00e0 usufruire dei servizi specificatamente dedicati da Came al supporto della sua attivit\u00e0 commerciale (di seguito \u201cServizi\u201d).<\/p>\n\n\n\n<p>1.4 La conservazione della registrazione all\u2019Area Riservata del Portale costituisce condizione essenziale ed indispensabile per l\u2019utilizzo dei Servizi. La sospensione e\/o la cancellazione, per qualsiasi motivo, della registrazione all\u2019Area Riservata del Portale determina automatiCamente l\u2019impossibilit\u00e0 di utilizzare i Servizi.<\/p>\n\n\n\n<p>1.5 L\u2019Utente Registrato s\u2019impegna a mantenere segreta la password all\u2019Area Riservata del proprio account e si obbliga altres\u00ec a far rispettare i presenti termini di utilizzo dell\u2019Area Riservata ai propri dipendenti e\/o collaboratori. Rimane peraltro inteso che l\u2019Utente Registrato sar\u00e0 responsabile nei confronti di Came per l&#8217;eventuale violazione delle presenti termini di utilizzo anche da parte di detti dipendenti e\/o collaboratori.<\/p>\n\n\n\n<p>1.6 I Servizi potranno essere utilizzati esclusivamente dall\u2019Utente Registrato il quale non potr\u00e0 rivelare o diffondere a terzi il contenuto degli stessi o altre informazioni confidenziali di Came (ad esempio dati tecnici relativi ai prodotti Came, politiche per sconti e prezzi, ecc.) di cui sia venuto a conoscenza mediante l\u2019accesso all\u2019Area Riservata.<\/p>\n\n\n\n<p>1.7 Per tutto quanto non espressamente previsto dai presenti termini di utilizzo conservano piena efficacia le Condizioni Generali di utilizzo del portale www.came.com<br>Ai sensi e per gli effetti degli art. 1341 e 1342 del Codice Civile Italiano, dichiaro inoltre di accettare espressamente ed incondizionatamente la pattuizione contenuta del paragrafo 1.6 dei presenti termini di utilizzo dell\u2019Area Riservata.<\/p>\n","protected":false},"excerpt":{"rendered":"<p>REV.00 &#8211; 14\/02\/18 Informazioni generali obbligatorie Il presente portale web \u00e8 di esclusiva propriet\u00e0 di Came S.p.A., con sede legale in Via Martiri della Libert\u00e0 15, 31030 Dosson di Casier (TV), capitale sociale 1.610.000,00 Euro, iscritta al Registro delle Imprese di Treviso n. TV03481280265 con P.I. e C.F. n. 03481280265 (di seguito \u201cCame\u201d).L\u2019Amministratore Delegato di [&hellip;]<\/p>\n","protected":false},"author":1,"featured_media":0,"parent":0,"menu_order":0,"comment_status":"closed","ping_status":"closed","template":"","meta":{"elastic_search":"","powered_cache_disable_cache":false,"footnotes":""},"_links":{"self":[{"href":"https:\/\/www.came.com\/it\/wp-json\/wp\/v2\/pages\/549"}],"collection":[{"href":"https:\/\/www.came.com\/it\/wp-json\/wp\/v2\/pages"}],"about":[{"href":"https:\/\/www.came.com\/it\/wp-json\/wp\/v2\/types\/page"}],"author":[{"embeddable":true,"href":"https:\/\/www.came.com\/it\/wp-json\/wp\/v2\/users\/1"}],"replies":[{"embeddable":true,"href":"https:\/\/www.came.com\/it\/wp-json\/wp\/v2\/comments?post=549"}],"version-history":[{"count":2,"href":"https:\/\/www.came.com\/it\/wp-json\/wp\/v2\/pages\/549\/revisions"}],"predecessor-version":[{"id":12428,"href":"https:\/\/www.came.com\/it\/wp-json\/wp\/v2\/pages\/549\/revisions\/12428"}],"wp:attachment":[{"href":"https:\/\/www.came.com\/it\/wp-json\/wp\/v2\/media?parent=549"}],"curies":[{"name":"wp","href":"https:\/\/api.w.org\/{rel}","templated":true}]}}