{"id":546,"date":"2023-10-20T08:14:08","date_gmt":"2023-10-20T06:14:08","guid":{"rendered":"https:\/\/www.came.com\/it\/?page_id=546"},"modified":"2025-03-18T09:09:15","modified_gmt":"2025-03-18T08:09:15","slug":"privacy-policy","status":"publish","type":"page","link":"https:\/\/www.came.com\/it\/privacy-policy\/","title":{"rendered":"Privacy policy"},"content":{"rendered":"\n<div class=\"wp-block-group alignwide is-layout-flow wp-block-group-is-layout-flow\">\n<p class=\"has-medium-font-size\"><\/p>\n\n\n\n<p class=\"has-medium-font-size\">REV.01 &#8211; 02\/03\/2020<\/p>\n\n\n\n<a href=\"https:\/\/www.iubenda.com\/privacy-policy\/18070522\" class=\"iubenda-white iubenda-noiframe iubenda-embed iubenda-noiframe iub-body-embed\" title=\"Privacy Policy\">Privacy Policy<\/a><script type=\"text\/javascript\">(function (w,d) {var loader = function () {var s = d.createElement(\"script\"), tag = d.getElementsByTagName(\"script\")[0]; s.src=\"https:\/\/cdn.iubenda.com\/iubenda.js\"; tag.parentNode.insertBefore(s,tag);}; if(w.addEventListener){w.addEventListener(\"load\", loader, false);}else if(w.attachEvent){w.attachEvent(\"onload\", loader);}else{w.onload = loader;}})(window, document);<\/script>\n\n\n\n<p class=\"has-medium-font-size\">L\u2019informativa del sito www.came.com\/it \u00e8 resa ai sensi dell\u2019art. 13 Reg. UE 2016\/679 (General Data Protection Regulation) e dell\u2019art. 13&nbsp;D.lgs n. 196\/2003 (Codice Privacy).<\/p>\n\n\n\n<p class=\"has-medium-font-size\"><strong>1. TITOLARI DEL TRATTAMENTO<\/strong><\/p>\n\n\n\n<p class=\"has-medium-font-size\">I Titolari del trattamento sono:<br>&#8211; CAME S.p.A., C.F. \/ P. Iva 03481280265 &#8211; con sede in Via Martiri della Libert\u00e0, 15 31030 Dosson di Casier (TV)<br>&#8211; CAME Italia S.r.l., C.F. \/ P. Iva 04835400260 &#8211; con sede in Viale Delle Industrie, 89\/a, 31030 Dosson di Casier (TV)<\/p>\n\n\n\n<p class=\"has-medium-font-size\"><strong>2. FINALIT\u00c0 DEL TRATTAMENTO E BASE GIURIDICA<\/strong><\/p>\n\n\n\n<p class=\"has-medium-font-size\">2.1. I dati personali (qui di seguito anche \u201c<strong>Dati<\/strong>\u201d) forniti dall\u2019interessato nel corso della navigazione nel sito web www.came.com (di seguito, anche \u201c<strong>Sito<\/strong>\u201d) saranno trattati esclusivamente per consentire l\u2019accesso dell\u2019utente alle pagine del Sito ad assicurarne il corretto funzionamento.<\/p>\n\n\n\n<p class=\"has-medium-font-size\">2.2. I dati personali raccolti all\u2019interno di specifiche aree del Sito saranno trattati per le finalit\u00e0 indicate dalle specifiche informative rese in occasione della raccolta dei dati:<\/p>\n\n\n\n<p class=\"has-medium-font-size\">a) quanto alla sezione \u201c<strong>Area Riservata<\/strong>\u201d, per l\u2019erogazione di servizi basati su interfaccia web, registrazione anagrafica utenti, secondo l\u2019informativa pubblicata&nbsp;<a href=\"https:\/\/www.came.com\/it\/privacy-area-riservata-piucame\" target=\"_blank\" rel=\"noreferrer noopener\">qui<\/a><\/p>\n\n\n\n<p class=\"has-medium-font-size\">b) quanto alla sezione \u201c<strong>Contattaci &#8211; Chiedi a CAME<\/strong>&#8220;, per la gestione di richieste specifiche, secondo l\u2019informativa pubblicata&nbsp;<a href=\"http:\/\/www.came.com\/it\/privacy-form-contatto\" target=\"_blank\" rel=\"noreferrer noopener\">qui.<\/a><\/p>\n\n\n\n<p class=\"has-medium-font-size\">c) quanto alla sezione \u201c<strong>Contatti Rete Vendita<\/strong>\u201d, per la gestione di richieste specifiche e per contatti in merito al servizio reso secondo l\u2019informativa pubblicata&nbsp;<a href=\"http:\/\/www.came.com\/it\/privacy-contatti-rete-vendita\" target=\"_blank\" rel=\"noreferrer noopener\">qui<\/a><\/p>\n\n\n\n<p class=\"has-medium-font-size\">d) quanto alla sezione \u201c<strong>Rimani in Contatto<\/strong>&#8220;, per l&#8217;erogazione di servizi informativi di marketing e survey di customer satisfaction, secondo l\u2019informativa pubblicata&nbsp;<a href=\"http:\/\/www.came.com\/it\/privacy-rimani-in-contatto\" target=\"_blank\" rel=\"noreferrer noopener\">qui.<\/a><\/p>\n\n\n\n<p class=\"has-medium-font-size\">e) quanto alla sezione &#8220;<strong>Lavora con Noi<\/strong>&#8220;, per la gestione delle candidature alle offerte di lavoro, secondo l&#8217;informativa pubblicata&nbsp;<a href=\"http:\/\/www.came.com\/it\/trattamento-dati-curriculum\" target=\"_blank\" rel=\"noreferrer noopener\">qui<\/a><\/p>\n\n\n\n<p class=\"has-medium-font-size\">f) quanto alla sezione \u201c<strong>Formazione<\/strong>\u201d, per l\u2019erogazione di sevizi di corsi formativi, secondo l\u2019informativa pubblicata&nbsp;<a href=\"https:\/\/www.came.com\/it\/privacy-corsi-formazione\" target=\"_blank\" rel=\"noreferrer noopener\">qui<\/a>.<\/p>\n\n\n\n<p class=\"has-medium-font-size\"><strong>3. TIPI DI DATI TRATTATI<\/strong><\/p>\n\n\n\n<p class=\"has-medium-font-size\">3.1 Dati di navigazione. In questa categoria di dati rientrano gli indirizzi IP o i nomi a dominio dei computer utilizzati dagli utenti che si connettono al sito, gli indirizzi delle risorse richieste, l&#8217;orario della richiesta, il metodo utilizzato nel sottoporre la richiesta al server, la dimensione del file ottenuto in risposta, il codice numerico indicante lo stato della risposta data dal server (buon fine, errore, ecc.) ed altri parametri relativi al sistema operativo e all&#8217;ambiente informatico dell\u2019utente.<\/p>\n\n\n\n<p class=\"has-medium-font-size\"><strong>4. CATEGORIE DI DESTINATARI DEI DATI PERSONALI<\/strong><\/p>\n\n\n\n<p class=\"has-medium-font-size\">I dati saranno trattati da dipendenti e\/o collaboratori dei Titolari, nominati incaricati autorizzati del trattamento e potranno essere comunicati a societ\u00e0 terze, all\u2019uopo nominate responsabili del trattamento, che forniscono servizi accessori e strumentali all\u2019attivit\u00e0 dei Titolari. In nessun caso i dati saranno oggetto di diffusione.<\/p>\n\n\n\n<p class=\"has-medium-font-size\"><strong>5. TRASFERIMENTO DI DATI PERSONALI ALL\u2019ESTERO<\/strong><\/p>\n\n\n\n<p class=\"has-medium-font-size\">La gestione e la conservazione dei dati personali avviene su server ubicati all\u2019interno dell\u2019Unione Europea di propriet\u00e0 e\/o nella disponibilit\u00e0 del Titolare e\/o di societ\u00e0 terze debitamente nominate quali responsabili del trattamento.<\/p>\n\n\n\n<p class=\"has-medium-font-size\"><strong>6. TEMPI DI CONSERVAZIONE DEI DATI<\/strong><\/p>\n\n\n\n<p class=\"has-medium-font-size\">I dati raccolti attraverso script e cookie verranno conservati per il periodo di tempo strettamente necessario per la finalit\u00e0 per le quali sono raccolti. Per maggiori informazioni si rimanda alle specifiche aree del sito e alla cookie policy, accessibile&nbsp;<a href=\"http:\/\/www.came.com\/it\/cookie-policy\" target=\"_blank\" rel=\"noreferrer noopener\">qui<\/a>.<\/p>\n\n\n\n<p class=\"has-medium-font-size\"><strong>7. NATURA DEL CONFERIMENTO DEI DATI E CONSEGUENZE DEL RIFIUTO DI RISPONDERE<\/strong><\/p>\n\n\n\n<p class=\"has-medium-font-size\">Il conferimento dei dati necessari alla corretta esecuzione dei servizi richiesti \u00e8 facoltativo ma costituisce condizione necessaria ed indispensabile per la fruizione dei servizi: un eventuale rifiuto di fornire i dati determina, quindi, l\u2019impossibilit\u00e0 di eseguire i servizi richiesti. Il consenso al trattamento per le ulteriori finalit\u00e0 indicate nelle specifiche informative \u00e8 facoltativo.<\/p>\n\n\n\n<p class=\"has-medium-font-size\"><strong>8. MODALIT\u00c0 DI TRATTAMENTO<\/strong><\/p>\n\n\n\n<p class=\"has-medium-font-size\">Il trattamento dei Dati per ciascuna delle finalit\u00e0 di cui sopra \u00e8 effettuato con modalit\u00e0 automatizzate o elettroniche idonee a garantire la sicurezza e la riservatezza secondo la c.d. data protection by default ossia l\u2019applicazione di misure atte a ridurre al minimo i rischi di diffusione di dati.<\/p>\n\n\n\n<p class=\"has-medium-font-size\"><strong>9. LIMITAZIONI SOGGETTIVE<\/strong><\/p>\n\n\n\n<p class=\"has-medium-font-size\">L\u2019iscrizione ai servizi del sito \u00e8 riservata a soggetti che hanno compiuto il sedicesimo anno di et\u00e0.<\/p>\n\n\n\n<p class=\"has-medium-font-size\"><strong>10. DIRITTI DELL\u2019INTERESSATO<\/strong><\/p>\n\n\n\n<p class=\"has-medium-font-size\">Lei potr\u00e0 richiedere di non ricevere pi\u00f9 la newsletter e comunque revocare ogni consenso prestato ed esercitare i diritti di accesso, rettifica, cancellazione (c.d. diritto all\u2019oblio), limitazione di trattamento, portabilit\u00e0 dei dati e opposizione riconosciuti agli art. 15 e ss. GDPR e il diritto di&nbsp;proporre reclamo all&#8217;autorit\u00e0 di controllo competente (art. 77 GDPR) in caso di trattamento illecito dei Dati o di adire le opportune sedi giudiziarie (art.79 GDPR). Il testo del GDPR&nbsp;\u00e8 integralmente consultabile al seguente indirizzo&nbsp;<a href=\"https:\/\/eur-lex.europa.eu\/legal-content\/IT\/TXT\/?uri=uriserv:OJ.L_.2016.119.01.0001.01.ITA\" target=\"_blank\" rel=\"noreferrer noopener\">https:\/\/eur-lex.europa.eu\/legal-content\/IT\/TXT\/?uri=uriserv:OJ.L_.2016.119.01.0001.01.ITA<\/a><\/p>\n\n\n\n<p class=\"has-medium-font-size\"><strong>11. MODALIT\u00c0 DI ESERCIZIO DEI DIRITTI<\/strong><\/p>\n\n\n\n<p class=\"has-medium-font-size\">Le richieste dovranno pervenire a:<\/p>\n\n\n\n<p class=\"has-medium-font-size\">&#8211; CAME S.p.A. ai seguenti indirizzo mail:&nbsp;<a href=\"mailto:cit.privacy@came.com\">privacy@came.com<\/a>, o al numero di fax 04224941 o a<br>&#8211; CAME Italia S.r.l. al seguente indirizzo mail&nbsp;<a href=\"mailto:cit.privacy@came.com\">cit.privacy@came.com<\/a>&nbsp;o al numero di fax 0422494276<\/p>\n\n\n\n<p class=\"has-medium-font-size\">I Titolari del trattamento avranno cura di tenere aggiornata la presente informativa.<\/p>\n<\/div>\n\n\n","protected":false},"excerpt":{"rendered":"<p>REV.01 &#8211; 02\/03\/2020 Privacy Policy L\u2019informativa del sito www.came.com\/it \u00e8 resa ai sensi dell\u2019art. 13 Reg. UE 2016\/679 (General Data Protection Regulation) e dell\u2019art. 13&nbsp;D.lgs n. 196\/2003 (Codice Privacy). 1. TITOLARI DEL TRATTAMENTO I Titolari del trattamento sono:&#8211; CAME S.p.A., C.F. \/ P. Iva 03481280265 &#8211; con sede in Via Martiri della Libert\u00e0, 15 31030 [&hellip;]<\/p>\n","protected":false},"author":1,"featured_media":0,"parent":0,"menu_order":0,"comment_status":"closed","ping_status":"closed","template":"","meta":{"elastic_search":"","powered_cache_disable_cache":false,"footnotes":""},"_links":{"self":[{"href":"https:\/\/www.came.com\/it\/wp-json\/wp\/v2\/pages\/546"}],"collection":[{"href":"https:\/\/www.came.com\/it\/wp-json\/wp\/v2\/pages"}],"about":[{"href":"https:\/\/www.came.com\/it\/wp-json\/wp\/v2\/types\/page"}],"author":[{"embeddable":true,"href":"https:\/\/www.came.com\/it\/wp-json\/wp\/v2\/users\/1"}],"replies":[{"embeddable":true,"href":"https:\/\/www.came.com\/it\/wp-json\/wp\/v2\/comments?post=546"}],"version-history":[{"count":3,"href":"https:\/\/www.came.com\/it\/wp-json\/wp\/v2\/pages\/546\/revisions"}],"predecessor-version":[{"id":14738,"href":"https:\/\/www.came.com\/it\/wp-json\/wp\/v2\/pages\/546\/revisions\/14738"}],"wp:attachment":[{"href":"https:\/\/www.came.com\/it\/wp-json\/wp\/v2\/media?parent=546"}],"curies":[{"name":"wp","href":"https:\/\/api.w.org\/{rel}","templated":true}]}}