{"id":14731,"date":"2025-03-17T12:02:11","date_gmt":"2025-03-17T11:02:11","guid":{"rendered":"https:\/\/www.came.com\/it\/?page_id=14731"},"modified":"2025-07-04T08:35:21","modified_gmt":"2025-07-04T06:35:21","slug":"panoramica-dei-sistemi-di-videocitofonia","status":"publish","type":"page","link":"https:\/\/www.came.com\/it\/panoramica-dei-sistemi-di-videocitofonia\/","title":{"rendered":"Panoramica dei sistemi di videocitofonia"},"content":{"rendered":"\n<div class=\"wp-block-group alignfull came-box-content-style-1 is-layout-flow wp-block-group-is-layout-flow\" style=\"padding-top:var(--wp--preset--spacing--70);padding-bottom:var(--wp--preset--spacing--70)\">\n<div class=\"wp-block-group alignwide is-layout-flow wp-block-group-is-layout-flow\">\n<h1 class=\"wp-block-heading\"><strong>Panoramica dei sistemi di videocitofonia<\/strong><\/h1>\n\n\n\n<p class=\"has-large-font-size\" style=\"margin-top:var(--wp--preset--spacing--80);margin-bottom:var(--wp--preset--spacing--80)\">CAME offre una gamma completa di sistemi di videocitofonia, ognuno progettato per soddisfare le esigenze di diversi ambienti, dai piccoli contesti residenziali ai grandi complessi commerciali. Ecco una panoramica dei sistemi di chiavi disponibili<strong>.<\/strong><\/p>\n<\/div>\n<\/div>\n\n\n\n<div class=\"wp-block-group alignfull has-white-background-color has-background is-layout-flow wp-block-group-is-layout-flow\">\n<div class=\"wp-block-group alignwide came-box-content-style-2 is-layout-flow wp-block-group-is-layout-flow\" style=\"padding-top:var(--wp--preset--spacing--70);padding-bottom:var(--wp--preset--spacing--70)\">\n<div class=\"wp-block-group came-box-title-and-image is-layout-flow wp-block-group-is-layout-flow\">\n<h2 class=\"wp-block-heading has-text-align-left title-with-line\"><strong>Sistema<\/strong> X<strong>1<\/strong><\/h2>\n\n\n\n<figure class=\"wp-block-image size-full is-resized\"><img decoding=\"async\" src=\"https:\/\/www.came.com\/global\/wp-content\/uploads\/2024\/10\/1729160315430-b0b4dea8-85a2-46b4-95d1-da1ebeb01804_1.jpg\" alt=\"\" class=\"wp-image-10438\" style=\"width:70px\"\/><\/figure>\n<\/div>\n\n\n\n<div class=\"wp-block-columns is-layout-flex wp-container-core-columns-is-layout-1 wp-block-columns-is-layout-flex\" style=\"margin-bottom:var(--wp--preset--spacing--70)\">\n<div class=\"wp-block-column is-layout-flow wp-block-column-is-layout-flow\">\n<figure class=\"wp-block-image size-full image-fit-cover\"><img decoding=\"async\" src=\"https:\/\/www.came.com\/global\/wp-content\/uploads\/2024\/12\/x1.jpg\" alt=\"\" class=\"wp-image-11667\"\/><\/figure>\n<\/div>\n\n\n\n<div class=\"wp-block-column is-layout-flow wp-block-column-is-layout-flow\">\n<p class=\"has-medium-font-size\">Il sistema X1 \u00e8 una soluzione di videocitofonia a due fili semplice ma potente, ideale per piccoli condomini o case unifamiliari. Caratteristiche principali:<\/p>\n\n\n\n<ul>\n<li class=\"has-medium-font-size\"><strong>\u00c8 possibile collegare fino a 108 utenti<\/strong> e <strong>3 targhe esterne<\/strong>.<\/li>\n\n\n\n<li class=\"has-medium-font-size\">Supporta fino a <strong>4 dispositivi mobili per appartamento<\/strong> per l&#8217;accesso remoto tramite l&#8217;app Access.<\/li>\n\n\n\n<li class=\"has-medium-font-size\">Installazione semplice con 2<strong> fili intrecciati non polarizzati<\/strong>.<\/li>\n\n\n\n<li class=\"has-medium-font-size\">Integrato con telecamere a circuito chiuso per migliorare la sicurezza.<\/li>\n\n\n\n<li class=\"has-medium-font-size\">Programmazione tramite PC o configurazione manuale con funzione di autoapprendimento. Configurazione tramite App CONNECT SetUp tramite CAME KEY disponibile per le targhe LHS.<\/li>\n<\/ul>\n\n\n\n<p class=\"has-medium-font-size\">Tutte i principali modelli di videocitofonia CAME sono disponibili nel sistema X1.<\/p>\n<\/div>\n<\/div>\n<\/div>\n\n\n\n<div class=\"wp-block-group alignwide came-box-content-style-2 is-layout-flow wp-block-group-is-layout-flow\" style=\"padding-top:var(--wp--preset--spacing--70);padding-bottom:var(--wp--preset--spacing--70)\">\n<div class=\"wp-block-group came-box-title-and-image is-layout-flow wp-block-group-is-layout-flow\">\n<h2 class=\"wp-block-heading has-text-align-left title-with-line\">Sistema X<strong><strong>IP<\/strong><\/strong><\/h2>\n\n\n\n<figure class=\"wp-block-image size-full is-resized\"><img decoding=\"async\" src=\"https:\/\/www.came.com\/global\/wp-content\/uploads\/2024\/10\/1729160316003-062b852f-1e51-4854-8a0f-f8a8c99495ab_1.jpg\" alt=\"\" class=\"wp-image-10440\" style=\"width:70px\"\/><\/figure>\n<\/div>\n\n\n\n<div class=\"wp-block-columns is-layout-flex wp-container-core-columns-is-layout-2 wp-block-columns-is-layout-flex\" style=\"margin-bottom:var(--wp--preset--spacing--70)\">\n<div class=\"wp-block-column is-layout-flow wp-block-column-is-layout-flow\">\n<p class=\"has-medium-font-size\">Il sistema XIP combina la flessibilit\u00e0 della tecnologia IP con la semplicit\u00e0 del sistema X1, rendendolo ideale per complessi residenziali su larga scala o configurazioni commerciali. Le caratteristiche principali includono:<\/p>\n\n\n\n<ul>\n<li class=\"has-medium-font-size\"><strong>Chiamate e targhe esterne<\/strong><\/li>\n\n\n\n<li class=\"has-medium-font-size\"><strong>illimitate<\/strong> con un massimo di <strong>50.000 codici di accesso.<\/strong><\/li>\n\n\n\n<li class=\"has-medium-font-size\">Cablaggio ibrido (sia Ethernet che sistemi a due fili).<\/li>\n\n\n\n<li class=\"has-medium-font-size\">Funzioni avanzate di controllo degli accessi, comprese le fasce orarie e le autorizzazioni.<\/li>\n\n\n\n<li class=\"has-medium-font-size\">Gestione remota delle chiamate tramite smartphone tramite l&#8217;app Access.<\/li>\n\n\n\n<li class=\"has-medium-font-size\">Servizi di portineria tramite l&#8217;applicazione Intercom View per PC.<\/li>\n<\/ul>\n\n\n\n<p class=\"has-medium-font-size\">Scopri <a href=\"https:\/\/www.came.com\/it\/configuratore-mtm\/\">qui <\/a>tutte le configurazioni XIP della serie di targhe esterne MTM .<\/p>\n<\/div>\n\n\n\n<div class=\"wp-block-column is-layout-flow wp-block-column-is-layout-flow\">\n<figure class=\"wp-block-image size-full image-fit-cover\"><img decoding=\"async\" src=\"https:\/\/www.came.com\/global\/wp-content\/uploads\/2024\/12\/xip.jpg\" alt=\"\" class=\"wp-image-11669\"\/><\/figure>\n<\/div>\n<\/div>\n<\/div>\n\n\n\n<div class=\"wp-block-group alignwide came-box-content-style-2 is-layout-flow wp-block-group-is-layout-flow\" style=\"padding-top:var(--wp--preset--spacing--70);padding-bottom:var(--wp--preset--spacing--70)\">\n<div class=\"wp-block-group came-box-title-and-image is-layout-flow wp-block-group-is-layout-flow\">\n<h2 class=\"wp-block-heading has-text-align-left title-with-line\"><strong>Sistema IP360<\/strong><\/h2>\n\n\n\n<figure class=\"wp-block-image size-full is-resized\"><img decoding=\"async\" src=\"https:\/\/www.came.com\/global\/wp-content\/uploads\/2024\/10\/1729160316334-5f36cb05-99c0-425e-8bb3-73a1b854f9b2_1.jpg\" alt=\"\" class=\"wp-image-10442\" style=\"width:70px\"\/><\/figure>\n<\/div>\n\n\n\n<div class=\"wp-block-columns is-layout-flex wp-container-core-columns-is-layout-3 wp-block-columns-is-layout-flex\" style=\"margin-bottom:var(--wp--preset--spacing--70)\">\n<div class=\"wp-block-column is-layout-flow wp-block-column-is-layout-flow\">\n<figure class=\"wp-block-image size-full image-fit-cover\"><img decoding=\"async\" src=\"https:\/\/www.came.com\/global\/wp-content\/uploads\/2024\/12\/ip360.jpg\" alt=\"\" class=\"wp-image-11665\"\/><\/figure>\n<\/div>\n\n\n\n<div class=\"wp-block-column is-layout-flow wp-block-column-is-layout-flow\">\n<p class=\"has-medium-font-size\">IP360 \u00e8 un sistema full IP progettato per installazioni su larga scala come complessi urbani o centri commerciali. Le caratteristiche principali includono:<\/p>\n\n\n\n<ul>\n<li class=\"has-medium-font-size\"><strong>Scalabile,<\/strong> per piccole soluzioni residenziali o grandi soluzioni multiserver.<\/li>\n\n\n\n<li class=\"has-medium-font-size\"><strong>Funzionamento serverless<\/strong> per un&#8217;installazione conveniente.<\/li>\n\n\n\n<li class=\"has-medium-font-size\">Integrazione con dispositivi VoIP di terze parti.<\/li>\n\n\n\n<li class=\"has-medium-font-size\">Funzionalit\u00e0 avanzate come l&#8217;inoltro di chiamata, il controllo degli accessi e l&#8217;integrazione con telecamere a circuito chiuso.<\/li>\n\n\n\n<li class=\"has-medium-font-size\">Supporta <strong>distanze e chiamate illimitate<\/strong> con funzionalit\u00e0 di gestione remota complete tramite smartphone o tablet utilizzando l&#8217;app Access.<\/li>\n\n\n\n<li class=\"has-medium-font-size\">Servizi di portineria tramite l&#8217;applicazione Intercom View per PC.<\/li>\n<\/ul>\n\n\n\n<p class=\"has-medium-font-size\">Scopri la\u00a0 serie <a href=\"https:\/\/www.came.com\/it\/xvp-landing\/\">XVP <\/a>e tutti i ricevitori IP360 come <a href=\"https:\/\/www.came.com\/it\/plx\/\">PLX <\/a>e <a href=\"https:\/\/www.came.com\/it\/xts\/\">XTS<\/a>.<\/p>\n<\/div>\n<\/div>\n<\/div>\n\n\n\n<div class=\"wp-block-group alignwide came-box-content-style-2 is-layout-flow wp-block-group-is-layout-flow\" style=\"padding-top:var(--wp--preset--spacing--70);padding-bottom:var(--wp--preset--spacing--70)\">\n<div class=\"wp-block-group came-box-title-and-image is-layout-flow wp-block-group-is-layout-flow\">\n<h2 class=\"wp-block-heading has-text-align-left title-with-line\">Sistema <strong>4G<\/strong><\/h2>\n\n\n\n<figure class=\"wp-block-image size-full is-resized\"><img decoding=\"async\" src=\"https:\/\/www.came.com\/global\/wp-content\/uploads\/2024\/10\/1729160316187-fdd345c1-e6fe-49f9-9072-9a1d7e8e4511_1.jpg\" alt=\"\" class=\"wp-image-10444\" style=\"width:70px\"\/><\/figure>\n<\/div>\n\n\n\n<div class=\"wp-block-columns is-layout-flex wp-container-core-columns-is-layout-4 wp-block-columns-is-layout-flex\" style=\"margin-bottom:var(--wp--preset--spacing--70)\">\n<div class=\"wp-block-column is-layout-flow wp-block-column-is-layout-flow\">\n<p class=\"has-medium-font-size\">La soluzione 4G \u00e8 progettata per ambienti in cui il cablaggio tradizionale non \u00e8 possibile. Utilizza la rete mobile 4G per il suo funzionamento. Caratteristiche principali:<\/p>\n\n\n\n<ul>\n<li class=\"has-medium-font-size\">Adatta per <strong>lunghe distanze<\/strong> tra la targa e l&#8217;edificio.<\/li>\n\n\n\n<li class=\"has-medium-font-size\">Supporta fino a <strong>3.000 chiamate<\/strong> con <strong>2 punti di accesso e 2 automazioni CAME.<\/strong><\/li>\n\n\n\n<li class=\"has-medium-font-size\">Apertura della porta tramite una semplice telefonata (&#8220;dial-to-open&#8221;).<\/li>\n\n\n\n<li class=\"has-medium-font-size\">Gestione dei comandi tramite toni DTMF o l&#8217;App CAME AUTOMATION.<\/li>\n\n\n\n<li class=\"has-medium-font-size\">Programmazione tramite App CONNECT SetUp o CAME CONNECT WebApp.<\/li>\n<\/ul>\n\n\n\n<p class=\"has-medium-font-size\">Scopri le funzionalit\u00e0 di <a href=\"https:\/\/www.came.com\/it\/prodotti\/videocitofonia-targhe-esterne-mtm-audio-connect\/\">MTM AUDIO CONNECT<\/a>.<\/p>\n<\/div>\n\n\n\n<div class=\"wp-block-column is-layout-flow wp-block-column-is-layout-flow\">\n<figure class=\"wp-block-image size-full image-fit-cover\"><img decoding=\"async\" src=\"https:\/\/www.came.com\/global\/wp-content\/uploads\/2024\/12\/4g.jpg\" alt=\"\" class=\"wp-image-11661\"\/><\/figure>\n<\/div>\n<\/div>\n<\/div>\n\n\n\n<div class=\"wp-block-group alignwide came-box-content-style-2 is-layout-flow wp-block-group-is-layout-flow\" style=\"padding-top:var(--wp--preset--spacing--70);padding-bottom:var(--wp--preset--spacing--70)\">\n<div class=\"wp-block-group came-box-title-and-image is-layout-flow wp-block-group-is-layout-flow\">\n<h2 class=\"wp-block-heading has-text-align-left title-with-line\">Sistema <strong><strong>200<\/strong><\/strong><\/h2>\n\n\n\n<figure class=\"wp-block-image size-full is-resized\"><img decoding=\"async\" src=\"https:\/\/www.came.com\/global\/wp-content\/uploads\/2024\/10\/1729160315461-7ef9001a-3882-404a-aa79-86caa7c1ad68_1.jpg\" alt=\"\" class=\"wp-image-10434\" style=\"width:70px\"\/><\/figure>\n<\/div>\n\n\n\n<div class=\"wp-block-columns is-layout-flex wp-container-core-columns-is-layout-5 wp-block-columns-is-layout-flex\" style=\"margin-bottom:var(--wp--preset--spacing--70)\">\n<div class=\"wp-block-column is-layout-flow wp-block-column-is-layout-flow\">\n<figure class=\"wp-block-image size-full image-fit-cover\"><img decoding=\"async\" src=\"https:\/\/www.came.com\/global\/wp-content\/uploads\/2024\/12\/200.jpg\" alt=\"\" class=\"wp-image-11663\"\/><\/figure>\n<\/div>\n\n\n\n<div class=\"wp-block-column is-layout-flow wp-block-column-is-layout-flow\">\n<p class=\"has-medium-font-size\">Il sistema 200 \u00e8 una soluzione solo audio progettata per installazioni in cui il budget \u00e8 una priorit\u00e0. Utilizza la tecnologia multifilo e offre funzioni di interfono di base. Caratteristiche principali:<\/p>\n\n\n\n<ul>\n<li class=\"has-medium-font-size\"><strong>Funzione interfono<\/strong> con un massimo di 6 chiamate interne.<\/li>\n\n\n\n<li class=\"has-medium-font-size\"><strong>Fino a 250 metri<\/strong> di distanza tra le targhe e i ricevitori interni.<\/li>\n\n\n\n<li class=\"has-medium-font-size\">Installazione semplice con <strong>3 conduttori<\/strong> e uno dedicato ad ogni chiamata.<\/li>\n<\/ul>\n\n\n\n<p class=\"has-medium-font-size\">Scopri la serie <a href=\"https:\/\/www.came.com\/it\/prodotti\/videocitofonia-ricevitori-interni-agt-audio\/\">AGT Audio<\/a>.<\/p>\n<\/div>\n<\/div>\n<\/div>\n<\/div>\n\n\n\n<div class=\"wp-block-group alignfull came-box-downloads has-came-cyan-background-color has-background is-layout-flow wp-block-group-is-layout-flow\" style=\"padding-top:var(--wp--preset--spacing--80);padding-bottom:var(--wp--preset--spacing--80)\">\n<div class=\"wp-block-group is-layout-flow wp-block-group-is-layout-flow\" style=\"padding-bottom:var(--wp--preset--spacing--70)\">\n<h2 class=\"wp-block-heading has-text-align-center has-white-color has-text-color has-link-color has-came-font-font-family has-medium-font-size wp-elements-e4696c9c3f0d58458d49310912849d9a\"><strong>SCARICA LA BROCHURE DEI SISTEMI<\/strong><\/h2>\n<\/div>\n\n\n\n<div class=\"wp-block-group alignwide came-box-downloads-container is-layout-flow wp-block-group-is-layout-flow\">\n<div class=\"wp-block-group came-download-item has-white-background-color has-background is-layout-flow wp-block-group-is-layout-flow\">\n<p><a href=\"https:\/\/came-cdn.thron.com\/delivery\/public\/document\/came\/f7ebafba-6190-4edb-b682-11130baf5e7b\/nhjiwd\/WEB\/video-entry-systems-guide-it-\">SCARICA<br>LA<br>DOCUMENTAZIONE TECNICA<\/a><\/p>\n<\/div>\n<\/div>\n<\/div>\n","protected":false},"excerpt":{"rendered":"<p>Panoramica dei sistemi di videocitofonia CAME offre una gamma completa di sistemi di videocitofonia, ognuno progettato per soddisfare le esigenze di diversi ambienti, dai piccoli contesti residenziali ai grandi complessi commerciali. Ecco una panoramica dei sistemi di chiavi disponibili. Sistema X1 Il sistema X1 \u00e8 una soluzione di videocitofonia a due fili semplice ma potente, [&hellip;]<\/p>\n","protected":false},"author":6,"featured_media":0,"parent":0,"menu_order":0,"comment_status":"closed","ping_status":"closed","template":"page_template-without-title.php","meta":{"elastic_search":"","powered_cache_disable_cache":false,"footnotes":""},"_links":{"self":[{"href":"https:\/\/www.came.com\/it\/wp-json\/wp\/v2\/pages\/14731"}],"collection":[{"href":"https:\/\/www.came.com\/it\/wp-json\/wp\/v2\/pages"}],"about":[{"href":"https:\/\/www.came.com\/it\/wp-json\/wp\/v2\/types\/page"}],"author":[{"embeddable":true,"href":"https:\/\/www.came.com\/it\/wp-json\/wp\/v2\/users\/6"}],"replies":[{"embeddable":true,"href":"https:\/\/www.came.com\/it\/wp-json\/wp\/v2\/comments?post=14731"}],"version-history":[{"count":4,"href":"https:\/\/www.came.com\/it\/wp-json\/wp\/v2\/pages\/14731\/revisions"}],"predecessor-version":[{"id":14735,"href":"https:\/\/www.came.com\/it\/wp-json\/wp\/v2\/pages\/14731\/revisions\/14735"}],"wp:attachment":[{"href":"https:\/\/www.came.com\/it\/wp-json\/wp\/v2\/media?parent=14731"}],"curies":[{"name":"wp","href":"https:\/\/api.w.org\/{rel}","templated":true}]}}