{"id":14637,"date":"2025-03-10T09:58:54","date_gmt":"2025-03-10T08:58:54","guid":{"rendered":"https:\/\/www.came.com\/it\/?page_id=14637"},"modified":"2025-07-04T08:47:21","modified_gmt":"2025-07-04T06:47:21","slug":"vision-mission","status":"publish","type":"page","link":"https:\/\/www.came.com\/it\/vision-mission\/","title":{"rendered":"vision-mission"},"content":{"rendered":"\n<div class=\"wp-block-group alignfull is-layout-flow wp-block-group-is-layout-flow\">\n<link rel=\"stylesheet\" type=\"text\/css\"\n    href=\"https:\/\/www.came.com\/global\/sites\/default\/files\/vision-mission-values-landing\/css\/fullpage.min.css\" \/>\n<link rel=\"stylesheet\" type=\"text\/css\"\n    href=\"https:\/\/www.came.com\/global\/sites\/default\/files\/vision-mission-values-landing\/css\/custom.css\" \/>\n<style>\n    .section {\n        margin: 0;\n        padding: 0;\n    }\n\n    .main-header {\n        position: absolute;\n        width: 100vw;\n        background: transparent;\n        border: none;\n        z-index: 9;\n        transition: opacity 0.3s ease-in-out;\n    }\n\n    .main-header.hidden-header {\n        opacity: 0;\n        z-index: -1;\n    }\n\n    .main-header>.top {\n        display: none;\n    }\n\n    .main-header>.bottom {\n        margin: 0;\n        background: #fff;\n    }\n\n    #fp-nav.fp-left {\n        position: absolute;\n        bottom: 2.5vh;\n    }\n\n    #fp-nav ul {\n        position: absolute;\n        bottom: 0;\n    }\n\n    #fp-nav ul li a span,\n    .fp-slidesNav ul li a span {\n        background: #009fe3;\n        border: 0.5px solid white;\n    }\n\n    #fp-nav.fp-left {\n        left: 0;\n    }\n\n    @media only screen and (orientation: landscape) and (min-width: 992px) {\n        #fp-nav.fp-left {\n            left: 17px;\n        }\n    }\n\n    @media screen and (orientation: landscape) {\n        #section-0 .slide#slide-0 .container {\n            display: flex;\n            align-items: center;\n            justify-content: flex-start;\n        }\n    }\n\n    #section-0 .slide#slide-0 .container .box-titolo.active {\n        animation: fade 2s ease-in-out 1s;\n        animation-fill-mode: both;\n    }\n\n    @media screen and (orientation: landscape) {\n        #section-0 .slide#slide-0 .container .box-titolo {\n            width: 35%;\n        }\n    }\n\n    #section-0 .slide#slide-0 .container .box-titolo {\n        position: relative;\n        opacity: 0;\n    }\n\n    #section-0 .slide#slide-0 .container .text {\n        color: #fff;\n        line-height: 2.6rem;\n    }\n\n    #section-0 .slide#slide-0 .bg.active {\n        animation: fade 2s ease-in-out;\n        animation-fill-mode: both;\n    }\n\n    #section-0 .slide#slide-0 .bg {\n        position: absolute;\n        left: 0;\n        right: 0;\n        top: 0;\n        bottom: 0;\n        z-index: 0;\n        background-image: url(https:\/\/www.came.com\/global\/sites\/default\/files\/vision-mission-values-landing\/img\/first-slide-desktop.jpg);\n        background-position: center;\n        background-repeat: no-repeat;\n        background-size: cover;\n        opacity: 0;\n    }\n\n    @media only screen and (max-width: 991px) {\n        #section-0 .slide#slide-0 .bg {\n            background-image: url(https:\/\/www.came.com\/global\/sites\/default\/files\/vision-mission-values-landing\/img\/first-slide-mobile-mob.jpg);\n        }\n\n        #section-0 .slide#slide-0 .container {\n            justify-content: flex-end;\n            display: flex;\n            align-items: flex-end;\n            padding: 3rem;\n            padding-bottom: 16rem;\n        }\n    }\n\n    @media only screen and (orientation: portrait) {\n        #section-0 .slide#slide-0 .bg {\n            background-image: url(https:\/\/www.came.com\/global\/sites\/default\/files\/vision-mission-values-landing\/img\/first-slide-mobile-mob.jpg);\n        }\n    }\n\n    @media only screen and (orientation: landscape) and (max-width: 846px) {\n        #section-0 .slide#slide-0 .bg {\n            background-image: url(https:\/\/www.came.com\/global\/sites\/default\/files\/vision-mission-values-landing\/img\/first-slide-mobile-mob.jpg);\n        }\n    }\n    .h1{\n        display: block;\n    }\n<\/style>\n<!--SVG-->\n<svg id=\"came-symbols\" aria-hidden=\"true\" version=\"1.1\" xmlns=\"http:\/\/www.w3.org\/2000\/svg\"\n    xmlns:xlink=\"http:\/\/www.w3.org\/1999\/xlink\">\n    <defs>\n        <!--ICONE-->\n        <symbol id=\"came-value-home\" viewBox=\"0 0 100 100\">\n            <polygon\n                points=\"49.7,6 5.9,56.5 20.1,56.5 20.1,94 42.7,94 42.7,64.9 57.3,64.9 57.3,94 79.3,94 79.3,56.5 94.1,56.5\" \/>\n        <\/symbol>\n        <symbol id=\"came-value-lamp\" viewBox=\"0 0 100 100\">\n            <polygon\n                points=\"53.7,74 53.7,67.5 54.5,66.6 63.7,57.5 63.7,46.2 55.7,38.2 50,38.2 44.3,38.2 36.3,46.2 36.3,57.5 44.5,65.6 46.3,67.5 46.3,74.7 46.3,96.2 31.5,96.2 31.5,73.6 21.5,63.6 21.5,40.1 38.2,23.4 50,23.4 61.8,23.4 78.5,40.1 78.5,63.6 68.5,73.6 68.5,96.2 53.7,96.2\" \/>\n            <rect x=\"46.2\" y=\"3.8\" width=\"7.4\" height=\"15\" \/>\n            <rect x=\"1.9\" y=\"48.2\" width=\"14.8\" height=\"7.4\" \/>\n            <rect x=\"83.1\" y=\"48.1\" width=\"15\" height=\"7.4\" \/>\n            <rect x=\"71.2\" y=\"19.5\" transform=\"matrix(0.7071 -0.7071 0.7071 0.7071 6.6354 62.4192)\" width=\"15\"\n                height=\"7.4\" \/>\n            <rect x=\"13.6\" y=\"19.4\" transform=\"matrix(-0.7071 -0.7071 0.7071 -0.7071 19.6974 54.2961)\" width=\"15\"\n                height=\"7.4\" \/>\n        <\/symbol>\n        <symbol id=\"came-value-heart\" viewBox=\"0 0 100 100\">\n            <path\n                d=\"M50,27.9L68.6,9.3L100,40.7l-50,50l-50-50L31.4,9.3L50,27.9z M60.5,38.4L50,27.9L39.5,38.4l-8.1-8.1L20.9,40.7\tL50,69.8l29.1-29.1L68.6,30.2L60.5,38.4z\" \/>\n        <\/symbol>\n        <symbol id=\"came-value-smile\" viewBox=\"0 0 100 100\">\n            <path\n                d=\"M61.1,24.8c0-4.1,3.3-7.4,7.4-7.4c4.1,0,7.4,3.3,7.4,7.4c0,4.1-3.3,7.4-7.4,7.4C64.4,32.2,61.1,28.9,61.1,24.8\" \/>\n            <path\n                d=\"M24.1,24.8c0-4.1,3.3-7.4,7.4-7.4c4.1,0,7.4,3.3,7.4,7.4c0,4.1-3.3,7.4-7.4,7.4C27.4,32.2,24.1,28.9,24.1,24.8\" \/>\n            <polygon points=\"79,53.6 50,82.6 21,53.6 31.5,43.2 50,61.7 68.5,43.2\" \/>\n        <\/symbol>\n        <symbol id=\"came-value-check\" viewBox=\"0 0 100 100\">\n            <polygon points=\"6.7,49.2 17.2,38.7 41,62 82.8,17.1 93.3,27.6 41,82.9\" \/>\n        <\/symbol>\n    <\/defs>\n<\/svg>\n<!--\/SVG-->\n<div id=\"fullpage\">\n    <!--SECTION 0-->\n    <div class=\"section\" id=\"section-0\">\n        <!--slide 0-->\n        <div class=\"slide\" id=\"slide-0\">\n            <div class=\"bg\"><\/div>\n            <div class=\"container container-fluid\">\n                <div class=\"box-titolo active\">\n                    <p class=\"text\">Siamo da sempre innovatori ed \u00e8 proprio l\u2019innovazione tecnologica delle nostre\n                        soluzioni a renderci un punto di riferimento per automazioni, smart home, controllo e sicurezza\n                        degli accessi e sistemi di parcheggio. Ma CAME \u00e8 qualcosa che va oltre la tecnologia, perch\u00e9\n                        ogni giorno pone attenzione a ci\u00f2 che pi\u00f9 conta: rendere la vita delle persone pi\u00f9 semplice,\n                        sicura e confortevole.<\/p>\n                <\/div>\n            <\/div>\n        <\/div>\n    <\/div>\n    <!--SECTION 0-->\n    <!--SECTION 01-->\n    <div class=\"section\" id=\"section-01\">\n        <!--slide 01-->\n        <div class=\"slide\" id=\"slide-01\">\n            <div class=\"bg\"><\/div>\n            <div class=\"overlay-color\">\n                <span class=\"overlay-title\">VIS<br>ION<\/span>\n            <\/div>\n            <div class=\"overlay-video\">\n                <video playsinline\n                    poster=\"https:\/\/www.came.com\/global\/sites\/default\/files\/vision-mission-values-landing\/img\/came-vision-clip.jpg\"\n                    id=\"video-vision\">\n                    <source\n                        data-src=\"https:\/\/www.came.com\/global\/sites\/default\/files\/vision-mission-values-landing\/video\/came-vision-clip.webm\"\n                        type=\"video\/webm\" \/>\n                    <source\n                        data-src=\"https:\/\/www.came.com\/global\/sites\/default\/files\/vision-mission-values-landing\/video\/came-vision-clip.mp4\"\n                        type=\"video\/mp4\" \/>\n                <\/video>\n            <\/div>\n            <div class=\"container container-fluid\">\n                <div class=\"box-titolo\">\n                    <span class=\"h1\">VISION<\/span>\n                    <span class=\"btn btn-bold\" id=\"open-01\">SCOPRI LA VISION&nbsp;&gt;<\/span>\n                    <p class=\"text\" id=\"text-01\">Crediamo in un mondo<br> dove l&#8217;innovazione<br> tecnologica\n                        sostenibile<br> renda la vita delle persone<br> pi&ugrave; semplice, sicura<br> e confortevole\n                    <\/p>\n                <\/div>\n            <\/div>\n        <\/div>\n    <\/div>\n    <!--SECTION 02-->\n    <div class=\"section\" id=\"section-02\">\n        <!--slide 02-->\n        <div class=\"slide\" id=\"slide-02\">\n            <div class=\"bg\"><\/div>\n            <div class=\"overlay-color\">\n                <span class=\"overlay-title\">MIS<br>SION<\/span>\n            <\/div>\n            <div class=\"overlay-video\">\n                <video playsinline\n                    poster=\"https:\/\/www.came.com\/global\/sites\/default\/files\/vision-mission-values-landing\/img\/came-mission-clip.jpg\"\n                    id=\"video-mission\">\n                    <source\n                        data-src=\"https:\/\/www.came.com\/global\/sites\/default\/files\/vision-mission-values-landing\/video\/came-mission-clip.webm\"\n                        type=\"video\/webm\" \/>\n                    <source\n                        data-src=\"https:\/\/www.came.com\/global\/sites\/default\/files\/vision-mission-values-landing\/video\/came-mission-clip.mp4\"\n                        type=\"video\/mp4\" \/>\n                <\/video>\n            <\/div>\n            <div class=\"container container-fluid\">\n                <div class=\"box-titolo\">\n                    <span class=\"h1\">MISSION<\/span>\n                    <span class=\"btn btn-bold\" id=\"open-02\">SCOPRI LA MISSION&nbsp;&gt;<\/span>\n                    <p class=\"text\" id=\"text-02\">Creare un&#8217;offerta globale<br> di soluzioni e prodotti tecnologici<br>\n                        di alta qualit&agrave; per automazioni,<br> smart home, controllo e sicurezza<br> degli accessi\n                        in grado di migliorare<br> la vita dei nostri clienti<br> e il lavoro dei nostri partner<\/p>\n                <\/div>\n            <\/div>\n        <\/div>\n    <\/div>\n    <!--SECTION 03-->\n    <div class=\"section\" id=\"section-03\">\n        <!--slide 03-->\n        <div class=\"slide\" id=\"slide-03\">\n            <div class=\"container container-fluid\">\n                <div class=\"box-titolo\">\n                    <span class=\"h1\">CORE<br>VALUES<\/span>\n                <\/div>\n                <div class=\"box-bottoni\">\n                    <div class=\"bottone\" data-value=\"01\">\n                        <span>Iniziare<br> dal cliente<\/span>\n                        <svg class=\"came-value-icon\">\n                            <use xlink:href=\"#came-value-home\"><\/use>\n                        <\/svg>\n                    <\/div>\n                    <div class=\"bottone\" data-value=\"02\">\n                        <span>Perseguire<br> l&#8217;innovazione<\/span>\n                        <svg class=\"came-value-icon\">\n                            <use xlink:href=\"#came-value-lamp\"><\/use>\n                        <\/svg>\n                    <\/div>\n                    <div class=\"bottone\" data-value=\"03\">\n                        <span>Lavorare<br> come una<br> squadra<\/span>\n                        <svg class=\"came-value-icon\">\n                            <use xlink:href=\"#came-value-heart\"><\/use>\n                        <\/svg>\n                    <\/div>\n                    <div class=\"bottone\" data-value=\"04\">\n                        <span>Fare<br> la cosa<br> giusta<\/span>\n                        <svg class=\"came-value-icon\">\n                            <use xlink:href=\"#came-value-smile\"><\/use>\n                        <\/svg>\n                    <\/div>\n                    <div class=\"bottone\" data-value=\"05\">\n                        <span>Ottenere<br> grandi<br> risultati<\/span>\n                        <svg class=\"came-value-icon\">\n                            <use xlink:href=\"#came-value-check\"><\/use>\n                        <\/svg>\n                    <\/div>\n                <\/div>\n            <\/div>\n        <\/div>\n    <\/div>\n    <!--SECTION 04-->\n    <div class=\"section\" id=\"section-04\">\n        <!--slide 04-->\n        <div class=\"slide\" id=\"slide-04\">\n            <div class=\"value-bg value-bg-01\"><\/div>\n            <div class=\"value-bg value-bg-02\"><\/div>\n            <div class=\"value-bg value-bg-03\"><\/div>\n            <div class=\"value-bg value-bg-04\"><\/div>\n            <div class=\"value-bg value-bg-05\"><\/div>\n            <div class=\"overlay-color\"><\/div>\n            <div class=\"box-bottoni\">\n                <div class=\"box-bottoni-hover\"><\/div>\n                <div class=\"bottone\" data-value=\"01\">\n                    <span>Iniziare<br> dal cliente<\/span>\n                    <svg class=\"came-value-icon\">\n                        <use xlink:href=\"#came-value-home\"><\/use>\n                    <\/svg>\n                <\/div>\n                <div class=\"bottone\" data-value=\"02\">\n                    <span>Perseguire<br> l&#8217;innovazione<\/span>\n                    <svg class=\"came-value-icon\">\n                        <use xlink:href=\"#came-value-lamp\"><\/use>\n                    <\/svg>\n                <\/div>\n                <div class=\"bottone\" data-value=\"03\">\n                    <span>Lavorare come<br> una squadra<\/span>\n                    <svg class=\"came-value-icon\">\n                        <use xlink:href=\"#came-value-heart\"><\/use>\n                    <\/svg>\n                <\/div>\n                <div class=\"bottone\" data-value=\"04\">\n                    <span>Fare la<br> cosa giusta<\/span>\n                    <svg class=\"came-value-icon\">\n                        <use xlink:href=\"#came-value-smile\"><\/use>\n                    <\/svg>\n                <\/div>\n                <div class=\"bottone\" data-value=\"05\">\n                    <span>Ottenere grandi<br> risultati<\/span>\n                    <svg class=\"came-value-icon\">\n                        <use xlink:href=\"#came-value-check\"><\/use>\n                    <\/svg>\n                <\/div>\n            <\/div>\n            <div class=\"container container-fluid\">\n                <div class=\"value-txt value-txt-01\">\n                    <h2> Pensiamo che il cliente<br> sia la nostra priorit&agrave; <\/h2>\n                    <p> Il nostro successo &egrave; costruito<br> sull&#8217;offerta di <span>prodotti<br> e soluzioni di alta\n                            qualit&agrave;<\/span><br> oltre le aspettative <\/p>\n                <\/div>\n                <div class=\"value-txt value-txt-02\">\n                    <h2> Promuoviamo la curiosit&agrave;<br> e le nuove idee <\/h2>\n                    <p> La nostra ricerca<br> dell&#8217;<span>eccellenza<\/span> e il coraggio<br> di guidare il\n                        <span>cambiamento<\/span><br> ci consentono di restare<br>\n                        <span>sempre al vertice<\/span>\n                    <\/p>\n                <\/div>\n                <div class=\"value-txt value-txt-03\">\n                    <h2> Condividiamo vera passione<br> e perseveranza <\/h2>\n                    <p> Il nostro rapporto si fonda<br> sull&#8217;<span>autentico rispetto<br> reciproco<\/span>, sulla\n                        condivisione<br> di <span>diverse<\/span> esperienze,<br> competenze e opinioni <\/p>\n                <\/div>\n                <div class=\"value-txt value-txt-04\">\n                    <h2> Crediamo che l&#8217;integrit&agrave;<br> generi fiducia e credibilit&agrave; <\/h2>\n                    <p> Le nostre scelte sono guidate<br> da <span>etica<\/span> e responsabilit&agrave;,<br> consapevoli\n                        che ci sia sempre<br> una <span>via sostenibile<\/span><br> per raggiungere i nostri obiettivi\n                    <\/p>\n                <\/div>\n                <div class=\"value-txt value-txt-05\">\n                    <h2> Puntiamo a raggiungere<br> traguardi sempre pi&ugrave; sfidanti <\/h2>\n                    <p> La nostra ambizione ci spinge<br> a <span>migliorare ogni giorno<\/span><br> e a <span>superare\n                            gli ostacoli<\/span><br> lungo il percorso <\/p>\n                <\/div>\n            <\/div>\n        <\/div>\n    <\/div>\n<\/div>\n<div id=\"landscape-alert\" style=\"display:none;\"><\/div>\n<script type=\"text\/javascript\"\n    src=\"https:\/\/www.came.com\/global\/sites\/default\/files\/vision-mission-values-landing\/js\/scrolloverflow.min.js\"><\/script>\n<script type=\"text\/javascript\"\n    src=\"https:\/\/www.came.com\/global\/sites\/default\/files\/vision-mission-values-landing\/js\/fullpage.min.js\"\n    defer><\/script>\n<script type=\"text\/javascript\"\n    src=\"https:\/\/www.came.com\/global\/sites\/default\/files\/vision-mission-values-landing\/js\/custom.js?v=1\" defer><\/script>\n\n\n\n<script src=\"https:\/\/code.jquery.com\/jquery-3.7.1.min.js\" integrity=\"sha256-\/JqT3SQfawRcv\/BIHPThkBvs0OEvtFFmqPF\/lYI\/Cxo=\" crossorigin=\"anonymous\"><\/script>\n\n<script type=\"text\/javascript\" src=\"https:\/\/www.came.com\/global\/sites\/default\/files\/acs01_landing\/js\/scrolloverflow.min.js\"><\/script>\n<script type=\"text\/javascript\" src=\"https:\/\/www.came.com\/global\/sites\/default\/files\/acs01_landing\/js\/fullpage.min.js\" defer><\/script>\n<script type=\"text\/javascript\" src=\"https:\/\/www.came.com\/global\/sites\/default\/files\/acs01_landing\/js\/custom.js\" defer><\/script>\n<\/div>\n","protected":false},"excerpt":{"rendered":"<p>Siamo da sempre innovatori ed \u00e8 proprio l\u2019innovazione tecnologica delle nostre soluzioni a renderci un punto di riferimento per automazioni, smart home, controllo e sicurezza degli accessi e sistemi di parcheggio. Ma CAME \u00e8 qualcosa che va oltre la tecnologia, perch\u00e9 ogni giorno pone attenzione a ci\u00f2 che pi\u00f9 conta: rendere la vita delle persone [&hellip;]<\/p>\n","protected":false},"author":5,"featured_media":0,"parent":0,"menu_order":0,"comment_status":"closed","ping_status":"closed","template":"page_template-without-title.php","meta":{"elastic_search":"","powered_cache_disable_cache":false,"footnotes":""},"_links":{"self":[{"href":"https:\/\/www.came.com\/it\/wp-json\/wp\/v2\/pages\/14637"}],"collection":[{"href":"https:\/\/www.came.com\/it\/wp-json\/wp\/v2\/pages"}],"about":[{"href":"https:\/\/www.came.com\/it\/wp-json\/wp\/v2\/types\/page"}],"author":[{"embeddable":true,"href":"https:\/\/www.came.com\/it\/wp-json\/wp\/v2\/users\/5"}],"replies":[{"embeddable":true,"href":"https:\/\/www.came.com\/it\/wp-json\/wp\/v2\/comments?post=14637"}],"version-history":[{"count":1,"href":"https:\/\/www.came.com\/it\/wp-json\/wp\/v2\/pages\/14637\/revisions"}],"predecessor-version":[{"id":14638,"href":"https:\/\/www.came.com\/it\/wp-json\/wp\/v2\/pages\/14637\/revisions\/14638"}],"wp:attachment":[{"href":"https:\/\/www.came.com\/it\/wp-json\/wp\/v2\/media?parent=14637"}],"curies":[{"name":"wp","href":"https:\/\/api.w.org\/{rel}","templated":true}]}}