{"id":12580,"date":"2025-02-10T14:17:52","date_gmt":"2025-02-10T13:17:52","guid":{"rendered":"https:\/\/www.came.com\/it\/?page_id=12580"},"modified":"2025-07-04T08:41:20","modified_gmt":"2025-07-04T06:41:20","slug":"protocollo-matter","status":"publish","type":"page","link":"https:\/\/www.came.com\/it\/protocollo-matter\/","title":{"rendered":"Protocollo Matter"},"content":{"rendered":"\n<div class=\"wp-block-cover alignfull\"><span aria-hidden=\"true\" class=\"wp-block-cover__background has-dark-grey-background-color has-background-dim\"><\/span><img decoding=\"async\" class=\"wp-block-cover__image-background wp-image-10983\" alt=\"CAME matter protocol\" src=\"https:\/\/www.came.com\/global\/wp-content\/uploads\/2024\/11\/main_matter_3038x1076-scaled.jpg\" data-object-fit=\"cover\"\/><div class=\"wp-block-cover__inner-container is-layout-flow wp-block-cover-is-layout-flow\">\n<div class=\"wp-block-group has-global-padding is-layout-constrained wp-block-group-is-layout-constrained\">\n<h4 class=\"wp-block-heading has-text-align-center has-white-color has-text-color has-link-color has-came-font-font-family wp-elements-ff2becddf9842f3eb4c1e780bcabf242\"><strong>Protocollo Matter<\/strong><\/h4>\n\n\n\n<h1 class=\"wp-block-heading has-text-align-center has-white-color has-text-color has-link-color wp-elements-a5311269004769bdc496536e835399fe\" style=\"font-style:normal;font-weight:400\"><strong><strong>Il futuro della connettivit\u00e0 per la smart home<\/strong><\/strong><\/h1>\n<\/div>\n<\/div><\/div>\n\n\n\n<div class=\"wp-block-group alignwide came-box-content-style-2 is-layout-flow wp-block-group-is-layout-flow\" style=\"padding-top:var(--wp--preset--spacing--70);padding-bottom:var(--wp--preset--spacing--70)\">\n<h2 class=\"wp-block-heading title-with-line has-dark-grey-color has-text-color has-link-color wp-elements-4ca5842def6b5cbdb36bf35f7ae7badd\"><strong>Matter Protocol: il futuro della connettivit\u00e0 per la casa intelligente<\/strong><\/h2>\n\n\n\n<div class=\"wp-block-columns is-layout-flex wp-container-core-columns-is-layout-1 wp-block-columns-is-layout-flex\" style=\"margin-bottom:var(--wp--preset--spacing--70)\">\n<div class=\"wp-block-column is-layout-flow wp-block-column-is-layout-flow\">\n<p class=\"has-medium-font-size\">Il protocollo Matter \u00e8 uno standard di connettivit\u00e0 open source all&#8217;avanguardia, progettato per rivoluzionare il modo in cui i dispositivi per la casa intelligente comunicano tra loro. Grazie a Matter, la tua casa diventa pi\u00f9 efficiente, integrata e sicura. Sostenuto da giganti tecnologici come Apple, Google, Amazon e dalla Connectivity Standards Alliance (CSA), Matter ha l&#8217;obiettivo di semplificare e unificare l&#8217;attuale ecosistema della smart home, eliminando la complessit\u00e0 e garantendo un&#8217;interoperabilit\u00e0 senza precedenti tra dispositivi di diversi produttori.<\/p>\n<\/div>\n\n\n\n<div class=\"wp-block-column is-layout-flow wp-block-column-is-layout-flow\">\n<figure class=\"wp-block-image alignfull size-full image-fit-cover\"><img decoding=\"async\" src=\"https:\/\/www.came.com\/global\/wp-content\/uploads\/2024\/11\/matter_1.jpg\" alt=\"CAME matter protocol\" class=\"wp-image-10985\"\/><\/figure>\n<\/div>\n<\/div>\n<\/div>\n\n\n\n<div class=\"wp-block-group alignwide came-box-content-style-2 is-layout-flow wp-block-group-is-layout-flow\" style=\"padding-top:var(--wp--preset--spacing--70);padding-bottom:var(--wp--preset--spacing--70)\">\n<h2 class=\"wp-block-heading title-with-line\"><strong>Che cos&#8217;\u00e8 il Protocollo Matter?<\/strong><\/h2>\n\n\n\n<div class=\"wp-block-columns is-layout-flex wp-container-core-columns-is-layout-2 wp-block-columns-is-layout-flex\" style=\"margin-bottom:var(--wp--preset--spacing--70)\">\n<div class=\"wp-block-column is-layout-flow wp-block-column-is-layout-flow\">\n<figure class=\"wp-block-image size-full image-fit-cover\"><img decoding=\"async\" src=\"https:\/\/www.came.com\/global\/wp-content\/uploads\/2024\/10\/matter_2-2.jpg\" alt=\"matter protocol\" class=\"wp-image-10697\"\/><\/figure>\n<\/div>\n\n\n\n<div class=\"wp-block-column is-layout-flow wp-block-column-is-layout-flow\">\n<p class=\"has-medium-font-size\">Matter \u00e8 un protocollo universale che permette ai dispositivi per la casa intelligente di comunicare tra loro senza problemi, indipendentemente dalla marca o dal produttore. Il suo obiettivo principale \u00e8 creare un ecosistema interconnesso, eliminando la necessit\u00e0 di pi\u00f9 piattaforme, app e hub. Basato su standard consolidati come Wi-Fi, Ethernet e Thread, Matter assicura una connessione affidabile e sicura tra i dispositivi. Il protocollo \u00e8 progettato per essere interoperabile e intuitivo, semplificando la configurazione e l&#8217;uso di dispositivi come luci, termostati e sistemi di automazione. Grazie alla compatibilit\u00e0 con assistenti intelligenti come Amazon Alexa, Apple Siri e Google Assistant, Matter consente di gestire dispositivi di marche diverse con un&#8217;unica app, offrendo un controllo centralizzato e un&#8217;esperienza utente senza interruzioni.<\/p>\n<\/div>\n<\/div>\n<\/div>\n\n\n\n<div class=\"wp-block-group alignwide came-box-content-style-2 is-layout-flow wp-block-group-is-layout-flow\" style=\"padding-top:var(--wp--preset--spacing--70);padding-bottom:var(--wp--preset--spacing--70)\">\n<h2 class=\"wp-block-heading title-with-line\"><strong>Controllo di precisione con elettronica e firmware proprietari<\/strong><\/h2>\n\n\n\n<div class=\"wp-block-columns is-layout-flex wp-container-core-columns-is-layout-3 wp-block-columns-is-layout-flex\" style=\"margin-bottom:var(--wp--preset--spacing--70)\">\n<div class=\"wp-block-column is-layout-flow wp-block-column-is-layout-flow\">\n<p class=\"has-medium-font-size\"><strong>Interoperabilit\u00e0:<\/strong><\/p>\n\n\n\n<p class=\"has-medium-font-size\">Uno dei principali vantaggi di Matter \u00e8 la sua capacit\u00e0 di garantire interoperabilit\u00e0 tra dispositivi di diversi produttori. Con Matter, gli accessori per la casa intelligente possono comunicare senza problemi, indipendentemente dal marchio.<\/p>\n\n\n\n<p class=\"has-medium-font-size\">Che si tratti di prodotti di grandi aziende o di brand emergenti, Matter assicura che tutti i dispositivi funzionino insieme in modo fluido e armonioso, offrendo un&#8217;esperienza smart home pi\u00f9 integrata e senza complicazioni.<\/p>\n\n\n\n<p class=\"has-medium-font-size\"><strong>Configurazione e utilizzo semplificati:<\/strong><\/p>\n\n\n\n<p class=\"has-medium-font-size\">Matter semplifica l&#8217;intero processo di aggiunta di nuovi dispositivi alla tua casa intelligente. Dimentica le procedure di configurazione complesse e la necessit\u00e0 di scaricare pi\u00f9 app: con Matter, l&#8217;integrazione dei dispositivi \u00e8 rapida e intuitiva.<\/p>\n\n\n\n<p class=\"has-medium-font-size\">Ogni nuovo dispositivo si collega immediatamente all&#8217;ecosistema smart home esistente, garantendo un&#8217;esperienza fluida e senza interruzioni. Grazie a Matter, rendere la tua casa pi\u00f9 connessa ed efficiente non \u00e8 mai stato cos\u00ec semplice.<\/p>\n\n\n\n<p class=\"has-medium-font-size\"><strong>Maggiore sicurezza:<\/strong><\/p>\n\n\n\n<p class=\"has-medium-font-size\">La sicurezza \u00e8 una priorit\u00e0 assoluta per Matter. Grazie alla crittografia integrata e a un sistema di comunicazione sicura tra i dispositivi, il protocollo protegge i tuoi dati personali e la tua rete domestica da potenziali minacce informatiche.<\/p>\n\n\n\n<p class=\"has-medium-font-size\">Queste misure avanzate rendono Matter uno dei protocolli pi\u00f9 affidabili e sicuri per la domotica intelligente, garantendo tranquillit\u00e0 e protezione per la tua casa connessa.<\/p>\n<\/div>\n\n\n\n<div class=\"wp-block-column is-layout-flow wp-block-column-is-layout-flow\">\n<figure class=\"wp-block-image size-full image-fit-cover\"><img decoding=\"async\" src=\"https:\/\/www.came.com\/global\/wp-content\/uploads\/2024\/11\/matter_3.jpg\" alt=\"CAME compatibility protocol\" class=\"wp-image-10989\"\/><\/figure>\n<\/div>\n<\/div>\n\n\n\n<div class=\"wp-block-group alignfull came-box-content-style-1 is-layout-flow wp-block-group-is-layout-flow\" style=\"padding-top:var(--wp--preset--spacing--70);padding-bottom:var(--wp--preset--spacing--70)\">\n<div class=\"wp-block-group alignwide is-layout-flow wp-block-group-is-layout-flow\">\n<div class=\"wp-block-columns is-layout-flex wp-container-core-columns-is-layout-4 wp-block-columns-is-layout-flex\" style=\"margin-bottom:var(--wp--preset--spacing--70)\">\n<div class=\"wp-block-column is-layout-flow wp-block-column-is-layout-flow\">\n<p class=\"has-medium-font-size\"><strong>Tempi di risposta pi\u00f9 rapidi:<\/strong><\/p>\n\n\n\n<p class=\"has-medium-font-size\">Grazie al supporto per il controllo locale, Matter consente ai dispositivi di comunicare direttamente tra loro, senza dipendere dal cloud per le funzionalit\u00e0 di base.<\/p>\n\n\n\n<p class=\"has-medium-font-size\">Questo riduce il ritardo, migliora la reattivit\u00e0 del sistema e garantisce un&#8217;esperienza pi\u00f9 fluida e immediata. Che si tratti di regolare impostazioni o attivare automazioni, Matter assicura risultati pi\u00f9 rapidi e affidabili, rendendo la tua casa intelligente ancora pi\u00f9 efficiente.<\/p>\n<\/div>\n\n\n\n<div class=\"wp-block-column is-layout-flow wp-block-column-is-layout-flow\">\n<p class=\"has-medium-font-size\"><strong>Tecnologia a prova di futuro:<\/strong><\/p>\n\n\n\n<p class=\"has-medium-font-size\">Matter \u00e8 progettato per garantire un sistema di casa intelligente scalabile e adattabile, in grado di evolversi con l&#8217;introduzione di nuovi dispositivi e tecnologie.<\/p>\n\n\n\n<p class=\"has-medium-font-size\">Grazie alla sua retrocompatibilit\u00e0, non sar\u00e0 necessario sostituire i dispositivi esistenti durante gli aggiornamenti del sistema. Questo assicura una soluzione duratura e sostenibile, permettendoti di espandere e migliorare la tua smart home senza limitazioni.<\/p>\n<\/div>\n<\/div>\n<\/div>\n<\/div>\n<\/div>\n\n\n\n<div class=\"wp-block-group alignwide came-box-content-style-2 is-layout-flow wp-block-group-is-layout-flow\" style=\"padding-top:var(--wp--preset--spacing--70);padding-bottom:var(--wp--preset--spacing--70)\">\n<h2 class=\"wp-block-heading title-with-line\"><strong>Tapparelle e luci QBE di CAME: soluzione compatibile con Matter<\/strong><\/h2>\n\n\n\n<div class=\"wp-block-columns is-layout-flex wp-container-core-columns-is-layout-5 wp-block-columns-is-layout-flex\" style=\"margin-bottom:var(--wp--preset--spacing--70)\">\n<div class=\"wp-block-column is-layout-flow wp-block-column-is-layout-flow\">\n<figure class=\"wp-block-image size-full image-fit-cover\"><img decoding=\"async\" src=\"https:\/\/www.came.com\/global\/wp-content\/uploads\/2024\/11\/matter_4.jpg\" alt=\"QBE Shutters &amp; Lights\" class=\"wp-image-10991\"\/><\/figure>\n<\/div>\n\n\n\n<div class=\"wp-block-column is-layout-flow wp-block-column-is-layout-flow\">\n<p class=\"has-medium-font-size\">CAME rivoluziona la domotica intelligente con QBE Shutters &amp; Lights, una soluzione innovativa pienamente compatibile con Matter. Questo sistema avanzato ti permette di controllare tapparelle e illuminazione con la massima semplicit\u00e0, creando l\u2019atmosfera perfetta per ogni momento della giornata.<\/p>\n\n\n\n<p class=\"has-medium-font-size\">Che tu voglia lasciare entrare pi\u00f9 luce naturale o regolare l\u2019illuminazione interna per un ambiente accogliente, QBE ti offre un controllo fluido e immediato.<\/p>\n\n\n\n<p class=\"has-medium-font-size\">Grazie all\u2019interoperabilit\u00e0 garantita da Matter, le tapparelle e le luci QBE di CAME si integrano perfettamente con altri dispositivi smart, offrendo un&#8217;esperienza di automazione unificata, intuitiva ed efficiente per la tua casa.<\/p>\n\n\n\n<div class=\"wp-block-buttons align-with-bottom is-layout-flex wp-block-buttons-is-layout-flex\">\n<div class=\"wp-block-button\"><a class=\"wp-block-button__link wp-element-button\" href=\"\/it\/qbe-landing\/\">Scopri di pi\u00f9<\/a><\/div>\n<\/div>\n<\/div>\n<\/div>\n<\/div>\n","protected":false},"excerpt":{"rendered":"<p>Matter Protocol: il futuro della connettivit\u00e0 per la casa intelligente Il protocollo Matter \u00e8 uno standard di connettivit\u00e0 open source all&#8217;avanguardia, progettato per rivoluzionare il modo in cui i dispositivi per la casa intelligente comunicano tra loro. Grazie a Matter, la tua casa diventa pi\u00f9 efficiente, integrata e sicura. Sostenuto da giganti tecnologici come Apple, [&hellip;]<\/p>\n","protected":false},"author":6,"featured_media":0,"parent":0,"menu_order":0,"comment_status":"closed","ping_status":"closed","template":"page_template-without-title.php","meta":{"elastic_search":"","powered_cache_disable_cache":false,"footnotes":""},"_links":{"self":[{"href":"https:\/\/www.came.com\/it\/wp-json\/wp\/v2\/pages\/12580"}],"collection":[{"href":"https:\/\/www.came.com\/it\/wp-json\/wp\/v2\/pages"}],"about":[{"href":"https:\/\/www.came.com\/it\/wp-json\/wp\/v2\/types\/page"}],"author":[{"embeddable":true,"href":"https:\/\/www.came.com\/it\/wp-json\/wp\/v2\/users\/6"}],"replies":[{"embeddable":true,"href":"https:\/\/www.came.com\/it\/wp-json\/wp\/v2\/comments?post=12580"}],"version-history":[{"count":3,"href":"https:\/\/www.came.com\/it\/wp-json\/wp\/v2\/pages\/12580\/revisions"}],"predecessor-version":[{"id":15216,"href":"https:\/\/www.came.com\/it\/wp-json\/wp\/v2\/pages\/12580\/revisions\/15216"}],"wp:attachment":[{"href":"https:\/\/www.came.com\/it\/wp-json\/wp\/v2\/media?parent=12580"}],"curies":[{"name":"wp","href":"https:\/\/api.w.org\/{rel}","templated":true}]}}