{"id":12575,"date":"2025-02-10T14:13:38","date_gmt":"2025-02-10T13:13:38","guid":{"rendered":"https:\/\/www.came.com\/it\/?page_id=12575"},"modified":"2025-12-17T10:24:47","modified_gmt":"2025-12-17T09:24:47","slug":"tecnologia-brushless","status":"publish","type":"page","link":"https:\/\/www.came.com\/it\/tecnologia-brushless\/","title":{"rendered":"Tecnologia Brushless"},"content":{"rendered":"\n<div class=\"wp-block-cover alignfull\"><span aria-hidden=\"true\" class=\"wp-block-cover__background has-dark-grey-background-color has-background-dim\"><\/span><img decoding=\"async\" class=\"wp-block-cover__image-background wp-image-11025\" alt=\"CAME brushless technology\" src=\"https:\/\/www.came.com\/global\/wp-content\/uploads\/2024\/11\/brushless_3038x1076-scaled.jpg\" data-object-fit=\"cover\"\/><div class=\"wp-block-cover__inner-container is-layout-flow wp-block-cover-is-layout-flow\">\n<div class=\"wp-block-group has-global-padding is-layout-constrained wp-block-group-is-layout-constrained\">\n<h4 class=\"wp-block-heading has-text-align-center has-white-color has-text-color has-link-color has-came-font-font-family wp-elements-47872241a38d03045d4de3b6b6b63ac8\">brushless<\/h4>\n\n\n\n<h1 class=\"wp-block-heading has-text-align-center has-white-color has-text-color has-link-color wp-elements-9dadfc46be8f2b2a61dc06516f6c3feb\" style=\"font-style:normal;font-weight:400\"><strong><strong>Una nuova piattaforma CAME<\/strong><\/strong><\/h1>\n<\/div>\n<\/div><\/div>\n\n\n\n<div class=\"wp-block-group alignwide came-box-content-style-2 is-layout-flow wp-block-group-is-layout-flow\" style=\"padding-top:var(--wp--preset--spacing--70);padding-bottom:var(--wp--preset--spacing--70)\">\n<h2 class=\"wp-block-heading title-with-line\"><strong>Il motore brushless di CAME: precisione e innovazione nell\u2019automazione<\/strong><\/h2>\n\n\n\n<div class=\"wp-block-columns are-vertically-aligned-center is-layout-flex wp-container-core-columns-is-layout-1 wp-block-columns-is-layout-flex\" style=\"margin-bottom:var(--wp--preset--spacing--70)\">\n<div class=\"wp-block-column is-vertically-aligned-center is-layout-flow wp-block-column-is-layout-flow\">\n<p class=\"has-medium-font-size\">CAME \u00e8 orgogliosa di presentare la sua nuova piattaforma proprietaria di motori brushless, un&#8217;innovazione rivoluzionaria in termini di efficienza, durata e versatilit\u00e0. Sviluppata internamente con componenti all\u2019avanguardia, questa tecnologia segna un nuovo standard di riferimento per le prestazioni dell\u2019ampia gamma di soluzioni per l\u2019automazione firmate CAME. Dalle automazioni per cancelli e barriere ai pi\u00f9 avanzati sistemi automatizzati, il motore brushless di CAME \u00e8 progettato per ridefinire i parametri del settore, offrendo affidabilit\u00e0 e prestazioni senza precedenti.<\/p>\n<\/div>\n\n\n\n<div class=\"wp-block-column is-vertically-aligned-center is-layout-flow wp-block-column-is-layout-flow\">\n<figure class=\"wp-block-image size-full image-fit-cover\"><img decoding=\"async\" src=\"https:\/\/www.came.com\/global\/wp-content\/uploads\/2024\/12\/brushless-motor-scaled.jpg\" alt=\"\" class=\"wp-image-11981\"\/><\/figure>\n<\/div>\n<\/div>\n<\/div>\n\n\n\n<div class=\"wp-block-group alignwide came-box-content-style-2 is-layout-flow wp-block-group-is-layout-flow\" style=\"padding-top:var(--wp--preset--spacing--70);padding-bottom:var(--wp--preset--spacing--70)\">\n<h2 class=\"wp-block-heading title-with-line\"><strong>Design innovativo e componenti avanzati<\/strong><\/h2>\n\n\n\n<div class=\"wp-block-columns are-vertically-aligned-center is-layout-flex wp-container-core-columns-is-layout-2 wp-block-columns-is-layout-flex\" style=\"margin-bottom:var(--wp--preset--spacing--70)\">\n<div class=\"wp-block-column is-vertically-aligned-center is-layout-flow wp-block-column-is-layout-flow\">\n<figure class=\"wp-block-image size-full image-fit-cover\"><img decoding=\"async\" src=\"https:\/\/www.came.com\/global\/wp-content\/uploads\/2024\/11\/brushless_2.jpg\" alt=\"CAME brushless motor\" class=\"wp-image-11017\"\/><\/figure>\n<\/div>\n\n\n\n<div class=\"wp-block-column is-vertically-aligned-center is-layout-flow wp-block-column-is-layout-flow\">\n<p class=\"has-medium-font-size\">Il cuore della piattaforma di motori brushless di CAME incarna l&#8217;impegno dell&#8217;azienda per un&#8217;eccellenza senza compromessi. Grazie ai pi\u00f9 recenti progressi nella tecnologia dei motori, il design garantisce efficienza, affidabilit\u00e0 e una durata ottimale. L&#8217;eliminazione delle tradizionali spazzole e l&#8217;impiego della commutazione elettronica riducono l&#8217;usura, offrendo una soluzione di lunga durata e a bassa manutenzione, perfetta anche per gli ambienti pi\u00f9 impegnativi.<\/p>\n<\/div>\n<\/div>\n<\/div>\n\n\n\n<div class=\"wp-block-group alignwide came-box-content-style-2 is-layout-flow wp-block-group-is-layout-flow\" style=\"padding-top:var(--wp--preset--spacing--70);padding-bottom:var(--wp--preset--spacing--70)\">\n<h2 class=\"wp-block-heading title-with-line\"><strong>Controllo di precisione con elettronica e firmware proprietari<\/strong><\/h2>\n\n\n\n<div class=\"wp-block-columns are-vertically-aligned-center is-layout-flex wp-container-core-columns-is-layout-3 wp-block-columns-is-layout-flex\" style=\"margin-bottom:var(--wp--preset--spacing--70)\">\n<div class=\"wp-block-column is-vertically-aligned-center is-layout-flow wp-block-column-is-layout-flow\">\n<p class=\"has-medium-font-size\">L&#8217;innovazione di CAME non si limita al motore, ma si estende all&#8217;intero sistema di gestione. L&#8217;azienda ha sviluppato una scheda di controllo elettronica proprietaria e un firmware personalizzato per garantire un funzionamento impeccabile. Questo sistema integrato consente un controllo preciso e in tempo reale del motore, ottimizzando velocit\u00e0, coppia ed efficienza energetica. Grazie al firmware avanzato, il motore si adatta facilmente alle esigenze specifiche di diversi prodotti e applicazioni, assicurando prestazioni affidabili e senza interruzioni in tutto il portafoglio di soluzioni per l&#8217;automazione di CAME.<\/p>\n<\/div>\n\n\n\n<div class=\"wp-block-column is-vertically-aligned-center is-layout-flow wp-block-column-is-layout-flow\">\n<figure class=\"wp-block-image size-full image-fit-cover\"><img loading=\"lazy\" decoding=\"async\" width=\"2086\" height=\"2560\" src=\"https:\/\/www.came.com\/it\/wp-content\/uploads\/2025\/06\/bkx-still-life-technical-image-scaled.webp\" alt=\"BKV brushless\" class=\"wp-image-15515\" srcset=\"https:\/\/www.came.com\/it\/wp-content\/uploads\/2025\/06\/bkx-still-life-technical-image-scaled.webp 2086w, https:\/\/www.came.com\/it\/wp-content\/uploads\/2025\/06\/bkx-still-life-technical-image-835x1024.webp 835w, https:\/\/www.came.com\/it\/wp-content\/uploads\/2025\/06\/bkx-still-life-technical-image-1565x1920.webp 1565w, https:\/\/www.came.com\/it\/wp-content\/uploads\/2025\/06\/bkx-still-life-technical-image-768x942.webp 768w, https:\/\/www.came.com\/it\/wp-content\/uploads\/2025\/06\/bkx-still-life-technical-image-1252x1536.webp 1252w, https:\/\/www.came.com\/it\/wp-content\/uploads\/2025\/06\/bkx-still-life-technical-image-1669x2048.webp 1669w\" sizes=\"(max-width: 2086px) 100vw, 2086px\" \/><\/figure>\n<\/div>\n<\/div>\n<\/div>\n\n\n\n<div class=\"wp-block-group alignwide came-box-content-style-2 is-layout-flow wp-block-group-is-layout-flow\" style=\"padding-top:var(--wp--preset--spacing--70);padding-bottom:var(--wp--preset--spacing--70)\">\n<h2 class=\"wp-block-heading title-with-line\"><strong>Sperimenta il vantaggio CAME<\/strong><\/h2>\n\n\n\n<div class=\"wp-block-columns are-vertically-aligned-center is-layout-flex wp-container-core-columns-is-layout-4 wp-block-columns-is-layout-flex\" style=\"margin-bottom:var(--wp--preset--spacing--70)\">\n<div class=\"wp-block-column is-vertically-aligned-center is-layout-flow wp-block-column-is-layout-flow\">\n<figure class=\"wp-block-image size-full image-fit-cover\"><img decoding=\"async\" src=\"https:\/\/www.came.com\/global\/wp-content\/uploads\/2024\/11\/brushless_4.jpg\" alt=\"CAME brushless technology\" class=\"wp-image-11021\"\/><\/figure>\n<\/div>\n\n\n\n<div class=\"wp-block-column is-vertically-aligned-center is-layout-flow wp-block-column-is-layout-flow\">\n<p class=\"has-medium-font-size\">Con questa nuova piattaforma, CAME si conferma ancora una volta leader del settore per innovazione e qualit\u00e0. Progettata per rispondere alle esigenze in continua evoluzione dell&#8217;automazione moderna, la piattaforma di motori brushless si integra perfettamente nell&#8217;ampia gamma di sistemi e applicazioni CAME. Dai cancelli residenziali alle barriere automatiche e oltre, i motori brushless CAME garantiscono prestazioni superiori, massima affidabilit\u00e0 ed efficienza ottimale in ogni contesto.<\/p>\n<\/div>\n<\/div>\n<\/div>\n\n\n\n<div class=\"wp-block-group alignwide came-box-content-style-2 is-layout-flow wp-block-group-is-layout-flow\" style=\"padding-top:var(--wp--preset--spacing--70);padding-bottom:var(--wp--preset--spacing--70)\">\n<h2 class=\"wp-block-heading title-with-line\"><strong>Presentazione di FROG-X e BKX: alimentati dalla tecnologia brushless<\/strong><\/h2>\n\n\n\n<div class=\"wp-block-columns are-vertically-aligned-center is-layout-flex wp-container-core-columns-is-layout-5 wp-block-columns-is-layout-flex\" style=\"margin-bottom:var(--wp--preset--spacing--70)\">\n<div class=\"wp-block-column is-vertically-aligned-center is-layout-flow wp-block-column-is-layout-flow\">\n<p class=\"has-medium-font-size\">La nuova piattaforma con motore brushless di CAME d\u00e0 vita a due innovativi prodotti: FROG-X, per cancelli a battente, e BKX, per cancelli scorrevoli. Questi modelli all&#8217;avanguardia sfruttano al massimo la tecnologia proprietaria dei motori brushless di CAME, garantendo precisione, velocit\u00e0 e una durata di funzionamento senza pari. Con FROG-X e BKX, CAME ridefinisce gli standard dell&#8217;automazione per cancelli, offrendo prestazioni eccezionali e affidabilit\u00e0 superiore.<\/p>\n<\/div>\n\n\n\n<div class=\"wp-block-column is-vertically-aligned-center is-layout-flow wp-block-column-is-layout-flow\">\n<figure class=\"wp-block-image size-full image-fit-cover\"><img decoding=\"async\" src=\"https:\/\/www.came.com\/global\/wp-content\/uploads\/2024\/11\/brushless_5.jpg\" alt=\"CAME brushless technology frog\" class=\"wp-image-11023\"\/><\/figure>\n<\/div>\n<\/div>\n<\/div>\n\n\n\n<div class=\"wp-block-group alignfull came-box-content-card-slider-1 is-layout-flow wp-block-group-is-layout-flow\" style=\"margin-top:0px;margin-bottom:0px\">\n<h2 class=\"wp-block-heading alignwide\"><strong>Prodotti con tecnologia brushless<\/strong><\/h2>\n\n\n\n<div class=\"wp-block-group alignwide came-box-tabs is-layout-flow wp-block-group-is-layout-flow\">\n<div class=\"wp-block-group tabs-contents is-layout-flow wp-block-group-is-layout-flow\">\n<div id=\"card-slider-tab1\" class=\"wp-block-group is-layout-flow wp-block-group-is-layout-flow\">\n<div class=\"wp-block-group cards-container card-white is-layout-flow wp-block-group-is-layout-flow\"><div class=\"wp-block-group slider-card is-layout-flow wp-block-group-is-layout-flow\">\n<figure class=\"wp-block-image size-full is-resized\"><a href=\"https:\/\/www.came.com\/it\/prodotti\/automazioni-per-cancelli-a-battente-frog-x\/\"><img decoding=\"async\" src=\"https:\/\/www.came.com\/global\/wp-content\/uploads\/2024\/09\/801MI-0030.webp\" alt=\"FROG X CAME\" class=\"wp-image-8850\" style=\"width:200px\"><\/a><\/figure>\n\n\n\n<h2 class=\"wp-block-heading\"><a href=\"https:\/\/www.came.com\/it\/prodotti\/automazioni-per-cancelli-a-battente-frog-x\/\">FROG-X<\/a><\/h2>\n\n\n\n<div class=\"wp-block-group box-label-value is-layout-flow wp-block-group-is-layout-flow\">\n<p class=\"label\">Lunghezza massima dell&#8217;anta<\/p>\n\n\n\n<p class=\"value\"><strong>Fino a 4 m<\/strong><\/p>\n<\/div>\n\n\n\n<div class=\"wp-block-group box-label-value is-layout-flow wp-block-group-is-layout-flow\">\n<p class=\"label\">Peso massimo dell&#8217;anta<\/p>\n\n\n\n<p class=\"value\"><strong>Fino a 800 kg<\/strong><\/p>\n<\/div>\n\n\n\n<div class=\"wp-block-group box-label-value is-layout-flow wp-block-group-is-layout-flow\">\n<p class=\"label\">Utilizzo<\/p>\n\n\n\n<p class=\"value\"><strong>Uso continuo<\/strong><\/p>\n<\/div>\n\n\n\n<div class=\"wp-block-group box-label-value is-layout-flow wp-block-group-is-layout-flow\">\n<p class=\"label\">Tipologia<\/p>\n\n\n\n<p class=\"value\"><strong>Motoriduttore interrato<\/strong><\/p>\n<\/div>\n\n\n\n<p class=\"link\"><a href=\"https:\/\/www.came.com\/it\/prodotti\/automazioni-per-cancelli-a-battente-frog-x\/\"><strong>Scopri di pi&ugrave;<\/strong><\/a><\/p>\n<\/div>\n\n\n<div class=\"wp-block-group slider-card is-layout-flow wp-block-group-is-layout-flow\">\n<figure class=\"wp-block-image size-large is-resized\"><a href=\"https:\/\/www.came.com\/it\/prodotti\/barriere-automatiche-gard-px\/\"><img decoding=\"async\" src=\"https:\/\/static.came.com\/assets\/low\/mkt\/Automations_Access_Control\/series\/Gard_PX_Brushless.webp\" alt=\"GARD PX\" style=\"width:200px\"><\/a><\/figure>\n\n\n\n<h2 class=\"wp-block-heading\"><a href=\"https:\/\/www.came.com\/it\/prodotti\/barriere-automatiche-gard-px\/\">GARD PX<\/a><\/h2>\n\n\n\n<div class=\"wp-block-group box-label-value is-layout-flow wp-block-group-is-layout-flow\">\n<p class=\"label\">Larghezza di passaggio utile<\/p>\n\n\n\n<p class=\"value\"><strong>3,8 milioni<\/strong><\/p>\n<\/div>\n\n\n\n<div class=\"wp-block-group box-label-value is-layout-flow wp-block-group-is-layout-flow\">\n<p class=\"label\">Velocit&agrave;<\/p>\n\n\n\n<p class=\"value\">1 : 2 s<\/p>\n<\/div>\n\n\n\n<div class=\"wp-block-group box-label-value is-layout-flow wp-block-group-is-layout-flow\">\n<p class=\"label\">MCBF<\/p>\n\n\n\n<p class=\"value\">10.000.000<\/p>\n<\/div>\n\n\n\n<p class=\"link\"><a href=\"https:\/\/www.came.com\/it\/prodotti\/barriere-automatiche-gard-px\/\"><strong>Scopri di pi&ugrave;<\/strong><\/a><\/p>\n<\/div>\n<\/div>\n<\/div>\n<\/div>\n<\/div>\n<\/div>\n","protected":false},"excerpt":{"rendered":"<p>Il motore brushless di CAME: precisione e innovazione nell\u2019automazione CAME \u00e8 orgogliosa di presentare la sua nuova piattaforma proprietaria di motori brushless, un&#8217;innovazione rivoluzionaria in termini di efficienza, durata e versatilit\u00e0. Sviluppata internamente con componenti all\u2019avanguardia, questa tecnologia segna un nuovo standard di riferimento per le prestazioni dell\u2019ampia gamma di soluzioni per l\u2019automazione firmate CAME. [&hellip;]<\/p>\n","protected":false},"author":6,"featured_media":0,"parent":0,"menu_order":0,"comment_status":"closed","ping_status":"closed","template":"page_template-without-title.php","meta":{"elastic_search":"","powered_cache_disable_cache":false,"footnotes":""},"_links":{"self":[{"href":"https:\/\/www.came.com\/it\/wp-json\/wp\/v2\/pages\/12575"}],"collection":[{"href":"https:\/\/www.came.com\/it\/wp-json\/wp\/v2\/pages"}],"about":[{"href":"https:\/\/www.came.com\/it\/wp-json\/wp\/v2\/types\/page"}],"author":[{"embeddable":true,"href":"https:\/\/www.came.com\/it\/wp-json\/wp\/v2\/users\/6"}],"replies":[{"embeddable":true,"href":"https:\/\/www.came.com\/it\/wp-json\/wp\/v2\/comments?post=12575"}],"version-history":[{"count":5,"href":"https:\/\/www.came.com\/it\/wp-json\/wp\/v2\/pages\/12575\/revisions"}],"predecessor-version":[{"id":17532,"href":"https:\/\/www.came.com\/it\/wp-json\/wp\/v2\/pages\/12575\/revisions\/17532"}],"wp:attachment":[{"href":"https:\/\/www.came.com\/it\/wp-json\/wp\/v2\/media?parent=12575"}],"curies":[{"name":"wp","href":"https:\/\/api.w.org\/{rel}","templated":true}]}}