{"id":12569,"date":"2025-02-10T14:08:28","date_gmt":"2025-02-10T13:08:28","guid":{"rendered":"https:\/\/www.came.com\/it\/?page_id=12569"},"modified":"2025-11-05T16:36:24","modified_gmt":"2025-11-05T15:36:24","slug":"cameconnect","status":"publish","type":"page","link":"https:\/\/www.came.com\/it\/cameconnect\/","title":{"rendered":"CAME CONNECT"},"content":{"rendered":"\n<div class=\"wp-block-cover alignfull is-light\"><span aria-hidden=\"true\" class=\"wp-block-cover__background has-came-dark-blue-background-color has-background-dim\"><\/span><img decoding=\"async\" class=\"wp-block-cover__image-background wp-image-9889\" alt=\"CAME connect\" src=\"https:\/\/www.came.com\/global\/wp-content\/uploads\/2024\/09\/connect_3038x1076-scaled.jpg\" data-object-fit=\"cover\"\/><div class=\"wp-block-cover__inner-container is-layout-flow wp-block-cover-is-layout-flow\">\n<div class=\"wp-block-group has-global-padding is-layout-constrained wp-block-group-is-layout-constrained\">\n<h4 class=\"wp-block-heading has-text-align-center has-white-color has-text-color has-link-color has-came-font-font-family wp-elements-42cc0ba45f77e39495f8502dbf63156a\">TECNOLOGIA<\/h4>\n\n\n\n<h1 class=\"wp-block-heading has-text-align-center has-white-color has-text-color has-link-color wp-elements-7d7720121c50488ce72158f5aa175484\" style=\"font-style:normal;font-weight:700\">CAME CONNECT<\/h1>\n<\/div>\n<\/div><\/div>\n\n\n\n<div class=\"wp-block-group alignwide came-group-desc is-layout-flow wp-block-group-is-layout-flow\" style=\"padding-top:var(--wp--preset--spacing--80);padding-bottom:var(--wp--preset--spacing--80)\">\n<h4 class=\"wp-block-heading has-came-dark-blue-color has-text-color has-link-color has-came-font-font-family has-large-font-size wp-elements-dd060b0ca37f9a4cf6a224038f7f84fc\"><strong><strong>Che cos&#8217;\u00e8 CAME CONNECT?<\/strong><\/strong><\/h4>\n\n\n\n<p class=\"has-medium-font-size\">CAME CONNECT \u00e8 una tecnologia all&#8217;avanguardia, sviluppata da CAME, che trasforma il modo di configurare e gestire i sistemi. Grazie alla connessione dei sistemi &nbsp;tramite Internet, CAME CONNECT non solo migliora l&#8217;esperienza degli utenti, ma apre anche nuove opportunit\u00e0 di business per gli installatori.<\/p>\n\n\n\n<div class=\"wp-block-group alignfull is-layout-flow wp-block-group-is-layout-flow\" style=\"margin-top:0px;margin-bottom:0px;padding-top:0;padding-bottom:0\">\n<div class=\"wp-block-group alignfull is-layout-flow wp-block-group-is-layout-flow\" style=\"margin-bottom:var(--wp--preset--spacing--70);padding-top:var(--wp--preset--spacing--70);padding-bottom:var(--wp--preset--spacing--70)\">\n<h4 class=\"wp-block-heading has-came-cyan-color has-text-color has-link-color has-came-font-font-family wp-elements-00899cf96f4c45d1d97a7f575e8b24e2\"><strong><strong><strong>Caratteristiche principali di CAME CONNECT:<\/strong><\/strong><\/strong><\/h4>\n\n\n\n<div class=\"wp-block-group alignwide is-layout-flow wp-block-group-is-layout-flow\">\n<ul class=\"wp-block-list came-unordered-list\">\n<li class=\"has-medium-font-size\"><strong>Pratico ed efficiente<\/strong>: lanciato nel 2015 e apprezzato da migliaia di installatori in tutto il mondo, CAME CONNECT \u00e8 giunto alla terza generazione ancora pi\u00f9 facile da usare, efficiente e sicuro.<\/li>\n\n\n\n<li class=\"has-medium-font-size\"><strong>Investimenti in ricerca e sviluppo<\/strong>: CAME ha investito molto in ricerca e sviluppo per semplificare il lavoro degli installatori, migliorare l&#8217;esperienza dell&#8217;utente e offrire nuovi servizi digitali.<\/li>\n\n\n\n<li class=\"has-medium-font-size\"><strong>Sviluppo interno<\/strong>: CAME ha scelto di sviluppare internamente le tecnologie per la gestione del flusso e della protezione dei dati. Questo approccio garantisce che nessuna agenzia esterna abbia accesso alle informazioni e che i server non siano collocati in localit\u00e0 remote nel mondo, assicurando cos\u00ec il massimo livello di sicurezza e affidabilit\u00e0.<\/li>\n<\/ul>\n<\/div>\n<\/div>\n<\/div>\n\n\n\n<p class=\"has-medium-font-size\">Scopri il futuro della gestione dei sistemi dotati di CAME CONNECT: la soluzione in cui connettivit\u00e0, semplicit\u00e0 e convenienza si incontrano per offrirti un controllo innovativo e senza compromessi.<\/p>\n<\/div>\n\n\n\n<div class=\"wp-block-group alignfull came-box-custom-card-slider came-4cols is-layout-flow wp-block-group-is-layout-flow\" style=\"margin-top:0px;margin-bottom:0px\">\n<div class=\"wp-block-group alignfull has-white-background-color has-background is-layout-flow wp-block-group-is-layout-flow\" style=\"padding-bottom:var(--wp--preset--spacing--70)\">\n<div class=\"wp-block-group alignwide is-layout-flow wp-block-group-is-layout-flow\">\n<div class=\"wp-block-group cards-container is-layout-flow wp-block-group-is-layout-flow\">\n<div class=\"wp-block-group slider-card is-layout-flow wp-block-group-is-layout-flow\">\n<figure class=\"wp-block-image size-full is-resized\"><img decoding=\"async\" src=\"https:\/\/www.came.com\/global\/wp-content\/uploads\/2024\/09\/connect-workinternet-connection.jpg\" alt=\"CAME connect\" class=\"wp-image-8693\" style=\"width:300px\"\/><\/figure>\n\n\n\n<div class=\"wp-block-group box-card-content is-layout-flow wp-block-group-is-layout-flow\">\n<h3 class=\"wp-block-heading has-came-dark-blue-color has-text-color has-link-color has-came-font-font-family has-large-font-size wp-elements-add02db58b3f99d72e84600a8885d5bd\"><strong>Connessione<\/strong><\/h3>\n\n\n\n<p>Per abilitare i servizi CAME Connect, ogni sistema di automazione necessita di un <a href=\"https:\/\/www.came.com\/it\/prodotti\/connect-gateways\/\">GATEWAY<\/a>. CAME offre diverse soluzioni per soddisfare le singole esigenze, tra cui gateway Wi-Fi, LAN e 4g.<\/p>\n\n\n\n<div style=\"height:28px\" aria-hidden=\"true\" class=\"wp-block-spacer\"><\/div>\n<\/div>\n<\/div>\n\n\n\n<div class=\"wp-block-group slider-card is-layout-flow wp-block-group-is-layout-flow\">\n<figure class=\"wp-block-image size-full is-resized\"><img decoding=\"async\" src=\"https:\/\/www.came.com\/global\/wp-content\/uploads\/2024\/09\/connect-workcompatibility.jpg\" alt=\"CAME Key\" class=\"wp-image-8656\" style=\"width:300px\"\/><\/figure>\n\n\n\n<div class=\"wp-block-group box-card-content is-layout-flow wp-block-group-is-layout-flow\">\n<h3 class=\"wp-block-heading has-came-dark-blue-color has-text-color has-link-color has-came-font-font-family has-large-font-size wp-elements-3173d621972bc01bef60c2bd710f5048\"><strong>Compatibilit\u00e0<\/strong><br><\/h3>\n\n\n\n<p>Molti prodotti CAME, dalle automazioni ai sistemi di videocitofonia, sono progettati con la tecnologia CONNECT. Sono dotati di slot per GATEWAY a connessione rapida, garantendo una perfetta integrazione.<\/p>\n\n\n\n<div style=\"height:28px\" aria-hidden=\"true\" class=\"wp-block-spacer\"><\/div>\n<\/div>\n<\/div>\n\n\n\n<div class=\"wp-block-group slider-card is-layout-flow wp-block-group-is-layout-flow\">\n<figure class=\"wp-block-image size-full is-resized\"><img decoding=\"async\" src=\"https:\/\/www.came.com\/global\/wp-content\/uploads\/2024\/09\/connect-workconfiguration.jpg\" alt=\"CAME setup\" class=\"wp-image-8658\" style=\"width:300px\"\/><\/figure>\n\n\n\n<div class=\"wp-block-group box-card-content is-layout-flow wp-block-group-is-layout-flow\">\n<h3 class=\"wp-block-heading has-came-dark-blue-color has-text-color has-link-color has-came-font-font-family has-large-font-size wp-elements-02cd483d17aa4fe24afe8f35359b28a1\"><strong>Configurazione<\/strong><br><\/h3>\n\n\n\n<p>Con l&#8217;app <a href=\"\/app-mobile\/\">CONNECT SetUp<\/a> \u00e8 possibile eseguire tutte le operazioni di configurazione e setup utilizzando smartphone, tablet o browser web, rendendo il processo semplice ed efficiente.<\/p>\n\n\n\n<div style=\"height:52px\" aria-hidden=\"true\" class=\"wp-block-spacer\"><\/div>\n<\/div>\n<\/div>\n\n\n\n<div class=\"wp-block-group slider-card is-layout-flow wp-block-group-is-layout-flow\">\n<figure class=\"wp-block-image size-full is-resized\"><img decoding=\"async\" src=\"https:\/\/www.came.com\/global\/wp-content\/uploads\/2024\/09\/connect-workremote-control.jpg\" alt=\"CAME remote control\" class=\"wp-image-8660\" style=\"width:300px\"\/><\/figure>\n\n\n\n<div class=\"wp-block-group box-card-content is-layout-flow wp-block-group-is-layout-flow\">\n<h3 class=\"wp-block-heading has-came-dark-blue-color has-text-color has-link-color has-came-font-font-family has-large-font-size wp-elements-5dc6dc0a7b98f9e4f90b29bc719a7223\"><strong>Controllo<\/strong><br><\/h3>\n\n\n\n<p>Le app gratuite CAME CONNECT per smartphone <a href=\"\/app-mobile\/\">Android e iOS<\/a> consentono agli utenti finali di controllare da remoto automazioni connesse come cancelli, porte garage e barriere. Gli utenti possono monitorare lo stato dei loro sistemi sempre e ovunque, offrendo la massima comodit\u00e0 e tranquillit\u00e0.<\/p>\n<\/div>\n<\/div>\n<\/div>\n<\/div>\n\n\n\n<div class=\"wp-block-cover alignwide has-parallax\" style=\"margin-top:var(--wp--preset--spacing--70);margin-bottom:var(--wp--preset--spacing--70)\"><span aria-hidden=\"true\" class=\"wp-block-cover__background has-came-dark-blue-background-color has-background-dim\"><\/span><div role=\"img\" aria-label=\"connetti le tue automazioni\" class=\"wp-block-cover__image-background wp-image-15363 has-parallax\" style=\"background-position:50% 50%;background-image:url(https:\/\/www.came.com\/it\/wp-content\/uploads\/2025\/06\/connect.jpg)\"><\/div><div class=\"wp-block-cover__inner-container has-global-padding is-layout-constrained wp-block-cover-is-layout-constrained\">\n<h2 class=\"wp-block-heading has-text-align-center\">Scopri come connettere<br>le tue automazioni<\/h2>\n\n\n\n<div class=\"wp-block-buttons is-content-justification-center is-layout-flex wp-container-core-buttons-is-layout-1 wp-block-buttons-is-layout-flex\"><div class=\"wp-block-button\"><a class=\"wp-block-button__link wp-element-button\" href=\"\/it\/prodotti\/connect-gateways\/\" aria-label=\"Scopri i nostri Gateway\">Scopri di pi&ugrave;<\/a><\/div>\n<\/div>\n<\/div><\/div>\n<\/div>\n<\/div>\n\n\n\n<div class=\"wp-block-group alignwide came-box-content-style-2 is-layout-flow wp-block-group-is-layout-flow\" style=\"padding-top:var(--wp--preset--spacing--70);padding-bottom:var(--wp--preset--spacing--70)\">\n<div class=\"wp-block-group alignwide is-layout-flow wp-block-group-is-layout-flow\" style=\"padding-top:var(--wp--preset--spacing--80);padding-bottom:var(--wp--preset--spacing--70)\">\n<h2 class=\"wp-block-heading has-came-cyan-color has-text-color has-link-color has-came-font-font-family has-x-large-font-size wp-elements-218998a11e3a87cbc8def148e1b796f4\"><strong><strong>VANTAGGI PER I TRE DIVERSI PROFILI<\/strong><\/strong><\/h2>\n<\/div>\n\n\n\n<h2 class=\"wp-block-heading title-with-line\"><strong>Profilo installatore<\/strong><\/h2>\n\n\n\n<div class=\"wp-block-columns is-layout-flex wp-container-core-columns-is-layout-1 wp-block-columns-is-layout-flex\" style=\"margin-bottom:var(--wp--preset--spacing--70)\">\n<div class=\"wp-block-column is-layout-flow wp-block-column-is-layout-flow\">\n<figure class=\"wp-block-image size-full image-fit-cover\"><img decoding=\"async\" src=\"https:\/\/www.came.com\/global\/wp-content\/uploads\/2024\/09\/connect-profilesinstaller.jpg\" alt=\"CAME installer\" class=\"wp-image-8650\"\/><\/figure>\n<\/div>\n\n\n\n<div class=\"wp-block-column is-layout-flow wp-block-column-is-layout-flow\">\n<p class=\"has-medium-font-size\">Grazie a CAME CONNECT, gli installatori possono gestire i sistemi connessi da remoto tramite PC o smartphone. La piattaforma semplifica ogni operazione, offrendo funzionalit\u00e0 avanzate come la programmazione automatica dei trasmettitori tramite codice QR. Questo consente di aggiungere o rimuovere dispositivi a distanza, senza la necessit\u00e0 di trovarsi fisicamente vicino all&#8217;operatore<\/p>\n\n\n\n<p class=\"has-medium-font-size\">I principali vantaggi della piattaforma CONNECT includono:<\/p>\n\n\n\n<ul>\n<li class=\"has-medium-font-size\"><strong>Gestione dei clienti e dei sistemi<\/strong>: un portale completo per la gestione dei clienti, dei sistemi installati e della manutenzione programmata.<\/li>\n\n\n\n<li class=\"has-medium-font-size\"><strong>Monitoraggio in tempo reale<\/strong>: monitora lo stato del dispositivo e ricevi notifiche in tempo reale per garantire prestazioni ottimali.<\/li>\n\n\n\n<li class=\"has-medium-font-size\"><strong>Servizio 24 ore su 24, 7 giorni su 7:<\/strong> consente agli installatori di fornire un servizio completo e 24 ore su 24, diventando un partner di fiducia per i loro clienti.<\/li>\n<\/ul>\n\n\n\n<p class=\"has-medium-font-size\">Migliora la tua offerta di servizi con CONNECT, garantendo un supporto efficiente, affidabile e continuo per i tuoi clienti.<\/p>\n<\/div>\n<\/div>\n<\/div>\n\n\n\n<div class=\"wp-block-group alignfull came-box-content-style-2 came-bg-dark has-came-dark-blue-background-color has-background is-layout-flow wp-block-group-is-layout-flow\" style=\"padding-top:var(--wp--preset--spacing--70);padding-bottom:var(--wp--preset--spacing--70)\">\n<div class=\"wp-block-group alignwide is-layout-flow wp-block-group-is-layout-flow\">\n<h2 class=\"wp-block-heading title-with-line has-white-color has-text-color has-link-color wp-elements-a75e3c43c15981da63b591602df18767\"><strong>Profilo del proprietario \/ amministratore dell&#8217;edificio<\/strong><\/h2>\n\n\n\n<div class=\"wp-block-columns is-layout-flex wp-container-core-columns-is-layout-2 wp-block-columns-is-layout-flex\" style=\"margin-bottom:var(--wp--preset--spacing--70)\">\n<div class=\"wp-block-column is-layout-flow wp-block-column-is-layout-flow\">\n<p class=\"has-white-color has-text-color has-link-color has-medium-font-size wp-elements-6883d0f067243da389e35ac39ff09323\">CAME CONNECT \u00e8 la soluzione ideale per amministratori di condominio, gestori di edifici e proprietari di impianti.<\/p>\n\n\n\n<p class=\"has-white-color has-text-color has-link-color has-medium-font-size wp-elements-2eac970c5485805251532bd86a34c4ca\">Progettato per offrire funzionalit\u00e0 avanzate di controllo e monitoraggio, garantisce una gestione efficiente, sicura e intuitiva dei sistemi connessi.<\/p>\n\n\n\n<p class=\"has-white-color has-text-color has-link-color has-medium-font-size wp-elements-5974a89395a03b9ac58e23814926634d\">Le caratteristiche principali includono:<\/p>\n\n\n\n<ul class=\"has-white-color has-text-color has-link-color wp-elements-2fbd35774d37e4d98b108cb5424e1bda\">\n<li class=\"has-medium-font-size\"><strong>Gestione degli accessi<\/strong>: abilita e programma facilmente i telecomandi per un accesso senza interruzioni.<\/li>\n\n\n\n<li class=\"has-medium-font-size\"><strong>Monitoraggio in tempo reale<\/strong>: tieni traccia dello stato dell&#8217;operatore e ricevi notifiche istantanee in caso di malfunzionamenti.<\/li>\n\n\n\n<li class=\"has-medium-font-size\"><strong>Richieste di servizio<\/strong>: invia rapidamente richieste di assistenza in loco agli installatori o abilita la diagnosi remota per una risoluzione efficiente dei problemi.<\/li>\n<\/ul>\n\n\n\n<p class=\"has-white-color has-text-color has-link-color has-medium-font-size wp-elements-3fad9697e827ccf3b75f21f5afc767dc\">La piattaforma CONNECT garantisce un funzionamento e una manutenzione fluidi, rendendola uno strumento indispensabile per una gestione efficace del sistema.<\/p>\n<\/div>\n\n\n\n<div class=\"wp-block-column is-layout-flow wp-block-column-is-layout-flow\">\n<figure class=\"wp-block-image size-full image-fit-cover\"><img decoding=\"async\" src=\"https:\/\/www.came.com\/global\/wp-content\/uploads\/2024\/09\/connect-profilesowner.jpg\" alt=\"CAME quick&amp;Easy\" class=\"wp-image-8652\"\/><\/figure>\n<\/div>\n<\/div>\n<\/div>\n<\/div>\n\n\n\n<div class=\"wp-block-group alignwide came-box-content-style-2 is-layout-flow wp-block-group-is-layout-flow\" style=\"padding-top:var(--wp--preset--spacing--70);padding-bottom:var(--wp--preset--spacing--70)\">\n<h2 class=\"wp-block-heading title-with-line\"><strong>Profilo utente finale<\/strong><\/h2>\n\n\n\n<div class=\"wp-block-columns is-layout-flex wp-container-core-columns-is-layout-3 wp-block-columns-is-layout-flex\" style=\"margin-bottom:var(--wp--preset--spacing--70)\">\n<div class=\"wp-block-column is-layout-flow wp-block-column-is-layout-flow\">\n<figure class=\"wp-block-image size-full image-fit-cover\"><img decoding=\"async\" src=\"https:\/\/www.came.com\/global\/wp-content\/uploads\/2024\/09\/connect-profilesuser.jpg\" alt=\"CAME automation app\" class=\"wp-image-8654\"\/><\/figure>\n<\/div>\n\n\n\n<div class=\"wp-block-column is-layout-flow wp-block-column-is-layout-flow\">\n<p class=\"has-medium-font-size\">Sperimenta un controllo senza interruzioni con AUTOMATION, la nostra app mobile gratuita, compatibile con smartphone Android e iOS. Gestisci i tuoi dispositivi da remoto in modo semplice e intuitivo, con tutta la comodit\u00e0 di un accesso immediato, sempre a portata di mano.<\/p>\n\n\n\n<p class=\"has-medium-font-size\"><strong><strong>Funzionalit\u00e0 di automazione delle App:<\/strong><\/strong><\/p>\n\n\n\n<ul class=\"has-medium-font-size\">\n<li><strong>Controllo remoto:<\/strong> gestisci facilmente tutte le operazioni connesse utilizzando un unico smartphone con comandi semplici e intuitivi.<\/li>\n\n\n\n<li><strong>Monitoraggio dello stato<\/strong>: controlla lo stato della tua automazione (aperta o chiusa) per la massima sicurezza, anche quando sei fuori casa.<\/li>\n<\/ul>\n\n\n\n<p class=\"has-medium-font-size\">Scarica oggi l&#8217;App AUTOMATION e goditi un controllo senza precedenti per la tua automazione<\/p>\n<\/div>\n<\/div>\n<\/div>\n","protected":false},"excerpt":{"rendered":"<p>Che cos&#8217;\u00e8 CAME CONNECT? CAME CONNECT \u00e8 una tecnologia all&#8217;avanguardia, sviluppata da CAME, che trasforma il modo di configurare e gestire i sistemi. Grazie alla connessione dei sistemi &nbsp;tramite Internet, CAME CONNECT non solo migliora l&#8217;esperienza degli utenti, ma apre anche nuove opportunit\u00e0 di business per gli installatori. Caratteristiche principali di CAME CONNECT: Scopri il [&hellip;]<\/p>\n","protected":false},"author":6,"featured_media":0,"parent":0,"menu_order":0,"comment_status":"closed","ping_status":"closed","template":"page_template-without-title.php","meta":{"elastic_search":"","powered_cache_disable_cache":false,"footnotes":""},"_links":{"self":[{"href":"https:\/\/www.came.com\/it\/wp-json\/wp\/v2\/pages\/12569"}],"collection":[{"href":"https:\/\/www.came.com\/it\/wp-json\/wp\/v2\/pages"}],"about":[{"href":"https:\/\/www.came.com\/it\/wp-json\/wp\/v2\/types\/page"}],"author":[{"embeddable":true,"href":"https:\/\/www.came.com\/it\/wp-json\/wp\/v2\/users\/6"}],"replies":[{"embeddable":true,"href":"https:\/\/www.came.com\/it\/wp-json\/wp\/v2\/comments?post=12569"}],"version-history":[{"count":10,"href":"https:\/\/www.came.com\/it\/wp-json\/wp\/v2\/pages\/12569\/revisions"}],"predecessor-version":[{"id":16252,"href":"https:\/\/www.came.com\/it\/wp-json\/wp\/v2\/pages\/12569\/revisions\/16252"}],"wp:attachment":[{"href":"https:\/\/www.came.com\/it\/wp-json\/wp\/v2\/media?parent=12569"}],"curies":[{"name":"wp","href":"https:\/\/api.w.org\/{rel}","templated":true}]}}