{"id":12494,"date":"2025-02-07T16:04:03","date_gmt":"2025-02-07T15:04:03","guid":{"rendered":"https:\/\/www.came.com\/it\/?page_id=12494"},"modified":"2025-05-15T14:20:44","modified_gmt":"2025-05-15T12:20:44","slug":"social-networks","status":"publish","type":"page","link":"https:\/\/www.came.com\/it\/social-networks\/","title":{"rendered":"Social networks"},"content":{"rendered":"\n<div class=\"wp-block-cover alignfull is-light\"><span aria-hidden=\"true\" class=\"wp-block-cover__background has-dark-grey-background-color has-background-dim\"><\/span><img decoding=\"async\" class=\"wp-block-cover__image-background wp-image-8788\" alt=\"CAME Social networks\" src=\"https:\/\/www.came.com\/global\/wp-content\/uploads\/2024\/09\/main_social_3038x10762-2-scaled.jpg\" data-object-fit=\"cover\"\/><div class=\"wp-block-cover__inner-container is-layout-flow wp-block-cover-is-layout-flow\">\n<div class=\"wp-block-group has-global-padding is-layout-constrained wp-block-group-is-layout-constrained\">\n<h4 class=\"wp-block-heading has-text-align-center has-white-color has-text-color has-link-color has-came-font-font-family wp-elements-9e287e674062d16df13d5c9a997bc982\"><strong>Connettiti con CAME sui Social Media<\/strong><\/h4>\n\n\n\n<h1 class=\"wp-block-heading has-text-align-center has-white-color has-text-color has-link-color wp-elements-bba29fd5b7d3cabf1b54830e7b0ec5f0\"><strong>Unisciti alla nostra comunit\u00e0 online<\/strong><\/h1>\n<\/div>\n<\/div><\/div>\n\n\n\n<div class=\"wp-block-group alignwide came-group-desc is-layout-flow wp-block-group-is-layout-flow\" style=\"margin-bottom:var(--wp--preset--spacing--60);padding-top:var(--wp--preset--spacing--80);padding-bottom:var(--wp--preset--spacing--80)\">\n<h4 class=\"wp-block-heading has-came-cyan-color has-text-color has-link-color has-came-font-font-family wp-elements-4877ac6177d47d7c9d6f78e3d7173c7b\"><strong><strong><strong>LA NOSTRA PRESENZA SUI SOCIAL MEDIA<\/strong><\/strong><\/strong><\/h4>\n\n\n\n<p class=\"has-medium-font-size\">CAME mantiene una presenza attiva su piattaforme come Facebook, Instagram, LinkedIn, WhatsApp e YouTube, sfruttando questi canali per connettersi direttamente con clienti e professionisti, condividere le ultime novit\u00e0 e interagire con la comunit\u00e0 pi\u00f9 ampia. Grazie a aggiornamenti regolari, post interattivi e conversazioni significative, CAME promuove una comunit\u00e0 online forte, assicurandosi che clienti e professionisti siano sempre informati e connessi con il marchio. Queste piattaforme non solo consentono a CAME di mostrare i propri prodotti e soluzioni, ma anche di ascoltare il feedback dei clienti, rispondere alle richieste e costruire relazioni durature con il proprio pubblico.<\/p>\n<\/div>\n\n\n\n<div class=\"wp-block-group alignfull came-box-custom-card is-layout-flow wp-block-group-is-layout-flow\" style=\"margin-top:0px;margin-bottom:0px\">\n<div class=\"wp-block-group alignfull has-white-background-color has-background is-layout-flow wp-block-group-is-layout-flow\" style=\"padding-bottom:var(--wp--preset--spacing--70)\">\n<div class=\"wp-block-group alignwide is-layout-flow wp-block-group-is-layout-flow\" style=\"padding-top:var(--wp--preset--spacing--80);padding-bottom:var(--wp--preset--spacing--70)\">\n<h2 class=\"wp-block-heading has-came-cyan-color has-text-color has-link-color has-came-font-font-family has-x-large-font-size wp-elements-6ff94d37238a70c48b2fbd11d2d5ebb7\"><strong>APPROCCIO CENTRATO SUL CLIENTE<\/strong><\/h2>\n<\/div>\n\n\n\n<div class=\"wp-block-group alignwide is-layout-flow wp-block-group-is-layout-flow\">\n<div class=\"wp-block-group cards-container is-layout-flow wp-block-group-is-layout-flow\">\n<div class=\"wp-block-group slider-card is-layout-flow wp-block-group-is-layout-flow\">\n<figure class=\"wp-block-image size-full is-resized\"><img decoding=\"async\" src=\"https:\/\/www.came.com\/global\/wp-content\/uploads\/2024\/11\/facebook.jpg\" alt=\"Facebook CAME\" class=\"wp-image-11287\" style=\"width:300px\"\/><\/figure>\n\n\n\n<div class=\"wp-block-group box-card-content is-layout-flow wp-block-group-is-layout-flow\">\n<h2 class=\"wp-block-heading has-came-dark-blue-color has-text-color has-link-color has-came-font-font-family has-x-large-font-size wp-elements-e62d900b8bc7591db81bdd99abad8a9b\">Facebook<\/h2>\n\n\n\n<p>Seguici su Facebook per aggiornamenti e interazioni con la comunit\u00e0<\/p>\n\n\n\n<div class=\"wp-block-buttons is-layout-flex wp-block-buttons-is-layout-flex\">\n<div class=\"wp-block-button\"><a class=\"wp-block-button__link wp-element-button\" href=\"https:\/\/www.facebook.com\/cameitalia\" target=\"_blank\" rel=\"noreferrer noopener\">Unisciti a noi<\/a><\/div>\n<\/div>\n<\/div>\n<\/div>\n\n\n\n<div class=\"wp-block-group slider-card is-layout-flow wp-block-group-is-layout-flow\">\n<figure class=\"wp-block-image size-full is-resized\"><img decoding=\"async\" src=\"https:\/\/www.came.com\/global\/wp-content\/uploads\/2024\/11\/instagram.jpg\" alt=\"Instagram CAME\" class=\"wp-image-11289\" style=\"width:300px\"\/><\/figure>\n\n\n\n<div class=\"wp-block-group box-card-content is-layout-flow wp-block-group-is-layout-flow\">\n<h2 class=\"wp-block-heading has-came-dark-blue-color has-text-color has-link-color has-came-font-font-family has-x-large-font-size wp-elements-7c4a0d8201046d8d21d24cd83fecf419\">Instagram<\/h2>\n\n\n\n<p>Scopri i nostri ultimi progetti e momenti dietro le quinte su Instagram<\/p>\n\n\n\n<div class=\"wp-block-buttons is-layout-flex wp-block-buttons-is-layout-flex\">\n<div class=\"wp-block-button\"><a class=\"wp-block-button__link wp-element-button\" href=\"https:\/\/www.instagram.com\/cameitalia\/\" target=\"_blank\" rel=\"noreferrer noopener\">Unisciti a noi<\/a><\/div>\n<\/div>\n<\/div>\n<\/div>\n\n\n\n<div class=\"wp-block-group slider-card is-layout-flow wp-block-group-is-layout-flow\">\n<figure class=\"wp-block-image size-full is-resized\"><img decoding=\"async\" src=\"https:\/\/www.came.com\/global\/wp-content\/uploads\/2024\/11\/linkedin.jpg\" alt=\"Linkedin CAME\" class=\"wp-image-11291\" style=\"width:300px\"\/><\/figure>\n\n\n\n<div class=\"wp-block-group box-card-content is-layout-flow wp-block-group-is-layout-flow\">\n<h2 class=\"wp-block-heading has-came-dark-blue-color has-text-color has-link-color has-came-font-font-family has-x-large-font-size wp-elements-0907e155d54c722dcc3ea77744dc5df4\">Linkedin<\/h2>\n\n\n\n<p>Connettiti con noi professionalmente su LinkedIn<\/p>\n\n\n\n<div class=\"wp-block-buttons is-layout-flex wp-block-buttons-is-layout-flex\">\n<div class=\"wp-block-button\"><a class=\"wp-block-button__link wp-element-button\" href=\"https:\/\/it.linkedin.com\/company\/came\" target=\"_blank\" rel=\"noreferrer noopener\">Unisciti a noi<\/a><\/div>\n<\/div>\n<\/div>\n<\/div>\n\n\n\n<div class=\"wp-block-group slider-card is-layout-flow wp-block-group-is-layout-flow\">\n<figure class=\"wp-block-image size-full is-resized\"><img decoding=\"async\" src=\"https:\/\/www.came.com\/global\/wp-content\/uploads\/2024\/11\/whatsapp.jpg\" alt=\"whatsapp CAME\" class=\"wp-image-11293\" style=\"width:300px\"\/><\/figure>\n\n\n\n<div class=\"wp-block-group box-card-content is-layout-flow wp-block-group-is-layout-flow\">\n<h2 class=\"wp-block-heading has-came-dark-blue-color has-text-color has-link-color has-came-font-font-family has-x-large-font-size wp-elements-e1de51e5e32fbb98feda36c2397a2d70\">Whatsapp<\/h2>\n\n\n\n<p>Rimani aggiornato sulle ultime novit\u00e0 dal mondo CAME<\/p>\n\n\n\n<div class=\"wp-block-button button-whatsapp-channel-desktop\"><a class=\"wp-block-button__link wp-element-button glightbox\" href=\"https:\/\/www.came.com\/it\/wp-content\/uploads\/2025\/02\/whatsapp_channel_qr.png\">Unisciti a noi<\/a><\/div>\n\n\n\n<div class=\"wp-block-button button-whatsapp-channel-mobile\"><a class=\"wp-block-button__link wp-element-button\" href=\"https:\/\/whatsapp.com\/channel\/0029Vamuq5D6hENl1j64t63J\" target=\"_blank\" rel=\"noreferrer noopener\">Unisciti a noi<\/a><\/div>\n<\/div>\n<\/div>\n\n\n\n<div class=\"wp-block-group slider-card is-layout-flow wp-block-group-is-layout-flow\">\n<figure class=\"wp-block-image size-full is-resized\"><img decoding=\"async\" src=\"https:\/\/www.came.com\/global\/wp-content\/uploads\/2024\/11\/youtube.jpg\" alt=\"youtube CAME\" class=\"wp-image-11295\" style=\"width:300px\"\/><\/figure>\n\n\n\n<div class=\"wp-block-group box-card-content is-layout-flow wp-block-group-is-layout-flow\">\n<h2 class=\"wp-block-heading has-came-dark-blue-color has-text-color has-link-color has-came-font-font-family has-x-large-font-size wp-elements-96ab964bc54c3325caa7fbb34054bd05\">Youtube<\/h2>\n\n\n\n<p>Guarda gli ultimi video sui prodotti e i nostri tutorial video<\/p>\n\n\n\n<div class=\"wp-block-buttons is-layout-flex wp-block-buttons-is-layout-flex\">\n<div class=\"wp-block-button\"><a class=\"wp-block-button__link wp-element-button\" href=\"https:\/\/www.youtube.com\/c\/CAMEItalia\" target=\"_blank\" rel=\"noreferrer noopener\">Unisciti a noi<\/a><\/div>\n<\/div>\n<\/div>\n<\/div>\n<\/div>\n<\/div>\n<\/div>\n<\/div>\n\n\n\n<div class=\"wp-block-group alignfull came-box-content-style-1 came-bg-dark has-came-dark-blue-background-color has-background is-layout-flow wp-block-group-is-layout-flow\" style=\"padding-top:var(--wp--preset--spacing--70);padding-bottom:var(--wp--preset--spacing--70)\">\n<div class=\"wp-block-group alignwide is-layout-flow wp-block-group-is-layout-flow\">\n<p class=\"has-white-color has-text-color has-link-color has-large-font-size wp-elements-ec5dd58864ac228e3059050b3fbc5685\" style=\"margin-top:var(--wp--preset--spacing--80);margin-bottom:var(--wp--preset--spacing--80)\">Rimani Connesso! Segui i nostri ultimi aggiornamenti, novit\u00e0 e momenti salienti della comunit\u00e0 iscrivendoti ai nostri profili sui social media. Seguici su Facebook, Instagram, LinkedIn, WhatsApp e YouTube per rimanere aggiornato e far parte della nostra comunit\u00e0 online.<\/p>\n<\/div>\n<\/div>\n","protected":false},"excerpt":{"rendered":"<p>LA NOSTRA PRESENZA SUI SOCIAL MEDIA CAME mantiene una presenza attiva su piattaforme come Facebook, Instagram, LinkedIn, WhatsApp e YouTube, sfruttando questi canali per connettersi direttamente con clienti e professionisti, condividere le ultime novit\u00e0 e interagire con la comunit\u00e0 pi\u00f9 ampia. Grazie a aggiornamenti regolari, post interattivi e conversazioni significative, CAME promuove una comunit\u00e0 online [&hellip;]<\/p>\n","protected":false},"author":6,"featured_media":0,"parent":0,"menu_order":0,"comment_status":"closed","ping_status":"closed","template":"page_template-without-title.php","meta":{"elastic_search":"","powered_cache_disable_cache":false,"footnotes":""},"_links":{"self":[{"href":"https:\/\/www.came.com\/it\/wp-json\/wp\/v2\/pages\/12494"}],"collection":[{"href":"https:\/\/www.came.com\/it\/wp-json\/wp\/v2\/pages"}],"about":[{"href":"https:\/\/www.came.com\/it\/wp-json\/wp\/v2\/types\/page"}],"author":[{"embeddable":true,"href":"https:\/\/www.came.com\/it\/wp-json\/wp\/v2\/users\/6"}],"replies":[{"embeddable":true,"href":"https:\/\/www.came.com\/it\/wp-json\/wp\/v2\/comments?post=12494"}],"version-history":[{"count":10,"href":"https:\/\/www.came.com\/it\/wp-json\/wp\/v2\/pages\/12494\/revisions"}],"predecessor-version":[{"id":15281,"href":"https:\/\/www.came.com\/it\/wp-json\/wp\/v2\/pages\/12494\/revisions\/15281"}],"wp:attachment":[{"href":"https:\/\/www.came.com\/it\/wp-json\/wp\/v2\/media?parent=12494"}],"curies":[{"name":"wp","href":"https:\/\/api.w.org\/{rel}","templated":true}]}}