{"id":12485,"date":"2025-02-07T15:08:51","date_gmt":"2025-02-07T14:08:51","guid":{"rendered":"https:\/\/www.came.com\/it\/?page_id=12485"},"modified":"2025-08-05T09:57:54","modified_gmt":"2025-08-05T07:57:54","slug":"quality","status":"publish","type":"page","link":"https:\/\/www.came.com\/it\/quality\/","title":{"rendered":"Quality"},"content":{"rendered":"\n<div class=\"wp-block-cover alignfull box-cover\"><span aria-hidden=\"true\" class=\"wp-block-cover__background has-came-dark-blue-background-color has-background-dim\"><\/span><img decoding=\"async\" class=\"wp-block-cover__image-background wp-image-8582\" alt=\"\" src=\"https:\/\/www.came.com\/global\/wp-content\/uploads\/2024\/08\/main_quality_3038x1076-scaled.jpg\" style=\"object-position:50% 74%\" data-object-fit=\"cover\" data-object-position=\"50% 74%\"\/><div class=\"wp-block-cover__inner-container is-layout-flow wp-block-cover-is-layout-flow\">\n<div class=\"wp-block-group has-global-padding is-layout-constrained wp-block-group-is-layout-constrained\">\n<h4 class=\"wp-block-heading has-text-align-center has-white-color has-text-color has-link-color has-came-font-font-family wp-elements-da1f90fe4bacdbeeef08605149a8a19e\">CAME<\/h4>\n\n\n\n<h1 class=\"wp-block-heading has-text-align-center has-white-color has-text-color has-link-color wp-elements-1db2d058ad6a0d6a3cb74c4d2f3764bd\">Qualit\u00e0<\/h1>\n<\/div>\n<\/div><\/div>\n\n\n\n<div class=\"wp-block-group alignwide came-group-desc is-layout-flow wp-block-group-is-layout-flow\" style=\"padding-top:var(--wp--preset--spacing--80);padding-bottom:var(--wp--preset--spacing--80)\">\n<h4 class=\"wp-block-heading has-text-align-center has-came-cyan-color has-text-color has-link-color has-came-font-font-family wp-elements-2593e58627a1cb9069850c58c8436333\"><strong>Siamo la qualit\u00e0 che vogliamo raggiungere<\/strong><\/h4>\n\n\n\n<p class=\"has-text-align-center has-medium-font-size\">La metodologia di lavoro di CAME si basa sul <strong>miglioramento continuo dei processi produttivi, <\/strong>dellasicurezza e delle relazioni, ma un grande risultato pu\u00f2 essere raggiunto solo con <strong>il contributo di tutti<\/strong>.<\/p>\n\n\n\n<p class=\"has-text-align-center has-medium-font-size\">Ogni fase del prodotto \u00e8 monitorata in tempo reale, l&#8217;ordine \u00e8 tracciabile ed \u00e8 sempre disponibile l&#8217;analisi dei dati di rendimento dell&#8217;intero flusso produttivo. Questo sistema di visione globale porta a un <strong>miglioramento dell&#8217;intero processo produttivo<\/strong> e a una maggiore competitivit\u00e0 in un mercato sempre pi\u00f9 globalizzato.<\/p>\n<\/div>\n\n\n\n<div class=\"wp-block-group alignfull came-box-custom-card is-layout-flow wp-block-group-is-layout-flow\" style=\"margin-top:0px;margin-bottom:0px\">\n<div class=\"wp-block-group alignfull has-white-background-color has-background is-layout-flow wp-block-group-is-layout-flow\" style=\"padding-bottom:var(--wp--preset--spacing--70)\">\n<div class=\"wp-block-group alignwide is-layout-flow wp-block-group-is-layout-flow\">\n<div class=\"wp-block-group cards-container is-layout-flow wp-block-group-is-layout-flow\">\n<div class=\"wp-block-group slider-card is-layout-flow wp-block-group-is-layout-flow\">\n<figure class=\"wp-block-image size-large is-resized\"><img decoding=\"async\" src=\"https:\/\/www.came.com\/global\/wp-content\/uploads\/2024\/07\/quality_330x330COMPLIANCE-2.jpg\" alt=\"\" style=\"width:300px\"\/><\/figure>\n\n\n\n<div class=\"wp-block-group box-card-content is-layout-flow wp-block-group-is-layout-flow\">\n<h2 class=\"wp-block-heading has-came-dark-blue-color has-text-color has-link-color has-came-font-font-family has-medium-font-size wp-elements-4e154ddadb3021bc9d747960666ce361\">R&amp;D<\/h2>\n<\/div>\n<\/div>\n\n\n\n<div class=\"wp-block-group slider-card is-layout-flow wp-block-group-is-layout-flow\">\n<figure class=\"wp-block-image size-large is-resized\"><img decoding=\"async\" src=\"https:\/\/www.came.com\/global\/wp-content\/uploads\/2024\/07\/quality_330x330LOGISTICS.jpg\" alt=\"\" style=\"width:300px\"\/><\/figure>\n\n\n\n<div class=\"wp-block-group box-card-content is-layout-flow wp-block-group-is-layout-flow\">\n<h2 class=\"wp-block-heading has-came-dark-blue-color has-text-color has-link-color has-came-font-font-family has-medium-font-size wp-elements-929fd55a4872c48e87266d39a0d1abe1\">Conformit\u00e0 del prodotto<\/h2>\n<\/div>\n<\/div>\n\n\n\n<div class=\"wp-block-group slider-card is-layout-flow wp-block-group-is-layout-flow\">\n<figure class=\"wp-block-image size-large is-resized\"><img decoding=\"async\" src=\"https:\/\/www.came.com\/global\/wp-content\/uploads\/2024\/07\/quality_330x330RD.jpg\" alt=\"\" style=\"width:300px\"\/><\/figure>\n\n\n\n<div class=\"wp-block-group box-card-content is-layout-flow wp-block-group-is-layout-flow\">\n<h2 class=\"wp-block-heading has-came-dark-blue-color has-text-color has-link-color has-came-font-font-family has-medium-font-size wp-elements-48d1e3358dd582c0b24038eb92b88719\">Test prodotto<\/h2>\n<\/div>\n<\/div>\n\n\n\n<div class=\"wp-block-group slider-card is-layout-flow wp-block-group-is-layout-flow\">\n<figure class=\"wp-block-image size-large is-resized\"><img decoding=\"async\" src=\"https:\/\/www.came.com\/global\/wp-content\/uploads\/2024\/07\/quality_330x330SERVICE.jpg\" alt=\"\" style=\"width:300px\"\/><\/figure>\n\n\n\n<div class=\"wp-block-group box-card-content is-layout-flow wp-block-group-is-layout-flow\">\n<h2 class=\"wp-block-heading has-came-dark-blue-color has-text-color has-link-color has-came-font-font-family has-medium-font-size wp-elements-ea270d2595cfcdcff791d1722596f35a\">Logistica<\/h2>\n<\/div>\n<\/div>\n\n\n\n<div class=\"wp-block-group slider-card is-layout-flow wp-block-group-is-layout-flow\">\n<figure class=\"wp-block-image size-large is-resized\"><img decoding=\"async\" src=\"https:\/\/www.came.com\/global\/wp-content\/uploads\/2024\/07\/quality_330x330TEST.jpg\" alt=\"\" style=\"width:300px\"\/><\/figure>\n\n\n\n<div class=\"wp-block-group box-card-content is-layout-flow wp-block-group-is-layout-flow\">\n<h2 class=\"wp-block-heading has-came-dark-blue-color has-text-color has-link-color has-came-font-font-family has-medium-font-size wp-elements-e357a9e01f0c2c9c390511c02eef0ae7\">Service<\/h2>\n<\/div>\n<\/div>\n<\/div>\n<\/div>\n<\/div>\n<\/div>\n\n\n\n<div class=\"wp-block-group alignwide came-group-desc is-layout-flow wp-block-group-is-layout-flow\" style=\"padding-top:var(--wp--preset--spacing--80);padding-bottom:var(--wp--preset--spacing--80)\">\n<h4 class=\"wp-block-heading has-text-align-center has-came-cyan-color has-text-color has-link-color has-came-font-font-family wp-elements-02b258f762f5530f491e737840e215eb\"><strong>LA QUALIT\u00c0 \u00c8 IL NOSTRO PRINCIPIO GUIDA<\/strong><\/h4>\n\n\n\n<p class=\"has-text-align-center has-medium-font-size\">Vogliamo elevare tutti gli standard dei sistemi produttivi e fare della qualit\u00e0 un valore diffuso e condiviso in una struttura organizzativa che promuove una interazione costante,&nbsp; proficua e aperto tra tutti i reparti del sistema CAME: <strong>R&amp;D \u2013 Central Test Lab \u2013 Produzione \u2013 Logistica \u2013 Assistenza.<\/strong><br>La qualit\u00e0 \u00e8 un processo che coinvolge non solo i dipendenti CAME ma anche i professionisti che scelgono i nostri prodotti per offrire <strong>&nbsp;soluzioni affidabili e innovative<\/strong> che migliorino la vita dei loro clienti.<\/p>\n<\/div>\n\n\n\n<div class=\"wp-block-group alignwide came-group-desc is-layout-flow wp-block-group-is-layout-flow\" style=\"padding-top:var(--wp--preset--spacing--80);padding-bottom:var(--wp--preset--spacing--80)\">\n<h4 class=\"wp-block-heading has-text-align-center has-came-cyan-color has-text-color has-link-color has-came-font-font-family wp-elements-89022072de94f14f11ca3d7cf206a05e\"><strong>UN INNOVATIVO SISTEMA PRODUTTIVO PER RAGGIUNGERE NUOVI OBIETTIVI<\/strong><\/h4>\n\n\n\n<p class=\"has-text-align-center has-medium-font-size\">L&#8217;introduzione di processi di Smart Manufacturing permette a tutti i collaboratori di lavorare in modo pi\u00f9 efficiente e integrato, introducendo un livello innovativo di rapidit\u00e0 e adattabilit\u00e0 nell&#8217;intera linea produttiva. Ci consente anche di tenere sotto controllo continuamente i risultati, promuovendo l&#8217;adozione di pratiche efficaci e la possibilit\u00e0 di replicare gli standard ottenuti.<\/p>\n<\/div>\n\n\n\n<div class=\"wp-block-group alignwide came-box-gallery-slider is-layout-flow wp-block-group-is-layout-flow\">\n<figure class=\"wp-block-gallery alignfull has-nested-images columns-3 gallery-slider wp-block-gallery-1 is-layout-flex wp-block-gallery-is-layout-flex\">\n<figure class=\"wp-block-image size-full\"><a href=\"https:\/\/www.came.com\/global\/wp-content\/uploads\/2024\/07\/quality_800x800A.jpg\" target=\"_blank\" rel=\"noopener\"><img decoding=\"async\" src=\"https:\/\/www.came.com\/global\/wp-content\/uploads\/2024\/07\/quality_800x800A.jpg\" alt=\"CAME Quality inside\" class=\"wp-image-6384\"\/><\/a><\/figure>\n\n\n\n<figure class=\"wp-block-image size-full\"><a href=\"https:\/\/www.came.com\/global\/wp-content\/uploads\/2024\/07\/quality_800x800B-1.jpg\" target=\"_blank\" rel=\"noopener\"><img decoding=\"async\" src=\"https:\/\/www.came.com\/global\/wp-content\/uploads\/2024\/07\/quality_800x800B-1.jpg\" alt=\"CAME Quality inside\" class=\"wp-image-6386\"\/><\/a><\/figure>\n\n\n\n<figure class=\"wp-block-image size-full\"><a href=\"https:\/\/www.came.com\/global\/wp-content\/uploads\/2024\/07\/quality_800x800C.jpg\" target=\"_blank\" rel=\"noopener\"><img decoding=\"async\" src=\"https:\/\/www.came.com\/global\/wp-content\/uploads\/2024\/07\/quality_800x800C.jpg\" alt=\"CAME Quality inside\" class=\"wp-image-6388\"\/><\/a><\/figure>\n\n\n\n<figure class=\"wp-block-image size-full\"><a href=\"https:\/\/www.came.com\/global\/wp-content\/uploads\/2024\/07\/quality_800x800D.jpg\" target=\"_blank\" rel=\"noopener\"><img decoding=\"async\" src=\"https:\/\/www.came.com\/global\/wp-content\/uploads\/2024\/07\/quality_800x800D.jpg\" alt=\"CAME Quality inside\" class=\"wp-image-6390\"\/><\/a><\/figure>\n\n\n\n<figure class=\"wp-block-image size-full\"><a href=\"https:\/\/www.came.com\/global\/wp-content\/uploads\/2024\/07\/quality_800x800E.jpg\" target=\"_blank\" rel=\"noopener\"><img decoding=\"async\" src=\"https:\/\/www.came.com\/global\/wp-content\/uploads\/2024\/07\/quality_800x800E.jpg\" alt=\"CAME Quality inside\" class=\"wp-image-6392\"\/><\/a><\/figure>\n\n\n\n<figure class=\"wp-block-image size-full\"><a href=\"https:\/\/www.came.com\/global\/wp-content\/uploads\/2024\/07\/quality_800x800F.jpg\" target=\"_blank\" rel=\"noopener\"><img decoding=\"async\" src=\"https:\/\/www.came.com\/global\/wp-content\/uploads\/2024\/07\/quality_800x800F.jpg\" alt=\"CAME Quality inside\" class=\"wp-image-6394\"\/><\/a><\/figure>\n<\/figure>\n<\/div>\n\n\n\n<div class=\"wp-block-group alignwide came-group-desc is-layout-flow wp-block-group-is-layout-flow\" style=\"padding-top:var(--wp--preset--spacing--80);padding-bottom:var(--wp--preset--spacing--80)\">\n<p class=\"has-text-align-center has-medium-font-size\">Ogni fase del prodotto \u00e8 monitorata in tempo reale, l&#8217;ordine \u00e8 tracciabile ed \u00e8 sempre disponibile l&#8217;analisi dei dati di performance dell&#8217;intero flusso produttivo. Questo sistema di visione globale porta a un <strong>miglioramento dell&#8217;intero processo produttivo<\/strong> e a una maggiore competitivit\u00e0, condizione essenziale per essere operativi in un mercato sempre pi\u00f9 globalizzato.<\/p>\n<\/div>\n","protected":false},"excerpt":{"rendered":"<p>Siamo la qualit\u00e0 che vogliamo raggiungere La metodologia di lavoro di CAME si basa sul miglioramento continuo dei processi produttivi, dellasicurezza e delle relazioni, ma un grande risultato pu\u00f2 essere raggiunto solo con il contributo di tutti. Ogni fase del prodotto \u00e8 monitorata in tempo reale, l&#8217;ordine \u00e8 tracciabile ed \u00e8 sempre disponibile l&#8217;analisi dei [&hellip;]<\/p>\n","protected":false},"author":6,"featured_media":0,"parent":0,"menu_order":0,"comment_status":"closed","ping_status":"closed","template":"page_template-without-title.php","meta":{"elastic_search":"","powered_cache_disable_cache":false,"footnotes":""},"_links":{"self":[{"href":"https:\/\/www.came.com\/it\/wp-json\/wp\/v2\/pages\/12485"}],"collection":[{"href":"https:\/\/www.came.com\/it\/wp-json\/wp\/v2\/pages"}],"about":[{"href":"https:\/\/www.came.com\/it\/wp-json\/wp\/v2\/types\/page"}],"author":[{"embeddable":true,"href":"https:\/\/www.came.com\/it\/wp-json\/wp\/v2\/users\/6"}],"replies":[{"embeddable":true,"href":"https:\/\/www.came.com\/it\/wp-json\/wp\/v2\/comments?post=12485"}],"version-history":[{"count":10,"href":"https:\/\/www.came.com\/it\/wp-json\/wp\/v2\/pages\/12485\/revisions"}],"predecessor-version":[{"id":15618,"href":"https:\/\/www.came.com\/it\/wp-json\/wp\/v2\/pages\/12485\/revisions\/15618"}],"wp:attachment":[{"href":"https:\/\/www.came.com\/it\/wp-json\/wp\/v2\/media?parent=12485"}],"curies":[{"name":"wp","href":"https:\/\/api.w.org\/{rel}","templated":true}]}}