{"id":12469,"date":"2025-02-06T16:31:29","date_gmt":"2025-02-06T15:31:29","guid":{"rendered":"https:\/\/www.came.com\/it\/?page_id=12469"},"modified":"2026-04-13T17:23:28","modified_gmt":"2026-04-13T15:23:28","slug":"lavora-con-noi","status":"publish","type":"page","link":"https:\/\/www.came.com\/it\/lavora-con-noi\/","title":{"rendered":"lavora con noi"},"content":{"rendered":"\n<div class=\"wp-block-cover alignfull\" style=\"margin-bottom:0\"><span aria-hidden=\"true\" class=\"wp-block-cover__background has-dark-grey-background-color has-background-dim-40 has-background-dim\"><\/span><img loading=\"lazy\" decoding=\"async\" width=\"2048\" height=\"725\" class=\"wp-block-cover__image-background wp-image-14466\" alt=\"\" src=\"https:\/\/www.came.com\/it\/wp-content\/uploads\/2025\/03\/join-us_3038x1076-2048x725-1.jpg\" data-object-fit=\"cover\" srcset=\"https:\/\/www.came.com\/it\/wp-content\/uploads\/2025\/03\/join-us_3038x1076-2048x725-1.jpg 2048w, https:\/\/www.came.com\/it\/wp-content\/uploads\/2025\/03\/join-us_3038x1076-2048x725-1-1024x363.jpg 1024w, https:\/\/www.came.com\/it\/wp-content\/uploads\/2025\/03\/join-us_3038x1076-2048x725-1-1920x680.jpg 1920w, https:\/\/www.came.com\/it\/wp-content\/uploads\/2025\/03\/join-us_3038x1076-2048x725-1-768x272.jpg 768w, https:\/\/www.came.com\/it\/wp-content\/uploads\/2025\/03\/join-us_3038x1076-2048x725-1-1536x544.jpg 1536w\" sizes=\"(max-width: 2048px) 100vw, 2048px\" \/><div class=\"wp-block-cover__inner-container has-global-padding is-layout-constrained wp-block-cover-is-layout-constrained\">\n<h4 class=\"wp-block-heading has-text-align-center has-medium-font-size\"><strong>LAVORA CON NOI<\/strong><\/h4>\n\n\n\n<h4 class=\"wp-block-heading has-text-align-center has-x-large-font-size\"><strong>Le persone, la nostra risorsa pi\u00f9 preziosa<\/strong><\/h4>\n\n\n\n<div class=\"wp-block-buttons align-with-bottom is-content-justification-center is-layout-flex wp-container-core-buttons-is-layout-1 wp-block-buttons-is-layout-flex\" style=\"margin-top:var(--wp--preset--spacing--70)\">\n<div class=\"wp-block-button\"><a class=\"wp-block-button__link wp-element-button\" href=\"#offerte\">Vedi le offerte<\/a><\/div>\n<\/div>\n<\/div><\/div>\n\n\n\n<div class=\"wp-block-group alignfull came-box-content-style-3 has-white-background-color has-background is-layout-flow wp-block-group-is-layout-flow\" style=\"margin-top:0px;margin-bottom:0px\">\n<div class=\"wp-block-group alignwide has-white-background-color has-background is-layout-flow wp-block-group-is-layout-flow\">\n<div class=\"wp-block-columns is-layout-flex wp-container-core-columns-is-layout-1 wp-block-columns-is-layout-flex\">\n<div class=\"wp-block-column is-vertically-aligned-center is-layout-flow wp-block-column-is-layout-flow\">\n<div class=\"wp-block-group box-content is-layout-flow wp-block-group-is-layout-flow\">\n<h2 class=\"wp-block-heading has-came-font-font-family\">TANTE CULTURE, UN UNICO ORIZZONTE<\/h2>\n\n\n\n<p class=\"has-medium-font-size\">In CAME pensiamo da sempre che le persone siano il vero motore dell\u2019azienda, la risorsa pi\u00f9 preziosa su cui investire quotidianamente.<\/p>\n\n\n\n<p>Oggi il nostro Gruppo conta oltre 2500 collaboratori in tutto il mondo e la presenza su mercati diversi rappresenta un\u2019importante occasione di crescita.<\/p>\n\n\n\n<p>Il cuore di CAME batte nell\u2019Headquarters di Dosson di Casier, centro della progettazione e punto&nbsp; nevralgico dell\u2019intero engineering, ma le nostre sedi&nbsp;commerciali e produttive sono presenti in tutto il mondo.<\/p>\n\n\n\n<div class=\"wp-block-buttons align-with-bottom is-layout-flex wp-block-buttons-is-layout-flex\" style=\"margin-top:var(--wp--preset--spacing--70)\">\n<div class=\"wp-block-button\"><a class=\"wp-block-button__link wp-element-button\" href=\"#offerte\">Vedi le offerte<\/a><\/div>\n<\/div>\n<\/div>\n<\/div>\n\n\n\n<div class=\"wp-block-column image-wide-half is-layout-flow wp-block-column-is-layout-flow\">\n<figure class=\"wp-block-image size-full image-fit-cover\"><img loading=\"lazy\" decoding=\"async\" width=\"1000\" height=\"667\" src=\"https:\/\/www.came.com\/it\/wp-content\/uploads\/2025\/03\/rd_1000x667.jpg\" alt=\"r&amp;d CAME\" class=\"wp-image-14508\" srcset=\"https:\/\/www.came.com\/it\/wp-content\/uploads\/2025\/03\/rd_1000x667.jpg 1000w, https:\/\/www.came.com\/it\/wp-content\/uploads\/2025\/03\/rd_1000x667-768x512.jpg 768w\" sizes=\"(max-width: 1000px) 100vw, 1000px\" \/><\/figure>\n<\/div>\n<\/div>\n<\/div>\n<\/div>\n\n\n\n<div class=\"wp-block-group alignfull came-box-content-style-2 came-bg-dark has-came-dark-blue-background-color has-background is-layout-flow wp-block-group-is-layout-flow\" style=\"padding-top:var(--wp--preset--spacing--70);padding-bottom:var(--wp--preset--spacing--70)\">\n<div class=\"wp-block-group alignwide is-layout-flow wp-block-group-is-layout-flow\">\n<h2 class=\"wp-block-heading title-with-line has-white-color has-text-color has-link-color wp-elements-d83169e488f068d1b1559b10893d6daa\">L&#8217;attenzione al capitale umano<\/h2>\n\n\n\n<div class=\"wp-block-columns is-layout-flex wp-container-core-columns-is-layout-2 wp-block-columns-is-layout-flex\" style=\"margin-bottom:var(--wp--preset--spacing--70)\">\n<div class=\"wp-block-column is-layout-flow wp-block-column-is-layout-flow\">\n<figure class=\"wp-block-image size-full\"><img loading=\"lazy\" decoding=\"async\" width=\"1000\" height=\"667\" src=\"https:\/\/www.came.com\/it\/wp-content\/uploads\/2025\/03\/training_1000x667.jpg\" alt=\"training CAME\" class=\"wp-image-14515\" srcset=\"https:\/\/www.came.com\/it\/wp-content\/uploads\/2025\/03\/training_1000x667.jpg 1000w, https:\/\/www.came.com\/it\/wp-content\/uploads\/2025\/03\/training_1000x667-768x512.jpg 768w\" sizes=\"(max-width: 1000px) 100vw, 1000px\" \/><\/figure>\n<\/div>\n\n\n\n<div class=\"wp-block-column is-layout-flow wp-block-column-is-layout-flow\">\n<p class=\"has-light-grey-color has-text-color has-link-color has-medium-font-size wp-elements-4385fa230a545c89aa1be8b515a5802e\">Riserviamo un\u2019attenzione concreta al benessere delle persone e alla valorizzazione del capitale umano.<br>Il nostro obiettivo non \u00e8 solo quello di creare un ambiente stimolante per favorire il lavoro di squadra e la condivisione interna, ma anche quello di essere il pi\u00f9 vicini possibile alle reali esigenze dei nostri collaboratori.<\/p>\n\n\n\n<p class=\"has-light-grey-color has-text-color has-link-color has-small-font-size wp-elements-7a24c63b5b955354b9b1b29f2bc77461\">\u00c8 con questo spirito che costruiamo adeguati piani formativi e di sviluppo organizzativo per le nostre risorse, progetti strutturati di welfare a tuttotondo, espressione della volont\u00e0 dell\u2019azienda di trovare modi sempre nuovi per migliorare la qualit\u00e0 e la crescita all\u2019interno della nostra community.<\/p>\n\n\n\n<div class=\"wp-block-buttons align-with-bottom buttons-for-dark-bg is-layout-flex wp-block-buttons-is-layout-flex\">\n<div class=\"wp-block-button\"><a class=\"wp-block-button__link wp-element-button\" href=\"#offerte\">Vedi le offerte<\/a><\/div>\n<\/div>\n<\/div>\n<\/div>\n<\/div>\n<\/div>\n\n\n\n<div class=\"wp-block-group alignwide came-box-content-style-2 is-layout-flow wp-block-group-is-layout-flow\" style=\"padding-top:var(--wp--preset--spacing--70);padding-bottom:var(--wp--preset--spacing--70)\">\n<h2 class=\"wp-block-heading title-with-line\">Innovazione continua<\/h2>\n\n\n\n<div class=\"wp-block-columns is-layout-flex wp-container-core-columns-is-layout-3 wp-block-columns-is-layout-flex\" style=\"margin-bottom:var(--wp--preset--spacing--70)\">\n<div class=\"wp-block-column is-layout-flow wp-block-column-is-layout-flow\">\n<p class=\"has-medium-font-size\">Da sempre sosteniamo importanti investimenti in R&amp;D come strumento indispensabile per continuare a incrementare il grado di innovazione dei nostri progetti.<\/p>\n\n\n\n<p>Un team di oltre 130 progettisti e 60 brevetti maturati fino ad oggi testimoniano il nostro modo di pensare l\u2019innovazione.<\/p>\n\n\n\n<div class=\"wp-block-buttons align-with-bottom is-layout-flex wp-block-buttons-is-layout-flex\">\n<div class=\"wp-block-button\"><a class=\"wp-block-button__link wp-element-button\" href=\"#offerte\">Vedi le offerte<\/a><\/div>\n<\/div>\n<\/div>\n\n\n\n<div class=\"wp-block-column is-layout-flow wp-block-column-is-layout-flow\">\n<figure class=\"wp-block-image size-full\"><img loading=\"lazy\" decoding=\"async\" width=\"1000\" height=\"667\" src=\"https:\/\/www.came.com\/it\/wp-content\/uploads\/2025\/03\/test-lab_1000x667.jpg\" alt=\"Lavora con noi CAME\" class=\"wp-image-14520\" srcset=\"https:\/\/www.came.com\/it\/wp-content\/uploads\/2025\/03\/test-lab_1000x667.jpg 1000w, https:\/\/www.came.com\/it\/wp-content\/uploads\/2025\/03\/test-lab_1000x667-768x512.jpg 768w\" sizes=\"(max-width: 1000px) 100vw, 1000px\" \/><\/figure>\n<\/div>\n<\/div>\n<\/div>\n\n\n\n<div class=\"wp-block-group alignfull came-box-accordion1 has-white-background-color has-background is-layout-flow wp-block-group-is-layout-flow\" id=\"offerte\" style=\"margin-top:0px;margin-bottom:0px;padding-top:var(--wp--preset--spacing--60);padding-right:var(--wp--preset--spacing--50);padding-bottom:var(--wp--preset--spacing--60);padding-left:var(--wp--preset--spacing--50)\">\n<div class=\"wp-block-group alignwide came-group-accordion is-layout-flow wp-block-group-is-layout-flow\">\n<div class=\"wp-block-group accordion-item is-layout-flow wp-block-group-is-layout-flow\">\n<h3 class=\"wp-block-heading accordion-heading has-medium-font-size\"><strong>Candidatura spontanea<\/strong><\/h3>\n\n\n\n<div class=\"wp-block-group accordion-content is-layout-flow wp-block-group-is-layout-flow\">\n<p class=\"has-medium-font-size\">Inserisci il tuo Curriculum e invia la tua candidatura spontanea per entrare a far parte della nostra squadra.<\/p>\n\n\n\n<p class=\"has-small-font-size\">Sede di lavoro: Casier (TV)<\/p>\n\n\n\n<div class=\"wp-block-buttons align-with-bottom is-layout-flex wp-block-buttons-is-layout-flex\">\n<div class=\"wp-block-button\"><a class=\"wp-block-button__link wp-element-button\" href=\"\/it\/form-candidati?offerta=candidatura_spontanea\" rel=\"nofollow\">Candidati ora<\/a><\/div>\n<\/div>\n<\/div>\n<\/div>\n\n\n\n<div class=\"wp-block-group accordion-item is-layout-flow wp-block-group-is-layout-flow\">\n<h3 class=\"wp-block-heading accordion-heading has-dark-grey-color has-text-color has-link-color has-medium-font-size wp-elements-d713a83eaee7bf0a1ba613a5f161375c\"><strong>Stage Ufficio Sales<\/strong><\/h3>\n\n\n\n<div class=\"wp-block-group accordion-content is-layout-flow wp-block-group-is-layout-flow\">\n<p class=\"has-medium-font-size\"><strong>Attivit\u00e0 principali<\/strong><\/p>\n\n\n\n<ul>\n<li>Supporto nell\u2019analisi delle vendite<\/li>\n\n\n\n<li>Monitoraggio e analisi dello stock prodotti presso le filiali<\/li>\n\n\n\n<li>Creazione e aggiornamento del database vendite (sell-out)<\/li>\n\n\n\n<li>Supporto nella preparazione di presentazioni per la Direzione Commerciale<\/li>\n<\/ul>\n\n\n\n<p class=\"has-medium-font-size\"><strong>Profilo richiesto<\/strong><\/p>\n\n\n\n<ul>\n<li>Laurea in Economia Aziendale\/Statistica\/Ingegneria Gestionale<\/li>\n\n\n\n<li>Buona conoscenza della lingua inglese<\/li>\n\n\n\n<li>Buona padronanza di Excel<\/li>\n<\/ul>\n\n\n\n<p class=\"has-medium-font-size\"><strong>Cosa offriamo<\/strong><\/p>\n\n\n\n<ul>\n<li>Stage della durata di 6 mesi a scopo assunzione <\/li>\n\n\n\n<li>Rimborso mensile di 600 euro<\/li>\n\n\n\n<li>Mensa a titolo gratuito<\/li>\n<\/ul>\n\n\n\n<p>Sede di lavoro:&nbsp;Dosson di Casier (TV)<\/p>\n\n\n\n<div class=\"wp-block-buttons align-with-bottom is-layout-flex wp-block-buttons-is-layout-flex\">\n<div class=\"wp-block-button\"><a class=\"wp-block-button__link wp-element-button\" href=\"https:\/\/www.came.com\/it\/form-candidati?offerta=Stage-Ufficio-Sales\">Candidati ora<\/a><\/div>\n<\/div>\n<\/div>\n<\/div>\n\n\n\n<div class=\"wp-block-group accordion-item is-layout-flow wp-block-group-is-layout-flow\">\n<h3 class=\"wp-block-heading accordion-heading has-dark-grey-color has-text-color has-link-color has-medium-font-size wp-elements-265f58e9fa087a13eb9251db860832b6\"><strong>Stage Ufficio Marketing <\/strong><\/h3>\n\n\n\n<div class=\"wp-block-group accordion-content is-layout-flow wp-block-group-is-layout-flow\">\n<p class=\"has-medium-font-size\"><strong>Attivit\u00e0 principali<\/strong><\/p>\n\n\n\n<ul>\n<li>Revisione e controllo di brochure e documentazione<\/li>\n\n\n\n<li>Gestione e aggiornamento liste gadget tramite Excel<\/li>\n\n\n\n<li>Predisposizione di presentazioni in PowerPoint<\/li>\n\n\n\n<li>Supporto nella preparazione di materiali e welcome kit per eventi e attivit\u00e0 di merchandising<\/li>\n<\/ul>\n\n\n\n<p class=\"has-medium-font-size\"><strong>Profilo richiesto<\/strong><\/p>\n\n\n\n<ul>\n<li>Buona conoscenza del pacchetto Microsoft Office (in particolare Excel e PowerPoint)<\/li>\n\n\n\n<li>Buona conoscenza della lingua inglese<\/li>\n\n\n\n<li>Precisione, attenzione al dettaglio e capacit\u00e0 organizzative<\/li>\n\n\n\n<li>Attitudine al lavoro in team<\/li>\n<\/ul>\n\n\n\n<p class=\"has-medium-font-size\"><strong>Cosa offriamo<\/strong><\/p>\n\n\n\n<ul>\n<li>Rimborso mensile di 600 euro<\/li>\n\n\n\n<li>Mensa a titolo gratuito<\/li>\n<\/ul>\n\n\n\n<p>Sede di lavoro:&nbsp;Dosson di Casier (TV)<\/p>\n\n\n\n<div class=\"wp-block-buttons align-with-bottom is-layout-flex wp-block-buttons-is-layout-flex\">\n<div class=\"wp-block-button\"><a class=\"wp-block-button__link wp-element-button\" href=\"https:\/\/www.came.com\/it\/form-candidati?offerta=Stage-Ufficio-Marketing\">Candidati ora<\/a><\/div>\n<\/div>\n<\/div>\n<\/div>\n\n\n\n<div class=\"wp-block-group accordion-item is-layout-flow wp-block-group-is-layout-flow\">\n<h3 class=\"wp-block-heading accordion-heading has-medium-font-size\">Cloud Developer <\/h3>\n\n\n\n<div class=\"wp-block-group accordion-content is-layout-flow wp-block-group-is-layout-flow\">\n<p class=\"has-small-font-size\">Siamo alla ricerca di un\/a&nbsp;<strong>Cloud Developer<\/strong>&nbsp;da inserire nel team&nbsp;<strong>R&amp;D Software<\/strong>. La risorsa sar\u00e0 coinvolta in progetti e attivit\u00e0 legati all\u2019ecosistema cloud e ai prodotti connessi dell\u2019azienda, contribuendo all\u2019intero ciclo di sviluppo software: dalla progettazione dell\u2019architettura alla realizzazione di interfacce utente intuitive, fino allo sviluppo della logica backend e all\u2019integrazione con database e servizi esterni.<\/p>\n\n\n\n<p class=\"has-small-font-size\"><br><strong>Attivit\u00e0 principali<\/strong><\/p>\n\n\n\n<div class=\"wp-block-group alignwide is-layout-flow wp-block-group-is-layout-flow\">\n<ul class=\"wp-block-list came-unordered-list\">\n<li>Analisi, progettazione ed implementazione di servizi ed APIs mantenendo un\u2019architettura scalabile e modulabile<\/li>\n\n\n\n<li>Utilizzo e gestione di database relazionali e NoSQL<\/li>\n\n\n\n<li>Sviluppo di nuove funzionalit\u00e0 ed evolutive sulla piattaforma cloud esistente, definendone i requisiti in collaborazione con gli altri membri del Team e gli stakeholders<\/li>\n\n\n\n<li>Miglioramento ed ottimizzazione delle applicazioni e dei servizi esistenti<\/li>\n\n\n\n<li>Implementazione e miglioramento dei processi di sviluppo, testing e rilascio dei software e delle applicazioni con approccio CI\/CD<\/li>\n\n\n\n<li>Monitorare performance, sicurezza e qualit\u00e0 del software<\/li>\n\n\n\n<li>Integrazione di nuovi prodotti all\u2019interno della piattaforma cloud dell\u2019azienda<\/li>\n<\/ul>\n<\/div>\n\n\n\n<p class=\"has-medium-font-size\"><br><strong>Profilo richiesto<\/strong><\/p>\n\n\n\n<ul class=\"wp-block-list came-unordered-list\">\n<li>Laurea o diploma ad indirizzo elettronico\/informatico\/telecomunicazioni<\/li>\n\n\n\n<li>Esperienza di almeno 2 anni nello sviluppo di servizi e soluzioni cloud based<\/li>\n\n\n\n<li>Conoscenza dei principali linguaggi e frameworks di sviluppo lato Backend, in particolare NodeJS e GoLang<\/li>\n\n\n\n<li>Conoscenza di Database relazionali e non, in particolare MySQL e MongoDB<\/li>\n\n\n\n<li>Conoscenza dei principali Design Patterns, in particolare quelli legati alle architetture a microservizi<\/li>\n\n\n\n<li>Conoscenza dei sistemi di containerizzazione (Docker) e orchestrazione (Kubernetes)<\/li>\n\n\n\n<li>Conoscenza di piattaforme cloud e relativi servizi, in particolare AWS e Google Cloud Platform<\/li>\n\n\n\n<li>Conoscenza di linguaggi e frameworks di sviluppo lato Frontend (ad esempio HTML5, CSS, Javascript, Angular, React)<\/li>\n\n\n\n<li>Gradita conoscenza delle metodologie e dei principali strumenti per lo sviluppo Agile<\/li>\n\n\n\n<li>Gradite competenze in ambito AI<\/li>\n<\/ul>\n\n\n\n<p class=\"has-medium-font-size\">Completano il profilo il profilo la capacit\u00e0 di lavorare in team, la propensione al problem solving ed al pensiero analitico e orientamento al risultato. <\/p>\n\n\n\n<p class=\"has-small-font-size\">Sede di lavoro: Casier (TV)<\/p>\n\n\n\n<div class=\"wp-block-buttons align-with-bottom is-layout-flex wp-block-buttons-is-layout-flex\">\n<div class=\"wp-block-button\"><a class=\"wp-block-button__link wp-element-button\" href=\"https:\/\/www.came.com\/it\/form-candidati?offerta=cloud-developer\">Candidati ora<\/a><\/div>\n<\/div>\n<\/div>\n<\/div>\n\n\n\n<div class=\"wp-block-group accordion-item is-layout-flow wp-block-group-is-layout-flow\">\n<h3 class=\"wp-block-heading accordion-heading has-medium-font-size\">Operatore linea SMT<\/h3>\n\n\n\n<div class=\"wp-block-group accordion-content is-layout-flow wp-block-group-is-layout-flow\">\n<p class=\"has-small-font-size\">Il\/La candidato\/a verr\u00e0 inserito nel plant produttivo dei moduli domotici e delle famiglie di prodotti ad elevato componente elettronico.&nbsp;<\/p>\n\n\n\n<p class=\"has-medium-font-size\"><strong>Attivit\u00e0 principali<\/strong><\/p>\n\n\n\n<div class=\"wp-block-columns is-layout-flex wp-container-core-columns-is-layout-4 wp-block-columns-is-layout-flex\">\n<div class=\"wp-block-column is-layout-flow wp-block-column-is-layout-flow\">\n<div class=\"wp-block-group alignwide is-layout-flow wp-block-group-is-layout-flow\">\n<ul class=\"wp-block-list came-unordered-list\">\n<li>preparazione e set-up materiali per la produzione;<\/li>\n\n\n\n<li>impostazione e conduzione delle linee di Pick and Place (loader, serigrafica, S.P.I., pick and place, forno di rifusione e A.O.I);<\/li>\n<\/ul>\n<\/div>\n<\/div>\n\n\n\n<div class=\"wp-block-column is-layout-flow wp-block-column-is-layout-flow\">\n<div class=\"wp-block-group alignwide is-layout-flow wp-block-group-is-layout-flow\">\n<ul class=\"wp-block-list came-unordered-list\">\n<li>ispezione visiva ed automatica delle schede prodotte;<\/li>\n\n\n\n<li>ri-lavorazione e riparazione di PCB.<\/li>\n<\/ul>\n<\/div>\n<\/div>\n<\/div>\n\n\n\n<p class=\"has-medium-font-size\"><strong>Profilo richiesto:<\/strong><\/p>\n\n\n\n<p class=\"has-small-font-size\">Il\/La candidata ideale ha maturato esperienza anche breve nella conduzione di linee SMT e presenta la disponibilit\u00e0 al lavoro su tre turni dal luned\u00ec al venerd\u00ec.<\/p>\n\n\n\n<p class=\"has-small-font-size\">Sede di lavoro: Casier (TV)<\/p>\n\n\n\n<div class=\"wp-block-buttons align-with-bottom is-layout-flex wp-block-buttons-is-layout-flex\">\n<div class=\"wp-block-button\"><a class=\"wp-block-button__link wp-element-button\" href=\"\/it\/form-candidati?offerta=operatore_linea_smt\" rel=\"nofollow\">Candidati ora<\/a><\/div>\n<\/div>\n<\/div>\n<\/div>\n\n\n\n<div class=\"wp-block-group accordion-item is-layout-flow wp-block-group-is-layout-flow\">\n<h3 class=\"wp-block-heading accordion-heading has-medium-font-size\">Addetto\/a alla Produzione &#8211; Categorie Protette (L. 68\/99)<\/h3>\n\n\n\n<div class=\"wp-block-group accordion-content is-layout-flow wp-block-group-is-layout-flow\">\n<p class=\"has-small-font-size\">Per il nostro reparto produttivo, siamo alla ricerca di una risorsa appartenente alle categorie protette (L. 68\/99).&nbsp;<\/p>\n\n\n\n<p class=\"has-medium-font-size\"><strong>Attivit\u00e0 principali<\/strong><\/p>\n\n\n\n<div class=\"wp-block-columns is-layout-flex wp-container-core-columns-is-layout-5 wp-block-columns-is-layout-flex\">\n<div class=\"wp-block-column is-layout-flow wp-block-column-is-layout-flow\">\n<p class=\"has-small-font-size\">La risorsa si occuper\u00e0 principalmente dell\u2019assemblaggio di schede elettroniche e di prodotti finiti all\u2019interno del reparto di produzione elettronica &#8211; Factory.<\/p>\n<\/div>\n\n\n\n<div class=\"wp-block-column is-layout-flow wp-block-column-is-layout-flow\">\n<div class=\"wp-block-group alignwide is-layout-flow wp-block-group-is-layout-flow\">\n<ul class=\"wp-block-list came-unordered-list\">\n<li><\/li>\n<\/ul>\n<\/div>\n<\/div>\n<\/div>\n\n\n\n<p class=\"has-medium-font-size\"><strong>Profilo richiesto:<\/strong><\/p>\n\n\n\n<ul>\n<li>Iscrizione al collocamento mirato (L. 68\/99)<\/li>\n\n\n\n<li>Pregressa esperienza in ambito produttivo<\/li>\n\n\n\n<li>Dimestichezza con strumenti da banco<\/li>\n<\/ul>\n\n\n\n<p><strong>Orario di lavoro<\/strong><\/p>\n\n\n\n<ul>\n<li>Full time<\/li>\n\n\n\n<li>Disponibilit\u00e0 a lavorare a giornata\/due turni\/tre turni<\/li>\n<\/ul>\n\n\n\n<p class=\"has-small-font-size\">Sede di lavoro: Casier (TV)<\/p>\n\n\n\n<p class=\"has-small-font-size\"><em>L\u2019offerta \u00e8 rivolta a candidati di entrambi i sessi (D.lgs. 198\/2006) e nel rispetto della normativa vigente in materia di pari opportunit\u00e0.<\/em><br><em>L&#8217;annuncio \u00e8 dedicato a persone iscritte al collocamento mirato (L. 68\/99).<\/em><\/p>\n\n\n\n<div class=\"wp-block-buttons align-with-bottom is-layout-flex wp-block-buttons-is-layout-flex\">\n<div class=\"wp-block-button\"><a class=\"wp-block-button__link wp-element-button\" href=\"\/it\/form-candidati?offerta=Addetto-a-alla-Produzione-Categorie-Protette-L-68-99\" rel=\"nofollow\">Candidati ora<\/a><\/div>\n<\/div>\n<\/div>\n<\/div>\n\n\n\n<div class=\"wp-block-group accordion-item is-layout-flow wp-block-group-is-layout-flow\">\n<h3 class=\"wp-block-heading accordion-heading has-medium-font-size\">Operatore macchine utensili<\/h3>\n\n\n\n<div class=\"wp-block-group accordion-content is-layout-flow wp-block-group-is-layout-flow\">\n<p class=\"has-small-font-size\">Per <strong>Meccanica Master TV Srl<\/strong>, societ\u00e0 facente parte del gruppo CAME con sede a San Biagio di Callalta, stiamo ricercando un\/a: o<strong>peratore macchine utensili<\/strong>. La risorsa sar\u00e0 inserita in un ambiente di lavoro dinamico, motivante e sfidante, dove dovr\u00e0 occuparsi della gestione, impostazione e manutenzione delle macchine utensili a controllo numerico.<\/p>\n\n\n\n<p class=\"has-medium-font-size\"><strong>Attivit\u00e0 principali<\/strong><\/p>\n\n\n\n<div class=\"wp-block-columns is-layout-flex wp-container-core-columns-is-layout-6 wp-block-columns-is-layout-flex\">\n<div class=\"wp-block-column is-layout-flow wp-block-column-is-layout-flow\">\n<div class=\"wp-block-group alignwide is-layout-flow wp-block-group-is-layout-flow\">\n<ul class=\"wp-block-list came-unordered-list\">\n<li>Attrezzaggio di una macchina utensile a controllo numerico o manuale;<\/li>\n\n\n\n<li>Carico del grezzo e scarico del prodotto lavorato;<\/li>\n\n\n\n<li>Controllo delle dimensioni del pezzo lavorato in conformit\u00e0 con il disegno tecnico;<\/li>\n\n\n\n<li>Imballaggio e confezionamento dei prodotti realizzati.<\/li>\n<\/ul>\n<\/div>\n<\/div>\n<\/div>\n\n\n\n<p class=\"has-medium-font-size\"><strong>Profilo richiesto:<\/strong><\/p>\n\n\n\n<ul>\n<li>Conoscenza e lettura di un disegno tecnico;<\/li>\n\n\n\n<li>Conoscenza base delle lavorazioni meccaniche (tornitura, fresatura);<\/li>\n\n\n\n<li>Conoscenza base del linguaggio di programmazione CNC (principalmente ISO);<\/li>\n\n\n\n<li>Esperienza pregressa nel settore;<\/li>\n\n\n\n<li>Conoscenza della strumentazione e dei relativi termini tecnici;<\/li>\n\n\n\n<li>Preferibile qualifica\/diploma in ambito meccanico.<\/li>\n<\/ul>\n\n\n\n<p>Orario di lavoro: a giornata<\/p>\n\n\n\n<p>Luogo di lavoro: San Biagio di Callalta (TV)<\/p>\n\n\n\n<div class=\"wp-block-buttons align-with-bottom is-layout-flex wp-block-buttons-is-layout-flex\">\n<div class=\"wp-block-button\"><a class=\"wp-block-button__link wp-element-button\" href=\"\/it\/form-candidati?offerta=Operatore-macchine-utensili\" rel=\"nofollow\">Candidati ora<\/a><\/div>\n<\/div>\n<\/div>\n<\/div>\n\n\n\n<div class=\"wp-block-group accordion-item is-layout-flow wp-block-group-is-layout-flow\">\n<h3 class=\"wp-block-heading accordion-heading has-medium-font-size\">Candidatura stage<\/h3>\n\n\n\n<div class=\"wp-block-group accordion-content is-layout-flow wp-block-group-is-layout-flow\">\n<p class=\"has-medium-font-size\">Sei interessato\/a a svolgere un\u2019esperienza di stage in CAME?&nbsp;<br>Inserisci il tuo Curriculum e invia la tua candidatura spontanea per entrare a far parte della nostra squadra.&nbsp;<br>Sedi di lavoro: Casier (TV)<\/p>\n\n\n\n<div class=\"wp-block-buttons align-with-bottom is-layout-flex wp-block-buttons-is-layout-flex\">\n<div class=\"wp-block-button\"><a class=\"wp-block-button__link wp-element-button\" href=\"\/it\/form-candidati?offerta=candidatura_stage\" rel=\"nofollow\">Candidati ora<\/a><\/div>\n<\/div>\n<\/div>\n<\/div>\n<\/div>\n<\/div>\n","protected":false},"excerpt":{"rendered":"<p>TANTE CULTURE, UN UNICO ORIZZONTE In CAME pensiamo da sempre che le persone siano il vero motore dell\u2019azienda, la risorsa pi\u00f9 preziosa su cui investire quotidianamente. Oggi il nostro Gruppo conta oltre 2500 collaboratori in tutto il mondo e la presenza su mercati diversi rappresenta un\u2019importante occasione di crescita. Il cuore di CAME batte nell\u2019Headquarters [&hellip;]<\/p>\n","protected":false},"author":5,"featured_media":0,"parent":0,"menu_order":0,"comment_status":"closed","ping_status":"closed","template":"page_template-without-title.php","meta":{"elastic_search":"","powered_cache_disable_cache":false,"footnotes":""},"_links":{"self":[{"href":"https:\/\/www.came.com\/it\/wp-json\/wp\/v2\/pages\/12469"}],"collection":[{"href":"https:\/\/www.came.com\/it\/wp-json\/wp\/v2\/pages"}],"about":[{"href":"https:\/\/www.came.com\/it\/wp-json\/wp\/v2\/types\/page"}],"author":[{"embeddable":true,"href":"https:\/\/www.came.com\/it\/wp-json\/wp\/v2\/users\/5"}],"replies":[{"embeddable":true,"href":"https:\/\/www.came.com\/it\/wp-json\/wp\/v2\/comments?post=12469"}],"version-history":[{"count":10,"href":"https:\/\/www.came.com\/it\/wp-json\/wp\/v2\/pages\/12469\/revisions"}],"predecessor-version":[{"id":18113,"href":"https:\/\/www.came.com\/it\/wp-json\/wp\/v2\/pages\/12469\/revisions\/18113"}],"wp:attachment":[{"href":"https:\/\/www.came.com\/it\/wp-json\/wp\/v2\/media?parent=12469"}],"curies":[{"name":"wp","href":"https:\/\/api.w.org\/{rel}","templated":true}]}}