{"id":12422,"date":"2025-02-06T11:25:33","date_gmt":"2025-02-06T10:25:33","guid":{"rendered":"https:\/\/www.came.com\/it\/?page_id=12422"},"modified":"2025-02-06T11:25:37","modified_gmt":"2025-02-06T10:25:37","slug":"privacy-rimani-in-contatto","status":"publish","type":"page","link":"https:\/\/www.came.com\/it\/privacy-rimani-in-contatto\/","title":{"rendered":"Privacy Policy &#8211; Rimani in Contatto con CAME"},"content":{"rendered":"\n<p><em>REV.02 &#8211; 15\/04\/2020<\/em><\/p>\n\n\n\n<p><strong>1. Finalit\u00e0<\/strong><\/p>\n\n\n\n<p>1.1 Ai sensi degli articoli 13.1 e 14.1 del Reg. UE n. 679\/2016 definito \u201cGeneral Data Protection Regulation\u201d e dell\u2019art. 13 D.Lgs. n. 196-2003 definito \u201cCodice Privacy\u201d si informa che il trattamento dei dati personali forniti per la richiesta di informazioni, \u00e8 finalizzato ad adempiere alla specifica richiesta formulata attraverso i moduli di contatto e\/o di registrazione pubblicati nell\u2019interfaccia web di CAME S.p.A. E CAME Italia S.r.l. (qui di seguito \u201cTitolari\u201d del trattamento).<\/p>\n\n\n\n<p>1.2 Previo Suo specifico consenso scritto, i dati personali saranno trattati anche al fine di analizzare le caratteristiche dell\u2019impresa (dimensione, ubicazione, categoria merceologica, fornitori, attivit\u00e0 svolte) (\u201cAttivit\u00e0 di profilazione\u201d) e per l\u2019invio di comunicazioni commerciali coerenti con il profilo dimensionale, i settori di attivit\u00e0 e l\u2019ubicazione dell\u2019azienda. I dati personali saranno inoltre trattati in forma anonima per finalit\u00e0 statistiche.<\/p>\n\n\n\n<p>1.3 Previo Suo specifico consenso scritto, i dati di contatto forniti in sede di registrazione saranno utilizzati per l\u2019invio di comunicazioni periodiche a mezzo posta elettronica a carattere informativo \u2013 anche riguardante eventuali corsi di formazione &#8211; commerciale e promozionale (\u201cMarketing diretto\u201d) mediante responsabile esterno con server ubicati all\u2019interno dell\u2019Unione Europea.<\/p>\n\n\n\n<p>1.4 Previo Suo specifico consenso scritto, i dati di contatto forniti potranno essere utilizzati dai Titolari anche al fine di ricontattarLa con le modalit\u00e0 descritte al punto 3.1. per lo svolgimento di indagini e questionari volti a misurare il Suo gradimento in merito al servizio reso e migliorarne la qualit\u00e0 (\u201cValutazione di gradimento\u201d).<\/p>\n\n\n\n<p>1.5. Previo Suo specifico consenso scritto, i dati cos\u00ec raccolti dai Titolari potranno essere ceduti a societ\u00e0 controllate collegate o facenti parte del medesimo Gruppo di imprese cui appartengono i Titolari, che li potranno trattare per inviare comunicazioni commerciali e\/o promozionali su prodotti e servizi delle suddette societ\u00e0, nonch\u00e9 effettuare ricerche di mercato nelle forme di cui al punto 3.1 (di seguito \u201cTrasferimento dei dati a terzi\u201d).<\/p>\n\n\n\n<p><strong>2. Dati Raccolti. Necessariet\u00e0<\/strong><\/p>\n\n\n\n<p>2.1 La comunicazione dei dati personali contrassegnati da asterisco \u00e8 necessaria. La loro comunicazione ed il loro trattamento sono obbligatori, ed in mancanza dei medesimi non si potr\u00e0 dare seguito alla richiesta formulata attraverso i moduli di contatto e\/o di registrazione.<\/p>\n\n\n\n<p>2.2 La comunicazione dei dati non contrassegnati con un asterisco \u00e8 facoltativa, e la loro mancata comunicazione impedir\u00e0, in tutto o in parte, l\u2019invio di comunicazioni commerciali e di marketing personalizzate che richiedono una previa attivit\u00e0 di profilazione.<\/p>\n\n\n\n<p><strong>3. Modalit\u00e0 del trattamento e tempi di conservazione.<\/strong><\/p>\n\n\n\n<p>3.1 Il trattamento dei dati personali per ciascuna delle finalit\u00e0 di cui sopra \u00e8 effettuato con modalit\u00e0 cartacee, automatizzate o elettroniche e, in particolare, a mezzo posta ordinaria o email, telefono (es. chiamate telefoniche, SMS, MMS), fax e qualsiasi altro canale informatico (es. siti web, mobile, app) idonei a garantire la sicurezza e la riservatezza secondo la c.d. data protection by default ossia l\u2019applicazione di misure atte a ridurre al minimo i rischi di diffusione di dati.<\/p>\n\n\n\n<p>3.2 I dati forniti saranno trattati nel rispetto della norma sopra richiamata, rispondendo agli obblighi di riservatezza e liceit\u00e0 a cui \u00e8 ispirata la nostra societ\u00e0 e per il tempo strettamente necessario all\u2019esecuzione dei servizi per cui sono stati raccolti. Inoltre i dati non saranno oggetto di diffusione.<\/p>\n\n\n\n<p>3.3 I dati forniti saranno trattati comunque per un periodo non superiore a dodici mesi per finalit\u00e0 di profilazione e di valutazione di gradimento, di&nbsp;ventiquattro mesi per finalit\u00e0 di marketing diretto.<\/p>\n\n\n\n<p><strong>4. Limitazioni soggettive<\/strong><\/p>\n\n\n\n<p>L\u2019iscrizione ai servizi del sito \u00e8 riservata a soggetti che hanno compiuto il sedicesimo anno di et\u00e0.<\/p>\n\n\n\n<p><strong>5. Consenso<\/strong><\/p>\n\n\n\n<p>5.1 Il consenso non \u00e8 richiesto, quando il trattamento:<\/p>\n\n\n\n<p>a) \u00e8 necessario per adempiere ad un obbligo previsto dalla legge, da un regolamento o dalla normativa comunitaria;<\/p>\n\n\n\n<p>b) \u00e8 necessario per eseguire obblighi derivanti da un contratto del quale \u00e8 parte l&#8217;interessato o per adempiere, prima della conclusione del contratto, a specifiche richieste dell&#8217;interessato;<\/p>\n\n\n\n<p>c) riguarda dati provenienti da pubblici registri, elenchi, atti o documenti conoscibili da chiunque, fermi restando i limiti e le modalit\u00e0 che le leggi, i regolamenti o la normativa comunitaria stabiliscono per la conoscibilit\u00e0 e pubblicit\u00e0 dei dati.<\/p>\n\n\n\n<p>5.2 Il consenso all\u2019invio di comunicazioni di marketing diretto e quello relativo alla profilazione potranno essere in ogni momento revocati seguendo il collegamento ipertestuale (link) riportato in calce ad ogni messaggio email promozionale.<\/p>\n\n\n\n<p><strong>6. Comunicazione dei dati. Trasferimento.<\/strong><\/p>\n\n\n\n<p>6.1 I dati personali forniti con la registrazione al sito non saranno oggetto di diffusione. Per motivi strettamente funzionali all\u2019esecuzione della richiesta saranno comunicati a:<\/p>\n\n\n\n<p>&#8211; Dipendenti e\/o collaboratori interni regolarmente incaricati ed autorizzati;<br>&#8211; collaboratori esterni e responsabili esterni comunque identificati, designati e preposti a tale attivit\u00e0.<\/p>\n\n\n\n<p>6.2 Previo Suo espresso consenso scritto, i Suoi dati verranno comunicati a societ\u00e0 controllate, collegate o facenti parte del medesimo Gruppo di imprese cui appartengono i Titolari, che li potranno trattare per le finalit\u00e0 indicate ai punti 1.2 e 1.3.<\/p>\n\n\n\n<p><strong>7. Diritti degli interessati<\/strong><\/p>\n\n\n\n<p>Lei potr\u00e0 richiedere di revocare ogni consenso prestato ed esercitare i diritti di accesso, rettifica, cancellazione (c.d. diritto all\u2019oblio), limitazione di trattamento, portabilit\u00e0 dei dati e opposizione riconosciuti rispettivamente dagli articoli 15-16-17-18-20-21 del GDPR, il cui testo \u00e8 integralmente consultabile qui&nbsp;<a href=\"https:\/\/eur-lex.europa.eu\/legal-content\/IT\/TXT\/?uri=uriserv:OJ.L_.2016.119.01.0001.01.ITA\" target=\"_blank\" rel=\"noreferrer noopener\">https:\/\/eur-lex.europa.eu\/legal-content\/IT\/TXT\/?uri=uriserv:OJ.L_.2016.119.01.0001.01.ITA<\/a>.<\/p>\n\n\n\n<p>Le richieste dovranno pervenire a:<\/p>\n\n\n\n<p>&#8211; CAME S.p.A. ai seguenti indirizzo mail:&nbsp;<a href=\"mailto:privacy@came.com\">privacy@came.com<\/a>, o al numero di fax 04224941 o a<br>&#8211; CAME Italia S.r.l. al seguente indirizzo mail&nbsp;<a href=\"mailto:cit.privacy@came.com\">cit.privacy@came.com<\/a>&nbsp;o al numero di fax 0422494276<\/p>\n\n\n\n<p><strong>8. Titolari del trattamento<\/strong><\/p>\n\n\n\n<p>I Titolari del Trattamento sono CAME S.p.A., C.F. E P.IVA 03481280265 via Martiri della Libert\u00e0 15, 31030 Dosson di Casier (TV) e CAME Italia s.r.l., C.F. E P.IVA 04835400260 via Delle Industrie, n. 89\/A 31030 Dosson di Casier (TV).<\/p>\n","protected":false},"excerpt":{"rendered":"<p>REV.02 &#8211; 15\/04\/2020 1. Finalit\u00e0 1.1 Ai sensi degli articoli 13.1 e 14.1 del Reg. UE n. 679\/2016 definito \u201cGeneral Data Protection Regulation\u201d e dell\u2019art. 13 D.Lgs. n. 196-2003 definito \u201cCodice Privacy\u201d si informa che il trattamento dei dati personali forniti per la richiesta di informazioni, \u00e8 finalizzato ad adempiere alla specifica richiesta formulata attraverso [&hellip;]<\/p>\n","protected":false},"author":5,"featured_media":0,"parent":0,"menu_order":0,"comment_status":"closed","ping_status":"closed","template":"","meta":{"elastic_search":"","powered_cache_disable_cache":false,"footnotes":""},"_links":{"self":[{"href":"https:\/\/www.came.com\/it\/wp-json\/wp\/v2\/pages\/12422"}],"collection":[{"href":"https:\/\/www.came.com\/it\/wp-json\/wp\/v2\/pages"}],"about":[{"href":"https:\/\/www.came.com\/it\/wp-json\/wp\/v2\/types\/page"}],"author":[{"embeddable":true,"href":"https:\/\/www.came.com\/it\/wp-json\/wp\/v2\/users\/5"}],"replies":[{"embeddable":true,"href":"https:\/\/www.came.com\/it\/wp-json\/wp\/v2\/comments?post=12422"}],"version-history":[{"count":1,"href":"https:\/\/www.came.com\/it\/wp-json\/wp\/v2\/pages\/12422\/revisions"}],"predecessor-version":[{"id":12423,"href":"https:\/\/www.came.com\/it\/wp-json\/wp\/v2\/pages\/12422\/revisions\/12423"}],"wp:attachment":[{"href":"https:\/\/www.came.com\/it\/wp-json\/wp\/v2\/media?parent=12422"}],"curies":[{"name":"wp","href":"https:\/\/api.w.org\/{rel}","templated":true}]}}