{"id":12418,"date":"2025-02-06T11:22:03","date_gmt":"2025-02-06T10:22:03","guid":{"rendered":"https:\/\/www.came.com\/it\/?page_id=12418"},"modified":"2025-02-06T11:22:05","modified_gmt":"2025-02-06T10:22:05","slug":"privacy-form-contatto","status":"publish","type":"page","link":"https:\/\/www.came.com\/it\/privacy-form-contatto\/","title":{"rendered":"Privacy Policy &#8211; Form di Contatto"},"content":{"rendered":"\n<p><em>REV.02 &#8211; 29\/05\/2023<\/em><\/p>\n\n\n\n<p><strong>1. Finalit\u00e0<\/strong><\/p>\n\n\n\n<p>1.1. Ai sensi dell\u2019articolo 13 del Reg. UE n. 679\/2016 definito \u201cGeneral Data Protection Regulation\u201d e del D.Lgs. n. 196-2003 definito \u201cCodice Privacy\u201d si informa che il trattamento dei dati personali forniti per la richiesta di informazioni, \u00e8 finalizzato ad adempiere alla specifica richiesta formulata attraverso il modulo di contatto pubblicato nell\u2019interfaccia web di CAME S.p.A. e CAME Italia S.r.l. quali Titolari del trattamento.<\/p>\n\n\n\n<p>1.2 Previo Suo specifico consenso scritto, i dati di contatto forniti in sede di registrazione saranno inoltre utilizzati anche per l\u2019invio di comunicazioni periodiche a mezzo posta elettronica a carattere informativo, commerciale e promozionale (\u201cmarketing diretto\u201d) mediante responsabile esterno con server ubicati all\u2019interno dell\u2019Unione Europea.<\/p>\n\n\n\n<p><strong>2. Dati Raccolti. Necessariet\u00e0.<\/strong><\/p>\n\n\n\n<p>2.1. La comunicazione dei dati contrassegnati nel modulo di contatto con un asterisco sono necessari per dare riscontro alla richiesta. La loro comunicazione ed il loro trattamento sono obbligatori, ed in mancanza dei medesimi non si potr\u00e0 dare seguito alla richiesta formulata tramite il modulo.<\/p>\n\n\n\n<p><strong>3. Modalit\u00e0 del trattamento e tempi di conservazione.<\/strong><\/p>\n\n\n\n<p>3.1. Il trattamento dei dati personali per ciascuna delle finalit\u00e0 di cui sopra \u00e8 effettuato con modalit\u00e0 cartacee, automatizzate o elettroniche e, in particolare, a mezzo posta ordinaria o email, telefono (es. chiamate telefoniche, SMS, MMS), fax e qualsiasi altro canale informatico (es. siti web, mobile, app) idonei a garantire la sicurezza e la riservatezza secondo la c.d. data protection by default ossia l\u2019applicazione di misure atte a ridurre al minimo i rischi di diffusione di dati.<\/p>\n\n\n\n<p>3.2. I dati forniti saranno trattati nel rispetto della norma sopra richiamata, rispondendo agli obblighi di riservatezza e liceit\u00e0 a cui \u00e8 ispirata CAME e per il tempo strettamente necessario per cui sono stati raccolti. Inoltre i dati non saranno oggetto di diffusione.<\/p>\n\n\n\n<p>3.3 I dati forniti saranno trattati comunque per un periodo non superiore a ventiquattro mesi per finalit\u00e0 di marketing diretto.<\/p>\n\n\n\n<p><strong>4. Limitazioni soggettive<\/strong><\/p>\n\n\n\n<p>L\u2019iscrizione ai servizi del sito \u00e8 riservata a soggetti che hanno compiuto il sedicesimo anno di et\u00e0.<\/p>\n\n\n\n<p><strong>5. Consenso<\/strong><\/p>\n\n\n\n<p>5.1 Il consenso non \u00e8 richiesto, quando il trattamento: a) \u00e8 necessario per adempiere ad un obbligo previsto dalla legge, da un regolamento o dalla normativa comunitaria; b) \u00e8 necessario per eseguire obblighi derivanti da un contratto del quale \u00e8 parte l&#8217;interessato o per adempiere, prima della conclusione del contratto, a specifiche richieste dell&#8217;interessato; c) riguarda dati provenienti da pubblici registri, elenchi, atti o documenti conoscibili da chiunque, fermi restando i limiti e le modalit\u00e0 che le leggi, i regolamenti o la normativa comunitaria stabiliscono per la conoscibilit\u00e0 e pubblicit\u00e0 dei dati.<\/p>\n\n\n\n<p>5.2 Il consenso all\u2019invio di comunicazioni di marketing diretto potr\u00e0 essere in ogni momento revocato accedendo alla sezione &#8220;Modifica i tuoi dati&#8221; oppure seguendo il collegamento ipertestuale (link) riportato in calce ad ogni messaggio email promozionale.<\/p>\n\n\n\n<p><strong>6. Comunicazione dei dati.<\/strong><\/p>\n\n\n\n<p>I Suoi dati non saranno oggetto di diffusione. I Suoi dati, per motivi strettamente funzionali all\u2019esecuzione della richiesta saranno comunicati a:<\/p>\n\n\n\n<p>&#8211; Dipendenti e\/o collaboratori interni regolarmente incaricati ed autorizzati;<\/p>\n\n\n\n<p>&#8211; Collaboratori esterni e responsabili esterni comunque identificati, designati e preposti a tale attivit\u00e0.<\/p>\n\n\n\n<p><strong>7. Diritti degli interessati<\/strong><\/p>\n\n\n\n<p>Le ricordiamo che, qualora ricorrano i presupposti, potr\u00e0 esercitare i seguenti diritti:<\/p>\n\n\n\n<p>a) &nbsp; &nbsp; &nbsp; &nbsp; il diritto di accesso, ossia il diritto di ottenere dal Titolare la conferma che sia o meno in corso il trattamento dei Dati e, in tal caso, di ottenerne l&#8217;accesso;<\/p>\n\n\n\n<p>b) &nbsp; &nbsp; &nbsp; &nbsp;il diritto di rettifica e cancellazione, ossia il diritto di ottenere la rettifica di Dati inesatti e\/o l&#8217;integrazione di Dati incompleti o la cancellazione dei Dati per motivi legittimi;<\/p>\n\n\n\n<p>c) &nbsp; &nbsp; &nbsp; &nbsp; il diritto alla limitazione del trattamento, ossia il diritto a richiedere la sospensione del trattamento qualora sussistano motivi legittimi;<\/p>\n\n\n\n<p>d) &nbsp; &nbsp; &nbsp; &nbsp;il diritto alla portabilit\u00e0 dei Dati, ossia il diritto di ricevere in un formato strutturato, di uso comune e leggibile i Dati, nonch\u00e9 il diritto di trasmettere i Dati ad un altro titolare del trattamento;<\/p>\n\n\n\n<p>e) &nbsp; &nbsp; &nbsp; &nbsp; Il diritto di revocare il proprio consenso in qualsiasi momento. La revoca del consenso non pregiudica la liceit\u00e0 del trattamento basata sul consenso prima della revoca.<\/p>\n\n\n\n<p>f) &nbsp; &nbsp; &nbsp; &nbsp; il diritto di opposizione, ossia il diritto opporsi al trattamento dei Dati qualora sussistano motivi legittimi, ivi compresi i trattamenti di Dati per finalit\u00e0 di marketing e profilazione, se previsti;<\/p>\n\n\n\n<p>g) &nbsp; &nbsp; &nbsp; &nbsp;il diritto di proporre reclamo all&#8217;autorit\u00e0 di controllo competente in caso di trattamento illecito dei Dati o di adire le opportune sedi giudiziarie.<\/p>\n\n\n\n<p>Le richieste dovranno pervenire a:<\/p>\n\n\n\n<p>&#8211; CAME S.p.A. ai seguenti indirizzo mail: privacy@came.com , o al numero di fax 04224941 oppure a<\/p>\n\n\n\n<p>&#8211; CAME Italia S.r.l. al seguente indirizzo mail cit.privacy@came.com o al numero di fax 042249427<\/p>\n\n\n\n<p><strong>8. Titolari del trattamento<\/strong><\/p>\n\n\n\n<p>I Titolari del Trattamento sono CAME S.p.A., C.F. E P.IVA 03481280265 via Martiri della Libert\u00e0 15, 31030 Dosson di Casier (TV) e CAME Italia s.r.l., C.F. E P.IVA 04835400260 via Delle Industrie, n. 89\/A 31030 Dosson di Casier (TV).<\/p>\n","protected":false},"excerpt":{"rendered":"<p>REV.02 &#8211; 29\/05\/2023 1. Finalit\u00e0 1.1. Ai sensi dell\u2019articolo 13 del Reg. UE n. 679\/2016 definito \u201cGeneral Data Protection Regulation\u201d e del D.Lgs. n. 196-2003 definito \u201cCodice Privacy\u201d si informa che il trattamento dei dati personali forniti per la richiesta di informazioni, \u00e8 finalizzato ad adempiere alla specifica richiesta formulata attraverso il modulo di contatto [&hellip;]<\/p>\n","protected":false},"author":5,"featured_media":0,"parent":0,"menu_order":0,"comment_status":"closed","ping_status":"closed","template":"","meta":{"elastic_search":"","powered_cache_disable_cache":false,"footnotes":""},"_links":{"self":[{"href":"https:\/\/www.came.com\/it\/wp-json\/wp\/v2\/pages\/12418"}],"collection":[{"href":"https:\/\/www.came.com\/it\/wp-json\/wp\/v2\/pages"}],"about":[{"href":"https:\/\/www.came.com\/it\/wp-json\/wp\/v2\/types\/page"}],"author":[{"embeddable":true,"href":"https:\/\/www.came.com\/it\/wp-json\/wp\/v2\/users\/5"}],"replies":[{"embeddable":true,"href":"https:\/\/www.came.com\/it\/wp-json\/wp\/v2\/comments?post=12418"}],"version-history":[{"count":1,"href":"https:\/\/www.came.com\/it\/wp-json\/wp\/v2\/pages\/12418\/revisions"}],"predecessor-version":[{"id":12419,"href":"https:\/\/www.came.com\/it\/wp-json\/wp\/v2\/pages\/12418\/revisions\/12419"}],"wp:attachment":[{"href":"https:\/\/www.came.com\/it\/wp-json\/wp\/v2\/media?parent=12418"}],"curies":[{"name":"wp","href":"https:\/\/api.w.org\/{rel}","templated":true}]}}