{"id":12416,"date":"2025-02-06T11:20:11","date_gmt":"2025-02-06T10:20:11","guid":{"rendered":"https:\/\/www.came.com\/it\/?page_id=12416"},"modified":"2025-02-06T11:20:13","modified_gmt":"2025-02-06T10:20:13","slug":"privacy-area-riservata-piucame","status":"publish","type":"page","link":"https:\/\/www.came.com\/it\/privacy-area-riservata-piucame\/","title":{"rendered":"Informativa sul trattamento dei dati personali per l&#8217;area riservata &#8220;Pi\u00f9 CAME&#8221;"},"content":{"rendered":"\n<p><strong>1. Finalit\u00e0 e base giuridica<\/strong><\/p>\n\n\n\n<p>1.1. Ai sensi degli articoli 13.1 del Reg. UE n. 679\/2016 definito \u201cGeneral Data Protection Regulation\u201d e\u201d si informa che il trattamento dei dati personali nel modulo di registrazione \u00e8 finalizzato alla creazione di un profilo utente per l\u2019accesso all\u2019Area riservata del sito&nbsp;<a href=\"http:\/\/www.came.com\/it\/piucame\/login.php?r=\/it\/piucame\/\" target=\"_blank\" rel=\"noreferrer noopener\">www.came.com\/it\/piucame<\/a>&nbsp;per l\u2019erogazione dei servizi richiesti basati su interfaccia web, nei termini previsti dalle condizioni del sito.<\/p>\n\n\n\n<p>&nbsp;1.2. Previo Suo specifico consenso scritto, i dati personali inseriti nella sezione \u201cDati Azienda\u201d ed \u201cAltre Informazioni\u201d saranno trattati anche al fine di analizzare le caratteristiche dell\u2019impresa (dimensione, ubicazione, categoria merceologica, fornitori, attivit\u00e0 svolte) (\u201cattivit\u00e0 di profilazione\u201d) e per l\u2019invio di comunicazioni commerciali coerenti con il profilo dimensionale, i settori di attivit\u00e0 e l\u2019ubicazione dell\u2019azienda. I dati personali saranno inoltre trattati in forma anonima per finalit\u00e0 statistiche.<\/p>\n\n\n\n<p>1.3. Previo Suo specifico consenso scritto, i dati di contatto forniti in sede di registrazione, unitamente ai profili ricavati per effetto delle attivit\u00e0 di cui al precedente paragrafo, saranno inoltre utilizzati anche per l\u2019invio di comunicazioni periodiche a mezzo posta elettronica a carattere informativo, commerciale e promozionale (\u201cmarketing diretto\u201d) mediante responsabile esterno con server ubicati all\u2019interno dell\u2019Unione Europea.<\/p>\n\n\n\n<p>1.4 Previo Suo specifico consenso scritto, i dati cos\u00ec raccolti da CAME S.p.A. e da CAME Italia S.r.l. (qui di seguito \u201cTitolari&#8221;) potranno essere ceduti a societ\u00e0 controllate collegate o facenti parte del medesimo gruppo di imprese cui appartengono i Titolari, che li potranno trattare per inviare comunicazioni commerciali e\/o promozionali su prodotti e servizi delle suddette societ\u00e0 (di seguito \u201cTrasferimento dei dati a terzi\u201d).<br>&nbsp;<\/p>\n\n\n\n<p><strong>2. Natura dei dati Raccolti. Necessariet\u00e0.<\/strong><\/p>\n\n\n\n<p>2.1. La comunicazione dei dati inseriti nella sezione \u201cDati Azienda\u201d marcati con un asterisco nel&nbsp;<a href=\"http:\/\/www.came.com\/it\/piucame\/registrazione-step2.php\" target=\"_blank\" rel=\"noreferrer noopener\">modulo di registrazione<\/a>&nbsp;sono necessari per la creazione del profilo utente. La loro comunicazione ed il loro trattamento sono obbligatori, ed in mancanza dei medesimi non si potr\u00e0 dare seguito alla richiesta di creazione dell\u2019account.<\/p>\n\n\n\n<p>2.2. Per svolgere le attivit\u00e0 necessarie al perseguimento delle finalit\u00e0 sopra indicate i Titolari tratteranno i Suoi dati cc.dd. \u201ccomuni\u201d (quali ad esempio, nome, cognome, indirizzo).&nbsp;<\/p>\n\n\n\n<p>2.2. La comunicazione dei dati inseriti nella sezione \u201cAltre Informazioni\u201d e dei dati non contrassegnati con un asterisco nella sezione \u201cDati Azienda\u201d \u00e8 facoltativa, e la loro mancata comunicazione impedir\u00e0, in tutto o in parte, l\u2019invio di comunicazioni commerciali e di marketing personalizzate che richiedono una previa attivit\u00e0 di profilazione.<br>&nbsp;<\/p>\n\n\n\n<p><strong>3. Modalit\u00e0 del trattamento e tempi di conservazione<\/strong><\/p>\n\n\n\n<p>3.1 Il trattamento dei dati personali per ciascuna delle finalit\u00e0 di cui sopra \u00e8 effettuato con modalit\u00e0 cartacee, automatizzate o elettroniche e, in particolare, a mezzo posta ordinaria o email, telefono (es. chiamate telefoniche, SMS, MMS), fax e qualsiasi altro canale informatico (es. siti web, mobile, app) idonei a garantire la sicurezza e la riservatezza secondo la c.d. data protection by default ossia l\u2019applicazione di misure atte a ridurre al minimo i rischi di diffusione di dati.<\/p>\n\n\n\n<p>&nbsp;3.2 I dati forniti saranno trattati nel rispetto della norma sopra richiamata, rispondendo agli obblighi di riservatezza e liceit\u00e0 a cui \u00e8 ispirata la nostra societ\u00e0 e per il tempo strettamente necessario all\u2019esecuzione dei servizi per cui sono stati raccolti e dunque fino alla cancellazione del profilo utente, che potr\u00e0 essere richiesta in qualunque momento secondo quanto riportato al punto 7.<\/p>\n\n\n\n<p>&nbsp;3.3 I dati forniti saranno trattati comunque per un periodo non superiore a dodici mesi per finalit\u00e0 di profilazione e ventiquattro mesi per finalit\u00e0 di marketing diretto.<br>&nbsp;<\/p>\n\n\n\n<p><strong>4. Limitazioni soggettive<\/strong><\/p>\n\n\n\n<p>L\u2019iscrizione ai servizi del sito \u00e8 riservata a soggetti che hanno compiuto il sedicesimo anno di et\u00e0.<br>&nbsp;<\/p>\n\n\n\n<p><strong>5. Consenso<\/strong><\/p>\n\n\n\n<p>5.1 Il consenso non \u00e8 richiesto, quando il trattamento:<\/p>\n\n\n\n<p>&nbsp; &nbsp; a) \u00e8 necessario per adempiere ad un obbligo previsto dalla legge, da un regolamento o dalla normativa comunitaria;<br>&nbsp; &nbsp; b) \u00e8 necessario per eseguire obblighi derivanti da un contratto del quale \u00e8 parte l&#8217;interessato o per adempiere, prima della conclusione del contratto, a specifiche richieste dell&#8217;interessato;<br>&nbsp; &nbsp; c) riguarda dati provenienti da pubblici registri, elenchi, atti o documenti conoscibili da chiunque, fermi restando i limiti e le modalit\u00e0 che le leggi, i regolamenti o la normativa comunitaria stabiliscono per la conoscibilit\u00e0 e pubblicit\u00e0 dei dati.<\/p>\n\n\n\n<p>&nbsp;5.2 Il consenso all\u2019invio di comunicazioni di marketing diretto e quello relativo alla profilazione potranno essere in ogni momento revocati accedendo alla sezione &#8220;Modifica i tuoi dati&#8221; oppure seguendo il collegamento ipertestuale (link) riportato in calce ad ogni messaggio email promozionale.<br>&nbsp;<\/p>\n\n\n\n<p><strong>6. Comunicazione dei dati. Trasferimento.<\/strong><\/p>\n\n\n\n<p>6.1 I dati personali forniti con la registrazione al sito non saranno oggetto di diffusione. Per motivi strettamente funzionali all\u2019esecuzione della richiesta saranno comunicati a:<\/p>\n\n\n\n<ul>\n<li>dipendenti e\/o collaboratori interni regolarmente incaricati ed autorizzati;<\/li>\n\n\n\n<li>collaboratori esterni e responsabili esterni comunque identificati, designati e preposti a tale attivit\u00e0.<\/li>\n<\/ul>\n\n\n\n<p>6.2 I Titolari provvederanno a fornire adeguate istruzioni scritte in merito alle modalit\u00e0 di trattamento, nonch\u00e9 ad assicurare che i soggetti autorizzati al trattamento dei dati personali siano destinatari di specifici obblighi di riservatezza e confidenzialit\u00e0 in merito alle informazioni acquisite.<\/p>\n\n\n\n<p>6.3 Inoltre i Suoi dati potranno essere comunicati alle autorit\u00e0 pubbliche autorizzate a riceverli per legge, ove richiesto dalla normativa applicabile, anche di natura fiscale o amministrativa, che agiranno in qualit\u00e0 di Titolari del trattamento.<\/p>\n\n\n\n<p>6.4 Previo Suo espresso consenso scritto, i Suoi dati verranno comunicati a societ\u00e0 controllate, collegate o facenti parte del medesimo gruppo di imprese cui appartengono i Titolari, che li potranno trattare per le finalit\u00e0 indicate ai punti 1.2 e 1.3.<\/p>\n\n\n\n<p>6.5 Lei potr\u00e0 chiedere di ricevere i dati degli eventuali Responsabili esterni al trattamento mediante espressa richiesta scritta da fare pervenire al seguente indirizzo di posta elettronica: privacy@came.com.<\/p>\n\n\n\n<p>6.6 La gestione e la conservazione dei dati personali avviene su server ubicati all\u2019interno dell\u2019Unione Europea di propriet\u00e0 e\/o nella disponibilit\u00e0 di CAME S.p.A. e\/o di societ\u00e0 terze debitamente nominate quali Responsabili del trattamento.<br>&nbsp;<\/p>\n\n\n\n<p><strong>7. Diritti degli interessati<\/strong><\/p>\n\n\n\n<p>7.1. Le ricordiamo che le sono riconosciuti i seguenti diritti:<\/p>\n\n\n\n<p>&nbsp; &nbsp; 1.&nbsp;&nbsp;&nbsp;&nbsp;&nbsp;&nbsp;&nbsp;&nbsp; il&nbsp;<strong>diritto di accesso<\/strong>, ossia il diritto di ottenere dal Titolare la conferma che sia o meno in corso il trattamento dei Dati e, in tal caso, di ottenerne l&#8217;accesso;<\/p>\n\n\n\n<p>&nbsp; &nbsp; 2.&nbsp;&nbsp;&nbsp;&nbsp;&nbsp;&nbsp;&nbsp;&nbsp; il&nbsp;<strong>diritto di rettifica e cancellazione<\/strong>, ossia il diritto di ottenere la rettifica di Dati inesatti e\/o l&#8217;integrazione di Dati incompleti o la cancellazione dei Dati per motivi legittimi;<\/p>\n\n\n\n<p>&nbsp; &nbsp; 3.&nbsp;&nbsp;&nbsp;&nbsp;&nbsp;&nbsp;&nbsp;&nbsp; il&nbsp;<strong>diritto alla limitazione del trattamento<\/strong>, ossia il diritto a richiedere la sospensione del trattamento qualora sussistano motivi legittimi;<\/p>\n\n\n\n<p>&nbsp; &nbsp; 4.&nbsp;&nbsp;&nbsp;&nbsp;&nbsp;&nbsp;&nbsp;&nbsp; il&nbsp;<strong>diritto alla portabilit\u00e0 dei Dati<\/strong>, ossia il diritto di ricevere in un formato strutturato, di uso comune e leggibile i Dati, nonch\u00e9 il diritto di trasmettere i Dati ad un altro titolare del trattamento;<\/p>\n\n\n\n<p>&nbsp; &nbsp; 5.&nbsp;&nbsp;&nbsp;&nbsp;&nbsp;&nbsp;&nbsp;&nbsp; Il&nbsp;<strong>diritto di revocare<\/strong>&nbsp;il proprio consenso in qualsiasi momento. La revoca del consenso non pregiudica la liceit\u00e0 del trattamento basata sul consenso prima della revoca.<\/p>\n\n\n\n<p>&nbsp; &nbsp; 6.&nbsp;&nbsp;&nbsp;&nbsp;&nbsp;&nbsp;&nbsp;&nbsp; il&nbsp;<strong>diritto di opposizione<\/strong>, ossia il diritto opporsi al trattamento dei Dati qualora sussistano motivi legittimi, ivi compresi i trattamenti di Dati per finalit\u00e0 di marketing e profilazione, se previsti;<\/p>\n\n\n\n<p>&nbsp; &nbsp; 7.&nbsp;&nbsp;&nbsp;&nbsp;&nbsp;&nbsp;&nbsp;&nbsp; il&nbsp;<strong>diritto di proporre reclamo<\/strong>&nbsp;all&#8217;autorit\u00e0 di controllo competente in caso di trattamento illecito dei Dati o di adire le opportune sedi giudiziarie.<\/p>\n\n\n\n<p>7.2. Le richieste dovranno pervenire a:<\/p>\n\n\n\n<p>&#8211; CAME S.p.A. ai seguenti indirizzo mail: privacy@came.com o al numero di fax 04224941 o a<\/p>\n\n\n\n<p>&#8211; CAME Italia S.r.l. al seguente indirizzo mail cit.privacy@came.com o al numero di fax 0422494276<br>&nbsp;<\/p>\n\n\n\n<p><strong>8. Titolari del trattamento<\/strong><\/p>\n\n\n\n<p>I Titolari del Trattamento sono CAME S.p.A., C.F. E P.IVA 03481280265 via Martiri della Libert\u00e0 15, 31030 Dosson di Casier (TV)&nbsp;e CAME Italia s.r.l., C.F. E P.IVA 04835400260 via Delle Industrie, n. 89\/A 31030 Dosson di Casier (TV)<\/p>\n","protected":false},"excerpt":{"rendered":"<p>1. Finalit\u00e0 e base giuridica 1.1. Ai sensi degli articoli 13.1 del Reg. UE n. 679\/2016 definito \u201cGeneral Data Protection Regulation\u201d e\u201d si informa che il trattamento dei dati personali nel modulo di registrazione \u00e8 finalizzato alla creazione di un profilo utente per l\u2019accesso all\u2019Area riservata del sito&nbsp;www.came.com\/it\/piucame&nbsp;per l\u2019erogazione dei servizi richiesti basati su interfaccia [&hellip;]<\/p>\n","protected":false},"author":5,"featured_media":0,"parent":0,"menu_order":0,"comment_status":"closed","ping_status":"closed","template":"","meta":{"elastic_search":"","powered_cache_disable_cache":false,"footnotes":""},"_links":{"self":[{"href":"https:\/\/www.came.com\/it\/wp-json\/wp\/v2\/pages\/12416"}],"collection":[{"href":"https:\/\/www.came.com\/it\/wp-json\/wp\/v2\/pages"}],"about":[{"href":"https:\/\/www.came.com\/it\/wp-json\/wp\/v2\/types\/page"}],"author":[{"embeddable":true,"href":"https:\/\/www.came.com\/it\/wp-json\/wp\/v2\/users\/5"}],"replies":[{"embeddable":true,"href":"https:\/\/www.came.com\/it\/wp-json\/wp\/v2\/comments?post=12416"}],"version-history":[{"count":1,"href":"https:\/\/www.came.com\/it\/wp-json\/wp\/v2\/pages\/12416\/revisions"}],"predecessor-version":[{"id":12417,"href":"https:\/\/www.came.com\/it\/wp-json\/wp\/v2\/pages\/12416\/revisions\/12417"}],"wp:attachment":[{"href":"https:\/\/www.came.com\/it\/wp-json\/wp\/v2\/media?parent=12416"}],"curies":[{"name":"wp","href":"https:\/\/api.w.org\/{rel}","templated":true}]}}