{"id":12340,"date":"2025-02-05T11:42:32","date_gmt":"2025-02-05T10:42:32","guid":{"rendered":"https:\/\/www.came.com\/it\/?page_id=12340"},"modified":"2025-04-07T09:06:17","modified_gmt":"2025-04-07T07:06:17","slug":"gt-landing","status":"publish","type":"page","link":"https:\/\/www.came.com\/it\/gt-landing\/","title":{"rendered":"GT landing"},"content":{"rendered":"\n<div class=\"wp-block-group alignfull is-layout-flow wp-block-group-is-layout-flow\">\n<link rel=\"stylesheet\" type=\"text\/css\" href=\"https:\/\/www.came.com\/global\/sites\/default\/files\/gt-4_gt-8_landing\/css\/normalize.css\" \/>\n<link rel=\"stylesheet\" type=\"text\/css\" href=\"https:\/\/www.came.com\/global\/sites\/default\/files\/gt-4_gt-8_landing\/css\/fullpage.min.css\" \/>\n<link rel=\"stylesheet\" type=\"text\/css\" href=\"https:\/\/www.came.com\/global\/sites\/default\/files\/gt-4_gt-8_landing\/css\/custom.css\" \/>\n<style>\n  .section {\n        margin: 0;\n        padding: 0;\n      }\n#fullpage {\n  margin-block-start: 0 !important;\n}\n      .main-header {\n          position: absolute;\n          width: 100vw;\n          background: transparent;\n          border: none;\n          z-index: 9;\n          transition: opacity 0.3s ease-in-out;\n      }\n      .main-header.hidden-header {\n          opacity: 0;\n          z-index: -1;\n      }\n      .main-header > .top {\n          display: none;\n      }\n      .main-header > .bottom {\n          margin: 0;\n          background: #fff;\n      }\n  \n  #section-05 .slide#slide-06 .container .box-06-titolo {\n    background-color: rgba(0,0,0,0.45);\n  }\n  \n  #fp-nav.fp-left {\n    position: absolute;\n    bottom: 2.5vh;\n  }\n  \n  #fp-nav ul {\n    position: absolute;\n    bottom: 0;\n  }\n  \n    #fp-nav ul li a span, .fp-slidesNav ul li a span {\n    background: #009fe3;\n    border: 0.5px solid white;\n}\n  \n  #fp-nav.fp-left {\n      left: 0;\n    }\n  \n  #section-footer-form {\n    display: flex;\n    align-items: center;\n    height: 100vh;\n    background: #000;\n  }\n  \n    #section-footer-form .-fixed-width .fp-tableCell {\n      height: 1080px;\n    display: flex;\n    align-items: center;\n    width: 100vw;\n  }\n  \n   .form-contacts {\n    max-width: 100vw;\n    margin: auto;\n    width: 100vw\n  }\n  \n  .form-contacts form {\n    margin: 0 auto;\n    max-width: 728px;\n    width: 80%;\n  }\n  \n  .form-contacts .form-title {\n    color: #fff;\n    text-align: center;\n    display: block;\n    font-size: 15px;\n  }\n  \n  .form-contacts .form-title span {\n    color: #00B0ED;\n  }\n  \n  .form-contacts .form-image {\n    margin: 0 auto;\n    width: 100%;\n    max-width: 420px;\n  }\n  \n  .form-contacts label {\n    color: #fff;\n  }\n  \n  .form-contacts p {\n    color: #fff;\n    display: inline-block;\n  }\n  \n  .form-contacts p.small-privacy {\n    font-size: 12px !important;\n    line-height: 15px;\n  }\n  \n  .form-contacts .title {\n    margin: 3vh 0 0 0;\n  }\n  \n  .form-contacts .group {\n    margin-top: 2rem;\n    margin-bottom: 2rem;\n  }\n  \n  .form-contacts input[type=\"submit\"] {\n    margin-top: 0.5rem;\n  }\n  \n  .webform-confirmation-modal {\n    width: 300px !important;\n  }\n  \ninput[type=\"radio\"] {\n  margin-right: 10px;\n   }\n  \n  #edit-radio-dem-option label{\n  margin-right: 10px;\n  }\n  \n  @media only screen and (orientation: portrait) and (max-width: 991px){\n    #section-intro .slide#slide-intro .container .box-intro-titolo {\n      padding-left: 10%;\n    }\n    #section-intro .slide#slide-intro .box-intro-top .video-fs video {\n      height: 100vh;\n      object-position: 25% center;\n    }\n    #section-intro .slide#slide-intro .box-intro-top {\n      bottom: 0;\n    }\n    #section-intro .slide#slide-intro .container .box-intro-titolo {\n      left: 35%;\n      right: 3%;\n      top: auto;\n      bottom: 3%;\n      padding: 30px 5%;\n    }\n    .form-contacts .group {\n      margin-top: 1rem;\n      margin-bottom: 1rem;\n    }\n    .form-contacts input[type=\"text\"], .form-contacts input[type=\"email\"] {\n      padding: 0.4rem 1rem;\n      margin: 0.4rem 0;\n    }\n    .form-contacts .item {\n      margin-bottom: 1rem;\n    }\n  }\n  \n  @media only screen and (orientation: landscape) and (min-width: 992px){\n    #fp-nav.fp-left {\n      left: 17px;\n    }\n    #section-footer-double .slide#slide-footer-double .box-footer-double-bg-dx {\n      background-position: center center;\n    }\n  }\n  \n  #landscape-alert {\n  display: none !important;\n}\n  \n  @supports (-ms-ime-align:auto) {\n        #section-intro .slide#slide-intro .box-intro-top .video-fs video{\n          position: absolute;\n          top: 50%;\n          left: 50%;\n          transform: translate(-50%, -50%);\n          min-width: 100%;\n          min-height: 100%;\n          width: auto;\n          height: auto;\n       }\n      }\n  \n<\/style>\n\n<div id=\"fullpage\">\n\n\t<!--SECTION INTRO-->\n\t<div class=\"section\" id=\"section-intro\">\n        <!--slide intro-->\n        <div class=\"slide\" id=\"slide-intro\">\n            <div class=\"box-intro-top\">\n                <div class=\"video-fs\">\n                    <video muted autoplay loop data-keepplaying playsinline preload=\"auto\" poster=\"https:\/\/www.came.com\/global\/sites\/default\/files\/gt-4_gt-8_landing\/img\/poster-clip-gt4.jpg\" id=\"clip-gt4\">\n                        <source data-src=\"https:\/\/www.came.com\/global\/sites\/default\/files\/gt-4_gt-8_landing\/video\/clip-gt4.mp4\" type=\"video\/mp4\" \/>\n                    <\/video>\n                <\/div>\n            <\/div>\n            <div class=\"container\">\n                <div class=\"box-intro-titolo\">\n                    <div class=\"box-intro-titolo-txt\">\n                        <h1>GARD GT<\/h1>\n                        <h2>THE NEW<br>\n                        BENCHMARK<br>\n                        FOR AUTOMATIC<br>\n                        BARRIERS<\/h2>\n                        <!--<p><a class=\"btn btn-inv\" href=\"#\">READ MORE&nbsp;&gt;<\/a><\/p>-->\n                    <\/div>\n                <\/div>\n            <\/div>\n        <\/div>\n    <\/div>\n    \n\t<!--SECTION 01-->\n\t<div class=\"section\" id=\"section-01\">\n        <!--slide 01-->\n        <div class=\"slide\" id=\"slide-01\">\n            <div class=\"box-01-top\">\n                <div class=\"video-fs\">\n                    <video muted autoplay loop data-keepplaying playsinline preload=\"auto\" poster=\"https:\/\/www.came.com\/global\/sites\/default\/files\/gt-4_gt-8_landing\/img\/poster-video1b.jpg\" id=\"video1b\">\n                        <source data-src=\"https:\/\/www.came.com\/global\/sites\/default\/files\/gt-4_gt-8_landing\/video\/video1b.mp4\" type=\"video\/mp4\" \/>\n                    <\/video>\n                <\/div>\n            <\/div>\n            <div class=\"container\">\n                <div class=\"box-01-titolo\">\n                    <div class=\"box-01-titolo-txt\">\n                        <h2>MCBF<\/h2>\n                        <p><span>3.000.000<\/span> CICLI<\/p>\n                        <p>USO INTENSIVO <span>FINO A 350<\/span> CICLI\/ORA<\/p>\n                    <\/div>\n                <\/div>\n            <\/div>\n        <\/div>\n    <\/div>\n    \n\t<!--SECTION 02-->\n\t<div class=\"section\" id=\"section-02\">\n        <!--slide 02-->\n        <div class=\"slide\" id=\"slide-02\">\n            <div class=\"box-02-top\"><\/div>\n            <div class=\"container\">\n                <div class=\"box-02-titolo\">\n                    <div class=\"box-02-titolo-txt\">\n                        <ul>\n                            <li>Motore a 24V ad elevata affidabilit\u00e0 con<br><strong>Advanced Speed Control<\/strong><\/li>\n                            <li>Sistema di bilanciamento molle <br><strong>a regolazione variabile<\/strong><\/li>\n                            <li>Luci semaforiche LED RG<br><strong>ad alta visibilit\u00e0<\/strong><\/li>\n                            <li>Totale integrazione con<br><strong>protocollo MODBUS<\/strong><\/li>\n                            <li><strong>Tecnologia CONNECT<\/strong><br>integrata<\/li>\n                        <\/ul>\n                        <p><span class=\"btn btn-ev\" id=\"next-slide-video\">GUARDA IL VIDEO&nbsp;&gt;<\/span><\/p>\n                    <\/div>\n                <\/div>\n            <\/div>\n        <\/div>\n        <!--slide video-->\n        <div class=\"slide\" id=\"slide-video\">\n            <span id=\"box-video-close\" class=\"btn btn-inv\">X<\/span>\n            <div class=\"container\">\n                <div class=\"video-16-9\">\n                    <video controls poster=\"https:\/\/www.came.com\/global\/sites\/default\/files\/gt-4_gt-8_landing\/img\/poster-came-gard-gt4-en.jpg\" id=\"video-16-9\">\n                        <source data-src=\"https:\/\/www.came.com\/global\/sites\/default\/files\/gt-4_gt-8_landing\/video\/Came_GARD_GT4_IT.mp4\" type=\"video\/mp4\" \/>\n                    <\/video>\n                <\/div>\n            <\/div>\n        <\/div>\n    <\/div>\n    \n\t<!--SECTION 03-->\n\t<div class=\"section\" id=\"section-03\">\n        <!--slide 03-->\n        <div class=\"slide\" id=\"slide-03\">\n            <div class=\"container\">\n                <div class=\"box-03-titolo\">\n                    <div class=\"box-03-titolo-txt\">\n                        <h2><span>MOTORE A 24V<\/span> CON ADVANCED SPEED CONTROL<\/h2>\n                        <p>Questa funzione analizza le forze che agiscono sull\u2019asta e adegua la velocit\u00e0 in base ai parametri rilevati, garantendo un movimento senza oscillazioni e una velocit\u00e0 costante nel tempo. Grazie al motore a 24V, GARD GT pu\u00f2 funzionare anche in caso di blackout.<\/p>\n                        <p><span class=\"btn btn-inv\" id=\"next-slide-01\">SCOPRI IL SISTEMA DI EMERGENZA A BATTERIE&nbsp;&gt;<\/span><\/p>\n                    <\/div>\n                <\/div>\n                <div class=\"box-03-video\">\n                    <div class=\"right-container\">\n                        <div class=\"video-fs\">\n                        \t<div class=\"prop\">\n                                <video muted autoplay loop data-keepplaying playsinline preload=\"auto\" poster=\"https:\/\/www.came.com\/global\/sites\/default\/files\/gt-4_gt-8_landing\/img\/poster-asta-reverse.jpg\" id=\"asta-reverse\">\n                                    <source data-src=\"https:\/\/www.came.com\/global\/sites\/default\/files\/gt-4_gt-8_landing\/video\/asta-reverse.mp4\" type=\"video\/mp4\" \/>\n                                <\/video>\n                            <\/div>\n                        <\/div>\n                    <\/div>\n                <\/div>\n            <\/div>\n        <\/div>\n        <!--slide 04-->\n        <div class=\"slide\" id=\"slide-04\">\n            <div class=\"container\">\n                <div class=\"box-04-titolo\">\n                    <div class=\"box-04-titolo-txt\">\n                        <h2><span>SISTEMA DI EMERGENZA<\/span> A BATTERIE<\/h2>\n                        <p>In caso di blackout o in situazioni di emergenza, GARD GT garantisce continuit\u00e0 di servizio grazie a un sistema di alimentazione a batterie ausiliarie, opzionali.<\/p>\n                    <\/div>\n                <\/div>\n                <div class=\"box-04-video\">\n                    <div class=\"right-container\">\n                        <div class=\"video-fs\">\n                        \t<div class=\"prop\">\n                                <video muted autoplay loop data-keepplaying playsinline preload=\"auto\" poster=\"https:\/\/www.came.com\/global\/sites\/default\/files\/gt-4_gt-8_landing\/img\/poster-video2-1.jpg\" id=\"video2-1\">\n                                    <source data-src=\"https:\/\/www.came.com\/global\/sites\/default\/files\/gt-4_gt-8_landing\/video\/video2-1.mp4\" type=\"video\/mp4\" \/>\n                                <\/video>\n                            <\/div>\n                        <\/div>\n                    <\/div>\n                <\/div>\n            <\/div>\n        <\/div>\n\t<\/div>\n\n\t<!--SECTION 04-->\n\t<div class=\"section\" id=\"section-04\">\n        <!--slide 05-->\n        <div class=\"slide\" id=\"slide-05\">\n            <div class=\"box-05-top\">\n                <div class=\"video-fs\">\n                    <video muted autoplay loop data-keepplaying playsinline preload=\"auto\" poster=\"https:\/\/www.came.com\/global\/sites\/default\/files\/gt-4_gt-8_landing\/img\/poster-video5.jpg\" id=\"video5\">\n                        <source data-src=\"https:\/\/www.came.com\/global\/sites\/default\/files\/gt-4_gt-8_landing\/video\/video5.mp4\" type=\"video\/mp4\" \/>\n                    <\/video>\n                <\/div>\n            <\/div>\n            <div class=\"container\">\n                <div class=\"box-05-titolo\">\n                    <div class=\"box-05-titolo-txt\">\n                        <h2>SISTEMA DI BILANCIAMENTO<br><span>A REGOLAZIONE VARIABILE GT4:<\/span><br>\n                        MOLLA UNICA PER TUTTE<br>\n                        LE CONFIGURAZIONI DI ASTA<\/h2>\n                        <p><span class=\"btn btn-inv\" id=\"next-slide-03\">SCOPRI IL SISTEMA DI BILANCIAMENTO GT8&nbsp;&gt;<\/span><\/p>\n                    <\/div>\n                <\/div>\n            <\/div>\n        <\/div>\n        <!--slide 11-->\n        <div class=\"slide\" id=\"slide-11\">\n            <div class=\"box-11-top\">\n                <div class=\"video-fs\">\n                    <video muted autoplay loop data-keepplaying playsinline preload=\"auto\" poster=\"https:\/\/www.came.com\/global\/sites\/default\/files\/gt-4_gt-8_landing\/img\/poster-video5b.jpg\" id=\"video5b\">\n                        <source data-src=\"https:\/\/www.came.com\/global\/sites\/default\/files\/gt-4_gt-8_landing\/video\/video5b.mp4\" type=\"video\/mp4\" \/>\n                    <\/video>\n                <\/div>\n            <\/div>\n            <div class=\"container\">\n                <div class=\"box-11-titolo\">\n                    <div class=\"box-11-titolo-txt\">\n                        <h2>SISTEMA DI BILANCIAMENTO <br><span>A REGOLAZIONE VARIABILE GT8:<\/span><br>\n                        DOPPIA MOLLA PER TUTTE<br>\n                        LE CONFIGURAZIONI DI ASTA<\/h2>\n                    <\/div>\n                <\/div>\n            <\/div>\n        <\/div>\n\t<\/div>\n    \n\t<!--SECTION 05-->\n\t<div class=\"section\" id=\"section-05\">\n        <!--slide 06-->\n        <div class=\"slide\" id=\"slide-06\">\n            <div class=\"box-06-top\"><\/div>\n            <div class=\"container\">\n                <div class=\"box-06-titolo\">\n                    <div class=\"box-06-titolo-txt\">\n                      <h2><span>ASTE PER<\/span> GT8<\/h2>\n                        <p style=\"color: white\">Disponibili in 3 modelli:<\/p>\n                        <ul>\n                            <li>Asta monopezzo fino a 4 m<\/li>\n                            <li>Asta monopezzo da 4 a 6 m<\/li>\n                            <li><span style=\"color: #00b0ed; font-weight: bold;\">Asta modulare<\/span> fino a 8 m<\/li>\n                        <\/ul>\n                    <\/div>\n                <\/div>\n            <\/div>\n        <\/div>\n\t<\/div>\n    \n\t<!--SECTION 06-->\n\t<div class=\"section\" id=\"section-06\">\n        <!--slide 07-->\n        <div class=\"slide\" id=\"slide-07\">\n            <div class=\"box-07-top\">\n                <div class=\"video-fs\">\n                    <video muted autoplay loop data-keepplaying playsinline preload=\"auto\" poster=\"https:\/\/www.came.com\/global\/sites\/default\/files\/gt-4_gt-8_landing\/img\/poster-video3.jpg\" id=\"video3\">\n                        <source data-src=\"https:\/\/www.came.com\/global\/sites\/default\/files\/gt-4_gt-8_landing\/video\/video3.mp4\" type=\"video\/mp4\" \/>\n                    <\/video>\n                <\/div>\n            <\/div>\n            <div class=\"container\">\n                <div class=\"box-07-titolo\">\n                    <div class=\"box-07-titolo-txt\">\n                    \t<h2>LUCI  LED RG AD ALTA VISIBILIT\u00c0 <br>\n                        SULL&#8217;ASTA E SULL&#8217;ARMADIO<\/h2>\n                        <p>Regolano l&#8217;accesso tramite segnalazione luminosa verde, rosso lampeggiante oppure rosso fisso.<\/p>\n                        <p><span class=\"btn btn-inv\" id=\"next-slide-02\">SCOPRI LE FUNZIONALIT\u00c0 DI SICUREZZA DI GARD GT&nbsp;&gt;<\/span><\/p>\n                    <\/div>\n                <\/div>\n            <\/div>\n        <\/div>\n        <!--slide 08-->\n        <div class=\"slide\" id=\"slide-08\">\n            <div class=\"box-08-top\">\n                <div class=\"box-08-top-video\">\n                    <div class=\"video-fs\">\n                        <video muted autoplay loop data-keepplaying playsinline preload=\"auto\" poster=\"https:\/\/www.came.com\/global\/sites\/default\/files\/gt-4_gt-8_landing\/img\/poster-video-6-1.jpg\" id=\"video-6-1\">\n                            <source data-src=\"https:\/\/www.came.com\/global\/sites\/default\/files\/gt-4_gt-8_landing\/video\/video-6-1.mp4\" type=\"video\/mp4\" \/>\n                        <\/video>\n                    <\/div>\n                <\/div>\n                <div class=\"container\">\n                    <div class=\"box-08-top-titolo\">\n                        <div class=\"box-08-top-titolo-txt\">\n                            <h2><span>SGANCIO DI SICUREZZA<\/span> DELL&#8217;ASTA<\/h2>\n                            <p>Progettato in acciao ad alta resistenza, il dispositivo di sgancio dell\u2019asta minimizza i danni in caso di impatto consentendo all\u2019asta di liberare il passaggio in totale sicurezza. Disponibile per aste fino a 6 m.<\/p>\n                        <\/div>\n                    <\/div>\n                <\/div>\n            <\/div>\n            <div class=\"box-08-bottom\">\n                <div class=\"box-08-bottom-video\">\n                    <div class=\"video-fs\">\n                        <video muted autoplay loop data-keepplaying playsinline preload=\"auto\" poster=\"https:\/\/www.came.com\/global\/sites\/default\/files\/gt-4_gt-8_landing\/img\/poster-video-6-2.jpg\" id=\"video-6-2\">\n                            <source data-src=\"https:\/\/www.came.com\/global\/sites\/default\/files\/gt-4_gt-8_landing\/video\/video-6-2.mp4\" type=\"video\/mp4\" \/>\n                        <\/video>\n                    <\/div>\n                <\/div>\n                <div class=\"container\">\n                    <div class=\"box-08-bottom-titolo\">\n                        <div class=\"box-08-bottom-titolo-txt\">\n                            <h2>PROFILO IN GOMMA PER L&#8217;ASSORBIMENTO DEGLI URTI<\/h2>\n                            <p>Integra un sistema di rilevamento degli ostacoli sicuro ed efficiente.<\/p>\n                        <\/div>\n                    <\/div>\n                <\/div>\n            <\/div>\n        <\/div>\n\t<\/div>\n    \n\t<!--SECTION 07-->\n\t<div class=\"section\" id=\"section-07\">\n        <!--slide 09-->\n        <div class=\"slide\" id=\"slide-09\">\n            <div class=\"box-09-top\"><\/div>\n            <div class=\"container\">\n                <div class=\"box-09-titolo\">\n                    <div class=\"box-09-titolo-txt\">\n                        <p>Grazie al protocollo Modbus aperto, GARD GT supporta la comunicazione verso\/da pi\u00f9 dispositivi connessi alla stessa rete e sistemi per parcheggi o controllo degli accessi.<\/p>\n                        <!--<p><a class=\"btn btn-inv\" href=\"https:\/\/www.came.com\/global\/en\/cameconnect\" target=\"_blank\" rel=\"noopener\">DISCOVER MORE ABOUT CONNECT&nbsp;&gt;<\/a><\/p>-->\n                    <\/div>\n                <\/div>\n            <\/div>\n        <\/div>\n\t<\/div>\n    \n\t<!--SECTION 08-->\n\t<div class=\"section\" id=\"section-08\">\n        <!--slide 10-->\n        <div class=\"slide\" id=\"slide-10\">\n            <div class=\"box-10-video\">\n                <div class=\"video-fs\">\n                    <video muted autoplay loop data-keepplaying playsinline preload=\"auto\" poster=\"https:\/\/www.came.com\/global\/sites\/default\/files\/gt-4_gt-8_landing\/img\/poster-camekey.jpg\" id=\"camekey\">\n                        <source data-src=\"https:\/\/www.came.com\/global\/sites\/default\/files\/gt-4_gt-8_landing\/video\/camekey.mp4\" type=\"video\/mp4\" \/>\n                    <\/video>\n                <\/div>\n            <\/div>\n            <div class=\"container\">\n                <div class=\"box-10-titolo\">\n                    <div class=\"box-10-titolo-txt\">\n                        <h2><span>TECNOLOGIA CONNECT<\/span> INTEGRATA<\/h2>\n                        <p class=\"img-sx\">\n                        \t<img decoding=\"async\" alt=\"Logo Came Connect\" src=\"https:\/\/www.came.com\/global\/sites\/default\/files\/gt-4_gt-8_landing\/img\/logo-connect.png\">\n                        \t<span>GARD GT pu\u00f2 essere gestito da remoto tramite PC o smartphone per la programmazione automatica di trasmettitori, la gestione degli utenti, la verifica dello stato dell&#8217;impianto e per pianificare interventi di manutenzione programmata.<\/span>\n                        <\/p>\n                        <p>Con CAME KEY \u00e8 inoltre possibile configurare e settare l&#8217;impianto via  WIFI in modo rapido direttamente da smartphone e relativa app CAME SetUp.<\/p>\n                        <p><a class=\"btn btn-ev\" href=\"https:\/\/www.came.com\/camekey\" target=\"_blank\" rel=\"noopener\">SCOPRI CAME KEY&nbsp;&gt;<\/a><\/p>\n                    <\/div>\n                <\/div>\n            <\/div>\n        <\/div>\n\t<\/div>\n    \n\t<!--SECTION FOOTER-->\n\t<div class=\"section\" id=\"section-footer\">\n        <!--slide footer-->\n        <div class=\"slide\" id=\"slide-footer\">\n            <div class=\"box-footer-bg\">\n            \t<div class=\"box-footer-bg-txt bg-color\">\n                \t<h2>SEI INTERESSATO<br>\n                    A UN CORSO?<\/h2>\n                    <p>Scopri come partecipare ai nostri<br>\n                     training di formazione tecnica<\/p>\n                    <p><a class=\"btn btn-ev\" href=\"https:\/\/www.came.com\/formazione\" target=\"_blank\" rel=\"noopener\">ISCRIVITI ADESSO&nbsp;&gt;<\/a><\/p>\n                <\/div>\n            <\/div>\n        <\/div>\n    <\/div>\n    \n\t<!--SECTION FOOTER DOUBLE-->\n\t<div class=\"section\" id=\"section-footer-double\">\n        <!--slide footer-->\n        <div class=\"slide\" id=\"slide-footer-double\">\n            <div class=\"box-footer-double-bg-sx\">\n            \t<div class=\"box-footer-double-bg-sx-txt bg-color\">\n                \t<h2 style=\"text-transform: uppercase;\">MAGGIORI INFORMAZIONI<br>SU GT4<\/h2>\n                    <p>Scopri tutte le funzionalit\u00e0 <br>\n                    e le caratteristiche tecniche<\/p>\n                    <p><a class=\"btn btn-ev\" href=\"https:\/\/came-share.thron.com\/page?id=c67dddc3-af62-478b-83fc-ca33a90a30fb\" target=\"_blank\" rel=\"noopener\">SCARICA LA BROCHURE GARD GT4&nbsp;&gt;<\/a><\/p>\n                <\/div>\n            <\/div>\n            <div class=\"box-footer-double-bg-dx\">\n            \t<div class=\"box-footer-double-bg-dx-txt bg-color\">\n                \t<h2 style=\"text-transform: uppercase;\">MAGGIORI INFORMAZIONI<br>SU GT8<\/h2>\n                    <p>Scopri tutte le funzionalit\u00e0 <br>\n                    e le caratteristiche tecniche<\/p>\n                    <p><a class=\"btn btn-ev\" href=\"https:\/\/came-share.thron.com\/page?id=ad502595-2a27-4147-af92-8f5c2ab6ea96\" target=\"_blank\" rel=\"noopener\">SCARICA LA BROCHURE GARD GT8&nbsp;&gt;<\/a><\/p>\n                <\/div>\n            <\/div>\n        <\/div>\n    <\/div>\n \n    \n    \n<\/div>\n\n<div id=\"landscape-alert\" style=\"display:none;\"><\/div>\n\n\n\n<script src=\"https:\/\/code.jquery.com\/jquery-3.7.1.min.js\" integrity=\"sha256-\/JqT3SQfawRcv\/BIHPThkBvs0OEvtFFmqPF\/lYI\/Cxo=\" crossorigin=\"anonymous\"><\/script>\n\n\n<script type=\"text\/javascript\" src=\"https:\/\/www.came.com\/global\/sites\/default\/files\/gt4-landing_old\/js\/scrolloverflow.min.js\"><\/script>\n<script type=\"text\/javascript\" src=\"https:\/\/www.came.com\/global\/sites\/default\/files\/gt-4_gt-8_landing\/js\/fullpage.min.js\" defer><\/script>\n<script type=\"text\/javascript\" src=\"https:\/\/www.came.com\/global\/sites\/default\/files\/gt-4_gt-8_landing\/js\/custom.js\" defer><\/script>\n\n<script>\n$(document).ready(function(){\n\t$('.button-logo').click(function(event){\n\t\tevent.preventDefault();\n\t\twindow.location.href='https:\/\/www.came.com\/it\/';\n\t});\n});\n<\/script>\n<\/div>\n","protected":false},"excerpt":{"rendered":"<p>GARD GT THE NEW BENCHMARK FOR AUTOMATIC BARRIERS MCBF 3.000.000 CICLI USO INTENSIVO FINO A 350 CICLI\/ORA Motore a 24V ad elevata affidabilit\u00e0 conAdvanced Speed Control Sistema di bilanciamento molle a regolazione variabile Luci semaforiche LED RGad alta visibilit\u00e0 Totale integrazione conprotocollo MODBUS Tecnologia CONNECTintegrata GUARDA IL VIDEO&nbsp;&gt; X MOTORE A 24V CON ADVANCED SPEED [&hellip;]<\/p>\n","protected":false},"author":5,"featured_media":0,"parent":0,"menu_order":0,"comment_status":"closed","ping_status":"closed","template":"page_template-landing-fullscreen.php","meta":{"elastic_search":"","powered_cache_disable_cache":false,"footnotes":""},"_links":{"self":[{"href":"https:\/\/www.came.com\/it\/wp-json\/wp\/v2\/pages\/12340"}],"collection":[{"href":"https:\/\/www.came.com\/it\/wp-json\/wp\/v2\/pages"}],"about":[{"href":"https:\/\/www.came.com\/it\/wp-json\/wp\/v2\/types\/page"}],"author":[{"embeddable":true,"href":"https:\/\/www.came.com\/it\/wp-json\/wp\/v2\/users\/5"}],"replies":[{"embeddable":true,"href":"https:\/\/www.came.com\/it\/wp-json\/wp\/v2\/comments?post=12340"}],"version-history":[{"count":2,"href":"https:\/\/www.came.com\/it\/wp-json\/wp\/v2\/pages\/12340\/revisions"}],"predecessor-version":[{"id":15156,"href":"https:\/\/www.came.com\/it\/wp-json\/wp\/v2\/pages\/12340\/revisions\/15156"}],"wp:attachment":[{"href":"https:\/\/www.came.com\/it\/wp-json\/wp\/v2\/media?parent=12340"}],"curies":[{"name":"wp","href":"https:\/\/api.w.org\/{rel}","templated":true}]}}