{"id":12305,"date":"2025-02-05T10:42:59","date_gmt":"2025-02-05T09:42:59","guid":{"rendered":"https:\/\/www.came.com\/it\/?page_id=12305"},"modified":"2025-02-05T11:11:09","modified_gmt":"2025-02-05T10:11:09","slug":"qbe-landing-page","status":"publish","type":"page","link":"https:\/\/www.came.com\/it\/qbe-landing-page\/","title":{"rendered":"QBE Landing page"},"content":{"rendered":"\n<div class=\"wp-block-cover alignfull\"><span aria-hidden=\"true\" class=\"wp-block-cover__background has-dark-grey-background-color has-background-dim\"><\/span><img loading=\"lazy\" decoding=\"async\" width=\"1600\" height=\"900\" class=\"wp-block-cover__image-background wp-image-12306\" alt=\"QBE CAME\" src=\"https:\/\/www.came.com\/it\/wp-content\/uploads\/2025\/02\/QBE-2000x944-2.jpg\" data-object-fit=\"cover\" srcset=\"https:\/\/www.came.com\/it\/wp-content\/uploads\/2025\/02\/QBE-2000x944-2.jpg 1600w, https:\/\/www.came.com\/it\/wp-content\/uploads\/2025\/02\/QBE-2000x944-2-1024x576.jpg 1024w, https:\/\/www.came.com\/it\/wp-content\/uploads\/2025\/02\/QBE-2000x944-2-768x432.jpg 768w, https:\/\/www.came.com\/it\/wp-content\/uploads\/2025\/02\/QBE-2000x944-2-1536x864.jpg 1536w\" sizes=\"(max-width: 1600px) 100vw, 1600px\" \/><div class=\"wp-block-cover__inner-container has-global-padding is-layout-constrained wp-block-cover-is-layout-constrained\">\n<h3 class=\"wp-block-heading has-light-grey-color has-text-color has-link-color has-small-font-size wp-elements-49fe48fe8884e7e34e389434cfcd8283\"><strong>LA GESTIONE SENZA FILI PER UNA CASA SMART<\/strong><\/h3>\n\n\n\n<h1 class=\"wp-block-heading has-light-grey-color has-text-color has-link-color has-x-large-font-size wp-elements-2839c9335ca4f2535fed0eb14864b9ac\"><strong>QBE<\/strong><\/h1>\n<\/div><\/div>\n\n\n\n<div class=\"wp-block-group is-layout-flow wp-block-group-is-layout-flow\" style=\"margin-top:var(--wp--preset--spacing--80);margin-bottom:var(--wp--preset--spacing--80)\">\n<figure class=\"wp-block-image size-full glightbox-video\"><img loading=\"lazy\" decoding=\"async\" width=\"1423\" height=\"700\" src=\"https:\/\/www.came.com\/it\/wp-content\/uploads\/2025\/02\/qbe-video.png\" alt=\"QBE CAME\" class=\"wp-image-12309\" srcset=\"https:\/\/www.came.com\/it\/wp-content\/uploads\/2025\/02\/qbe-video.png 1423w, https:\/\/www.came.com\/it\/wp-content\/uploads\/2025\/02\/qbe-video-1024x504.png 1024w, https:\/\/www.came.com\/it\/wp-content\/uploads\/2025\/02\/qbe-video-768x378.png 768w\" sizes=\"(max-width: 1423px) 100vw, 1423px\" \/><\/figure>\n\n\n\n<div class=\"wp-block-buttons is-layout-flex wp-block-buttons-is-layout-flex\"><div class=\"wp-block-button glightbox-video\"><a class=\"wp-block-button__link wp-element-button\" href=\"https:\/\/came-cdn.thron.com\/delivery\/public\/video\/came\/b97f3fa6-f572-46da-a217-e8dfa58a055d\/aeejfn\/WEBHD\/qbe-video-it-\" target=\"_blank\" rel=\"noreferrer noopener\" aria-label=\"guarda il video di QBE\">Guarda il video<\/a><\/div>\n<\/div>\n<\/div>\n\n\n\n<div class=\"wp-block-group alignwide came-box-content-style-2 is-layout-flow wp-block-group-is-layout-flow\" style=\"padding-top:var(--wp--preset--spacing--70);padding-bottom:var(--wp--preset--spacing--70)\">\n<h3 class=\"wp-block-heading title-with-line has-medium-font-size\">CONTROLLARE TUTTI I SISTEMI DELLA CASA CON IL TUO SMARTPHONE<\/h3>\n\n\n\n<div class=\"wp-block-columns is-layout-flex wp-container-core-columns-is-layout-1 wp-block-columns-is-layout-flex\" style=\"margin-bottom:var(--wp--preset--spacing--70)\">\n<div class=\"wp-block-column is-layout-flow wp-block-column-is-layout-flow\">\n<p class=\"has-medium-font-size\">QBE \u00e8 la soluzione innovativa per una casa di nuova generazione. Nessun cavo e nessun lavoro di muratura. Grazie alla connessione radio, QBE permette di controllare tutti i sistemi automatizzati fuori e dentro casa.<\/p>\n<\/div>\n\n\n\n<div class=\"wp-block-column is-layout-flow wp-block-column-is-layout-flow\">\n<figure class=\"wp-block-image size-full image-fit-cover\"><img loading=\"lazy\" decoding=\"async\" width=\"1000\" height=\"667\" src=\"https:\/\/www.came.com\/it\/wp-content\/uploads\/2025\/02\/QBE-820x547-A.jpg\" alt=\"QBE\" class=\"wp-image-12311\" srcset=\"https:\/\/www.came.com\/it\/wp-content\/uploads\/2025\/02\/QBE-820x547-A.jpg 1000w, https:\/\/www.came.com\/it\/wp-content\/uploads\/2025\/02\/QBE-820x547-A-768x512.jpg 768w\" sizes=\"(max-width: 1000px) 100vw, 1000px\" \/><\/figure>\n<\/div>\n<\/div>\n<\/div>\n\n\n\n<div class=\"wp-block-group alignwide has-global-padding is-layout-constrained wp-block-group-is-layout-constrained\">\n<figure class=\"wp-block-image size-full\"><img loading=\"lazy\" decoding=\"async\" width=\"1360\" height=\"405\" src=\"https:\/\/www.came.com\/it\/wp-content\/uploads\/2025\/02\/QBE-1360x405-A-IT.jpg\" alt=\"Connessioni QBE\" class=\"wp-image-12313\" srcset=\"https:\/\/www.came.com\/it\/wp-content\/uploads\/2025\/02\/QBE-1360x405-A-IT.jpg 1360w, https:\/\/www.came.com\/it\/wp-content\/uploads\/2025\/02\/QBE-1360x405-A-IT-1024x305.jpg 1024w, https:\/\/www.came.com\/it\/wp-content\/uploads\/2025\/02\/QBE-1360x405-A-IT-768x229.jpg 768w\" sizes=\"(max-width: 1360px) 100vw, 1360px\" \/><\/figure>\n\n\n\n<figure class=\"wp-block-image size-full\"><img loading=\"lazy\" decoding=\"async\" width=\"1360\" height=\"405\" src=\"https:\/\/www.came.com\/it\/wp-content\/uploads\/2025\/02\/QBE-1360x405-B-IT.jpg\" alt=\"Connessioni QBE\" class=\"wp-image-12314\" srcset=\"https:\/\/www.came.com\/it\/wp-content\/uploads\/2025\/02\/QBE-1360x405-B-IT.jpg 1360w, https:\/\/www.came.com\/it\/wp-content\/uploads\/2025\/02\/QBE-1360x405-B-IT-1024x305.jpg 1024w, https:\/\/www.came.com\/it\/wp-content\/uploads\/2025\/02\/QBE-1360x405-B-IT-768x229.jpg 768w\" sizes=\"(max-width: 1360px) 100vw, 1360px\" \/><\/figure>\n<\/div>\n\n\n\n<div class=\"wp-block-group alignwide came-box-content-style-2 is-layout-flow wp-block-group-is-layout-flow\" style=\"padding-top:var(--wp--preset--spacing--70);padding-bottom:var(--wp--preset--spacing--70)\">\n<h3 class=\"wp-block-heading title-with-line has-medium-font-size\">PER CONTROLLARE LA TUA CASA ANCHE QUANDO SEI FUORI CASA<\/h3>\n\n\n\n<div class=\"wp-block-columns is-layout-flex wp-container-core-columns-is-layout-2 wp-block-columns-is-layout-flex\" style=\"margin-bottom:var(--wp--preset--spacing--70)\">\n<div class=\"wp-block-column is-layout-flow wp-block-column-is-layout-flow\">\n<figure class=\"wp-block-image size-full image-fit-cover\"><img loading=\"lazy\" decoding=\"async\" width=\"1000\" height=\"667\" src=\"https:\/\/www.came.com\/it\/wp-content\/uploads\/2025\/02\/QBE-720x405-B_0.jpg\" alt=\"QBE app\" class=\"wp-image-12316\" srcset=\"https:\/\/www.came.com\/it\/wp-content\/uploads\/2025\/02\/QBE-720x405-B_0.jpg 1000w, https:\/\/www.came.com\/it\/wp-content\/uploads\/2025\/02\/QBE-720x405-B_0-768x512.jpg 768w\" sizes=\"(max-width: 1000px) 100vw, 1000px\" \/><\/figure>\n<\/div>\n\n\n\n<div class=\"wp-block-column is-layout-flow wp-block-column-is-layout-flow\">\n<p class=\"has-medium-font-size\">Grazie agli scenari completamente personalizzabili, \u00e8 possibile controllare tutti i diversi dispositivi con un unico comando. Per poter gestire il sistema anche quando si \u00e8 fuori casa, \u00e8 sufficiente connettere QBE ad un normale router Wi-Fi o al cavo di rete LAN.<\/p>\n\n\n\n<div class=\"wp-block-buttons align-with-bottom is-layout-flex wp-block-buttons-is-layout-flex\">\n<div class=\"wp-block-button\"><a class=\"wp-block-button__link wp-element-button\" href=\"https:\/\/came-cdn.thron.com\/delivery\/public\/document\/came\/6462e375-8407-41bb-aa7d-ffcf6f74fbb4\/yvqpby\/WEB\/qbe-depliant-it-#page=10\" target=\"_blank\" rel=\"noreferrer noopener\">Scopri di pi\u00f9 sulla APP<\/a><\/div>\n<\/div>\n<\/div>\n<\/div>\n<\/div>\n\n\n\n<div class=\"wp-block-group alignwide came-box-content-style-2 is-layout-flow wp-block-group-is-layout-flow\" style=\"padding-top:var(--wp--preset--spacing--70);padding-bottom:var(--wp--preset--spacing--70)\">\n<h3 class=\"wp-block-heading title-with-line has-medium-font-size\">VERSATILE ED ECONOMICO<\/h3>\n\n\n\n<div class=\"wp-block-columns is-layout-flex wp-container-core-columns-is-layout-3 wp-block-columns-is-layout-flex\" style=\"margin-bottom:var(--wp--preset--spacing--70)\">\n<div class=\"wp-block-column is-layout-flow wp-block-column-is-layout-flow\">\n<p class=\"has-medium-font-size\">La realizzazione di un sistema domotico wireless con QBE non prevede un investimento elevato, poich\u00e9 i costi sono proporzionati alla tipologia e alla numerosit\u00e0 dei sistemi da controllare. QBE \u00e8 ideale sia per gestire un singolo dispositivo, sia per controllare impianti complessi.<\/p>\n<\/div>\n\n\n\n<div class=\"wp-block-column is-layout-flow wp-block-column-is-layout-flow\">\n<figure class=\"wp-block-image size-full image-fit-cover\"><img loading=\"lazy\" decoding=\"async\" width=\"1000\" height=\"667\" src=\"https:\/\/www.came.com\/it\/wp-content\/uploads\/2025\/02\/QBE-820x547-A_1.png\" alt=\"QBE CAME\" class=\"wp-image-12318\" srcset=\"https:\/\/www.came.com\/it\/wp-content\/uploads\/2025\/02\/QBE-820x547-A_1.png 1000w, https:\/\/www.came.com\/it\/wp-content\/uploads\/2025\/02\/QBE-820x547-A_1-768x512.png 768w\" sizes=\"(max-width: 1000px) 100vw, 1000px\" \/><\/figure>\n<\/div>\n<\/div>\n<\/div>\n\n\n\n<div class=\"wp-block-group alignwide came-box-content-style-2 is-layout-flow wp-block-group-is-layout-flow\" style=\"padding-top:var(--wp--preset--spacing--70);padding-bottom:var(--wp--preset--spacing--70)\">\n<h3 class=\"wp-block-heading title-with-line has-medium-font-size\">IL CONTROLLO AVANZATO DEI DISPOSITIVI<\/h3>\n\n\n\n<div class=\"wp-block-columns is-layout-flex wp-container-core-columns-is-layout-4 wp-block-columns-is-layout-flex\" style=\"margin-bottom:var(--wp--preset--spacing--70)\">\n<div class=\"wp-block-column is-layout-flow wp-block-column-is-layout-flow\">\n<div class=\"wp-block-group came-box-gallery-slider is-layout-flow wp-block-group-is-layout-flow\">\n<figure class=\"wp-block-gallery alignfull has-nested-images columns-1 gallery-slider wp-block-gallery-1 is-layout-flex wp-block-gallery-is-layout-flex\">\n<figure class=\"wp-block-image size-full\"><a href=\"https:\/\/www.came.com\/it\/wp-content\/uploads\/2025\/02\/QBE-820x547-C1_3.png\" target=\"_blank\" rel=\"noopener\"><img loading=\"lazy\" decoding=\"async\" width=\"1000\" height=\"667\" src=\"https:\/\/www.came.com\/it\/wp-content\/uploads\/2025\/02\/QBE-820x547-C1_3.png\" alt=\"QBE app\" class=\"wp-image-12321\" srcset=\"https:\/\/www.came.com\/it\/wp-content\/uploads\/2025\/02\/QBE-820x547-C1_3.png 1000w, https:\/\/www.came.com\/it\/wp-content\/uploads\/2025\/02\/QBE-820x547-C1_3-768x512.png 768w\" sizes=\"(max-width: 1000px) 100vw, 1000px\" \/><\/a><\/figure>\n\n\n\n<figure class=\"wp-block-image size-full\"><a href=\"https:\/\/www.came.com\/it\/wp-content\/uploads\/2025\/02\/QBE-820x547-C2_0.png\" target=\"_blank\" rel=\"noopener\"><img loading=\"lazy\" decoding=\"async\" width=\"1000\" height=\"667\" src=\"https:\/\/www.came.com\/it\/wp-content\/uploads\/2025\/02\/QBE-820x547-C2_0.png\" alt=\"QBE app\" class=\"wp-image-12322\" srcset=\"https:\/\/www.came.com\/it\/wp-content\/uploads\/2025\/02\/QBE-820x547-C2_0.png 1000w, https:\/\/www.came.com\/it\/wp-content\/uploads\/2025\/02\/QBE-820x547-C2_0-768x512.png 768w\" sizes=\"(max-width: 1000px) 100vw, 1000px\" \/><\/a><\/figure>\n\n\n\n<figure class=\"wp-block-image size-full\"><a href=\"https:\/\/www.came.com\/it\/wp-content\/uploads\/2025\/02\/QBE-820x547-C3_0.png\" target=\"_blank\" rel=\"noopener\"><img loading=\"lazy\" decoding=\"async\" width=\"1000\" height=\"667\" src=\"https:\/\/www.came.com\/it\/wp-content\/uploads\/2025\/02\/QBE-820x547-C3_0.png\" alt=\"QBE app\" class=\"wp-image-12323\" srcset=\"https:\/\/www.came.com\/it\/wp-content\/uploads\/2025\/02\/QBE-820x547-C3_0.png 1000w, https:\/\/www.came.com\/it\/wp-content\/uploads\/2025\/02\/QBE-820x547-C3_0-768x512.png 768w\" sizes=\"(max-width: 1000px) 100vw, 1000px\" \/><\/a><\/figure>\n\n\n\n<figure class=\"wp-block-image size-full\"><a href=\"https:\/\/www.came.com\/it\/wp-content\/uploads\/2025\/02\/QBE-820x547-C4_0.png\" target=\"_blank\" rel=\"noopener\"><img loading=\"lazy\" decoding=\"async\" width=\"1000\" height=\"667\" src=\"https:\/\/www.came.com\/it\/wp-content\/uploads\/2025\/02\/QBE-820x547-C4_0.png\" alt=\"QBE app\" class=\"wp-image-12324\" srcset=\"https:\/\/www.came.com\/it\/wp-content\/uploads\/2025\/02\/QBE-820x547-C4_0.png 1000w, https:\/\/www.came.com\/it\/wp-content\/uploads\/2025\/02\/QBE-820x547-C4_0-768x512.png 768w\" sizes=\"(max-width: 1000px) 100vw, 1000px\" \/><\/a><\/figure>\n\n\n\n<figure class=\"wp-block-image size-full\"><a href=\"https:\/\/www.came.com\/it\/wp-content\/uploads\/2025\/02\/QBE-820x547-C5_0.png\" target=\"_blank\" rel=\"noopener\"><img loading=\"lazy\" decoding=\"async\" width=\"1000\" height=\"667\" src=\"https:\/\/www.came.com\/it\/wp-content\/uploads\/2025\/02\/QBE-820x547-C5_0.png\" alt=\"QBE app\" class=\"wp-image-12325\" srcset=\"https:\/\/www.came.com\/it\/wp-content\/uploads\/2025\/02\/QBE-820x547-C5_0.png 1000w, https:\/\/www.came.com\/it\/wp-content\/uploads\/2025\/02\/QBE-820x547-C5_0-768x512.png 768w\" sizes=\"(max-width: 1000px) 100vw, 1000px\" \/><\/a><\/figure>\n<\/figure>\n<\/div>\n<\/div>\n\n\n\n<div class=\"wp-block-column is-layout-flow wp-block-column-is-layout-flow\">\n<p class=\"has-medium-font-size\">Controllare un\u2019automazione significa conoscere in ogni momento lo stato effettivo del sistema. L\u2019App QBE permette di verificare se e quali luci sono accese o spente e attivare di conseguenza gli interruttori. Permette di sapere quali tapparelle sono aperte e quali chiuse, quali sono aperte parzialmente, quali ancora si sono bloccate perch\u00e9 hanno rilevato un ostacolo.<\/p>\n\n\n\n<div class=\"wp-block-buttons align-with-bottom is-layout-flex wp-block-buttons-is-layout-flex\">\n<div class=\"wp-block-button\"><a class=\"wp-block-button__link wp-element-button\" href=\"https:\/\/came-cdn.thron.com\/static\/B42Y3N_IT-KADITLAE19_QBE_BXFWDI.pdf?xseo=&amp;response-content-disposition=inline%3Bfilename%3D%22qbe-depliant-it-.pdf%22#page=6\" target=\"_blank\" rel=\"noreferrer noopener\">Scopri il controllo avanzato di QBE<\/a><\/div>\n<\/div>\n<\/div>\n<\/div>\n<\/div>\n\n\n\n<div class=\"wp-block-group alignfull came-box-content-style-2 came-bg-dark has-came-dark-blue-background-color has-background is-layout-flow wp-block-group-is-layout-flow\" style=\"padding-top:var(--wp--preset--spacing--70);padding-bottom:var(--wp--preset--spacing--70)\">\n<div class=\"wp-block-group alignwide is-layout-flow wp-block-group-is-layout-flow\">\n<h3 class=\"wp-block-heading title-with-line has-white-color has-text-color has-link-color has-medium-font-size wp-elements-48c6ae8faa69e3c362fb95d27b981180\">UN SISTEMA ADATTO AD OGNI ESIGENZA<\/h3>\n\n\n\n<div class=\"wp-block-columns is-layout-flex wp-container-core-columns-is-layout-5 wp-block-columns-is-layout-flex\" style=\"margin-bottom:var(--wp--preset--spacing--70)\">\n<div class=\"wp-block-column is-layout-flow wp-block-column-is-layout-flow\">\n<p class=\"has-light-grey-color has-text-color has-link-color has-medium-font-size wp-elements-71dc1304602de16c78e6f66cf813685b\">La peculiarit\u00e0 di QBE \u00e8 che nuovi sistemi da gestire possono essere aggiunti in qualsiasi momento. I moduli radio che intervengono di fatto sull\u2019automazione o sull\u2019impianto da controllare, sono di facile installazione e possono essere configurati in pochi minuti.<\/p>\n\n\n\n<div class=\"wp-block-buttons align-with-bottom buttons-for-dark-bg is-layout-flex wp-block-buttons-is-layout-flex\">\n<div class=\"wp-block-button\"><a class=\"wp-block-button__link wp-element-button\" href=\"https:\/\/came-cdn.thron.com\/delivery\/public\/document\/came\/6462e375-8407-41bb-aa7d-ffcf6f74fbb4\/yvqpby\/WEB\/qbe-depliant-it-#page=8\" target=\"_blank\" rel=\"noreferrer noopener\">Scopri le potenzialit\u00e0 del sistema<\/a><\/div>\n<\/div>\n<\/div>\n\n\n\n<div class=\"wp-block-column is-layout-flow wp-block-column-is-layout-flow\">\n<figure class=\"wp-block-image size-full image-fit-cover\"><img loading=\"lazy\" decoding=\"async\" width=\"1000\" height=\"667\" src=\"https:\/\/www.came.com\/it\/wp-content\/uploads\/2025\/02\/QBE-820x547-D_0.png\" alt=\"sistemi di controllo CAME\" class=\"wp-image-12328\" srcset=\"https:\/\/www.came.com\/it\/wp-content\/uploads\/2025\/02\/QBE-820x547-D_0.png 1000w, https:\/\/www.came.com\/it\/wp-content\/uploads\/2025\/02\/QBE-820x547-D_0-768x512.png 768w\" sizes=\"(max-width: 1000px) 100vw, 1000px\" \/><\/figure>\n<\/div>\n<\/div>\n<\/div>\n<\/div>\n","protected":false},"excerpt":{"rendered":"<p>CONTROLLARE TUTTI I SISTEMI DELLA CASA CON IL TUO SMARTPHONE QBE \u00e8 la soluzione innovativa per una casa di nuova generazione. Nessun cavo e nessun lavoro di muratura. Grazie alla connessione radio, QBE permette di controllare tutti i sistemi automatizzati fuori e dentro casa. PER CONTROLLARE LA TUA CASA ANCHE QUANDO SEI FUORI CASA Grazie [&hellip;]<\/p>\n","protected":false},"author":5,"featured_media":0,"parent":0,"menu_order":0,"comment_status":"closed","ping_status":"closed","template":"page_template-without-title.php","meta":{"elastic_search":"","powered_cache_disable_cache":false,"footnotes":""},"_links":{"self":[{"href":"https:\/\/www.came.com\/it\/wp-json\/wp\/v2\/pages\/12305"}],"collection":[{"href":"https:\/\/www.came.com\/it\/wp-json\/wp\/v2\/pages"}],"about":[{"href":"https:\/\/www.came.com\/it\/wp-json\/wp\/v2\/types\/page"}],"author":[{"embeddable":true,"href":"https:\/\/www.came.com\/it\/wp-json\/wp\/v2\/users\/5"}],"replies":[{"embeddable":true,"href":"https:\/\/www.came.com\/it\/wp-json\/wp\/v2\/comments?post=12305"}],"version-history":[{"count":9,"href":"https:\/\/www.came.com\/it\/wp-json\/wp\/v2\/pages\/12305\/revisions"}],"predecessor-version":[{"id":12329,"href":"https:\/\/www.came.com\/it\/wp-json\/wp\/v2\/pages\/12305\/revisions\/12329"}],"wp:attachment":[{"href":"https:\/\/www.came.com\/it\/wp-json\/wp\/v2\/media?parent=12305"}],"curies":[{"name":"wp","href":"https:\/\/api.w.org\/{rel}","templated":true}]}}