{"id":12236,"date":"2025-02-03T16:47:29","date_gmt":"2025-02-03T15:47:29","guid":{"rendered":"https:\/\/www.came.com\/it\/?page_id=12236"},"modified":"2025-07-04T08:29:52","modified_gmt":"2025-07-04T06:29:52","slug":"gard-px-landing-page","status":"publish","type":"page","link":"https:\/\/www.came.com\/it\/gard-px-landing-page\/","title":{"rendered":"gard px"},"content":{"rendered":"\n<div class=\"wp-block-group alignfull is-layout-flow wp-block-group-is-layout-flow\">\n<style>\n  #section-intro {\n    margin: 0 0 2rem;\n    padding: 0;\n  }\n  #section-intro .slide {\n    position: relative;\n     width: 100vw;\n    height: calc(100vh - 141px);\n  }\n  #section-intro .slide#slide-intro .box-intro-video {\n    position: absolute;\n    top: -100px;\n    bottom: 0;\n    left: 0;\n    right: 0;\n    z-index: 1;\n    width: 100%;\n    height: calc(100vh - 41px);\n    object-fit: cover;\n    object-position: 0 0;\n}\n  .container { position: relative;}\n  #section-intro .slide#slide-intro .box-intro-titolo.active {\n    animation: fade 2s ease-in-out 1s;\n    animation-fill-mode: both;\n}\n\n#section-intro .slide#slide-intro .box-intro-titolo {\n    position: absolute;\n    z-index: 5;\n    bottom: 5vh;\n    top: auto;\n    right: 5vh;\n    padding: 30px;\n    background-color: #009fe3;\n    height: auto;\n    font-family: came, sans-serif;\n    width: 300px;\n}\n  #section-intro .slide#slide-intro .box-intro-titolo .box-intro-titolo-txt h1 {\n    color: #010101;\n}\n  #section-intro .slide#slide-intro .box-intro-titolo .box-intro-titolo-txt h2 {\n    color: #fff;\n    font-size: 2.6rem;\n}\n  main .section:nth-of-type(4) {\n    margin: 0;\n  }\n    main .section:nth-of-type(5), main .section:nth-of-type(9) {\n    background: #00b0ed;\n    margin-bottom: 2rem;\n    margin-top: 0;\n  }\n   main .section:nth-of-type(7) {\n    background: #000;\n     margin-bottom: 2rem;\n  }\n  \n  main .section:nth-of-type(5) .article-photo-half>article h1, main .section:nth-of-type(5) .article-photo-half>article p, main .section:nth-of-type(7) .article-photo-half>article h1, main .section:nth-of-type(7) .article-photo-half>article p, main .section:nth-of-type(9) .article-photo-half>article h1, main .section:nth-of-type(9) .article-photo-half>article p {\n    color: #fff;\n  }\n  \n  main .section:nth-of-type(5) .article-photo-half>.photo, main .section:nth-of-type(7) .article-photo-half>.photo, main .section:nth-of-type(9) .article-photo-half>.photo { margin-bottom: 0;}\n  \n main .section:nth-of-type(5) .button-blue, main .section:nth-of-type(9) .button-blue {\n    color: #00b0ed;\n    background-color: #fff;\n    border: 1px solid #fff;\n}\n  \n  main .section:nth-of-type(5) .button-blue:hover, main .section:nth-of-type(9) .button-blue:hover {\n    color: #fff;\n}\n  main .section:nth-of-type(5) .button-blue:before, main .section:nth-of-type(9) .button-blue:before {\n    background-color: #00b0ed;\n}\n  .banner-progress.-half-margin, .banner-progress.-no-margin {\n    margin: 0 auto;\n}\n.banner-progress .intro, .banner-progress .progress {\n    display: none;\n}\n.banner-progress .article-slider {\n    right: 5rem;\n    left: auto;\n}\n.banner-progress .content {\n    margin: 0 auto 2rem;\n}\n  @media only screen and  (max-width: 1023px){\n    #section-intro .slide {\n    height: calc(100vh - 96px);\n  }\n      #section-intro .slide#slide-intro .box-intro-video {\n    top: -40px;\n    }\n    main .section:nth-of-type(5) .article-photo-half>article h1, main .section:nth-of-type(7) .article-photo-half>article h1,main .section:nth-of-type(9) .article-photo-half>article h1{\n    padding-top: 2.5rem;\n  }\n    main .section:nth-of-type(5) .article-photo-half.-no-margin, main .section:nth-of-type(7) .article-photo-half.-no-margin,main .section:nth-of-type(9) .article-photo-half.-no-margin{\n    margin-bottom: 2rem;\n  }\n  }\n  @media only screen and (orientation: portrait) {\n      #section-intro .slide#slide-intro .box-intro-video {\n    object-position: 15% 0;\n}\n    #section-intro .slide#slide-intro .box-intro-titolo {\n    left: 5vh;\n      right: auto;\n      }\n    .banner-progress .article-slide {\n      margin: 0 1.5rem;\n    }\n    .banner-progress .article-slide .title {\n      font-size: 2.3rem;\n      }\n    .banner-progress .article-slide p {\n      font-weight: 400;\n      }\n    }\n  @media only screen and (orientation: portrait) and (max-width: 767px){\n      #section-intro .slide#slide-intro .box-intro-video {\n    object-position: 80% 0;\n        top: -50px;\n}\n    #section-intro .slide#slide-intro .box-intro-titolo {\n    bottom: auto;\n    top: 0;\n    right: 0;\n      padding: 20px;\n      left: auto;\n    width: 190px;\n      }\n      #section-intro .slide#slide-intro .box-intro-titolo .box-intro-titolo-txt h2 {\n    color: #fff;\n    font-size: 2rem;\n}\n    }\n  @media only screen and (orientation: landscape) and (max-width: 812px){\n    \n    #section-intro .slide#slide-intro .box-intro-video {\n    object-position: 0 30%;\n}\n    \n    #section-intro .slide#slide-intro .box-intro-titolo {\n    padding: 20px;\n    width: 200px;\n}\n    #section-intro .slide#slide-intro .box-intro-titolo .box-intro-titolo-txt h2 {\n    color: #fff;\n    font-size: 2rem;\n}\n  }\n<\/style>\n<!--SECTION INTRO-->\n\t<div class=\"section\" id=\"section-intro\">\n        <!--slide intro-->\n        <div class=\"slide\" id=\"slide-intro\">\n            <video class=\"box-intro-video\" muted loop autoplay playsinline preload=\"auto\">\n              <source src=\"https:\/\/www.came.com\/global\/sites\/default\/files\/gardPX-landing\/BANNER_GARD-PX.mp4\" type=\"video\/mp4\" \/>\n               <source src=\"https:\/\/www.came.com\/global\/sites\/default\/files\/gardPX-landing\/BANNER_GARD-PX.webm\" type=\"video\/webm\" \/>    \n              <img decoding=\"async\" src=\"https:\/\/www.came.com\/global\/sites\/default\/files\/gardPX-landing\/gardPX-cover.jpg\" title=\"\">\n            <\/video>\n            <!--<div class=\"container\">-->\n                <div class=\"box-intro-titolo\">\n                    <div class=\"box-intro-titolo-txt\">\n                        <h1>GARD PX<\/h1>\n                        <h2>La soluzione CAME per contesti ad utilizzo molto intensivo. <br>MCBF 10.000.000 di cicli, uso continuo.<\/h2>\n                    <\/div>\n                <\/div>\n            <!--<\/div>-->\n        <\/div>\n    <\/div>\n<\/div>\n\n\n\n<div class=\"wp-block-group alignwide came-box-content-style-2 is-layout-flow wp-block-group-is-layout-flow\" style=\"padding-top:var(--wp--preset--spacing--70);padding-bottom:var(--wp--preset--spacing--70)\">\n<h2 class=\"wp-block-heading title-with-line\">Il motore brushless<\/h2>\n\n\n\n<div class=\"wp-block-columns is-layout-flex wp-container-core-columns-is-layout-1 wp-block-columns-is-layout-flex\" style=\"margin-bottom:var(--wp--preset--spacing--70)\">\n<div class=\"wp-block-column is-layout-flow wp-block-column-is-layout-flow\">\n<figure class=\"wp-block-image size-full\"><img loading=\"lazy\" decoding=\"async\" width=\"1000\" height=\"667\" src=\"https:\/\/www.came.com\/it\/wp-content\/uploads\/2025\/02\/Brushless-engine.jpg\" alt=\"Brushless engine\" class=\"wp-image-12240\" srcset=\"https:\/\/www.came.com\/it\/wp-content\/uploads\/2025\/02\/Brushless-engine.jpg 1000w, https:\/\/www.came.com\/it\/wp-content\/uploads\/2025\/02\/Brushless-engine-768x512.jpg 768w\" sizes=\"(max-width: 1000px) 100vw, 1000px\" \/><\/figure>\n<\/div>\n\n\n\n<div class=\"wp-block-column is-layout-flow wp-block-column-is-layout-flow\">\n<p style=\"font-size:23px\">Il motore 36V DC con tecnologia brushless garantisce silenziosit\u00e0 e bassi costi di manutenzione.<\/p>\n\n\n\n<p style=\"font-size:23px\">Consente inoltre un controllo preciso dei movimenti e della coppia a diverse velocit\u00e0.<\/p>\n\n\n\n<div class=\"wp-block-buttons align-with-bottom is-layout-flex wp-block-buttons-is-layout-flex\"><div class=\"wp-block-button\"><a class=\"wp-block-button__link wp-element-button\" href=\"https:\/\/www.came.com\/it\/wp-content\/uploads\/2025\/02\/CAME_GARD-PT-GARD-PX_IT.pdf#page=3\" aria-label=\"Scorpi di pi&ugrave; sul motore brushless CAME\">Scopri di pi&ugrave;<\/a><\/div>\n<\/div>\n<\/div>\n<\/div>\n<\/div>\n\n\n\n<div class=\"wp-block-group alignfull came-box-content-style-2 came-bg-dark has-came-dark-blue-background-color has-background is-layout-flow wp-block-group-is-layout-flow\" style=\"padding-top:var(--wp--preset--spacing--70);padding-bottom:var(--wp--preset--spacing--70)\">\n<div class=\"wp-block-group alignwide is-layout-flow wp-block-group-is-layout-flow\">\n<h2 class=\"wp-block-heading title-with-line has-white-color has-text-color has-link-color wp-elements-a558a54b06eb493cb9271633d083efa5\">GRANDE AFFIDABILIT\u00c0 PER ALMENO 10.000.000 DI CICLI<\/h2>\n\n\n\n<div class=\"wp-block-columns is-layout-flex wp-container-core-columns-is-layout-2 wp-block-columns-is-layout-flex\" style=\"margin-bottom:var(--wp--preset--spacing--70)\">\n<div class=\"wp-block-column is-layout-flow wp-block-column-is-layout-flow\">\n<figure class=\"wp-block-image size-full\"><img loading=\"lazy\" decoding=\"async\" width=\"1440\" height=\"810\" src=\"https:\/\/www.came.com\/it\/wp-content\/uploads\/2025\/02\/cicli-gardPX.jpg\" alt=\"GARD PX CAME\" class=\"wp-image-12244\" srcset=\"https:\/\/www.came.com\/it\/wp-content\/uploads\/2025\/02\/cicli-gardPX.jpg 1440w, https:\/\/www.came.com\/it\/wp-content\/uploads\/2025\/02\/cicli-gardPX-1024x576.jpg 1024w, https:\/\/www.came.com\/it\/wp-content\/uploads\/2025\/02\/cicli-gardPX-768x432.jpg 768w\" sizes=\"(max-width: 1440px) 100vw, 1440px\" \/><\/figure>\n<\/div>\n\n\n\n<div class=\"wp-block-column is-layout-flow wp-block-column-is-layout-flow\">\n<p class=\"has-white-color has-text-color has-link-color has-medium-font-size wp-elements-a55c58e676c26bdd5e1820668c78e042\">Testata per un utilizzo a ciclo continuo, ideale per qualsiasi contesto ad uso intensivo, \u00e8 la soluzione perfetta anche per l&#8217;installazione in abbinamento ai sistemi di parcheggio.<\/p>\n<\/div>\n<\/div>\n<\/div>\n<\/div>\n\n\n\n<div class=\"wp-block-group alignwide came-box-content-style-2 is-layout-flow wp-block-group-is-layout-flow\" style=\"padding-top:var(--wp--preset--spacing--70);padding-bottom:var(--wp--preset--spacing--70)\">\n<h2 class=\"wp-block-heading title-with-line\">PRESTAZIONI AD ALTA VELOCIT\u00c0<\/h2>\n\n\n\n<div class=\"wp-block-columns is-layout-flex wp-container-core-columns-is-layout-3 wp-block-columns-is-layout-flex\" style=\"margin-bottom:var(--wp--preset--spacing--70)\">\n<div class=\"wp-block-column is-layout-flow wp-block-column-is-layout-flow\">\n<p style=\"font-size:23px\">Il controllo elettronico del movimento consente aperture e chiusure rapide con partenze ed arresti morbidi.<\/p>\n\n\n\n<p style=\"font-size:23px\">Con asta da 3 me tri, il tempo di apertura \u00e8 di solo 1 secondo.<\/p>\n\n\n\n<p style=\"font-size:23px\">Con l\u2019asta da 4 metri \u00e8 di 2 secondi.<\/p>\n\n\n\n<div class=\"wp-block-buttons align-with-bottom is-layout-flex wp-block-buttons-is-layout-flex\"><div class=\"wp-block-button\"><a class=\"wp-block-button__link wp-element-button\" href=\"https:\/\/www.came.com\/it\/wp-content\/uploads\/2025\/02\/CAME_GARD-PT-GARD-PX_IT.pdf#page=8\" aria-label=\"Leggi la scheda tecnica\">Leggi la scheda tecnica<\/a><\/div>\n<\/div>\n<\/div>\n\n\n\n<div class=\"wp-block-column is-layout-flow wp-block-column-is-layout-flow\">\n<figure class=\"wp-block-image size-full\"><img loading=\"lazy\" decoding=\"async\" width=\"1000\" height=\"667\" src=\"https:\/\/www.came.com\/it\/wp-content\/uploads\/2025\/02\/GardPT_application_06_1.jpg\" alt=\"Gard PX\" class=\"wp-image-12246\" srcset=\"https:\/\/www.came.com\/it\/wp-content\/uploads\/2025\/02\/GardPT_application_06_1.jpg 1000w, https:\/\/www.came.com\/it\/wp-content\/uploads\/2025\/02\/GardPT_application_06_1-768x512.jpg 768w\" sizes=\"(max-width: 1000px) 100vw, 1000px\" \/><\/figure>\n<\/div>\n<\/div>\n<\/div>\n\n\n\n<div class=\"wp-block-group alignwide came-box-content-style-2 is-layout-flow wp-block-group-is-layout-flow\" style=\"padding-top:var(--wp--preset--spacing--70);padding-bottom:var(--wp--preset--spacing--70)\">\n<h2 class=\"wp-block-heading title-with-line\">ILLUMINAZIONE A LED<\/h2>\n\n\n\n<div class=\"wp-block-columns is-layout-flex wp-container-core-columns-is-layout-4 wp-block-columns-is-layout-flex\" style=\"margin-bottom:var(--wp--preset--spacing--70)\">\n<div class=\"wp-block-column is-layout-flow wp-block-column-is-layout-flow\">\n<figure class=\"wp-block-image size-full\"><img loading=\"lazy\" decoding=\"async\" width=\"1000\" height=\"667\" src=\"https:\/\/www.came.com\/it\/wp-content\/uploads\/2025\/02\/LED_PX_0.png\" alt=\"CAME GARD PX led\" class=\"wp-image-12251\" srcset=\"https:\/\/www.came.com\/it\/wp-content\/uploads\/2025\/02\/LED_PX_0.png 1000w, https:\/\/www.came.com\/it\/wp-content\/uploads\/2025\/02\/LED_PX_0-768x512.png 768w\" sizes=\"(max-width: 1000px) 100vw, 1000px\" \/><\/figure>\n<\/div>\n\n\n\n<div class=\"wp-block-column is-layout-flow wp-block-column-is-layout-flow\">\n<p style=\"font-size:23px\">Sulla corona e sull\u2019asta \u00e8 presente un sistema di illuminazione a LED colorati (rosso e verde) con funzione semaforica, integrabile anche con i sistemi di parcheggio.<a href=\"https:\/\/www.came.com\/it\/sites\/it\/files\/2020-06\/CAME_GARD-PT-GARD-PX_IT.pdf#page=3\"><\/a><\/p>\n\n\n\n<div class=\"wp-block-buttons align-with-bottom is-layout-flex wp-block-buttons-is-layout-flex\"><div class=\"wp-block-button\"><a class=\"wp-block-button__link wp-element-button\" href=\"https:\/\/www.came.com\/it\/wp-content\/uploads\/2025\/02\/CAME_GARD-PT-GARD-PX_IT.pdf#page=3\" aria-label=\"leggi le funzioni led\">Leggi le funzioni aggiuntive<\/a><\/div>\n<\/div>\n<\/div>\n<\/div>\n<\/div>\n\n\n\n<div class=\"wp-block-group alignfull came-box-content-style-3 style-reverse came-bg-dark has-came-dark-blue-background-color has-background is-layout-flow wp-block-group-is-layout-flow\" style=\"margin-top:0px;margin-bottom:0px\">\n<div class=\"wp-block-group alignwide has-came-dark-blue-background-color has-background is-layout-flow wp-block-group-is-layout-flow\">\n<div class=\"wp-block-columns is-layout-flex wp-container-core-columns-is-layout-5 wp-block-columns-is-layout-flex\">\n<div class=\"wp-block-column image-wide-half is-layout-flow wp-block-column-is-layout-flow\">\n<figure class=\"wp-block-image size-full image-fit-cover\"><img loading=\"lazy\" decoding=\"async\" width=\"1000\" height=\"667\" src=\"https:\/\/www.came.com\/it\/wp-content\/uploads\/2025\/02\/Scheda-px.png\" alt=\"Gard PX scheda elettronica\" class=\"wp-image-12256\" srcset=\"https:\/\/www.came.com\/it\/wp-content\/uploads\/2025\/02\/Scheda-px.png 1000w, https:\/\/www.came.com\/it\/wp-content\/uploads\/2025\/02\/Scheda-px-768x512.png 768w\" sizes=\"(max-width: 1000px) 100vw, 1000px\" \/><\/figure>\n<\/div>\n\n\n\n<div class=\"wp-block-column is-vertically-aligned-center is-layout-flow wp-block-column-is-layout-flow\">\n<div class=\"wp-block-group box-content is-layout-flow wp-block-group-is-layout-flow\">\n<h2 class=\"wp-block-heading has-white-color has-text-color has-link-color has-came-font-font-family wp-elements-bbbc0b48989d398ded468c550875f9b0\">Scheda elettronica<\/h2>\n\n\n\n<p class=\"has-white-color has-text-color has-link-color wp-elements-adaa8a968fbfea8ca6591c4ceef709d9\">La scheda elettronica \u00e8 disposta sulla corona superiore per consentire comodit\u00e0 e semplicit\u00e0 di intervento.<br>\u00c8 dotata di un display grafico con procedura guidata per la configurazione, 3 ingressi di sicurezza configurabili anche come resistivi e porta USB per l\u2019aggiornamento ed il salvataggio delle impostazioni.<\/p>\n\n\n\n<div class=\"wp-block-buttons align-with-bottom buttons-for-dark-bg is-layout-flex wp-block-buttons-is-layout-flex\" style=\"margin-top:var(--wp--preset--spacing--70)\"><div class=\"wp-block-button\"><a class=\"wp-block-button__link wp-element-button\" href=\"https:\/\/www.came.com\/it\/wp-content\/uploads\/2025\/02\/CAME_GARD-PT-GARD-PX_IT.pdf#page=5\" aria-label=\"scopri di pi&ugrave; sulla scheda elettronica GARD PX\">Scopri di pi&ugrave;<\/a><\/div>\n<\/div>\n<\/div>\n<\/div>\n<\/div>\n<\/div>\n<\/div>\n\n\n\n<div class=\"wp-block-group alignwide came-box-content-style-2 is-layout-flow wp-block-group-is-layout-flow\" style=\"padding-top:var(--wp--preset--spacing--70);padding-bottom:var(--wp--preset--spacing--70)\">\n<div class=\"wp-block-columns is-layout-flex wp-container-core-columns-is-layout-6 wp-block-columns-is-layout-flex\" style=\"margin-bottom:var(--wp--preset--spacing--70)\">\n<div class=\"wp-block-column is-layout-flow wp-block-column-is-layout-flow\">\n<figure class=\"wp-block-image size-full\"><img loading=\"lazy\" decoding=\"async\" width=\"1000\" height=\"667\" src=\"https:\/\/www.came.com\/it\/wp-content\/uploads\/2025\/02\/iStock_PX_1440X750_0.png\" alt=\"Gard PX braccio articolato\" class=\"wp-image-12259\" srcset=\"https:\/\/www.came.com\/it\/wp-content\/uploads\/2025\/02\/iStock_PX_1440X750_0.png 1000w, https:\/\/www.came.com\/it\/wp-content\/uploads\/2025\/02\/iStock_PX_1440X750_0-768x512.png 768w\" sizes=\"(max-width: 1000px) 100vw, 1000px\" \/><\/figure>\n<\/div>\n\n\n\n<div class=\"wp-block-column is-layout-flow wp-block-column-is-layout-flow\">\n<h2 class=\"wp-block-heading title-with-line\">BRACCIO ARTICOLATO<\/h2>\n\n\n\n<p>Lo speciale accessorio per le installazioni in ambienti con soffitto&nbsp;basso, dove non c&#8217;\u00e8 abbastanza spazio per l&#8217;asta in posizione completamente aperta.<a target=\"_blank\" href=\"https:\/\/www.came.com\/it\/sites\/it\/files\/2020-06\/CAME_GARD-PT-GARD-PX_IT.pdf#page=4\" rel=\"noreferrer noopener\"><\/a><\/p>\n\n\n\n<div class=\"wp-block-buttons align-with-bottom is-layout-flex wp-block-buttons-is-layout-flex\"><div class=\"wp-block-button\"><a class=\"wp-block-button__link wp-element-button\" href=\"https:\/\/www.came.com\/it\/wp-content\/uploads\/2025\/02\/CAME_GARD-PT-GARD-PX_IT.pdf#page=4\" aria-label=\"scopri di pi&ugrave; sul braccio articolato GARD PX\">Scopri di pi&ugrave;<\/a><\/div>\n<\/div>\n<\/div>\n<\/div>\n<\/div>\n\n\n\n<div class=\"wp-block-group alignfull came-box-content-style-3 style-reverse came-bg-dark has-came-dark-blue-background-color has-background is-layout-flow wp-block-group-is-layout-flow\" style=\"margin-top:0px;margin-bottom:0px\">\n<div class=\"wp-block-group alignwide has-came-dark-blue-background-color has-background is-layout-flow wp-block-group-is-layout-flow\">\n<div class=\"wp-block-columns is-layout-flex wp-container-core-columns-is-layout-7 wp-block-columns-is-layout-flex\">\n<div class=\"wp-block-column image-wide-half is-layout-flow wp-block-column-is-layout-flow\">\n<figure class=\"wp-block-image size-full image-fit-cover\"><img loading=\"lazy\" decoding=\"async\" width=\"1000\" height=\"667\" src=\"https:\/\/www.came.com\/it\/wp-content\/uploads\/2025\/02\/ESC_0640_0-1.jpg\" alt=\"Scopri CAME CONNECT\" class=\"wp-image-12262\" srcset=\"https:\/\/www.came.com\/it\/wp-content\/uploads\/2025\/02\/ESC_0640_0-1.jpg 1000w, https:\/\/www.came.com\/it\/wp-content\/uploads\/2025\/02\/ESC_0640_0-1-768x512.jpg 768w\" sizes=\"(max-width: 1000px) 100vw, 1000px\" \/><\/figure>\n<\/div>\n\n\n\n<div class=\"wp-block-column is-vertically-aligned-center is-layout-flow wp-block-column-is-layout-flow\">\n<div class=\"wp-block-group box-content is-layout-flow wp-block-group-is-layout-flow\">\n<h2 class=\"wp-block-heading has-white-color has-text-color has-link-color has-came-font-font-family wp-elements-a5bf5515242cc7730310c438757a6677\">CAME CONNECT<\/h2>\n\n\n\n<p class=\"has-light-grey-color has-text-color has-link-color wp-elements-890bc8bd1c1cc2ba1cb61fa002f3785b\">La connessione al Cloud CAME abilita il controllo da remoto delle automazioni ed una completa gestione dei clienti. Grazie a CONNECT \u00e8 possibile offrire un servizio di manutenzione efficiente e continuo, un supporto in teleassistenza ed un rapido intervento in caso di malfunzionamento.<a target=\"_blank\" href=\"https:\/\/www.came.com\/it\/node\/899\" rel=\"noreferrer noopener\"><\/a><\/p>\n\n\n\n<div class=\"wp-block-buttons align-with-bottom buttons-for-dark-bg is-layout-flex wp-block-buttons-is-layout-flex\" style=\"margin-top:var(--wp--preset--spacing--70)\">\n<div class=\"wp-block-button\"><a class=\"wp-block-button__link wp-element-button\" href=\"https:\/\/www.came.com\/it\/cameconnect\">Scopri CAME CONNECT<\/a><\/div>\n<\/div>\n<\/div>\n<\/div>\n<\/div>\n<\/div>\n<\/div>\n\n\n\n<div class=\"wp-block-group alignfull is-layout-flow wp-block-group-is-layout-flow\">\n<div class=\"wp-block-cover\"><span aria-hidden=\"true\" class=\"wp-block-cover__background has-background-dim\" style=\"background-color:#767a80\"><\/span><img loading=\"lazy\" decoding=\"async\" width=\"1600\" height=\"900\" class=\"wp-block-cover__image-background wp-image-12264\" alt=\"\" src=\"https:\/\/www.came.com\/it\/wp-content\/uploads\/2025\/02\/GARD_KEY_1440X750.png\" data-object-fit=\"cover\" srcset=\"https:\/\/www.came.com\/it\/wp-content\/uploads\/2025\/02\/GARD_KEY_1440X750.png 1600w, https:\/\/www.came.com\/it\/wp-content\/uploads\/2025\/02\/GARD_KEY_1440X750-1024x576.png 1024w, https:\/\/www.came.com\/it\/wp-content\/uploads\/2025\/02\/GARD_KEY_1440X750-768x432.png 768w, https:\/\/www.came.com\/it\/wp-content\/uploads\/2025\/02\/GARD_KEY_1440X750-1536x864.png 1536w\" sizes=\"(max-width: 1600px) 100vw, 1600px\" \/><div class=\"wp-block-cover__inner-container has-global-padding is-layout-constrained wp-block-cover-is-layout-constrained\">\n<h3 class=\"wp-block-heading has-text-align-center has-large-font-size\">CAME KEY<\/h3>\n\n\n\n<div class=\"wp-block-buttons align-with-bottom buttons-for-dark-bg is-content-justification-center is-layout-flex wp-container-core-buttons-is-layout-7 wp-block-buttons-is-layout-flex\" style=\"margin-top:var(--wp--preset--spacing--70)\">\n<div class=\"wp-block-button\"><a class=\"wp-block-button__link wp-element-button\" href=\"\/it\/came-key-landing-page\/\">Scopri CAME KEY<\/a><\/div>\n<\/div>\n<\/div><\/div>\n<\/div>\n","protected":false},"excerpt":{"rendered":"<p>GARD PX La soluzione CAME per contesti ad utilizzo molto intensivo. MCBF 10.000.000 di cicli, uso continuo. Il motore brushless Il motore 36V DC con tecnologia brushless garantisce silenziosit\u00e0 e bassi costi di manutenzione. Consente inoltre un controllo preciso dei movimenti e della coppia a diverse velocit\u00e0. GRANDE AFFIDABILIT\u00c0 PER ALMENO 10.000.000 DI CICLI Testata [&hellip;]<\/p>\n","protected":false},"author":5,"featured_media":0,"parent":0,"menu_order":0,"comment_status":"closed","ping_status":"closed","template":"page_template-landing-fullscreen.php","meta":{"elastic_search":"","powered_cache_disable_cache":false,"footnotes":""},"_links":{"self":[{"href":"https:\/\/www.came.com\/it\/wp-json\/wp\/v2\/pages\/12236"}],"collection":[{"href":"https:\/\/www.came.com\/it\/wp-json\/wp\/v2\/pages"}],"about":[{"href":"https:\/\/www.came.com\/it\/wp-json\/wp\/v2\/types\/page"}],"author":[{"embeddable":true,"href":"https:\/\/www.came.com\/it\/wp-json\/wp\/v2\/users\/5"}],"replies":[{"embeddable":true,"href":"https:\/\/www.came.com\/it\/wp-json\/wp\/v2\/comments?post=12236"}],"version-history":[{"count":10,"href":"https:\/\/www.came.com\/it\/wp-json\/wp\/v2\/pages\/12236\/revisions"}],"predecessor-version":[{"id":12265,"href":"https:\/\/www.came.com\/it\/wp-json\/wp\/v2\/pages\/12236\/revisions\/12265"}],"wp:attachment":[{"href":"https:\/\/www.came.com\/it\/wp-json\/wp\/v2\/media?parent=12236"}],"curies":[{"name":"wp","href":"https:\/\/api.w.org\/{rel}","templated":true}]}}