{"id":11996,"date":"2025-01-08T14:58:01","date_gmt":"2025-01-08T13:58:01","guid":{"rendered":"https:\/\/www.came.com\/global\/?page_id=11996"},"modified":"2025-01-09T09:23:40","modified_gmt":"2025-01-09T08:23:40","slug":"cancellazione-gratuita","status":"publish","type":"page","link":"https:\/\/www.came.com\/global\/en\/cancellazione-gratuita\/","title":{"rendered":"cancellazione gratuita"},"content":{"rendered":"\n<style>.entry-header{display:none;} .post-thumbnail{display:none;} .entry-content{margin:0 !important;}<\/style>\n\n\n\n<div class=\"wp-block-group alignfull came-box-covers-slider is-layout-flow wp-block-group-is-layout-flow\">\n<div class=\"wp-block-cover alignfull box-cover\"><span aria-hidden=\"true\" class=\"wp-block-cover__background has-came-cyan-background-color has-background-dim-40 has-background-dim\"><\/span><img loading=\"lazy\" decoding=\"async\" width=\"1914\" height=\"949\" class=\"wp-block-cover__image-background wp-image-12028\" alt=\"cancellazione gratuita sitcom\" src=\"https:\/\/www.came.com\/global\/wp-content\/uploads\/2025\/01\/cancellazione-gratuita-1.png\" data-object-fit=\"cover\" srcset=\"https:\/\/www.came.com\/global\/wp-content\/uploads\/2025\/01\/cancellazione-gratuita-1.png 1914w, https:\/\/www.came.com\/global\/wp-content\/uploads\/2025\/01\/cancellazione-gratuita-1-1024x508.png 1024w, https:\/\/www.came.com\/global\/wp-content\/uploads\/2025\/01\/cancellazione-gratuita-1-768x381.png 768w, https:\/\/www.came.com\/global\/wp-content\/uploads\/2025\/01\/cancellazione-gratuita-1-1536x762.png 1536w\" sizes=\"(max-width: 1914px) 100vw, 1914px\" \/><div class=\"wp-block-cover__inner-container is-layout-flow wp-block-cover-is-layout-flow\">\n<div class=\"wp-block-group has-global-padding is-layout-constrained wp-block-group-is-layout-constrained\">\n<h4 class=\"wp-block-heading has-text-align-center has-white-color has-text-color has-link-color has-came-font-font-family wp-elements-eacc26ac32836b7204402ada5fdfece9\">SITCOM<\/h4>\n\n\n\n<h1 class=\"wp-block-heading has-text-align-center has-white-color has-text-color has-link-color has-x-large-font-size wp-elements-05d8eeb09cd8fd9633fa13bb3a7ec7de\">CANCELLAZIONE GRATUITA<\/h1>\n\n\n\n<div class=\"wp-block-buttons is-content-justification-center is-layout-flex wp-container-core-buttons-is-layout-1 wp-block-buttons-is-layout-flex\">\n<div class=\"wp-block-button\"><a class=\"wp-block-button__link wp-element-button\" href=\"#episodi\">Vai agli episodi<\/a><\/div>\n<\/div>\n<\/div>\n<\/div><\/div>\n<\/div>\n\n\n\n<div class=\"wp-block-group alignfull came-box-content-style-1 has-white-background-color has-background is-layout-flow wp-block-group-is-layout-flow\" style=\"padding-top:var(--wp--preset--spacing--70);padding-bottom:var(--wp--preset--spacing--70)\">\n<div class=\"wp-block-group alignwide is-layout-flow wp-block-group-is-layout-flow\">\n<p class=\"has-medium-font-size\">Due fratelli ereditano dall&#8217;anziana madre il vecchio appartamento di famiglia e decidono di utilizzarlo per farne un bed &amp; breakfast aperto a tutti. I due buffi personaggi, per\u00f2, non sono abili locandieri e la loro mancanza di esperienza, unita all&#8217;ingenuit\u00e0 di fondo che contraddistingue entrambi, generer\u00e0 divertenti e inaspettati equivoci in ogni puntata.<\/p>\n\n\n\n<p class=\"has-medium-font-size\">Prodotta in collaborazione con <strong>Restera Produzioni<\/strong>, &#8220;Cancellazione Gratuita&#8221; \u00e8 una nuova sitcom in 5 puntate, pensata con un taglio ironico e divertente per intrattenere e catturare l&#8217;attenzione del pubblico. Tra i protagonisti, oltre agli attori trevigiani Jgor Barbazza e Davide Stefanato, ci sono anche alcuni <strong>prodotti CAME per l&#8217;automazione e il controllo della casa<\/strong>.<\/p>\n\n\n\n<p class=\"has-medium-font-size\">Guardala ora!<\/p>\n<\/div>\n<\/div>\n\n\n\n<div class=\"wp-block-group alignfull came-box-custom-card-slider came-4cols-clipped is-layout-flow wp-block-group-is-layout-flow\" id=\"episodi\" style=\"margin-top:0px;margin-bottom:0px\">\n<div class=\"wp-block-group alignfull has-white-background-color has-background is-layout-flow wp-block-group-is-layout-flow\" style=\"padding-bottom:var(--wp--preset--spacing--70)\">\n<div class=\"wp-block-group alignwide is-layout-flow wp-block-group-is-layout-flow\" style=\"padding-top:var(--wp--preset--spacing--80);padding-bottom:var(--wp--preset--spacing--70)\">\n<h2 class=\"wp-block-heading has-came-cyan-color has-text-color has-link-color has-came-font-font-family has-x-large-font-size wp-elements-726683e3332add1984f92aaeb20a73f5\">EPISODI<\/h2>\n<\/div>\n\n\n\n<div class=\"wp-block-group alignwide is-layout-flow wp-block-group-is-layout-flow\">\n<div class=\"wp-block-group cards-container is-layout-flow wp-block-group-is-layout-flow\">\n<div class=\"wp-block-group slider-card is-layout-flow wp-block-group-is-layout-flow\">\n<figure class=\"wp-block-image size-full is-resized\"><img loading=\"lazy\" decoding=\"async\" width=\"1173\" height=\"658\" src=\"https:\/\/www.came.com\/global\/wp-content\/uploads\/2025\/01\/ep-1.png\" alt=\"cancellazione gratuita episodio 4: primo giorno\" class=\"wp-image-12002\" style=\"width:300px\" srcset=\"https:\/\/www.came.com\/global\/wp-content\/uploads\/2025\/01\/ep-1.png 1173w, https:\/\/www.came.com\/global\/wp-content\/uploads\/2025\/01\/ep-1-1024x574.png 1024w, https:\/\/www.came.com\/global\/wp-content\/uploads\/2025\/01\/ep-1-768x431.png 768w\" sizes=\"(max-width: 1173px) 100vw, 1173px\" \/><\/figure>\n\n\n\n<div class=\"wp-block-group box-card-content is-layout-flow wp-block-group-is-layout-flow\">\n<h3 class=\"wp-block-heading has-came-dark-blue-color has-text-color has-link-color has-came-font-font-family has-large-font-size wp-elements-714dec1c849f722fddae17ecdc768a42\">Episodio 1:<\/h3>\n\n\n\n<p>1\u00b0 giorno<\/p>\n\n\n\n<div class=\"wp-block-buttons is-layout-flex wp-block-buttons-is-layout-flex\">\n<div class=\"wp-block-button glightbox-video\"><a class=\"wp-block-button__link wp-element-button\" href=\"https:\/\/came-cdn.thron.com\/delivery\/public\/video\/came\/c4563e57-91d6-4a62-881f-b509f0b53271\/ynacvo\/WEBHD\/cancellazione-gratuita-sitcom-1-giorno\">Guarda ora<\/a><\/div>\n<\/div>\n<\/div>\n<\/div>\n\n\n\n<div class=\"wp-block-group slider-card is-layout-flow wp-block-group-is-layout-flow\">\n<figure class=\"wp-block-image size-full is-resized\"><img loading=\"lazy\" decoding=\"async\" width=\"1168\" height=\"661\" src=\"https:\/\/www.came.com\/global\/wp-content\/uploads\/2025\/01\/ep-2.png\" alt=\"cancellazione gratuita episodio 2: la blogger\" class=\"wp-image-12003\" style=\"width:300px\" srcset=\"https:\/\/www.came.com\/global\/wp-content\/uploads\/2025\/01\/ep-2.png 1168w, https:\/\/www.came.com\/global\/wp-content\/uploads\/2025\/01\/ep-2-1024x580.png 1024w, https:\/\/www.came.com\/global\/wp-content\/uploads\/2025\/01\/ep-2-768x435.png 768w\" sizes=\"(max-width: 1168px) 100vw, 1168px\" \/><\/figure>\n\n\n\n<div class=\"wp-block-group box-card-content is-layout-flow wp-block-group-is-layout-flow\">\n<h3 class=\"wp-block-heading has-came-dark-blue-color has-text-color has-link-color has-came-font-font-family has-large-font-size wp-elements-511dc5348c87bc532667735f6d8634e2\">episodio 2:<\/h3>\n\n\n\n<p>La blogger<\/p>\n\n\n\n<div class=\"wp-block-buttons is-layout-flex wp-block-buttons-is-layout-flex\">\n<div class=\"wp-block-button glightbox-video\"><a class=\"wp-block-button__link wp-element-button\" href=\"https:\/\/came-cdn.thron.com\/delivery\/public\/video\/came\/838837ef-d534-4506-9237-c55994d28fca\/snikef\/WEBHD\/cancellazione-gratuita-sitcom-la-blogger\">Guarda ora<\/a><\/div>\n<\/div>\n<\/div>\n<\/div>\n\n\n\n<div class=\"wp-block-group slider-card is-layout-flow wp-block-group-is-layout-flow\">\n<figure class=\"wp-block-image size-full is-resized\"><img loading=\"lazy\" decoding=\"async\" width=\"1174\" height=\"661\" src=\"https:\/\/www.came.com\/global\/wp-content\/uploads\/2025\/01\/ep-3.png\" alt=\"cancellazione gratuita episodio 3: love story\" class=\"wp-image-12004\" style=\"width:300px\" srcset=\"https:\/\/www.came.com\/global\/wp-content\/uploads\/2025\/01\/ep-3.png 1174w, https:\/\/www.came.com\/global\/wp-content\/uploads\/2025\/01\/ep-3-1024x577.png 1024w, https:\/\/www.came.com\/global\/wp-content\/uploads\/2025\/01\/ep-3-768x432.png 768w\" sizes=\"(max-width: 1174px) 100vw, 1174px\" \/><\/figure>\n\n\n\n<div class=\"wp-block-group box-card-content is-layout-flow wp-block-group-is-layout-flow\">\n<h3 class=\"wp-block-heading has-came-dark-blue-color has-text-color has-link-color has-came-font-font-family has-large-font-size wp-elements-f8a7afda73521324eef6d4f5257aa40a\">episodio 3:<\/h3>\n\n\n\n<p>Love story<\/p>\n\n\n\n<div class=\"wp-block-buttons is-layout-flex wp-block-buttons-is-layout-flex\">\n<div class=\"wp-block-button glightbox-video\"><a class=\"wp-block-button__link wp-element-button\" href=\"https:\/\/came-cdn.thron.com\/delivery\/public\/video\/came\/68295001-a083-4600-93d8-bafe772a8aa6\/3eapzy\/WEBHD\/cancellazione-gratuita-sitcom-love-story\">Guarda ora<\/a><\/div>\n<\/div>\n<\/div>\n<\/div>\n\n\n\n<div class=\"wp-block-group slider-card is-layout-flow wp-block-group-is-layout-flow\">\n<figure class=\"wp-block-image size-full is-resized\"><img loading=\"lazy\" decoding=\"async\" width=\"1174\" height=\"655\" src=\"https:\/\/www.came.com\/global\/wp-content\/uploads\/2025\/01\/ep-4.png\" alt=\"cancellazione gratuita episodio 4: neve\" class=\"wp-image-12005\" style=\"width:300px\" srcset=\"https:\/\/www.came.com\/global\/wp-content\/uploads\/2025\/01\/ep-4.png 1174w, https:\/\/www.came.com\/global\/wp-content\/uploads\/2025\/01\/ep-4-1024x571.png 1024w, https:\/\/www.came.com\/global\/wp-content\/uploads\/2025\/01\/ep-4-768x428.png 768w\" sizes=\"(max-width: 1174px) 100vw, 1174px\" \/><\/figure>\n\n\n\n<div class=\"wp-block-group box-card-content is-layout-flow wp-block-group-is-layout-flow\">\n<h3 class=\"wp-block-heading has-came-dark-blue-color has-text-color has-link-color has-came-font-font-family has-large-font-size wp-elements-e71116f9a4a9fe1bc868a6f092cba928\">EPISODIO 4:<\/h3>\n\n\n\n<p>Neve<\/p>\n\n\n\n<div class=\"wp-block-buttons is-layout-flex wp-block-buttons-is-layout-flex\">\n<div class=\"wp-block-button glightbox-video\"><a class=\"wp-block-button__link wp-element-button\" href=\"https:\/\/came-cdn.thron.com\/delivery\/public\/video\/came\/048fd9ee-f81c-4fcc-8b82-c1ae2f236c97\/3z0idn\/WEBHD\/cancellazione-gratuita-sitcom-neve\">Guarda ora<\/a><\/div>\n<\/div>\n<\/div>\n<\/div>\n\n\n\n<div class=\"wp-block-group slider-card is-layout-flow wp-block-group-is-layout-flow\">\n<figure class=\"wp-block-image size-full is-resized\"><img loading=\"lazy\" decoding=\"async\" width=\"1171\" height=\"661\" src=\"https:\/\/www.came.com\/global\/wp-content\/uploads\/2025\/01\/ep-5.png\" alt=\"cancellazione gratuita episodio 5: piano-forte\" class=\"wp-image-12006\" style=\"width:300px\" srcset=\"https:\/\/www.came.com\/global\/wp-content\/uploads\/2025\/01\/ep-5.png 1171w, https:\/\/www.came.com\/global\/wp-content\/uploads\/2025\/01\/ep-5-1024x578.png 1024w, https:\/\/www.came.com\/global\/wp-content\/uploads\/2025\/01\/ep-5-768x434.png 768w\" sizes=\"(max-width: 1171px) 100vw, 1171px\" \/><\/figure>\n\n\n\n<div class=\"wp-block-group box-card-content is-layout-flow wp-block-group-is-layout-flow\">\n<h3 class=\"wp-block-heading has-came-dark-blue-color has-text-color has-link-color has-came-font-font-family has-large-font-size wp-elements-4fbe399dea3ca078b0f41cb97f097e77\">episodio 5:<\/h3>\n\n\n\n<p>Piano-Forte<\/p>\n\n\n\n<div class=\"wp-block-buttons is-layout-flex wp-block-buttons-is-layout-flex\">\n<div class=\"wp-block-button glightbox-video\"><a class=\"wp-block-button__link wp-element-button\" href=\"https:\/\/came-cdn.thron.com\/delivery\/public\/video\/came\/5b751edd-4b97-41e7-9ed1-2eeab0baad5c\/gvgw7o\/WEBHD\/cancellazione-gratuita-sitcom-piano-forte\">Guarda ora<\/a><\/div>\n<\/div>\n<\/div>\n<\/div>\n<\/div>\n<\/div>\n<\/div>\n<\/div>\n","protected":false},"excerpt":{"rendered":"<p>Due fratelli ereditano dall&#8217;anziana madre il vecchio appartamento di famiglia e decidono di utilizzarlo per farne un bed &amp; breakfast aperto a tutti. I due buffi personaggi, per\u00f2, non sono abili locandieri e la loro mancanza di esperienza, unita all&#8217;ingenuit\u00e0 di fondo che contraddistingue entrambi, generer\u00e0 divertenti e inaspettati equivoci in ogni puntata. Prodotta in [&hellip;]<\/p>\n","protected":false},"author":5,"featured_media":12001,"parent":0,"menu_order":0,"comment_status":"closed","ping_status":"closed","template":"","meta":{"elastic_search":"","powered_cache_disable_cache":false,"footnotes":""},"_links":{"self":[{"href":"https:\/\/www.came.com\/global\/en\/wp-json\/wp\/v2\/pages\/11996"}],"collection":[{"href":"https:\/\/www.came.com\/global\/en\/wp-json\/wp\/v2\/pages"}],"about":[{"href":"https:\/\/www.came.com\/global\/en\/wp-json\/wp\/v2\/types\/page"}],"author":[{"embeddable":true,"href":"https:\/\/www.came.com\/global\/en\/wp-json\/wp\/v2\/users\/5"}],"replies":[{"embeddable":true,"href":"https:\/\/www.came.com\/global\/en\/wp-json\/wp\/v2\/comments?post=11996"}],"version-history":[{"count":10,"href":"https:\/\/www.came.com\/global\/en\/wp-json\/wp\/v2\/pages\/11996\/revisions"}],"predecessor-version":[{"id":12034,"href":"https:\/\/www.came.com\/global\/en\/wp-json\/wp\/v2\/pages\/11996\/revisions\/12034"}],"wp:featuredmedia":[{"embeddable":true,"href":"https:\/\/www.came.com\/global\/en\/wp-json\/wp\/v2\/media\/12001"}],"wp:attachment":[{"href":"https:\/\/www.came.com\/global\/en\/wp-json\/wp\/v2\/media?parent=11996"}],"curies":[{"name":"wp","href":"https:\/\/api.w.org\/{rel}","templated":true}]}}