{"id":14668,"date":"2026-04-22T13:26:14","date_gmt":"2026-04-22T11:26:14","guid":{"rendered":"https:\/\/www.came.com\/fr\/?page_id=14668"},"modified":"2026-04-22T13:35:38","modified_gmt":"2026-04-22T11:35:38","slug":"bkx-landing-page","status":"publish","type":"page","link":"https:\/\/www.came.com\/fr\/bkx-landing-page\/","title":{"rendered":"BKX landing page"},"content":{"rendered":"\n<div class=\"wp-block-group alignfull is-layout-flow wp-block-group-is-layout-flow\">\n<script src=\"https:\/\/www.came.com\/global\/sites\/default\/files\/new-bkx-landing\/js\/fontfaceobserver\/fontfaceobserver.min.js\"><\/script>\n\n<link href=\"https:\/\/fonts.googleapis.com\/css2?family=Material+Symbols+Outlined\" rel=\"stylesheet\" \/>\n<link rel=\"stylesheet\" href=\"https:\/\/www.came.com\/global\/sites\/default\/files\/new-bkx-landing\/css\/lenis\/lenis.css\">\n<link rel=\"stylesheet\" href=\"https:\/\/www.came.com\/global\/sites\/default\/files\/new-bkx-landing\/css\/glightbox\/glightbox.min.css\">\n<link rel=\"stylesheet\" href=\"https:\/\/www.came.com\/global\/sites\/default\/files\/new-bkx-landing\/css\/custom.css?v=1.0.3\">\n\n<script src=\"https:\/\/www.came.com\/global\/sites\/default\/files\/new-bkx-landing\/js\/lenis\/lenis.min.js\"><\/script> \n<script src=\"https:\/\/www.came.com\/global\/sites\/default\/files\/new-bkx-landing\/js\/gsap\/gsap.min.js\"><\/script>\n<script src=\"https:\/\/www.came.com\/global\/sites\/default\/files\/new-bkx-landing\/js\/gsap\/ScrollTrigger.min.js\"><\/script>\n<script src=\"https:\/\/www.came.com\/global\/sites\/default\/files\/new-bkx-landing\/js\/gsap\/SplitText.min.js\"><\/script>\n\n<script src=\"https:\/\/www.came.com\/global\/sites\/default\/files\/new-bkx-landing\/js\/glightbox\/glightbox.min.js\"><\/script>\n\n<!-- <script type=\"module\" src=\"https:\/\/www.came.com\/global\/sites\/default\/files\/new-bkx-landing\/js\/model-viewer\/model-viewer.min.js\"><\/script> -->\n\n<div class=\"landing-main-container\">\n\t<div id=\"landing-content\">\n\n\t\t<div class=\"landing-content-box\">\n\t\t\t<div class=\"lp-header\">\n\t\t\t\t<div class=\"box-top\">\n\t\t\t\t\t<div class=\"video-fs\">\n\t                    <video muted=\"\" autoplay=\"\" loop=\"\" data-keepplaying=\"\" playsinline=\"\" preload=\"auto\" poster=\"https:\/\/www.came.com\/global\/sites\/default\/files\/new-bkx-landing\/assets\/img\/came-bkx-intro.jpg\">\n\t                        <source type=\"video\/mp4\" src=\"https:\/\/www.came.com\/global\/sites\/default\/files\/new-bkx-landing\/assets\/video\/came-bkx-intro.mp4\">\n\t                        <source type=\"video\/webm\" src=\"https:\/\/www.came.com\/global\/sites\/default\/files\/new-bkx-landing\/assets\/video\/came-bkx-intro.webm\">\n\t                    <\/video>\n\t                <\/div>\n\t                <div class=\"box-title\">\n\t                \t<div class=\"box\">\n\t\t\t\t\t\t\t<h1>BKX<\/h1>\n\t\t\t\t\t\t\t<h2>L&rsquo;automatisme r\u00e9volutionnaire pour les portails coulissants<\/h2>\n\t\t\t\t\t\t\t<div class=\"box-header-links\" aria-hidden=\"true\">\n\t\t\t\t\t\t\t\t<div><a class=\"button-style1\" href=\"https:\/\/www.came.com\/fr\/contactez-nous\/\">Contactez-nous pour plus d&rsquo;informations<\/a><\/div>\n\t\t\t\t\t\t\t<\/div>\n\t                \t<\/div>\n\t                <\/div>\n\t\t\t\t<\/div>\n\t\t\t<\/div>\n\n\t\t\t<section class=\"fade-block gallery-section\">\n\t\t\t\t<div class=\"title-features\">\n\t\t\t\t\t<h2 class=\"fade-in\">Principales caract\u00e9ristiques<\/h2>\n\t\t\t\t<\/div>\n\t\t\t\t<div class=\"gallery-features fade-in\">\n\t\t\t\t\t<div class=\"slider-wrapper\">\n\t\t\t\t\t\t<div class=\"slider-item\">\n\t\t\t\t\t\t\t<div class=\"content-box box-top\">\n\t\t\t\t\t\t\t\t<div class=\"video-fs\">\n\t\t\t\t\t\t\t\t\t<video muted=\"\" autoplay=\"\" loop=\"\" data-keepplaying=\"\" playsinline=\"\" preload=\"auto\" poster=\"https:\/\/www.came.com\/global\/sites\/default\/files\/new-bkx-landing\/assets\/img\/came-bkx-intro.jpg\">\n\t\t\t\t\t\t\t\t\t\t<source type=\"video\/mp4\" src=\"https:\/\/www.came.com\/global\/sites\/default\/files\/new-bkx-landing\/assets\/video\/came-bkx-durability.mp4\">\n\t\t\t\t\t\t\t\t\t\t<source type=\"video\/webm\" src=\"https:\/\/www.came.com\/global\/sites\/default\/files\/new-bkx-landing\/assets\/video\/came-bkx-durability.webm\">\n\t\t\t\t\t\t\t\t\t<\/video>\n\t\t\t\t\t\t\t\t<\/div>\n\t\t\t\t\t\t\t<\/div>\n\t\t\t\t\t\t\t<div class=\"desc-text\">\n\t\t\t\t\t\t\t\t<p class=\"fade-in\">Le moteur brushless de 24 V DC garantit une excellente durabilit\u00e9, avec une dur\u00e9e de vie moyenne (MCBF) de 250 000 cycles<\/p>\n\t\t\t\t\t\t\t<\/div>\n\t\t\t\t\t\t<\/div>\n\t\t\t\t\t\t<div class=\"slider-item\">\n\t\t\t\t\t\t\t<div class=\"content-box box-top\">\n\t\t\t\t\t\t\t\t<div class=\"video-fs\">\n\t\t\t\t\t\t\t\t\t<video muted=\"\" autoplay=\"\" loop=\"\" data-keepplaying=\"\" playsinline=\"\" preload=\"auto\" poster=\"https:\/\/www.came.com\/global\/sites\/default\/files\/new-bkx-landing\/assets\/img\/came-bkx-intro.jpg\">\n\t\t\t\t\t\t\t\t\t\t<source type=\"video\/mp4\" src=\"https:\/\/www.came.com\/global\/sites\/default\/files\/new-bkx-landing\/assets\/video\/came-bkx-movement.mp4\">\n\t\t\t\t\t\t\t\t\t\t<source type=\"video\/webm\" src=\"https:\/\/www.came.com\/global\/sites\/default\/files\/new-bkx-landing\/assets\/video\/came-bkx-movement.webm\">\n\t\t\t\t\t\t\t\t\t<\/video>\n\t\t\t\t\t\t\t\t<\/div>\n\t\t\t\t\t\t\t<\/div>\n\t\t\t\t\t\t\t<div class=\"desc-text\">\n\t\t\t\t\t\t\t\t<p class=\"fade-in\">Avec une pouss\u00e9e de 800 N, le BKX garantit un d\u00e9placement fluide et une vitesse pouvant atteindre 24 m\/min<\/p>\n\t\t\t\t\t\t\t<\/div>\n\t\t\t\t\t\t<\/div>\n\t\t\t\t\t\t<div class=\"slider-item\">\n\t\t\t\t\t\t\t<div class=\"content-box box-top\">\n\t\t\t\t\t\t\t\t<div class=\"video-fs\">\n\t\t\t\t\t\t\t\t\t<video muted=\"\" autoplay=\"\" loop=\"\" data-keepplaying=\"\" playsinline=\"\" preload=\"auto\" poster=\"https:\/\/www.came.com\/global\/sites\/default\/files\/new-bkx-landing\/assets\/img\/came-bkx-intro.jpg\">\n\t\t\t\t\t\t\t\t\t\t<source type=\"video\/mp4\" src=\"https:\/\/www.came.com\/global\/sites\/default\/files\/new-bkx-landing\/assets\/video\/came-bkx-timer.mp4\">\n\t\t\t\t\t\t\t\t\t\t<source type=\"video\/webm\" src=\"https:\/\/www.came.com\/global\/sites\/default\/files\/new-bkx-landing\/assets\/video\/came-bkx-timer.webm\">\n\t\t\t\t\t\t\t\t\t<\/video>\n\t\t\t\t\t\t\t\t<\/div>\n\t\t\t\t\t\t\t<\/div>\n\t\t\t\t\t\t\t<div class=\"desc-text\">\n\t\t\t\t\t\t\t\t<p class=\"fade-in\">Gestion int\u00e9gr\u00e9e de la minuterie avec passage automatique \u00e0 l&rsquo;heure d&rsquo;\u00e9t\u00e9<\/p>\n\t\t\t\t\t\t\t<\/div>\n\t\t\t\t\t\t<\/div>\n\n\t\t\t\t\t<\/div>\n\t\t\t\t<\/div>\n\t\t\t\t<div class=\"dots-container\">\n\t\t\t\t\t<div class=\"dots\">\n\t\t\t\t\t\t<span class=\"dot active\" data-slide=\"0\"><\/span>\n\t\t\t\t\t\t<span class=\"dot\" data-slide=\"1\"><\/span>\n\t\t\t\t\t\t<span class=\"dot\" data-slide=\"2\"><\/span>\n\t\t\t\t\t<\/div>\n\t\t\t\t<\/div>\n\t\t\t<\/section>\n\n\t\t\t<section class=\"block-black-center\">\n\t\t\t\t<div class=\"header-title fade-block\">\n\t\t\t\t\t<h2 class=\"fade-in\">PUISSANT ET POLYVALENT<\/h2>\n\t\t\t\t\t<p class=\"bold fade-in\">Moteur \u00e0 engrenages irr\u00e9versible avec une force de pouss\u00e9e maximale de 800 N, disponible en 2 versions pour les portails pesant jusqu&rsquo;\u00e0 800 kg et jusqu&rsquo;\u00e0 1 200 kg<\/p>\n\t\t\t\t<\/div>\n\t\t\t\t<div class=\"fade-block\">\n\t\t\t\t\t<div class=\"container-compare-features\">\n\t\t\t\t\t\t<div class=\"box-compare-features fade-in\">\n\t\t\t\t\t\t\t<div class=\"box-feature fade-in\">\n\t\t\t\t\t\t\t\t<img decoding=\"async\" class=\"fade-in\" src=\"https:\/\/www.came.com\/global\/sites\/default\/files\/new-bkx-landing\/assets\/img\/came-bkx.webp\" alt=\"BKX08AGF\">\n\t\t\t\t\t\t\t\t<div class=\"box-info-feature fade-in\">\n\t\t\t\t\t\t\t\t\t<h3>801MS-0690<\/h3>\n\t\t\t\t\t\t\t\t\t<h4>BKX08AGF<\/h4>\n\t\t\t\t\t\t\t\t\t<p>LONGUEUR MAX DES VANTAUX : <strong>20 m<\/strong><\/p>\n\t\t\t\t\t\t\t\t\t<p>POIDS MAX DU PORTAIL : <strong>800 kg<\/strong><\/p>\n\t\t\t\t\t\t\t\t<\/div>\n\t\t\t\t\t\t\t\t\n\t\t\t\t\t\t\t<\/div>\n\t\t\t\t\t\t\t<div class=\"box-feature fade-in\">\n\t\t\t\t\t\t\t\t<img decoding=\"async\" class=\"fade-in\" src=\"https:\/\/www.came.com\/global\/sites\/default\/files\/new-bkx-landing\/assets\/img\/came-bkx.webp\" alt=\"BKX12AGM\">\n\t\t\t\t\t\t\t\t<div class=\"box-info-feature fade-in\">\n\t\t\t\t\t\t\t\t\t<h3>801MS-0700<\/h3>\n\t\t\t\t\t\t\t\t\t<h4>BKX12AGM<\/h4>\n\t\t\t\t\t\t\t\t\t<p>LONGUEUR MAX DES VANTAUX : <strong>20 m<\/strong><\/p>\n\t\t\t\t\t\t\t\t\t<p>POIDS MAX DU PORTAIL : <strong>1 200 kg<\/strong><\/p>\n\t\t\t\t\t\t\t\t<\/div>\n\t\t\t\t\t\t\t<\/div>\n\t\t\t\t\t\t<\/div>\n\t\t\t\t\t<\/div>\n\t\t\t\t<\/div>\n\t\t\t<\/section>\n\n\t\t\t<section class=\"block-black-center came-box-compact-content\" style=\"padding-top: 0;\">\n\t\t\t\t<div class=\"header-title fade-block\">\n\t\t\t\t\t<h2 class=\"fade-in\">Technologie d&rsquo;adaptation de la vitesse et du couple<\/h2>\n\t\t\t\t<\/div>\n\t\t\t\t<div class=\"fade-block\">\n\t\t\t\t\t<div class=\"box-video1 fade-in\">\n\t\t\t\t\t\t<video muted=\"\" autoplay=\"\" loop=\"\" data-keepplaying=\"\" playsinline=\"\" preload=\"auto\" poster=\"https:\/\/www.came.com\/global\/sites\/default\/files\/new-bkx-landing\/assets\/img\/came-bkx-intro.jpg\">\n\t\t\t\t\t\t\t<source type=\"video\/mp4\" src=\"https:\/\/www.came.com\/global\/sites\/default\/files\/new-bkx-landing\/assets\/video\/came-bkx-adaptive.mp4\">\n\t\t\t\t\t\t\t<source type=\"video\/webm\" src=\"https:\/\/www.came.com\/global\/sites\/default\/files\/new-bkx-landing\/assets\/video\/came-bkx-adaptive.webm\">\n\t\t\t\t\t\t<\/video>\n\t\t\t\t\t<\/div>\n\t\t\t\t<\/div>\n\t\t\t\t<div class=\"header-title fade-block\">\n\t\t\t\t\t<p class=\"small bold fade-in\">La carte contr\u00f4le la vitesse et les pentes d&rsquo;acc\u00e9l\u00e9ration\/d\u00e9c\u00e9l\u00e9ration, tandis que le syst\u00e8me d&rsquo;adaptation du couple \u00e9value en permanence le poids et le frottement afin de d\u00e9tecter les obstacles et de maintenir la vitesse d\u00e9finie.\n\t\t\t\t\t\t<br \/>Pas de perte de temps pour l&rsquo;installateur, une grande satisfaction pour le client.\n\t\t\t\t\t<\/p>\n\t\t\t\t<\/div>\n\t\t\t<\/section>\n\n\t\t\t<section class=\"block-black-center\" style=\"padding-top: 0;\">\n\t\t\t\t<div class=\"header-title fade-block\">\n\t\t\t\t\t<h2 class=\"fade-in\">SYST\u00c8ME DE SECOURS \u00c0 BATTERIE<\/h2>\n\t\t\t\t\t<p class=\"bold fade-in\">Le BKX garantit des performances et une fiabilit\u00e9 \u00e9lev\u00e9es, tout en permettant son int\u00e9gration \u00e0 un syst\u00e8me d&rsquo;alimentation de secours par batterie, ce qui assure son fonctionnement m\u00eame en cas de coupure de courant.<\/p>\n\t\t\t\t<\/div>\n\t\t\t\t<div class=\"fade-block\">\n\t\t\t\t\t<div class=\"box-video1 fade-in\">\n\t\t\t\t\t\t<video muted=\"\" autoplay=\"\" loop=\"\" data-keepplaying=\"\" playsinline=\"\" preload=\"auto\" poster=\"https:\/\/www.came.com\/global\/sites\/default\/files\/new-bkx-landing\/assets\/img\/came-bkx-intro.jpg\">\n\t\t\t\t\t\t\t<source type=\"video\/mp4\" src=\"https:\/\/www.came.com\/global\/sites\/default\/files\/new-bkx-landing\/assets\/video\/came-bkx-battery.mp4\">\n\t\t\t\t\t\t\t<source type=\"video\/webm\" src=\"https:\/\/www.came.com\/global\/sites\/default\/files\/new-bkx-landing\/assets\/video\/came-bkx-battery.webm\">\n\t\t\t\t\t\t<\/video>\n\t\t\t\t\t<\/div>\n\t\t\t\t<\/div>\n\t\t\t<\/section>\n\n\t\t\t<section class=\"block-black-center bg-gradient-black\" style=\"padding-top: 0;\">\n\t\t\t\t<div class=\"header-title fade-block\">\n\t\t\t\t\t<h2 class=\"fade-in\">\u00c9LECTRONIQUE DE POINTE<\/h2>\n\t\t\t\t<\/div>\n\t\t\t\t<div class=\"fade-block\">\n\t\t\t\t\t<div class=\"box-2cols box-2cols-inverted\">\n\t\t\t\t\t\t<div class=\"box-col\">\n\t\t\t\t\t\t\t<img decoding=\"async\" class=\"border-radius-8 fade-in\" src=\"https:\/\/www.came.com\/global\/sites\/default\/files\/new-bkx-landing\/assets\/img\/came-bkx-section-new2.webp\" alt=\"\u00c9LECTRONIQUE DE POINTE\">\n\t\t\t\t\t\t<\/div>\n\t\t\t\t\t\t<div class=\"box-col\">\n\t\t\t\t\t\t\t<div class=\"header-title\">\n\t\t\t\t\t\t\t\t<ul class=\"list-text fade-in\">\n\t\t\t\t\t\t\t\t\t<li>AFFICHAGE GRAPHIQUE<\/li>\n\t\t\t\t\t\t\t\t\t<li>Couvercle en ABS<\/li>\n\t\t\t\t\t\t\t\t\t<li>ENTR\u00c9ES BUS CXN<\/li>\n\t\t\t\t\t\t\t\t\t<li>MEMORY ROLL pour enregistrer les configurations<\/li>\n\t\t\t\t\t\t\t\t\t<li>Emplacement pour CAME KEY ou passerelle Wi-Fi<\/li>\n\t\t\t\t\t\t\t\t\t<li>RSE PORTS<\/li>\n\t\t\t\t\t\t\t\t\t<li class=\"came-white-color\"><span class=\"came-white-color\">CONFORME AU R\u00c8GLEMENT (UE) 2023\/826 relatif aux exigences en mati\u00e8re d&rsquo;\u00e9co-compatibilit\u00e9 concernant la consommation d&rsquo;\u00e9nergie en mode arr\u00eat, en mode veille et en mode veille en r\u00e9seau<\/span><\/li>\n\t\t\t\t\t\t\t\t<\/ul>\n\t\t\t\t\t\t\t<\/div>\n\t\t\t\t\t\t<\/div>\n\t\t\t\t\t<\/div>\n\t\t\t\t<\/div>\n\t\t\t<\/section>\n\n\t\t\t<section class=\"block-black-center\">\n\t\t\t\t<div class=\"header-title fade-block\">\n\t\t\t\t\t<h2 class=\"fade-in\">CHOISISSEZ VOTRE M\u00c9THODE DE CONFIGURATION<\/h2>\n\t\t\t\t<\/div>\n\t\t\t\t<div class=\"fade-block\">\n\t\t\t\t\t<div class=\"box-2cols\">\n\t\t\t\t\t\t<div class=\"box-col\">\n\t\t\t\t\t\t\t<div class=\"box-video-container box-video1 border-radius-8 fade-in\">\n\t\t\t\t\t\t\t\t<video muted=\"\" autoplay=\"\" loop=\"\" data-keepplaying=\"\" playsinline=\"\" preload=\"auto\" poster=\"https:\/\/www.came.com\/global\/sites\/default\/files\/new-bkx-landing\/assets\/img\/came-bkx-intro.jpg\">\n\t\t\t\t\t\t\t\t\t<source type=\"video\/mp4\" src=\"https:\/\/www.came.com\/global\/sites\/default\/files\/new-bkx-landing\/assets\/video\/came-bkx-quick-setup.mp4\">\n\t\t\t\t\t\t\t\t\t<source type=\"video\/webm\" src=\"https:\/\/www.came.com\/global\/sites\/default\/files\/new-bkx-landing\/assets\/video\/came-bkx-quick-setup.webm\">\n\t\t\t\t\t\t\t\t<\/video>\n\t\t\t\t\t\t\t<\/div>\n\t\t\t\t\t\t<\/div>\n\t\t\t\t\t\t<div class=\"box-col\">\n\t\t\t\t\t\t\t<div class=\"header-title maxwidth500\">\n\t\t\t\t\t\t\t\t<h3 class=\"fade-in\"><span class=\"came-cyan-color\">CONFIGURATION RAPIDE<\/span> via smartphone avec <span class=\"came-text-nowrap\">CAME KEY<\/span> et <span class=\"came-text-nowrap\">l&rsquo;application SetUp Pro<\/span><\/h3>\n\t\t\t\t\t\t\t\t<ul class=\"list-text fade-in\">\n\t\t\t\t\t\t\t\t\t<li>Acc\u00e8s \u00e0 tous les param\u00e8tres d&rsquo;automatisation<\/li>\n\t\t\t\t\t\t\t\t\t<li>Gestion des automatismes, contr\u00f4le des op\u00e9rations et de la maintenance<\/li>\n\t\t\t\t\t\t\t\t\t<li>Programmation automatique des \u00e9metteurs via un code QR<\/li>\n\t\t\t\t\t\t\t\t\t<li>Mettre \u00e0 jour le logiciel de la carte de commande<\/li>\n\t\t\t\t\t\t\t\t\t<li>Sauvegarde des configurations vers CONNECT<\/li>\n\t\t\t\t\t\t\t\t<\/ul>\n\t\t\t\t\t\t\t\t<div class=\"box-quadri-links fade-in\">\n\t\t\t\t\t\t\t\t\t<div><a class=\"button-style1\" href=\"https:\/\/www.came.com\/fr\/came-connect\/\" target=\"_blank\" rel=\"noopener\">D\u00e9couvrez CONNECT<\/a><\/div>\n\t\t\t\t\t\t\t\t<\/div>\n\t\t\t\t\t\t\t\t<p class=\"subtext fade-in\">T\u00e9l\u00e9charger l&rsquo;application SetUp Pro<\/p>\n\t\t\t\t\t\t\t\t<div class=\"box-download-app-links fade-in\">\n\t\t\t\t\t\t\t\t\t<a href=\"https:\/\/play.google.com\/store\/apps\/details?id=com.came.installer\" target=\"_blank\" rel=\"noopener\"><img decoding=\"async\" src=\"https:\/\/www.came.com\/global\/sites\/default\/files\/new-bkx-landing\/assets\/img\/download-google-play.png\" alt=\"Disponible sur Google Play\"><\/a>\n\t\t\t\t\t\t\t\t\t<a href=\"https:\/\/apps.apple.com\/fr\/app\/setup-pro\/id6474442913\" target=\"_blank\" rel=\"noopener\"><img decoding=\"async\" src=\"https:\/\/www.came.com\/global\/sites\/default\/files\/new-bkx-landing\/assets\/img\/download-app-store.png\" alt=\"Disponible sur l'App Store\"><\/a>\n\t\t\t\t\t\t\t\t<\/div>\n\t\t\t\t\t\t\t<\/div>\n\t\t\t\t\t\t<\/div>\n\t\t\t\t\t<\/div>\n\t\t\t\t<\/div>\n\n\t\t\t\t<div class=\"fade-block\">\n\t\t\t\t\t<div class=\"box-2cols box-2cols-inverted\">\n\t\t\t\t\t\t<div class=\"box-col\">\n\t\t\t\t\t\t\t<div class=\"box-video-container box-video1 border-radius-8 fade-in\">\n\t\t\t\t\t\t\t\t<video muted=\"\" autoplay=\"\" loop=\"\" data-keepplaying=\"\" playsinline=\"\" preload=\"auto\" poster=\"https:\/\/www.came.com\/global\/sites\/default\/files\/new-bkx-landing\/assets\/img\/came-bkx-intro.jpg\">\n\t\t\t\t\t\t\t\t\t<source type=\"video\/mp4\" src=\"https:\/\/www.came.com\/global\/sites\/default\/files\/new-bkx-landing\/assets\/video\/came-bkx-display.mp4\">\n\t\t\t\t\t\t\t\t\t<source type=\"video\/webm\" src=\"https:\/\/www.came.com\/global\/sites\/default\/files\/new-bkx-landing\/assets\/video\/came-bkx-display.webm\">\n\t\t\t\t\t\t\t\t<\/video>\n\t\t\t\t\t\t\t<\/div>\n\t\t\t\t\t\t<\/div>\n\t\t\t\t\t\t<div class=\"box-col\">\n\t\t\t\t\t\t\t<div class=\"header-title\">\n\t\t\t\t\t\t\t\t<h3 class=\"fade-in\"><span class=\"came-cyan-color\">CONFIGURATION ASSIST\u00c9E<\/span> via l&rsquo;\u00e9cran graphique int\u00e9gr\u00e9<\/h3>\n\t\t\t\t\t\t\t\t<ul class=\"list-text fade-in\">\n\t\t\t\t\t\t\t\t\t<li>Disponible en 13 langues diff\u00e9rentes<\/li>\n\t\t\t\t\t\t\t\t\t<li>4 touches de commande<\/li>\n\t\t\t\t\t\t\t\t\t<li>Configuration automatique des param\u00e8tres d&rsquo;acc\u00e9l\u00e9ration et de d\u00e9c\u00e9l\u00e9ration, en fonction de la longueur et du poids du vantail<\/li>\n\t\t\t\t\t\t\t\t\t<li>Possibilit\u00e9 de d\u00e9finir un mot de passe pour prot\u00e9ger l&rsquo;acc\u00e8s au menu de configuration<\/li>\n\t\t\t\t\t\t\t\t<\/ul>\n\t\t\t\t\t\t\t<\/div>\n\t\t\t\t\t\t<\/div>\n\t\t\t\t\t<\/div>\n\t\t\t\t<\/div>\n\n\t\t\t<\/section>\n\n\t\t\t<section class=\"block-darkgrey-center fade-block\">\n\t\t\t\t<div class=\"box-big-card\">\n\t\t\t\t\t<div class=\"box-2cols\">\n\t\t\t\t\t\t<div class=\"box-col\">\n\t\t\t\t\t\t\t<h2 class=\"fade-in\">COMPATIBLE AVEC AMAZON ALEXA ET GOOGLE HOME<\/h2>\n\t\t\t\t\t\t\t<p class=\"small bold fade-in\">Gr\u00e2ce \u00e0 la passerelle Wi-Fi en option qui se branche directement sur la carte \u00e9lectronique, le BKX peut se connecter \u00e0 n&rsquo;importe quel routeur pour permettre une gestion \u00e0 distance. Outre l&rsquo;application Automation qui permet aux utilisateurs de contr\u00f4ler le syst\u00e8me d&rsquo;automatisation depuis un smartphone, il est \u00e9galement possible d&rsquo;utiliser les commandes vocales d&rsquo;Amazon Alexa et de Google Home pour ouvrir et fermer le portail, l&rsquo;arr\u00eater ou conna\u00eetre son \u00e9tat.<\/p>\n\t\t\t\t\t\t\t\n\t\t\t\t\t\t\t<p class=\"subtext fade-in\">T\u00e9l\u00e9chargez l&rsquo;application AUTOMATION sur Google Play et l&rsquo;App Store<\/p>\n\t\t\t\t\t\t\t<div class=\"box-download-app-links fade-in\">\n\t\t\t\t\t\t\t\t<a href=\"https:\/\/play.google.com\/store\/apps\/details?id=com.came.cameconnectapp\" target=\"_blank\" rel=\"noopener\"><img decoding=\"async\" src=\"https:\/\/www.came.com\/global\/sites\/default\/files\/new-bkx-landing\/assets\/img\/download-google-play.png\" alt=\"Disponible sur Google Play\"><\/a>\n\t\t\t\t\t\t\t\t<a href=\"https:\/\/apps.apple.com\/fr\/app\/came-automation\/id1098115880\" target=\"_blank\" rel=\"noopener\"><img decoding=\"async\" src=\"https:\/\/www.came.com\/global\/sites\/default\/files\/new-bkx-landing\/assets\/img\/download-app-store.png\" alt=\"Disponible sur l'App Store\"><\/a>\n\t\t\t\t\t\t\t<\/div>\n\t\t\t\t\t\t<\/div>\n\t\t\t\t\t\t<div class=\"box-col\">\n\t\t\t\t\t\t\t<img decoding=\"async\" class=\"fade-in\" src=\"https:\/\/www.came.com\/global\/sites\/default\/files\/new-bkx-landing\/assets\/img\/came-bkx-alexa-tablet.webp\">\n\t\t\t\t\t\t<\/div>\n\t\t\t\t\t<\/div>\n\t\t\t\t<\/div>\n\t\t\t<\/section>\n\n\t\t\t<section class=\"block-black-center block-wide-section\">\n\t\t\t\t<div class=\"fade-block\">\n\t\t\t\t\t<div class=\"box-2cols\">\n\t\t\t\t\t\t<div class=\"box-col\">\n\t\t\t\t\t\t\t<div class=\"box-video-container box-video1 fade-in\">\n\t\t\t\t\t\t\t\t<video muted=\"\" autoplay=\"\" loop=\"\" data-keepplaying=\"\" playsinline=\"\" preload=\"auto\" poster=\"https:\/\/www.came.com\/global\/sites\/default\/files\/new-bkx-landing\/assets\/img\/came-bkx-intro.jpg\">\n\t\t\t\t\t\t\t\t\t<source type=\"video\/mp4\" src=\"https:\/\/www.came.com\/global\/sites\/default\/files\/new-bkx-landing\/assets\/video\/came-bkx-rotation-l.mp4\">\n\t\t\t\t\t\t\t\t\t<source type=\"video\/webm\" src=\"https:\/\/www.came.com\/global\/sites\/default\/files\/new-bkx-landing\/assets\/video\/came-bkx-rotation-l.webm\">\n\t\t\t\t\t\t\t\t<\/video>\n\t\t\t\t\t\t\t<\/div>\n\t\t\t\t\t\t<\/div>\n\t\t\t\t\t\t<div class=\"box-col\">\n\t\t\t\t\t\t\t<div class=\"header-title maxwidth400\">\n\t\t\t\t\t\t\t\t<h2 class=\"fade-in\">BKX<\/h2>\n\t\t\t\t\t\t\t\t<p class=\"small bold fade-in\">L&rsquo;automatisme r\u00e9volutionnaire pour les portails coulissants.<\/p>\n\t\t\t\t\t\t\t\t<div class=\"box-quadri-links fade-in\">\n\t\t\t\t\t\t\t\t\t<div><a class=\"button-style1\" href=\"https:\/\/www.came.com\/fr\/produits\/automatismes-pour-portails-coulissantes-bkx\/\">Acc\u00e9der \u00e0 la page du produit<\/a><\/div>\n\t\t\t\t\t\t\t\t\t<div><a class=\"button-style1\" href=\"https:\/\/came-cdn.thron.com\/api\/v1\/content-delivery\/shares\/8pertf\/contents\/28506ab0-8322-4ff2-8548-06f438d36a4d\/original\/bkx-depliant-fr-\" target=\"_blank\" rel=\"noopener\">T\u00e9l\u00e9charger le d\u00e9pliant<\/a><\/div>\n\t\t\t\t\t\t\t\t\t<div><a class=\"button-style1 landing-glightbox-video\" data-gallery=\"gallery3\" href=\"https:\/\/www.came.com\/global\/sites\/default\/files\/new-bkx-landing\/assets\/video\/CAME_BKX_Video.mp4\">Regarder la vid\u00e9o<\/a><\/div>\n\t\t\t\t\t\t\t\t<\/div>\n\t\t\t\t\t\t\t<\/div>\n\t\t\t\t\t\t<\/div>\n\t\t\t\t\t<\/div>\n\t\t\t\t<\/div>\n\t\t\t<\/section>\n\n\t\t<\/div>\n\t<\/div>\n\n    <script type=\"text\/javascript\" src=\"https:\/\/www.came.com\/global\/sites\/default\/files\/new-bkx-landing\/js\/custom.js?v=1.0.2\"><\/script>\n<\/div>\n\n<\/div>\n","protected":false},"excerpt":{"rendered":"<p>BKX L&rsquo;automatisme r\u00e9volutionnaire pour les portails coulissants Contactez-nous pour plus d&rsquo;informations Principales caract\u00e9ristiques Le moteur brushless de 24 V DC garantit une excellente durabilit\u00e9, avec une dur\u00e9e de vie moyenne (MCBF) de 250 000 cycles Avec une pouss\u00e9e de 800 N, le BKX garantit un d\u00e9placement fluide et une vitesse pouvant atteindre 24 m\/min Gestion [&hellip;]<\/p>\n","protected":false},"author":5,"featured_media":0,"parent":0,"menu_order":0,"comment_status":"closed","ping_status":"closed","template":"page_template-landing-fullscreen.php","meta":{"elastic_search":"","powered_cache_disable_cache":false,"footnotes":""},"_links":{"self":[{"href":"https:\/\/www.came.com\/fr\/wp-json\/wp\/v2\/pages\/14668"}],"collection":[{"href":"https:\/\/www.came.com\/fr\/wp-json\/wp\/v2\/pages"}],"about":[{"href":"https:\/\/www.came.com\/fr\/wp-json\/wp\/v2\/types\/page"}],"author":[{"embeddable":true,"href":"https:\/\/www.came.com\/fr\/wp-json\/wp\/v2\/users\/5"}],"replies":[{"embeddable":true,"href":"https:\/\/www.came.com\/fr\/wp-json\/wp\/v2\/comments?post=14668"}],"version-history":[{"count":3,"href":"https:\/\/www.came.com\/fr\/wp-json\/wp\/v2\/pages\/14668\/revisions"}],"predecessor-version":[{"id":14671,"href":"https:\/\/www.came.com\/fr\/wp-json\/wp\/v2\/pages\/14668\/revisions\/14671"}],"wp:attachment":[{"href":"https:\/\/www.came.com\/fr\/wp-json\/wp\/v2\/media?parent=14668"}],"curies":[{"name":"wp","href":"https:\/\/api.w.org\/{rel}","templated":true}]}}