{"id":14308,"date":"2025-07-14T12:10:10","date_gmt":"2025-07-14T10:10:10","guid":{"rendered":"https:\/\/www.came.com\/fr\/?page_id=14308"},"modified":"2025-07-14T12:14:50","modified_gmt":"2025-07-14T10:14:50","slug":"presentation-des-systemes-dentree-video","status":"publish","type":"page","link":"https:\/\/www.came.com\/fr\/presentation-des-systemes-dentree-video\/","title":{"rendered":"Pr\u00e9sentation des syst\u00e8mes d&rsquo;entr\u00e9e vid\u00e9o"},"content":{"rendered":"\n<div class=\"wp-block-group alignfull came-box-content-style-1 is-layout-flow wp-block-group-is-layout-flow\" style=\"padding-top:var(--wp--preset--spacing--70);padding-bottom:var(--wp--preset--spacing--70)\">\n<div class=\"wp-block-group alignwide is-layout-flow wp-block-group-is-layout-flow\">\n<h1 class=\"wp-block-heading\">Pr\u00e9sentation des syst\u00e8mes d&rsquo;entr\u00e9e vid\u00e9o<\/h1>\n\n\n\n<p class=\"has-large-font-size\" style=\"margin-top:var(--wp--preset--spacing--80);margin-bottom:var(--wp--preset--spacing--80)\">CAME propose une gamme compl\u00e8te de syst\u00e8mes d&rsquo;entr\u00e9e vid\u00e9o, chacun con\u00e7u pour r\u00e9pondre aux besoins de diff\u00e9rents environnements, des petites r\u00e9sidences aux grands complexes commerciaux. Voici un aper\u00e7u des principaux syst\u00e8mes disponibles.<\/p>\n<\/div>\n<\/div>\n\n\n\n<div class=\"wp-block-group alignfull has-white-background-color has-background is-layout-flow wp-block-group-is-layout-flow\">\n<div class=\"wp-block-group alignwide came-box-content-style-2 is-layout-flow wp-block-group-is-layout-flow\" style=\"padding-top:var(--wp--preset--spacing--70);padding-bottom:var(--wp--preset--spacing--70)\">\n<div class=\"wp-block-group came-box-title-and-image is-layout-flow wp-block-group-is-layout-flow\">\n<h2 class=\"wp-block-heading has-text-align-left title-with-line\">X<strong>1 System<\/strong><\/h2>\n\n\n\n<figure class=\"wp-block-image size-full is-resized\"><img decoding=\"async\" src=\"https:\/\/www.came.com\/global\/wp-content\/uploads\/2024\/10\/1729160315430-b0b4dea8-85a2-46b4-95d1-da1ebeb01804_1.jpg\" alt=\"\" class=\"wp-image-10438\" style=\"width:70px\"\/><\/figure>\n<\/div>\n\n\n\n<div class=\"wp-block-columns is-layout-flex wp-container-core-columns-is-layout-1 wp-block-columns-is-layout-flex\" style=\"margin-bottom:var(--wp--preset--spacing--70)\">\n<div class=\"wp-block-column is-layout-flow wp-block-column-is-layout-flow\">\n<figure class=\"wp-block-image size-full image-fit-cover\"><img decoding=\"async\" src=\"https:\/\/www.came.com\/global\/wp-content\/uploads\/2024\/12\/x1.jpg\" alt=\"\" class=\"wp-image-11667\"\/><\/figure>\n<\/div>\n\n\n\n<div class=\"wp-block-column is-layout-flow wp-block-column-is-layout-flow\">\n<p class=\"has-medium-font-size\">Le syst\u00e8me X1 est une solution d&rsquo;entr\u00e9e vid\u00e9o \u00e0 deux fils simple mais puissante, id\u00e9ale pour les petits immeubles d&rsquo;habitation ou les maisons individuelles. Ses principales caract\u00e9ristiques sont les suivantes :<\/p>\n\n\n\n<ul>\n<li class=\"has-medium-font-size\">Possibilit\u00e9 de connecter jusqu&rsquo;\u00e0 108 utilisateurs et 3 panneaux d&rsquo;entr\u00e9e.<\/li>\n\n\n\n<li class=\"has-medium-font-size\">Prise en charge de jusqu&rsquo;\u00e0 <strong>4 appareils mobiles par appartement <\/strong>pour un acc\u00e8s \u00e0 distance \u00e0 l&rsquo;aide de l&rsquo;application Access.<\/li>\n\n\n\n<li class=\"has-medium-font-size\">Installation simple avec <strong>2 fils torsad\u00e9s non polaris\u00e9s<\/strong>.<\/li>\n\n\n\n<li class=\"has-medium-font-size\">Int\u00e9gration avec un syst\u00e8me de vid\u00e9osurveillance pour une s\u00e9curit\u00e9 renforc\u00e9e.<\/li>\n\n\n\n<li class=\"has-medium-font-size\">Programmation via PC ou configuration manuelle avec fonction d&rsquo;auto-apprentissage. Configuration via l&rsquo;application CONNECT SetUp \u00e0 l&rsquo;aide de la cl\u00e9 CAME KEY disponible pour les panneaux d&rsquo;entr\u00e9e LHS.<\/li>\n<\/ul>\n\n\n\n<p class=\"has-medium-font-size\">Toutes les principales<\/p>\n<\/div>\n<\/div>\n<\/div>\n\n\n\n<div class=\"wp-block-group alignwide came-box-content-style-2 is-layout-flow wp-block-group-is-layout-flow\" style=\"padding-top:var(--wp--preset--spacing--70);padding-bottom:var(--wp--preset--spacing--70)\">\n<div class=\"wp-block-group came-box-title-and-image is-layout-flow wp-block-group-is-layout-flow\">\n<h2 class=\"wp-block-heading has-text-align-left title-with-line\">X<strong><strong>IP System<\/strong><\/strong><\/h2>\n\n\n\n<figure class=\"wp-block-image size-full is-resized\"><img decoding=\"async\" src=\"https:\/\/www.came.com\/global\/wp-content\/uploads\/2024\/10\/1729160316003-062b852f-1e51-4854-8a0f-f8a8c99495ab_1.jpg\" alt=\"\" class=\"wp-image-10440\" style=\"width:70px\"\/><\/figure>\n<\/div>\n\n\n\n<div class=\"wp-block-columns is-layout-flex wp-container-core-columns-is-layout-2 wp-block-columns-is-layout-flex\" style=\"margin-bottom:var(--wp--preset--spacing--70)\">\n<div class=\"wp-block-column is-layout-flow wp-block-column-is-layout-flow\">\n<p class=\"has-medium-font-size\">Le syst\u00e8me XIP combine la flexibilit\u00e9 de la technologie IP avec la simplicit\u00e9 du syst\u00e8me X1, ce qui le rend id\u00e9al pour les complexes r\u00e9sidentiels \u00e0 grande \u00e9chelle ou les installations commerciales. Ses principales caract\u00e9ristiques sont les suivantes :<\/p>\n\n\n\n<ul>\n<li class=\"has-medium-font-size\"><strong>Appels illimit\u00e9s <\/strong>et <strong>panneaux d&rsquo;entr\u00e9e <\/strong>avec <strong>jusqu&rsquo;\u00e0 50 000 codes d&rsquo;acc\u00e8s.<\/strong><\/li>\n\n\n\n<li class=\"has-medium-font-size\">C\u00e2blage hybride (syst\u00e8mes Ethernet et \u00e0 deux fils).<\/li>\n\n\n\n<li class=\"has-medium-font-size\">Fonctions avanc\u00e9es de contr\u00f4le d&rsquo;acc\u00e8s, y compris les cr\u00e9neaux horaires et les autorisations.<\/li>\n\n\n\n<li class=\"has-medium-font-size\">Gestion des appels \u00e0 distance via smartphone \u00e0 l&rsquo;aide de l&rsquo;application Access.<\/li>\n\n\n\n<li class=\"has-medium-font-size\">Services de conciergerie utilisant l&rsquo;application PC Intercom View.<\/li>\n<\/ul>\n\n\n\n<p class=\"has-medium-font-size\">D\u00e9couvrez ici toutes les configurations XIP de la s\u00e9rie de panneaux d&rsquo;entr\u00e9e <a href=\"\/fr\/configurateur-mtm\/\">MTM<\/a>.<\/p>\n<\/div>\n\n\n\n<div class=\"wp-block-column is-layout-flow wp-block-column-is-layout-flow\">\n<figure class=\"wp-block-image size-full image-fit-cover\"><img decoding=\"async\" src=\"https:\/\/www.came.com\/global\/wp-content\/uploads\/2024\/12\/xip.jpg\" alt=\"\" class=\"wp-image-11669\"\/><\/figure>\n<\/div>\n<\/div>\n<\/div>\n\n\n\n<div class=\"wp-block-group alignwide came-box-content-style-2 is-layout-flow wp-block-group-is-layout-flow\" style=\"padding-top:var(--wp--preset--spacing--70);padding-bottom:var(--wp--preset--spacing--70)\">\n<div class=\"wp-block-group came-box-title-and-image is-layout-flow wp-block-group-is-layout-flow\">\n<h2 class=\"wp-block-heading has-text-align-left title-with-line\"><strong>IP360 System<\/strong><\/h2>\n\n\n\n<figure class=\"wp-block-image size-full is-resized\"><img decoding=\"async\" src=\"https:\/\/www.came.com\/global\/wp-content\/uploads\/2024\/10\/1729160316334-5f36cb05-99c0-425e-8bb3-73a1b854f9b2_1.jpg\" alt=\"\" class=\"wp-image-10442\" style=\"width:70px\"\/><\/figure>\n<\/div>\n\n\n\n<div class=\"wp-block-columns is-layout-flex wp-container-core-columns-is-layout-3 wp-block-columns-is-layout-flex\" style=\"margin-bottom:var(--wp--preset--spacing--70)\">\n<div class=\"wp-block-column is-layout-flow wp-block-column-is-layout-flow\">\n<figure class=\"wp-block-image size-full image-fit-cover\"><img decoding=\"async\" src=\"https:\/\/www.came.com\/global\/wp-content\/uploads\/2024\/12\/ip360.jpg\" alt=\"\" class=\"wp-image-11665\"\/><\/figure>\n<\/div>\n\n\n\n<div class=\"wp-block-column is-layout-flow wp-block-column-is-layout-flow\">\n<p class=\"has-medium-font-size\">L&rsquo;IP360 est un syst\u00e8me IP complet con\u00e7u pour les installations \u00e0 grande \u00e9chelle telles que les complexes urbains ou les centres d&rsquo;affaires. Ses principales caract\u00e9ristiques sont les suivantes :<\/p>\n\n\n\n<ul>\n<li class=\"has-medium-font-size\"><strong>\u00c9volutif<\/strong>, allant des petites solutions r\u00e9sidentielles aux grandes solutions multiserveurs.<\/li>\n\n\n\n<li class=\"has-medium-font-size\"><strong>Fonctionnement sans serveur<\/strong> pour une installation \u00e9conomique.<\/li>\n\n\n\n<li class=\"has-medium-font-size\">Int\u00e9gration avec des appareils VoIP tiers.<\/li>\n\n\n\n<li class=\"has-medium-font-size\">Fonctionnalit\u00e9s avanc\u00e9es telles que le transfert d&rsquo;appel, le contr\u00f4le d&rsquo;acc\u00e8s et l&rsquo;int\u00e9gration de la vid\u00e9osurveillance.<\/li>\n\n\n\n<li class=\"has-medium-font-size\">Prend en charge <strong>des distances et des appels<\/strong> illimit\u00e9s avec des capacit\u00e9s de gestion \u00e0 distance compl\u00e8tes via un smartphone ou une tablette \u00e0 l&rsquo;aide de l&rsquo;application Access.<\/li>\n\n\n\n<li class=\"has-medium-font-size\">Services de conciergerie utilisant l&rsquo;application PC Intercom View.<\/li>\n<\/ul>\n\n\n\n<p class=\"has-medium-font-size\">D\u00e9couvrez la s\u00e9rie <a href=\"\/fr\/produits\/interphone-video-panneaux-externes-xvp\/\">XVP<\/a> et tous les r\u00e9cepteurs IP360 tels que <a href=\"\/fr\/produits\/interphone-video-recepteurs-internes-plx-video\/\">PLX<\/a> et <a href=\"\/fr\/produits\/interphone-video-recepteurs-internes-xts\/\">XTS<\/a>.<\/p>\n<\/div>\n<\/div>\n<\/div>\n\n\n\n<div class=\"wp-block-group alignwide came-box-content-style-2 is-layout-flow wp-block-group-is-layout-flow\" style=\"padding-top:var(--wp--preset--spacing--70);padding-bottom:var(--wp--preset--spacing--70)\">\n<div class=\"wp-block-group came-box-title-and-image is-layout-flow wp-block-group-is-layout-flow\">\n<h2 class=\"wp-block-heading has-text-align-left title-with-line\"><strong>4G System<\/strong><\/h2>\n\n\n\n<figure class=\"wp-block-image size-full is-resized\"><img decoding=\"async\" src=\"https:\/\/www.came.com\/global\/wp-content\/uploads\/2024\/10\/1729160316187-fdd345c1-e6fe-49f9-9072-9a1d7e8e4511_1.jpg\" alt=\"\" class=\"wp-image-10444\" style=\"width:70px\"\/><\/figure>\n<\/div>\n\n\n\n<div class=\"wp-block-columns is-layout-flex wp-container-core-columns-is-layout-4 wp-block-columns-is-layout-flex\" style=\"margin-bottom:var(--wp--preset--spacing--70)\">\n<div class=\"wp-block-column is-layout-flow wp-block-column-is-layout-flow\">\n<p class=\"has-medium-font-size\">La solution 4G est con\u00e7ue pour les environnements o\u00f9 le c\u00e2blage traditionnel n&rsquo;est pas possible. Elle utilise le r\u00e9seau mobile 4G pour fonctionner. Ses principales caract\u00e9ristiques sont les suivantes :<\/p>\n\n\n\n<ul>\n<li class=\"has-medium-font-size\">Convient pour les <strong>longues distances<\/strong> entre le panneau d&rsquo;entr\u00e9e et le b\u00e2timent.<\/li>\n\n\n\n<li class=\"has-medium-font-size\">Prend en charge<strong> jusqu&rsquo;\u00e0 3 000 appels avec 2 points d&rsquo;acc\u00e8s et 2 op\u00e9rateurs CAME.<\/strong><\/li>\n\n\n\n<li class=\"has-medium-font-size\">Ouverture des portes par simple appel t\u00e9l\u00e9phonique (\u00ab dial-to-open \u00bb).<\/li>\n\n\n\n<li class=\"has-medium-font-size\">Gestion des commandes \u00e0 l&rsquo;aide des tonalit\u00e9s DTMF ou de l&rsquo;application CAME AUTOMATION.<\/li>\n\n\n\n<li class=\"has-medium-font-size\">Programmation via l&rsquo;application CONNECT SetUp ou l&rsquo;application Web CAME CONNECT.<\/li>\n<\/ul>\n\n\n\n<p class=\"has-medium-font-size\">D\u00e9couvrez les fonctionnalit\u00e9s de <a href=\"\/fr\/produits\/interphone-video-panneaux-externes-mtm-audio\/\">MTM AUDIO CONNECT<\/a>.<\/p>\n<\/div>\n\n\n\n<div class=\"wp-block-column is-layout-flow wp-block-column-is-layout-flow\">\n<figure class=\"wp-block-image size-full image-fit-cover\"><img decoding=\"async\" src=\"https:\/\/www.came.com\/global\/wp-content\/uploads\/2024\/12\/4g.jpg\" alt=\"\" class=\"wp-image-11661\"\/><\/figure>\n<\/div>\n<\/div>\n<\/div>\n\n\n\n<div class=\"wp-block-group alignwide came-box-content-style-2 is-layout-flow wp-block-group-is-layout-flow\" style=\"padding-top:var(--wp--preset--spacing--70);padding-bottom:var(--wp--preset--spacing--70)\">\n<div class=\"wp-block-group came-box-title-and-image is-layout-flow wp-block-group-is-layout-flow\">\n<h2 class=\"wp-block-heading has-text-align-left title-with-line\"><strong><strong>200 System<\/strong><\/strong><\/h2>\n\n\n\n<figure class=\"wp-block-image size-full is-resized\"><img decoding=\"async\" src=\"https:\/\/www.came.com\/global\/wp-content\/uploads\/2024\/10\/1729160315461-7ef9001a-3882-404a-aa79-86caa7c1ad68_1.jpg\" alt=\"\" class=\"wp-image-10434\" style=\"width:70px\"\/><\/figure>\n<\/div>\n\n\n\n<div class=\"wp-block-columns is-layout-flex wp-container-core-columns-is-layout-5 wp-block-columns-is-layout-flex\" style=\"margin-bottom:var(--wp--preset--spacing--70)\">\n<div class=\"wp-block-column is-layout-flow wp-block-column-is-layout-flow\">\n<figure class=\"wp-block-image size-full image-fit-cover\"><img decoding=\"async\" src=\"https:\/\/www.came.com\/global\/wp-content\/uploads\/2024\/12\/200.jpg\" alt=\"\" class=\"wp-image-11663\"\/><\/figure>\n<\/div>\n\n\n\n<div class=\"wp-block-column is-layout-flow wp-block-column-is-layout-flow\">\n<p class=\"has-medium-font-size\">Le syst\u00e8me 200 est une solution audio uniquement con\u00e7ue pour les installations o\u00f9 le budget est une pr\u00e9occupation majeure. Il utilise la technologie multiconducteurs et offre des fonctionnalit\u00e9s d&rsquo;interphone de base. Ses principales caract\u00e9ristiques sont les suivantes :<\/p>\n\n\n\n<ul>\n<li class=\"has-medium-font-size\"><strong>Fonction interphone<\/strong> avec jusqu&rsquo;\u00e0 6 appels internes.<\/li>\n\n\n\n<li class=\"has-medium-font-size\">Distance de <strong>250 m\u00e8tres<\/strong> entre les panneaux d&rsquo;entr\u00e9e et les r\u00e9cepteurs internes.<\/li>\n\n\n\n<li class=\"has-medium-font-size\">Installation simple \u00e0 l&rsquo;aide de <strong>3 conducteurs<\/strong>, dont un d\u00e9di\u00e9 \u00e0 chaque appel.<\/li>\n<\/ul>\n\n\n\n<p class=\"has-medium-font-size\">D\u00e9couvrez la s\u00e9rie <a href=\"\/fr\/produits\/interphone-video-recepteurs-internes-agt-audio\/\">AGT Audio<\/a>.<\/p>\n<\/div>\n<\/div>\n<\/div>\n<\/div>\n\n\n\n<div class=\"wp-block-group alignfull came-box-downloads has-came-cyan-background-color has-background is-layout-flow wp-block-group-is-layout-flow\" style=\"padding-top:var(--wp--preset--spacing--80);padding-bottom:var(--wp--preset--spacing--80)\">\n<div class=\"wp-block-group is-layout-flow wp-block-group-is-layout-flow\" style=\"padding-bottom:var(--wp--preset--spacing--70)\">\n<h2 class=\"wp-block-heading has-text-align-center has-white-color has-text-color has-link-color has-came-font-font-family has-medium-font-size wp-elements-8b4efb91631037b5aca096488acd845d\">T\u00e9l\u00e9charger la brochure sur les syst\u00e8mes<\/h2>\n<\/div>\n\n\n\n<div class=\"wp-block-group alignwide came-box-downloads-container is-layout-flow wp-block-group-is-layout-flow\">\n<div class=\"wp-block-group came-download-item has-white-background-color has-background is-layout-flow wp-block-group-is-layout-flow\">\n<p><a href=\"https:\/\/came-share.thron.com\/page?id=c963d014-8a09-49f3-a1bd-61de4cab0a75\">T\u00c9L\u00c9CHARGER<br>DOCUMENT TECHNIQUE<\/a><\/p>\n<\/div>\n<\/div>\n<\/div>\n","protected":false},"excerpt":{"rendered":"<p>Pr\u00e9sentation des syst\u00e8mes d&rsquo;entr\u00e9e vid\u00e9o CAME propose une gamme compl\u00e8te de syst\u00e8mes d&rsquo;entr\u00e9e vid\u00e9o, chacun con\u00e7u pour r\u00e9pondre aux besoins de diff\u00e9rents environnements, des petites r\u00e9sidences aux grands complexes commerciaux. Voici un aper\u00e7u des principaux syst\u00e8mes disponibles. X1 System Le syst\u00e8me X1 est une solution d&rsquo;entr\u00e9e vid\u00e9o \u00e0 deux fils simple mais puissante, id\u00e9ale pour [&hellip;]<\/p>\n","protected":false},"author":6,"featured_media":0,"parent":0,"menu_order":0,"comment_status":"closed","ping_status":"closed","template":"page_template-without-title.php","meta":{"elastic_search":"","powered_cache_disable_cache":false,"footnotes":""},"_links":{"self":[{"href":"https:\/\/www.came.com\/fr\/wp-json\/wp\/v2\/pages\/14308"}],"collection":[{"href":"https:\/\/www.came.com\/fr\/wp-json\/wp\/v2\/pages"}],"about":[{"href":"https:\/\/www.came.com\/fr\/wp-json\/wp\/v2\/types\/page"}],"author":[{"embeddable":true,"href":"https:\/\/www.came.com\/fr\/wp-json\/wp\/v2\/users\/6"}],"replies":[{"embeddable":true,"href":"https:\/\/www.came.com\/fr\/wp-json\/wp\/v2\/comments?post=14308"}],"version-history":[{"count":2,"href":"https:\/\/www.came.com\/fr\/wp-json\/wp\/v2\/pages\/14308\/revisions"}],"predecessor-version":[{"id":14311,"href":"https:\/\/www.came.com\/fr\/wp-json\/wp\/v2\/pages\/14308\/revisions\/14311"}],"wp:attachment":[{"href":"https:\/\/www.came.com\/fr\/wp-json\/wp\/v2\/media?parent=14308"}],"curies":[{"name":"wp","href":"https:\/\/api.w.org\/{rel}","templated":true}]}}