{"id":13324,"date":"2025-06-27T16:18:06","date_gmt":"2025-06-27T14:18:06","guid":{"rendered":"https:\/\/www.came.com\/fr\/?page_id=13324"},"modified":"2025-06-27T16:41:31","modified_gmt":"2025-06-27T14:41:31","slug":"formulaire-candidats","status":"publish","type":"page","link":"https:\/\/www.came.com\/fr\/formulaire-candidats\/","title":{"rendered":"Formulaire candidats"},"content":{"rendered":"\n<div class=\"wp-block-cover alignfull\" style=\"margin-bottom:var(--wp--preset--spacing--70)\"><span aria-hidden=\"true\" class=\"wp-block-cover__background has-dark-grey-background-color has-background-dim-0 has-background-dim\"><\/span><img decoding=\"async\" class=\"wp-block-cover__image-background wp-image-14466\" alt=\"\" src=\"https:\/\/www.came.com\/it\/wp-content\/uploads\/2025\/03\/join-us_3038x1076-2048x725-1.jpg\" data-object-fit=\"cover\"\/><div class=\"wp-block-cover__inner-container has-global-padding is-layout-constrained wp-block-cover-is-layout-constrained\">\n<h4 class=\"wp-block-heading has-text-align-center has-medium-font-size\"><strong><strong>CANDIDATS<\/strong><\/strong><\/h4>\n\n\n\n<h4 class=\"wp-block-heading has-text-align-center has-large-font-size\"><strong><strong>ENTREZ VOS DONN\u00c9ES ET ENVOYEZ-NOUS VOTRE CANDIDATURE<\/strong><\/strong><\/h4>\n<\/div><\/div>\n\n\n\n<div class=\"forminator-guttenberg\"><div class=\"forminator-ui forminator-custom-form forminator-custom-form-13327 forminator-design--default  forminator_ajax\" data-forminator-render=\"0\" data-form=\"forminator-module-13327\" data-uid=\"69d9c250a6883\"><br\/><\/div><form\n\t\t\t\tid=\"forminator-module-13327\"\n\t\t\t\tclass=\"forminator-ui forminator-custom-form forminator-custom-form-13327 forminator-design--default  forminator_ajax\"\n\t\t\t\tmethod=\"post\"\n\t\t\t\tdata-forminator-render=\"0\"\n\t\t\t\tdata-form-id=\"13327\"\n\t\t\t\t\n\t\t\t\tdata-design=\"default\"\n\t\t\t\t\n\t\t\t\t\n\t\t\t\t\n\t\t\t\tdata-grid=\"open\"\n\t\t\t\tenctype=\"multipart\/form-data\"\n\t\t\t\t\n\t\t\t\tstyle=\"display: none;\"\n\t\t\t\t\n\t\t\t\tdata-uid=\"69d9c250a6883\"\n\t\t\t><div role=\"alert\" aria-live=\"polite\" class=\"forminator-response-message forminator-error\" aria-hidden=\"true\"><\/div><div class=\"forminator-row\"><div id=\"name-1\" class=\"forminator-field-name forminator-col forminator-col-12 \"><div class=\"forminator-field\"><label for=\"forminator-field-name-1_69d9c250a6883\" id=\"forminator-field-name-1_69d9c250a6883-label\" class=\"forminator-label\">NOM <span class=\"forminator-required\">*<\/span><\/label><input type=\"text\" name=\"name-1\" value=\"\" placeholder=\"E.g. John Doe\" id=\"forminator-field-name-1_69d9c250a6883\" class=\"forminator-input forminator-name--field\" aria-required=\"true\" \/><\/div><\/div><\/div><div class=\"forminator-row\"><div id=\"email-1\" class=\"forminator-field-email forminator-col forminator-col-6 \"><div class=\"forminator-field\"><label for=\"forminator-field-email-1_69d9c250a6883\" id=\"forminator-field-email-1_69d9c250a6883-label\" class=\"forminator-label\">ADRESSE COURRIEL <span class=\"forminator-required\">*<\/span><\/label><input type=\"email\" name=\"email-1\" value=\"\" placeholder=\"E.g. john@doe.com\" id=\"forminator-field-email-1_69d9c250a6883\" class=\"forminator-input forminator-email--field\" data-required=\"1\" aria-required=\"true\" \/><\/div><\/div><div id=\"phone-1\" class=\"forminator-field-phone forminator-col forminator-col-6 \"><div class=\"forminator-field\"><label for=\"forminator-field-phone-1_69d9c250a6883\" id=\"forminator-field-phone-1_69d9c250a6883-label\" class=\"forminator-label\">T\u00c9L\u00c9PHONE <span class=\"forminator-required\">*<\/span><\/label><input type=\"text\" name=\"phone-1\" value=\"\" placeholder=\"E.g. +1 300 400 5000\" id=\"forminator-field-phone-1_69d9c250a6883\" class=\"forminator-input forminator-field--phone\" data-required=\"1\" aria-required=\"true\" autocomplete=\"off\" \/><\/div><\/div><\/div><div class=\"forminator-row\"><div id=\"select-1\" class=\"forminator-field-select forminator-col forminator-col-12 \"><div class=\"forminator-field\"><label for=\"forminator-form-13327__field--select-1_69d9c250a6883\" id=\"forminator-form-13327__field--select-1_69d9c250a6883-label\" class=\"forminator-label\">Offre \u00e0 laquelle je postule<\/label><select id=\"forminator-form-13327__field--select-1_69d9c250a6883\" class=\"forminator-select--field forminator-select2\" data-required=\"\" name=\"select-1\" data-default-value=\"\" data-hidden-behavior=\"zero\" data-placeholder=\"Offre\" data-search=\"false\" aria-labelledby=\"forminator-form-13327__field--select-1_69d9c250a6883-label\" aria-describedby=\"forminator-form-13327__field--select-1_69d9c250a6883-description\"><option value=\"\">Offre<\/option><option value=\"Application spontan\u00e9e\"  data-calculation=\"0\">Application spontan\u00e9e<\/option><option value=\"Technicien de maintenance \u00e9lectrom\u00e9canique\"  data-calculation=\"0\">Technicien de maintenance \u00e9lectrom\u00e9canique<\/option><option value=\"Sp\u00e9cialiste en ing\u00e9nierie \u00e9lectronique\"  data-calculation=\"0\">Sp\u00e9cialiste en ing\u00e9nierie \u00e9lectronique<\/option><option value=\"Op\u00e9rateur de ligne SMT\"  data-calculation=\"0\">Op\u00e9rateur de ligne SMT<\/option><option value=\"Planificateur de production\"  data-calculation=\"0\">Planificateur de production<\/option><option value=\"Stade Candidatura\"  data-calculation=\"0\">Stade Candidatura<\/option><option value=\"D\u00e9veloppeur d&#039;applications\"  data-calculation=\"0\">D\u00e9veloppeur d'applications<\/option><option value=\"Sp\u00e9cialiste du service \u00e0 la client\u00e8le en logistique\"  data-calculation=\"0\">Sp\u00e9cialiste du service \u00e0 la client\u00e8le en logistique<\/option><option value=\"Jeune dipl\u00f4m\u00e9 en ing\u00e9nierie de gestion\"  data-calculation=\"0\">Jeune dipl\u00f4m\u00e9 en ing\u00e9nierie de gestion<\/option><option value=\"D\u00e9veloppeur Linux embarqu\u00e9\"  data-calculation=\"0\">D\u00e9veloppeur Linux embarqu\u00e9<\/option><option value=\"Jeune dipl\u00f4m\u00e9 en ing\u00e9nierie \u00e9lectronique\"  data-calculation=\"0\">Jeune dipl\u00f4m\u00e9 en ing\u00e9nierie \u00e9lectronique<\/option><option value=\"Sp\u00e9cialiste mondial de la conformit\u00e9\"  data-calculation=\"0\">Sp\u00e9cialiste mondial de la conformit\u00e9<\/option><option value=\"Service Desk TIC junior\"  data-calculation=\"0\">Service Desk TIC junior<\/option><\/select><\/div><\/div><\/div><div class=\"forminator-row\"><div id=\"upload-1\" class=\"forminator-field-upload forminator-col forminator-col-12 \"><div class=\"forminator-field\"><label for=\"forminator-field-upload-1_69d9c250a6883\" id=\"forminator-field-upload-1_69d9c250a6883-label\" class=\"forminator-label\">T\u00c9L\u00c9CHARGEZ VOTRE CV <span class=\"forminator-required\">*<\/span><\/label><div class=\"forminator-file-upload \" data-element=\"upload-1_69d9c250a6883\" aria-describedby=\"forminator-field-upload-1_69d9c250a6883-description\"><input type=\"file\" name=\"upload-1\" id=\"forminator-field-upload-1_69d9c250a6883\" class=\"forminator-input-file-required do-validate\" accept=\".jpg,.jpeg,.jpe,.gif,.png,.bmp,.tiff,.tif,.webp,.ico,.heic,.asf,.asx,.wmv,.wmx,.wm,.avi,.divx,.flv,.mov,.qt,.mpeg,.mpg,.mpe,.mp4,.m4v,.ogv,.webm,.mkv,.3gp,.3gpp,.3g2,.3gp2,.txt,.asc,.c,.cc,.h,.srt,.csv,.tsv,.ics,.rtx,.css,.htm,.html,.vtt,.dfxp,.mp3,.m4a,.m4b,.aac,.ra,.ram,.wav,.ogg,.oga,.flac,.mid,.midi,.wma,.wax,.mka,.rtf,.js,.pdf,.class,.tar,.zip,.gz,.gzip,.rar,.7z,.psd,.xcf,.doc,.pot,.pps,.ppt,.wri,.xla,.xls,.xlt,.xlw,.mdb,.mpp,.docx,.docm,.dotx,.dotm,.xlsx,.xlsm,.xlsb,.xltx,.xltm,.xlam,.pptx,.pptm,.ppsx,.ppsm,.potx,.potm,.ppam,.sldx,.sldm,.onetoc,.onetoc2,.onetmp,.onepkg,.oxps,.xps,.odt,.odp,.ods,.odg,.odc,.odb,.odf,.wp,.wpd,.key,.numbers,.pages\"><button id=\"forminator-field-upload-1_69d9c250a6883_button\" class=\"forminator-button forminator-button-upload\" data-id=\"forminator-field-upload-1_69d9c250a6883\">Choisissez un fichier<\/button><span data-empty-text=\"Aucun fichier s\u00e9lectionn\u00e9\">Aucun fichier s\u00e9lectionn\u00e9<\/span><button class=\"forminator-button-delete\" style=\"display: none;\"><i class=\"forminator-icon-close\" aria-hidden=\"true\"><\/i><span class=\"forminator-screen-reader-only\">Supprimer le fichier t\u00e9l\u00e9vers\u00e9<\/span><\/button><\/div><\/div><\/div><\/div><div class=\"forminator-row\"><div id=\"captcha-1\" class=\"forminator-field-captcha forminator-col forminator-col-6 \"><div class=\"forminator-g-recaptcha\" data-theme=\"light\"  data-sitekey=\"6Lc5IL4pAAAAANOn8KTTdmazMhjf54FY0u4nXnGP\" data-size=\"normal\"><\/div> <\/div><div id=\"checkbox-1\" class=\"forminator-field-checkbox forminator-col forminator-col-6 \"><div role=\"group\" class=\"forminator-field\" aria-labelledby=\"forminator-checkbox-group-69d9c250a6883-label\"><label id=\"forminator-field-checkbox-1-1-69d9c250a6883-label\" for=\"forminator-field-checkbox-1-1-69d9c250a6883\" class=\"forminator-checkbox\" title=\"JE D\u00c9CLARE AVOIR PRIS CONNAISSANCE DES INFORMATIONS SUR LE TRAITEMENT DES DONN\u00c9ES PERSONNELLES\"><input type=\"checkbox\" name=\"checkbox-1[]\" value=\"one\" id=\"forminator-field-checkbox-1-1-69d9c250a6883\" aria-labelledby=\"forminator-field-checkbox-1-1-69d9c250a6883-label\" data-calculation=\"0\"   data-hidden-behavior=\"zero\" aria-describedby=\"forminator-field-checkbox-1-69d9c250a6883-description\"\/><span class=\"forminator-checkbox-box\" aria-hidden=\"true\"><\/span><span class=\"forminator-checkbox-label\">JE D\u00c9CLARE AVOIR PRIS CONNAISSANCE DES INFORMATIONS SUR LE TRAITEMENT DES DONN\u00c9ES PERSONNELLES<\/span><\/label><\/div><\/div><\/div><input type=\"hidden\" name=\"referer_url\" value=\"\" \/><div class=\"forminator-row forminator-row-last\"><div class=\"forminator-col\"><div class=\"forminator-field\"><button class=\"forminator-button forminator-button-submit\">ENVOYER UN MESSAGE<\/button><\/div><\/div><\/div><input type=\"hidden\" id=\"forminator_nonce\" name=\"forminator_nonce\" value=\"5693d1e4e1\" \/><input type=\"hidden\" name=\"_wp_http_referer\" value=\"\/fr\/wp-json\/wp\/v2\/pages\/13324\" \/><input type=\"hidden\" name=\"form_id\" value=\"13327\"><input type=\"hidden\" name=\"page_id\" value=\"13324\"><input type=\"hidden\" name=\"form_type\" value=\"default\"><input type=\"hidden\" name=\"current_url\" value=\"https:\/\/www.came.com\/fr\/formulaire-candidats\/\"><input type=\"hidden\" name=\"render_id\" value=\"0\"><input type=\"hidden\" name=\"action\" value=\"forminator_submit_form_custom-forms\"><\/form><\/div>\n","protected":false},"excerpt":{"rendered":"","protected":false},"author":6,"featured_media":0,"parent":0,"menu_order":0,"comment_status":"closed","ping_status":"closed","template":"page_template-without-title.php","meta":{"elastic_search":"","powered_cache_disable_cache":false,"footnotes":""},"_links":{"self":[{"href":"https:\/\/www.came.com\/fr\/wp-json\/wp\/v2\/pages\/13324"}],"collection":[{"href":"https:\/\/www.came.com\/fr\/wp-json\/wp\/v2\/pages"}],"about":[{"href":"https:\/\/www.came.com\/fr\/wp-json\/wp\/v2\/types\/page"}],"author":[{"embeddable":true,"href":"https:\/\/www.came.com\/fr\/wp-json\/wp\/v2\/users\/6"}],"replies":[{"embeddable":true,"href":"https:\/\/www.came.com\/fr\/wp-json\/wp\/v2\/comments?post=13324"}],"version-history":[{"count":3,"href":"https:\/\/www.came.com\/fr\/wp-json\/wp\/v2\/pages\/13324\/revisions"}],"predecessor-version":[{"id":13329,"href":"https:\/\/www.came.com\/fr\/wp-json\/wp\/v2\/pages\/13324\/revisions\/13329"}],"wp:attachment":[{"href":"https:\/\/www.came.com\/fr\/wp-json\/wp\/v2\/media?parent=13324"}],"curies":[{"name":"wp","href":"https:\/\/api.w.org\/{rel}","templated":true}]}}