{"id":12804,"date":"2025-06-05T10:58:05","date_gmt":"2025-06-05T08:58:05","guid":{"rendered":"https:\/\/www.came.com\/fr\/?page_id=12804"},"modified":"2025-06-05T10:58:09","modified_gmt":"2025-06-05T08:58:09","slug":"politique-de-cookies","status":"publish","type":"page","link":"https:\/\/www.came.com\/fr\/politique-de-cookies\/","title":{"rendered":"Politique de cookies"},"content":{"rendered":"\n<p>REV.00 &#8211; 22\/10\/2018<\/p>\n\n\n\n<p>Le site web&nbsp;<a href=\"http:\/\/www.came.com\/fr\">www.came.com\/fr<\/a>&nbsp;&nbsp;utilise des&nbsp;<em>cookies&nbsp;<\/em>et des technologies similaires pour garantir le bon fonctionnement des proc\u00e9dures et am\u00e9liorer l\u2019exp\u00e9rience d\u2019utilisation des applications \u00e9ventuellement en ligne.<\/p>\n\n\n\n<h3 class=\"wp-block-heading\"><strong>(1)&nbsp;&nbsp;&nbsp;&nbsp;&nbsp;&nbsp; Les Titulaires du traitement<\/strong><\/h3>\n\n\n\n<p>Le pr\u00e9sent document fournit des informations sur l\u2019utilisation des&nbsp;<em>cookies<\/em>&nbsp;et de technologies similaires, sur la fa\u00e7on dont ces technologies sont utilis\u00e9es par Came France, C.F. \/&nbsp;N\u00b0 TVA 03481280265&nbsp;\u2013&nbsp;ZAC des Bois Rochefort, 3 all\u00e9e du 7\u00e8me Art, CS 50030, 95240 Cormeilles-en Parisis&nbsp;et peuvent \u00eatre g\u00e9r\u00e9es par les utilisateurs.<\/p>\n\n\n\n<h3 class=\"wp-block-heading\"><strong>(2)&nbsp;&nbsp;&nbsp;&nbsp;&nbsp;&nbsp; Pr\u00e9ambule et d\u00e9finitions<\/strong><\/h3>\n\n\n\n<p>Le<strong>&nbsp;<\/strong><em>Cookie<\/em><\/p>\n\n\n\n<p>Un&nbsp;<em>cookie<\/em>&nbsp;est un court texte envoy\u00e9 \u00e0 votre navigateur par un site web visit\u00e9. Il permet au site de m\u00e9moriser des informations sur votre visite, comme votre langue pr\u00e9f\u00e9r\u00e9e et d\u2019autres param\u00e8tres. Ceci peut faciliter votre visite successive et augmenter l\u2019utilit\u00e9 du site en votre faveur. Les&nbsp;<em>cookies&nbsp;<\/em>jouent un r\u00f4le important. Sans eux, l\u2019utilisation de la toile serait une exp\u00e9rience beaucoup plus frustrante. Les&nbsp;<em>cookies&nbsp;<\/em>sont utilis\u00e9s pour plusieurs fins. Nous les utilisons, par exemple, pour compter le nombre de visiteurs que nous recevons sur une page, pour vous aider \u00e0 nous contacter et en g\u00e9n\u00e9ral pour essayer de fournir un service toujours meilleur.<\/p>\n\n\n\n<p>Ci-apr\u00e8s vous trouverez une br\u00e8ve explication sur les types de&nbsp;<em>cookies<\/em>&nbsp;qui peuvent \u00eatre utilis\u00e9s.<\/p>\n\n\n\n<p><em>Cookies<\/em><strong>&nbsp;<\/strong><em>techniques<\/em><\/p>\n\n\n\n<p>Cette typologie de&nbsp;<em>cookies&nbsp;<\/em>permet le bon fonctionnement de certaines sections du Site. Ils seront donc toujours utilis\u00e9s et envoy\u00e9s, \u00e0 moins que l\u2019utilisateur ne modifie pas les param\u00e8tres dans son navigateur (voir le paragraphe ci-dessous) au d\u00e9triment de la fonctionnalit\u00e9 du site.<\/p>\n\n\n\n<p>Les&nbsp;<em>cookies&nbsp;<\/em>techniques se distinguent en :<\/p>\n\n\n\n<p><em>cookies<\/em>&nbsp;persistants : qui, une fois le navigateur ferm\u00e9, ne sont pas d\u00e9truits mais restent jusqu\u2019\u00e0 une date d\u2019expiration pr\u00e9-param\u00e9tr\u00e9e&nbsp;;<\/p>\n\n\n\n<p><em>cookies<\/em>&nbsp;de session : qui sont d\u00e9truits chaque fois que le navigateur est ferm\u00e9.<\/p>\n\n\n\n<p><em>Cookies<\/em><strong>&nbsp;<\/strong><em>analytiques<\/em><\/p>\n\n\n\n<p>Les&nbsp;<em>cookies&nbsp;<\/em>de cette cat\u00e9gorie sont utilis\u00e9s pour collecter des informations sur l\u2019utilisation du site. Ces informations permettent des analyses statistiques anonymes.<\/p>\n\n\n\n<p>Les&nbsp;<em>cookies&nbsp;<\/em>analytiques sont envoy\u00e9s par le Site ou par des domaines de tierces parties.<\/p>\n\n\n\n<p><em>Cookies<\/em>&nbsp;<em>d\u2019analyse de services de tierces parties<\/em><\/p>\n\n\n\n<p>Ces&nbsp;<em>cookies&nbsp;<\/em>sont utilis\u00e9s afin de collecter des informations sur l\u2019utilisation du Site par les utilisateurs sous une forme anonyme. Parmi ces informations nous trouvons&nbsp;: les pages visit\u00e9es, le temps de permanence, les origines du trafic de provenance, la provenance g\u00e9ographique, l\u2019\u00e2ge, le genre et les int\u00e9r\u00eats aux fins de campagnes de&nbsp;<em>marketing<\/em>. Ces&nbsp;<em>cookies&nbsp;<\/em>sont envoy\u00e9s par des domaines de tierces parties ext\u00e9rieurs au Site.<\/p>\n\n\n\n<p><em>Cookies<\/em>&nbsp;<em>pour int\u00e9grer des produits et des fonctions de logiciels de tierces parties<\/em><\/p>\n\n\n\n<p>Cette typologie de&nbsp;<em>cookies&nbsp;<\/em>int\u00e8gre des fonctionnalit\u00e9s d\u00e9velopp\u00e9es par des tiers \u00e0 l\u2019int\u00e9rieur des pages du Site comme les ic\u00f4nes et les pr\u00e9f\u00e9rences exprim\u00e9es sur les r\u00e9seaux sociaux afin de partager des contenus du site ou pour l\u2019utilisation de services logiciels de tierces parties (tels les logiciels pour g\u00e9n\u00e9rer les plans et d\u2019autres logiciels offrant des services suppl\u00e9mentaires). Ces&nbsp;<em>cookies&nbsp;<\/em>sont envoy\u00e9s par des domaines de tierces parties et par des sites partenaires qui offrent leurs fonctionnalit\u00e9s dans les pages du Site.<\/p>\n\n\n\n<p><em>Cookies de profilage<\/em><\/p>\n\n\n\n<p>Ce sont les&nbsp;<em>cookies<\/em>&nbsp;n\u00e9cessaires pour cr\u00e9er des profils d\u2019utilisateurs afin d\u2019envoyer des messages publicitaires conformes aux pr\u00e9f\u00e9rences manifest\u00e9es par l\u2019utilisateur \u00e0 l\u2019int\u00e9rieur des pages du site web. Ce site ne pr\u00e9sente pas de&nbsp;<em>cookies&nbsp;<\/em>de profilage.<\/p>\n\n\n\n<p>Ci-apr\u00e8s vous pouvez visualiser une liste des types de cookies utilis\u00e9s sur came.com : &nbsp;&nbsp;<\/p>\n\n\n\n<p><em>Cookie<\/em><\/p>\n\n\n\n<p><strong>Typologie<\/strong><\/p>\n\n\n\n<p><strong>Dur\u00e9e<\/strong><\/p>\n\n\n\n<p><strong>Description<\/strong><\/p>\n\n\n\n<p>has_js<\/p>\n\n\n\n<p>Technique<\/p>\n\n\n\n<p>De session<\/p>\n\n\n\n<p>V\u00e9rifier si JavaScript est activ\u00e9 pour le navigateur utilis\u00e9<\/p>\n\n\n\n<p>PHPSESSID<\/p>\n\n\n\n<p>Technique<\/p>\n\n\n\n<p>De session<\/p>\n\n\n\n<p>Le&nbsp;<em>cookie<\/em>&nbsp;PHPSESSID est un&nbsp;<em>cookie<\/em>&nbsp;natif de PHP et permet aux sites Web de m\u00e9moriser des donn\u00e9es sur l\u2019\u00e9tat de la s\u00e9rialisation. Dans le site Web il est utilis\u00e9 pour \u00e9tablir une session utilisateur et pour communiquer les donn\u00e9es sur l\u2019\u00e9tat par le biais d\u2019un&nbsp;<em>cookie<\/em>&nbsp;temporaire commun\u00e9ment d\u00e9nomm\u00e9&nbsp;<em>cookie<\/em>&nbsp;de session. Puisque le&nbsp;<em>cookie<\/em>PHPSESSID n\u2019a pas d\u2019\u00e9ch\u00e9ance temporelle, il dispara\u00eet lorsqu\u2019on ferme le client.<\/p>\n\n\n\n<p>Zone<\/p>\n\n\n\n<p>Technique<\/p>\n\n\n\n<p>De session<\/p>\n\n\n\n<p>Cookie permettant de v\u00e9rifier la langue de la section r\u00e9serv\u00e9e \u00e0 laquelle on a acc\u00e9d\u00e9 et le rappeler \u00e0 l\u2019int\u00e9rieur de la session.<\/p>\n\n\n\n<p><em>COOKIES<\/em><strong>&nbsp;DE TIERCES PARTIES<\/strong><\/p>\n\n\n\n<p>Google analytics<\/p>\n\n\n\n<p>Veuillez consulter la Note d\u2019information sp\u00e9cifique :<\/p>\n\n\n\n<figure class=\"wp-block-embed\"><div class=\"wp-block-embed__wrapper\">\nhttps:\/\/www.google.com\/analytics\/learn\/privacy.html?hl=fr\n<\/div><\/figure>\n\n\n\n<p>Facebook<\/p>\n\n\n\n<p>Veuillez consulter la Note d\u2019information sp\u00e9cifique :<\/p>\n\n\n\n<figure class=\"wp-block-embed\"><div class=\"wp-block-embed__wrapper\">\nhttps:\/\/www.facebook.com\/policies\/cookies\n<\/div><\/figure>\n\n\n\n<h3 class=\"wp-block-heading\"><strong>(3)&nbsp;&nbsp;&nbsp;&nbsp;&nbsp;&nbsp;Gestion des&nbsp;<em>cookies<\/em>&nbsp;dans le navigateur<\/strong><\/h3>\n\n\n\n<p>Certains utilisateurs pr\u00e9f\u00e8rent ne pas habiliter les&nbsp;<em>cookies&nbsp;<\/em>et\/ou les d\u00e9shabiliter et pour cette raison la plupart des navigateurs offrent la possibilit\u00e9 de les g\u00e9rer de fa\u00e7on \u00e0 respecter les pr\u00e9f\u00e9rences des utilisateurs.<\/p>\n\n\n\n<p>Dans certains navigateurs il est possible de param\u00e9trer des r\u00e8gles pour g\u00e9rer les&nbsp;<em>cookies<\/em>&nbsp;site par site.<\/p>\n\n\n\n<p>Cette option offre \u00e0 l\u2019utilisateur un contr\u00f4le plus pr\u00e9cis sur ses donn\u00e9es personnelles, en lui permettant de d\u00e9shabiliter en g\u00e9n\u00e9ral les&nbsp;<em>cookies&nbsp;<\/em>sur tous les sites, \u00e0 l\u2019exception uniquement de certains qu\u2019il s\u00e9lectionne directement. &nbsp;<\/p>\n\n\n\n<p>Nous vous indiquons ci-apr\u00e8s les pages sur lesquelles vous pourrez approfondir les questions sp\u00e9cifiques pour les navigateurs les plus r\u00e9pandus :<\/p>\n\n\n\n<p><a href=\"https:\/\/support.mozilla.org\/fr\/kb\/cookies-informations-sites-enregistrent\">Firefox<\/a><\/p>\n\n\n\n<p><a href=\"https:\/\/support.microsoft.com\/fr-fr\/help\/17442\/windows-internet-explorer-delete-manage-cookies\">Internet Explorer<\/a><\/p>\n\n\n\n<p><a href=\"https:\/\/support.google.com\/chrome\/answer\/95647?hl=fr\">Chrome<\/a><\/p>\n\n\n\n<p><a href=\"https:\/\/support.apple.com\/kb\/ph5042?locale=fr_FR\">Safari<\/a><\/p>\n\n\n\n<p>Tous les principaux navigateurs modernes offrent en outre une modalit\u00e9 de navigation \u00ab&nbsp;priv\u00e9e&nbsp;\u00bb qui permet la navigation sur des sites web sans enregistrement des chronologies de navigation.<\/p>\n\n\n\n<h3 class=\"wp-block-heading\"><strong>(4)&nbsp;&nbsp;&nbsp;&nbsp;&nbsp;&nbsp; Syst\u00e8mes d\u2019exclusion<\/strong><\/h3>\n\n\n\n<p>Il est g\u00e9n\u00e9ralement possible de s\u2019opposer au traitement des donn\u00e9es personnelles \u00e0 des fins publicitaires par la plupart des grands fournisseurs d\u2019acc\u00e8s en utilisant la fonctionnalit\u00e9 disponible \u00e0 l\u2019adresse suivante :&nbsp;<a href=\"http:\/\/www.youronlinechoices.com\/fr\/controler-ses-cookies\/\">www.youronlinechoices.com\/fr\/controler-ses-cookies\/<\/a>&nbsp;et en suivant les instructions qui y sont contenues.<\/p>\n\n\n\n<p>Nous vous prions de noter que, m\u00eame en cas d\u2019exercice du droit d\u2019opposition, vous recevrez de toute fa\u00e7on des annonces publicitaires, mais vous ne recevrez plus d\u2019annonces personnalis\u00e9es par rapport \u00e0 vos int\u00e9r\u00eats.<\/p>\n\n\n\n<p>Certains syst\u00e8mes de tierces parties qui utilisent des&nbsp;<em>cookies&nbsp;<\/em>mettent \u00e0 la disposition des utilisateurs des outils aptes \u00e0 bloquer l\u2019installation de leurs&nbsp;<em>cookies.<\/em><\/p>\n\n\n\n<p>Ci-apr\u00e8s nous vous indiquons l\u2019outil mis \u00e0 disposition par Google pour bloquer les&nbsp;<em>cookies&nbsp;<\/em>li\u00e9s \u00e0 Google Analytics :&nbsp;<a href=\"https:\/\/tools.google.com\/dlpage\/gaoptout?hl=fr\">https:\/\/tools.google.com\/dlpage\/gaoptout?hl=fr<\/a><\/p>\n\n\n\n<p>*<\/p>\n\n\n\n<p>Le droit d\u2019opposition doit \u00eatre exerc\u00e9 une nouvelle fois si l\u2019utilisateur efface sa pr\u00e9f\u00e9rence exprim\u00e9e par rapport aux&nbsp;<em>cookies ou s\u2019il utilise un navigateur diff\u00e9rent<\/em>.<\/p>\n\n\n\n<p>***<\/p>\n\n\n\n<p>La pr\u00e9sente note d\u2019information est r\u00e9dig\u00e9e conform\u00e9ment au R\u00e8glement (UE) 2016\/679 et \u00e0 la Directive 2002\/58\/CE, telle que mise \u00e0 jour par la Directive 2009\/136\/CE et elle sera mise \u00e0 jour p\u00e9riodiquement par les Titulaires.<\/p>\n","protected":false},"excerpt":{"rendered":"<p>REV.00 &#8211; 22\/10\/2018 Le site web&nbsp;www.came.com\/fr&nbsp;&nbsp;utilise des&nbsp;cookies&nbsp;et des technologies similaires pour garantir le bon fonctionnement des proc\u00e9dures et am\u00e9liorer l\u2019exp\u00e9rience d\u2019utilisation des applications \u00e9ventuellement en ligne. (1)&nbsp;&nbsp;&nbsp;&nbsp;&nbsp;&nbsp; Les Titulaires du traitement Le pr\u00e9sent document fournit des informations sur l\u2019utilisation des&nbsp;cookies&nbsp;et de technologies similaires, sur la fa\u00e7on dont ces technologies sont utilis\u00e9es par Came France, C.F. [&hellip;]<\/p>\n","protected":false},"author":6,"featured_media":0,"parent":0,"menu_order":0,"comment_status":"closed","ping_status":"closed","template":"page_template-without-title.php","meta":{"elastic_search":"","powered_cache_disable_cache":false,"footnotes":""},"_links":{"self":[{"href":"https:\/\/www.came.com\/fr\/wp-json\/wp\/v2\/pages\/12804"}],"collection":[{"href":"https:\/\/www.came.com\/fr\/wp-json\/wp\/v2\/pages"}],"about":[{"href":"https:\/\/www.came.com\/fr\/wp-json\/wp\/v2\/types\/page"}],"author":[{"embeddable":true,"href":"https:\/\/www.came.com\/fr\/wp-json\/wp\/v2\/users\/6"}],"replies":[{"embeddable":true,"href":"https:\/\/www.came.com\/fr\/wp-json\/wp\/v2\/comments?post=12804"}],"version-history":[{"count":1,"href":"https:\/\/www.came.com\/fr\/wp-json\/wp\/v2\/pages\/12804\/revisions"}],"predecessor-version":[{"id":12805,"href":"https:\/\/www.came.com\/fr\/wp-json\/wp\/v2\/pages\/12804\/revisions\/12805"}],"wp:attachment":[{"href":"https:\/\/www.came.com\/fr\/wp-json\/wp\/v2\/media?parent=12804"}],"curies":[{"name":"wp","href":"https:\/\/api.w.org\/{rel}","templated":true}]}}