{"id":12800,"date":"2025-06-05T10:56:34","date_gmt":"2025-06-05T08:56:34","guid":{"rendered":"https:\/\/www.came.com\/fr\/?page_id=12800"},"modified":"2025-06-05T10:56:37","modified_gmt":"2025-06-05T08:56:37","slug":"conditions-utilisation","status":"publish","type":"page","link":"https:\/\/www.came.com\/fr\/conditions-utilisation\/","title":{"rendered":"Conditions utilisation"},"content":{"rendered":"\n<p>REV.00 &#8211; 16\/10\/2018<\/p>\n\n\n\n<h2 class=\"wp-block-heading\">Utilisation d&rsquo;images, de signes distinctifs, de logos et d&rsquo;autres biens immat\u00e9riels appartenant \u00e0 Came S.p.A.<\/h2>\n\n\n\n<p>Sous r\u00e9serve d&rsquo;une autorisation \u00e9crite de la part de Came S.p.A. (dor\u00e9navant d\u00e9nomm\u00e9e \u00ab Came \u00bb), l\u2019utilisateur s&rsquo;engage \u00e0 ne pas utiliser les images et les logos Came pr\u00e9sents sur le site&nbsp;<strong>www.came.com<\/strong>, conform\u00e9ment \u00e0 la norme en vigueur en mati\u00e8re de protection de la propri\u00e9t\u00e9 intellectuelle et industrielle, et sur lesquels Came a un droit d&rsquo;utilisation exclusif (dor\u00e9navant d\u00e9nomm\u00e9s \u00ab images et logos Came \u00bb), et s&rsquo;engage en outre \u00e0 remplir les conditions suivantes :<\/p>\n\n\n\n<ol>\n<li>L\u2019utilisateur s&rsquo;engage \u00e0 ne pas effectuer l&rsquo;enregistrement des images et des logos Came ni \u00e0 autoriser et\/ou favoriser ce dernier de la part de tiers.<\/li>\n\n\n\n<li>L\u2019utilisateur ne pourra pas ins\u00e9rer les images et les logos Came dans sa soci\u00e9t\u00e9, enseigne et\/ou d\u00e9nomination sociale ni utiliser aucun mot, signe, marque, logo ou domaine identique ou semblable aux images et aux logos Came, ou susceptible d&rsquo;\u00eatre confondu avec les images et les logos Came.<\/li>\n\n\n\n<li>Came se r\u00e9serve le droit de demander \u00e0 l&rsquo;utilisateur, \u00e0 tout moment et pour quelque motif que ce soit, la suppression, aux frais de ce dernier, de r\u00e9f\u00e9rences portant atteinte au nom et \u00e0 la r\u00e9putation de Came et du groupe auquel elle appartient.<\/li>\n\n\n\n<li>L\u2019utilisateur devra indemniser et d\u00e9gager Came, ainsi que les soci\u00e9t\u00e9s y \u00e9tant li\u00e9es ou les soci\u00e9t\u00e9s contr\u00f4l\u00e9es par cette derni\u00e8re, ses repr\u00e9sentants, employ\u00e9s, collaborateurs, partenaires et industriels r\u00e9unis en consortium, de toute perte, dommage, responsabilit\u00e9, frais de proc\u00e8s (y compris les honoraires) ou de toute pr\u00e9tention de la part de tiers, d\u00e9rivant de l&rsquo;utilisation illicite des images et des logos Came, et de toute r\u00e9f\u00e9rence portant atteinte au nom et \u00e0 la r\u00e9putation de Came, du groupe Came Group S.p.A., de ses filiales et de ses actionnaires et\/ou administrateurs.<\/li>\n\n\n\n<li>Tout litige se rapportant aux conditions d&rsquo;utilisation mentionn\u00e9es dans le pr\u00e9sent document sera r\u00e9gi selon les normes du droit italien. Tout litige sera soumis \u00e0 la juridiction italienne et sera de la comp\u00e9tence exclusive du Tribunal de Tr\u00e9vise (Italie). Came se r\u00e9serve quoiqu&rsquo;il en soit le droit de citer l&rsquo;utilisateur devant les tribunaux du pays o\u00f9 celui-ci r\u00e9side ou a son si\u00e8ge social.<\/li>\n<\/ol>\n","protected":false},"excerpt":{"rendered":"<p>REV.00 &#8211; 16\/10\/2018 Utilisation d&rsquo;images, de signes distinctifs, de logos et d&rsquo;autres biens immat\u00e9riels appartenant \u00e0 Came S.p.A. Sous r\u00e9serve d&rsquo;une autorisation \u00e9crite de la part de Came S.p.A. (dor\u00e9navant d\u00e9nomm\u00e9e \u00ab Came \u00bb), l\u2019utilisateur s&rsquo;engage \u00e0 ne pas utiliser les images et les logos Came pr\u00e9sents sur le site&nbsp;www.came.com, conform\u00e9ment \u00e0 la norme en [&hellip;]<\/p>\n","protected":false},"author":6,"featured_media":0,"parent":0,"menu_order":0,"comment_status":"closed","ping_status":"closed","template":"page_template-without-title.php","meta":{"elastic_search":"","powered_cache_disable_cache":false,"footnotes":""},"_links":{"self":[{"href":"https:\/\/www.came.com\/fr\/wp-json\/wp\/v2\/pages\/12800"}],"collection":[{"href":"https:\/\/www.came.com\/fr\/wp-json\/wp\/v2\/pages"}],"about":[{"href":"https:\/\/www.came.com\/fr\/wp-json\/wp\/v2\/types\/page"}],"author":[{"embeddable":true,"href":"https:\/\/www.came.com\/fr\/wp-json\/wp\/v2\/users\/6"}],"replies":[{"embeddable":true,"href":"https:\/\/www.came.com\/fr\/wp-json\/wp\/v2\/comments?post=12800"}],"version-history":[{"count":1,"href":"https:\/\/www.came.com\/fr\/wp-json\/wp\/v2\/pages\/12800\/revisions"}],"predecessor-version":[{"id":12801,"href":"https:\/\/www.came.com\/fr\/wp-json\/wp\/v2\/pages\/12800\/revisions\/12801"}],"wp:attachment":[{"href":"https:\/\/www.came.com\/fr\/wp-json\/wp\/v2\/media?parent=12800"}],"curies":[{"name":"wp","href":"https:\/\/api.w.org\/{rel}","templated":true}]}}