{"id":12798,"date":"2025-06-05T10:55:51","date_gmt":"2025-06-05T08:55:51","guid":{"rendered":"https:\/\/www.came.com\/fr\/?page_id=12798"},"modified":"2025-06-27T15:01:36","modified_gmt":"2025-06-27T13:01:36","slug":"politique-de-confidentialite","status":"publish","type":"page","link":"https:\/\/www.came.com\/fr\/politique-de-confidentialite\/","title":{"rendered":"Politique de confidentialite"},"content":{"rendered":"\n<p>REV.00 &#8211; 29\/11\/2018<\/p>\n\n\n\n<p>La note d\u2019information du site www.came.com\/fr est \u00e9mise aux termes de l\u2019art. 13 du R\u00e8glement UE 2016\/679 (<em>General Data Protection Regulation<\/em>)<\/p>\n\n\n\n<p><strong>1. TITULAIRE DU TRAITEMENT<\/strong><br>La Titulaire du traitement est&nbsp;<strong>CAME France sas<\/strong>, ZAC des bois Rochefort&nbsp;3 All\u00e9e du 7\u00e8me Art &#8211; CS 50030, 95240 Cormeilles-en-Parisis<\/p>\n\n\n\n<p><strong>2. FINALIT\u00c9S DU TRAITEMENT ET BASE JURIDIQUE<\/strong><br>2.1. Les donn\u00e9es personnelles (ci-apr\u00e8s \u00e9galement les \u00ab&nbsp;Donn\u00e9es&nbsp;\u00bb) fournies par l\u2019int\u00e9ress\u00e9 au cours de la navigation sur le site web www.came.com\/fr (ci-apr\u00e8s \u00e9galement le \u00ab&nbsp;Site&nbsp;\u00bb) seront trait\u00e9es exclusivement pour permettre l\u2019acc\u00e8s de l\u2019utilisateur aux pages du Site et en assurer le bon fonctionnement.<br>2.2. Les donn\u00e9es personnelles collect\u00e9es \u00e0 l\u2019int\u00e9rieur de sections sp\u00e9cifiques du Site seront trait\u00e9es aux fins indiqu\u00e9es par les notes d\u2019information sp\u00e9cifiques \u00e9mises \u00e0 l\u2019occasion de la collecte des donn\u00e9es:<br>a) pour la section \u00ab&nbsp;contactez-nous&nbsp;\u00bb, pour la gestion de demandes sp\u00e9cifiques, selon la note d\u2019information publi\u00e9e&nbsp;<a href=\"https:\/\/www.came.com\/fr\/ask-came\">ici.<\/a><br>b) pour la section \u00ab&nbsp;Trouver un installateur\u00bb, pour la gestion de demandes sp\u00e9cifiques et pour des contacts par rapport au service distribu\u00e9 selon la note d\u2019information publi\u00e9e&nbsp;<a href=\"https:\/\/www.came.com\/fr\/trouver-un-installateur\">ici<\/a>.<\/p>\n\n\n\n<p><strong>3. TYPE DE DONN\u00c9ES TRAIT\u00c9ES<\/strong><\/p>\n\n\n\n<p>3.1 Donn\u00e9es de navigation<br>Cette cat\u00e9gorie de donn\u00e9es comprend les adresses IP ou les noms de domaines des ordinateurs utilis\u00e9s par les utilisateurs qui se connectent au site, les adresses des ressources demand\u00e9es, l\u2019heure de la demande, la m\u00e9thode utilis\u00e9e pour soumettre la demande au serveur, les dimensions du fichier obtenu en r\u00e9ponse, le code num\u00e9rique indiquant l\u2019\u00e9tat de la r\u00e9ponse donn\u00e9e par le serveur (aboutissement, erreur, etc.) et d\u2019autres param\u00e8tres concernant le syst\u00e8me d\u2019exploitation et &nbsp;l\u2019environnement informatique de l\u2019utilisateur.<\/p>\n\n\n\n<p><strong>4. CAT\u00c9GORIES DE DESTINATAIRES DES DONN\u00c9ES PERSONNELLES<\/strong><br>Les donn\u00e9es seront trait\u00e9es par des employ\u00e9s et\/ou collaborateurs des Titulaires, nomm\u00e9s, d\u00e9sign\u00e9s et autoris\u00e9s au traitement et elles pourront \u00eatre communiqu\u00e9es \u00e0 des soci\u00e9t\u00e9s tierces, nomm\u00e9es \u00e0 cet effet en qualit\u00e9 de responsables du traitement, qui fournissent des services accessoires et n\u00e9cessaires \u00e0 l\u2019activit\u00e9 des Titulaires.<\/p>\n\n\n\n<p>En aucun cas les donn\u00e9es ne feront l\u2019objet d\u2019une diffusion.<\/p>\n\n\n\n<p><strong>5. TRANSFERT DE DONN\u00c9ES PERSONNELLES \u00c0 L\u2019\u00c9TRANGER<\/strong><br>La gestion et la conservation des donn\u00e9es personnelles est effectu\u00e9e sur des serveurs situ\u00e9s au sein de l\u2019Union europ\u00e9enne propri\u00e9t\u00e9 et\/ou \u00e0 la disposition du Titulaire et\/ou des soci\u00e9t\u00e9s tierces dument nomm\u00e9es en qualit\u00e9 de responsables du traitement.<\/p>\n\n\n\n<p><strong>6. DUR\u00c9E DE CONSERVATION DES DONN\u00c9ES<\/strong><br>Les donn\u00e9es collect\u00e9es par le biais de&nbsp;<em>scripts<\/em>&nbsp;et&nbsp;<em>cookies<\/em>&nbsp;seront conserv\u00e9es pour la dur\u00e9e strictement n\u00e9cessaire aux fins pour lesquelles elles sont collect\u00e9es. Pour de plus amples informations, nous vous renvoyons aux sections sp\u00e9cifiques du Site et \u00e0 la politique de&nbsp;<em>cookies<\/em>, accessible&nbsp;<a href=\"https:\/\/www.came.com\/fr\/politique-de-cookies\">ici<\/a>.<\/p>\n\n\n\n<p><strong>7. NATURE DE LA SAISIE DES DONN\u00c9ES ET CONS\u00c9QUENCES DU REFUS DE REPONDRE<\/strong><\/p>\n\n\n\n<p>La saisie des donn\u00e9es n\u00e9cessaires \u00e0 la bonne ex\u00e9cution des services demand\u00e9s est facultative mais constitue la condition n\u00e9cessaire et indispensable pour b\u00e9n\u00e9ficier des services&nbsp;: un refus \u00e9ventuel de fournir les donn\u00e9es d\u00e9termine donc l\u2019impossibilit\u00e9 d\u2019ex\u00e9cuter les services demand\u00e9s.<br>Le consentement au traitement pour les finalit\u00e9s ult\u00e9rieures indiqu\u00e9es dans les notes d\u2019information sp\u00e9cifiques est facultatif.<\/p>\n\n\n\n<p><strong>8. MODALIT\u00c9 DE TRAITEMENT<\/strong><br>Le traitement des Donn\u00e9es pour chacune des finalit\u00e9s ci-dessus est effectu\u00e9 par des modalit\u00e9s automatis\u00e9es ou \u00e9lectroniques aptes \u00e0 garantir la s\u00e9curit\u00e9 et la confidentialit\u00e9 &nbsp;conform\u00e9ment \u00e0 la protection des donn\u00e9es<em>&nbsp;<\/em>\u00ab&nbsp;par d\u00e9faut&nbsp;\u00bb, soit l\u2019application de mesures aptes \u00e0 r\u00e9duire au minimum les risques de diffusion des donn\u00e9es.<\/p>\n\n\n\n<p><strong>9. RESTRICTIONS LI\u00c9ES \u00c0 L\u2019\u00c2GE<\/strong><br>L\u2019inscription aux services du site est r\u00e9serv\u00e9es aux personnes ayant plus de seize ans.<\/p>\n\n\n\n<p><strong>10. DROITS DE L\u2019INT\u00c9RESS\u00c9<\/strong><br>Vous pourrez demander de ne plus recevoir la&nbsp;<em>newsletter<\/em>&nbsp;et en tout cas r\u00e9voquer tout consentement donn\u00e9 et exercer les droits d\u2019acc\u00e8s, rectification, radiation (\u00ab&nbsp;droit \u00e0 l\u2019oubli&nbsp;\u00bb), restriction de traitement, portabilit\u00e9 des donn\u00e9es et opposition conform\u00e9ment aux articles 15 et suivants du RGPD et le droit de pr\u00e9senter une r\u00e9clamation aupr\u00e8s de l\u2019autorit\u00e9 de contr\u00f4le comp\u00e9tente (art. 77 du RGPD) en cas de traitement illicite des Donn\u00e9es ou de saisir les autorit\u00e9s judiciaires comp\u00e9tentes (art.79 du RGPD). Le texte du RGPD&nbsp;est consultable dans son int\u00e9gralit\u00e9 \u00e0 l\u2019adresse suivante&nbsp;<a href=\"https:\/\/eur-lex.europa.eu\/legal-content\/FR\/TXT\/HTML\/?uri=CELEX:32016R0679&amp;from=IT\">https:\/\/eur-lex.europa.eu\/legal-content\/FR\/TXT\/HTML\/?uri=CELEX:32016R0679&amp;from=IT<\/a><\/p>\n\n\n\n<p><strong>11. MODALIT\u00c9S D\u2019EXERCICE DES DROITS<\/strong><br>Les demandes devront \u00eatre envoy\u00e9es \u00e0&nbsp;<strong>CAME France SAS<\/strong>&nbsp;\u00e0 l&rsquo;adresse mail suivante:&nbsp;<a href=\"mailto:cfr.privacy@came.com\">cfr.privacy@came.com<\/a>&nbsp;ou num\u00e9ro de fax 0139830021<\/p>\n\n\n\n<p>La Titulaire du traitement se charge de la mise \u00e0 jour de la pr\u00e9sente note d\u2019information.<\/p>\n","protected":false},"excerpt":{"rendered":"<p>REV.00 &#8211; 29\/11\/2018 La note d\u2019information du site www.came.com\/fr est \u00e9mise aux termes de l\u2019art. 13 du R\u00e8glement UE 2016\/679 (General Data Protection Regulation) 1. TITULAIRE DU TRAITEMENTLa Titulaire du traitement est&nbsp;CAME France sas, ZAC des bois Rochefort&nbsp;3 All\u00e9e du 7\u00e8me Art &#8211; CS 50030, 95240 Cormeilles-en-Parisis 2. FINALIT\u00c9S DU TRAITEMENT ET BASE JURIDIQUE2.1. Les [&hellip;]<\/p>\n","protected":false},"author":6,"featured_media":0,"parent":0,"menu_order":0,"comment_status":"closed","ping_status":"closed","template":"","meta":{"elastic_search":"","powered_cache_disable_cache":false,"footnotes":""},"_links":{"self":[{"href":"https:\/\/www.came.com\/fr\/wp-json\/wp\/v2\/pages\/12798"}],"collection":[{"href":"https:\/\/www.came.com\/fr\/wp-json\/wp\/v2\/pages"}],"about":[{"href":"https:\/\/www.came.com\/fr\/wp-json\/wp\/v2\/types\/page"}],"author":[{"embeddable":true,"href":"https:\/\/www.came.com\/fr\/wp-json\/wp\/v2\/users\/6"}],"replies":[{"embeddable":true,"href":"https:\/\/www.came.com\/fr\/wp-json\/wp\/v2\/comments?post=12798"}],"version-history":[{"count":1,"href":"https:\/\/www.came.com\/fr\/wp-json\/wp\/v2\/pages\/12798\/revisions"}],"predecessor-version":[{"id":12799,"href":"https:\/\/www.came.com\/fr\/wp-json\/wp\/v2\/pages\/12798\/revisions\/12799"}],"wp:attachment":[{"href":"https:\/\/www.came.com\/fr\/wp-json\/wp\/v2\/media?parent=12798"}],"curies":[{"name":"wp","href":"https:\/\/api.w.org\/{rel}","templated":true}]}}