{"id":12760,"date":"2025-06-03T10:40:16","date_gmt":"2025-06-03T08:40:16","guid":{"rendered":"https:\/\/www.came.com\/fr\/?page_id=12760"},"modified":"2025-10-28T13:55:13","modified_gmt":"2025-10-28T12:55:13","slug":"garantie-premium","status":"publish","type":"page","link":"https:\/\/www.came.com\/fr\/garantie-premium\/","title":{"rendered":"Garantie PREMIUM"},"content":{"rendered":"\n<div class=\"wp-block-group alignwide came-box-content-style-1 is-layout-flow wp-block-group-is-layout-flow\" style=\"padding-top:var(--wp--preset--spacing--70);padding-bottom:var(--wp--preset--spacing--70)\">\n<h2 class=\"wp-block-heading\">Enregistrement de la garantie PREMIUM<\/h2>\n\n\n\n<p class=\"has-medium-font-size\" style=\"margin-top:0;margin-bottom:var(--wp--preset--spacing--70)\">Gr\u00e2ce \u00e0 votre Installateur CAME Premium, vous b\u00e9n\u00e9ficiez d&rsquo;une garantie de 5 ou 7 ans sur votre automatisme.<br>Afin de b\u00e9n\u00e9ficier de votre garantie, veuillez compl\u00e9ter ce formulaire et d\u00e9poser votre justificatif.<\/p>\n<\/div>\n\n\n\n<div class=\"wp-block-group is-layout-flow wp-block-group-is-layout-flow\">\n<div class=\"forminator-guttenberg\"><div class=\"forminator-ui forminator-custom-form forminator-custom-form-12763 forminator-design--default  forminator_ajax\" data-forminator-render=\"0\" data-form=\"forminator-module-12763\" data-uid=\"69d837e57140d\"><br\/><\/div><form\n\t\t\t\tid=\"forminator-module-12763\"\n\t\t\t\tclass=\"forminator-ui forminator-custom-form forminator-custom-form-12763 forminator-design--default  forminator_ajax\"\n\t\t\t\tmethod=\"post\"\n\t\t\t\tdata-forminator-render=\"0\"\n\t\t\t\tdata-form-id=\"12763\"\n\t\t\t\t\n\t\t\t\tdata-design=\"default\"\n\t\t\t\t\n\t\t\t\t\n\t\t\t\t\n\t\t\t\tdata-grid=\"open\"\n\t\t\t\tenctype=\"multipart\/form-data\"\n\t\t\t\t\n\t\t\t\tstyle=\"display: none;\"\n\t\t\t\t\n\t\t\t\tdata-uid=\"69d837e57140d\"\n\t\t\t><div role=\"alert\" aria-live=\"polite\" class=\"forminator-response-message forminator-error\" aria-hidden=\"true\"><\/div><div class=\"forminator-row\"><div id=\"name-1\" class=\"forminator-field-name forminator-col forminator-col-6 \"><div class=\"forminator-field\"><label for=\"forminator-field-name-1_69d837e57140d\" id=\"forminator-field-name-1_69d837e57140d-label\" class=\"forminator-label\">NOMBRE D&#039;ANN\u00c9ES DE GARANTIE<\/label><input type=\"text\" name=\"name-1\" value=\"\" placeholder=\"\" id=\"forminator-field-name-1_69d837e57140d\" class=\"forminator-input forminator-name--field\" aria-required=\"false\" \/><\/div><\/div><div id=\"text-3\" class=\"forminator-field-text forminator-col forminator-col-6 \"><div class=\"forminator-field\"><label for=\"forminator-field-text-3_69d837e57140d\" id=\"forminator-field-text-3_69d837e57140d-label\" class=\"forminator-label\">R\u00c9F\u00c9RENCE DU PRODUIT<\/label><input type=\"text\" name=\"text-3\" value=\"\" placeholder=\"\" id=\"forminator-field-text-3_69d837e57140d\" class=\"forminator-input forminator-name--field\" data-required=\"\" \/><\/div><\/div><\/div><div class=\"forminator-row\"><div id=\"date-1\" class=\"forminator-field-date forminator-col forminator-col-6 \"><div class=\"forminator-field\"><label for=\"forminator-field-date-1-picker_69d837e57140d\" id=\"forminator-field-date-1-picker_69d837e57140d-label\" class=\"forminator-label\">DATE DE L&#039;INSTALLATION<\/label><div class=\"forminator-input-with-icon\"><label for=\"forminator-field-date-1-picker_69d837e57140d\"><span class=\"forminator-icon-calendar\" aria-hidden=\"true\"><\/span><\/label><input autocomplete=\"off\" type=\"text\" size=\"1\" name=\"date-1\" value=\"\" placeholder=\"\" id=\"forminator-field-date-1-picker_69d837e57140d\" class=\"forminator-input forminator-datepicker\" data-required=\"\" data-format=\"dd-mm-yy\" data-restrict-type=\"\" data-restrict=\"\" data-start-year=\"1926\" data-end-year=\"2126\" data-past-dates=\"enable\" data-start-of-week=\"1\" data-start-date=\"\" data-end-date=\"\" data-start-field=\"\" data-end-field=\"\" data-start-offset=\"\" data-end-offset=\"\" data-disable-date=\"\" data-disable-range=\"\" \/><\/div><\/div><\/div><div id=\"upload-1\" class=\"forminator-field-upload forminator-col forminator-col-6 \"><div class=\"forminator-field\"><label for=\"forminator-field-upload-1_69d837e57140d\" id=\"forminator-field-upload-1_69d837e57140d-label\" class=\"forminator-label\">Uploadez la facture<\/label><div class=\"forminator-file-upload \" data-element=\"upload-1_69d837e57140d\" aria-describedby=\"forminator-field-upload-1_69d837e57140d-description\"><input type=\"file\" name=\"upload-1\" id=\"forminator-field-upload-1_69d837e57140d\" class=\"forminator-input-file\" accept=\".jpg,.jpeg,.jpe,.gif,.png,.bmp,.tiff,.tif,.webp,.avif,.ico,.heic,.asf,.asx,.wmv,.wmx,.wm,.avi,.divx,.flv,.mov,.qt,.mpeg,.mpg,.mpe,.mp4,.m4v,.ogv,.webm,.mkv,.3gp,.3gpp,.3g2,.3gp2,.txt,.asc,.c,.cc,.h,.srt,.csv,.tsv,.ics,.rtx,.css,.htm,.html,.vtt,.dfxp,.mp3,.m4a,.m4b,.aac,.ra,.ram,.wav,.ogg,.oga,.flac,.mid,.midi,.wma,.wax,.mka,.rtf,.js,.pdf,.class,.tar,.zip,.gz,.gzip,.rar,.7z,.psd,.xcf,.doc,.pot,.pps,.ppt,.wri,.xla,.xls,.xlt,.xlw,.mdb,.mpp,.docx,.docm,.dotx,.dotm,.xlsx,.xlsm,.xlsb,.xltx,.xltm,.xlam,.pptx,.pptm,.ppsx,.ppsm,.potx,.potm,.ppam,.sldx,.sldm,.onetoc,.onetoc2,.onetmp,.onepkg,.oxps,.xps,.odt,.odp,.ods,.odg,.odc,.odb,.odf,.wp,.wpd,.key,.numbers,.pages\"><button id=\"forminator-field-upload-1_69d837e57140d_button\" class=\"forminator-button forminator-button-upload\" data-id=\"forminator-field-upload-1_69d837e57140d\">Choisissez un fichier<\/button><span data-empty-text=\"Aucun fichier s\u00e9lectionn\u00e9\">Aucun fichier s\u00e9lectionn\u00e9<\/span><button class=\"forminator-button-delete\" style=\"display: none;\"><i class=\"forminator-icon-close\" aria-hidden=\"true\"><\/i><span class=\"forminator-screen-reader-only\">Supprimer le fichier t\u00e9l\u00e9vers\u00e9<\/span><\/button><\/div><\/div><\/div><\/div><div class=\"forminator-row\"><div id=\"text-4\" class=\"forminator-field-text forminator-col forminator-col-12 \"><div class=\"forminator-field\"><label for=\"forminator-field-text-4_69d837e57140d\" id=\"forminator-field-text-4_69d837e57140d-label\" class=\"forminator-label\">NOMBRE D&#039;ANN\u00c9ES DE GARANTIE<\/label><input type=\"text\" name=\"text-4\" value=\"\" placeholder=\"\" id=\"forminator-field-text-4_69d837e57140d\" class=\"forminator-input forminator-name--field\" data-required=\"\" \/><\/div><\/div><\/div><div class=\"forminator-row\"><div id=\"text-1\" class=\"forminator-field-text forminator-col forminator-col-6 \"><div class=\"forminator-field\"><label for=\"forminator-field-text-1_69d837e57140d\" id=\"forminator-field-text-1_69d837e57140d-label\" class=\"forminator-label\">NUM\u00c9RO DE S\u00c9RIE<\/label><input type=\"text\" name=\"text-1\" value=\"\" placeholder=\"\" id=\"forminator-field-text-1_69d837e57140d\" class=\"forminator-input forminator-name--field\" data-required=\"\" \/><\/div><\/div><div id=\"text-2\" class=\"forminator-field-text forminator-col forminator-col-6 \"><div class=\"forminator-field\"><label for=\"forminator-field-text-2_69d837e57140d\" id=\"forminator-field-text-2_69d837e57140d-label\" class=\"forminator-label\">NOM DE L&#039;INSTALLATEUR<\/label><input type=\"text\" name=\"text-2\" value=\"\" placeholder=\"\" id=\"forminator-field-text-2_69d837e57140d\" class=\"forminator-input forminator-name--field\" data-required=\"\" \/><\/div><\/div><\/div><input type=\"hidden\" name=\"referer_url\" value=\"\" \/><div class=\"forminator-row forminator-row-last\"><div class=\"forminator-col\"><div class=\"forminator-field\"><button class=\"forminator-button forminator-button-submit\">Envoyer<\/button><\/div><\/div><\/div><input type=\"hidden\" id=\"forminator_nonce\" name=\"forminator_nonce\" value=\"5d500c96b3\" \/><input type=\"hidden\" name=\"_wp_http_referer\" value=\"\/fr\/wp-json\/wp\/v2\/pages\/12760\" \/><input type=\"hidden\" name=\"form_id\" value=\"12763\"><input type=\"hidden\" name=\"page_id\" value=\"12760\"><input type=\"hidden\" name=\"form_type\" value=\"default\"><input type=\"hidden\" name=\"current_url\" value=\"https:\/\/www.came.com\/fr\/garantie-premium\/\"><input type=\"hidden\" name=\"render_id\" value=\"0\"><input type=\"hidden\" name=\"action\" value=\"forminator_submit_form_custom-forms\"><\/form><\/div>\n<\/div>\n","protected":false},"excerpt":{"rendered":"<p>Enregistrement de la garantie PREMIUM Gr\u00e2ce \u00e0 votre Installateur CAME Premium, vous b\u00e9n\u00e9ficiez d&rsquo;une garantie de 5 ou 7 ans sur votre automatisme.Afin de b\u00e9n\u00e9ficier de votre garantie, veuillez compl\u00e9ter ce formulaire et d\u00e9poser votre justificatif.<\/p>\n","protected":false},"author":6,"featured_media":0,"parent":0,"menu_order":0,"comment_status":"closed","ping_status":"closed","template":"page_template-without-title.php","meta":{"elastic_search":"","powered_cache_disable_cache":false,"footnotes":""},"_links":{"self":[{"href":"https:\/\/www.came.com\/fr\/wp-json\/wp\/v2\/pages\/12760"}],"collection":[{"href":"https:\/\/www.came.com\/fr\/wp-json\/wp\/v2\/pages"}],"about":[{"href":"https:\/\/www.came.com\/fr\/wp-json\/wp\/v2\/types\/page"}],"author":[{"embeddable":true,"href":"https:\/\/www.came.com\/fr\/wp-json\/wp\/v2\/users\/6"}],"replies":[{"embeddable":true,"href":"https:\/\/www.came.com\/fr\/wp-json\/wp\/v2\/comments?post=12760"}],"version-history":[{"count":5,"href":"https:\/\/www.came.com\/fr\/wp-json\/wp\/v2\/pages\/12760\/revisions"}],"predecessor-version":[{"id":14472,"href":"https:\/\/www.came.com\/fr\/wp-json\/wp\/v2\/pages\/12760\/revisions\/14472"}],"wp:attachment":[{"href":"https:\/\/www.came.com\/fr\/wp-json\/wp\/v2\/media?parent=12760"}],"curies":[{"name":"wp","href":"https:\/\/api.w.org\/{rel}","templated":true}]}}