{"id":12747,"date":"2025-05-27T10:22:20","date_gmt":"2025-05-27T08:22:20","guid":{"rendered":"https:\/\/www.came.com\/fr\/?page_id=12747"},"modified":"2025-05-27T10:22:21","modified_gmt":"2025-05-27T08:22:21","slug":"lhs-landing","status":"publish","type":"page","link":"https:\/\/www.came.com\/fr\/lhs-landing\/","title":{"rendered":"LHS Landing"},"content":{"rendered":"\n<div class=\"wp-block-group alignfull custom-html-group is-layout-flow wp-block-group-is-layout-flow\">\n<link rel=\"stylesheet\" type=\"text\/css\" href=\"https:\/\/www.came.com\/global\/sites\/default\/files\/lhs_landing\/css\/normalize.css\" \/>\n<link rel=\"stylesheet\" type=\"text\/css\" href=\"https:\/\/www.came.com\/global\/sites\/default\/files\/lhs_landing\/css\/fullpage.min.css\" \/>\n<link rel=\"stylesheet\" type=\"text\/css\" href=\"https:\/\/www.came.com\/global\/sites\/default\/files\/lhs_landing\/css\/custom.css\" \/>\n\n<style>\n\t.section {\n\t\tmargin: 0;\n\t\tpadding: 0;\n\t}\n\t.main-header {\n\t\tposition: absolute;\n\t\twidth: 100vw;\n\t\tbackground: transparent;\n\t\tborder: none;\n\t\tz-index: 9;\n\t\ttransition: opacity 0.3s ease-in-out;\n\t}\n\t.main-header.hidden-header {\n\t\topacity: 0;\n\t\tz-index: -1;\n\t}\n\t.main-header > .top {\n\t\tdisplay: none;\n\t}\n\t.main-header > .bottom {\n\t\tmargin: 0;\n\t\tbackground: #fff;\n\t}\n\t#fp-nav.fp-left {\n\t\tposition: absolute;\n\t\tbottom: 2.5vh;\n\t}\n\t#fp-nav ul {\n\t\tposition: absolute;\n\t\tbottom: 0;\n\t}\n\t#fp-nav ul li a span, .fp-slidesNav ul li a span {\n\t\tbackground: #009fe3;\n\t\tborder: 0.5px solid white;\n\t}\n\t#fp-nav.fp-left {\n\t\tleft: 0;\n\t}\n\t\n\t@media only screen and (orientation: landscape) and (min-width: 992px){\n\t\t#fp-nav.fp-left {\n\t\t\tleft: 17px;\n\t\t}\n\t\t#section-footer-double .slide#slide-footer-double .box-footer-double-bg-dx {\n\t\t\tbackground-position: center center;\n\t\t}\n\t}\n\t\n\t#landscape-alert {\n\t\tdisplay: none !important;\n\t}  \n<\/style>\n\n<div id=\"fullpage\">\n\n\t<!--SECTION 01-->\n\t<div class=\"section\" id=\"section-01\">\n        <!--slide 01-->\n        <div class=\"slide\" id=\"slide-01\">\n            <div class=\"box-top\">\n                <div class=\"video-fs\">\n                    <video muted autoplay loop data-keepplaying playsinline preload=\"auto\" poster=\"https:\/\/www.came.com\/global\/sites\/default\/files\/lhs_landing\/img\/came-lhs-intro-video.jpg\" id=\"lhs-intro\">\n                        <source data-src=\"https:\/\/came-cdn.thron.com\/delivery\/public\/video\/came\/33e1bf04-4b7f-4a2b-ab2b-926c9d568eac\/pimtz6\/WEBHD\/came-lhs-intro\" type=\"video\/mp4\" \/>\n                        <source data-src=\"https:\/\/came-cdn.thron.com\/delivery\/public\/video\/came\/0c0a5115-adbb-45c5-b90a-789eed04d3e1\/vj2oo7\/WEBHD\/came-lhs-intro\" type=\"video\/webm\" \/>\n                    <\/video>\n                <\/div>\n            <\/div>\n            <div class=\"container\">\n                <div class=\"box-titolo\">\n                    <div class=\"box-titolo-txt\">\n                        <h1>LHS<\/h1>\n                        <h2>LA COMBINAISON PARFAITE<br>\n                        DU DESIGN ET DE LA TECHNOLOGIE<\/h2>\n                    <\/div>\n                <\/div>\n            <\/div>\n        <\/div>\n    <\/div>\n    \n\t<!--SECTION 02-->\n\t<div class=\"section\" id=\"section-02\">\n        <!--slide 02 | AUDIO-->\n        <div class=\"slide\" id=\"slide-02\">\n            <div class=\"box-top\"><\/div>\n            <div class=\"container\">\n                <div class=\"box-titolo\">\n                    <div class=\"box-titolo-txt\">\n                        <h2>LHS AUDIO<\/h2>\n                    <\/div>\n                <\/div>\n                <div class=\"box-img\">\n                \t<img decoding=\"async\" class=\"landscape-img\" src=\"https:\/\/www.came.com\/global\/sites\/default\/files\/lhs_landing\/img\/came-lhs-audio-landscape-img.png\" alt=\"CAME LHS AUDIO\"\/>\n                    <img decoding=\"async\" class=\"landscape-txt\" src=\"https:\/\/www.came.com\/global\/sites\/default\/files\/lhs_landing\/img\/came-lhs-audio-landscape-txt.png\" alt=\"CAME LHS AUDIO Features\"\/>\n                    <img decoding=\"async\" class=\"portrait-img\" src=\"https:\/\/www.came.com\/global\/sites\/default\/files\/lhs_landing\/img\/came-lhs-audio-portrait-img.png\" alt=\"CAME LHS AUDIO\"\/>\n                    <img decoding=\"async\" class=\"portrait-txt\" src=\"https:\/\/www.came.com\/global\/sites\/default\/files\/lhs_landing\/img\/came-lhs-audio-portrait-txt.png\" alt=\"CAME LHS AUDIO Features\"\/>\n                <\/div>\n            <\/div>\n        <\/div>\n        <!--slide 03 | MAIN-->\n        <div class=\"slide\" id=\"slide-03\">\n            <div class=\"box-top\">\n                <div class=\"container\">\n                    <div class=\"box-top-txt\">\n                        <h2><span>LHS<\/span> EST DISPONIBLE EN&nbsp;3&nbsp;MOD\u00c8LES<br>\n                        1&nbsp;AUDIO ET 2&nbsp;VERSIONS VID\u00c9O<\/h2>\n                    <\/div>\n                <\/div>\n            <\/div>\n            <div class=\"box-left\"><\/div>\n            <div class=\"box-right\"><\/div>\n            <div class=\"box-stripe\"><\/div>\n            <div class=\"box-bottom\">\n                <div class=\"container\">\n            \t\t<span class=\"btn btn-ev\" id=\"next-slide-01\">&lt;&nbsp;DECOUVREZ LHS VERSION AUDIO<\/span>\n            \t\t<span class=\"btn btn-ev\" id=\"next-slide-02\">DECOUVREZ LHS VERSION VIDEO&nbsp;&gt;<\/span>\n                <\/div>\n            <\/div>\n        <\/div>\n        <!--slide 04 | VIDEO-->\n        <div class=\"slide\" id=\"slide-04\">\n            <div class=\"box-top\"><\/div>\n            <div class=\"container\">\n                <div class=\"box-titolo\">\n                    <div class=\"box-titolo-txt\">\n                        <h2>LHS VIDEO<\/h2>\n                    <\/div>\n                <\/div>\n                <div class=\"box-img\">\n                \t<img decoding=\"async\" class=\"landscape-img\" src=\"https:\/\/www.came.com\/global\/sites\/default\/files\/lhs_landing\/img\/came-lhs-video-landscape-img.png\" alt=\"CAME LHS VIDEO\"\/>\n                    <img decoding=\"async\" class=\"landscape-txt\" src=\"https:\/\/www.came.com\/global\/sites\/default\/files\/lhs_landing\/img\/came-lhs-video-landscape-txt.png\" alt=\"CAME LHS VIDEO Features\"\/>\n                    <img decoding=\"async\" class=\"portrait-img\" src=\"https:\/\/www.came.com\/global\/sites\/default\/files\/lhs_landing\/img\/came-lhs-video-portrait-img.png\" alt=\"CAME LHS VIDEO\"\/>\n                    <img decoding=\"async\" class=\"portrait-txt\" src=\"https:\/\/www.came.com\/global\/sites\/default\/files\/lhs_landing\/img\/came-lhs-video-portrait-txt.png\" alt=\"CAME LHS VIDEO Features\"\/>\n                <\/div>\n            <\/div>\n        <\/div>\n    <\/div>\n    \n\t<!--SECTION 03-->\n\t<div class=\"section\" id=\"section-03\">\n        <!--slide 05-->\n        <div class=\"slide\" id=\"slide-05\">\n            <div class=\"box-top\"><\/div>\n            <div class=\"box-bottom\">\n                <div class=\"box-bottom-txt\">\n                    <h3>VERSATILE<\/h3>\n                    <p>Pour les maisons individuelles ou<br>\n                        les petites copropri\u00e9t\u00e9s<br\/>\n                        avec jusqu&rsquo;\u00e0 4 boutons<\/p>\n                    <h3>TECHNOLOGIQUE<\/h3>\n                    <p>Avec CAME KEY pour une configuration<br>\n                    intelligente par smartphone<\/p>\n                    <h3>R\u00c9SISTANT<\/h3>\n                    <p>Enti\u00e8rement en Zamak pour une<br>excellente r\u00e9sistance et fiabilit\u00e9<\/p>\n            \t\t<p><span class=\"btn btn-def\" id=\"next-slide-03\">D\u00c9COUVREZ EN PLUS<br>\u00c0 PROPOS DE LA RESISTANCE DU LHS&nbsp;&gt;<\/span><\/p>\n                <\/div>\n            <\/div>\n        <\/div>\n        <!--slide 06-->\n        <div class=\"slide\" id=\"slide-06\">\n            <div class=\"box-top\">\n            \t<div class=\"box-img-group\">\n                    <img decoding=\"async\" src=\"https:\/\/www.came.com\/global\/sites\/default\/files\/lhs_landing\/img\/came-lhs-resistant.jpg\" alt=\"CAME LHS Resistance\">\n                    <svg class=\"over\" xmlns=\"http:\/\/www.w3.org\/2000\/svg\" x=\"0\" y=\"0\" version=\"1.1\" viewBox=\"0 0 1000 1000\" xml:space=\"preserve\">\n\t\t\t\t\t\t<line class=\"linequote\" x1=\"354.7\" y1=\"41.5\" x2=\"383.2\" y2=\"27.3\"\/>\n\t\t\t\t\t\t<line class=\"linequote\" x1=\"938.1\" y1=\"638\" x2=\"973.4\" y2=\"610.6\"\/>\n\t\t\t\t\t\t<line class=\"linequote\" x1=\"592.8\" y1=\"980.5\" x2=\"959.5\" y2=\"678.2\"\/>\n\t\t\t\t\t\t<line class=\"linequote\" x1=\"944.8\" y1=\"658.3\" x2=\"959.6\" y2=\"673.3\"\/>\n\t\t\t\t\t\t<line class=\"linequote\" x1=\"390.2\" y1=\"29.6\" x2=\"973.6\" y2=\"606.1\"\/>\n\t\t\t\t\t\t<line class=\"linequote\" x1=\"563.5\" y1=\"950.3\" x2=\"586.5\" y2=\"981.3\"\/>\n\t\t\t\t\t\t<line class=\"linequote\" x1=\"545.1\" y1=\"906.9\" x2=\"538.1\" y2=\"929.4\"\/>\n\t\t\t\t\t\t<line class=\"linequote\" x1=\"531.6\" y1=\"932.5\" x2=\"277.5\" y2=\"932.5\"\/>\n\t\t\t\t\t\t<text class=\"txtquote\" transform=\"matrix(1 0 0 1 274 917.2883)\">23 mm<\/text>\n\t\t\t\t\t\t<text class=\"txtquote\" transform=\"matrix(0.7231 0.6907 -0.6907 0.7231 667.1252 277.0637)\">204 mm<\/text>\n\t\t\t\t\t\t<text class=\"txtquote\" transform=\"matrix(0.7363 -0.6767 0.6767 0.7363 779.687 899.1432)\">97 mm<\/text>\n                    <\/svg>\n                <\/div>\n            <\/div>\n            <div class=\"box-bottom\">\n                <div class=\"box-bottom-txt\">\n                    <h3><span>R\u00e9sistant aux impacts<\/span><br>\n                    gr\u00e2ce au corps en Zamak<\/h3>\n                    <h3><span>R\u00e9sistant \u00e0 l&rsquo;eau et aux poussi\u00e8res<\/span><br>\n                    dans toutes les conditions<br>\n                    certification <span>IP54<\/span><\/h3>\n                    <h3><span>R\u00e9sistant aux chocs<\/span><br>\n                    et au vandalisme avec la certification <span>IK09<\/span><\/h3>                    \n                <\/div>\n            <\/div>\n        <\/div>\n    <\/div>\n    \n\t<!--SECTION 04-->\n\t<div class=\"section\" id=\"section-04\">\n        <!--slide 07-->\n        <div class=\"slide\" id=\"slide-07\">\n            <div class=\"box-left\">\n                <div class=\"box-left-txt\">\n                    <h2>LHS PLUS<\/h2>\n                    <p>La vid\u00e9o LHS est \u00e9galement<br>\n                    disponible en tant que VERSION PLUS, \u00e9quip\u00e9e de:<\/p>\n                    <p><strong>la technologie RFID<\/strong><br>\n                    pour le contr\u00f4le d&rsquo;acc\u00e8s via 125 KHz<br>\n                    avec badge magn\u00e9tique pour<br\/>jusqu&rsquo;\u00e0 20 utilisateurs<\/p>\n                    <p><strong>la technologie Bluetooth<\/strong><br>\n                    pour le contr\u00f4le d&rsquo;acc\u00e8s par smartphone,<br>\n                    en utilisant l&rsquo;application AutomationBT App<\/p>\n                <\/div>\n            <\/div>\n            <div class=\"box-right\"><\/div>\n            <div class=\"box-bottom\"><\/div>\n        <\/div>\n    <\/div>\n    \n\t<!--SECTION 05-->\n\t<div class=\"section\" id=\"section-05\">\n        <!--slide 08-->\n        <div class=\"slide\" id=\"slide-08\">\n            <div class=\"box-top\"><\/div>\n            <div class=\"box-bottom\">\n                <div class=\"box-bottom-txt\">\n                    <h3>CONTR\u00d4LE D&rsquo;ACC\u00c8S<br>\n                    UTILISATION DU SMARTPHONE<\/h3>\n                    <p>L&rsquo;application CAME AutomationBT permet d&rsquo;acc\u00e9der \u00e0 la maison en cliquant directement sur le bouton du smartphone.<br>\n                        Il est possible d&rsquo;associer jusqu&rsquo;\u00e0 20 utilisateurs diff\u00e9rents via l&rsquo;App du smartphone.<\/p>\n                    <div class=\"box-bottom-img\">\n                    \t<img decoding=\"async\" src=\"https:\/\/www.came.com\/global\/sites\/default\/files\/lhs_landing\/img\/came-lhs-app.png\" alt=\"CAME LHS Smartphone App\">\n                        <div class=\"box-bottom-img-dx\">\n                        \t<img decoding=\"async\" src=\"https:\/\/www.came.com\/global\/sites\/default\/files\/lhs_landing\/img\/came-automationbt-app.png\" alt=\"CAME AutomationBT Smartphone App\">\n                            <span>CAME<br>AutomationBT<\/span>\n                            <span>\n                            \t<a href=\"https:\/\/play.google.com\/store\/apps\/details?id=com.came.camebleapp&#038;hl=en_GB\" target=\"_blank\" rel=\"noopener\"><img decoding=\"async\" src=\"https:\/\/www.came.com\/global\/sites\/default\/files\/lhs_landing\/img\/download-google-play.png\" alt=\"Get it on Google Play\"><\/a>\n                                <a href=\"https:\/\/apps.apple.com\/gb\/app\/automationbt\/id1108961178\" target=\"_blank\" rel=\"noopener\"><img decoding=\"async\" src=\"https:\/\/www.came.com\/global\/sites\/default\/files\/lhs_landing\/img\/download-app-store.png\" alt=\"Get it on App Store\"><\/a>\n                            <\/span>\n                        <\/div>\n                    <\/div>\n                <\/div>\n            <\/div>\n        <\/div>\n    <\/div>\n    \n\t<!--SECTION 06-->\n\t<div class=\"section\" id=\"section-06\">\n        <!--slide 09-->\n        <div class=\"slide\" id=\"slide-09\">\n            <div class=\"box-top\">\n                <div class=\"video-fs\">\n                    <video muted autoplay loop data-keepplaying playsinline preload=\"auto\" poster=\"https:\/\/www.came.com\/global\/sites\/default\/files\/lhs_landing\/img\/came-lhs-configure.jpg\" id=\"video-01\">\n                        <source data-src=\"https:\/\/came-cdn.thron.com\/delivery\/public\/video\/came\/2e2ca2fb-013f-44e3-b2fa-988f196fef51\/lp7nfl\/WEBHD\/came-lhs-configure\" type=\"video\/mp4\" \/>\n                        <source data-src=\"https:\/\/came-cdn.thron.com\/delivery\/public\/video\/came\/8e87b067-a602-4b52-8a39-c288f467375f\/28fvpn\/WEBHD\/came-lhs-configure-1\" type=\"video\/webm\" \/>\n                    <\/video>\n                <\/div>\n            <\/div>\n            <div class=\"box-bottom\">\n                <div class=\"box-bottom-txt\">\n                \t<h2>FACILE \u00c0 INSTALLER<br>ET CONFIGURATION<\/h2>\n                    <p><strong>LHS<\/strong> permet une configuration intelligente \u00e0 l&rsquo;aide de l&rsquo;interface sans fil CAME KEY.<\/p>\n                    <p>Cette fonction est disponible via l&rsquo;application <strong>CONNECT SetUp<\/strong> pour smartphone ou tablette.<\/p>\n                    <div class=\"box-bottom-img\">\n                    \t<img decoding=\"async\" src=\"https:\/\/www.came.com\/global\/sites\/default\/files\/lhs_landing\/img\/came-lhs-connect.jpg\" alt=\"CAME LHS Connect Setup App\">\n                    <\/div>\n                <\/div>\n            <\/div>\n        <\/div>\n    <\/div>\n    \n\t<!--SECTION 07-->\n\t<div class=\"section\" id=\"section-07\">\n        <!--slide 10-->\n        <div class=\"slide\" id=\"slide-10\">\n            <div class=\"box-top\">\n            \t<div class=\"box-img-group\">\n                    <img decoding=\"async\" src=\"https:\/\/www.came.com\/global\/sites\/default\/files\/lhs_landing\/img\/came-lhs-led.jpg\" alt=\"CAME LHS Led Signallinig System\">\n                    <svg class=\"over\" xmlns=\"http:\/\/www.w3.org\/2000\/svg\" x=\"0\" y=\"0\" version=\"1.1\" viewBox=\"0 0 1000 1000\" xml:space=\"preserve\">\n\t\t\t\t\t\t<circle class=\"pulsecircle pulsecircle1\" cx=\"172\" cy=\"505\" r=\"70\"><\/circle>\n\t\t\t\t\t\t<circle class=\"pulsecircle pulsecircle2\" cx=\"338\" cy=\"390\" r=\"70\"><\/circle>\n\t\t\t\t\t\t<circle class=\"pulsecircle pulsecircle3\" cx=\"497\" cy=\"280\" r=\"70\"><\/circle>\n\t\t\t\t\t\t<circle class=\"pulsecircle pulsecircle4\" cx=\"648\" cy=\"175\" r=\"70\"><\/circle>\n                    <\/svg>\n                <\/div>\n            <\/div>\n            <div class=\"box-bottom\">\n                <div class=\"box-bottom-txt\">\n                    <h2>SYST\u00c8ME DE SIGNALISATION PAR LED<br>\n                        POUR LES MALENTENDANTS<\/h2>\n                    <ul>\n                    \t<li class=\"caption1\">APPEL en cours<\/li>\n                    \t<li class=\"caption2\">Porte ouverte<\/li>\n                    \t<li class=\"caption3\">Conversation en cours<\/li>\n                    \t<li class=\"caption4\">Syst\u00e8me occup\u00e9<\/li>\n                    <\/ul>\n                <\/div>\n            <\/div>\n        <\/div>\n    <\/div>\n    \n\t<!--SECTION 08-->\n\t<div class=\"section\" id=\"section-08\">\n        <!--slide 11-->\n        <div class=\"slide\" id=\"slide-11\">\n        \t<div class=\"container\">\n                <div class=\"box-titolo\">\n                    <h2>ACCESSOIRES<\/h2>\n                <\/div>\n                <div class=\"box-content\">\n                \t<div class=\"box-icon\">\n                    \t<img decoding=\"async\" src=\"https:\/\/www.came.com\/global\/sites\/default\/files\/lhs_landing\/img\/came-lhs-accessories-button.jpg\" alt=\"Double backlit button with name tag\">\n                        <div class=\"box-icon-txt\">\n                            <p>Double bouton r\u00e9tro-\u00e9clair\u00e9<br>avec porte-nom<\/p>\n                        <\/div>\n                    <\/div>\n                \t<div class=\"box-icon\">\n                    \t<img decoding=\"async\" src=\"https:\/\/www.came.com\/global\/sites\/default\/files\/lhs_landing\/img\/came-lhs-accessories-frame.jpg\" alt=\"Frame for recessed mounting installation\">\n                        <div class=\"box-icon-txt\">\n                            <p>Cadre pour installation encastr\u00e9<\/p>\n                        <\/div>\n                    <\/div>\n                \t<div class=\"box-icon\">\n                    \t<img decoding=\"async\" src=\"https:\/\/www.came.com\/global\/sites\/default\/files\/lhs_landing\/img\/came-lhs-accessories-mounting.jpg\" alt=\"Wall-mounting rain shield\">\n                        <div class=\"box-icon-txt\">\n                            <p>Fixation murale<br>\u00e9cran anti-pluie<\/p>\n                        <\/div>\n                    <\/div>\n                \t<div class=\"box-icon\">\n                    \t<img decoding=\"async\" src=\"https:\/\/www.came.com\/global\/sites\/default\/files\/lhs_landing\/img\/came-lhs-accessories-badge.jpg\" alt=\"Badge for RFID 125KHz proximity reader\">\n                        <div class=\"box-icon-txt\">\n                            <p>Badge pour RFID 125KHz<br>lecteur de proximit\u00e9<\/p>\n                        <\/div>\n                    <\/div>\n                <\/div>\n            <\/div>\n        <\/div>\n    <\/div>\n    \n\t<!--SECTION FOOTER-->\n\t<div class=\"section\" id=\"section-footer\">\n        <!--slide footer-->\n        <div class=\"slide\" id=\"slide-footer\">\n            <div class=\"box-bg\">\n            \t<div class=\"box-bg-txt bg-color\">\n                \t<h2><span style=\"color:#010101;\">CAME<\/span> LHS<\/h2>\n                    <p><a class=\"btn btn-ev\" href=\"https:\/\/www.came.com\/fr\/contactez-nous\">Contactez-nous pour en savoir davantage&nbsp;&gt;<\/a><\/p>\n                <\/div>\n            <\/div>\n        <\/div>\n    <\/div>\n    \n<\/div>\n\n<div id=\"landscape-alert\" style=\"display:none;\"><\/div>\n\n<script type=\"text\/javascript\" src=\"https:\/\/www.came.com\/global\/sites\/default\/files\/lhs_landing\/js\/scrolloverflow.min.js\"><\/script>\n<script type=\"text\/javascript\" src=\"https:\/\/www.came.com\/global\/sites\/default\/files\/lhs_landing\/js\/fullpage.min.js\" defer><\/script>\n<script type=\"text\/javascript\" src=\"https:\/\/www.came.com\/global\/sites\/default\/files\/lhs_landing\/js\/custom.js\" defer><\/script>\n\n\n\n<script src=\"https:\/\/code.jquery.com\/jquery-3.7.1.min.js\" integrity=\"sha256-\/JqT3SQfawRcv\/BIHPThkBvs0OEvtFFmqPF\/lYI\/Cxo=\" crossorigin=\"anonymous\"><\/script>\n<\/div>\n","protected":false},"excerpt":{"rendered":"<p>LHS LA COMBINAISON PARFAITE DU DESIGN ET DE LA TECHNOLOGIE LHS AUDIO LHS EST DISPONIBLE EN&nbsp;3&nbsp;MOD\u00c8LES 1&nbsp;AUDIO ET 2&nbsp;VERSIONS VID\u00c9O &lt;&nbsp;DECOUVREZ LHS VERSION AUDIO DECOUVREZ LHS VERSION VIDEO&nbsp;&gt; LHS VIDEO VERSATILE Pour les maisons individuelles ou les petites copropri\u00e9t\u00e9s avec jusqu&rsquo;\u00e0 4 boutons TECHNOLOGIQUE Avec CAME KEY pour une configuration intelligente par smartphone R\u00c9SISTANT Enti\u00e8rement [&hellip;]<\/p>\n","protected":false},"author":6,"featured_media":0,"parent":0,"menu_order":0,"comment_status":"closed","ping_status":"closed","template":"page_template-landing-fullscreen.php","meta":{"elastic_search":"","powered_cache_disable_cache":false,"footnotes":""},"_links":{"self":[{"href":"https:\/\/www.came.com\/fr\/wp-json\/wp\/v2\/pages\/12747"}],"collection":[{"href":"https:\/\/www.came.com\/fr\/wp-json\/wp\/v2\/pages"}],"about":[{"href":"https:\/\/www.came.com\/fr\/wp-json\/wp\/v2\/types\/page"}],"author":[{"embeddable":true,"href":"https:\/\/www.came.com\/fr\/wp-json\/wp\/v2\/users\/6"}],"replies":[{"embeddable":true,"href":"https:\/\/www.came.com\/fr\/wp-json\/wp\/v2\/comments?post=12747"}],"version-history":[{"count":1,"href":"https:\/\/www.came.com\/fr\/wp-json\/wp\/v2\/pages\/12747\/revisions"}],"predecessor-version":[{"id":12748,"href":"https:\/\/www.came.com\/fr\/wp-json\/wp\/v2\/pages\/12747\/revisions\/12748"}],"wp:attachment":[{"href":"https:\/\/www.came.com\/fr\/wp-json\/wp\/v2\/media?parent=12747"}],"curies":[{"name":"wp","href":"https:\/\/api.w.org\/{rel}","templated":true}]}}