{"id":12741,"date":"2025-05-27T10:20:37","date_gmt":"2025-05-27T08:20:37","guid":{"rendered":"https:\/\/www.came.com\/fr\/?page_id=12741"},"modified":"2025-05-27T10:20:38","modified_gmt":"2025-05-27T08:20:38","slug":"bxv-plus-landing","status":"publish","type":"page","link":"https:\/\/www.came.com\/fr\/bxv-plus-landing\/","title":{"rendered":"BXV Plus Landing"},"content":{"rendered":"\n<div class=\"wp-block-group alignfull custom-html-group is-layout-flow wp-block-group-is-layout-flow\">\n    <link rel=\"stylesheet\" type=\"text\/css\" href=\"https:\/\/www.came.com\/global\/sites\/default\/files\/bxv-landing\/css\/normalize.css\" \/>\n    <link rel=\"stylesheet\" type=\"text\/css\" href=\"https:\/\/www.came.com\/global\/sites\/default\/files\/bxv-landing\/css\/fullpage.min.css\" \/>\n    <link rel=\"stylesheet\" type=\"text\/css\" href=\"https:\/\/www.came.com\/global\/sites\/default\/files\/bxv-landing\/css\/custom.css\" \/>\n    <style>\n       body {font-family: \"Helvetica Neue\",Helvetica,Arial,sans-serif;}\n          .section {\n                margin: 0;\n                padding: 0;\n              }\n              .main-header {\n                  position: absolute;\n                  width: 100vw;\n                  background: transparent;\n                  border: none;\n                  z-index: 9;\n                  transition: opacity 0.3s ease-in-out;\n              }\n              .main-header.hidden-header {\n                  opacity: 0;\n                  z-index: -1;\n              }\n              .main-header > .top {\n                  display: none;\n              }\n              .main-header > .bottom {\n                  margin: 0;\n                  background: #fff;\n              }\n\n        h1, h2, h3, h4, h5, h6 {\n            font-family: \"Came\",sans-serif;\n            font-weight: 400;\n            line-height: 1;\n        }\n          \n          \n         \/* h1 {font-size: 48px;}\n          h2 {font-size: 37px;}\n          h3 {font-size: 25px;}*\/\n          \n          #fp-nav.fp-left {\n            position: absolute;\n            bottom: 2.5vh;\n          }\n          \n          #fp-nav ul {\n            position: absolute;\n            bottom: 0;\n          }\n          \n            #fp-nav ul li a span, .fp-slidesNav ul li a span {\n            background: #009fe3;\n            border: 0.5px solid white;\n        }\n          \n          #fp-nav.fp-left {\n              left: 30px;\n            }\n          \n          .main-footer {display: none;}\n          \n          body, .main-wrapper {background: #010101;}\n              \n           #section-footer .slide#slide-footer .box-footer-bg .box-footer-bg-txt.bg-color {\n              background-color: rgba(0,0,0,0.45);\n            }\n          \n          \n          @media only screen and (orientation: portrait) and (max-width: 991px){\n            h1 {\n              font-size: 35px;\n            }\n            h2 {\n              font-size: 28px;\n            }\n            h3 {\n              font-size: 20px;\n            }\n            .hidden-mobile {display: none;}\n             #fp-nav.fp-left {\n              left: -5px !important;\n            }\n          }\n         \n          @media only screen and (orientation: landscape) and (min-width: 992px){\n            #fp-nav.fp-left {\n              left: 17px;\n            }\n            #section-02 .slide#slide-02 .container .box-titolo{\n                  padding: 35px 2px;\n            }\n           \n          }\n          \n          \n        #landscape-alert {\n          display: none !important;\n        }\n        \n        @media only screen and (orientation: portrait) and (max-width: 767px){\n            #section-intro .slide#slide-intro .container .box-intro-titolo {top: auto; padding: 20px;}\n            #section-intro .slide#slide-intro .container .box-intro-titolo p {font-size: 1.4rem;}\n        }\n    <\/style>\n\n<div id=\"fullpage\">\n\n    <!--SECTION 01-->\n    <div class=\"section\" id=\"section-01\">\n        <!--slide 01-->\n        <div class=\"slide\" id=\"slide-01\">\n            <div class=\"box-top\"><\/div>\n            <div class=\"container\">\n                <div class=\"box-titolo\">\n                    <div class=\"box-titolo-txt\">\n                        <h1>BXV PLUS<\/h1>\n                        <h2>LE MOTEUR<br>\n                        RESIDENTIEL<br>\n                        ELECTRONIQUE<br>\n                        LE PLUS AVANCE<\/h2>\n                    <\/div>\n                <\/div>\n            <\/div>\n        <\/div>\n    <\/div>\n    \n    <!--SECTION 02-->\n    <div class=\"section\" id=\"section-02\">\n        <!--slide 02-->\n        <div class=\"slide\" id=\"slide-02\">\n            <div class=\"box-top\">\n                <div class=\"video-fs video-subtitles\">\n                    <video muted playsinline preload=\"auto\" poster=\"https:\/\/www.came.com\/global\/sites\/default\/files\/bxv-landing\/img\/came-bxv-plus-caratteristiche.jpg\" id=\"came-bxv-plus-01\">\n                        <source data-src=\"https:\/\/came-cdn.thron.com\/delivery\/public\/video\/came\/c8a529ef-1531-4d4e-a39e-e8e25fa6a216\/6skgww\/WEBHD\/came-bxv-plus-caratteristiche\" type=\"video\/mp4\" \/>\n                        <source data-src=\"https:\/\/came-cdn.thron.com\/delivery\/public\/video\/came\/f5919080-9f4a-416e-b1bb-1b56c7c89453\/vtfv39\/WEBHD\/came-bxv-plus-caratteristiche\" type=\"video\/webm\" \/>\n                    <\/video>\n                <\/div>\n            <\/div>\n            <div class=\"container\">\n                <div class=\"box-titolo subtitle\">\n                    <div class=\"box-titolo-txt\">\n                        <h2>AUSSI PUISSANT ET FIABLE QUE LE BXV<\/h2>\n                        <h3>Le moteur 24V<br>\n                        pour portails coulissants jusqu&rsquo;\u00e0 1.000 Kg<\/h3>\n                        <p>\u00c9quip\u00e9 d&rsquo;un encodeur pour des mouvements fluides et des ralentissements efficaces.<\/p>\n                        <p>Disponible avec un syst\u00e8me de batterie de secours pour un fonctionnement s\u00fbr en cas de panne de courant.<\/p>\n                        <p><span>D\u00c9COUVREZ TOUTES LES CARACT\u00c9RISTIQUES<\/span><\/p>\n                        <p><span class=\"btn btn-def\" id=\"next-slide-video\">REGARDER LA VIDEO ><\/span> <span class=\"btn btn-def btn-mouse hide-340\" id=\"next-slide-02\">AUJOURD&rsquo;HUI, UN PAS EN AVANT<\/span><\/p>                        \n                    <\/div>\n                <\/div>\n            <\/div>\n        <\/div>\n        <!--slide video-->\n        <div class=\"slide\" id=\"slide-video\">\n            <span id=\"box-video-close\" class=\"btn btn-inv\">X<\/span>\n            <div class=\"container\">\n                <div class=\"video-16-9\">\n                    <video controls poster=\"https:\/\/www.came.com\/global\/sites\/default\/files\/bxv-landing\/img\/came-bxv-plus-presentazione.jpg\" id=\"video-16-9\">\n                        <source data-src=\"https:\/\/came-cdn.thron.com\/delivery\/public\/video\/came\/bc0f9d0e-c727-4bf8-8fdb-9839411a86a9\/nftrqs\/WEBHD\/came-bxv-plus-fr\" type=\"video\/mp4\" \/>\n                        <source data-src=\"https:\/\/came-cdn.thron.com\/delivery\/public\/video\/came\/a7231fbe-dddf-487e-b638-08bf0088897f\/ihjkgn\/WEBHD\/came-bxv-plus-presentazione-en\" type=\"video\/webm\" \/>\n                    <\/video>\n                <\/div>\n            <\/div>\n        <\/div>\n    <\/div>\n    \n    <!--SECTION 03-->\n    <div class=\"section\" id=\"section-03\">\n        <!--slide 03-->\n        <div class=\"slide\" id=\"slide-03\">\n            <div class=\"box-top\"><\/div>\n            <div class=\"container\">\n                <div class=\"box-titolo\">\n                    <div class=\"box-titolo-txt\">\n                        <h2>BXV PLUS<br>\n                        BXV, UN PAS EN AVANT<\/h2>\n                    <\/div>\n                <\/div>\n                <div class=\"box-descrizione\">\n                    <div class=\"box-descrizione-txt\">\n                        <p>La nouvelle carte de contr\u00f4le ZBC1 offre de nouvelles fonctions avanc\u00e9es par rapport au BXV, afin d&rsquo;obtenir des meilleures performances<\/p>\n                        <ul>\n                            <li><h3>Assistant de configuration avec Auto-Setup<\/h3><\/li>\n                            <li><h3>Adaptive Speed et Torque Technologie<\/h3><\/li>\n                            <li><h3>Compatible avec les syst\u00e8mes BUS CXN<\/h3><\/li>\n                        <\/ul>\n                    <\/div>\n                <\/div>\n            <\/div>\n        <\/div>\n    <\/div>\n    \n    <!--SECTION 04-->\n    <div class=\"section\" id=\"section-04\">\n        <!--slide 04-->\n        <div class=\"slide\" id=\"slide-04\">\n            <div class=\"box-top\"><\/div>\n            <div class=\"container\">\n                <div class=\"box-titolo\">\n                    <div class=\"box-titolo-txt\">\n                        <h2>ASSISTANT DE CONFIGURATION<br>\n                        AVEC AUTO-SETUP<\/h2>\n                        <p>BXV PLUS permet de gagner du temps lors de l&rsquo;installation gr\u00e2ce \u00e0 deux modes de configuration:<\/p>\n                        <ul>\n                            <li><strong>UTILISATION DE L&rsquo;AFFICHAGE GRAPHIQUE<\/strong> directement sur la carte de commande, en suivant les instructions pas \u00e0 pas<\/li>\n                            <li><strong>UTILISATION DU SMARTPHONE<\/strong> gr\u00e2ce \u00e0 la connexion Wi-Fi \u00e0 CAME KEY<\/li>\n                        <\/ul>\n                        <p><a href=\"https:\/\/www.came.com\/fr\/installateurs\/solutions\/automatisme-de-portails-garages-et-barrieres\/garage-door-accessoires\/came-key\" class=\"btn btn-inv\" target=\"_blank\" rel=\"noopener\">EN SAVOIR PLUS SUR CAME KEY ><\/a><\/p>\n                    <\/div>\n                <\/div>\n            <\/div>\n        <\/div>\n    <\/div>\n    \n    <!--SECTION 05-->\n    <div class=\"section\" id=\"section-05\">\n        <!--slide 05-->\n        <div class=\"slide\" id=\"slide-05\">\n            <div class=\"box-top\"><\/div>\n            <div class=\"container\">\n                <div class=\"box-titolo\">\n                    <div class=\"box-titolo-txt\">\n                        <h2>ADAPTIVE<br>\n                        SPEED ET TORQUE<br>\n                        TECHNOLOGIE<\/h2>\n                        <p>C&rsquo;est la technologie qui adapte constamment le couple et permet d&rsquo;obtenir des co\u00fbts de maintenance r\u00e9duits et une efficacit\u00e9 maximale dans n&rsquo;importe quelle condition m\u00e9t\u00e9orologique.<\/p>\n                        <p><span class=\"btn btn-inv\" id=\"next-slide-01\">EN SAVOIR PLUS ><\/span><\/p>\n                    <\/div>\n                <\/div>\n            <\/div>\n        <\/div>\n        <!--slide 06-->\n        <div class=\"slide\" id=\"slide-06\">\n            <div class=\"box-top\">\n                <div class=\"grafico lines\"><\/div>\n                <div class=\"grafico mask\"><\/div>\n                <div class=\"grafico txt en\"><\/div>\n            <\/div>\n            <div class=\"container\">\n                <div class=\"box-titolo\">\n                    <div class=\"box-titolo-txt\">\n                        <h2>ADAPTIVE<br>\n                        SPEED ET TORQUE<br>\n                        TECHNOLOGIE<\/h2>\n                        <p>La carte de contr\u00f4le \u00e9lectronique surveille en permanence:<\/p>\n                        <ul>\n                            <li>LA VITESSE<\/li>\n                            <li>L&rsquo;ACC\u00c9L\u00c9RATION \/ LE RALENTISSEMENT<\/li>\n                            <li>L&rsquo;ABSORPTION DE COURANT<\/li>\n                        <\/ul>\n                        <p>Elle garantit une plus grande s\u00e9curit\u00e9 en cas d&rsquo;obstacles et une d\u00e9tection des probl\u00e8mes de frottement dans n&rsquo;importe quelle condition m\u00e9t\u00e9orologique, comme la pr\u00e9sence de salet\u00e9s ou de petites pierres sur le rail.<\/p>\n                    <\/div>\n                <\/div>\n            <\/div>\n        <\/div>\n    <\/div>\n    \n    <!--SECTION 06-->\n    <div class=\"section\" id=\"section-06\">\n        <!--slide 07-->\n        <div class=\"slide\" id=\"slide-07\">\n            <div class=\"container\">\n                <div class=\"box-btn\">\n                    <div class=\"box-titolo\">\n                        <img decoding=\"async\" src=\"https:\/\/www.came.com\/global\/sites\/default\/files\/bxv-landing\/img\/ico-cxn.png\" alt=\"Logo CXN\">\n                        <h2>LE PREMIER BUS CXN NATIF<br>\n                        AUTOMATISATION DE PORTAILS COULISSANTS<\/h2>\n                    <\/div>\n                    <p>BXV PLUS est \u00e9quip\u00e9 d&rsquo;entr\u00e9es pour la connexion d&rsquo;accessoires aussi bien traditionnels que BUS CXN.<\/p>\n                    <p class=\"hide-767\">Le syst\u00e8me CAME \u00e0 2 fils non polaris\u00e9s, permet de r\u00e9duire les op\u00e9rations de c\u00e2blage et d&rsquo;obtenir un retour de chaque accessoire, gr\u00e2ce \u00e0 la fonction de configuration automatique.<\/p>\n                    <ul class=\"box-selector\">\n                        <li id=\"sel-01\" class=\"selected\">CONNEXION EN SERIE<\/li>\n                        <li id=\"sel-02\">CONNEXION EN \u00c9TOILE<\/li>\n                        <li id=\"sel-03\">CONNEXION MIXTE<\/li>\n                    <\/ul>\n                <\/div>\n                <div class=\"box-interface\">\n                    <img decoding=\"async\" id=\"int-01\" class=\"selected\" src=\"https:\/\/www.came.com\/global\/sites\/default\/files\/bxv-landing\/img\/cxn-collegamento-catena.jpg\" alt=\"DAISY CHAIN Connection\">\n                    <img decoding=\"async\" id=\"int-02\" src=\"https:\/\/www.came.com\/global\/sites\/default\/files\/bxv-landing\/img\/cxn-collegamento-stella.jpg\" alt=\"STAR Connection\">\n                    <img decoding=\"async\" id=\"int-03\" src=\"https:\/\/www.came.com\/global\/sites\/default\/files\/bxv-landing\/img\/cxn-collegamento-misto.jpg\" alt=\"MIXED Connection\">\n                <\/div>\n            <\/div>\n        <\/div>\n    <\/div>\n    \n    <!--SECTION 07-->\n    <div class=\"section\" id=\"section-07\">\n        <!--slide 08-->\n        <div class=\"slide\" id=\"slide-08\">\n            <div class=\"box-top\"><\/div>\n            <div class=\"container\">\n                <div class=\"box-titolo\">\n                    <div class=\"box-titolo-txt\">\n                        <h2>COMPATIBLE AVEC AMAZON ALEXA<\/h2>\n                        <p>Gr\u00e2ce \u00e0 la passerelle Wi-Fi suppl\u00e9mentaire, BXV PLUS peut se connecter \u00e0 n&rsquo;importe quel box internet pour permettre la gestion \u00e0 distance par smartphone.<\/p>\n                        <p>En m\u00eame temps, il est possible d&rsquo;utiliser la commande vocale Amazon Alexa pour ouvrir ou fermer le portail, l&rsquo;arr\u00eater ou v\u00e9rifier son \u00e9tat.<\/p>\n                        <div class=\"loghi\">\n                            <div class=\"sx\">\n                                <img decoding=\"async\" src=\"https:\/\/www.came.com\/global\/sites\/default\/files\/bxv-landing\/img\/ico-came-app.png\" alt=\"CAME\">\n                            <\/div>\n                            <div class=\"dx\">\n                                <span>APP AUTOMATION<\/span>\n                                <a href=\"https:\/\/play.google.com\/store\/apps\/details?id=com.came.cameconnectapp&#038;hl=en&#038;gl=US\" target=\"_blank\" rel=\"noopener\"><img decoding=\"async\" src=\"https:\/\/www.came.com\/global\/sites\/default\/files\/bxv-landing\/img\/download-google-play.png\" alt=\"Get it on Google Play\"><\/a>\n                                <a href=\"https:\/\/apps.apple.com\/us\/app\/came-automation\/id1098115880\" target=\"_blank\" rel=\"noopener\"><img decoding=\"async\" src=\"https:\/\/www.came.com\/global\/sites\/default\/files\/bxv-landing\/img\/download-app-store.png\" alt=\"Get it on App Store\"><\/a>\n                            <\/div>\n                        <\/div>\n                    <\/div>\n                <\/div>\n            <\/div>\n        <\/div>\n    <\/div>\n    \n    <!--SECTION 08-->\n    <div class=\"section\" id=\"section-08\">\n        <!--slide 09-->\n        <div class=\"slide\" id=\"slide-09\">\n            <div class=\"container\">\n                <div class=\"box-table\">\n                    <div class=\"box-table-txt\">\n                        <h2>BXV PLUS EST DISPONIBLE EN 3 VERSIONS<\/h2>\n                        <table>\n                            <tr>\n                                <th>&nbsp;<\/th>\n                                <th><h3>BXV PLUS<\/h3><\/th>\n                            <\/tr>\n                            <tr>\n                                <td>400&nbsp;Kg<\/td>\n                                <td>801MS-0570<\/td>\n                            <\/tr>\n                            <tr>\n                                <td>600&nbsp;Kg<\/td>\n                                <td>801MS-0580<\/td>\n                            <\/tr>\n                            <tr>\n                                <td>1000&nbsp;Kg<\/td>\n                                <td>801MS-0590<\/td>\n                            <\/tr>\n                        <\/table>\n                    <\/div>\n                <\/div>\n                <div class=\"box-descrizione\">\n                    <div class=\"box-descrizione-txt\">\n                        <p>La gamme compl\u00e8te BXV comprend<br>\n                        10 mod\u00e8les aux caract\u00e9ristiques diff\u00e9rentes.<\/p>\n                        <p><a href=\"https:\/\/www.came.com\/fr\/installateurs\/solutions\/automatisme-de-portails-garages-et-barrieres\/automatismes-coulissants\/bxv\" class=\"btn btn-ev\">D\u00c9COUVREZ LA GAMME COMPL\u00c8TE<\/a><\/p>\n                    <\/div>\n                <\/div>\n            <\/div>\n\n        <\/div>\n    <\/div>\n    \n<\/div>\n\n<div id=\"landscape-alert\" style=\"display:none;\"><\/div>\n\n<script type=\"text\/javascript\" src=\"https:\/\/www.came.com\/global\/sites\/default\/files\/bxv-landing\/js\/fullpage.min.js\" defer><\/script>\n<script type=\"text\/javascript\" src=\"https:\/\/www.came.com\/global\/sites\/default\/files\/bxv-landing\/js\/custom.js\" defer><\/script>\n\n\n\n<script src=\"https:\/\/code.jquery.com\/jquery-3.7.1.min.js\" integrity=\"sha256-\/JqT3SQfawRcv\/BIHPThkBvs0OEvtFFmqPF\/lYI\/Cxo=\" crossorigin=\"anonymous\"><\/script>\n<\/div>\n","protected":false},"excerpt":{"rendered":"<p>BXV PLUS LE MOTEUR RESIDENTIEL ELECTRONIQUE LE PLUS AVANCE AUSSI PUISSANT ET FIABLE QUE LE BXV Le moteur 24V pour portails coulissants jusqu&rsquo;\u00e0 1.000 Kg \u00c9quip\u00e9 d&rsquo;un encodeur pour des mouvements fluides et des ralentissements efficaces. Disponible avec un syst\u00e8me de batterie de secours pour un fonctionnement s\u00fbr en cas de panne de courant. D\u00c9COUVREZ [&hellip;]<\/p>\n","protected":false},"author":6,"featured_media":0,"parent":0,"menu_order":0,"comment_status":"closed","ping_status":"closed","template":"page_template-landing-fullscreen.php","meta":{"elastic_search":"","powered_cache_disable_cache":false,"footnotes":""},"_links":{"self":[{"href":"https:\/\/www.came.com\/fr\/wp-json\/wp\/v2\/pages\/12741"}],"collection":[{"href":"https:\/\/www.came.com\/fr\/wp-json\/wp\/v2\/pages"}],"about":[{"href":"https:\/\/www.came.com\/fr\/wp-json\/wp\/v2\/types\/page"}],"author":[{"embeddable":true,"href":"https:\/\/www.came.com\/fr\/wp-json\/wp\/v2\/users\/6"}],"replies":[{"embeddable":true,"href":"https:\/\/www.came.com\/fr\/wp-json\/wp\/v2\/comments?post=12741"}],"version-history":[{"count":1,"href":"https:\/\/www.came.com\/fr\/wp-json\/wp\/v2\/pages\/12741\/revisions"}],"predecessor-version":[{"id":12742,"href":"https:\/\/www.came.com\/fr\/wp-json\/wp\/v2\/pages\/12741\/revisions\/12742"}],"wp:attachment":[{"href":"https:\/\/www.came.com\/fr\/wp-json\/wp\/v2\/media?parent=12741"}],"curies":[{"name":"wp","href":"https:\/\/api.w.org\/{rel}","templated":true}]}}