{"id":12737,"date":"2025-05-27T10:18:59","date_gmt":"2025-05-27T08:18:59","guid":{"rendered":"https:\/\/www.came.com\/fr\/?page_id=12737"},"modified":"2025-05-27T10:19:02","modified_gmt":"2025-05-27T08:19:02","slug":"zlx-landing","status":"publish","type":"page","link":"https:\/\/www.came.com\/fr\/zlx-landing\/","title":{"rendered":"ZLX Landing"},"content":{"rendered":"\n<div class=\"wp-block-group alignfull custom-html-group is-layout-flow wp-block-group-is-layout-flow\">\n <link rel=\"stylesheet\" type=\"text\/css\" href=\"https:\/\/www.came.com\/global\/sites\/default\/files\/zlx-landing\/css\/normalize.css\" \/>\n <link rel=\"stylesheet\" type=\"text\/css\" href=\"https:\/\/www.came.com\/global\/sites\/default\/files\/zlx-landing\/css\/fullpage.min.css\" \/>\n <link rel=\"stylesheet\" type=\"text\/css\" href=\"https:\/\/www.came.com\/global\/sites\/default\/files\/zlx-landing\/css\/custom.css\" \/>\n\n<style>\n body {font-family: \"Helvetica Neue\",Helvetica,Arial,sans-serif;}\n  .section {\n        margin: 0;\n        padding: 0;\n      }\n      .main-header {\n          position: absolute;\n          width: 100vw;\n          background: transparent;\n          border: none;\n          z-index: 9;\n          transition: opacity 0.3s ease-in-out;\n      }\n      .main-header.hidden-header {\n          opacity: 0;\n          z-index: -1;\n      }\n      .main-header > .top {\n          display: none;\n      }\n      .main-header > .bottom {\n          margin: 0;\n          background: #fff;\n      }\n\nh1, h2, h3, h4, h5, h6 {\n    font-family: \"Came\",sans-serif;\n    font-weight: 400;\n    line-height: 1;\n}\n  \n  \n  h1 {font-size: 48px;}\n  h2 {font-size: 37px;}\n  h3 {font-size: 25px;}\n  \n  #fp-nav.fp-right {\n    position: absolute;\n    bottom: 2.5vh;\n  }\n  \n  #fp-nav ul {\n    position: absolute;\n    bottom: 0;\n  }\n  \n    #fp-nav ul li a span, .fp-slidesNav ul li a span {\n    background: #009fe3;\n    border: 0.5px solid white;\n}\n  \n  #fp-nav.fp-right {\n      right: 30px;\n    }\n  \n  .main-footer {display: none;}\n  \n  body, .main-wrapper {background: #010101;}\n  \n  #section-footer-form {\n    display: flex;\n    align-items: center;\n    height: 100vh;\n    background: #000;\n  }\n  \n    #section-footer-form .-fixed-width .fp-tableCell {\n      height: 1080px;\n    display: flex;\n    align-items: center;\n    width: 100vw;\n  }\n  \n   .form-contacts {\n    max-width: 100vw;\n    margin: auto;\n    width: 100vw\n  }\n  \n  .form-contacts form {\n    margin: 0 auto;\n    max-width: 728px;\n    width: 80%;\n  }\n  \n  .form-contacts .form-title {\n    color: #fff;\n    text-align: center;\n    display: block;\n    font-size: 15px;\n  }\n  \n  .form-contacts .form-title span {\n    color: #00B0ED;\n  }\n  \n  .form-contacts .form-image {\n    margin: 0 auto;\n    width: 100%;\n    max-width: 420px;\n  }\n  \n  .form-contacts label {\n    color: #fff;\n  }\n  \n  .form-contacts p {\n    color: #fff;\n    display: inline-block;\n  }\n  \n  .form-contacts p.small-privacy {\n    font-size: 12px !important;\n    line-height: 15px;\n  }\n  \n  .form-contacts .title {\n    margin: 3vh 0 0 0;\n  }\n  \n  .form-contacts .group {\n    margin-top: 2rem;\n    margin-bottom: 2rem;\n  }\n  \n  .form-contacts input[type=\"submit\"] {\n    margin-top: 0.5rem;\n  }\n  \n  .webform-confirmation-modal {\n    width: 300px !important;\n  }\n  \ninput[type=\"radio\"] {\n  margin-right: 10px;\n   }\n  \n  #edit-radio-dem-option label{\n  margin-right: 10px;\n  }\n  \n  @media only screen and (orientation: portrait) and (max-width: 991px){\n    .form-contacts .group {\n      margin-top: 1rem;\n      margin-bottom: 1rem;\n    }\n    .form-contacts input[type=\"text\"], .form-contacts input[type=\"email\"] {\n      padding: 0.4rem 1rem;\n      margin: 0.4rem 0;\n    }\n    .form-contacts .item {\n      margin-bottom: 1rem;\n    }\n    h1 {\n      font-size: 35px;\n    }\n    h2 {\n      font-size: 28px;\n    }\n    h3 {\n      font-size: 20px;\n    }\n    .hidden-mobile {display: none;}\n    #section-03 .slide#slide-06 .container .box-06-titolo .box-06-titolo-txt, #section-06 .slide#slide-07 .container .box-07-titolo .box-07-titolo-txt, #section-07 .slide#slide-08 .container .box-08-titolo .box-08-titolo-txt {\n      height: auto;\n    }\n  }\n  \n  @media only screen and (orientation: landscape) and (min-width: 992px){\n    #fp-nav.fp-left {\n      left: 17px;\n    }\n    #section-footer-double .slide#slide-footer-double .box-footer-double-bg-dx {\n      background-position: center center;\n    }\n  }\n  \n  @media only screen and (orientation: landscape) and (min-width: 1171px){\n    #section-02 .slide#slide-02 .container > div, #section-03 .slide#slide-04 .container > div, #section-04 .slide#slide-05 .container > div, #section-05 .slide#slide-06 .container > div, #section-06 .slide#slide-03 .container > div {\n      width: 75% !important;\n    }\n    #section-02 .slide#slide-02 .container > div > div, #section-03 .slide#slide-04 .container > div > div, #section-04 .slide#slide-05 .container > div > div, #section-05 .slide#slide-06 .container > div > div, #section-06 .slide#slide-03 .container > div > div {\n      padding: 0 !important;\n    }\n    #section-02 .slide#slide-02 .container, #section-03 .slide#slide-04 .container, #section-04 .slide#slide-05 .container, #section-05 .slide#slide-06 .container {\n      left: 0;\n      width: 50%;\n      justify-content: center;\n      margin: 0;\n    }\n    #section-06 .slide#slide-03 .container {\n      left: 50%;\n      width: 50%;\n      justify-content: center;\n      margin: 0;\n    }\n    #section-03 .slide#slide-04 .container .box-04-titolo, #section-04 .slide#slide-05 .container .box-05-titolo {\n      justify-content: center;\n      display: flex;\n    }\n  }\n  \n  #landscape-alert {\n  display: none !important;\n}\n<\/style>\n\n<div id=\"fullpage\">\n\n\t<!--SECTION INTRO-->\n\t<div class=\"section\" id=\"section-intro\">\n        <!--slide intro-->\n        <div class=\"slide\" id=\"slide-intro\">\n            <div class=\"box-intro-top\"><\/div>\n            <div class=\"container\">\n                <div class=\"box-intro-titolo\">\n                    <div class=\"box-intro-titolo-txt\">\n                        <h1>ZLX24<\/h1>\n                        <h2>L\u2019ARMOIRE <br>\n                        DE COMMANDE AVANC\u00c9E<br>\n                        POUR MOTEURS DE<br>\n                        PORTAILS BATTANTS 24V<\/h2>\n                        <p><span class=\"btn btn-inv\" id=\"next-slide-video\">Regarder la vid\u00e9o&nbsp;&gt;<\/span><\/p>\n                    <\/div>\n                <\/div>\n            <\/div>\n        <\/div>\n        <!--slide video-->\n        <div class=\"slide\" id=\"slide-video\">\n            <span id=\"box-video-close\" class=\"btn btn-inv\">X<\/span>\n            <div class=\"container\">\n                <div class=\"video-16-9\">\n                    <video controls poster=\"https:\/\/www.came.com\/global\/sites\/default\/files\/zlx-landing\/img\/video-came-zlx.jpg\" id=\"video-16-9\" controlsList=\"nodownload\">\n                        <source data-src=\"https:\/\/www.came.com\/global\/sites\/default\/files\/zlx-landing\/video\/came-zlx-en.mp4\" type=\"video\/mp4\" \/>\n                    <\/video>\n                <\/div>\n            <\/div>\n        <\/div>\n    <\/div>\n    \n\t<!--SECTION 01-->\n\t<div class=\"section\" id=\"section-01\">\n        <!--slide 01-->\n        <div class=\"slide\" id=\"slide-01\">\n            <div class=\"container\">\n                <div class=\"box-01-circle\" id=\"box1\">\n                \t<h2>ZLX24<span>SA<\/span><\/h2>\n                    <div class=\"circle\">\n                        <div class=\"prop\">\n                        \t<div class=\"circle-cont\">\n                            \t<img decoding=\"async\" src=\"https:\/\/www.came.com\/global\/sites\/default\/files\/zlx-landing\/img\/zlx24sa-front.png\" alt=\"ZLX24SA front\">\n                            <\/div>\n                        <\/div>\n                    <\/div>\n            \t<\/div>\n                <div class=\"box-01-titolo\">\n                    <div class=\"box-01-titolo-txt\">\n                         <h3>2 MOD\u00c8LES <br><br>\n                        AVEC DES <br>\n                        CARACT\u00c9RISTIQUES <br class=\"alt\">\n                        DE POINTE<br>\n                        <span class=\"hidden-mobile\">&nbsp;<\/span><\/h3>\n                    <\/div>\n                <\/div>\n                <div class=\"box-01-circle\" id=\"box2\">\n                \t<h2>ZLX24<span>MA<\/span><\/h2>\n                    <div class=\"circle\">\n                        <div class=\"prop\">\n                        \t<div class=\"circle-cont\">\n                            \t<img decoding=\"async\" src=\"https:\/\/www.came.com\/global\/sites\/default\/files\/zlx-landing\/img\/zlx24ma-front.png\" alt=\"ZLX24MA front\">\n                            <\/div>\n                        <\/div>\n                    <\/div>\n            \t<\/div>\n            <\/div>\n        <\/div>\n    <\/div>\n    \n\t<!--SECTION 07-->\n\t<div class=\"section\" id=\"section-07\">\n        <!--slide 08-->\n        <div class=\"slide\" id=\"slide-08\">\n            <div class=\"container\">\n                <div class=\"box-08-circle\" id=\"box3\">\n                \t<h2>ZLX24<span>SA<\/span><\/h2>\n                    <div class=\"circle\">\n                        <div class=\"prop\">\n                        \t<div class=\"circle-cont\">\n                            \t<img decoding=\"async\" src=\"https:\/\/www.came.com\/global\/sites\/default\/files\/zlx-landing\/img\/zlx24sa-dimension.jpg\" alt=\"ZLX24SA dimension\">\n                            <\/div>\n                        <\/div>\n                    <\/div>\n            \t<\/div>\n                <div class=\"box-08-titolo\">\n                    <div class=\"box-08-titolo-txt\">\n                        <h3>2 MOD\u00c8LES <br><br>\n                        DIFF\u00c9RENT DIMENSIONS <br>\n                        DE LA BO\u00ceTE<br>\n                        <span class=\"hidden-mobile\">&nbsp;<\/span><br class=\"hidden-mobile\">\n                        <span class=\"hidden-mobile\">&nbsp;<\/span><\/h3>\n                    <\/div>\n                <\/div>\n                <div class=\"box-08-circle\" id=\"box4\">\n                \t<h2>ZLX24<span>MA<\/span><\/h2>\n                    <div class=\"circle\">\n                        <div class=\"prop\">\n                        \t<div class=\"circle-cont\">\n                            \t<img decoding=\"async\" src=\"https:\/\/www.came.com\/global\/sites\/default\/files\/zlx-landing\/img\/zlx24ma-dimension.jpg\" alt=\"ZLX24MA dimension\">\n                            <\/div>\n                        <\/div>\n                    <\/div>\n            \t<\/div>\n            <\/div>\n        <\/div>\n    <\/div>\n    \n\t<!--SECTION 08-->\n\t<div class=\"section\" id=\"section-08\">\n        <!--slide 09-->\n        <div class=\"slide\" id=\"slide-09\">\n            <div class=\"container\">\n                <div class=\"box-09-circle\" id=\"box5\">\n                \t<h2>ZLX24<span>SA<\/span><\/h2>\n                    <div class=\"circle\">\n                        <div class=\"prop\">\n                        \t<div class=\"circle-cont\">\n                            \t<p> \n                                    <span style=\"font-weight: 600;\">PLUS:<\/span><br>\n                                    &gt; <span>\u00c9cran graphique<\/span><br>\n                                    &gt; <span>1000<\/span> utilisateurs<br>\n                                    &gt; <span>4<\/span> entr\u00e9es de s\u00e9curit\u00e9 r\u00e9glables<br>\n                                    &gt; Sortie B1 &#8211; B2<br>\n                                    &gt; Module Horloge<br>\n                                    &gt; Couvercle en plastique PCB\n                                <\/p>\n                            <\/div>\n                        <\/div>\n                    <\/div>\n            \t<\/div>\n                <div class=\"box-09-titolo\">\n                    <div class=\"box-09-titolo-txt\">\n                        <h3>2 MOD\u00c8LES <br><br>\n                        FONCTIONNALIT\u00c9S \u00c9LECTRONIQUES AVANC\u00c9ES <br>\n                        POUR UTILISATION TYPIQUE <br>\n                        OU DES APPLICATIONS PLUS EXIGEANTES<\/h3>\n                    <\/div>\n                <\/div>\n                <div class=\"box-09-circle\" id=\"box6\">\n                \t<h2>ZLX24<span>MA<\/span><\/h2>\n                    <div class=\"circle\">\n                        <div class=\"prop\">\n                        \t<div class=\"circle-cont\">\n                            \t<p>\n                                    <span style=\"font-weight: 600;\">PLUS:<\/span><br>\n                                    &gt; <span>Afficheur \u00e0 7 segments<\/span><br>\n                                    &gt; <span>250<\/span> utilisateurs<br>\n                                    &gt; <span>2<\/span> entr\u00e9es de s\u00e9curit\u00e9 r\u00e9glables\n                                <\/p>\n                            <\/div>\n                        <\/div>\n                    <\/div>\n            \t<\/div>\n            <\/div>\n        <\/div>\n    <\/div>\n    \n\t<!--SECTION 02-->\n\t<div class=\"section\" id=\"section-02\">\n        <!--slide 02-->\n        <div class=\"slide\" id=\"slide-02\">\n            <div class=\"container\">\n                <div class=\"box-02-titolo\">\n                    <div class=\"box-02-titolo-txt\">\n                        <h2>PROGRAMMATION FACILE<\/h2>\n                        <p>ZLX24 peut \u00eatre configur\u00e9 selon une proc\u00e9dure manuelle standard, ou \u00e0 l&rsquo;aide d&rsquo;un smartphone gr\u00e2ce \u00e0 la technologie <span class=\"color\">CONNECT<\/span>.<\/p>\n                        <p>Le connecteur direct peut \u00eatre utilis\u00e9e pour connecter la <span class=\"color\">CAME KEY<\/span> ou les <span class=\"color\">passerelles CAME<\/span>, permettant une gamme compl\u00e8te de fonctions suppl\u00e9mentaires pour la gestion locale ou \u00e0 distance de l&rsquo;automatisme.<\/p>\n                        <p><a href=\"https:\/\/www.came.com\/fr\/installateurs\/solutions\/automatisme-de-portails-garages-et-barrieres\/garage-door-accessoires\/came-key\" class=\"btn btn-def\" target=\"_blank\" rel=\"noopener\">D\u00c9COUVRIR CAME KEY&nbsp;&gt;<\/a><\/p>\n                    <\/div>\n                <\/div>\n            <\/div>\n            <div class=\"box-02-video\">\n                <div class=\"video-fs video-subtitles\">\n                    <video muted data-keepplaying playsinline preload=\"auto\" id=\"connect-zlx\" poster=\"https:\/\/www.came.com\/global\/sites\/default\/files\/zlx-landing\/img\/video-connect-zlx.jpg\">\n                        <source data-src=\"https:\/\/www.came.com\/global\/sites\/default\/files\/zlx-landing\/video\/connect-zlx.mp4\" type=\"video\/mp4\" \/>\n                    <\/video>\n                    <span class=\"subtitle subtitle-1\"><img decoding=\"async\" src=\"https:\/\/www.came.com\/global\/sites\/default\/files\/zlx-landing\/img\/logo-connect.png\" alt=\"Logo Connect\"><\/span>\n                <\/div>\n            <\/div>\n        <\/div>\n    <\/div>\n    \n\t<!--SECTION 06-->\n\t<div class=\"section\" id=\"section-06\">\n        <!--slide 03-->\n        <div class=\"slide\" id=\"slide-03\">\n            <div class=\"box-03-img\"><\/div>\n            <div class=\"container\">\n                <div class=\"box-03-titolo\">\n                    <div class=\"box-03-titolo-txt\">\n                        <h3><span>TECHNOLOGIE ADAPTIVE<\/span> SPEED AND TORQUE<\/h3>\n                        <p>ZLX24 g\u00e8re en permanence l&rsquo;acc\u00e9l\u00e9ration, les ralentissements et le courant absorb\u00e9 pour maintenir le couple et la vitesse toujours au niveau d\u00e9fini quelles que soient les conditions m\u00e9t\u00e9orologiques.<\/p>\n                        <h3><span>ENCODEUR<\/span> VIRTUEL<\/h3>\n                        <p>ZLX24 assure performance et s\u00e9curit\u00e9 m\u00eame pour les moteurs sans Encodeur, gr\u00e2ce \u00e0 la possibilit\u00e9 de g\u00e9rer \u00e9lectroniquement le couple et la d\u00e9tection d&rsquo;obstacle.<\/p>\n                        <h3><span>CONTR\u00d4LE DE MOUVEMENT<\/span> INTELLIGENT<\/h3>\n                        <p>Il n&rsquo;est pas n\u00e9cessaire de r\u00e9gler manuellement le ralentissement des vantaux, gr\u00e2ce \u00e0 une proc\u00e9dure enti\u00e8rement automatique.<\/p>\n                    <\/div>\n                <\/div>\n            <\/div>\n        <\/div>\n    <\/div>\n    \n\t<!--SECTION 03-->\n\t<div class=\"section\" id=\"section-03\">\n        <!--slide 04-->\n        <div class=\"slide\" id=\"slide-04\">\n            <div class=\"container\">\n                <div class=\"box-04-titolo\">\n                    <div class=\"box-04-titolo-txt\">\n                        <h2><span>INSTALLATION<\/span> FACILE<\/h2>\n                        <p>\u00c9quip\u00e9 d\u2019un syst\u00e8me DIN de barre \u00e0 suspension.<br>\n                        Il s&rsquo;adapte \u00e9galement aux trous de fixation existants <br>\n                        des autres armoires CAME, en cas de remplacement.<\/p>\n                    <\/div>\n                <\/div>\n            <\/div>\n            <div class=\"box-04-video\">\n                <div class=\"video-fs video-no-subtitles\">\n                    <video muted data-keepplaying playsinline preload=\"auto\" id=\"easy-fixing\" poster=\"https:\/\/www.came.com\/global\/sites\/default\/files\/zlx-landing\/img\/video-easy-fixing.jpg\">\n                        <source data-src=\"https:\/\/www.came.com\/global\/sites\/default\/files\/zlx-landing\/video\/easy-fixing.mp4\" type=\"video\/mp4\" \/>\n                    <\/video>\n                <\/div>\n            <\/div>\n        <\/div>\n    <\/div>\n    \n\t<!--SECTION 04-->\n\t<div class=\"section\" id=\"section-04\">\n        <!--slide 05-->\n        <div class=\"slide\" id=\"slide-05\">\n            <div class=\"container\">\n                <div class=\"box-05-titolo\">\n                    <div class=\"box-05-titolo-txt\">\n                        <h2><span>C\u00c2BLAGE<\/span> PRATIQUE<\/h2>\n                        <p>Carte inclinable et amovible <br>\n                        pour le c\u00e2blage en position confortable.<br>\n                        L&rsquo;espace disponible situ\u00e9 sous la carte permet d&rsquo;ins\u00e9rer <br>\n                        les accessoires et laisser passer les c\u00e2bles.<\/p>\n                    <\/div>\n                <\/div>\n            <\/div>\n            <div class=\"box-05-video\">\n                <div class=\"video-fs video-no-subtitles\">\n                    <video muted data-keepplaying playsinline preload=\"auto\" id=\"easy-cabling\" poster=\"https:\/\/www.came.com\/global\/sites\/default\/files\/zlx-landing\/img\/video-easy-cabling.jpg\">\n                        <source data-src=\"https:\/\/www.came.com\/global\/sites\/default\/files\/zlx-landing\/video\/easy-cabling.mp4\" type=\"video\/mp4\" \/>\n                    <\/video>\n                <\/div>\n            <\/div>\n        <\/div>\n    <\/div>\n    \n\t<!--SECTION 05-->\n\t<div class=\"section\" id=\"section-05\">\n        <!--slide 06-->\n        <div class=\"slide\" id=\"slide-06\">\n            <div class=\"container\">\n                <div class=\"box-06-titolo\">\n                    <div class=\"box-06-titolo-txt\">\n                    \t<h3><span>CONNEXION<\/span> MULTIPLE<\/h3>\n                        <p>ZLX24 peut g\u00e9rer \u00e0 la fois les accessoires <strong>TRADITIONNELS<\/strong> et <strong>CXN BUS<\/strong>, ou les accessoires <strong>SANS FIL<\/strong> gr\u00e2ce au RIO SYSTEM<\/p>\n                        <ul>\n                        \t<li>jusqu\u2019\u00e0 8 paires de photocellules<\/li>\n                            <li>jusqu&rsquo;\u00e0 2 feux clignotants<\/li>\n                            <li>jusqu&rsquo;\u00e0 7 s\u00e9lecteurs de commande<\/li>\n                        <\/ul>\n                        <p>CXN BUS permet \u00e9galement d&rsquo;avoir un retour d\u2019information de chaque accessoire, gr\u00e2ce \u00e0 la fonction d&rsquo;auto-configuration.<\/p>\n                        <p><span class=\"btn btn-inv\" id=\"next-slide-02\">D\u00c9COUVRIR LA TECNOLOGIE CXN BUS&nbsp;&gt;<\/span><\/p>\n                    <\/div>\n                <\/div>\n            <\/div>\n            <div class=\"box-06-img\"><\/div>\n        <\/div>\n        <!--slide 07-->\n        <div class=\"slide\" id=\"slide-07\">\n            <div class=\"container\">\n                <div class=\"box-07-titolo\">\n                    <img decoding=\"async\" src=\"https:\/\/www.came.com\/global\/sites\/default\/files\/zlx-landing\/img\/logo-cxn.png\" alt=\"Logo CXN\">\n                    <div class=\"box-07-titolo-txt\">\n                    \t<h3>CXN<br>\n                        <span>MODE DE CONNEXION CXN BUS<\/span><\/h3>\n                    <\/div>\n                <\/div>\n            <\/div>\n            <div class=\"box-07-img\">\n                <div class=\"box-07-img-cont\">\n                    <p>Connexion MIXED<\/p>\n                \t<img decoding=\"async\" src=\"https:\/\/www.came.com\/global\/sites\/default\/files\/zlx-landing\/img\/cxn-bus-connection-mixed.jpg\" alt=\"Mixed connection\">\n                <\/div>\n                <div class=\"box-07-img-cont\">\n                    <p>Connexion STAR<\/p>\n                \t<img decoding=\"async\" src=\"https:\/\/www.came.com\/global\/sites\/default\/files\/zlx-landing\/img\/cxn-bus-connection-star.jpg\" alt=\"Star connection\">\n                <\/div>\n                <div class=\"box-07-img-cont\">\n                    <p>Connexion DAISY CHAIN<\/p>\n                \t<img decoding=\"async\" src=\"https:\/\/www.came.com\/global\/sites\/default\/files\/zlx-landing\/img\/cxn-bus-connection-daisy-chain.jpg\" alt=\"Daisy Chain connection\">\n                <\/div>\n            <\/div>\n        <\/div>\n    <\/div>\n\n\t<!--SECTION FOOTER-->\n\t<div class=\"section\" id=\"section-footer\">\n        <!--slide footer-->\n        <div class=\"slide\" id=\"slide-footer\">\n            <div class=\"box-footer-bg\">\n            \t<div class=\"box-footer-bg-txt bg-color\">\n                \t<h2>D\u00c9COUVREZ TOUTES <br>\n                    LES CARACT\u00c9RISTIQUES <br>\n                    DES ARMOIRES <br>\n                    DE COMMANDE <br>\n                    ZLX24<\/h2>\n                    <p><a class=\"btn btn-ev\" href=\"https:\/\/came-share.thron.com\/page?id=38a4a791-1df4-4d13-bd89-204ac00e755b\" target=\"_blank\" rel=\"noopener\">DOWNLOAD THE DEPLIANT&nbsp;&gt;<\/a><\/p>\n                    <p><a class=\"no-btn\" href=\"https:\/\/www.came.com\/fr\/installateurs\/solutions\/gate-automation-garage-door-and-road-barriers\/ats-installers\/zlx24\">VIEW PRODUCT PAGE&nbsp;&gt;<\/a><\/p>\n                <\/div>\n            <\/div>\n        <\/div>\n    <\/div>\n    \n<\/div>\n\n<div id=\"landscape-alert\" style=\"display:none;\"><\/div>\n\n<script type=\"text\/javascript\" src=\"https:\/\/www.came.com\/global\/sites\/default\/files\/zlx-landing\/js\/fullpage.fadingEffect.min.js\" defer><\/script>\n<script type=\"text\/javascript\" src=\"https:\/\/www.came.com\/global\/sites\/default\/files\/zlx-landing\/js\/fullpage.extensions.min.js\" defer><\/script>\n<script type=\"text\/javascript\" src=\"https:\/\/www.came.com\/global\/sites\/default\/files\/zlx-landing\/js\/custom.js?v=1\" defer><\/script>\n\n\n\n<script src=\"https:\/\/code.jquery.com\/jquery-3.7.1.min.js\" integrity=\"sha256-\/JqT3SQfawRcv\/BIHPThkBvs0OEvtFFmqPF\/lYI\/Cxo=\" crossorigin=\"anonymous\"><\/script>\n<\/div>\n","protected":false},"excerpt":{"rendered":"<p>ZLX24 L\u2019ARMOIRE DE COMMANDE AVANC\u00c9E POUR MOTEURS DE PORTAILS BATTANTS 24V Regarder la vid\u00e9o&nbsp;&gt; X ZLX24SA 2 MOD\u00c8LES AVEC DES CARACT\u00c9RISTIQUES DE POINTE &nbsp; ZLX24MA ZLX24SA 2 MOD\u00c8LES DIFF\u00c9RENT DIMENSIONS DE LA BO\u00ceTE &nbsp; &nbsp; ZLX24MA ZLX24SA PLUS: &gt; \u00c9cran graphique &gt; 1000 utilisateurs &gt; 4 entr\u00e9es de s\u00e9curit\u00e9 r\u00e9glables &gt; Sortie B1 &#8211; B2 [&hellip;]<\/p>\n","protected":false},"author":6,"featured_media":0,"parent":0,"menu_order":0,"comment_status":"closed","ping_status":"closed","template":"page_template-landing-fullscreen.php","meta":{"elastic_search":"","powered_cache_disable_cache":false,"footnotes":""},"_links":{"self":[{"href":"https:\/\/www.came.com\/fr\/wp-json\/wp\/v2\/pages\/12737"}],"collection":[{"href":"https:\/\/www.came.com\/fr\/wp-json\/wp\/v2\/pages"}],"about":[{"href":"https:\/\/www.came.com\/fr\/wp-json\/wp\/v2\/types\/page"}],"author":[{"embeddable":true,"href":"https:\/\/www.came.com\/fr\/wp-json\/wp\/v2\/users\/6"}],"replies":[{"embeddable":true,"href":"https:\/\/www.came.com\/fr\/wp-json\/wp\/v2\/comments?post=12737"}],"version-history":[{"count":1,"href":"https:\/\/www.came.com\/fr\/wp-json\/wp\/v2\/pages\/12737\/revisions"}],"predecessor-version":[{"id":12738,"href":"https:\/\/www.came.com\/fr\/wp-json\/wp\/v2\/pages\/12737\/revisions\/12738"}],"wp:attachment":[{"href":"https:\/\/www.came.com\/fr\/wp-json\/wp\/v2\/media?parent=12737"}],"curies":[{"name":"wp","href":"https:\/\/api.w.org\/{rel}","templated":true}]}}