{"id":12735,"date":"2025-05-27T10:16:41","date_gmt":"2025-05-27T08:16:41","guid":{"rendered":"https:\/\/www.came.com\/fr\/?page_id=12735"},"modified":"2025-05-27T10:16:43","modified_gmt":"2025-05-27T08:16:43","slug":"tts-landing","status":"publish","type":"page","link":"https:\/\/www.came.com\/fr\/tts-landing\/","title":{"rendered":"TTS Landing"},"content":{"rendered":"\n<div class=\"wp-block-group alignfull custom-html-group is-layout-flow wp-block-group-is-layout-flow\">\n<link rel=\"stylesheet\" type=\"text\/css\" href=\"https:\/\/www.came.com\/global\/sites\/default\/files\/tts-landing\/css\/normalize.css\" \/>\n<link rel=\"stylesheet\" type=\"text\/css\" href=\"https:\/\/www.came.com\/global\/sites\/default\/files\/tts-landing\/css\/fullpage.min.css\" \/>\n<link rel=\"stylesheet\" type=\"text\/css\" href=\"https:\/\/www.came.com\/global\/sites\/default\/files\/tts-landing\/css\/custom.css\" \/>\n\n<style>\n body {font-family: \"Helvetica Neue\",Helvetica,Arial,sans-serif;}\n  .section {\n        margin: 0;\n        padding: 0;\n      }\n      .main-header {\n          position: absolute;\n          width: 100vw;\n          background: transparent;\n          border: none;\n          z-index: 9;\n          transition: opacity 0.3s ease-in-out;\n      }\n      .main-header.hidden-header {\n          opacity: 0;\n          z-index: -1;\n      }\n      .main-header > .top {\n          display: none;\n      }\n      .main-header > .bottom {\n          margin: 0;\n          background: #fff;\n      }\n\nh1, h2, h3, h4, h5, h6 {\n    font-family: \"Came\",sans-serif;\n    font-weight: 400;\n    line-height: 1;\n}\n  \n  #section-intro .slide#slide-intro .box-intro-video .video-fs video {\n    object-fit: cover;\n    object-position: center -50%;\n  }\n  \n  sub {\n    bottom: 0;\n  }\n  \n  \n  h1 {font-size: 48px;}\n  h2 {font-size: 37px;}\n  h3 {font-size: 25px;}\n  \n  #fp-nav.fp-right {\n    position: absolute;\n    bottom: 2.5vh;\n  }\n  \n  #fp-nav ul {\n    position: absolute;\n    bottom: 0;\n  }\n  \n    #fp-nav ul li a span, .fp-slidesNav ul li a span {\n    background: #009fe3;\n    border: 0.5px solid white;\n}\n  \n  #fp-nav.fp-right {\n      right: 30px;\n    }\n  \n  .main-footer {display: none;}\n  \n  @media only screen and (orientation: portrait) and (max-width: 991px){\n    h1 {\n      font-size: 35px;\n    }\n    h2 {\n      font-size: 28px;\n    }\n    h3 {\n      font-size: 20px;\n    }\n    .hidden-mobile {display: none;}\n    #section-03 .slide#slide-06 .container .box-06-titolo .box-06-titolo-txt, #section-06 .slide#slide-07 .container .box-07-titolo .box-07-titolo-txt, #section-07 .slide#slide-08 .container .box-08-titolo .box-08-titolo-txt {\n      height: auto;\n    }\n  }\n  \n  @media only screen and (orientation: landscape) and (min-width: 992px){\n    #fp-nav.fp-left {\n      left: 17px;\n    }\n  }\n  \n<\/style>\n\n<div id=\"fullpage\">\n\n\t<!--SECTION INTRO-->\n\t<div class=\"section\" id=\"section-intro\">\n        <!--slide intro-->\n        <div class=\"slide\" id=\"slide-intro\">\n            <div class=\"box-intro-video\">\n                <div class=\"video-fs\">\n                    <video muted autoplay loop data-keepplaying playsinline preload=\"auto\" id=\"lifestyle-intro\">\n                        <source data-src=\"https:\/\/www.came.com\/global\/sites\/default\/files\/tts-landing\/video\/lifestyle-intro-v2.mp4\" type=\"video\/mp4\" \/>\n                    <\/video>\n                <\/div>\n            <\/div>\n            <div class=\"container\">\n                <div class=\"box-intro-titolo\">\n                    <div class=\"box-intro-titolo-txt\">\n                        <h1>TTS<\/h1>\n                        <h2><sub>&hellip;<\/sub> ET CELA<br>\n                        FONCTIONNE COMME<br>\n                        DANS UN R\u00caVE<\/h2>\n                    <\/div>\n                <\/div>\n            <\/div>\n        <\/div>\n    <\/div>\n    \n\t<!--SECTION 01-->\n\t<div class=\"section\" id=\"section-01\">\n        <!--slide 01-->\n        <div class=\"slide\" id=\"slide-01\">\n        \t<div class=\"box-01-img\"><\/div>\n            <div class=\"container\">\n                <div class=\"box-01-titolo\">\n                    <div class=\"box-01-titolo-txt\">\n                        <h2><span class=\"color\">TTS<\/span><br>\n                        Ce n&rsquo;est pas qu&rsquo;une <br>\n                        question de mode de vie<\/h2>\n                        <p><span class=\"color\">S\u00c9CURIT\u00c9 ABSOLUE<\/span><br>\n                        Double fr\u00e9quence, code fixe ou rolling code<\/p>\n                        <p><span class=\"color\">COMMODIT\u00c9<\/span><br>\n                        4 canaux pour contr\u00f4ler jusqu&rsquo;\u00e0 4 automatismes<\/p>\n                        <p><span class=\"color\">COMPATIBILIT\u00c9<\/span><br>\n                        Fonction d&rsquo;auto-apprentissage avec les autres \u00e9metteurs CAME<\/p>\n                        <p><span class=\"color\">QUALIT\u00c9<\/span><br>\n                        Fabrication 100% italienne<\/p>\n                    <\/div>\n                <\/div>\n            <\/div>\n        <\/div>\n    <\/div>\n    \n\t<!--SECTION 02-->\n\t<div class=\"section\" id=\"section-02\">\n        <!--slide 02-->\n        <div class=\"slide\" id=\"slide-02\">\n            <div class=\"box-02-img\" id=\"box-02-img-frame-1\"><\/div>\n            <div class=\"box-02-img\" id=\"box-02-img-frame-2\"><\/div>\n            <div class=\"container\">\n                <div class=\"box-02-titolo\">\n                    <div class=\"box-02-titolo-txt\">\n                        <h2>S\u00c9CURIT\u00c9 ABSOLUE<\/h2>\n                        <p><span class=\"color\">TTS ROLLING CODE<\/span><br>\n                        La meilleure solution contre le clonage d&rsquo;\u00e9metteurs. Disponible en fr\u00e9quence simple 433,92 MHz ou en fr\u00e9quence double 433,92 MHz &#8211; 868,35 MHz.<\/p>\n                        <p><span class=\"color\">TTS CODE FIXE<\/span><br>\n                        La nouvelle technologie pour la duplication s\u00fbre d&rsquo;\u00e9metteurs code fixe \u00e0 fr\u00e9quence simple 433,92 MHz.<\/p>\n                    <\/div>\n                <\/div>\n            <\/div>\n        <\/div>\n    <\/div>\n    \n\t<!--SECTION 03-->\n\t<div class=\"section\" id=\"section-03\">\n        <!--slide 03-->\n        <div class=\"slide\" id=\"slide-03\">\n        \t<div class=\"box-03-img\"><\/div>\n            <div class=\"container\">\n                <div class=\"box-03-titolo\">\n                    <div class=\"box-03-titolo-txt\">\n                        <h2>COMMODIT\u00c9<\/h2>\n                        <p>4 boutons pour contr\u00f4ler le portail principal, <br>\n                        la porte de garage, le portail pi\u00e9ton <br>\n                        ou les lumi\u00e8res du jardin.<\/p>\n                    <\/div>\n                <\/div>\n            <\/div>\n        <\/div>\n    <\/div>\n    \n\t<!--SECTION 04-->\n\t<div class=\"section\" id=\"section-04\">\n        <!--slide 04-->\n        <div class=\"slide\" id=\"slide-04\">\n        \t<div class=\"box-04-img\"><\/div>\n            <div class=\"container\">\n                <div class=\"box-04-titolo\">\n                    <div class=\"box-04-titolo-txt\">\n                        <h2>REMPLACER VOTRE <br>\n                        ANCIEN EMETTEUR<\/h2>\n                        <p>Gr\u00e2ce \u00e0 la fonction d&rsquo;auto-apprentissage, il est possible de remplacer facilement <br>\n                        les \u00e9metteurs des s\u00e9ries TWIN, TOP et TOP-D par le TTS Code fixe.<\/p>\n                        <p><span class=\"btn btn-inv\" id=\"next-slide-01\">BESOIN D&rsquo;UN NOUVEL \u00c9METTEUR?<br>D\u00c9COUVREZ COMMENT LE CONFIGURER EN TOUTE S\u00c9CURIT\u00c9&nbsp;&gt;<\/span><\/p>\n                    <\/div>\n                <\/div>\n            <\/div>\n        <\/div>\n        <!--slide 05-->\n        <div class=\"slide\" id=\"slide-05\">\n            <div class=\"container\">\n                <div class=\"box-05-titolo\">\n                    <div class=\"box-05-titolo-txt\">\n                        <h2>DUPLICATION SECURISEE<\/h2>\n                        <p>Pour assurer une s\u00e9curit\u00e9 maximale, le code TTS ne peut \u00eatre dupliqu\u00e9 <br>\n                        que sur un autre TTS ou sur un \u00e9metteur de la s\u00e9rie TOP.<\/p>\n                        <p>Si vous disposez d&rsquo;un TTS Rolling code, demandez la configuration \u00e0 votre installateur.<\/p>\n                    <\/div>\n                <\/div>\n                <div class=\"box-05-titolo-mob\">\n                    <div class=\"box-05-titolo-txt-mob\">\n                        <p>Pour assurer une s\u00e9curit\u00e9 maximale, le code TTS ne peut \u00eatre dupliqu\u00e9 <br>\n                        que sur un autre TTS ou sur un \u00e9metteur de la s\u00e9rie TOP.<\/p>\n                        <p>Si vous disposez d&rsquo;un TTS Rolling code, demandez la configuration \u00e0 votre installateur.<\/p>\n                    <\/div>\n                <\/div>\n                <div class=\"box-05-anim\">\n                \t<div class=\"radio\">\n                        <img decoding=\"async\" src=\"https:\/\/www.came.com\/global\/sites\/default\/files\/tts-landing\/img\/radio-1.png\" class=\"radio-1\" alt=\"\" \/>\n                        <img decoding=\"async\" src=\"https:\/\/www.came.com\/global\/sites\/default\/files\/tts-landing\/img\/radio-2.png\" class=\"radio-2\" alt=\"\" \/>\n                        <img decoding=\"async\" src=\"https:\/\/www.came.com\/global\/sites\/default\/files\/tts-landing\/img\/radio-3.png\" class=\"radio-3\" alt=\"\" \/>\n                    <\/div>\n                    <div class=\"tele tele-main\">\n                    \t<img decoding=\"async\" src=\"https:\/\/www.came.com\/global\/sites\/default\/files\/tts-landing\/img\/tts-tele-2a.png\" class=\"tele-main-bg-off\" alt=\"\" \/>\n                        <img decoding=\"async\" src=\"https:\/\/www.came.com\/global\/sites\/default\/files\/tts-landing\/img\/tts-tele-2b.png\" class=\"tele-main-bg-on\" alt=\"\" \/>\n                    \t<p>TTS-CAME<br>FIXED CODE<\/p>\n                    <\/div>\n                    <div class=\"tele tele-1\">\n                    \t<img decoding=\"async\" src=\"https:\/\/www.came.com\/global\/sites\/default\/files\/tts-landing\/img\/tts-tele-1a.png\" class=\"tele-1-bg-off\" alt=\"\" \/>\n                        <img decoding=\"async\" src=\"https:\/\/www.came.com\/global\/sites\/default\/files\/tts-landing\/img\/tts-tele-1b.png\" class=\"tele-1-bg-on\" alt=\"\" \/>\n                    \t<p>TOP<\/p>\n                    <\/div>\n                    <div class=\"tele tele-2\">\n                    \t<img decoding=\"async\" src=\"https:\/\/www.came.com\/global\/sites\/default\/files\/tts-landing\/img\/tts-tele-2a.png\" class=\"tele-2-bg-off\" alt=\"\" \/>\n                        <img decoding=\"async\" src=\"https:\/\/www.came.com\/global\/sites\/default\/files\/tts-landing\/img\/tts-tele-2b.png\" class=\"tele-2-bg-on\" alt=\"\" \/>\n                    \t<p>TTS-CAME<br>FIXED CODE<\/p>\n                    <\/div>\n                <\/div>\n            <\/div>\n        <\/div>\n    <\/div>\n    \n\t<!--SECTION 05-->\n\t<div class=\"section\" id=\"section-05\">\n        <!--slide 06-->\n        <div class=\"slide\" id=\"slide-06\">\n            <div class=\"box-06-img-top\"><\/div>\n            <div class=\"box-06-img-bottom\"><\/div>\n        \t<div class=\"container\">\n                <div class=\"box-06-titolo\">\n                    <div class=\"box-06-titolo-txt\">\n                        <h2>DETAILS EXCLUSIFS<\/h2>\n                        <p>Le Zamak chrom\u00e9 offre une durabilit\u00e9 <br>\n                        tandis que la texture du bo\u00eftier donne <br>\n                        de l&rsquo;\u00e9l\u00e9gance et un effet doux au toucher.<\/p>\n                    <\/div>\n                <\/div>\n            <\/div>\n        <\/div>\n    <\/div>\n    \n\t<!--SECTION 06-->\n\t<div class=\"section\" id=\"section-06\">\n        <!--slide 07-->\n        <div class=\"slide\" id=\"slide-07\">\n        \t<div class=\"box-07-img\"><\/div>\n            <div class=\"container\">\n                <div class=\"box-07-titolo\">\n                    <div class=\"box-07-titolo-txt\">\n                        <h2>CON\u00c7U ET FABRIQU\u00c9 <br>\n                        EN ITALIE<\/h2>\n                        <p>La garantie d&rsquo;un produit de qualit\u00e9 <br>\n                        sup\u00e9rieure 100 % made in Italy.<\/p>\n                    <\/div>\n                <\/div>\n            <\/div>\n        <\/div>\n    <\/div>\n    \n\t<!--SECTION 07-->\n\t<div class=\"section\" id=\"section-07\">\n        <!--slide 08-->\n        <div class=\"slide\" id=\"slide-08\">\n            <div class=\"box-08-video\">\n                <div class=\"video-fs\">\n                    <video muted autoplay loop data-keepplaying playsinline preload=\"auto\" id=\"teaser-batteria\">\n                        <source data-src=\"https:\/\/www.came.com\/global\/sites\/default\/files\/tts-landing\/video\/teaser-batteria.mp4\" type=\"video\/mp4\" \/>\n                    <\/video>\n                <\/div>\n            <\/div>\n            <div class=\"container\">\n                <div class=\"box-08-titolo\">\n                    <div class=\"box-08-titolo-txt\">\n                        <h2>REMPLACEMENT DE LA PILE <br>\n                        FACILE ET SECURISE<\/h2>\n                        <p>TTS est \u00e9quip\u00e9 d&rsquo;un syst\u00e8me coulissant qui permet <br>\n                        de remplacer facilement la pile sans avoir besoin <br>\n                        de toucher la carte \u00e9lectronique.<\/p>\n                    <\/div>\n                <\/div>\n            <\/div>\n        <\/div>\n    <\/div>\n    \n\t<!--SECTION FOOTER-->\n\t<div class=\"section\" id=\"section-footer\">\n        <!--slide footer-->\n        <div class=\"slide\" id=\"slide-footer\">\n            <div class=\"box-footer-img\" id=\"box-footer-img-frame-1\"><\/div>\n            <div class=\"box-footer-img\" id=\"box-footer-img-frame-2\"><\/div>\n            <div class=\"container\">\n                <div class=\"box-footer-titolo\">\n                    <div class=\"box-footer-titolo-txt\">\n                        <h2>EN SAVOIR PLUS SUR <span class=\"color\">TTS<\/span><\/h2>\n                        <p><a href=\"https:\/\/www.came.com\/fr\/installateurs\/solutions\/automatisme-de-portails-garages-et-barrieres\/garage-door-accessoires\/tts\" class=\"btn btn-ev\" target=\"_blank\" rel=\"noopener\">VISITER LA PAGE PRODUIT&nbsp;&gt;<\/a><\/p>\n                    <\/div>\n                <\/div>\n            <\/div>\n        <\/div>\n    <\/div>\n    \n<\/div>\n\n<div id=\"landscape-alert\" style=\"display:none;\"><\/div>\n\n<script type=\"text\/javascript\" src=\"https:\/\/www.came.com\/global\/sites\/default\/files\/tts-landing\/js\/fullpage.min.js\" defer><\/script>\n<script type=\"text\/javascript\" src=\"https:\/\/www.came.com\/global\/sites\/default\/files\/tts-landing\/js\/custom.js\" defer><\/script>\n\n\n\n<script src=\"https:\/\/code.jquery.com\/jquery-3.7.1.min.js\" integrity=\"sha256-\/JqT3SQfawRcv\/BIHPThkBvs0OEvtFFmqPF\/lYI\/Cxo=\" crossorigin=\"anonymous\"><\/script>\n<\/div>\n","protected":false},"excerpt":{"rendered":"<p>TTS &hellip; ET CELA FONCTIONNE COMME DANS UN R\u00caVE TTS Ce n&rsquo;est pas qu&rsquo;une question de mode de vie S\u00c9CURIT\u00c9 ABSOLUE Double fr\u00e9quence, code fixe ou rolling code COMMODIT\u00c9 4 canaux pour contr\u00f4ler jusqu&rsquo;\u00e0 4 automatismes COMPATIBILIT\u00c9 Fonction d&rsquo;auto-apprentissage avec les autres \u00e9metteurs CAME QUALIT\u00c9 Fabrication 100% italienne S\u00c9CURIT\u00c9 ABSOLUE TTS ROLLING CODE La meilleure [&hellip;]<\/p>\n","protected":false},"author":6,"featured_media":0,"parent":0,"menu_order":0,"comment_status":"closed","ping_status":"closed","template":"page_template-landing-fullscreen.php","meta":{"elastic_search":"","powered_cache_disable_cache":false,"footnotes":""},"_links":{"self":[{"href":"https:\/\/www.came.com\/fr\/wp-json\/wp\/v2\/pages\/12735"}],"collection":[{"href":"https:\/\/www.came.com\/fr\/wp-json\/wp\/v2\/pages"}],"about":[{"href":"https:\/\/www.came.com\/fr\/wp-json\/wp\/v2\/types\/page"}],"author":[{"embeddable":true,"href":"https:\/\/www.came.com\/fr\/wp-json\/wp\/v2\/users\/6"}],"replies":[{"embeddable":true,"href":"https:\/\/www.came.com\/fr\/wp-json\/wp\/v2\/comments?post=12735"}],"version-history":[{"count":1,"href":"https:\/\/www.came.com\/fr\/wp-json\/wp\/v2\/pages\/12735\/revisions"}],"predecessor-version":[{"id":12736,"href":"https:\/\/www.came.com\/fr\/wp-json\/wp\/v2\/pages\/12735\/revisions\/12736"}],"wp:attachment":[{"href":"https:\/\/www.came.com\/fr\/wp-json\/wp\/v2\/media?parent=12735"}],"curies":[{"name":"wp","href":"https:\/\/api.w.org\/{rel}","templated":true}]}}