{"id":12733,"date":"2025-05-27T10:07:35","date_gmt":"2025-05-27T08:07:35","guid":{"rendered":"https:\/\/www.came.com\/fr\/?page_id=12733"},"modified":"2025-05-27T10:07:37","modified_gmt":"2025-05-27T08:07:37","slug":"gt-landing","status":"publish","type":"page","link":"https:\/\/www.came.com\/fr\/gt-landing\/","title":{"rendered":"GT Landing"},"content":{"rendered":"\n<div class=\"wp-block-group alignfull custom-html-group is-layout-flow wp-block-group-is-layout-flow\">\n<link rel=\"stylesheet\" type=\"text\/css\" href=\"https:\/\/www.came.com\/global\/sites\/default\/files\/gt-4_gt-8_landing\/css\/normalize.css\" \/>\n<link rel=\"stylesheet\" type=\"text\/css\" href=\"https:\/\/www.came.com\/global\/sites\/default\/files\/gt-4_gt-8_landing\/css\/fullpage.min.css\" \/>\n<link rel=\"stylesheet\" type=\"text\/css\" href=\"https:\/\/www.came.com\/global\/sites\/default\/files\/gt-4_gt-8_landing\/css\/custom.css\" \/>\n<style>\n  .section {\n        margin: 0;\n        padding: 0;\n      }\n      .main-header {\n          position: absolute;\n          width: 100vw;\n          background: transparent;\n          border: none;\n          z-index: 9;\n          transition: opacity 0.3s ease-in-out;\n      }\n      .main-header.hidden-header {\n          opacity: 0;\n          z-index: -1;\n      }\n      .main-header > .top {\n          display: none;\n      }\n      .main-header > .bottom {\n          margin: 0;\n          background: #fff;\n      }\n  \n  #section-05 .slide#slide-06 .container .box-06-titolo {\n    background-color: rgba(0,0,0,0.45);\n  }\n  \n  #fp-nav.fp-left {\n    position: absolute;\n    bottom: 2.5vh;\n  }\n  \n  #fp-nav ul {\n    position: absolute;\n    bottom: 0;\n  }\n  \n    #fp-nav ul li a span, .fp-slidesNav ul li a span {\n    background: #009fe3;\n    border: 0.5px solid white;\n}\n  \n  #fp-nav.fp-left {\n      left: 0;\n    }\n  \n  #section-footer-form {\n    display: flex;\n    align-items: center;\n    height: 100vh;\n    background: #000;\n  }\n  \n  #section-footer-form .fp-tableCell {\n    display: flex;\n  }\n  \n    #section-footer-form .-fixed-width .fp-tableCell {\n      height: 1080px;\n    display: flex;\n    align-items: center;\n    width: 100vw;\n  }\n  \n   .form-contacts {\n    max-width: 100vw;\n    margin: auto;\n    width: 100vw;\n    display: flex;\n    flex-direction: column;\n  }\n  \n  .form-contacts form {\n    margin: 0 auto;\n    max-width: 728px;\n    width: 80%;\n  }\n  \n  .form-contacts .btn.btn-ev {\n    display: inline-block;\n    margin: 20px auto;\n  }\n  \n  .form-contacts .form-title {\n    color: #fff;\n    text-align: center;\n    display: block;\n    font-size: 15px;\n  }\n  \n  .form-contacts .form-title span {\n    color: #00B0ED;\n  }\n  \n  .form-contacts .form-image {\n    margin: 0 auto;\n    width: 100%;\n    max-width: 420px;\n  }\n  \n  .form-contacts label {\n    color: #fff;\n  }\n  \n  .form-contacts p {\n    color: #fff;\n    display: inline-block;\n  }\n  \n  .form-contacts p.small-privacy {\n    font-size: 12px !important;\n    line-height: 15px;\n  }\n  \n  .form-contacts .title {\n    margin: 3vh 0 0 0;\n  }\n  \n  .form-contacts .group {\n    margin-top: 2rem;\n    margin-bottom: 2rem;\n  }\n  \n  .form-contacts input[type=\"submit\"] {\n    margin-top: 0.5rem;\n  }\n  \n  .webform-confirmation-modal {\n    width: 300px !important;\n  }\n  \ninput[type=\"radio\"] {\n  margin-right: 10px;\n   }\n  \n  #edit-radio-dem-option label{\n  margin-right: 10px;\n  }\n  \n  #section-01 .slide#slide-01 .container .box-01-titolo .box-01-titolo-txt p {\n   line-height: 1.1;\n  }\n  \n  @media only screen and (orientation: portrait) and (max-width: 991px){\n    #section-intro .slide#slide-intro .container .box-intro-titolo {\n      padding-left: 10%;\n    }\n    #section-intro .slide#slide-intro .box-intro-top .video-fs video {\n      height: 100vh;\n      object-position: 25% center;\n    }\n    #section-intro .slide#slide-intro .box-intro-top {\n      bottom: 0;\n    }\n    #section-intro .slide#slide-intro .container .box-intro-titolo {\n      left: 35%;\n      right: 3%;\n      top: auto;\n      bottom: 3%;\n      padding: 30px 5%;\n    }\n    .form-contacts .group {\n      margin-top: 1rem;\n      margin-bottom: 1rem;\n    }\n    .form-contacts input[type=\"text\"], .form-contacts input[type=\"email\"] {\n      padding: 0.4rem 1rem;\n      margin: 0.4rem 0;\n    }\n    .form-contacts .item {\n      margin-bottom: 1rem;\n    }\n  }\n  \n  @media only screen and (orientation: landscape) and (min-width: 992px){\n    #fp-nav.fp-left {\n      left: 17px;\n    }\n    #section-footer-double .slide#slide-footer-double .box-footer-double-bg-dx {\n      background-position: center center;\n    }\n  }\n  \n  #landscape-alert {\n  display: none !important;\n}\n<\/style>\n\n<div id=\"fullpage\">\n\n\t<!--SECTION INTRO-->\n\t<div class=\"section\" id=\"section-intro\">\n        <!--slide intro-->\n        <div class=\"slide\" id=\"slide-intro\">\n            <div class=\"box-intro-top\">\n                <div class=\"video-fs\">\n                    <video muted autoplay loop data-keepplaying playsinline preload=\"auto\" poster=\"https:\/\/www.came.com\/global\/sites\/default\/files\/gt-4_gt-8_landing\/img\/poster-clip-gt4.jpg\" id=\"clip-gt4\">\n                        <source data-src=\"https:\/\/www.came.com\/global\/sites\/default\/files\/gt-4_gt-8_landing\/video\/clip-gt4.mp4\" type=\"video\/mp4\" \/>\n                    <\/video>\n                <\/div>\n            <\/div>\n            <div class=\"container\">\n                <div class=\"box-intro-titolo\">\n                    <div class=\"box-intro-titolo-txt\">\n                        <h1>GARD GT<\/h1>\n                        <h2>LA NOUVELLE<br>\n                        R\u00c9F\u00c9RENCE<br>\n                        EN BARRI\u00c8RES<br>\n                        AUTOMATIQUES<\/h2>\n                    <\/div>\n                <\/div>\n            <\/div>\n        <\/div>\n    <\/div>\n    \n\t<!--SECTION 01-->\n\t<div class=\"section\" id=\"section-01\">\n        <!--slide 01-->\n        <div class=\"slide\" id=\"slide-01\">\n            <div class=\"box-01-top\">\n                <div class=\"video-fs\">\n                    <video muted autoplay loop data-keepplaying playsinline preload=\"auto\" poster=\"https:\/\/www.came.com\/global\/sites\/default\/files\/gt-4_gt-8_landing\/img\/poster-video1b.jpg\" id=\"video1b\">\n                        <source data-src=\"https:\/\/www.came.com\/global\/sites\/default\/files\/gt-4_gt-8_landing\/video\/video1b.mp4\" type=\"video\/mp4\" \/>\n                    <\/video>\n                <\/div>\n            <\/div>\n            <div class=\"container\">\n                <div class=\"box-01-titolo\">\n                    <div class=\"box-01-titolo-txt\">\n                        <h2>MCBF<\/h2>\n                        <p>DE <span>3.000.000<\/span> DE CYCLES<\/p>\n                        <p>UTILISATION INTENSIVE <span>JUSQU&rsquo;\u00c0 350<\/span> CYCLES\/HEURE<\/p>\n                    <\/div>\n                <\/div>\n            <\/div>\n        <\/div>\n    <\/div>\n    \n\t<!--SECTION 02-->\n\t<div class=\"section\" id=\"section-02\">\n        <!--slide 02-->\n        <div class=\"slide\" id=\"slide-02\">\n            <div class=\"box-02-top\"><\/div>\n            <div class=\"container\">\n                <div class=\"box-02-titolo\">\n                    <div class=\"box-02-titolo-txt\">\n                        <ul>\n                            <li>Moteur 24 V fiable avec <br><strong>contr\u00f4le de vitesse avanc\u00e9<\/strong><\/li>\n                            <li>Syst\u00e8me d&rsquo;\u00e9quilibrage <strong><br>\u00e0 ressort unique<\/strong><\/li>\n                            <li>\u00c9clairage LED RG <br><strong>haute visibilit\u00e9<\/strong><\/li>\n                            <li>Int\u00e9gration compl\u00e8te avec le <br><strong>protocole MODBUS<\/strong><\/li>\n                            <li>Int\u00e9gr\u00e9 avec la <br><strong>technologie CONNECT<\/strong><\/li>\n                        <\/ul>\n                        <p style=\"display: none;\"><span class=\"btn btn-ev\" id=\"next-slide-video\">WATCH THE VIDEO&nbsp;&gt;<\/span><\/p>\n                    <\/div>\n                <\/div>\n            <\/div>\n        <\/div>\n        <!--slide video-->\n        <div class=\"slide\" id=\"slide-video\">\n            <span id=\"box-video-close\" class=\"btn btn-inv\">X<\/span>\n            <div class=\"container\">\n                <div class=\"video-16-9\">\n                    <video controls poster=\"https:\/\/www.came.com\/global\/sites\/default\/files\/gt-4_gt-8_landing\/img\/poster-came-gard-gt4-en.jpg\" id=\"video-16-9\">\n                        <source data-src=\"https:\/\/www.came.com\/global\/sites\/default\/files\/gt-4_gt-8_landing\/video\/came-gard-gt4-en.mp4\" type=\"video\/mp4\" \/>\n                    <\/video>\n                <\/div>\n            <\/div>\n        <\/div>\n    <\/div>\n    \n\t<!--SECTION 03-->\n\t<div class=\"section\" id=\"section-03\">\n        <!--slide 03-->\n        <div class=\"slide\" id=\"slide-03\">\n            <div class=\"container\">\n                <div class=\"box-03-titolo\">\n                    <div class=\"box-03-titolo-txt\">\n                        <h2><span>MOTEUR 24 V FIABLE<\/span> AVEC CONTR\u00d4LE DE VITESSE AVANC\u00c9<\/h2>\n                        <p>Cette fonction assure un mouvement fluide et une vitesse constante, sans aucune oscillation qui pourrait entra\u00eener des dommages. Le moteur 24V peut \u00e9galement fonctionner en cas de panne de courant.<\/p>\n                        <p><span class=\"btn btn-inv\" id=\"next-slide-01\">D\u00c9COUVREZ LE SYST\u00c8ME D&rsquo;URGENCE SUR BATTERIE&nbsp;&gt;<\/span><\/p>\n                    <\/div>\n                <\/div>\n                <div class=\"box-03-video\">\n                    <div class=\"right-container\">\n                        <div class=\"video-fs\">\n                        \t<div class=\"prop\">\n                                <video muted autoplay loop data-keepplaying playsinline preload=\"auto\" poster=\"https:\/\/www.came.com\/global\/sites\/default\/files\/gt-4_gt-8_landing\/img\/poster-asta-reverse.jpg\" id=\"asta-reverse\">\n                                    <source data-src=\"https:\/\/www.came.com\/global\/sites\/default\/files\/gt-4_gt-8_landing\/video\/asta-reverse.mp4\" type=\"video\/mp4\" \/>\n                                <\/video>\n                            <\/div>\n                        <\/div>\n                    <\/div>\n                <\/div>\n            <\/div>\n        <\/div>\n        <!--slide 04-->\n        <div class=\"slide\" id=\"slide-04\">\n            <div class=\"container\">\n                <div class=\"box-04-titolo\">\n                    <div class=\"box-04-titolo-txt\">\n                        <h2>SYST\u00c8ME DE <span>BATTERIE DE S\u00c9CURIT\u00c9<\/span><\/h2>\n                        <p>En cas de panne d&rsquo;\u00e9lectricit\u00e9 ou dans toute situation d&rsquo;urgence o\u00f9 survient un probl\u00e8me \u00e9lectrique, la Gard GT est en mesure de fonctionner en toute s\u00e9curit\u00e9 gr\u00e2ce \u00e0 un syst\u00e8me d&rsquo;alimentation par batterie auxiliaire.<\/p>\n                    <\/div>\n                <\/div>\n                <div class=\"box-04-video\">\n                    <div class=\"right-container\">\n                        <div class=\"video-fs\">\n                        \t<div class=\"prop\">\n                                <video muted autoplay loop data-keepplaying playsinline preload=\"auto\" poster=\"https:\/\/www.came.com\/global\/sites\/default\/files\/gt-4_gt-8_landing\/img\/poster-video2-1.jpg\" id=\"video2-1\">\n                                    <source data-src=\"https:\/\/www.came.com\/global\/sites\/default\/files\/gt-4_gt-8_landing\/video\/video2-1.mp4\" type=\"video\/mp4\" \/>\n                                <\/video>\n                            <\/div>\n                        <\/div>\n                    <\/div>\n                <\/div>\n            <\/div>\n        <\/div>\n\t<\/div>\n\n\t<!--SECTION 04-->\n\t<div class=\"section\" id=\"section-04\">\n        <!--slide 05-->\n        <div class=\"slide\" id=\"slide-05\">\n            <div class=\"box-05-top\">\n                <div class=\"video-fs\">\n                    <video muted autoplay loop data-keepplaying playsinline preload=\"auto\" poster=\"https:\/\/www.came.com\/global\/sites\/default\/files\/gt-4_gt-8_landing\/img\/poster-video5.jpg\" id=\"video5\">\n                        <source data-src=\"https:\/\/www.came.com\/global\/sites\/default\/files\/gt-4_gt-8_landing\/video\/video5.mp4\" type=\"video\/mp4\" \/>\n                    <\/video>\n                <\/div>\n            <\/div>\n            <div class=\"container\">\n                <div class=\"box-05-titolo\">\n                    <div class=\"box-05-titolo-txt\">\n                        <h2>SYST\u00c8ME D&rsquo;\u00c9QUILIBRAGE <br>\n                        \u00c0 <span>RESSORT UNIQUE GT4:<\/span><br>\n                        UN SEUL RESSORT N\u00c9CESSAIRE <br>\n                        POUR DIFF\u00c9RENTES LONGUEURS DE LISSE<\/h2>\n                        <p><span class=\"btn btn-inv\" id=\"next-slide-03\">D\u00c9COUVREZ LE SYST\u00c8ME D&rsquo;\u00c9QUILIBRAGE GT8&nbsp;&gt;<\/span><\/p>\n                    <\/div>\n                <\/div>\n            <\/div>\n        <\/div>\n        <!--slide 11-->\n        <div class=\"slide\" id=\"slide-11\">\n            <div class=\"box-11-top\">\n                <div class=\"video-fs\">\n                    <video muted autoplay loop data-keepplaying playsinline preload=\"auto\" poster=\"https:\/\/www.came.com\/global\/sites\/default\/files\/gt-4_gt-8_landing\/img\/poster-video5b.jpg\" id=\"video5b\">\n                        <source data-src=\"https:\/\/www.came.com\/global\/sites\/default\/files\/gt-4_gt-8_landing\/video\/video5b.mp4\" type=\"video\/mp4\" \/>\n                    <\/video>\n                <\/div>\n            <\/div>\n            <div class=\"container\">\n                <div class=\"box-11-titolo\">\n                    <div class=\"box-11-titolo-txt\">\n                        <h2>SYST\u00c8ME D&rsquo;\u00c9QUILIBRAGE <br>\n                        <span>RESSORT-JOINT GT8<\/span>:<br>\n                        2 RESSORTS COMBIN\u00c9S POUR<br>\n                        DIFF\u00c9RENTES LONGUEURS DE LISSE<\/h2>\n                    <\/div>\n                <\/div>\n            <\/div>\n        <\/div>\n\t<\/div>\n    \n\t<!--SECTION 05-->\n\t<div class=\"section\" id=\"section-05\">\n        <!--slide 06-->\n        <div class=\"slide\" id=\"slide-06\">\n            <div class=\"box-06-top\"><\/div>\n            <div class=\"container\">\n                <div class=\"box-06-titolo\">\n                    <div class=\"box-06-titolo-txt\">\n                        <h2>LISSE <span>GT8<\/span><\/h2>\n                        <p style=\"color: white\">3 mod\u00e8les de lisses disponibles:<\/p>\n                        <ul>\n                            <li>Jusqu&rsquo;\u00e0 4 m de longueur<\/li>\n                            <li>Jusqu&rsquo;\u00e0 6 m de longueur<\/li>\n                            <li>Lisse modulable <span style=\"color: #00b0ed; font-weight: bold;\"><\/span>jusqu&rsquo;\u00e0 8 m de longueur<\/li>\n                        <\/ul>\n                    <\/div>\n                <\/div>\n            <\/div>\n        <\/div>\n\t<\/div>\n    \n\t<!--SECTION 06-->\n\t<div class=\"section\" id=\"section-06\">\n        <!--slide 07-->\n        <div class=\"slide\" id=\"slide-07\">\n            <div class=\"box-07-top\">\n                <div class=\"video-fs\">\n                    <video muted autoplay loop data-keepplaying playsinline preload=\"auto\" poster=\"https:\/\/www.came.com\/global\/sites\/default\/files\/gt-4_gt-8_landing\/img\/poster-video3.jpg\" id=\"video3\">\n                        <source data-src=\"https:\/\/www.came.com\/global\/sites\/default\/files\/gt-4_gt-8_landing\/video\/video3.mp4\" type=\"video\/mp4\" \/>\n                    <\/video>\n                <\/div>\n            <\/div>\n            <div class=\"container\">\n                <div class=\"box-07-titolo\">\n                    <div class=\"box-07-titolo-txt\">\n                    \t<h2>\u00c9CLAIRAGES \u00c0 LED ROUGE \u00c0 HAUTE VISIBILIT\u00c9<br>\n                        SUR LA LISSE ET LA COURONNE<\/h2>\n                        <p>R\u00e9gulation de l&rsquo;acc\u00e8s par signalisation fixe rouge,<br>\n                        clignotante rouge ou verte.<\/p>\n                        <p><span class=\"btn btn-inv\" id=\"next-slide-02\"> GARD GT, une barri\u00e8re s\u00fbre&nbsp;&gt;<\/span><\/p>\n                    <\/div>\n                <\/div>\n            <\/div>\n        <\/div>\n        <!--slide 08-->\n        <div class=\"slide\" id=\"slide-08\">\n            <div class=\"box-08-top\">\n                <div class=\"box-08-top-video\">\n                    <div class=\"video-fs\">\n                        <video muted autoplay loop data-keepplaying playsinline preload=\"auto\" poster=\"https:\/\/www.came.com\/global\/sites\/default\/files\/gt-4_gt-8_landing\/img\/poster-video-6-1.jpg\" id=\"video-6-1\">\n                            <source data-src=\"https:\/\/www.came.com\/global\/sites\/default\/files\/gt-4_gt-8_landing\/video\/video-6-1.mp4\" type=\"video\/mp4\" \/>\n                        <\/video>\n                    <\/div>\n                <\/div>\n                <div class=\"container\">\n                    <div class=\"box-08-top-titolo\">\n                        <div class=\"box-08-top-titolo-txt\">\n                            <h2>SYST\u00c8ME <span>DE D\u00c9CROCHAGE<\/span> DE LA LISSE<\/h2>\n                            <p>Dispositif en acier solide qui permet \u00e0 la lisse de se d\u00e9crocher en cas de rupture et de s&rsquo;installer dans une position s\u00fbre, \u00e9liminant ainsi les co\u00fbts de r\u00e9paration et les longs.<\/p>\n                        <\/div>\n                    <\/div>\n                <\/div>\n            <\/div>\n            <div class=\"box-08-bottom\">\n                <div class=\"box-08-bottom-video\">\n                    <div class=\"video-fs\">\n                        <video muted autoplay loop data-keepplaying playsinline preload=\"auto\" poster=\"https:\/\/www.came.com\/global\/sites\/default\/files\/gt-4_gt-8_landing\/img\/poster-video-6-2.jpg\" id=\"video-6-2\">\n                            <source data-src=\"https:\/\/www.came.com\/global\/sites\/default\/files\/gt-4_gt-8_landing\/video\/video-6-2.mp4\" type=\"video\/mp4\" \/>\n                        <\/video>\n                    <\/div>\n                <\/div>\n                <div class=\"container\">\n                    <div class=\"box-08-bottom-titolo\">\n                        <div class=\"box-08-bottom-titolo-txt\">\n                            <h2>PROFIL EN CAOUTCHOUC ABSORBANT LES CHOCS<\/h2>\n                            <p>Dot\u00e9 d&rsquo;un syst\u00e8me de d\u00e9tection d&rsquo;obstacles fiable et efficace.<\/p>\n                        <\/div>\n                    <\/div>\n                <\/div>\n            <\/div>\n        <\/div>\n\t<\/div>\n    \n\t<!--SECTION 07-->\n\t<div class=\"section\" id=\"section-07\">\n        <!--slide 09-->\n        <div class=\"slide\" id=\"slide-09\">\n            <div class=\"box-09-top\"><\/div>\n            <div class=\"container\">\n                <div class=\"box-09-titolo\">\n                    <div class=\"box-09-titolo-txt\">\n                        <p>Gr\u00e2ce au protocole ouvert Modbus, la GARD GT prend en charge la communication vers et depuis plusieurs appareils connect\u00e9s au m\u00eame r\u00e9seau, ainsi que les syst\u00e8mes de contr\u00f4le d&rsquo;acc\u00e8s ou de stationnement.<\/p>\n                        <!--<p><a class=\"btn btn-inv\" href=\"https:\/\/www.came.com\/global\/en\/cameconnect\" target=\"_blank\" rel=\"noopener\">DISCOVER MORE ABOUT CONNECT&nbsp;&gt;<\/a><\/p>-->\n                    <\/div>\n                <\/div>\n            <\/div>\n        <\/div>\n\t<\/div>\n    \n\t<!--SECTION 08-->\n\t<div class=\"section\" id=\"section-08\">\n        <!--slide 10-->\n        <div class=\"slide\" id=\"slide-10\">\n            <div class=\"box-10-video\">\n                <div class=\"video-fs\">\n                    <video muted autoplay loop data-keepplaying playsinline preload=\"auto\" poster=\"https:\/\/www.came.com\/global\/sites\/default\/files\/gt-4_gt-8_landing\/img\/poster-camekey.jpg\" id=\"camekey\">\n                        <source data-src=\"https:\/\/www.came.com\/global\/sites\/default\/files\/gt-4_gt-8_landing\/video\/camekey.mp4\" type=\"video\/mp4\" \/>\n                    <\/video>\n                <\/div>\n            <\/div>\n            <div class=\"container\">\n                <div class=\"box-10-titolo\">\n                    <div class=\"box-10-titolo-txt\">\n                        <h2>INT\u00c9GR\u00c9E AVEC <br>LA TECHNOLOGY <span>CONNECT<\/span><\/h2>\n                        <p class=\"img-sx\">\n                        \t<img decoding=\"async\" alt=\"Logo Came Connect\" src=\"https:\/\/www.came.com\/global\/sites\/default\/files\/gt-4_gt-8_landing\/img\/logo-connect.png\">\n                        \t<span>La Gard GT peut \u00eatre g\u00e9r\u00e9e \u00e0 distance via PC, tablette ou smartphone pour la programmation automatique des \u00e9metteurs, la gestion des clients et du syst\u00e8me, l&rsquo;\u00e9tat des appareils et la maintenance programm\u00e9e.<\/span>\n                        <\/p>\n                        <p>Vous pouvez installer et configurer num\u00e9riquement la GT sur site \u00e0 l&rsquo;aide de la CAME KEY et d&rsquo;un smartphone avec l&rsquo;Application SetUp.<\/p>\n                        <p><a class=\"btn btn-ev\" href=\"https:\/\/www.came.com\/fr\/installateurs\/solutions\/automatisme-de-portails-garages-et-barrieres\/garage-door-accessoires\/came-key\" target=\"_blank\" rel=\"noopener\">DECOUVREZ CAME KEY&nbsp;&gt;<\/a><\/p>\n                    <\/div>\n                <\/div>\n            <\/div>\n        <\/div>\n\t<\/div>\n    \n\t<!--SECTION FOOTER-->\n\t<!--<div class=\"section\" id=\"section-footer\">\n        <div class=\"slide\" id=\"slide-footer\">\n            <div class=\"box-footer-bg\">\n            \t<div class=\"box-footer-bg-txt bg-color\">\n                \t<h2>NEED TECHNICAL<br>\n                    TRAINING?<\/h2>\n                    <p>Discover how to <br>\n                    join our courses<\/p>\n                    <p><a class=\"btn btn-ev\" href=\"https:\/\/www.came.com\/formazione\" target=\"_blank\" rel=\"noopener\">SUBSCRIBE NOW&nbsp;&gt;<\/a><\/p>\n                <\/div>\n            <\/div>\n        <\/div>\n    <\/div>-->\n    \n\t<!--SECTION FOOTER DOUBLE-->\n\t<div class=\"section\" id=\"section-footer-double\">\n        <!--slide footer-->\n        <div class=\"slide\" id=\"slide-footer-double\">\n            <div class=\"box-footer-double-bg-sx\">\n            \t<div class=\"box-footer-double-bg-sx-txt bg-color\">\n                \t<h2 style=\"text-transform: uppercase;\">Plus d&rsquo;information <br>\n                    sur la GT4<\/h2>\n                    <p>D\u00e9couvrez toutes les fonctionnalit\u00e9s <br>\n                    et caract\u00e9ristiques techniques<\/p>\n                    <p><a class=\"btn btn-ev\" href=\"https:\/\/came-share.thron.com\/page?id=648290e0-ef42-43ba-872a-05c6a95d0b79\" target=\"_blank\" rel=\"noopener\">T\u00e9l\u00e9charger la brochure de la GT4&nbsp;&gt;<\/a><\/p>\n                <\/div>\n            <\/div>\n            <div class=\"box-footer-double-bg-dx\">\n            \t<div class=\"box-footer-double-bg-dx-txt bg-color\">\n                \t<h2 style=\"text-transform: uppercase;\">Plus d&rsquo;information<br>\n                    sur la GT8<\/h2>\n                    <p>D\u00e9couvrez toutes les fonctionnalit\u00e9s <br>\n                    et caract\u00e9ristiques techniques<\/p>\n                    <p><a class=\"btn btn-ev\" href=\"https:\/\/came-share.thron.com\/page?id=943d9f0b-96dc-4577-81d0-a7511de27bcd\" target=\"_blank\" rel=\"noopener\">T\u00e9l\u00e9charger la brochure de la GT8&nbsp;&gt;<\/a><\/p>\n                <\/div>\n            <\/div>\n        <\/div>\n    <\/div>\n \n    <!--SECTION FOOTER FORM-->\n  <div class=\"section\" id=\"section-footer-form\">\n    <div class=\"form-contacts control-gt_landing_\">\n      <img decoding=\"async\" alt=\"\" class=\"form-image\" src=\"https:\/\/www.came.com\/global\/sites\/default\/files\/gt-4_gt-8_landing\/img\/form-banner_small_FR.png\">\n      <p class=\"form-title\">Contactez-nous pour plus de renseignements sur la <span>GT4<\/span> et <span>GT8<\/span><\/p>\n      <a class=\"btn btn-ev active\" href=\"https:\/\/www.came.com\/fr\/contactez-nous\">Contactez-nous&nbsp;&gt;<\/a>\n    <\/div>   \n  <\/div>\n    \n<\/div>\n\n<div id=\"landscape-alert\" style=\"display:none;\"><\/div>\n\n<script type=\"text\/javascript\" src=\"https:\/\/www.came.com\/global\/sites\/default\/files\/gt4-landing_old\/js\/scrolloverflow.min.js\"><\/script>\n<script type=\"text\/javascript\" src=\"https:\/\/www.came.com\/global\/sites\/default\/files\/gt-4_gt-8_landing\/js\/fullpage.min.js\" defer><\/script>\n<script type=\"text\/javascript\" src=\"https:\/\/www.came.com\/global\/sites\/default\/files\/gt-4_gt-8_landing\/js\/custom.js\" defer><\/script>\n\n\n\n<script src=\"https:\/\/code.jquery.com\/jquery-3.7.1.min.js\" integrity=\"sha256-\/JqT3SQfawRcv\/BIHPThkBvs0OEvtFFmqPF\/lYI\/Cxo=\" crossorigin=\"anonymous\"><\/script>\n<\/div>\n","protected":false},"excerpt":{"rendered":"<p>GARD GT LA NOUVELLE R\u00c9F\u00c9RENCE EN BARRI\u00c8RES AUTOMATIQUES MCBF DE 3.000.000 DE CYCLES UTILISATION INTENSIVE JUSQU&rsquo;\u00c0 350 CYCLES\/HEURE Moteur 24 V fiable avec contr\u00f4le de vitesse avanc\u00e9 Syst\u00e8me d&rsquo;\u00e9quilibrage \u00e0 ressort unique \u00c9clairage LED RG haute visibilit\u00e9 Int\u00e9gration compl\u00e8te avec le protocole MODBUS Int\u00e9gr\u00e9 avec la technologie CONNECT WATCH THE VIDEO&nbsp;&gt; X MOTEUR 24 V [&hellip;]<\/p>\n","protected":false},"author":6,"featured_media":0,"parent":0,"menu_order":0,"comment_status":"closed","ping_status":"closed","template":"page_template-landing-fullscreen.php","meta":{"elastic_search":"","powered_cache_disable_cache":false,"footnotes":""},"_links":{"self":[{"href":"https:\/\/www.came.com\/fr\/wp-json\/wp\/v2\/pages\/12733"}],"collection":[{"href":"https:\/\/www.came.com\/fr\/wp-json\/wp\/v2\/pages"}],"about":[{"href":"https:\/\/www.came.com\/fr\/wp-json\/wp\/v2\/types\/page"}],"author":[{"embeddable":true,"href":"https:\/\/www.came.com\/fr\/wp-json\/wp\/v2\/users\/6"}],"replies":[{"embeddable":true,"href":"https:\/\/www.came.com\/fr\/wp-json\/wp\/v2\/comments?post=12733"}],"version-history":[{"count":1,"href":"https:\/\/www.came.com\/fr\/wp-json\/wp\/v2\/pages\/12733\/revisions"}],"predecessor-version":[{"id":12734,"href":"https:\/\/www.came.com\/fr\/wp-json\/wp\/v2\/pages\/12733\/revisions\/12734"}],"wp:attachment":[{"href":"https:\/\/www.came.com\/fr\/wp-json\/wp\/v2\/media?parent=12733"}],"curies":[{"name":"wp","href":"https:\/\/api.w.org\/{rel}","templated":true}]}}