{"id":12432,"date":"2025-05-21T11:22:45","date_gmt":"2025-05-21T09:22:45","guid":{"rendered":"https:\/\/www.came.com\/fr\/?page_id=12432"},"modified":"2025-07-02T10:36:45","modified_gmt":"2025-07-02T08:36:45","slug":"solutions-de-projet","status":"publish","type":"page","link":"https:\/\/www.came.com\/fr\/solutions-de-projet\/","title":{"rendered":"Solutions de projet"},"content":{"rendered":"\n<div class=\"wp-block-group alignfull came-box-covers-slider is-layout-flow wp-block-group-is-layout-flow\">\n<div class=\"wp-block-cover alignfull box-cover\"><span aria-hidden=\"true\" class=\"wp-block-cover__background has-came-dark-blue-background-color has-background-dim\"><\/span><img decoding=\"async\" class=\"wp-block-cover__image-background wp-image-7542\" alt=\"Astana CAME\" src=\"https:\/\/www.came.com\/global\/wp-content\/uploads\/2024\/07\/astana-banner-1440x810-3.jpg\" data-object-fit=\"cover\"\/><div class=\"wp-block-cover__inner-container is-layout-flow wp-block-cover-is-layout-flow\">\n<div class=\"wp-block-group has-global-padding is-layout-constrained wp-block-group-is-layout-constrained\">\n<h4 class=\"wp-block-heading has-text-align-center has-white-color has-text-color has-link-color has-came-font-font-family wp-elements-da1f90fe4bacdbeeef08605149a8a19e\">CAME<\/h4>\n\n\n\n<h3 class=\"wp-block-heading has-text-align-center has-white-color has-text-color has-link-color wp-elements-32c3cfb69ae43a58b14f240110272e70\">Astana expo<\/h3>\n\n\n\n<div class=\"wp-block-buttons is-content-justification-center is-layout-flex wp-container-core-buttons-is-layout-1 wp-block-buttons-is-layout-flex\">\n<div class=\"wp-block-button\"><a class=\"wp-block-button__link wp-element-button\" href=\"https:\/\/www.came.com\/global\/en\/case-histories\/expo-astana-2017\/\">En savoir plus<\/a><\/div>\n<\/div>\n<\/div>\n<\/div><\/div>\n\n\n\n<div class=\"wp-block-cover alignfull box-cover\"><span aria-hidden=\"true\" class=\"wp-block-cover__background has-came-dark-blue-background-color has-background-dim\"><\/span><img decoding=\"async\" class=\"wp-block-cover__image-background wp-image-7546\" alt=\"Projects CAME\" src=\"https:\/\/www.came.com\/global\/wp-content\/uploads\/2024\/07\/London-Dock.jpeg\" data-object-fit=\"cover\"\/><div class=\"wp-block-cover__inner-container is-layout-flow wp-block-cover-is-layout-flow\">\n<div class=\"wp-block-group has-global-padding is-layout-constrained wp-block-group-is-layout-constrained\">\n<h4 class=\"wp-block-heading has-text-align-center has-white-color has-text-color has-link-color has-came-font-font-family wp-elements-da1f90fe4bacdbeeef08605149a8a19e\">CAME<\/h4>\n\n\n\n<h3 class=\"wp-block-heading has-text-align-center has-white-color has-text-color has-link-color wp-elements-79a626bde2a7ad62ccf83b4795c34f9f\">London dock<\/h3>\n<\/div>\n\n\n\n<div class=\"wp-block-buttons is-content-justification-center is-layout-flex wp-container-core-buttons-is-layout-2 wp-block-buttons-is-layout-flex\">\n<div class=\"wp-block-button\"><a class=\"wp-block-button__link wp-element-button\" href=\"https:\/\/www.came.com\/global\/en\/case-histories\/london-dock-london\/\">En savoir plus<\/a><\/div>\n<\/div>\n<\/div><\/div>\n<\/div>\n\n\n\n<div class=\"wp-block-group alignwide came-group-desc is-layout-flow wp-block-group-is-layout-flow\" style=\"padding-top:var(--wp--preset--spacing--80);padding-bottom:var(--wp--preset--spacing--80)\">\n<h1 class=\"wp-block-heading has-came-dark-blue-color has-text-color has-link-color has-came-font-font-family has-large-font-size wp-elements-8541655144b0d198664d3a15a72a28f3\"><strong>CAME project solutions<\/strong><\/h1>\n\n\n\n<p class=\"has-medium-font-size\">Avec plus de 3 000 projets majeurs men\u00e9s \u00e0 bien dans le monde entier, CAME se sp\u00e9cialise dans le d\u00e9veloppement, la construction et la gestion de syst\u00e8mes de s\u00e9curit\u00e9, d&rsquo;automatisation et de contr\u00f4le d&rsquo;acc\u00e8s de haut niveau. Notre engagement envers les normes de qualit\u00e9 les plus \u00e9lev\u00e9es garantit des solutions fiables et efficaces pour chaque besoin. Notre r\u00e9seau mondial de succursales est pr\u00eat \u00e0 vous aider \u00e0 trouver les solutions optimales pour vos projets, en vous fournissant un soutien et une expertise in\u00e9gal\u00e9s \u00e0 chaque \u00e9tape du processus.<\/p>\n\n\n\n<div class=\"wp-block-buttons is-content-justification-left is-layout-flex wp-container-core-buttons-is-layout-3 wp-block-buttons-is-layout-flex\">\n<div class=\"wp-block-button\"><a class=\"wp-block-button__link wp-element-button\" href=\"\/fr\/contactez-nous\/\">Contactez-nous<\/a><\/div>\n<\/div>\n<\/div>\n\n\n\n<div class=\"wp-block-group alignwide came-box-content-style-2 is-layout-flow wp-block-group-is-layout-flow\" style=\"padding-top:var(--wp--preset--spacing--70);padding-bottom:var(--wp--preset--spacing--70)\">\n<h2 class=\"wp-block-heading title-with-line\"><strong>Syst\u00e8mes de stationnement<\/strong><\/h2>\n\n\n\n<div class=\"wp-block-columns is-layout-flex wp-container-core-columns-is-layout-1 wp-block-columns-is-layout-flex\" style=\"margin-bottom:var(--wp--preset--spacing--70)\">\n<div class=\"wp-block-column is-layout-flow wp-block-column-is-layout-flow\">\n<figure class=\"wp-block-image size-full image-fit-cover\"><img decoding=\"async\" src=\"https:\/\/www.came.com\/global\/wp-content\/uploads\/2024\/09\/Dollarphotoclub_50539951_640x480.jpg\" alt=\"Parking systems CAME\" class=\"wp-image-9308\"\/><\/figure>\n<\/div>\n\n\n\n<div class=\"wp-block-column is-layout-flow wp-block-column-is-layout-flow\">\n<p class=\"has-medium-font-size\">Avec des d\u00e9cennies d&rsquo;exp\u00e9rience, CAME fournit des solutions de pointe et de haute technologie pour la gestion des espaces urbains et des parkings dans les espaces publics, parfaitement align\u00e9es avec les principes et les besoins de toute ville intelligente. Nous anticipons les besoins de nos clients en leur proposant des solutions logicielles innovantes et une gamme compl\u00e8te de produits et services hors voirie. Chaque jour, nous nous mettons au d\u00e9fi d&rsquo;am\u00e9liorer la qualit\u00e9 de nos solutions, en simplifiant et en augmentant l&rsquo;efficacit\u00e9 des parkings pour am\u00e9liorer la rentabilit\u00e9, le contr\u00f4le et la performance.<\/p>\n<\/div>\n<\/div>\n<\/div>\n\n\n\n<div class=\"wp-block-group alignwide came-box-content-style-2 is-layout-flow wp-block-group-is-layout-flow\" style=\"padding-top:var(--wp--preset--spacing--70);padding-bottom:var(--wp--preset--spacing--70)\">\n<h2 class=\"wp-block-heading title-with-line\"><strong>Projets de s\u00e9curit\u00e9 p\u00e9rim\u00e9trique<\/strong><\/h2>\n\n\n\n<div class=\"wp-block-columns is-layout-flex wp-container-core-columns-is-layout-2 wp-block-columns-is-layout-flex\" style=\"margin-bottom:var(--wp--preset--spacing--70)\">\n<div class=\"wp-block-column is-layout-flow wp-block-column-is-layout-flow\">\n<p class=\"has-medium-font-size\">La gestion de la mobilit\u00e9 durable et le contr\u00f4le du trafic urbain sont des pr\u00e9occupations qui touchent tout le monde. Depuis l&rsquo;invention de la premi\u00e8re borne, nous nous sommes consacr\u00e9s \u00e0 rendre les espaces urbains \u00e0 la fois s\u00fbrs et intelligents, en les transformant en environnements fiables et s\u00e9curis\u00e9s. Nos innovations visent \u00e0 red\u00e9finir la mobilit\u00e9 urbaine avec des solutions de haute technologie con\u00e7ues pour la s\u00e9curit\u00e9 des zones sensibles et la gestion des zones \u00e0 trafic restreint.<\/p>\n<\/div>\n\n\n\n<div class=\"wp-block-column is-layout-flow wp-block-column-is-layout-flow\">\n<figure class=\"wp-block-image size-full image-fit-cover\"><img decoding=\"async\" src=\"https:\/\/www.came.com\/global\/wp-content\/uploads\/2024\/07\/spire4_0.jpg\" alt=\"Perimeter security projects CAME\" class=\"wp-image-7724\"\/><\/figure>\n<\/div>\n<\/div>\n<\/div>\n\n\n\n<div class=\"wp-block-group alignwide came-box-content-style-2 is-layout-flow wp-block-group-is-layout-flow\" style=\"padding-top:var(--wp--preset--spacing--70);padding-bottom:var(--wp--preset--spacing--70)\">\n<h2 class=\"wp-block-heading title-with-line\"><strong>Contr\u00f4le d\u2019acc\u00e8s<\/strong><\/h2>\n\n\n\n<div class=\"wp-block-columns is-layout-flex wp-container-core-columns-is-layout-3 wp-block-columns-is-layout-flex\" style=\"margin-bottom:var(--wp--preset--spacing--70)\">\n<div class=\"wp-block-column is-layout-flow wp-block-column-is-layout-flow\">\n<figure class=\"wp-block-image size-full image-fit-cover\"><img decoding=\"async\" src=\"https:\/\/www.came.com\/global\/wp-content\/uploads\/2024\/09\/ESC_0544-min-scaled.jpg\" alt=\"ACCESS CONTROL CAME\" class=\"wp-image-9310\"\/><\/figure>\n<\/div>\n\n\n\n<div class=\"wp-block-column is-layout-flow wp-block-column-is-layout-flow\">\n<p class=\"has-medium-font-size\">Exp\u00e9rience, expertise, innovation. C&rsquo;est ainsi que nous nous effor\u00e7ons de fournir des solutions avanc\u00e9es pour le contr\u00f4le d&rsquo;acc\u00e8s, m\u00eame pour les volumes \u00e0 fort trafic, dans les grands espaces collectifs, les projets d&rsquo;exposition et l&rsquo;urbanisme dans le monde entier. Nos syst\u00e8mes d&rsquo;acc\u00e8s, y compris les tourniquets, les portails de haute s\u00e9curit\u00e9 et les portails rapides, pr\u00e9sentent un design sophistiqu\u00e9 et, plus important encore, sont ouverts \u00e0 l&rsquo;int\u00e9gration avec des technologies tierces.<\/p>\n<\/div>\n<\/div>\n<\/div>\n\n\n\n<div class=\"wp-block-group alignwide came-box-content-style-2 is-layout-flow wp-block-group-is-layout-flow\" style=\"padding-top:var(--wp--preset--spacing--70);padding-bottom:var(--wp--preset--spacing--70)\">\n<h2 class=\"wp-block-heading title-with-line\"><strong>Maison intelligente<\/strong><\/h2>\n\n\n\n<div class=\"wp-block-columns is-layout-flex wp-container-core-columns-is-layout-4 wp-block-columns-is-layout-flex\" style=\"margin-bottom:var(--wp--preset--spacing--70)\">\n<div class=\"wp-block-column is-layout-flow wp-block-column-is-layout-flow\">\n<p class=\"has-medium-font-size\">Dans le monde d&rsquo;aujourd&rsquo;hui, les maisons sont plus que jamais connect\u00e9es aux gens, \u00e0 leurs besoins et \u00e0 leurs modes de vie. Les technologies intelligentes automatisent diverses activit\u00e9s, offrant un confort et une commodit\u00e9 in\u00e9gal\u00e9s. CAME propose des solutions sans fil innovantes pour la commande de l&rsquo;automatisation des portails et des garages, des auvents, des volets, des lumi\u00e8res, de la climatisation et des syst\u00e8mes d&rsquo;entr\u00e9e vid\u00e9o. G\u00e9rez tous ces appareils \u00e0 distance via des smartphones, des tablettes ou des commandes vocales, cr\u00e9ant ainsi un syst\u00e8me enti\u00e8rement int\u00e9gr\u00e9 pour une maison de plus en plus intelligente.<\/p>\n<\/div>\n\n\n\n<div class=\"wp-block-column is-layout-flow wp-block-column-is-layout-flow\">\n<figure class=\"wp-block-image size-full image-fit-cover\"><img decoding=\"async\" src=\"https:\/\/www.came.com\/global\/wp-content\/uploads\/2024\/08\/smart-home.png\" alt=\"Smart home CAME\" class=\"wp-image-7976\"\/><\/figure>\n<\/div>\n<\/div>\n<\/div>\n","protected":false},"excerpt":{"rendered":"<p>CAME project solutions Avec plus de 3 000 projets majeurs men\u00e9s \u00e0 bien dans le monde entier, CAME se sp\u00e9cialise dans le d\u00e9veloppement, la construction et la gestion de syst\u00e8mes de s\u00e9curit\u00e9, d&rsquo;automatisation et de contr\u00f4le d&rsquo;acc\u00e8s de haut niveau. Notre engagement envers les normes de qualit\u00e9 les plus \u00e9lev\u00e9es garantit des solutions fiables et [&hellip;]<\/p>\n","protected":false},"author":6,"featured_media":0,"parent":0,"menu_order":0,"comment_status":"closed","ping_status":"closed","template":"page_template-without-title.php","meta":{"elastic_search":"","powered_cache_disable_cache":false,"footnotes":""},"_links":{"self":[{"href":"https:\/\/www.came.com\/fr\/wp-json\/wp\/v2\/pages\/12432"}],"collection":[{"href":"https:\/\/www.came.com\/fr\/wp-json\/wp\/v2\/pages"}],"about":[{"href":"https:\/\/www.came.com\/fr\/wp-json\/wp\/v2\/types\/page"}],"author":[{"embeddable":true,"href":"https:\/\/www.came.com\/fr\/wp-json\/wp\/v2\/users\/6"}],"replies":[{"embeddable":true,"href":"https:\/\/www.came.com\/fr\/wp-json\/wp\/v2\/comments?post=12432"}],"version-history":[{"count":4,"href":"https:\/\/www.came.com\/fr\/wp-json\/wp\/v2\/pages\/12432\/revisions"}],"predecessor-version":[{"id":13900,"href":"https:\/\/www.came.com\/fr\/wp-json\/wp\/v2\/pages\/12432\/revisions\/13900"}],"wp:attachment":[{"href":"https:\/\/www.came.com\/fr\/wp-json\/wp\/v2\/media?parent=12432"}],"curies":[{"name":"wp","href":"https:\/\/api.w.org\/{rel}","templated":true}]}}