{"id":12413,"date":"2025-05-20T15:07:20","date_gmt":"2025-05-20T13:07:20","guid":{"rendered":"https:\/\/www.came.com\/fr\/?page_id=12413"},"modified":"2025-12-17T14:31:41","modified_gmt":"2025-12-17T13:31:41","slug":"protocole-matter","status":"publish","type":"page","link":"https:\/\/www.came.com\/fr\/protocole-matter\/","title":{"rendered":"Protocole Matter"},"content":{"rendered":"\n<div class=\"wp-block-cover alignfull\"><span aria-hidden=\"true\" class=\"wp-block-cover__background has-dark-grey-background-color has-background-dim\"><\/span><img decoding=\"async\" class=\"wp-block-cover__image-background wp-image-10983\" alt=\"CAME matter protocol\" src=\"https:\/\/www.came.com\/global\/wp-content\/uploads\/2024\/11\/main_matter_3038x1076-scaled.jpg\" data-object-fit=\"cover\"\/><div class=\"wp-block-cover__inner-container is-layout-flow wp-block-cover-is-layout-flow\">\n<div class=\"wp-block-group has-global-padding is-layout-constrained wp-block-group-is-layout-constrained\">\n<h4 class=\"wp-block-heading has-text-align-center has-white-color has-text-color has-link-color has-came-font-font-family wp-elements-a553df1fa06adb553edc44bdeef54866\"><strong>Protocole Matter<\/strong><\/h4>\n\n\n\n<h1 class=\"wp-block-heading has-text-align-center has-white-color has-text-color has-link-color wp-elements-0a90ac3f9c76783b0f7685328b36299c\" style=\"font-style:normal;font-weight:400\"><strong><strong>L&rsquo;avenir de la connectivit\u00e9 de la maison intelligente<\/strong><\/strong><\/h1>\n<\/div>\n<\/div><\/div>\n\n\n\n<div class=\"wp-block-group alignwide came-box-content-style-2 is-layout-flow wp-block-group-is-layout-flow\" style=\"padding-top:var(--wp--preset--spacing--70);padding-bottom:var(--wp--preset--spacing--70)\">\n<h2 class=\"wp-block-heading title-with-line has-dark-grey-color has-text-color has-link-color wp-elements-d36b29a4ab9e0d0300fd3705236b9dcd\"><strong>Matter Protocol : l&rsquo;avenir de la connectivit\u00e9 pour la maison intelligente<\/strong><\/h2>\n\n\n\n<div class=\"wp-block-columns are-vertically-aligned-center is-layout-flex wp-container-core-columns-is-layout-1 wp-block-columns-is-layout-flex\" style=\"margin-bottom:var(--wp--preset--spacing--70)\">\n<div class=\"wp-block-column is-vertically-aligned-center is-layout-flow wp-block-column-is-layout-flow\">\n<p class=\"has-medium-font-size\">Le protocole Matter est une norme de connectivit\u00e9 open source de pointe con\u00e7ue pour r\u00e9volutionner la fa\u00e7on dont les appareils domestiques intelligents fonctionnent ensemble, rendant votre maison plus efficace, int\u00e9gr\u00e9e et s\u00e9curis\u00e9e. Soutenu par de grandes entreprises technologiques comme Apple, Google, Amazon et la Connectivity Standards Alliance (CSA), Matter vise \u00e0 simplifier et \u00e0 unifier l&rsquo;\u00e9cosyst\u00e8me fragment\u00e9 de la maison intelligente.<\/p>\n<\/div>\n\n\n\n<div class=\"wp-block-column is-vertically-aligned-center is-layout-flow wp-block-column-is-layout-flow\">\n<figure class=\"wp-block-image alignfull size-full image-fit-cover\"><img decoding=\"async\" src=\"https:\/\/www.came.com\/global\/wp-content\/uploads\/2024\/11\/matter_1.jpg\" alt=\"CAME matter protocol\" class=\"wp-image-10985\"\/><\/figure>\n<\/div>\n<\/div>\n<\/div>\n\n\n\n<div class=\"wp-block-group alignwide came-box-content-style-2 is-layout-flow wp-block-group-is-layout-flow\" style=\"padding-top:var(--wp--preset--spacing--70);padding-bottom:var(--wp--preset--spacing--70)\">\n<h2 class=\"wp-block-heading title-with-line\"><strong>Qu&rsquo;est-ce que le protocole Matter ?<\/strong><\/h2>\n\n\n\n<div class=\"wp-block-columns are-vertically-aligned-center is-layout-flex wp-container-core-columns-is-layout-2 wp-block-columns-is-layout-flex\" style=\"margin-bottom:var(--wp--preset--spacing--70)\">\n<div class=\"wp-block-column is-vertically-aligned-center is-layout-flow wp-block-column-is-layout-flow\">\n<figure class=\"wp-block-image size-full image-fit-cover\"><img decoding=\"async\" src=\"https:\/\/www.came.com\/global\/wp-content\/uploads\/2024\/10\/matter_2-2.jpg\" alt=\"matter protocol\" class=\"wp-image-10697\"\/><\/figure>\n<\/div>\n\n\n\n<div class=\"wp-block-column is-vertically-aligned-center is-layout-flow wp-block-column-is-layout-flow\">\n<p class=\"has-medium-font-size\">Matter est un protocole universel qui permet \u00e0 divers appareils domestiques intelligents, quelle que soit leur marque ou leur fabricant, de communiquer de mani\u00e8re transparente entre eux. Son objectif principal est de cr\u00e9er un r\u00e9seau interconnect\u00e9 d&rsquo;appareils, r\u00e9duisant ainsi le besoin de plusieurs plateformes, applications et hubs. Matter fonctionne sur les normes de communication domestiques intelligentes existantes telles que Wi-Fi, Ethernet et Thread, assurant une connexion fiable et s\u00e9curis\u00e9e entre les appareils. Le protocole est con\u00e7u pour \u00eatre \u00e0 la fois interop\u00e9rable et facile \u00e0 utiliser. Que vous configuriez des lumi\u00e8res, des thermostats ou d&rsquo;autres automatisations, Matter s&rsquo;assure qu&rsquo;ils peuvent communiquer entre eux et avec diff\u00e9rents assistants intelligents, tels qu&rsquo;Amazon Alexa, Apple Siri et Google Assistant. Cela signifie que vous pouvez m\u00e9langer et assortir vos appareils de diff\u00e9rentes marques et les contr\u00f4ler tous avec une seule application.<\/p>\n<\/div>\n<\/div>\n<\/div>\n\n\n\n<div class=\"wp-block-group alignwide came-box-content-style-2 is-layout-flow wp-block-group-is-layout-flow\" style=\"padding-top:var(--wp--preset--spacing--70);padding-bottom:var(--wp--preset--spacing--70)\">\n<h2 class=\"wp-block-heading title-with-line\"><strong>Contr\u00f4le de pr\u00e9cision avec \u00e9lectronique et micrologiciel exclusifs<\/strong><\/h2>\n\n\n\n<div class=\"wp-block-columns are-vertically-aligned-center is-layout-flex wp-container-core-columns-is-layout-3 wp-block-columns-is-layout-flex\" style=\"margin-bottom:var(--wp--preset--spacing--70)\">\n<div class=\"wp-block-column is-vertically-aligned-center is-layout-flow wp-block-column-is-layout-flow\">\n<p class=\"has-medium-font-size\"><strong>Interop\u00e9rabilit\u00e9 :<\/strong><\/p>\n\n\n\n<p class=\"has-medium-font-size\">L&rsquo;un des plus grands avantages de Matter est sa compatibilit\u00e9 multimarque. Avec Matter, les appareils domestiques intelligents de diff\u00e9rents fabricants peuvent interagir sans effort. Que vous utilisiez des appareils de grandes marques ou de petites entreprises, Matter s&rsquo;assure qu&rsquo;ils fonctionnent tous ensemble en harmonie.<\/p>\n\n\n\n<p class=\"has-medium-font-size\"><strong>Configuration et utilisation simplifi\u00e9es :<\/strong><\/p>\n\n\n\n<p class=\"has-medium-font-size\">Matter simplifie l&rsquo;ensemble du processus d&rsquo;ajout de nouveaux appareils \u00e0 votre maison. Vous n&rsquo;avez plus \u00e0 vous soucier des proc\u00e9dures de configuration complexes ou du t\u00e9l\u00e9chargement de plusieurs applications. Avec Matter, vous pouvez ajouter rapidement de nouveaux appareils, qui s&rsquo;int\u00e9greront instantan\u00e9ment \u00e0 votre \u00e9cosyst\u00e8me de maison intelligente existant.<\/p>\n\n\n\n<p class=\"has-medium-font-size\"><strong>S\u00e9curit\u00e9 accrue :<\/strong><\/p>\n\n\n\n<p class=\"has-medium-font-size\">La s\u00e9curit\u00e9 est une priorit\u00e9 absolue pour Matter. Le cryptage int\u00e9gr\u00e9 et la communication s\u00e9curis\u00e9e des appareils prot\u00e8gent vos donn\u00e9es et votre maison contre les cybermenaces. Cela fait de Matter l&rsquo;un des protocoles les plus s\u00fbrs pour la domotique intelligente.<\/p>\n<\/div>\n\n\n\n<div class=\"wp-block-column is-vertically-aligned-center is-layout-flow wp-block-column-is-layout-flow\">\n<figure class=\"wp-block-image size-full image-fit-cover\"><img decoding=\"async\" src=\"https:\/\/www.came.com\/global\/wp-content\/uploads\/2024\/11\/matter_3.jpg\" alt=\"CAME compatibility protocol\" class=\"wp-image-10989\"\/><\/figure>\n<\/div>\n<\/div>\n\n\n\n<div class=\"wp-block-group alignfull came-box-content-style-1 is-layout-flow wp-block-group-is-layout-flow\" style=\"padding-top:var(--wp--preset--spacing--70);padding-bottom:var(--wp--preset--spacing--70)\">\n<div class=\"wp-block-group alignwide is-layout-flow wp-block-group-is-layout-flow\">\n<div class=\"wp-block-columns is-layout-flex wp-container-core-columns-is-layout-4 wp-block-columns-is-layout-flex\" style=\"margin-bottom:var(--wp--preset--spacing--70)\">\n<div class=\"wp-block-column is-layout-flow wp-block-column-is-layout-flow\">\n<p class=\"has-medium-font-size\"><strong>Temps de r\u00e9ponse plus rapides :<\/strong><\/p>\n\n\n\n<p class=\"has-medium-font-size\">\u00c9tant donn\u00e9 que Matter prend en charge le contr\u00f4le local, les appareils peuvent communiquer directement sans d\u00e9pendre du cloud pour les fonctionnalit\u00e9s de base. Cela r\u00e9duit le d\u00e9calage et am\u00e9liore la r\u00e9activit\u00e9 globale de votre syst\u00e8me de maison intelligente, vous donnant des r\u00e9sultats plus rapides lorsque vous ajustez les param\u00e8tres ou d\u00e9clenchez des automatisations.<\/p>\n<\/div>\n\n\n\n<div class=\"wp-block-column is-layout-flow wp-block-column-is-layout-flow\">\n<p class=\"has-medium-font-size\"><strong>Technologie \u00e0 l&rsquo;\u00e9preuve du temps :<\/strong><\/p>\n\n\n\n<p class=\"has-medium-font-size\">Matter est con\u00e7u en pensant \u00e0 l&rsquo;avenir. Il garantit que votre syst\u00e8me de maison intelligente est \u00e9volutif et adaptable \u00e0 l&rsquo;\u00e9mergence de nouveaux appareils et technologies. Cela signifie \u00e9galement que vous n&rsquo;avez pas \u00e0 remplacer les appareils lors de la mise \u00e0 niveau de votre syst\u00e8me, car Matter est r\u00e9trocompatible avec les futures mises \u00e0 jour.<\/p>\n<\/div>\n<\/div>\n<\/div>\n<\/div>\n<\/div>\n\n\n\n<div class=\"wp-block-group alignwide came-box-content-style-2 is-layout-flow wp-block-group-is-layout-flow\" style=\"padding-top:var(--wp--preset--spacing--70);padding-bottom:var(--wp--preset--spacing--70)\">\n<h2 class=\"wp-block-heading title-with-line\">Shutters &amp; Lights QBE de CAME: Une solution bas\u00e9e sur Matter<\/h2>\n\n\n\n<div class=\"wp-block-columns are-vertically-aligned-center is-layout-flex wp-container-core-columns-is-layout-5 wp-block-columns-is-layout-flex\" style=\"margin-bottom:var(--wp--preset--spacing--70)\">\n<div class=\"wp-block-column is-vertically-aligned-center is-layout-flow wp-block-column-is-layout-flow\">\n<figure class=\"wp-block-image size-full image-fit-cover\"><img decoding=\"async\" src=\"https:\/\/www.came.com\/global\/wp-content\/uploads\/2024\/11\/matter_4.jpg\" alt=\"QBE Shutters &amp; Lights\" class=\"wp-image-10991\"\/><\/figure>\n<\/div>\n\n\n\n<div class=\"wp-block-column is-vertically-aligned-center is-layout-flow wp-block-column-is-layout-flow\">\n<p class=\"has-medium-font-size\">CAME fait passer la domotique intelligente \u00e0 un niveau sup\u00e9rieur avec sa solution QBE Shutters &amp; Lights, enti\u00e8rement compatible avec le protocole Matter. Ce syst\u00e8me innovant vous permet de contr\u00f4ler facilement les volets et l&rsquo;\u00e9clairage de votre maison, en assurant un niveau de lumi\u00e8re parfait pour toutes les occasions. Que vous souhaitiez laisser entrer plus de lumi\u00e8re naturelle ou ajuster l&rsquo;\u00e9clairage int\u00e9rieur pour une atmosph\u00e8re chaleureuse, QBE offre un contr\u00f4le transparent \u00e0 port\u00e9e de main. Gr\u00e2ce \u00e0 l&rsquo;interop\u00e9rabilit\u00e9 de Matter, les Shutters &amp; Lights QBE de CAME peuvent s&rsquo;int\u00e9grer sans effort \u00e0 d&rsquo;autres appareils domestiques intelligents, offrant ainsi une exp\u00e9rience unifi\u00e9e et intuitive pour votre environnement de vie id\u00e9al.<\/p>\n\n\n\n<div class=\"wp-block-buttons align-with-bottom is-layout-flex wp-block-buttons-is-layout-flex\">\n<div class=\"wp-block-button\"><a class=\"wp-block-button__link wp-element-button\" href=\"https:\/\/www.came.com\/global\/en\/qbe-landing\/\">En savoir plus<\/a><\/div>\n<\/div>\n<\/div>\n<\/div>\n<\/div>\n","protected":false},"excerpt":{"rendered":"<p>Matter Protocol : l&rsquo;avenir de la connectivit\u00e9 pour la maison intelligente Le protocole Matter est une norme de connectivit\u00e9 open source de pointe con\u00e7ue pour r\u00e9volutionner la fa\u00e7on dont les appareils domestiques intelligents fonctionnent ensemble, rendant votre maison plus efficace, int\u00e9gr\u00e9e et s\u00e9curis\u00e9e. Soutenu par de grandes entreprises technologiques comme Apple, Google, Amazon et la [&hellip;]<\/p>\n","protected":false},"author":6,"featured_media":0,"parent":0,"menu_order":0,"comment_status":"closed","ping_status":"closed","template":"page_template-without-title.php","meta":{"elastic_search":"","powered_cache_disable_cache":false,"footnotes":""},"_links":{"self":[{"href":"https:\/\/www.came.com\/fr\/wp-json\/wp\/v2\/pages\/12413"}],"collection":[{"href":"https:\/\/www.came.com\/fr\/wp-json\/wp\/v2\/pages"}],"about":[{"href":"https:\/\/www.came.com\/fr\/wp-json\/wp\/v2\/types\/page"}],"author":[{"embeddable":true,"href":"https:\/\/www.came.com\/fr\/wp-json\/wp\/v2\/users\/6"}],"replies":[{"embeddable":true,"href":"https:\/\/www.came.com\/fr\/wp-json\/wp\/v2\/comments?post=12413"}],"version-history":[{"count":2,"href":"https:\/\/www.came.com\/fr\/wp-json\/wp\/v2\/pages\/12413\/revisions"}],"predecessor-version":[{"id":14564,"href":"https:\/\/www.came.com\/fr\/wp-json\/wp\/v2\/pages\/12413\/revisions\/14564"}],"wp:attachment":[{"href":"https:\/\/www.came.com\/fr\/wp-json\/wp\/v2\/media?parent=12413"}],"curies":[{"name":"wp","href":"https:\/\/api.w.org\/{rel}","templated":true}]}}