{"id":12410,"date":"2025-05-20T15:03:05","date_gmt":"2025-05-20T13:03:05","guid":{"rendered":"https:\/\/www.came.com\/fr\/?page_id=12410"},"modified":"2025-12-17T14:28:17","modified_gmt":"2025-12-17T13:28:17","slug":"technologie-cxn-bus","status":"publish","type":"page","link":"https:\/\/www.came.com\/fr\/technologie-cxn-bus\/","title":{"rendered":"Technologie CXN BUS"},"content":{"rendered":"\n<div class=\"wp-block-cover alignfull\"><span aria-hidden=\"true\" class=\"wp-block-cover__background has-dark-grey-background-color has-background-dim\"><\/span><img decoding=\"async\" class=\"wp-block-cover__image-background wp-image-8720\" alt=\"CXN BUS Technology CAME\" src=\"https:\/\/www.came.com\/global\/wp-content\/uploads\/2024\/09\/main_cxn_3038x1076-min-scaled.jpg\" style=\"object-position:56% 68%\" data-object-fit=\"cover\" data-object-position=\"56% 68%\"\/><div class=\"wp-block-cover__inner-container is-layout-flow wp-block-cover-is-layout-flow\">\n<div class=\"wp-block-group has-global-padding is-layout-constrained wp-block-group-is-layout-constrained\">\n<h4 class=\"wp-block-heading has-text-align-center has-white-color has-text-color has-link-color has-came-font-font-family wp-elements-0b383a957617eb443774c041f98ec234\">CXN BUS<\/h4>\n\n\n\n<h1 class=\"wp-block-heading has-text-align-center has-white-color has-text-color has-link-color wp-elements-2d871b0760c01ed439669248a239ada7\" style=\"font-style:normal;font-weight:400\"><strong><strong>L&rsquo;\u00e9volution des accessoires<\/strong><\/strong><\/h1>\n<\/div>\n<\/div><\/div>\n\n\n\n<div class=\"wp-block-group alignwide came-group-desc is-layout-flow wp-block-group-is-layout-flow\" style=\"padding-top:var(--wp--preset--spacing--80);padding-bottom:var(--wp--preset--spacing--80)\">\n<h3 class=\"wp-block-heading has-came-dark-blue-color has-text-color has-link-color has-came-font-font-family has-large-font-size wp-elements-c438975a4e87e1e8077118e6ab48e522\"><strong><strong>Nouvelle gamme d&rsquo;accessoires CXN avec technologie BUS<\/strong><\/strong><\/h3>\n\n\n\n<p class=\"has-medium-font-size\">Simplifiez votre processus d&rsquo;installation avec la gamme d&rsquo;accessoires CXN dot\u00e9e de la technologie BUS. Ces accessoires assurent une configuration plus rapide et plus facile, permettant \u00e0 chaque appareil d&rsquo;\u00eatre facilement configur\u00e9 apr\u00e8s l&rsquo;installation. De plus, vous pouvez effectuer un diagnostic complet sur chaque appareil pour des performances optimales.<\/p>\n<\/div>\n\n\n\n<figure data-wp-context=\"{&quot;uploadedSrc&quot;:false,&quot;figureClassNames&quot;:&quot;wp-block-image alignwide size-large&quot;,&quot;figureStyles&quot;:null,&quot;imgClassNames&quot;:&quot;wp-image-8555&quot;,&quot;imgStyles&quot;:null,&quot;targetWidth&quot;:&quot;none&quot;,&quot;targetHeight&quot;:&quot;none&quot;,&quot;scaleAttr&quot;:false,&quot;ariaLabel&quot;:&quot;Agrandir l\\u2019image\\u00a0: CXN BUS Technology CAME&quot;,&quot;alt&quot;:&quot;CXN BUS Technology CAME&quot;}\" data-wp-interactive=\"core\/image\" class=\"wp-block-image alignwide size-large wp-lightbox-container\"><img decoding=\"async\" data-wp-init=\"callbacks.setButtonStyles\" data-wp-on--click=\"actions.showLightbox\" data-wp-on--load=\"callbacks.setButtonStyles\" data-wp-on-window--resize=\"callbacks.setButtonStyles\" src=\"https:\/\/www.came.com\/global\/wp-content\/uploads\/2024\/08\/CXN-BUS-CONNECTIONS-1920x782.jpg\" alt=\"CXN BUS Technology CAME\" class=\"wp-image-8555\"\/><button\n\t\t\tclass=\"lightbox-trigger\"\n\t\t\ttype=\"button\"\n\t\t\taria-haspopup=\"dialog\"\n\t\t\taria-label=\"Agrandir l\u2019image\u00a0: CXN BUS Technology CAME\"\n\t\t\tdata-wp-init=\"callbacks.initTriggerButton\"\n\t\t\tdata-wp-on--click=\"actions.showLightbox\"\n\t\t\tdata-wp-style--right=\"context.imageButtonRight\"\n\t\t\tdata-wp-style--top=\"context.imageButtonTop\"\n\t\t>\n\t\t\t<svg xmlns=\"http:\/\/www.w3.org\/2000\/svg\" width=\"12\" height=\"12\" fill=\"none\" viewBox=\"0 0 12 12\">\n\t\t\t\t<path fill=\"#fff\" d=\"M2 0a2 2 0 0 0-2 2v2h1.5V2a.5.5 0 0 1 .5-.5h2V0H2Zm2 10.5H2a.5.5 0 0 1-.5-.5V8H0v2a2 2 0 0 0 2 2h2v-1.5ZM8 12v-1.5h2a.5.5 0 0 0 .5-.5V8H12v2a2 2 0 0 1-2 2H8Zm2-12a2 2 0 0 1 2 2v2h-1.5V2a.5.5 0 0 0-.5-.5H8V0h2Z\" \/>\n\t\t\t<\/svg>\n\t\t<\/button><\/figure>\n\n\n\n<div class=\"wp-block-group alignwide came-box-content-style-2 is-layout-flow wp-block-group-is-layout-flow\" style=\"padding-top:var(--wp--preset--spacing--70);padding-bottom:var(--wp--preset--spacing--70)\">\n<h2 class=\"wp-block-heading title-with-line\"><strong>Panneaux de commande<\/strong><\/h2>\n\n\n\n<div class=\"wp-block-columns is-layout-flex wp-container-core-columns-is-layout-1 wp-block-columns-is-layout-flex\" style=\"margin-bottom:var(--wp--preset--spacing--70)\">\n<div class=\"wp-block-column is-layout-flow wp-block-column-is-layout-flow\">\n<p class=\"has-medium-font-size\">Nos nouveaux panneaux de commande pour portails battants, ZLX24SA et ZLX24MA, ainsi que les barri\u00e8res GARD GT4 et GARD GT8, ainsi que les s\u00e9ries d&rsquo;op\u00e9rateurs BXV PLUS, BKX et FROG-X sont tous con\u00e7us avec la technologie CXN BUS.<\/p>\n\n\n\n<p class=\"has-medium-font-size\">Am\u00e9liorez votre exp\u00e9rience d&rsquo;installation avec la gamme innovante d&rsquo;accessoires CXN et profitez des avantages de la technologie BUS moderne.<\/p>\n\n\n\n<div class=\"wp-block-buttons align-with-bottom is-layout-flex wp-block-buttons-is-layout-flex\">\n<div class=\"wp-block-button\"><a class=\"wp-block-button__link wp-element-button\" href=\"\/global\/en\/products\/control-panels\/\">D\u00e9couvrez nos panneaux de commande<\/a><\/div>\n<\/div>\n<\/div>\n\n\n\n<div class=\"wp-block-column is-layout-flow wp-block-column-is-layout-flow\">\n<figure class=\"wp-block-image size-full image-fit-cover\"><img decoding=\"async\" src=\"https:\/\/www.came.com\/global\/wp-content\/uploads\/2024\/08\/slide-MULTIPLE-CONNECTION.jpg\" alt=\"CXN BUS Technology CAME\" class=\"wp-image-7984\"\/><\/figure>\n<\/div>\n<\/div>\n<\/div>\n\n\n\n<div class=\"wp-block-group alignfull came-box-content-card-slider-1 is-layout-flow wp-block-group-is-layout-flow\" style=\"margin-top:0px;margin-bottom:0px\">\n<h2 class=\"wp-block-heading alignwide title-with-line\">Accessoires pour la technologie de bus CXN<\/h2>\n\n\n\n<div class=\"wp-block-group alignwide came-box-tabs is-layout-flow wp-block-group-is-layout-flow\">\n<div class=\"wp-block-group tabs-contents is-layout-flow wp-block-group-is-layout-flow\">\n<div id=\"card-slider-tab1\" class=\"wp-block-group is-layout-flow wp-block-group-is-layout-flow\">\n<div class=\"wp-block-group cards-container card-white is-layout-flow wp-block-group-is-layout-flow\">\n<div class=\"wp-block-group slider-card is-layout-flow wp-block-group-is-layout-flow\">\n<figure class=\"wp-block-image size-large is-resized\"><a href=\"\/global\/en\/products\/selectors-sel-digital\/\"><img decoding=\"async\" src=\"https:\/\/static.came.com\/assets\/low\/mkt\/Automations_Access_Control\/items\/806SL-0050.webp\" alt=\"Key switch selectors CAME\" style=\"width:200px\"\/><\/a><\/figure>\n\n\n\n<h2 class=\"wp-block-heading\"><a href=\"\/global\/en\/products\/control-and-safety-accessories-sel-digital\/\"><strong>S\u00e9lecteurs \u00e0 cl\u00e9<\/strong><\/a><\/h2>\n\n\n\n<div class=\"wp-block-group box-label-value is-layout-flow wp-block-group-is-layout-flow\">\n<p class=\"label\">806SL-0070<\/p>\n\n\n\n<p class=\"value\"><strong><strong><strong><strong>Montage en surface<\/strong><\/strong><\/strong><\/strong><\/p>\n<\/div>\n\n\n\n<div class=\"wp-block-group box-label-value is-layout-flow wp-block-group-is-layout-flow\">\n<p class=\"label\">806SL-0080<\/p>\n\n\n\n<p class=\"value\"><strong>Montage encastr\u00e9 \u00e0 cl\u00e9 avec cylindre<\/strong><\/p>\n<\/div>\n\n\n\n<div class=\"wp-block-group box-label-value is-layout-flow wp-block-group-is-layout-flow\">\n<p class=\"label\">806SL-0030<\/p>\n\n\n\n<p class=\"value\"><strong><strong>Montage en surface<\/strong><\/strong><\/p>\n<\/div>\n\n\n\n<div class=\"wp-block-group box-label-value is-layout-flow wp-block-group-is-layout-flow\">\n<p class=\"label\">806SL-0040<\/p>\n\n\n\n<p class=\"value\"><strong>Encastr\u00e9<\/strong><\/p>\n<\/div>\n\n\n\n<p class=\"link\"><a href=\"\/global\/en\/products\/selectors-sel-digital\/\"><strong>En savoir plus<\/strong><\/a><\/p>\n<\/div>\n\n\n\n<div class=\"wp-block-group slider-card is-layout-flow wp-block-group-is-layout-flow\">\n<figure class=\"wp-block-image size-large is-resized\"><a href=\"\/global\/en\/products\/selectors-sel-digital\/\"><img decoding=\"async\" src=\"https:\/\/static.came.com\/assets\/low\/mkt\/Automations_Access_Control\/items\/806SL-0300.webp\" alt=\"Bluetoth Selectors CAME\" style=\"width:200px\"\/><\/a><\/figure>\n\n\n\n<h2 class=\"wp-block-heading\"><a href=\"\/global\/en\/products\/selectors-sel-digital\/\">Bluetooth <br>Selectors<\/a><\/h2>\n\n\n\n<div class=\"wp-block-group box-label-value is-layout-flow wp-block-group-is-layout-flow\">\n<p class=\"label\">806SL-0340<\/p>\n\n\n\n<p class=\"value\"><strong>Montage en surface<\/strong> <br>15 <strong>utilisateurs<\/strong><\/p>\n<\/div>\n\n\n\n<div class=\"wp-block-group box-label-value is-layout-flow wp-block-group-is-layout-flow\">\n<p class=\"label\">806SL-0350<\/p>\n\n\n\n<p class=\"value\"><strong>Montage en surface<\/strong> <br>50 <strong>utilisateurs<\/strong><\/p>\n<\/div>\n\n\n\n<div class=\"wp-block-group box-label-value is-layout-flow wp-block-group-is-layout-flow\">\n<p class=\"label\">806SL-0360<\/p>\n\n\n\n<p class=\"value\"><strong>Montage en surface<\/strong><br>250 <strong>utilisateurs<\/strong><\/p>\n<\/div>\n\n\n\n<div class=\"wp-block-group box-label-value is-layout-flow wp-block-group-is-layout-flow\">\n<p class=\"label\"><span style=\"color:white;\">s<\/span><\/p>\n\n\n\n<p class=\"value\"><span style=\"color:white;\">s<\/span><\/p>\n<\/div>\n\n\n\n<p class=\"link\"><a href=\"\/global\/en\/products\/selectors-sel-digital\/\"><strong>En savoir plus<\/strong><\/a><\/p>\n<\/div>\n\n\n\n<div class=\"wp-block-group slider-card is-layout-flow wp-block-group-is-layout-flow\">\n<figure class=\"wp-block-image size-large is-resized\"><a href=\"\/global\/en\/products\/selectors-sel-digital\/\"><img decoding=\"async\" src=\"https:\/\/static.came.com\/assets\/low\/mkt\/Automations_Access_Control\/items\/806SL-0280.webp\" alt=\"Keypad Selectors CAME\" style=\"width:200px\"\/><\/a><\/figure>\n\n\n\n<h2 class=\"wp-block-heading\"><a href=\"\/global\/en\/products\/selectors-sel-digital\/\">Keypad <br>Selectors<\/a><\/h2>\n\n\n\n<div class=\"wp-block-group box-label-value is-layout-flow wp-block-group-is-layout-flow\">\n<p class=\"label\">806SL-0280<\/p>\n\n\n\n<p class=\"value\"><strong>Montage en surface<\/strong><\/p>\n<\/div>\n\n\n\n<div class=\"wp-block-group box-label-value is-layout-flow wp-block-group-is-layout-flow\">\n<p class=\"label\">806SL-0290<\/p>\n\n\n\n<p class=\"value\"><strong>Encastr\u00e9<\/strong><\/p>\n<\/div>\n\n\n\n<p><br><br><br><\/p>\n\n\n\n<div class=\"wp-block-group box-label-value is-layout-flow wp-block-group-is-layout-flow\">\n<p><\/p>\n<\/div>\n\n\n\n<div class=\"wp-block-group box-label-value is-layout-flow wp-block-group-is-layout-flow\">\n<p class=\"label\"><span style=\"color:white;\">s<\/span><\/p>\n\n\n\n<p class=\"value\"><span style=\"color:white;\">s<\/span><\/p>\n<\/div>\n\n\n\n<p class=\"link\"><a href=\"\/global\/en\/products\/selectors-sel-digital\/\"><strong>En savoir plus<\/strong><\/a><\/p>\n<\/div>\n\n\n\n<div class=\"wp-block-group slider-card is-layout-flow wp-block-group-is-layout-flow\">\n<figure class=\"wp-block-image size-large is-resized\"><a href=\"\/global\/en\/products\/selectors-sel-digital\/\"><img decoding=\"async\" src=\"https:\/\/static.came.com\/assets\/low\/mkt\/Automations_Access_Control\/items\/806SL-0310.webp\" alt=\"Transponder Selectors CAME\" style=\"width:200px\"\/><\/a><\/figure>\n\n\n\n<h2 class=\"wp-block-heading\"><a href=\"\/global\/en\/products\/selectors-sel-digital\/\">Transponder Selectors<\/a><\/h2>\n\n\n\n<div class=\"wp-block-group box-label-value is-layout-flow wp-block-group-is-layout-flow\">\n<p class=\"label\">806SL-0300<\/p>\n\n\n\n<p class=\"value\"><strong>Montage en surface<\/strong><br><br><\/p>\n<\/div>\n\n\n\n<div class=\"wp-block-group box-label-value is-layout-flow wp-block-group-is-layout-flow\">\n<p class=\"label\">806SL-0310<\/p>\n\n\n\n<p class=\"value\"><strong>Encastr\u00e9<\/strong><br><\/p>\n<\/div>\n\n\n\n<div class=\"wp-block-group box-label-value is-layout-flow wp-block-group-is-layout-flow\">\n<p class=\"label\">806SL-0320<\/p>\n\n\n\n<p class=\"value\"><strong>Encastr\u00e9<\/strong><br><\/p>\n<\/div>\n\n\n\n<div class=\"wp-block-group box-label-value is-layout-flow wp-block-group-is-layout-flow\">\n<p class=\"label\">806SL-0330<\/p>\n\n\n\n<p class=\"value\"><strong>Encastr\u00e9<\/strong><br><\/p>\n<\/div>\n\n\n\n<p class=\"link\"><a href=\"\/global\/en\/products\/selectors-sel-digital\/\"><strong>En savoir plus<\/strong><\/a><\/p>\n<\/div>\n\n\n\n<div class=\"wp-block-group slider-card is-layout-flow wp-block-group-is-layout-flow\">\n<figure class=\"wp-block-image size-large is-resized\"><a href=\"\/global\/en\/products\/photocells-dlx\/\"><img decoding=\"async\" src=\"https:\/\/static.came.com\/assets\/low\/mkt\/Automations_Access_Control\/items\/806TF-0090.webp\" alt=\"DLX Photocells CAME\" style=\"width:200px\"\/><\/a><\/figure>\n\n\n\n<h2 class=\"wp-block-heading\"><a href=\"\/global\/en\/products\/photocells-dlx\/\">DLX Series Photocells<\/a><\/h2>\n\n\n\n<div class=\"wp-block-group box-label-value is-layout-flow wp-block-group-is-layout-flow\">\n<p class=\"label\">806TF-0090<\/p>\n\n\n\n<p class=\"value\"><strong>Encastr\u00e9<\/strong><br><\/p>\n<\/div>\n\n\n\n<div class=\"wp-block-group box-label-value is-layout-flow wp-block-group-is-layout-flow\">\n<p class=\"label\">806TF-0100<\/p>\n\n\n\n<p class=\"value\"><strong>Montage en surface<\/strong><br><\/p>\n<\/div>\n\n\n\n<div class=\"wp-block-group box-label-value is-layout-flow wp-block-group-is-layout-flow\">\n<p> <br> <br><br><\/p>\n<\/div>\n\n\n\n<div class=\"wp-block-group box-label-value is-layout-flow wp-block-group-is-layout-flow\">\n<p class=\"label\"> <br> <br><\/p>\n\n\n\n<p><\/p>\n<\/div>\n\n\n\n<p class=\"link\"><a href=\"\/global\/en\/products\/photocells-dlx\/\"><strong>En savoir plus<\/strong><\/a><\/p>\n<\/div>\n\n\n\n<div class=\"wp-block-group slider-card is-layout-flow wp-block-group-is-layout-flow\">\n<figure class=\"wp-block-image size-large is-resized\"><a href=\"\/global\/en\/products\/photocells-dxr\/\"><img decoding=\"async\" src=\"https:\/\/static.came.com\/assets\/low\/mkt\/Automations_Access_Control\/series\/DXR.webp\" alt=\"DXR Photocells CAME\" style=\"width:200px\"\/><\/a><\/figure>\n\n\n\n<h2 class=\"wp-block-heading\"><a href=\"\/global\/en\/products\/photocells-dxr\/\">DXR Series Photocells<\/a><\/h2>\n\n\n\n<div class=\"wp-block-group box-label-value is-layout-flow wp-block-group-is-layout-flow\">\n<p class=\"label\">806TF-0110<\/p>\n\n\n\n<p class=\"value\"><strong>Montage en surface<\/strong><br><\/p>\n<\/div>\n\n\n\n<div class=\"wp-block-group box-label-value is-layout-flow wp-block-group-is-layout-flow\">\n<p class=\"label\"> <br><br><\/p>\n\n\n\n<p class=\"value\"> <br> <\/p>\n<\/div>\n\n\n\n<div class=\"wp-block-group box-label-value is-layout-flow wp-block-group-is-layout-flow\">\n<p> <br> <br><br><\/p>\n<\/div>\n\n\n\n<div class=\"wp-block-group box-label-value is-layout-flow wp-block-group-is-layout-flow\">\n<p class=\"label\"> <br> <br><\/p>\n\n\n\n<p><\/p>\n<\/div>\n\n\n\n<p class=\"link\"><a href=\"\/global\/en\/products\/photocells-dxr\/\"><strong>En savoir plus<\/strong><\/a><\/p>\n<\/div>\n\n\n\n<div class=\"wp-block-group slider-card is-layout-flow wp-block-group-is-layout-flow\">\n<figure class=\"wp-block-image size-full is-resized\"><img decoding=\"async\" src=\"https:\/\/www.came.com\/global\/wp-content\/uploads\/2024\/08\/KRX-bus.webp\" alt=\"KRX flashlight CAME\" class=\"wp-image-8451\" style=\"width:200px\"\/><\/figure>\n\n\n\n<h2 class=\"wp-block-heading\"><a href=\"\/global\/en\/products\/flashing-lights-krx\/\">KRX Series Flashing lights<\/a><\/h2>\n\n\n\n<div class=\"wp-block-group box-label-value is-layout-flow wp-block-group-is-layout-flow\">\n<p class=\"label\">806LA-0050<\/p>\n\n\n\n<p class=\"value\"><strong>Lumi\u00e8re RGB<\/strong><br><\/p>\n<\/div>\n\n\n\n<div class=\"wp-block-group box-label-value is-layout-flow wp-block-group-is-layout-flow\">\n<p class=\"label\">806LA-0070<\/p>\n\n\n\n<p class=\"value\"><strong>Lumi\u00e8re RGB<\/strong> <br><strong>avec gateway int\u00e9gr\u00e9<\/strong><\/p>\n<\/div>\n\n\n\n<div class=\"wp-block-group box-label-value is-layout-flow wp-block-group-is-layout-flow\">\n<p> <br> <br><br><\/p>\n<\/div>\n\n\n\n<div class=\"wp-block-group box-label-value is-layout-flow wp-block-group-is-layout-flow\">\n<p class=\"label\"> <br> <br><\/p>\n\n\n\n<p><\/p>\n<\/div>\n\n\n\n<p class=\"link\"><a href=\"\/global\/en\/products\/flashing-lights-krx\/\"><strong>En savoir plus<\/strong><\/a><\/p>\n<\/div>\n\n\n\n<div class=\"wp-block-group slider-card is-layout-flow wp-block-group-is-layout-flow\">\n<figure class=\"wp-block-image size-full is-resized\"><a href=\"\/global\/en\/products\/smart-automation-gateways-806sa-0040\/\"><img decoding=\"async\" src=\"https:\/\/www.came.com\/global\/wp-content\/uploads\/2024\/08\/odulo-elettronico.webp\" alt=\"expansion modules CAME\" class=\"wp-image-8096\" style=\"width:200px\"\/><\/a><\/figure>\n\n\n\n<h2 class=\"wp-block-heading\"><a href=\"\/global\/en\/products\/smart-automation-gateways-806sa-0040\/\">Expansion Modules<br><\/a>  <br> <\/h2>\n\n\n\n<div class=\"wp-block-group box-label-value is-layout-flow wp-block-group-is-layout-flow\">\n<p class=\"label\">806XG-0080<\/p>\n\n\n\n<p class=\"value\">2 <strong>entr\u00e9es<\/strong> + 2 <strong>sorties<\/strong><br><br><\/p>\n<\/div>\n\n\n\n<div class=\"wp-block-group box-label-value is-layout-flow wp-block-group-is-layout-flow\">\n<p class=\"label\"><\/p>\n\n\n\n<p class=\"value\"> <br> <br><br><\/p>\n<\/div>\n\n\n\n<div class=\"wp-block-group box-label-value is-layout-flow wp-block-group-is-layout-flow\">\n<p> <br> <br><br><\/p>\n<\/div>\n\n\n\n<div class=\"wp-block-group box-label-value is-layout-flow wp-block-group-is-layout-flow\">\n<p class=\"label\"> <br> <br><\/p>\n\n\n\n<p><\/p>\n<\/div>\n\n\n\n<p class=\"link\"><a href=\"\/global\/en\/products\/smart-automation-gateways-806sa-0040\/\">Discover more<\/a><\/p>\n<\/div>\n<\/div>\n<\/div>\n<\/div>\n<\/div>\n<\/div>\n","protected":false},"excerpt":{"rendered":"<p>Nouvelle gamme d&rsquo;accessoires CXN avec technologie BUS Simplifiez votre processus d&rsquo;installation avec la gamme d&rsquo;accessoires CXN dot\u00e9e de la technologie BUS. Ces accessoires assurent une configuration plus rapide et plus facile, permettant \u00e0 chaque appareil d&rsquo;\u00eatre facilement configur\u00e9 apr\u00e8s l&rsquo;installation. De plus, vous pouvez effectuer un diagnostic complet sur chaque appareil pour des performances optimales. [&hellip;]<\/p>\n","protected":false},"author":6,"featured_media":0,"parent":0,"menu_order":0,"comment_status":"closed","ping_status":"closed","template":"page_template-without-title.php","meta":{"elastic_search":"","powered_cache_disable_cache":false,"footnotes":""},"_links":{"self":[{"href":"https:\/\/www.came.com\/fr\/wp-json\/wp\/v2\/pages\/12410"}],"collection":[{"href":"https:\/\/www.came.com\/fr\/wp-json\/wp\/v2\/pages"}],"about":[{"href":"https:\/\/www.came.com\/fr\/wp-json\/wp\/v2\/types\/page"}],"author":[{"embeddable":true,"href":"https:\/\/www.came.com\/fr\/wp-json\/wp\/v2\/users\/6"}],"replies":[{"embeddable":true,"href":"https:\/\/www.came.com\/fr\/wp-json\/wp\/v2\/comments?post=12410"}],"version-history":[{"count":2,"href":"https:\/\/www.came.com\/fr\/wp-json\/wp\/v2\/pages\/12410\/revisions"}],"predecessor-version":[{"id":13897,"href":"https:\/\/www.came.com\/fr\/wp-json\/wp\/v2\/pages\/12410\/revisions\/13897"}],"wp:attachment":[{"href":"https:\/\/www.came.com\/fr\/wp-json\/wp\/v2\/media?parent=12410"}],"curies":[{"name":"wp","href":"https:\/\/api.w.org\/{rel}","templated":true}]}}