{"id":12406,"date":"2025-05-20T14:29:32","date_gmt":"2025-05-20T12:29:32","guid":{"rendered":"https:\/\/www.came.com\/fr\/?page_id=12406"},"modified":"2025-12-17T14:26:39","modified_gmt":"2025-12-17T13:26:39","slug":"came-key","status":"publish","type":"page","link":"https:\/\/www.came.com\/fr\/came-key\/","title":{"rendered":"CAME Key"},"content":{"rendered":"\n<div class=\"wp-block-cover alignfull\"><span aria-hidden=\"true\" class=\"wp-block-cover__background has-dark-grey-background-color has-background-dim\"><\/span><img decoding=\"async\" class=\"wp-block-cover__image-background wp-image-11573\" alt=\"CAME KEY\" src=\"https:\/\/www.came.com\/global\/wp-content\/uploads\/2024\/11\/key_3038x1076-1-scaled.jpg\" data-object-fit=\"cover\"\/><div class=\"wp-block-cover__inner-container is-layout-flow wp-block-cover-is-layout-flow\">\n<div class=\"wp-block-group has-global-padding is-layout-constrained wp-block-group-is-layout-constrained\">\n<h4 class=\"wp-block-heading has-text-align-center has-white-color has-text-color has-link-color has-came-font-font-family wp-elements-7cab02463d72e726cd2c69b4c95bc4a2\">came key<\/h4>\n\n\n\n<h1 class=\"wp-block-heading has-text-align-center has-white-color has-text-color has-link-color wp-elements-347f5dde31eb5bf2192f601f8394a505\" style=\"font-style:normal;font-weight:400\"><strong><strong>Votre nouveau partenaire d&rsquo;installation<\/strong><\/strong><\/h1>\n<\/div>\n<\/div><\/div>\n\n\n\n<div class=\"wp-block-group alignwide came-group-desc is-layout-flow wp-block-group-is-layout-flow\" style=\"padding-top:var(--wp--preset--spacing--80);padding-bottom:var(--wp--preset--spacing--80)\">\n<h3 class=\"wp-block-heading has-came-dark-blue-color has-text-color has-link-color has-came-font-font-family has-large-font-size wp-elements-7fcc3a14d5eef2fcd4080b5f2496b5fc\"><strong><strong>Installation, programmation et gestion sans effort<\/strong><\/strong><\/h3>\n\n\n\n<p class=\"has-medium-font-size\">CAME KEY est un outil innovant con\u00e7u pour rationaliser l&rsquo;installation, la programmation et la gestion des op\u00e9rateurs automatis\u00e9s. Tirant parti de la communication Wi-Fi locale entre CAME KEY et les smartphones, cet appareil agit comme une interface transparente entre le tableau de commande et l&rsquo;application CONNECT SetUp, \u00e9liminant ainsi le besoin d&rsquo;une connexion Internet.<\/p>\n\n\n\n<p class=\"has-medium-font-size\">CAME KEY est compatible avec toutes les cartes de contr\u00f4le qui prennent en charge CAME CONNECT.<\/p>\n<\/div>\n\n\n<div class=\"wp-block-group alignfull came-box-covers is-layout-flow wp-block-group-is-layout-flow\">\n<div class=\"wp-block-columns alignfull is-layout-flex wp-container-core-columns-is-layout-1 wp-block-columns-is-layout-flex\" style=\"margin-top:0;margin-bottom:0;padding-right:0;padding-left:0\">\n<div class=\"wp-block-column is-layout-flow wp-block-column-is-layout-flow\">\n<div class=\"wp-block-cover alignfull is-light box-cover\"><span aria-hidden=\"true\" class=\"wp-block-cover__background has-background-dim-40 has-background-dim\"><\/span><img decoding=\"async\" class=\"wp-block-cover__image-background wp-image-8565\" alt=\"CAME key\" src=\"https:\/\/www.came.com\/global\/wp-content\/uploads\/2024\/08\/CAME-KEY_11_Cover_1024x768.jpg\" data-object-fit=\"cover\"><div class=\"wp-block-cover__inner-container is-layout-flow wp-block-cover-is-layout-flow\">\n<div class=\"wp-block-group has-global-padding is-layout-constrained wp-block-group-is-layout-constrained\">\n<div class=\"wp-block-buttons came-align-bottom is-horizontal is-content-justification-center is-layout-flex wp-container-core-buttons-is-layout-1 wp-block-buttons-is-layout-flex\">\n<div class=\"wp-block-button\"><a class=\"wp-block-button__link has-white-background-color has-background wp-element-button\" href=\"https:\/\/came-cdn.thron.com\/delivery\/public\/document\/came\/df6acd13-f599-43ee-ab0c-26f9bb14def8\/3c5mbk\/WEB\/came-key-depliant-fr-\" target=\"_blank\" rel=\"noreferrer noopener\"><strong>T&eacute;l&eacute;charger la plaquette<\/strong><\/a><\/div>\n<\/div>\n<\/div>\n<\/div><\/div>\n<\/div>\n\n\n\n<div class=\"wp-block-column is-layout-flow wp-block-column-is-layout-flow\">\n<div class=\"wp-block-cover alignfull is-light box-cover box-video\"><span aria-hidden=\"true\" class=\"wp-block-cover__background has-came-cyan-background-color has-background-dim-40 has-background-dim\"><\/span><img decoding=\"async\" class=\"wp-block-cover__image-background wp-image-8561\" alt=\"CAME key\" src=\"https:\/\/www.came.com\/global\/wp-content\/uploads\/2024\/08\/came-key-video.png\" data-object-fit=\"cover\"><div class=\"wp-block-cover__inner-container is-layout-flow wp-block-cover-is-layout-flow\">\n<div class=\"wp-block-group has-global-padding is-layout-constrained wp-block-group-is-layout-constrained\">\n<div class=\"wp-block-buttons came-align-bottom is-horizontal is-content-justification-center is-layout-flex wp-container-core-buttons-is-layout-2 wp-block-buttons-is-layout-flex\">\n<div class=\"wp-block-button glightbox-video\"><a class=\"wp-block-button__link has-white-background-color has-background wp-element-button\" href=\"https:\/\/came-cdn.thron.com\/delivery\/public\/document\/came\/df6acd13-f599-43ee-ab0c-26f9bb14def8\/3c5mbk\/WEB\/came-key-depliant-fr-\"><strong>Voir la vid&eacute;o<\/strong><\/a><\/div>\n<\/div>\n<\/div>\n<\/div><\/div>\n<\/div>\n<\/div>\n<\/div>\n\n\n\n<div class=\"wp-block-group alignwide came-group-desc is-layout-flow wp-block-group-is-layout-flow\" style=\"padding-top:var(--wp--preset--spacing--80);padding-bottom:var(--wp--preset--spacing--80)\">\n<p class=\"has-medium-font-size\">CAME KEY r\u00e9duit consid\u00e9rablement les temps de travail, en particulier lorsque les op\u00e9rateurs sont install\u00e9s dans des zones difficiles d&rsquo;acc\u00e8s.<\/p>\n\n\n\n<p class=\"has-medium-font-size\">Avec CAME KEY, les installateurs peuvent effectuer sans effort les t\u00e2ches suivantes :<\/p>\n<\/div>\n\n\n\n<div class=\"wp-block-group alignfull came-box-content-style-2 has-white-background-color has-background is-layout-flow wp-block-group-is-layout-flow\" style=\"padding-top:var(--wp--preset--spacing--70);padding-bottom:var(--wp--preset--spacing--70)\">\n<div class=\"wp-block-columns alignwide is-layout-flex wp-container-core-columns-is-layout-2 wp-block-columns-is-layout-flex\" style=\"margin-bottom:var(--wp--preset--spacing--70)\">\n<div class=\"wp-block-column is-vertically-aligned-top is-layout-flow wp-block-column-is-layout-flow\">\n<figure class=\"wp-block-image size-full image-fit-cover\"><img decoding=\"async\" src=\"https:\/\/www.came.com\/global\/wp-content\/uploads\/2024\/09\/GJYDJR_CAME_KEY_16_slot-1920x1920_HUORRN-min.jpg\" alt=\"CAME Key\" class=\"wp-image-9318\"\/><\/figure>\n<\/div>\n\n\n\n<div class=\"wp-block-column is-vertically-aligned-center is-layout-flow wp-block-column-is-layout-flow\">\n<div class=\"wp-block-group alignfull is-layout-flow wp-block-group-is-layout-flow\" style=\"margin-top:0px;margin-bottom:0px\">\n<div class=\"wp-block-group alignfull has-white-background-color has-background is-layout-flow wp-block-group-is-layout-flow\" style=\"padding-bottom:var(--wp--preset--spacing--70)\">\n<div class=\"wp-block-group alignwide is-layout-flow wp-block-group-is-layout-flow\">\n<ul class=\"wp-block-list came-unordered-list\">\n<li class=\"has-medium-font-size\"><strong>Mettre \u00e0 jour le micrologiciel <\/strong>: Mettez facilement \u00e0 jour le micrologiciel de la carte de commande pour d\u00e9bloquer de nouvelles fonctionnalit\u00e9s.<\/li>\n\n\n\n<li class=\"has-medium-font-size\"><strong>G\u00e9rer les param\u00e8tres de l&rsquo;op\u00e9rateur <\/strong>: Acc\u00e9dez et organisez tous les param\u00e8tres de l&rsquo;op\u00e9rateur par type pour une gestion transparente.<\/li>\n\n\n\n<li class=\"has-medium-font-size\"><strong>V\u00e9rifications d&rsquo;entretien planifi\u00e9 <\/strong>: Effectuez des v\u00e9rifications de man\u0153uvre pour un entretien programm\u00e9 rapide et efficace.<\/li>\n\n\n\n<li class=\"has-medium-font-size\"><strong>Duplication des commandes radiofr\u00e9quence <\/strong>: Dupliquez rapidement les commandes radiofr\u00e9quence (\u00e9metteurs, claviers, transpondeurs) \u00e0 l&rsquo;aide de la technologie du QR code.<\/li>\n<\/ul>\n<\/div>\n<\/div>\n<\/div>\n<\/div>\n<\/div>\n<\/div>\n\n\n\n<div class=\"wp-block-group alignwide came-box-gallery-slider is-layout-flow wp-block-group-is-layout-flow\" style=\"padding-top:var(--wp--preset--spacing--80)\">\n<figure class=\"wp-block-gallery alignfull has-nested-images columns-3 gallery-slider wp-block-gallery-1 is-layout-flex wp-block-gallery-is-layout-flex\">\n<figure class=\"wp-block-image size-full\"><a href=\"https:\/\/www.came.com\/global\/wp-content\/uploads\/2024\/07\/ESC_0193-resized_0.png\" target=\"_blank\" rel=\"noopener\"><img decoding=\"async\" src=\"https:\/\/www.came.com\/global\/wp-content\/uploads\/2024\/07\/ESC_0193-resized_0.png\" alt=\"CAME KEY installation\" class=\"wp-image-7699\"\/><\/a><\/figure>\n\n\n\n<figure class=\"wp-block-image size-full\"><a href=\"https:\/\/www.came.com\/global\/wp-content\/uploads\/2024\/07\/Key-barrier-resized.png\" target=\"_blank\" rel=\"noopener\"><img decoding=\"async\" src=\"https:\/\/www.came.com\/global\/wp-content\/uploads\/2024\/07\/Key-barrier-resized.png\" alt=\"CAME installator\" class=\"wp-image-7737\"\/><\/a><\/figure>\n\n\n\n<figure class=\"wp-block-image size-full\"><a href=\"https:\/\/www.came.com\/global\/wp-content\/uploads\/2024\/12\/key-1.jpg\" target=\"_blank\" rel=\"noopener\"><img decoding=\"async\" src=\"https:\/\/www.came.com\/global\/wp-content\/uploads\/2024\/12\/key-1.jpg\" alt=\"CAME application key\" class=\"wp-image-11657\"\/><\/a><\/figure>\n<\/figure>\n<\/div>\n\n\n\n<div class=\"wp-block-group alignwide came-group-desc is-layout-flow wp-block-group-is-layout-flow\" style=\"padding-top:var(--wp--preset--spacing--80);padding-bottom:var(--wp--preset--spacing--80)\">\n<p class=\"has-medium-font-size\">Am\u00e9liorez votre processus d&rsquo;installation avec CAME KEY, votre partenaire fiable pour les solutions d&rsquo;automatisation modernes.<\/p>\n<\/div>\n","protected":false},"excerpt":{"rendered":"<p>Installation, programmation et gestion sans effort CAME KEY est un outil innovant con\u00e7u pour rationaliser l&rsquo;installation, la programmation et la gestion des op\u00e9rateurs automatis\u00e9s. Tirant parti de la communication Wi-Fi locale entre CAME KEY et les smartphones, cet appareil agit comme une interface transparente entre le tableau de commande et l&rsquo;application CONNECT SetUp, \u00e9liminant ainsi [&hellip;]<\/p>\n","protected":false},"author":6,"featured_media":0,"parent":0,"menu_order":0,"comment_status":"closed","ping_status":"closed","template":"page_template-without-title.php","meta":{"elastic_search":"","powered_cache_disable_cache":false,"footnotes":""},"_links":{"self":[{"href":"https:\/\/www.came.com\/fr\/wp-json\/wp\/v2\/pages\/12406"}],"collection":[{"href":"https:\/\/www.came.com\/fr\/wp-json\/wp\/v2\/pages"}],"about":[{"href":"https:\/\/www.came.com\/fr\/wp-json\/wp\/v2\/types\/page"}],"author":[{"embeddable":true,"href":"https:\/\/www.came.com\/fr\/wp-json\/wp\/v2\/users\/6"}],"replies":[{"embeddable":true,"href":"https:\/\/www.came.com\/fr\/wp-json\/wp\/v2\/comments?post=12406"}],"version-history":[{"count":4,"href":"https:\/\/www.came.com\/fr\/wp-json\/wp\/v2\/pages\/12406\/revisions"}],"predecessor-version":[{"id":14375,"href":"https:\/\/www.came.com\/fr\/wp-json\/wp\/v2\/pages\/12406\/revisions\/14375"}],"wp:attachment":[{"href":"https:\/\/www.came.com\/fr\/wp-json\/wp\/v2\/media?parent=12406"}],"curies":[{"name":"wp","href":"https:\/\/api.w.org\/{rel}","templated":true}]}}