{"id":12400,"date":"2025-05-20T10:46:36","date_gmt":"2025-05-20T08:46:36","guid":{"rendered":"https:\/\/www.came.com\/fr\/?page_id=12400"},"modified":"2025-12-17T14:29:33","modified_gmt":"2025-12-17T13:29:33","slug":"technologie-brushless","status":"publish","type":"page","link":"https:\/\/www.came.com\/fr\/technologie-brushless\/","title":{"rendered":"Technologie Brushless"},"content":{"rendered":"\n<div class=\"wp-block-cover alignfull\"><span aria-hidden=\"true\" class=\"wp-block-cover__background has-dark-grey-background-color has-background-dim\"><\/span><img decoding=\"async\" class=\"wp-block-cover__image-background wp-image-11025\" alt=\"CAME brushless technology\" src=\"https:\/\/www.came.com\/global\/wp-content\/uploads\/2024\/11\/brushless_3038x1076-scaled.jpg\" data-object-fit=\"cover\"\/><div class=\"wp-block-cover__inner-container is-layout-flow wp-block-cover-is-layout-flow\">\n<div class=\"wp-block-group has-global-padding is-layout-constrained wp-block-group-is-layout-constrained\">\n<h4 class=\"wp-block-heading has-text-align-center has-white-color has-text-color has-link-color has-came-font-font-family wp-elements-47872241a38d03045d4de3b6b6b63ac8\">brushless<\/h4>\n\n\n\n<h1 class=\"wp-block-heading has-text-align-center has-white-color has-text-color has-link-color wp-elements-125a411b33d376cfd48bba81cd6545ce\" style=\"font-style:normal;font-weight:400\"><strong><strong>Une nouvelle plateforme CAME<\/strong><\/strong><\/h1>\n<\/div>\n<\/div><\/div>\n\n\n\n<div class=\"wp-block-group alignwide came-box-content-style-2 is-layout-flow wp-block-group-is-layout-flow\" style=\"padding-top:var(--wp--preset--spacing--70);padding-bottom:var(--wp--preset--spacing--70)\">\n<h2 class=\"wp-block-heading title-with-line\"><strong>Le moteur Brushless de CAME : pr\u00e9cision et innovation dans l&rsquo;automatisation<\/strong><\/h2>\n\n\n\n<div class=\"wp-block-columns are-vertically-aligned-center is-layout-flex wp-container-core-columns-is-layout-1 wp-block-columns-is-layout-flex\" style=\"margin-bottom:var(--wp--preset--spacing--70)\">\n<div class=\"wp-block-column is-vertically-aligned-center is-layout-flow wp-block-column-is-layout-flow\">\n<p class=\"has-medium-font-size\">CAME est fier de pr\u00e9senter sa gamme Brushless, une avanc\u00e9e r\u00e9volutionnaire en termes d&rsquo;efficacit\u00e9, de durabilit\u00e9 et de polyvalence. D\u00e9velopp\u00e9e en interne \u00e0 l&rsquo;aide de composants de pointe, gamme \u00e9tablira une nouvelle r\u00e9f\u00e9rence en mati\u00e8re de performance dans la vaste gamme de produits d&rsquo;automatisation de CAME. Qu&rsquo;il s&rsquo;agisse de portails, de barri\u00e8res automatiques ou d&rsquo;autres syst\u00e8mes automatis\u00e9s, le Brushless CAME est con\u00e7u pour red\u00e9finir les normes de l&rsquo;industrie.<\/p>\n<\/div>\n\n\n\n<div class=\"wp-block-column is-vertically-aligned-center is-layout-flow wp-block-column-is-layout-flow\">\n<figure class=\"wp-block-image size-full image-fit-cover\"><img decoding=\"async\" src=\"https:\/\/www.came.com\/global\/wp-content\/uploads\/2024\/12\/brushless-motor-scaled.jpg\" alt=\"\" class=\"wp-image-11981\"\/><\/figure>\n<\/div>\n<\/div>\n<\/div>\n\n\n\n<div class=\"wp-block-group alignwide came-box-content-style-2 is-layout-flow wp-block-group-is-layout-flow\" style=\"padding-top:var(--wp--preset--spacing--70);padding-bottom:var(--wp--preset--spacing--70)\">\n<h2 class=\"wp-block-heading title-with-line\"><strong>Design innovant et<\/strong> <strong>Composants avanc\u00e9s<\/strong><\/h2>\n\n\n\n<div class=\"wp-block-columns are-vertically-aligned-center is-layout-flex wp-container-core-columns-is-layout-2 wp-block-columns-is-layout-flex\" style=\"margin-bottom:var(--wp--preset--spacing--70)\">\n<div class=\"wp-block-column is-vertically-aligned-center is-layout-flow wp-block-column-is-layout-flow\">\n<figure class=\"wp-block-image size-full image-fit-cover\"><img decoding=\"async\" src=\"https:\/\/www.came.com\/global\/wp-content\/uploads\/2024\/11\/brushless_2.jpg\" alt=\"CAME brushless motor\" class=\"wp-image-11017\"\/><\/figure>\n<\/div>\n\n\n\n<div class=\"wp-block-column is-vertically-aligned-center is-layout-flow wp-block-column-is-layout-flow\">\n<p class=\"has-medium-font-size\">Le c\u0153ur de la plateforme de moteur sans balais de CAME refl\u00e8te l&rsquo;engagement de l&rsquo;entreprise \u00e0 fournir une qualit\u00e9 exceptionnelle. En utilisant les derni\u00e8res avanc\u00e9es en mati\u00e8re de technologie de moteur, la conception garantit une efficacit\u00e9, une fiabilit\u00e9 et une long\u00e9vit\u00e9 optimales. Gr\u00e2ce \u00e0 l&rsquo;\u00e9limination des balais de moteur traditionnels et \u00e0 l&rsquo;utilisation de la commutation \u00e9lectronique, ce moteur r\u00e9duit l&rsquo;usure, offrant une solution durable et n\u00e9cessitant peu d&rsquo;entretien, m\u00eame dans les environnements les plus exigeants.<\/p>\n<\/div>\n<\/div>\n<\/div>\n\n\n\n<div class=\"wp-block-group alignwide came-box-content-style-2 is-layout-flow wp-block-group-is-layout-flow\" style=\"padding-top:var(--wp--preset--spacing--70);padding-bottom:var(--wp--preset--spacing--70)\">\n<h2 class=\"wp-block-heading title-with-line\"><strong>Contr\u00f4le de pr\u00e9cision avec \u00e9lectronique et micrologiciel exclusifs<\/strong><\/h2>\n\n\n\n<div class=\"wp-block-columns are-vertically-aligned-center is-layout-flex wp-container-core-columns-is-layout-3 wp-block-columns-is-layout-flex\" style=\"margin-bottom:var(--wp--preset--spacing--70)\">\n<div class=\"wp-block-column is-vertically-aligned-center is-layout-flow wp-block-column-is-layout-flow\">\n<p class=\"has-medium-font-size\">L&rsquo;innovation de CAME va au-del\u00e0 du moteur. La soci\u00e9t\u00e9 a \u00e9galement d\u00e9velopp\u00e9 une carte de contr\u00f4le \u00e9lectronique propri\u00e9taire et un micrologiciel personnalis\u00e9 pour assurer un fonctionnement sans faille. Ce syst\u00e8me int\u00e9gr\u00e9 permet un contr\u00f4le pr\u00e9cis en temps r\u00e9el du moteur, optimisant ainsi la vitesse, le couple et l&rsquo;efficacit\u00e9 \u00e9nerg\u00e9tique. Le micrologiciel permet au moteur de s&rsquo;adapter facilement aux besoins sp\u00e9cifiques de divers produits et applications, garantissant ainsi des performances sans faille dans l&rsquo;ensemble de la gamme d&rsquo;automatisation de CAME.<\/p>\n<\/div>\n\n\n\n<div class=\"wp-block-column is-vertically-aligned-center is-layout-flow wp-block-column-is-layout-flow\">\n<figure class=\"wp-block-image size-full image-fit-cover\"><img decoding=\"async\" src=\"https:\/\/www.came.com\/global\/wp-content\/uploads\/2024\/11\/brushless_3.jpg\" alt=\"CAME brushless technology\" class=\"wp-image-11019\"\/><\/figure>\n<\/div>\n<\/div>\n<\/div>\n\n\n\n<div class=\"wp-block-group alignwide came-box-content-style-2 is-layout-flow wp-block-group-is-layout-flow\" style=\"padding-top:var(--wp--preset--spacing--70);padding-bottom:var(--wp--preset--spacing--70)\">\n<h2 class=\"wp-block-heading title-with-line\"><strong>Faites l&rsquo;exp\u00e9rience de l&rsquo;avantage CAME<\/strong><\/h2>\n\n\n\n<div class=\"wp-block-columns are-vertically-aligned-center is-layout-flex wp-container-core-columns-is-layout-4 wp-block-columns-is-layout-flex\" style=\"margin-bottom:var(--wp--preset--spacing--70)\">\n<div class=\"wp-block-column is-vertically-aligned-center is-layout-flow wp-block-column-is-layout-flow\">\n<figure class=\"wp-block-image size-full image-fit-cover\"><img decoding=\"async\" src=\"https:\/\/www.came.com\/global\/wp-content\/uploads\/2024\/11\/brushless_4.jpg\" alt=\"CAME brushless technology\" class=\"wp-image-11021\"\/><\/figure>\n<\/div>\n\n\n\n<div class=\"wp-block-column is-vertically-aligned-center is-layout-flow wp-block-column-is-layout-flow\">\n<p class=\"has-medium-font-size\">Avec cette nouvelle plateforme, CAME est une fois de plus \u00e0 la pointe de l&rsquo;industrie en mati\u00e8re d&rsquo;innovation et de qualit\u00e9. Con\u00e7ue pour r\u00e9pondre aux exigences changeantes de l&rsquo;automatisation moderne, la plate-forme de moteur sans balais s&rsquo;int\u00e8gre parfaitement dans la large gamme de syst\u00e8mes et d&rsquo;applications de CAME. Qu&rsquo;il s&rsquo;agisse de portails r\u00e9sidentiels, de barri\u00e8res automatiques et au-del\u00e0, les moteurs sans balais de CAME am\u00e9liorent les performances, la fiabilit\u00e9 et l&rsquo;efficacit\u00e9 \u00e0 tous les niveaux.<\/p>\n<\/div>\n<\/div>\n<\/div>\n\n\n\n<div class=\"wp-block-group alignwide came-box-content-style-2 is-layout-flow wp-block-group-is-layout-flow\" style=\"padding-top:var(--wp--preset--spacing--70);padding-bottom:var(--wp--preset--spacing--70)\">\n<h2 class=\"wp-block-heading title-with-line\"><strong>Pr\u00e9sentation de FROG-X et BKX : Propuls\u00e9 par la technologie Brushless<\/strong><\/h2>\n\n\n\n<div class=\"wp-block-columns are-vertically-aligned-center is-layout-flex wp-container-core-columns-is-layout-5 wp-block-columns-is-layout-flex\" style=\"margin-bottom:var(--wp--preset--spacing--70)\">\n<div class=\"wp-block-column is-vertically-aligned-center is-layout-flow wp-block-column-is-layout-flow\">\n<p class=\"has-medium-font-size\">La nouvelle plateforme de Brushless alimente deux tout nouveaux produits : le FROG-X pour les portails battants et le BKX pour les portails coulissants. Ces mod\u00e8les de pointe exploitent tout le potentiel de la technologie exclusive des moteurs Brushless, offrant une pr\u00e9cision, une vitesse et une durabilit\u00e9 in\u00e9gal\u00e9es en fonctionnement. Avec le FROG-X et le BKX, CAME \u00e9tablit une nouvelle norme en mati\u00e8re d&rsquo;automatisation des portails, offrant des performances in\u00e9gal\u00e9es.<\/p>\n<\/div>\n\n\n\n<div class=\"wp-block-column is-vertically-aligned-center is-layout-flow wp-block-column-is-layout-flow\">\n<figure class=\"wp-block-image size-full image-fit-cover\"><img decoding=\"async\" src=\"https:\/\/www.came.com\/global\/wp-content\/uploads\/2024\/11\/brushless_5.jpg\" alt=\"CAME brushless technology frog\" class=\"wp-image-11023\"\/><\/figure>\n<\/div>\n<\/div>\n<\/div>\n\n\n\n<div class=\"wp-block-group alignfull came-box-content-card-slider-1 is-layout-flow wp-block-group-is-layout-flow\" style=\"margin-top:0px;margin-bottom:0px\">\n<h2 class=\"wp-block-heading alignwide\"><strong>Produits de technologie Brushless<\/strong><\/h2>\n\n\n\n<div class=\"wp-block-group alignwide came-box-tabs is-layout-flow wp-block-group-is-layout-flow\">\n<div class=\"wp-block-group tabs-contents is-layout-flow wp-block-group-is-layout-flow\">\n<div id=\"card-slider-tab1\" class=\"wp-block-group is-layout-flow wp-block-group-is-layout-flow\">\n<div class=\"wp-block-group cards-container card-white is-layout-flow wp-block-group-is-layout-flow\">\n<div class=\"wp-block-group slider-card is-layout-flow wp-block-group-is-layout-flow\">\n<figure class=\"wp-block-image size-full is-resized\"><a href=\"\/global\/en\/products\/swing-gates-automation-frog-x\/\"><img decoding=\"async\" src=\"https:\/\/www.came.com\/global\/wp-content\/uploads\/2024\/09\/801MI-0030.webp\" alt=\"FROG X CAME\" class=\"wp-image-8850\" style=\"width:200px\"\/><\/a><\/figure>\n\n\n\n<h2 class=\"wp-block-heading\"><a href=\"\/global\/en\/products\/swing-gates-automation-frog-x\/\">FROG-X<\/a><\/h2>\n\n\n\n<div class=\"wp-block-group box-label-value is-layout-flow wp-block-group-is-layout-flow\">\n<p class=\"label\">Longueur maximale du vantail<\/p>\n\n\n\n<p class=\"value\"><strong>Jusqu&rsquo;\u00e0 4 m<\/strong><\/p>\n<\/div>\n\n\n\n<div class=\"wp-block-group box-label-value is-layout-flow wp-block-group-is-layout-flow\">\n<p class=\"label\">Poids maximal du vantail<\/p>\n\n\n\n<p class=\"value\"><strong>Jusqu&rsquo;\u00e0 800 kg<\/strong><\/p>\n<\/div>\n\n\n\n<div class=\"wp-block-group box-label-value is-layout-flow wp-block-group-is-layout-flow\">\n<p class=\"label\">Utilisation<\/p>\n\n\n\n<p class=\"value\"><strong>Utilisation continue<\/strong><\/p>\n<\/div>\n\n\n\n<div class=\"wp-block-group box-label-value is-layout-flow wp-block-group-is-layout-flow\">\n<p class=\"label\">Type<\/p>\n\n\n\n<p class=\"value\"><strong>Motor\u00e9ducteur enterr\u00e9<\/strong><\/p>\n<\/div>\n\n\n\n<p class=\"link\"><a href=\"\/global\/en\/products\/swing-gates-automation-frog-x\/\"><strong>En savoir plus<\/strong><\/a><\/p>\n<\/div>\n\n\n\n<div class=\"wp-block-group slider-card is-layout-flow wp-block-group-is-layout-flow\">\n<figure class=\"wp-block-image size-large is-resized\"><a href=\"\/global\/en\/products\/automatic-barriers-gard-px\/\"><img decoding=\"async\" src=\"https:\/\/static.came.com\/assets\/low\/mkt\/Automations_Access_Control\/series\/Gard_PX_Brushless.webp\" alt=\"GARD PX\" style=\"width:200px\"\/><\/a><\/figure>\n\n\n\n<h2 class=\"wp-block-heading\"><a href=\"\/global\/en\/products\/automatic-barriers-gard-px\/\">GARD PX<\/a><\/h2>\n\n\n\n<div class=\"wp-block-group box-label-value is-layout-flow wp-block-group-is-layout-flow\">\n<p class=\"label\">Largeur de passage utile<\/p>\n\n\n\n<p class=\"value\">3.8 m<\/p>\n<\/div>\n\n\n\n<div class=\"wp-block-group box-label-value is-layout-flow wp-block-group-is-layout-flow\">\n<p class=\"label\">Vitesse<\/p>\n\n\n\n<p class=\"value\">1 : 2 s<\/p>\n<\/div>\n\n\n\n<div class=\"wp-block-group box-label-value is-layout-flow wp-block-group-is-layout-flow\">\n<p class=\"label\">MCBF<\/p>\n\n\n\n<p class=\"value\">10.000.000<\/p>\n<\/div>\n\n\n\n<p class=\"link\"><a href=\"\/global\/en\/products\/automatic-barriers-gard-px\/\"><strong>En savoir plus<\/strong><\/a><\/p>\n<\/div>\n\n\n\n<div class=\"wp-block-group slider-card is-layout-flow wp-block-group-is-layout-flow\">\n<figure class=\"wp-block-image size-full is-resized\"><a href=\"\/global\/en\/products\/sliding-gates-automation-bkx\/\"><img decoding=\"async\" src=\"https:\/\/www.came.com\/global\/wp-content\/uploads\/2024\/09\/801MS-0600.webp\" alt=\"BKX CAME\" class=\"wp-image-8852\" style=\"width:200px\"\/><\/a><\/figure>\n\n\n\n<h2 class=\"wp-block-heading\"><a href=\"\/global\/en\/products\/sliding-gates-automation-bkx\/\">BKX<\/a><\/h2>\n\n\n\n<div class=\"wp-block-group box-label-value is-layout-flow wp-block-group-is-layout-flow\">\n<p class=\"label\">Poids maximal du vantail<\/p>\n\n\n\n<p class=\"value\"><strong><strong>Jusqu\u2019\u00e0<\/strong> 1200 kg<\/strong><\/p>\n<\/div>\n\n\n\n<div class=\"wp-block-group box-label-value is-layout-flow wp-block-group-is-layout-flow\">\n<p class=\"label\">Longueur maximale du vantail<\/p>\n\n\n\n<p class=\"value\"><strong><strong>Jusqu\u2019\u00e0<\/strong> 20 m<\/strong><\/p>\n<\/div>\n\n\n\n<div class=\"wp-block-group box-label-value is-layout-flow wp-block-group-is-layout-flow\">\n<p class=\"label\">Utilisation<\/p>\n\n\n\n<p class=\"value\"><strong><strong><strong>Jusqu&rsquo;\u00e0 22 cycles\/heure<\/strong><\/strong><\/strong><\/p>\n<\/div>\n\n\n\n<div class=\"wp-block-group box-label-value is-layout-flow wp-block-group-is-layout-flow\">\n<p class=\"label\">Type<\/p>\n\n\n\n<p class=\"value\"><strong><strong><strong>Portail coulissant<\/strong><\/strong><\/strong><\/p>\n<\/div>\n\n\n\n<p class=\"link\"><a href=\"\/global\/en\/products\/sliding-gates-automation-bkx\/\"><strong>En savoir plus<\/strong><\/a><\/p>\n<\/div>\n<\/div>\n<\/div>\n<\/div>\n<\/div>\n<\/div>\n","protected":false},"excerpt":{"rendered":"<p>Le moteur Brushless de CAME : pr\u00e9cision et innovation dans l&rsquo;automatisation CAME est fier de pr\u00e9senter sa gamme Brushless, une avanc\u00e9e r\u00e9volutionnaire en termes d&rsquo;efficacit\u00e9, de durabilit\u00e9 et de polyvalence. D\u00e9velopp\u00e9e en interne \u00e0 l&rsquo;aide de composants de pointe, gamme \u00e9tablira une nouvelle r\u00e9f\u00e9rence en mati\u00e8re de performance dans la vaste gamme de produits d&rsquo;automatisation [&hellip;]<\/p>\n","protected":false},"author":6,"featured_media":0,"parent":0,"menu_order":0,"comment_status":"closed","ping_status":"closed","template":"page_template-without-title.php","meta":{"elastic_search":"","powered_cache_disable_cache":false,"footnotes":""},"_links":{"self":[{"href":"https:\/\/www.came.com\/fr\/wp-json\/wp\/v2\/pages\/12400"}],"collection":[{"href":"https:\/\/www.came.com\/fr\/wp-json\/wp\/v2\/pages"}],"about":[{"href":"https:\/\/www.came.com\/fr\/wp-json\/wp\/v2\/types\/page"}],"author":[{"embeddable":true,"href":"https:\/\/www.came.com\/fr\/wp-json\/wp\/v2\/users\/6"}],"replies":[{"embeddable":true,"href":"https:\/\/www.came.com\/fr\/wp-json\/wp\/v2\/comments?post=12400"}],"version-history":[{"count":4,"href":"https:\/\/www.came.com\/fr\/wp-json\/wp\/v2\/pages\/12400\/revisions"}],"predecessor-version":[{"id":14563,"href":"https:\/\/www.came.com\/fr\/wp-json\/wp\/v2\/pages\/12400\/revisions\/14563"}],"wp:attachment":[{"href":"https:\/\/www.came.com\/fr\/wp-json\/wp\/v2\/media?parent=12400"}],"curies":[{"name":"wp","href":"https:\/\/api.w.org\/{rel}","templated":true}]}}