{"id":12388,"date":"2025-05-14T11:41:02","date_gmt":"2025-05-14T09:41:02","guid":{"rendered":"https:\/\/www.came.com\/fr\/?page_id=12388"},"modified":"2025-12-17T11:34:35","modified_gmt":"2025-12-17T10:34:35","slug":"certifications","status":"publish","type":"page","link":"https:\/\/www.came.com\/fr\/certifications\/","title":{"rendered":"Certifications"},"content":{"rendered":"\n<div class=\"wp-block-group alignwide came-box-content-style-1 is-layout-flow wp-block-group-is-layout-flow\" style=\"padding-top:var(--wp--preset--spacing--70);padding-bottom:var(--wp--preset--spacing--70)\">\n<h1 class=\"wp-block-heading has-x-large-font-size\">Certifications<\/h1>\n\n\n\n<p class=\"has-medium-font-size\">Les produits CAME portent le marquage exclusif du syst\u00e8me <strong>EN Tested<\/strong>, qui certifie que la solution a \u00e9t\u00e9 produite et test\u00e9e selon les crit\u00e8res rigoureux des normes europ\u00e9ennes en mati\u00e8re de force d\u2019impact.<\/p>\n\n\n\n<p class=\"has-medium-font-size\">La technologie CAME EN Tested est devenue synonyme de s\u00e9curit\u00e9 et a r\u00e9volutionn\u00e9 le march\u00e9 de l&rsquo;automatisation, en anticipant le d\u00e9cret-loi italien de 2008 sur la s\u00e9curit\u00e9 des installations et en mettant \u00e0 disposition des produits capables de r\u00e9agir \u00e0 un contact accidentel, sans compromettre la s\u00e9curit\u00e9 de l&rsquo;utilisateur.<\/p>\n<\/div>\n\n\n\n<div class=\"wp-block-group alignwide came-group-desc is-layout-flow wp-block-group-is-layout-flow\" style=\"padding-top:var(--wp--preset--spacing--80);padding-bottom:var(--wp--preset--spacing--80)\">\n<p class=\"has-medium-font-size\"><strong><strong>Avantages pour les clients et les installateurs<\/strong><\/strong><\/p>\n\n\n\n<p class=\"has-medium-font-size\">CAME EN Tested offre \u00e0 ses clients la tranquillit\u00e9 d&rsquo;esprit gr\u00e2ce \u00e0 des produits d&rsquo;automatisation encore plus fiables, durables et certifi\u00e9s conformes \u00e0 la loi, install\u00e9s par des techniciens experts qui fourniront des services cl\u00e9s en main depuis les estimations pr\u00e9visionnelles jusqu&rsquo;au service apr\u00e8s-vente : qu&rsquo;il s&rsquo;agisse de l&rsquo;installation d&rsquo;un nouveau syst\u00e8me ou de la mise aux normes de s\u00e9curit\u00e9 d&rsquo;un syst\u00e8me existant.<\/p>\n<\/div>\n\n\n\n<div class=\"wp-block-group alignfull came-box-content-style-1 came-bg-dark has-came-dark-blue-background-color has-background is-layout-flow wp-block-group-is-layout-flow\" style=\"padding-top:var(--wp--preset--spacing--70);padding-bottom:var(--wp--preset--spacing--70)\">\n<div class=\"wp-block-group alignwide has-global-padding is-layout-constrained wp-block-group-is-layout-constrained\" style=\"margin-top:var(--wp--preset--spacing--60);margin-bottom:var(--wp--preset--spacing--60)\">\n<p class=\"has-white-color has-text-color has-link-color has-large-font-size wp-elements-cf9316b4e916068c372d6e908eabb0cc\" style=\"margin-top:0;margin-bottom:var(--wp--preset--spacing--60)\">Nous simplifions le travail des professionnels :<\/p>\n\n\n\n<ul class=\"has-came-light-grey-color has-text-color has-link-color wp-elements-6d0edc8ad3d120fac060954f73d589f8\">\n<li class=\"has-medium-font-size\">en fournissant une formation continue et des cours de remise \u00e0 niveau sur la s\u00e9curit\u00e9 test\u00e9e par CAME EN.<\/li>\n\n\n\n<li class=\"has-medium-font-size\">gr\u00e2ce au c\u00e2blage et aux panneaux de commande nouvellement introduits, facilitant l&rsquo;installation et la maintenance.<\/li>\n\n\n\n<li class=\"has-medium-font-size\">en fournissant une s\u00e9curit\u00e9 juridique pour les op\u00e9rateurs d&rsquo;installation, test\u00e9e par le syst\u00e8me EN Tested et donc pleinement conforme \u00e0 la r\u00e9glementation.<\/li>\n\n\n\n<li class=\"has-medium-font-size\">r\u00e9sultat ? S\u00e9curit\u00e9 maximale et certification plus facile.<\/li>\n<\/ul>\n<\/div>\n<\/div>\n\n\n\n<div class=\"wp-block-group alignfull has-white-background-color has-background has-global-padding is-layout-constrained wp-block-group-is-layout-constrained\">\n<figure class=\"wp-block-image alignwide size-full\"><img decoding=\"async\" src=\"https:\/\/www.came.com\/global\/wp-content\/uploads\/2024\/07\/certificazioni2_0_0-1-e1729060110496.png\" alt=\"\" class=\"wp-image-6432\"\/><\/figure>\n<\/div>\n\n\n\n<div class=\"wp-block-group alignwide came-group-desc is-layout-flow wp-block-group-is-layout-flow\" style=\"padding-top:var(--wp--preset--spacing--80);padding-bottom:var(--wp--preset--spacing--80)\">\n<p class=\"has-medium-font-size\"><strong><strong>CAME est certifi\u00e9 100% Original Italian Quality de l&rsquo;Institut pour la Protection des Produits Italiens (ITPI)<\/strong><\/strong><\/p>\n\n\n\n<p class=\"has-medium-font-size\">Cette accr\u00e9ditation a \u00e9t\u00e9 attribu\u00e9e \u00e0 CAME pour avoir su allier comp\u00e9tence et cr\u00e9ativit\u00e9 italiennes \u00e0 une politique d&rsquo;entreprise ax\u00e9e sur le design italien, l&rsquo;assemblage national et les affaires avec des fournisseurs italiens r\u00e9put\u00e9s et \u00e9prouv\u00e9s, qui ont \u00e9volu\u00e9 en symbiose avec la marque CAME au cours de ses 40 ans d&rsquo;activit\u00e9.<\/p>\n\n\n\n<p class=\"has-medium-font-size\">Le label d&rsquo;originalit\u00e9 100% Made in Italy t\u00e9moigne d&rsquo;un processus de production de qualit\u00e9 qui g\u00e9n\u00e8re des performances technologiquement fiables et efficaces, test\u00e9es pour l&rsquo;usure lors de plusieurs op\u00e9rations simulant 10\/15 ans d&rsquo;activit\u00e9 intense, r\u00e9sistantes aux temp\u00e9ratures extr\u00eames et soumises \u00e0 des tests de fonctionnement des unit\u00e9s de contr\u00f4le sous interf\u00e9rences \u00e9lectromagn\u00e9tiques (bruit induit et conduit).<\/p>\n<\/div>\n\n\n\n<div class=\"wp-block-group alignfull came-box-content-style-2 has-white-background-color has-background is-layout-flow wp-block-group-is-layout-flow\" style=\"padding-top:var(--wp--preset--spacing--70);padding-bottom:var(--wp--preset--spacing--70)\">\n<div class=\"wp-block-group alignwide has-global-padding is-layout-constrained wp-block-group-is-layout-constrained\">\n<h2 class=\"wp-block-heading alignfull title-with-line\"><strong>Certifications de syst\u00e8me<\/strong><\/h2>\n\n\n\n<div class=\"wp-block-columns alignfull is-layout-flex wp-container-core-columns-is-layout-1 wp-block-columns-is-layout-flex\" style=\"margin-bottom:var(--wp--preset--spacing--70)\">\n<div class=\"wp-block-column is-layout-flow wp-block-column-is-layout-flow\">\n<figure class=\"wp-block-image size-full\"><img decoding=\"async\" src=\"https:\/\/www.came.com\/global\/wp-content\/uploads\/2024\/07\/9001-14001-45001-1.png\" alt=\"\" class=\"wp-image-6475\"\/><\/figure>\n<\/div>\n\n\n\n<div class=\"wp-block-column is-layout-flow wp-block-column-is-layout-flow\">\n<p class=\"has-medium-font-size\"><strong><strong>La qualit\u00e9 et la s\u00e9curit\u00e9 font partie int\u00e9grante de notre DNA.<\/strong><\/strong><\/p>\n\n\n\n<p class=\"has-medium-font-size\">Depuis plus de 20 ans, \u00e0 une \u00e9poque o\u00f9 le march\u00e9 n\u2019\u00e9tait pas encore pr\u00eat \u00e0 aborder ces enjeux, nous avons entam\u00e9 un parcours de certification qui refl\u00e8te notre engagement \u00e0 garantir des standards d&rsquo;excellence. Depuis ce moment, nous avons constamment d\u00e9montr\u00e9 notre expertise pour obtenir toutes les certifications attestant de notre engagement envers la qualit\u00e9 de nos processus de production, la durabilit\u00e9 environnementale et l\u2019approche humaine qui caract\u00e9rise chaque aspect de notre travail.<\/p>\n<\/div>\n<\/div>\n<\/div>\n<\/div>\n\n\n\n<div class=\"wp-block-group alignfull came-box-downloads has-came-cyan-background-color has-background is-layout-flow wp-block-group-is-layout-flow\" style=\"padding-top:var(--wp--preset--spacing--80);padding-bottom:var(--wp--preset--spacing--80)\">\n<div class=\"wp-block-group is-layout-flow wp-block-group-is-layout-flow\" style=\"padding-bottom:var(--wp--preset--spacing--70)\">\n<h2 class=\"wp-block-heading has-text-align-center has-white-color has-text-color has-link-color has-came-font-font-family has-medium-font-size wp-elements-f84a4cfc4541b274d046bf894d03d770\"><strong>T\u00e9l\u00e9chargez notre politique et les certifications<\/strong><\/h2>\n<\/div>\n\n\n\n<div class=\"wp-block-group alignwide came-box-downloads-container is-layout-flow wp-block-group-is-layout-flow\">\n<div class=\"wp-block-group came-download-item has-white-background-color has-background is-layout-flow wp-block-group-is-layout-flow\">\n<p><a href=\"\/global\/wp-content\/uploads\/2024\/09\/All.02_MS_Politica-Qualita-Ambiente-e-Sicurezza_04_2024-ENG_firmata.pdf\" target=\"_blank\" rel=\"noreferrer noopener\">Politique pour la qualit\u00e9, l&rsquo;environnement et la s\u00e9curit\u00e9<\/a><\/p>\n<\/div>\n\n\n\n<div class=\"wp-block-group came-download-item has-white-background-color has-background is-layout-flow wp-block-group-is-layout-flow\">\n<p><a href=\"https:\/\/www.came.com\/global\/wp-content\/uploads\/2025\/02\/9001.pdf\" target=\"_blank\" rel=\"noreferrer noopener\">UNI EN ISO<\/a><a href=\"https:\/\/www.came.com\/global\/wp-content\/uploads\/2025\/02\/9001.pdf\" target=\"_blank\" rel=\"noreferrer noopener nofollow\"> <br>9001:2015<\/a><\/p>\n<\/div>\n\n\n\n<div class=\"wp-block-group came-download-item has-white-background-color has-background is-layout-flow wp-block-group-is-layout-flow\">\n<p><a href=\"https:\/\/www.came.com\/global\/wp-content\/uploads\/2025\/02\/14001.pdf\" target=\"_blank\" rel=\"noreferrer noopener\">UNI EN ISO <br>14001:201<\/a><a href=\"https:\/\/www.came.com\/global\/wp-content\/uploads\/2025\/02\/14001.pdf\" target=\"_blank\" rel=\"noreferrer noopener nofollow\">5<\/a><\/p>\n<\/div>\n\n\n\n<div class=\"wp-block-group came-download-item has-white-background-color has-background is-layout-flow wp-block-group-is-layout-flow\">\n<p><a href=\"https:\/\/www.came.com\/global\/wp-content\/uploads\/2025\/02\/45001.pdf\" target=\"_blank\" rel=\"noreferrer noopener\">UNI ISO<br>45001:202<\/a><a href=\"https:\/\/www.came.com\/global\/wp-content\/uploads\/2025\/02\/45001.pdf\" target=\"_blank\" rel=\"noreferrer noopener nofollow\">3<\/a><\/p>\n<\/div>\n<\/div>\n<\/div>\n","protected":false},"excerpt":{"rendered":"<p>Certifications Les produits CAME portent le marquage exclusif du syst\u00e8me EN Tested, qui certifie que la solution a \u00e9t\u00e9 produite et test\u00e9e selon les crit\u00e8res rigoureux des normes europ\u00e9ennes en mati\u00e8re de force d\u2019impact. La technologie CAME EN Tested est devenue synonyme de s\u00e9curit\u00e9 et a r\u00e9volutionn\u00e9 le march\u00e9 de l&rsquo;automatisation, en anticipant le d\u00e9cret-loi [&hellip;]<\/p>\n","protected":false},"author":6,"featured_media":0,"parent":0,"menu_order":0,"comment_status":"closed","ping_status":"closed","template":"page_template-without-title.php","meta":{"elastic_search":"","powered_cache_disable_cache":false,"footnotes":""},"_links":{"self":[{"href":"https:\/\/www.came.com\/fr\/wp-json\/wp\/v2\/pages\/12388"}],"collection":[{"href":"https:\/\/www.came.com\/fr\/wp-json\/wp\/v2\/pages"}],"about":[{"href":"https:\/\/www.came.com\/fr\/wp-json\/wp\/v2\/types\/page"}],"author":[{"embeddable":true,"href":"https:\/\/www.came.com\/fr\/wp-json\/wp\/v2\/users\/6"}],"replies":[{"embeddable":true,"href":"https:\/\/www.came.com\/fr\/wp-json\/wp\/v2\/comments?post=12388"}],"version-history":[{"count":3,"href":"https:\/\/www.came.com\/fr\/wp-json\/wp\/v2\/pages\/12388\/revisions"}],"predecessor-version":[{"id":14457,"href":"https:\/\/www.came.com\/fr\/wp-json\/wp\/v2\/pages\/12388\/revisions\/14457"}],"wp:attachment":[{"href":"https:\/\/www.came.com\/fr\/wp-json\/wp\/v2\/media?parent=12388"}],"curies":[{"name":"wp","href":"https:\/\/api.w.org\/{rel}","templated":true}]}}