{"id":12384,"date":"2025-05-14T11:13:37","date_gmt":"2025-05-14T09:13:37","guid":{"rendered":"https:\/\/www.came.com\/fr\/?page_id=12384"},"modified":"2025-10-15T11:53:14","modified_gmt":"2025-10-15T09:53:14","slug":"evenements","status":"publish","type":"page","link":"https:\/\/www.came.com\/fr\/evenements\/","title":{"rendered":"\u00c9v\u00e9nements"},"content":{"rendered":"\n<div class=\"wp-block-cover alignfull is-light\"><span aria-hidden=\"true\" class=\"wp-block-cover__background has-dark-grey-background-color has-background-dim\"><\/span><img decoding=\"async\" class=\"wp-block-cover__image-background wp-image-8690\" alt=\"\" src=\"https:\/\/www.came.com\/global\/wp-content\/uploads\/2024\/09\/6-scaled.jpg\" data-object-fit=\"cover\"\/><div class=\"wp-block-cover__inner-container is-layout-flow wp-block-cover-is-layout-flow\">\n<div class=\"wp-block-group has-global-padding is-layout-constrained wp-block-group-is-layout-constrained\">\n<h4 class=\"wp-block-heading has-text-align-center has-white-color has-text-color has-link-color has-came-font-font-family wp-elements-3685ce9308ee554adc8206ea20aa314f\"><strong>\u00c9v\u00e9nements CAME<\/strong><\/h4>\n\n\n\n<h1 class=\"wp-block-heading has-text-align-center has-light-grey-color has-text-color has-link-color wp-elements-a6f90b6290cd20c75c28df99cb6d5114\"><strong><strong>Rejoignez-nous lors de nos expositions et \u00e9v\u00e9nements sp\u00e9ciaux<\/strong><\/strong><\/h1>\n<\/div>\n<\/div><\/div>\n\n\n\n<div class=\"wp-block-group alignfull came-box-custom-card-slider came-4cols-clipped is-layout-flow wp-block-group-is-layout-flow\" style=\"margin-top:0px;margin-bottom:0px\">\n<div class=\"wp-block-group alignfull has-white-background-color has-background is-layout-flow wp-block-group-is-layout-flow\" style=\"padding-bottom:var(--wp--preset--spacing--70)\">\n<div class=\"wp-block-group alignwide is-layout-flow wp-block-group-is-layout-flow\" style=\"padding-top:var(--wp--preset--spacing--40);padding-bottom:var(--wp--preset--spacing--40)\">\n<h2 class=\"wp-block-heading has-came-cyan-color has-text-color has-link-color has-came-font-font-family has-x-large-font-size wp-elements-744eebeb27d462dfba515b1872174549\"><strong>\u00c9V\u00c9NEMENTS \u00c0 VENIR<\/strong><\/h2>\n<\/div>\n\n\n\n<div class=\"wp-block-group alignwide is-layout-flow wp-block-group-is-layout-flow\">\n<div class=\"wp-block-group cards-container is-layout-flow wp-block-group-is-layout-flow\">\n<div class=\"wp-block-group slider-card is-layout-flow wp-block-group-is-layout-flow\">\n<figure class=\"wp-block-image size-full is-resized\"><img decoding=\"async\" src=\"https:\/\/www.came.com\/global\/wp-content\/uploads\/2024\/09\/sicurezza-2025.jpg\" alt=\"\" class=\"wp-image-8812\" style=\"width:300px\"\/><\/figure>\n\n\n\n<div class=\"wp-block-group box-card-content is-layout-flow wp-block-group-is-layout-flow\">\n<h2 class=\"wp-block-heading has-came-dark-blue-color has-text-color has-link-color has-came-font-font-family has-x-large-font-size wp-elements-cc7c9b788dce613e90a3b35a3c55c611\">Intersec<\/h2>\n\n\n\n<p>Dubai 2025<\/p>\n<\/div>\n<\/div>\n\n\n\n<div class=\"wp-block-group slider-card is-layout-flow wp-block-group-is-layout-flow\">\n<figure class=\"wp-block-image size-full is-resized\"><img decoding=\"async\" src=\"https:\/\/www.came.com\/global\/wp-content\/uploads\/2024\/09\/sicurezza-2025.jpg\" alt=\"\" class=\"wp-image-8812\" style=\"width:300px\"\/><\/figure>\n\n\n\n<div class=\"wp-block-group box-card-content is-layout-flow wp-block-group-is-layout-flow\">\n<h2 class=\"wp-block-heading has-came-dark-blue-color has-text-color has-link-color has-came-font-font-family has-x-large-font-size wp-elements-4176ad156332ebf0169308482ae4cf94\">Perimeter Protection<\/h2>\n\n\n\n<p>Nuremberg 2025<\/p>\n<\/div>\n<\/div>\n\n\n\n<div class=\"wp-block-group slider-card is-layout-flow wp-block-group-is-layout-flow\">\n<figure class=\"wp-block-image size-full is-resized\"><img decoding=\"async\" src=\"https:\/\/www.came.com\/global\/wp-content\/uploads\/2024\/09\/sicurezza-2025.jpg\" alt=\"\" class=\"wp-image-8812\" style=\"width:300px\"\/><\/figure>\n\n\n\n<div class=\"wp-block-group box-card-content is-layout-flow wp-block-group-is-layout-flow\">\n<h2 class=\"wp-block-heading has-came-dark-blue-color has-text-color has-link-color has-came-font-font-family has-x-large-font-size wp-elements-ea114016c05b6c0e0cad90b623f973f5\">Sicurezza<\/h2>\n\n\n\n<p>Milan 2025<\/p>\n<\/div>\n<\/div>\n<\/div>\n<\/div>\n<\/div>\n<\/div>\n\n\n\n<div class=\"wp-block-group alignfull came-box-custom-card-slider came-4cols-clipped is-layout-flow wp-block-group-is-layout-flow\" style=\"margin-top:0px;margin-bottom:0px\">\n<div class=\"wp-block-group alignfull has-white-background-color has-background is-layout-flow wp-block-group-is-layout-flow\" style=\"padding-bottom:var(--wp--preset--spacing--70)\">\n<div class=\"wp-block-group alignwide is-layout-flow wp-block-group-is-layout-flow\" style=\"padding-top:var(--wp--preset--spacing--40);padding-bottom:var(--wp--preset--spacing--40)\">\n<h2 class=\"wp-block-heading has-came-cyan-color has-text-color has-link-color has-came-font-font-family has-x-large-font-size wp-elements-66e4641024dd9d7aaa1e332b223a6033\"><strong>\u00c9V\u00c9NEMENTS PASS\u00c9S<\/strong><\/h2>\n<\/div>\n\n\n\n<div class=\"wp-block-group alignwide is-layout-flow wp-block-group-is-layout-flow\">\n<div class=\"wp-block-group cards-container is-layout-flow wp-block-group-is-layout-flow\">\n<div class=\"wp-block-group slider-card is-layout-flow wp-block-group-is-layout-flow\">\n<figure class=\"wp-block-image size-full is-resized\"><img decoding=\"async\" src=\"https:\/\/www.came.com\/global\/wp-content\/uploads\/2024\/11\/Smart-Building-scaled.jpg\" alt=\"smart building levante CAME\" class=\"wp-image-11599\" style=\"width:300px\"\/><\/figure>\n\n\n\n<div class=\"wp-block-group box-card-content is-layout-flow wp-block-group-is-layout-flow\">\n<h2 class=\"wp-block-heading has-came-dark-blue-color has-text-color has-link-color has-came-font-font-family has-x-large-font-size wp-elements-d7d142b354444c56353f8244e41824fa\">SMART BUILDING<br>LEVANTE<\/h2>\n\n\n\n<p>Bari 2024<\/p>\n<\/div>\n<\/div>\n\n\n\n<div class=\"wp-block-group slider-card is-layout-flow wp-block-group-is-layout-flow\">\n<figure class=\"wp-block-image size-full is-resized\"><img decoding=\"async\" src=\"https:\/\/www.came.com\/global\/wp-content\/uploads\/2024\/11\/isaf-3.jpg\" alt=\"Isaf 2024\" class=\"wp-image-11602\" style=\"width:300px\"\/><\/figure>\n\n\n\n<div class=\"wp-block-group box-card-content is-layout-flow wp-block-group-is-layout-flow\">\n<h2 class=\"wp-block-heading has-came-dark-blue-color has-text-color has-link-color has-came-font-font-family has-x-large-font-size wp-elements-3fa4ba6767305e35b67f5304c3970ce2\">ISAF<\/h2>\n\n\n\n<p>Instambul 2024<\/p>\n<\/div>\n<\/div>\n\n\n\n<div class=\"wp-block-group slider-card is-layout-flow wp-block-group-is-layout-flow\">\n<figure class=\"wp-block-image size-full is-resized\"><img decoding=\"async\" src=\"https:\/\/www.came.com\/global\/wp-content\/uploads\/2024\/11\/Intersec-KSA-1.jpg\" alt=\"Intersec Saudi Arabia\" class=\"wp-image-11605\" style=\"width:300px\"\/><\/figure>\n\n\n\n<div class=\"wp-block-group box-card-content is-layout-flow wp-block-group-is-layout-flow\">\n<h2 class=\"wp-block-heading has-came-dark-blue-color has-text-color has-link-color has-came-font-font-family has-x-large-font-size wp-elements-7d53c5bfa519c616fa60d34c50f593be\">INTERSEC SAUDI ARABIA<\/h2>\n\n\n\n<p>Riyadh 2024<\/p>\n<\/div>\n<\/div>\n\n\n\n<div class=\"wp-block-group slider-card is-layout-flow wp-block-group-is-layout-flow\">\n<figure class=\"wp-block-image size-full is-resized\"><img decoding=\"async\" src=\"https:\/\/www.came.com\/global\/wp-content\/uploads\/2025\/01\/IMG_6817.jpg\" alt=\"\" class=\"wp-image-12079\" style=\"width:300px\"\/><\/figure>\n\n\n\n<div class=\"wp-block-group box-card-content is-layout-flow wp-block-group-is-layout-flow\">\n<h2 class=\"wp-block-heading has-came-dark-blue-color has-text-color has-link-color has-came-font-font-family has-x-large-font-size wp-elements-21c51f3bc4951074faeaed87773fd547\">PERIMETER PROTECTION<\/h2>\n\n\n\n<p>Nuremberg 2025<\/p>\n<\/div>\n<\/div>\n\n\n\n<div class=\"wp-block-group slider-card is-layout-flow wp-block-group-is-layout-flow\">\n<figure class=\"wp-block-image size-full is-resized\"><a href=\"\/global\/en\/news\/came-a-intersec-dubai-2025\/\"><img decoding=\"async\" src=\"https:\/\/www.came.com\/global\/wp-content\/uploads\/2025\/01\/0Z6A7793_640x480.jpg\" alt=\"\" class=\"wp-image-12072\" style=\"width:300px\"\/><\/a><\/figure>\n\n\n\n<div class=\"wp-block-group box-card-content is-layout-flow wp-block-group-is-layout-flow\">\n<h2 class=\"wp-block-heading has-came-dark-blue-color has-text-color has-link-color has-came-font-font-family has-x-large-font-size wp-elements-24bc73d2740338b3048bd6c5585347a0\"><a href=\"\/global\/en\/news\/came-a-intersec-dubai-2025\/\">Intersec<\/a><\/h2>\n\n\n\n<p>Dubai 2025<\/p>\n<\/div>\n<\/div>\n\n\n\n<div class=\"wp-block-group slider-card is-layout-flow wp-block-group-is-layout-flow\">\n<figure class=\"wp-block-image size-full is-resized\"><img decoding=\"async\" src=\"https:\/\/www.came.com\/global\/wp-content\/uploads\/2024\/09\/pdays-min-scaled.jpg\" alt=\"\" class=\"wp-image-8819\" style=\"width:300px\"\/><\/figure>\n\n\n\n<div class=\"wp-block-group box-card-content is-layout-flow wp-block-group-is-layout-flow\">\n<h2 class=\"wp-block-heading has-came-dark-blue-color has-text-color has-link-color has-came-font-font-family has-x-large-font-size wp-elements-f87ae788028f75757ea20d86f980cad5\">PDAYS<\/h2>\n\n\n\n<p>Florence 2024<\/p>\n<\/div>\n<\/div>\n\n\n\n<div class=\"wp-block-group slider-card is-layout-flow wp-block-group-is-layout-flow\">\n<figure class=\"wp-block-image size-full is-resized\"><a href=\"\/global\/en\/news\/came-at-intertraffic-2024-focus-on-intermodal-mobility-and-car-park-digitisation\/\"><img decoding=\"async\" src=\"https:\/\/www.came.com\/global\/wp-content\/uploads\/2024\/09\/intertrafic-min-scaled.jpg\" alt=\"\" class=\"wp-image-8827\" style=\"width:300px\"\/><\/a><\/figure>\n\n\n\n<div class=\"wp-block-group box-card-content is-layout-flow wp-block-group-is-layout-flow\">\n<h2 class=\"wp-block-heading has-came-dark-blue-color has-text-color has-link-color has-came-font-font-family has-x-large-font-size wp-elements-1d177e83699fbfff717a89138b31cbf6\"><a href=\"\/global\/en\/news\/came-at-intertraffic-2024-focus-on-intermodal-mobility-and-car-park-digitisation\/\">INTERTRAFFIC<\/a><\/h2>\n\n\n\n<p>Amsterdam 2024<\/p>\n<\/div>\n<\/div>\n\n\n\n<div class=\"wp-block-group slider-card is-layout-flow wp-block-group-is-layout-flow\">\n<figure class=\"wp-block-image size-full is-resized\"><img decoding=\"async\" src=\"https:\/\/www.came.com\/global\/wp-content\/uploads\/2024\/09\/intersec.jpg\" alt=\"\" class=\"wp-image-8825\" style=\"width:300px\"\/><\/figure>\n\n\n\n<div class=\"wp-block-group box-card-content is-layout-flow wp-block-group-is-layout-flow\">\n<h2 class=\"wp-block-heading has-came-dark-blue-color has-text-color has-link-color has-came-font-font-family has-x-large-font-size wp-elements-2ef60ed4d872aa8eaf4febcfd838c49b\">INTERSEC<\/h2>\n\n\n\n<p>Dubai 2024<\/p>\n<\/div>\n<\/div>\n\n\n\n<div class=\"wp-block-group slider-card is-layout-flow wp-block-group-is-layout-flow\">\n<figure class=\"wp-block-image size-full is-resized\"><img decoding=\"async\" src=\"https:\/\/www.came.com\/global\/wp-content\/uploads\/2024\/09\/sicurezza-min.jpeg\" alt=\"\" class=\"wp-image-8821\" style=\"width:300px\"\/><\/figure>\n\n\n\n<div class=\"wp-block-group box-card-content is-layout-flow wp-block-group-is-layout-flow\">\n<h2 class=\"wp-block-heading has-came-dark-blue-color has-text-color has-link-color has-came-font-font-family has-x-large-font-size wp-elements-2a257135d1826f130905d2b981995010\">SICUREZZA<\/h2>\n\n\n\n<p>Milan 2023<\/p>\n<\/div>\n<\/div>\n\n\n\n<div class=\"wp-block-group slider-card is-layout-flow wp-block-group-is-layout-flow\">\n<figure class=\"wp-block-image size-full is-resized\"><img decoding=\"async\" src=\"https:\/\/www.came.com\/global\/wp-content\/uploads\/2024\/09\/smart-city-min.jpg\" alt=\"\" class=\"wp-image-8823\" style=\"width:300px\"\/><\/figure>\n\n\n\n<div class=\"wp-block-group box-card-content is-layout-flow wp-block-group-is-layout-flow\">\n<h2 class=\"wp-block-heading has-came-dark-blue-color has-text-color has-link-color has-came-font-font-family has-x-large-font-size wp-elements-98046988a42ae96acb3c2381c57395e5\">SMART CITY EXPO WORLD CONGRESS<\/h2>\n\n\n\n<p>Barcelona 2023<\/p>\n<\/div>\n<\/div>\n\n\n\n<div class=\"wp-block-group slider-card is-layout-flow wp-block-group-is-layout-flow\">\n<figure class=\"wp-block-image size-full is-resized\"><img decoding=\"async\" src=\"https:\/\/www.came.com\/global\/wp-content\/uploads\/2024\/09\/isaf-min-scaled.jpg\" alt=\"\" class=\"wp-image-8817\" style=\"width:300px\"\/><\/figure>\n\n\n\n<div class=\"wp-block-group box-card-content is-layout-flow wp-block-group-is-layout-flow\">\n<h2 class=\"wp-block-heading has-came-dark-blue-color has-text-color has-link-color has-came-font-font-family has-x-large-font-size wp-elements-3fa4ba6767305e35b67f5304c3970ce2\">ISAF<\/h2>\n\n\n\n<p>Istanbul 2023<\/p>\n<\/div>\n<\/div>\n<\/div>\n<\/div>\n<\/div>\n<\/div>\n\n\n\n<div class=\"wp-block-group alignfull came-box-custom-card-slider came-4cols-clipped is-layout-flow wp-block-group-is-layout-flow\" style=\"margin-top:0px;margin-bottom:0px\">\n<div class=\"wp-block-group alignfull has-white-background-color has-background is-layout-flow wp-block-group-is-layout-flow\" style=\"padding-bottom:var(--wp--preset--spacing--70)\">\n<div class=\"wp-block-group alignwide is-layout-flow wp-block-group-is-layout-flow\" style=\"padding-top:var(--wp--preset--spacing--40);padding-bottom:var(--wp--preset--spacing--40)\">\n<h2 class=\"wp-block-heading has-came-cyan-color has-text-color has-link-color has-came-font-font-family has-x-large-font-size wp-elements-4af0841ede03195d18e9fb6769accfff\">CORPORATE EVENTS<\/h2>\n<\/div>\n\n\n\n<div class=\"wp-block-group alignwide is-layout-flow wp-block-group-is-layout-flow\">\n<div class=\"wp-block-group cards-container is-layout-flow wp-block-group-is-layout-flow\">\n<div class=\"wp-block-group slider-card is-layout-flow wp-block-group-is-layout-flow\">\n<figure class=\"wp-block-image size-full is-resized\"><img decoding=\"async\" src=\"https:\/\/www.came.com\/global\/wp-content\/uploads\/2025\/04\/50anniversary.jpg\" alt=\"\" class=\"wp-image-12441\" style=\"width:300px\"\/><\/figure>\n\n\n\n<div class=\"wp-block-group box-card-content is-layout-flow wp-block-group-is-layout-flow\">\n<h2 class=\"wp-block-heading has-came-dark-blue-color has-text-color has-link-color has-came-font-font-family has-x-large-font-size wp-elements-804be28edb2cbbeef8f8fd308c8d3c7a\">50th Anniversary<\/h2>\n\n\n\n<p>2022<\/p>\n\n\n\n<div class=\"wp-block-buttons is-layout-flex wp-block-buttons-is-layout-flex\">\n<div class=\"wp-block-button\"><a class=\"wp-block-button__link wp-element-button\" href=\"\/global\/en\/50th-landing\/\">Discover more<\/a><\/div>\n<\/div>\n<\/div>\n<\/div>\n<\/div>\n<\/div>\n<\/div>\n<\/div>\n\n\n\n<div class=\"wp-block-group alignwide came-box-content-style-1 is-layout-flow wp-block-group-is-layout-flow\" style=\"padding-top:var(--wp--preset--spacing--70);padding-bottom:var(--wp--preset--spacing--70)\">\n<p class=\"has-medium-font-size\">Restez connect\u00e9s et soyez les premiers inform\u00e9s de ce qui se passe \u00e0 CAME !<\/p>\n\n\n\n<div class=\"wp-block-group alignwide is-layout-flow wp-block-group-is-layout-flow\">\n<ul class=\"wp-block-list came-unordered-list\">\n<li>Suivez-nous sur les r\u00e9seaux sociaux pour des actualit\u00e9s en temps r\u00e9els et du contenu exclusif, <a href=\"\/reseaux-sociaux\/\">cliquez ici<\/a>.<\/li>\n<\/ul>\n<\/div>\n<\/div>\n","protected":false},"excerpt":{"rendered":"<p>\u00c9V\u00c9NEMENTS \u00c0 VENIR Intersec Dubai 2025 Perimeter Protection Nuremberg 2025 Sicurezza Milan 2025 \u00c9V\u00c9NEMENTS PASS\u00c9S SMART BUILDINGLEVANTE Bari 2024 ISAF Instambul 2024 INTERSEC SAUDI ARABIA Riyadh 2024 PERIMETER PROTECTION Nuremberg 2025 Intersec Dubai 2025 PDAYS Florence 2024 INTERTRAFFIC Amsterdam 2024 INTERSEC Dubai 2024 SICUREZZA Milan 2023 SMART CITY EXPO WORLD CONGRESS Barcelona 2023 ISAF Istanbul [&hellip;]<\/p>\n","protected":false},"author":6,"featured_media":0,"parent":0,"menu_order":0,"comment_status":"closed","ping_status":"closed","template":"page_template-without-title.php","meta":{"elastic_search":"","powered_cache_disable_cache":false,"footnotes":""},"_links":{"self":[{"href":"https:\/\/www.came.com\/fr\/wp-json\/wp\/v2\/pages\/12384"}],"collection":[{"href":"https:\/\/www.came.com\/fr\/wp-json\/wp\/v2\/pages"}],"about":[{"href":"https:\/\/www.came.com\/fr\/wp-json\/wp\/v2\/types\/page"}],"author":[{"embeddable":true,"href":"https:\/\/www.came.com\/fr\/wp-json\/wp\/v2\/users\/6"}],"replies":[{"embeddable":true,"href":"https:\/\/www.came.com\/fr\/wp-json\/wp\/v2\/comments?post=12384"}],"version-history":[{"count":3,"href":"https:\/\/www.came.com\/fr\/wp-json\/wp\/v2\/pages\/12384\/revisions"}],"predecessor-version":[{"id":14453,"href":"https:\/\/www.came.com\/fr\/wp-json\/wp\/v2\/pages\/12384\/revisions\/14453"}],"wp:attachment":[{"href":"https:\/\/www.came.com\/fr\/wp-json\/wp\/v2\/media?parent=12384"}],"curies":[{"name":"wp","href":"https:\/\/api.w.org\/{rel}","templated":true}]}}