{"id":12382,"date":"2025-05-14T10:29:33","date_gmt":"2025-05-14T08:29:33","guid":{"rendered":"https:\/\/www.came.com\/fr\/?page_id=12382"},"modified":"2025-12-17T11:25:41","modified_gmt":"2025-12-17T10:25:41","slug":"reseaux-sociaux","status":"publish","type":"page","link":"https:\/\/www.came.com\/fr\/reseaux-sociaux\/","title":{"rendered":"R\u00e9seaux sociaux"},"content":{"rendered":"\n<div class=\"wp-block-cover alignfull is-light\"><span aria-hidden=\"true\" class=\"wp-block-cover__background has-dark-grey-background-color has-background-dim\"><\/span><img decoding=\"async\" class=\"wp-block-cover__image-background wp-image-8788\" alt=\"CAME Social networks\" src=\"https:\/\/www.came.com\/global\/wp-content\/uploads\/2024\/09\/main_social_3038x10762-2-scaled.jpg\" data-object-fit=\"cover\"\/><div class=\"wp-block-cover__inner-container is-layout-flow wp-block-cover-is-layout-flow\">\n<div class=\"wp-block-group has-global-padding is-layout-constrained wp-block-group-is-layout-constrained\">\n<h4 class=\"wp-block-heading has-text-align-center has-white-color has-text-color has-link-color has-came-font-font-family wp-elements-3a4c3a05ed705762493bb467671148fe\"><strong><strong>Connectez-vous avec CAME sur les r\u00e9seaux sociaux<\/strong><\/strong><\/h4>\n\n\n\n<h1 class=\"wp-block-heading has-text-align-center has-white-color has-text-color has-link-color wp-elements-d479349ced20f0a833970db7cf852cec\"><strong>Rejoignez notre communaut\u00e9 en ligne<\/strong><\/h1>\n<\/div>\n<\/div><\/div>\n\n\n\n<div class=\"wp-block-group alignwide came-group-desc is-layout-flow wp-block-group-is-layout-flow\" style=\"margin-bottom:var(--wp--preset--spacing--60);padding-top:var(--wp--preset--spacing--80);padding-bottom:var(--wp--preset--spacing--80)\">\n<h4 class=\"wp-block-heading has-came-cyan-color has-text-color has-link-color has-came-font-font-family wp-elements-d398a307f4502f61aac90f758063f623\"><strong><strong><strong>NOTRE PR\u00c9SENCE SUR LES R\u00c9SEAUX SOCIAUX<\/strong><\/strong><\/strong><\/h4>\n\n\n\n<p class=\"has-medium-font-size\">CAME maintient une pr\u00e9sence active sur des plateformes telles que Facebook, Instagram, LinkedIn et YouTube, tirant parti de ces canaux pour se connecter directement avec les clients et les professionnels, partager les derni\u00e8res nouvelles et interagir avec la communaut\u00e9 au sens large. Gr\u00e2ce \u00e0 des mises \u00e0 jour r\u00e9guli\u00e8res, des publications interactives et des conversations significatives, CAME favorise une communaut\u00e9 en ligne solide, en veillant \u00e0 ce que les clients et les professionnels soient toujours inform\u00e9s et connect\u00e9s \u00e0 la marque. Ces plateformes permettent non seulement \u00e0 CAME de pr\u00e9senter ses produits et solutions, mais aussi d&rsquo;\u00e9couter les commentaires des clients, de r\u00e9pondre aux demandes de renseignements et d&rsquo;\u00e9tablir des relations durables avec son public.<\/p>\n<\/div>\n\n\n\n<div class=\"wp-block-group alignfull came-box-custom-card is-layout-flow wp-block-group-is-layout-flow\" style=\"margin-top:0px;margin-bottom:0px\">\n<div class=\"wp-block-group alignfull has-white-background-color has-background is-layout-flow wp-block-group-is-layout-flow\" style=\"padding-bottom:var(--wp--preset--spacing--70)\">\n<div class=\"wp-block-group alignwide is-layout-flow wp-block-group-is-layout-flow\" style=\"padding-top:var(--wp--preset--spacing--80);padding-bottom:var(--wp--preset--spacing--70)\">\n<h2 class=\"wp-block-heading has-came-cyan-color has-text-color has-link-color has-came-font-font-family has-x-large-font-size wp-elements-b39034a8f215ee0b1be282ddf54db18d\"><strong>APPROCHE CENTR\u00c9E SUR LE CLIENT<\/strong><\/h2>\n<\/div>\n\n\n\n<div class=\"wp-block-group alignwide is-layout-flow wp-block-group-is-layout-flow\">\n<div class=\"wp-block-group cards-container is-layout-flow wp-block-group-is-layout-flow\">\n<div class=\"wp-block-group slider-card is-layout-flow wp-block-group-is-layout-flow\">\n<figure class=\"wp-block-image size-full is-resized\"><img decoding=\"async\" src=\"https:\/\/www.came.com\/global\/wp-content\/uploads\/2024\/11\/facebook.jpg\" alt=\"Facebook CAME\" class=\"wp-image-11287\" style=\"width:300px\"\/><\/figure>\n\n\n\n<div class=\"wp-block-group box-card-content is-layout-flow wp-block-group-is-layout-flow\">\n<h2 class=\"wp-block-heading has-came-dark-blue-color has-text-color has-link-color has-came-font-font-family has-x-large-font-size wp-elements-e62d900b8bc7591db81bdd99abad8a9b\">Facebook<\/h2>\n\n\n\n<p>Suivez-nous sur Facebook pour des mises \u00e0 jour et des interactions avec la communaut\u00e9<\/p>\n\n\n\n<div class=\"wp-block-buttons is-layout-flex wp-block-buttons-is-layout-flex\">\n<div class=\"wp-block-button\"><a class=\"wp-block-button__link wp-element-button\" href=\"https:\/\/www.facebook.com\/camefrance\/?locale=fr_FR\" target=\"_blank\" rel=\"noreferrer noopener\">Rejoignez-nous<\/a><\/div>\n<\/div>\n<\/div>\n<\/div>\n\n\n\n<div class=\"wp-block-group slider-card is-layout-flow wp-block-group-is-layout-flow\">\n<figure class=\"wp-block-image size-full is-resized\"><img decoding=\"async\" src=\"https:\/\/www.came.com\/global\/wp-content\/uploads\/2024\/11\/instagram.jpg\" alt=\"Instagram CAME\" class=\"wp-image-11289\" style=\"width:300px\"\/><\/figure>\n\n\n\n<div class=\"wp-block-group box-card-content is-layout-flow wp-block-group-is-layout-flow\">\n<h2 class=\"wp-block-heading has-came-dark-blue-color has-text-color has-link-color has-came-font-font-family has-x-large-font-size wp-elements-7c4a0d8201046d8d21d24cd83fecf419\">Instagram<\/h2>\n\n\n\n<p>D\u00e9couvrez nos derniers projets et nos moments en coulisses sur Instagram<\/p>\n\n\n\n<div class=\"wp-block-buttons is-layout-flex wp-block-buttons-is-layout-flex\">\n<div class=\"wp-block-button\"><a class=\"wp-block-button__link wp-element-button\" href=\"https:\/\/www.instagram.com\/camefrance\/\" target=\"_blank\" rel=\"noreferrer noopener\">Rejoignez-nous<\/a><\/div>\n<\/div>\n<\/div>\n<\/div>\n\n\n\n<div class=\"wp-block-group slider-card is-layout-flow wp-block-group-is-layout-flow\">\n<figure class=\"wp-block-image size-full is-resized\"><img decoding=\"async\" src=\"https:\/\/www.came.com\/global\/wp-content\/uploads\/2024\/11\/linkedin.jpg\" alt=\"Linkedin CAME\" class=\"wp-image-11291\" style=\"width:300px\"\/><\/figure>\n\n\n\n<div class=\"wp-block-group box-card-content is-layout-flow wp-block-group-is-layout-flow\">\n<h2 class=\"wp-block-heading has-came-dark-blue-color has-text-color has-link-color has-came-font-font-family has-x-large-font-size wp-elements-0907e155d54c722dcc3ea77744dc5df4\">Linkedin<\/h2>\n\n\n\n<p>Connectez-vous avec nous professionnellement sur LinkedIn<\/p>\n\n\n\n<div class=\"wp-block-buttons is-layout-flex wp-block-buttons-is-layout-flex\">\n<div class=\"wp-block-button\"><a class=\"wp-block-button__link wp-element-button\" href=\"https:\/\/www.linkedin.com\/company\/came-france\/\" target=\"_blank\" rel=\"noreferrer noopener\">Rejoignez-nous<\/a><\/div>\n<\/div>\n<\/div>\n<\/div>\n\n\n\n<div class=\"wp-block-group slider-card is-layout-flow wp-block-group-is-layout-flow\">\n<figure class=\"wp-block-image size-full is-resized\"><img decoding=\"async\" src=\"https:\/\/www.came.com\/global\/wp-content\/uploads\/2024\/11\/youtube.jpg\" alt=\"youtube CAME\" class=\"wp-image-11295\" style=\"width:300px\"\/><\/figure>\n\n\n\n<div class=\"wp-block-group box-card-content is-layout-flow wp-block-group-is-layout-flow\">\n<h2 class=\"wp-block-heading has-came-dark-blue-color has-text-color has-link-color has-came-font-font-family has-x-large-font-size wp-elements-96ab964bc54c3325caa7fbb34054bd05\">Youtube<\/h2>\n\n\n\n<p>Regardez les derni\u00e8res vid\u00e9os de produits et nos tutoriels vid\u00e9o<\/p>\n\n\n\n<div class=\"wp-block-buttons is-layout-flex wp-block-buttons-is-layout-flex\">\n<div class=\"wp-block-button\"><a class=\"wp-block-button__link wp-element-button\" href=\"https:\/\/www.youtube.com\/@CameAutomatismes\" target=\"_blank\" rel=\"noreferrer noopener\">Rejoignez-nous<\/a><\/div>\n<\/div>\n<\/div>\n<\/div>\n<\/div>\n<\/div>\n<\/div>\n<\/div>\n\n\n\n<div class=\"wp-block-group alignfull came-box-content-style-1 came-bg-dark has-came-dark-blue-background-color has-background is-layout-flow wp-block-group-is-layout-flow\" style=\"padding-top:var(--wp--preset--spacing--70);padding-bottom:var(--wp--preset--spacing--70)\">\n<div class=\"wp-block-group alignwide is-layout-flow wp-block-group-is-layout-flow\">\n<p class=\"has-white-color has-text-color has-link-color has-large-font-size wp-elements-8389d26de35f12e23d7cdddcba9b8555\" style=\"margin-top:var(--wp--preset--spacing--80);margin-bottom:var(--wp--preset--spacing--80)\">Restez connect\u00e9s\u00a0! Tenez-vous au courant de nos derni\u00e8res mises \u00e0 jour, de nos actualit\u00e9s et des faits marquants de la communaut\u00e9 en vous abonnant \u00e0 nos r\u00e9seaux sociaux. Suivez-nous sur Facebook, Instagram, LinkedIn et YouTube pour rester au courant et faire partie de notre communaut\u00e9 en ligne.<\/p>\n<\/div>\n<\/div>\n","protected":false},"excerpt":{"rendered":"<p>NOTRE PR\u00c9SENCE SUR LES R\u00c9SEAUX SOCIAUX CAME maintient une pr\u00e9sence active sur des plateformes telles que Facebook, Instagram, LinkedIn et YouTube, tirant parti de ces canaux pour se connecter directement avec les clients et les professionnels, partager les derni\u00e8res nouvelles et interagir avec la communaut\u00e9 au sens large. Gr\u00e2ce \u00e0 des mises \u00e0 jour r\u00e9guli\u00e8res, [&hellip;]<\/p>\n","protected":false},"author":6,"featured_media":0,"parent":0,"menu_order":0,"comment_status":"closed","ping_status":"closed","template":"page_template-without-title.php","meta":{"elastic_search":"","powered_cache_disable_cache":false,"footnotes":""},"_links":{"self":[{"href":"https:\/\/www.came.com\/fr\/wp-json\/wp\/v2\/pages\/12382"}],"collection":[{"href":"https:\/\/www.came.com\/fr\/wp-json\/wp\/v2\/pages"}],"about":[{"href":"https:\/\/www.came.com\/fr\/wp-json\/wp\/v2\/types\/page"}],"author":[{"embeddable":true,"href":"https:\/\/www.came.com\/fr\/wp-json\/wp\/v2\/users\/6"}],"replies":[{"embeddable":true,"href":"https:\/\/www.came.com\/fr\/wp-json\/wp\/v2\/comments?post=12382"}],"version-history":[{"count":3,"href":"https:\/\/www.came.com\/fr\/wp-json\/wp\/v2\/pages\/12382\/revisions"}],"predecessor-version":[{"id":14451,"href":"https:\/\/www.came.com\/fr\/wp-json\/wp\/v2\/pages\/12382\/revisions\/14451"}],"wp:attachment":[{"href":"https:\/\/www.came.com\/fr\/wp-json\/wp\/v2\/media?parent=12382"}],"curies":[{"name":"wp","href":"https:\/\/api.w.org\/{rel}","templated":true}]}}