{"id":12380,"date":"2025-05-14T10:10:21","date_gmt":"2025-05-14T08:10:21","guid":{"rendered":"https:\/\/www.came.com\/fr\/?page_id=12380"},"modified":"2025-10-15T11:48:30","modified_gmt":"2025-10-15T09:48:30","slug":"services","status":"publish","type":"page","link":"https:\/\/www.came.com\/fr\/services\/","title":{"rendered":"Services"},"content":{"rendered":"\n<div class=\"wp-block-cover alignfull has-parallax\"><span aria-hidden=\"true\" class=\"wp-block-cover__background has-dark-grey-background-color has-background-dim\"><\/span><div class=\"wp-block-cover__image-background wp-image-7422 has-parallax\" style=\"background-position:50% 50%;background-image:url(https:\/\/www.came.com\/global\/wp-content\/uploads\/2024\/07\/service_1800x400_A.jpg)\"><\/div><div class=\"wp-block-cover__inner-container is-layout-flow wp-block-cover-is-layout-flow\">\n<div class=\"wp-block-group has-global-padding is-layout-constrained wp-block-group-is-layout-constrained\">\n<h4 class=\"wp-block-heading has-text-align-center has-white-color has-text-color has-link-color has-came-font-font-family wp-elements-b4e4b1d4b0a7e79dc6abf25c687cb856\">CAME SERVICE<\/h4>\n\n\n\n<h1 class=\"wp-block-heading has-text-align-center has-white-color has-text-color has-link-color wp-elements-a73cb1cece974545c7a614ae1933d620\"><strong>Une vision centr\u00e9e sur le client<\/strong><\/h1>\n<\/div>\n<\/div><\/div>\n\n\n\n<div class=\"wp-block-group alignwide came-group-desc is-layout-flow wp-block-group-is-layout-flow\" style=\"padding-top:var(--wp--preset--spacing--80);padding-bottom:0\">\n<p class=\"has-medium-font-size\" style=\"margin-bottom:var(--wp--preset--spacing--70)\">Nous prenons vraiment <strong>soin de nos clients et partenaires<\/strong> en leur fournissant des services d\u00e9di\u00e9s pour les installateurs, les distributeurs et les utilisateurs finaux. Nos r\u00e9seaux de centres d&rsquo;installation et d&rsquo;assistance technique et de distributeurs de pi\u00e8ces d\u00e9tach\u00e9es offrent un <strong>excellent service<\/strong> <strong>et une assistance<\/strong> \u00e0 chaque \u00e9tape d&rsquo;un projet, du service avant-vente pour des solutions personnalis\u00e9es \u00e0 l&rsquo;assistance technique apr\u00e8s-vente et \u00e0 la formation sp\u00e9cialis\u00e9e pour les installateurs et les distributeurs.<\/p>\n\n\n\n<div class=\"wp-block-columns is-layout-flex wp-container-core-columns-is-layout-1 wp-block-columns-is-layout-flex\" style=\"margin-bottom:var(--wp--preset--spacing--70)\">\n<div class=\"wp-block-column is-layout-flow wp-block-column-is-layout-flow\">\n<h4 class=\"wp-block-heading has-came-cyan-color has-text-color has-link-color has-came-font-font-family wp-elements-ebb4c0c6812e6fdde7ac77204cef5b6c\"><strong>SERVICES AVANT-VENTE POUR DES SOLUTIONS PERSONNALISEES<\/strong><\/h4>\n\n\n\n<p class=\"has-medium-font-size\">Nous accompagnons les concepteurs et les planificateurs urbains, les entrepreneurs et les entreprises de construction \u00e0 mener leurs projets en proposant des solutions qui r\u00e9pondent \u00e0 toutes les exigences en mati\u00e8re d&rsquo;automatisation, de s\u00e9curit\u00e9, de contr\u00f4le d&rsquo;acc\u00e8s et de stationnement.<\/p>\n<\/div>\n\n\n\n<div class=\"wp-block-column is-layout-flow wp-block-column-is-layout-flow\">\n<h4 class=\"wp-block-heading has-came-cyan-color has-text-color has-link-color has-came-font-font-family wp-elements-ae912d42af843eb9fde020ce5651b106\"><strong>ASSISTANCE TECHNIQUE APRES-VENTE<\/strong><\/h4>\n\n\n\n<p class=\"has-medium-font-size\">Le service client et le centre d&rsquo;appels fonctionnant en continu r\u00e9pondant aux besoins des professionnels et des utilisateurs finaux en temps r\u00e9el, en g\u00e9n\u00e9rant un retour d&rsquo;information utile et en garantissant la meilleure qualit\u00e9 client.<\/p>\n<\/div>\n<\/div>\n<\/div>\n\n\n\n<div class=\"wp-block-group alignwide came-box-content-style-2 is-layout-flow wp-block-group-is-layout-flow\" style=\"padding-top:var(--wp--preset--spacing--70);padding-bottom:var(--wp--preset--spacing--70)\">\n<h2 class=\"wp-block-heading title-with-line\"><strong>Formation technique CAME<\/strong><\/h2>\n\n\n\n<div class=\"wp-block-columns is-layout-flex wp-container-core-columns-is-layout-2 wp-block-columns-is-layout-flex\" style=\"margin-bottom:var(--wp--preset--spacing--70)\">\n<div class=\"wp-block-column is-layout-flow wp-block-column-is-layout-flow\">\n<figure class=\"wp-block-image size-full\"><img decoding=\"async\" src=\"https:\/\/www.came.com\/global\/wp-content\/uploads\/2024\/07\/training_1800x600D.jpg\" alt=\"\" class=\"wp-image-7431\"\/><\/figure>\n<\/div>\n\n\n\n<div class=\"wp-block-column is-layout-flow wp-block-column-is-layout-flow\">\n<p class=\"has-medium-font-size\">Notre programme de formation complet propose des cours en classe traditionnels, des modules d&rsquo;apprentissage en ligne et des webinaires interactifs. Con\u00e7ue pour am\u00e9liorer les connaissances techniques, pr\u00e9visualiser les nouvelles versions de produits et ma\u00eetriser les m\u00e9thodes d&rsquo;installation, notre formation garantit la conformit\u00e9 r\u00e9glementaire. Apprenez \u00e0 r\u00e9duire le temps d&rsquo;installation, \u00e0 am\u00e9liorer la qualit\u00e9 du service et \u00e0 servir vos clients en toute confiance. Rejoignez-nous pour garder une longueur d&rsquo;avance et exceller dans votre domaine.<\/p>\n\n\n\n<div class=\"wp-block-buttons align-with-bottom is-layout-flex wp-block-buttons-is-layout-flex\">\n<div class=\"wp-block-button\"><a class=\"wp-block-button__link wp-element-button\" href=\"https:\/\/www.came.com\/fr\/training\/\">En savoir plus<\/a><\/div>\n<\/div>\n<\/div>\n<\/div>\n<\/div>\n","protected":false},"excerpt":{"rendered":"<p>Nous prenons vraiment soin de nos clients et partenaires en leur fournissant des services d\u00e9di\u00e9s pour les installateurs, les distributeurs et les utilisateurs finaux. Nos r\u00e9seaux de centres d&rsquo;installation et d&rsquo;assistance technique et de distributeurs de pi\u00e8ces d\u00e9tach\u00e9es offrent un excellent service et une assistance \u00e0 chaque \u00e9tape d&rsquo;un projet, du service avant-vente pour des [&hellip;]<\/p>\n","protected":false},"author":6,"featured_media":0,"parent":0,"menu_order":0,"comment_status":"closed","ping_status":"closed","template":"page_template-without-title.php","meta":{"elastic_search":"","powered_cache_disable_cache":false,"footnotes":""},"_links":{"self":[{"href":"https:\/\/www.came.com\/fr\/wp-json\/wp\/v2\/pages\/12380"}],"collection":[{"href":"https:\/\/www.came.com\/fr\/wp-json\/wp\/v2\/pages"}],"about":[{"href":"https:\/\/www.came.com\/fr\/wp-json\/wp\/v2\/types\/page"}],"author":[{"embeddable":true,"href":"https:\/\/www.came.com\/fr\/wp-json\/wp\/v2\/users\/6"}],"replies":[{"embeddable":true,"href":"https:\/\/www.came.com\/fr\/wp-json\/wp\/v2\/comments?post=12380"}],"version-history":[{"count":3,"href":"https:\/\/www.came.com\/fr\/wp-json\/wp\/v2\/pages\/12380\/revisions"}],"predecessor-version":[{"id":14450,"href":"https:\/\/www.came.com\/fr\/wp-json\/wp\/v2\/pages\/12380\/revisions\/14450"}],"wp:attachment":[{"href":"https:\/\/www.came.com\/fr\/wp-json\/wp\/v2\/media?parent=12380"}],"curies":[{"name":"wp","href":"https:\/\/api.w.org\/{rel}","templated":true}]}}