{"id":12376,"date":"2025-05-14T09:54:26","date_gmt":"2025-05-14T07:54:26","guid":{"rendered":"https:\/\/www.came.com\/fr\/?page_id=12376"},"modified":"2025-12-17T11:24:07","modified_gmt":"2025-12-17T10:24:07","slug":"logistique","status":"publish","type":"page","link":"https:\/\/www.came.com\/fr\/logistique\/","title":{"rendered":"Logistique"},"content":{"rendered":"\n<div class=\"wp-block-cover alignfull\"><span aria-hidden=\"true\" class=\"wp-block-cover__background has-came-dark-blue-background-color has-background-dim\"><\/span><img decoding=\"async\" class=\"wp-block-cover__image-background wp-image-7412\" alt=\"CAME Logistic hub\" src=\"https:\/\/www.came.com\/global\/wp-content\/uploads\/2024\/07\/logistica_1800x400.jpg\" data-object-fit=\"cover\"\/><div class=\"wp-block-cover__inner-container is-layout-flow wp-block-cover-is-layout-flow\">\n<div class=\"wp-block-group has-global-padding is-layout-constrained wp-block-group-is-layout-constrained\">\n<h4 class=\"wp-block-heading has-text-align-center has-white-color has-text-color has-link-color has-came-font-font-family wp-elements-da1f90fe4bacdbeeef08605149a8a19e\">CAME<\/h4>\n\n\n\n<h1 class=\"wp-block-heading has-text-align-center\"><strong>P\u00d4LE LOGISTIQUE<\/strong><\/h1>\n<\/div>\n<\/div><\/div>\n\n\n\n<div class=\"wp-block-group alignwide came-group-desc is-layout-flow wp-block-group-is-layout-flow\" style=\"padding-top:var(--wp--preset--spacing--80);padding-bottom:var(--wp--preset--spacing--80)\">\n<h4 class=\"wp-block-heading has-came-cyan-color has-text-color has-link-color has-came-font-font-family wp-elements-6d0806ff51296ea870e5c66d4688cd72\"><strong>APPROCHE ORIENT\u00c9E SERVICE<\/strong><\/h4>\n\n\n\n<p class=\"has-medium-font-size\">Notre approche orient\u00e9e service s&rsquo;articule autour du <strong>Logistics Hub, <\/strong>un p\u00f4le logistique enti\u00e8rement digitalis\u00e9 o\u00f9 les flux sont optimis\u00e9s dans un encha\u00eenement logique et physique de personnes, de mat\u00e9riaux et d&rsquo;automatisation pour offrir \u00e0 nos clients un service stable et mesurable dans une optique d\u2019<strong>am\u00e9lioration constante des performances et de la fiabilit\u00e9.<\/strong><\/p>\n<\/div>\n\n\n\n<div class=\"wp-block-group alignwide came-box-gallery-slider is-layout-flow wp-block-group-is-layout-flow\">\n<figure class=\"wp-block-gallery alignfull has-nested-images columns-3 gallery-slider wp-block-gallery-1 is-layout-flex wp-block-gallery-is-layout-flex\">\n<figure class=\"wp-block-image size-full\"><a href=\"https:\/\/www.came.com\/global\/wp-content\/uploads\/2024\/07\/logistica_800x800A-1.jpg\" target=\"_blank\" rel=\"noopener\"><img decoding=\"async\" src=\"https:\/\/www.came.com\/global\/wp-content\/uploads\/2024\/07\/logistica_800x800A-1.jpg\" alt=\"CAME Logistic hub\" class=\"wp-image-7395\"\/><\/a><\/figure>\n\n\n\n<figure class=\"wp-block-image size-full\"><a href=\"https:\/\/www.came.com\/global\/wp-content\/uploads\/2024\/07\/logistica_800x800B.jpg\" target=\"_blank\" rel=\"noopener\"><img decoding=\"async\" src=\"https:\/\/www.came.com\/global\/wp-content\/uploads\/2024\/07\/logistica_800x800B.jpg\" alt=\"CAME Logistic hub\" class=\"wp-image-7397\"\/><\/a><\/figure>\n\n\n\n<figure class=\"wp-block-image size-full\"><a href=\"https:\/\/www.came.com\/global\/wp-content\/uploads\/2024\/07\/logistica_800x800C.jpg\" target=\"_blank\" rel=\"noopener\"><img decoding=\"async\" src=\"https:\/\/www.came.com\/global\/wp-content\/uploads\/2024\/07\/logistica_800x800C.jpg\" alt=\"CAME Logistic hub\" class=\"wp-image-7399\"\/><\/a><\/figure>\n\n\n\n<figure class=\"wp-block-image size-full\"><a href=\"https:\/\/www.came.com\/global\/wp-content\/uploads\/2024\/07\/logistica_800x800D.jpg\" target=\"_blank\" rel=\"noopener\"><img decoding=\"async\" src=\"https:\/\/www.came.com\/global\/wp-content\/uploads\/2024\/07\/logistica_800x800D.jpg\" alt=\"CAME Logistic hub\" class=\"wp-image-7401\"\/><\/a><\/figure>\n\n\n\n<figure class=\"wp-block-image size-full\"><a href=\"https:\/\/www.came.com\/global\/wp-content\/uploads\/2024\/07\/logistica_800x800E.jpg\" target=\"_blank\" rel=\"noopener\"><img decoding=\"async\" src=\"https:\/\/www.came.com\/global\/wp-content\/uploads\/2024\/07\/logistica_800x800E.jpg\" alt=\"CAME Logistic hub\" class=\"wp-image-7403\"\/><\/a><\/figure>\n\n\n\n<figure class=\"wp-block-image size-full\"><a href=\"https:\/\/www.came.com\/global\/wp-content\/uploads\/2024\/07\/logistica_800x800F.jpg\" target=\"_blank\" rel=\"noopener\"><img decoding=\"async\" src=\"https:\/\/www.came.com\/global\/wp-content\/uploads\/2024\/07\/logistica_800x800F.jpg\" alt=\"CAME Logistic hub\" class=\"wp-image-7405\"\/><\/a><\/figure>\n<\/figure>\n<\/div>\n\n\n\n<div class=\"wp-block-group alignwide came-group-desc is-layout-flow wp-block-group-is-layout-flow\" style=\"padding-top:var(--wp--preset--spacing--80);padding-bottom:var(--wp--preset--spacing--80)\">\n<h4 class=\"wp-block-heading has-came-cyan-color has-text-color has-link-color has-came-font-font-family wp-elements-8bb68eb6f4ab0eca0350ad591d7b8d02\"><strong>PLATEFORME LOGISTIQUE A LA POINTE DE LA TECHNOLOGIE<\/strong><\/h4>\n\n\n\n<p class=\"has-medium-font-size\">Notre centre logistique s&rsquo;\u00e9tend sur une vaste superficie de 13 000 m\u00b2, avec un entrep\u00f4t enti\u00e8rement robotis\u00e9 d&rsquo;une hauteur impressionnante de 23 m\u00e8tres, pouvant accueillir plus de 24 000 emplacements de palettes. Supervis\u00e9e et harmonis\u00e9e par des plateformes num\u00e9riques avanc\u00e9es, cette installation \u00e0 la pointe de la technologie assure une manutention sans faille.<\/p>\n\n\n\n<p class=\"has-medium-font-size\">\u00c9quip\u00e9s de huit machines verticales automatiques de derni\u00e8re g\u00e9n\u00e9ration, nous atteignons une efficacit\u00e9 et une fiabilit\u00e9 in\u00e9gal\u00e9es dans notre processus de pr\u00e9paration de commandes. Ce centre de pointe nous permet de relever de nouveaux d\u00e9fis et de garder une longueur d&rsquo;avance sur les demandes du march\u00e9 en termes de d\u00e9lais, de qualit\u00e9, de gamme de produits et de tendances mondiales.<\/p>\n<\/div>\n\n\n\n<div class=\"wp-block-group alignwide is-layout-flow wp-block-group-is-layout-flow\">\n<section class=\"charts-orb row\">\n        <article class=\"orb col-4 col-md-3\">\n          <div class=\"orb-graphic\">\n            <svg xmlns=\"http:\/\/www.w3.org\/2000\/svg\" width=\"100\" height=\"100\" viewBox=\"0 0 100 100\">\n              <defs>\n                <linearGradient id=\"gradient\" x1=\"0%\" y1=\"0%\" x2=\"0%\" y2=\"100%\">\n                  <stop offset=\"0%\" stop-color=\"#009FE3\" \/>\n                  <stop offset=\"100%\" stop-color=\"#fff\" \/>\n                <\/linearGradient>\n              <\/defs>\n              <circle cx=\"50\" cy=\"50\" r=\"47\" stroke=\"url(#gradient)\" stroke-width=\"10\" fill=\"none\"\n                transform='rotate(90 50 50)' \/>\n            <\/svg>\n            <div class=\"orb-value count\" data-count=\"24000\">0<\/div>\n          <\/div>\n          <div class=\"orb-label\">ESPACES DE PALETTES<\/div>\n        <\/article>\n        <article class=\"orb col-4 col-md-3\">\n          <div class=\"orb-graphic\">\n            <svg xmlns=\"http:\/\/www.w3.org\/2000\/svg\" width=\"100\" height=\"100\" viewBox=\"0 0 100 100\">\n              <defs>\n                <linearGradient id=\"gradient\" x1=\"0%\" y1=\"0%\" x2=\"0%\" y2=\"100%\">\n                  <stop offset=\"0%\" stop-color=\"#009FE3\" \/>\n                  <stop offset=\"100%\" stop-color=\"#fff\" \/>\n                <\/linearGradient>\n              <\/defs>\n              <circle cx=\"50\" cy=\"50\" r=\"47\" stroke=\"url(#gradient)\" stroke-width=\"10\" fill=\"none\"\n                transform='rotate(90 50 50)' \/>\n            <\/svg>\n            <div class=\"orb-value count\" data-count=\"13000\">0<\/div>\n          <\/div>\n          <div class=\"orb-label\">SURFACE M\u00b2<\/div>\n        <\/article>\n        <article class=\"orb col-4 col-md-3\">\n          <div class=\"orb-graphic\">\n            <svg xmlns=\"http:\/\/www.w3.org\/2000\/svg\" width=\"100\" height=\"100\" viewBox=\"0 0 100 100\">\n              <defs>\n                <linearGradient id=\"gradient\" x1=\"0%\" y1=\"0%\" x2=\"0%\" y2=\"100%\">\n                  <stop offset=\"0%\" stop-color=\"#009FE3\" \/>\n                  <stop offset=\"100%\" stop-color=\"#fff\" \/>\n                <\/linearGradient>\n              <\/defs>\n              <circle cx=\"50\" cy=\"50\" r=\"47\" stroke=\"url(#gradient)\" stroke-width=\"10\" fill=\"none\"\n                transform='rotate(90 50 50)' \/>\n            <\/svg>\n            <div class=\"orb-value count\" data-count=\"8\">0<\/div>\n          <\/div>\n          <div class=\"orb-label\">MACHINES VERTICALES<\/div>\n        <\/article>\n        <article class=\"orb col-4 col-md-3\">\n          <div class=\"orb-graphic\">\n            <svg xmlns=\"http:\/\/www.w3.org\/2000\/svg\" width=\"100\" height=\"100\" viewBox=\"0 0 100 100\">\n              <defs>\n                <linearGradient id=\"gradient\" x1=\"0%\" y1=\"0%\" x2=\"0%\" y2=\"100%\">\n                  <stop offset=\"0%\" stop-color=\"#009FE3\" \/>\n                  <stop offset=\"100%\" stop-color=\"#fff\" \/>\n                <\/linearGradient>\n              <\/defs>\n              <circle cx=\"50\" cy=\"50\" r=\"47\" stroke=\"url(#gradient)\" stroke-width=\"10\" fill=\"none\"\n                transform='rotate(90 50 50)' \/>\n            <\/svg>\n            <div class=\"orb-value count\" data-count=\"23\">0<\/div>\n          <\/div>\n          <div class=\"orb-label\">M\u00c8TRES DE HAUTEUR<\/div>\n        <\/article>\n      <\/section>\n\n<style>\n.charts-orb-container {\n    position: relative;\n  }\n  .charts-orb {\n    display: flex;\n    align-items: flex-start;\n    justify-content: center;\n    flex-wrap: wrap;\n    font-family: arial;\n    color: #f3f3f3;\n    padding-bottom: 6rem;\n  }\n\n  .charts-orb .orb {\n    padding: 20px;\n    display: flex;\n    flex-direction: column;\n    align-items: center;\n  }\n\n  .charts-orb .orb .orb-graphic {\n    position: relative;\n  }\n\n  .charts-orb .orb .orb-graphic .orb-value {\n    position: absolute;\n    top: 0;\n    left: 0;\n    width: 100%;\n    height: 100%;\n    display: flex;\n    align-items: center;\n    justify-content: center;\n    font-size: 2.5em;\n    font-weight: bold;\n    color: #333333;\n  }\n\n  .charts-orb .orb .orb-label {\n    text-transform: uppercase;\n    text-align: center;\n    margin-top: 1em;\n    font-size: 1.4em;\n    font-weight: bold;\n    line-height: 2rem;\n    color: rgb(0, 159, 227);\n  }\n\n  .charts-orb svg {\n    width: 110px;\n    height: 110px;\n    overflow: initial;\n  }\n\n  .charts-orb svg circle {\n    transform: rotate(-90deg);\n    transform-origin: 50% 50%;\n    stroke-dasharray: 314.16, 314.16;\n    stroke-width: 2;\n    fill: transparent;\n  }\n\n  .charts-orb svg circle.fill {\n    stroke-width: #D3D3D3;\n  }\n\n  .charts-orb svg circle {\n    stroke-width: 6;\n  }\n\n<\/style>\n\n\n\n<script src=\"https:\/\/ajax.googleapis.com\/ajax\/libs\/jquery\/3.6.3\/jquery.min.js\"><\/script>\n<script src=\"https:\/\/cdn.jsdelivr.net\/npm\/popper.js@1.14.7\/dist\/umd\/popper.min.js\"\n  integrity=\"sha384-UO2eT0CpHqdSJQ6hJty5KVphtPhzWj9WO1clHTMGa3JDZwrnQq4sF86dIHNDz0W1\" crossorigin=\"anonymous\"><\/script>\n<script src=\"https:\/\/cdn.jsdelivr.net\/npm\/bootstrap@4.3.1\/dist\/js\/bootstrap.min.js\"\n  integrity=\"sha384-JjSmVgyd0p3pXB1rRibZUAYoIIy6OrQ6VrjIEaFf\/nJGzIxFDsf4x0xIM+B07jRM\" crossorigin=\"anonymous\"><\/script>\n<script src=\"https:\/\/player.vimeo.com\/api\/player.js\"><\/script>\n<script>\n\n  \/\/gist.github.com\/gre\/1650294\n  const easeInOutQuad = (t) => t < .5 ? 2 * t * t : -1 + (4 - 2 * t) * t;\n\n  const inViewportCounter = (el) => {\n\n    const duration = +el.dataset.duration || 2000;\n    const start = +el.textContent || 0;\n    const end = +el.dataset.count || 100;\n    let raf;\n\n    \/\/stackoverflow.com\/a\/70746179\/383904\n    const counterStart = () => {\n      if (start === end) return; \/\/ If equal values, stop here.\n\n      const range = end - start;\n      let curr = start; \/\/ Set current to start\n      const timeStart = Date.now();\n\n      const loop = () => {\n        let elaps = Date.now() - timeStart;\n        if (elaps > duration) elaps = duration;\n        const frac = easeInOutQuad(elaps \/ duration); \/\/ Get the time fraction with easing\n        const step = frac * range; \/\/ Calculate the value step\n        curr = start + step; \/\/ Increment or Decrement current value\n        el.textContent = Math.trunc(curr); \/\/ Apply to UI as integer\n        if (elaps < duration) raf = requestAnimationFrame(loop); \/\/ Loop\n      };\n\n      raf = requestAnimationFrame(loop); \/\/ Start the loop!\n    };\n\n    const counterStop = (el) => {\n      cancelAnimationFrame(raf);\n      el.textContent = start;\n    };\n\n    \/\/stackoverflow.com\/a\/70746179\/383904\n    const inViewport = (entries, observer) => {\n      entries.forEach(entry => {\n        \/\/ Enters viewport:\n        if (entry.isIntersecting) counterStart(entry.target);\n        \/\/ Exits viewport:\n        else counterStop(entry.target);\n      });\n    };\n    const Obs = new IntersectionObserver(inViewport);\n    const obsOptions = {}; \/\/developer.mozilla.org\/en-US\/docs\/Web\/API\/Intersection_Observer_API#Intersection_observer_options\n    \/\/ Attach observer to element:\n    Obs.observe(el, obsOptions);\n  };\n\n  document.querySelectorAll('[data-count]').forEach(inViewportCounter);\n<\/script>\n<\/div>\n","protected":false},"excerpt":{"rendered":"<p>APPROCHE ORIENT\u00c9E SERVICE Notre approche orient\u00e9e service s&rsquo;articule autour du Logistics Hub, un p\u00f4le logistique enti\u00e8rement digitalis\u00e9 o\u00f9 les flux sont optimis\u00e9s dans un encha\u00eenement logique et physique de personnes, de mat\u00e9riaux et d&rsquo;automatisation pour offrir \u00e0 nos clients un service stable et mesurable dans une optique d\u2019am\u00e9lioration constante des performances et de la fiabilit\u00e9. [&hellip;]<\/p>\n","protected":false},"author":6,"featured_media":0,"parent":0,"menu_order":0,"comment_status":"closed","ping_status":"closed","template":"page_template-without-title.php","meta":{"elastic_search":"","powered_cache_disable_cache":false,"footnotes":""},"_links":{"self":[{"href":"https:\/\/www.came.com\/fr\/wp-json\/wp\/v2\/pages\/12376"}],"collection":[{"href":"https:\/\/www.came.com\/fr\/wp-json\/wp\/v2\/pages"}],"about":[{"href":"https:\/\/www.came.com\/fr\/wp-json\/wp\/v2\/types\/page"}],"author":[{"embeddable":true,"href":"https:\/\/www.came.com\/fr\/wp-json\/wp\/v2\/users\/6"}],"replies":[{"embeddable":true,"href":"https:\/\/www.came.com\/fr\/wp-json\/wp\/v2\/comments?post=12376"}],"version-history":[{"count":2,"href":"https:\/\/www.came.com\/fr\/wp-json\/wp\/v2\/pages\/12376\/revisions"}],"predecessor-version":[{"id":12378,"href":"https:\/\/www.came.com\/fr\/wp-json\/wp\/v2\/pages\/12376\/revisions\/12378"}],"wp:attachment":[{"href":"https:\/\/www.came.com\/fr\/wp-json\/wp\/v2\/media?parent=12376"}],"curies":[{"name":"wp","href":"https:\/\/api.w.org\/{rel}","templated":true}]}}