{"id":12369,"date":"2025-05-14T09:11:10","date_gmt":"2025-05-14T07:11:10","guid":{"rendered":"https:\/\/www.came.com\/fr\/?page_id=12369"},"modified":"2025-12-17T11:22:57","modified_gmt":"2025-12-17T10:22:57","slug":"qualite","status":"publish","type":"page","link":"https:\/\/www.came.com\/fr\/qualite\/","title":{"rendered":"Qualit\u00e9"},"content":{"rendered":"\n<div class=\"wp-block-cover alignfull box-cover\"><span aria-hidden=\"true\" class=\"wp-block-cover__background has-came-dark-blue-background-color has-background-dim\"><\/span><img decoding=\"async\" class=\"wp-block-cover__image-background wp-image-8582\" alt=\"\" src=\"https:\/\/www.came.com\/global\/wp-content\/uploads\/2024\/08\/main_quality_3038x1076-scaled.jpg\" style=\"object-position:50% 74%\" data-object-fit=\"cover\" data-object-position=\"50% 74%\"\/><div class=\"wp-block-cover__inner-container is-layout-flow wp-block-cover-is-layout-flow\">\n<div class=\"wp-block-group has-global-padding is-layout-constrained wp-block-group-is-layout-constrained\">\n<h4 class=\"wp-block-heading has-text-align-center has-white-color has-text-color has-link-color has-came-font-font-family wp-elements-da1f90fe4bacdbeeef08605149a8a19e\">CAME<\/h4>\n\n\n\n<h1 class=\"wp-block-heading has-text-align-center has-white-color has-text-color has-link-color wp-elements-64be327d2221b6c42710cffe98a0f0b2\"><strong>LA QUALIT\u00c9<\/strong><\/h1>\n<\/div>\n<\/div><\/div>\n\n\n\n<div class=\"wp-block-group alignwide came-group-desc is-layout-flow wp-block-group-is-layout-flow\" style=\"padding-top:var(--wp--preset--spacing--80);padding-bottom:var(--wp--preset--spacing--80)\">\n<h4 class=\"wp-block-heading has-text-align-center has-came-cyan-color has-text-color has-link-color has-came-font-font-family wp-elements-c915e6fe6d508d6d4ebb5e5da76729dc\"><strong>Nous sommes la qualit\u00e9 que nous voulons atteindre<\/strong><\/h4>\n\n\n\n<p class=\"has-medium-font-size\">La m\u00e9thodologie de travail de CAME est bas\u00e9e sur l&rsquo;<strong>am\u00e9lioration continue des processus de production, de<\/strong> la s\u00e9curit\u00e9 et des relations, mais un grand r\u00e9sultat ne peut \u00eatre obtenu qu&rsquo;avec <strong>la contribution de tous<\/strong>.<\/p>\n\n\n\n<p class=\"has-medium-font-size\">Chaque phase du produit est suivie en temps r\u00e9el, la commande est tra\u00e7able et l&rsquo;analyse des donn\u00e9es de performance de l&rsquo;ensemble du flux de production est toujours disponible. Ce syst\u00e8me de vision globale conduit \u00e0 une <strong>am\u00e9lioration de l&rsquo;ensemble du processus de fabrication<\/strong> et \u00e0 une plus grande comp\u00e9titivit\u00e9 sur un march\u00e9 de plus en plus mondialis\u00e9.<\/p>\n<\/div>\n\n\n\n<div class=\"wp-block-group alignfull came-box-custom-card is-layout-flow wp-block-group-is-layout-flow\" style=\"margin-top:0px;margin-bottom:0px\">\n<div class=\"wp-block-group alignfull has-white-background-color has-background is-layout-flow wp-block-group-is-layout-flow\" style=\"padding-bottom:var(--wp--preset--spacing--70)\">\n<div class=\"wp-block-group alignwide is-layout-flow wp-block-group-is-layout-flow\">\n<div class=\"wp-block-group cards-container is-layout-flow wp-block-group-is-layout-flow\">\n<div class=\"wp-block-group slider-card is-layout-flow wp-block-group-is-layout-flow\">\n<figure class=\"wp-block-image size-large is-resized\"><img decoding=\"async\" src=\"https:\/\/www.came.com\/global\/wp-content\/uploads\/2024\/07\/quality_330x330COMPLIANCE-2.jpg\" alt=\"\" style=\"width:300px\"\/><\/figure>\n\n\n\n<div class=\"wp-block-group box-card-content is-layout-flow wp-block-group-is-layout-flow\">\n<h2 class=\"wp-block-heading has-came-dark-blue-color has-text-color has-link-color has-came-font-font-family has-large-font-size wp-elements-f1261658ace6c5337a8c3968dc86c996\">R&amp;D<\/h2>\n<\/div>\n<\/div>\n\n\n\n<div class=\"wp-block-group slider-card is-layout-flow wp-block-group-is-layout-flow\">\n<figure class=\"wp-block-image size-large is-resized\"><img decoding=\"async\" src=\"https:\/\/www.came.com\/global\/wp-content\/uploads\/2024\/07\/quality_330x330LOGISTICS.jpg\" alt=\"\" style=\"width:300px\"\/><\/figure>\n\n\n\n<div class=\"wp-block-group box-card-content is-layout-flow wp-block-group-is-layout-flow\">\n<h2 class=\"wp-block-heading has-came-dark-blue-color has-text-color has-link-color has-came-font-font-family has-large-font-size wp-elements-7c697bc275a4242d43c74eeb8cd041ca\">Conformit\u00e9 des produits<\/h2>\n<\/div>\n<\/div>\n\n\n\n<div class=\"wp-block-group slider-card is-layout-flow wp-block-group-is-layout-flow\">\n<figure class=\"wp-block-image size-large is-resized\"><img decoding=\"async\" src=\"https:\/\/www.came.com\/global\/wp-content\/uploads\/2024\/07\/quality_330x330RD.jpg\" alt=\"\" style=\"width:300px\"\/><\/figure>\n\n\n\n<div class=\"wp-block-group box-card-content is-layout-flow wp-block-group-is-layout-flow\">\n<h2 class=\"wp-block-heading has-came-dark-blue-color has-text-color has-link-color has-came-font-font-family has-large-font-size wp-elements-5da2dbf60fa4107a46053ea38eac64ca\">Test produit<\/h2>\n<\/div>\n<\/div>\n\n\n\n<div class=\"wp-block-group slider-card is-layout-flow wp-block-group-is-layout-flow\">\n<figure class=\"wp-block-image size-large is-resized\"><img decoding=\"async\" src=\"https:\/\/www.came.com\/global\/wp-content\/uploads\/2024\/07\/quality_330x330SERVICE.jpg\" alt=\"\" style=\"width:300px\"\/><\/figure>\n\n\n\n<div class=\"wp-block-group box-card-content is-layout-flow wp-block-group-is-layout-flow\">\n<h2 class=\"wp-block-heading has-came-dark-blue-color has-text-color has-link-color has-came-font-font-family has-large-font-size wp-elements-99d27d48e25163b9f74500ab07044ca5\">Logistique<\/h2>\n<\/div>\n<\/div>\n\n\n\n<div class=\"wp-block-group slider-card is-layout-flow wp-block-group-is-layout-flow\">\n<figure class=\"wp-block-image size-large is-resized\"><img decoding=\"async\" src=\"https:\/\/www.came.com\/global\/wp-content\/uploads\/2024\/07\/quality_330x330TEST.jpg\" alt=\"\" style=\"width:300px\"\/><\/figure>\n\n\n\n<div class=\"wp-block-group box-card-content is-layout-flow wp-block-group-is-layout-flow\">\n<h2 class=\"wp-block-heading has-came-dark-blue-color has-text-color has-link-color has-came-font-font-family has-large-font-size wp-elements-f2747beeb010bfbb58edb2a7dc65ade1\">Service<\/h2>\n<\/div>\n<\/div>\n<\/div>\n<\/div>\n<\/div>\n<\/div>\n\n\n\n<div class=\"wp-block-group alignwide came-group-desc is-layout-flow wp-block-group-is-layout-flow\" style=\"padding-top:var(--wp--preset--spacing--80);padding-bottom:var(--wp--preset--spacing--80)\">\n<h4 class=\"wp-block-heading has-text-align-center has-came-cyan-color has-text-color has-link-color has-came-font-font-family wp-elements-7459aec17b54b65fb0ac20cb4e8f949c\"><strong>L\u2019EXCELLENCE EST NOTRE VALEUR FONDAMENTALE.<\/strong><\/h4>\n\n\n\n<p class=\"has-medium-font-size\">Nous voulons \u00e9lever tous les standards des syst\u00e8mes de production et faire de la qualit\u00e9 une valeur partag\u00e9e dans une structure organisationnelle qui favorise un dialogue constant, productif et ouvert entre tous les d\u00e9partements du syst\u00e8me CAME : <strong>R&amp;D \u2013 Laboratoire central d&rsquo;essais \u2013 Production \u2013 Logistique \u2013 Service.<\/strong><br>La qualit\u00e9 est un processus impliquant non seulement les employ\u00e9s de CAME mais aussi les professionnels qui choisissent nos produits pour offrir des <strong>solutions fiables et innovantes<\/strong> qui am\u00e9liorent la vie de leurs clients.<\/p>\n<\/div>\n\n\n\n<div class=\"wp-block-group alignwide came-group-desc is-layout-flow wp-block-group-is-layout-flow\" style=\"padding-top:var(--wp--preset--spacing--80);padding-bottom:var(--wp--preset--spacing--80)\">\n<h4 class=\"wp-block-heading has-text-align-center has-came-cyan-color has-text-color has-link-color has-came-font-font-family wp-elements-19283353668a967e71fc77ee1cf98860\"><strong>UN NOUVEAU PROCESSUS DE PRODUCTION INTELLIGENT POUR DE NOUVEAUX R\u00c9SULTATS<\/strong><\/h4>\n\n\n\n<p class=\"has-medium-font-size\">L&rsquo;adoption de processus de fabrication intelligente permet \u00e0 tous les employ\u00e9s de travailler de mani\u00e8re plus intelligente et connect\u00e9e, apportant un tout nouveau niveau de vitesse et de flexibilit\u00e9 \u00e0 l&rsquo;ensemble de la cha\u00eene de production. Cela nous permet \u00e9galement de suivre en permanence les r\u00e9sultats, en encourageant la diffusion des pratiques positives et la r\u00e9plicabilit\u00e9 des normes atteintes.<\/p>\n<\/div>\n\n\n\n<div class=\"wp-block-group alignwide came-box-gallery-slider is-layout-flow wp-block-group-is-layout-flow\">\n<figure class=\"wp-block-gallery alignfull has-nested-images columns-3 gallery-slider wp-block-gallery-1 is-layout-flex wp-block-gallery-is-layout-flex\">\n<figure class=\"wp-block-image size-full\"><a href=\"https:\/\/www.came.com\/global\/wp-content\/uploads\/2024\/07\/quality_800x800A.jpg\" target=\"_blank\" rel=\"noopener\"><img decoding=\"async\" src=\"https:\/\/www.came.com\/global\/wp-content\/uploads\/2024\/07\/quality_800x800A.jpg\" alt=\"CAME Quality inside\" class=\"wp-image-6384\"\/><\/a><\/figure>\n\n\n\n<figure class=\"wp-block-image size-full\"><a href=\"https:\/\/www.came.com\/global\/wp-content\/uploads\/2024\/07\/quality_800x800B-1.jpg\" target=\"_blank\" rel=\"noopener\"><img decoding=\"async\" src=\"https:\/\/www.came.com\/global\/wp-content\/uploads\/2024\/07\/quality_800x800B-1.jpg\" alt=\"CAME Quality inside\" class=\"wp-image-6386\"\/><\/a><\/figure>\n\n\n\n<figure class=\"wp-block-image size-full\"><a href=\"https:\/\/www.came.com\/global\/wp-content\/uploads\/2024\/07\/quality_800x800C.jpg\" target=\"_blank\" rel=\"noopener\"><img decoding=\"async\" src=\"https:\/\/www.came.com\/global\/wp-content\/uploads\/2024\/07\/quality_800x800C.jpg\" alt=\"CAME Quality inside\" class=\"wp-image-6388\"\/><\/a><\/figure>\n\n\n\n<figure class=\"wp-block-image size-full\"><a href=\"https:\/\/www.came.com\/global\/wp-content\/uploads\/2024\/07\/quality_800x800D.jpg\" target=\"_blank\" rel=\"noopener\"><img decoding=\"async\" src=\"https:\/\/www.came.com\/global\/wp-content\/uploads\/2024\/07\/quality_800x800D.jpg\" alt=\"CAME Quality inside\" class=\"wp-image-6390\"\/><\/a><\/figure>\n\n\n\n<figure class=\"wp-block-image size-full\"><a href=\"https:\/\/www.came.com\/global\/wp-content\/uploads\/2024\/07\/quality_800x800E.jpg\" target=\"_blank\" rel=\"noopener\"><img decoding=\"async\" src=\"https:\/\/www.came.com\/global\/wp-content\/uploads\/2024\/07\/quality_800x800E.jpg\" alt=\"CAME Quality inside\" class=\"wp-image-6392\"\/><\/a><\/figure>\n\n\n\n<figure class=\"wp-block-image size-full\"><a href=\"https:\/\/www.came.com\/global\/wp-content\/uploads\/2024\/07\/quality_800x800F.jpg\" target=\"_blank\" rel=\"noopener\"><img decoding=\"async\" src=\"https:\/\/www.came.com\/global\/wp-content\/uploads\/2024\/07\/quality_800x800F.jpg\" alt=\"CAME Quality inside\" class=\"wp-image-6394\"\/><\/a><\/figure>\n<\/figure>\n<\/div>\n\n\n\n<div class=\"wp-block-group alignwide came-group-desc is-layout-flow wp-block-group-is-layout-flow\" style=\"padding-top:var(--wp--preset--spacing--80);padding-bottom:var(--wp--preset--spacing--80)\">\n<p class=\"has-text-align-center has-medium-font-size\">Chaque phase du produit est suivie en temps r\u00e9el, la commande est tra\u00e7able et l&rsquo;analyse des donn\u00e9es de performance de l&rsquo;ensemble du flux de production est toujours disponible. Ce syst\u00e8me de vision globale conduit \u00e0 une <strong>am\u00e9lioration de l&rsquo;ensemble du processus de fabrication<\/strong> et \u00e0 une plus grande comp\u00e9titivit\u00e9, condition essentielle pour \u00eatre op\u00e9rationnel sur un march\u00e9 de plus en plus mondialis\u00e9.<\/p>\n<\/div>\n","protected":false},"excerpt":{"rendered":"<p>Nous sommes la qualit\u00e9 que nous voulons atteindre La m\u00e9thodologie de travail de CAME est bas\u00e9e sur l&rsquo;am\u00e9lioration continue des processus de production, de la s\u00e9curit\u00e9 et des relations, mais un grand r\u00e9sultat ne peut \u00eatre obtenu qu&rsquo;avec la contribution de tous. Chaque phase du produit est suivie en temps r\u00e9el, la commande est tra\u00e7able [&hellip;]<\/p>\n","protected":false},"author":6,"featured_media":0,"parent":0,"menu_order":0,"comment_status":"closed","ping_status":"closed","template":"page_template-without-title.php","meta":{"elastic_search":"","powered_cache_disable_cache":false,"footnotes":""},"_links":{"self":[{"href":"https:\/\/www.came.com\/fr\/wp-json\/wp\/v2\/pages\/12369"}],"collection":[{"href":"https:\/\/www.came.com\/fr\/wp-json\/wp\/v2\/pages"}],"about":[{"href":"https:\/\/www.came.com\/fr\/wp-json\/wp\/v2\/types\/page"}],"author":[{"embeddable":true,"href":"https:\/\/www.came.com\/fr\/wp-json\/wp\/v2\/users\/6"}],"replies":[{"embeddable":true,"href":"https:\/\/www.came.com\/fr\/wp-json\/wp\/v2\/comments?post=12369"}],"version-history":[{"count":3,"href":"https:\/\/www.came.com\/fr\/wp-json\/wp\/v2\/pages\/12369\/revisions"}],"predecessor-version":[{"id":14449,"href":"https:\/\/www.came.com\/fr\/wp-json\/wp\/v2\/pages\/12369\/revisions\/14449"}],"wp:attachment":[{"href":"https:\/\/www.came.com\/fr\/wp-json\/wp\/v2\/media?parent=12369"}],"curies":[{"name":"wp","href":"https:\/\/api.w.org\/{rel}","templated":true}]}}