{"id":109,"date":"2023-11-02T10:44:58","date_gmt":"2023-11-02T10:44:58","guid":{"rendered":"https:\/\/www.came.com\/fr\/?page_id=109"},"modified":"2025-12-17T14:32:35","modified_gmt":"2025-12-17T13:32:35","slug":"training","status":"publish","type":"page","link":"https:\/\/www.came.com\/fr\/training\/","title":{"rendered":"Formation"},"content":{"rendered":"\n<div class=\"wp-block-cover alignfull\"><span aria-hidden=\"true\" class=\"wp-block-cover__background has-dark-grey-background-color has-background-dim\"><\/span><img decoding=\"async\" class=\"wp-block-cover__image-background wp-image-14639\" alt=\"\" src=\"https:\/\/www.came.com\/it\/wp-content\/uploads\/2025\/03\/training_2400x850.jpg\" data-object-fit=\"cover\"\/><div class=\"wp-block-cover__inner-container is-layout-flow wp-block-cover-is-layout-flow\">\n<div class=\"wp-block-group has-global-padding is-layout-constrained wp-block-group-is-layout-constrained\">\n<h4 class=\"wp-block-heading has-text-align-center has-white-color has-text-color has-link-color has-came-font-font-family wp-elements-9f42a70f03d1832241d145e9b9fbcbb9\">FORMATION CAME<\/h4>\n\n\n\n<h1 class=\"wp-block-heading has-text-align-center\">Nous am\u00e9liorons votre professionnalisme pour vous rendre plus comp\u00e9titif<\/h1>\n\n\n\n<div class=\"wp-block-buttons is-content-justification-center is-layout-flex wp-container-core-buttons-is-layout-1 wp-block-buttons-is-layout-flex\">\n<div class=\"wp-block-button\"><a class=\"wp-block-button__link wp-element-button\" href=\"https:\/\/formation.came.com\/learn\" target=\"_blank\" rel=\"noreferrer noopener nofollow\">ENTREZ DANS TRAINING LAB<\/a><\/div>\n<\/div>\n<\/div>\n<\/div><\/div>\n\n\n\n<div class=\"wp-block-group alignwide box-course-list is-layout-flow wp-block-group-is-layout-flow\" style=\"padding-top:var(--wp--preset--spacing--60)\">\n\n\n\n\n\n\n\n\n\n<\/div>\n\n\n\n<div class=\"wp-block-group alignfull box-course-list is-layout-flow wp-block-group-is-layout-flow\" style=\"padding-top:var(--wp--preset--spacing--70);padding-bottom:var(--wp--preset--spacing--40)\">\n<iframe style=\"min-height:100vw;\" src='https:\/\/outlook.office.com\/book\/RSERVEZVOTRERENDEZVOUSAVECLEFORMATEURPROFESSIONNELDECA@came.com\/' width='100%' height='100%' scrolling='yes' style='border:0'><\/iframe>\n<\/div>\n\n\n\n<div class=\"wp-block-group alignwide came-group-desc is-layout-flow wp-block-group-is-layout-flow\" style=\"padding-top:var(--wp--preset--spacing--80);padding-bottom:var(--wp--preset--spacing--80)\">\n<h3 class=\"wp-block-heading has-came-cyan-color has-text-color has-link-color wp-elements-5c419e5d43540da76fa4ee4f6221b8fd\"><strong><strong>Training@came : la formation selon CAME<\/strong><\/strong><\/h3>\n\n\n\n<p class=\"has-medium-font-size\">Le travail du professionnel est tr\u00e8s exigeant et requiert depuis toujours, surtout ces derni\u00e8res ann\u00e9es avec le recours aux nouvelles technologies, une mise \u00e0 jour constante.<\/p>\n\n\n\n<p class=\"has-medium-font-size\">Cependant, l\u2019\u00e9volution des techniques et des produits n\u2019est pas la seule chose importante, ce qui fait la diff\u00e9rence, c\u2019est aussi une forte connaissance des r\u00e9glementations et le type d\u2019approche envers les clients, qui sont de plus en plus exigeants et qui demandent un service irr\u00e9prochable ainsi que des r\u00e9ponses imm\u00e9diates et pr\u00e9cises. L\u2019essentiel c\u2019est d\u2019\u00eatre pr\u00e9par\u00e9.<\/p>\n\n\n\n<p class=\"has-medium-font-size\">En tant que fabricants, nous proposons une s\u00e9rie d\u2019initiatives visant \u00e0 faire conna\u00eetre nos produits dans le d\u00e9tail mais aussi \u00e0 tenir l\u2019installateur au courant des derni\u00e8res technologies et r\u00e9glementations.<\/p>\n\n\n\n<p class=\"has-medium-font-size\">Nos cours ont la particularit\u00e9 d\u2019avoir une&nbsp;<strong>importante composante pratique et exp\u00e9rientielle<\/strong>, qui permet aux participants d\u2019appliquer directement les connaissances th\u00e9oriques acquises.<\/p>\n\n\n\n<p class=\"has-medium-font-size\">L\u2019acquisition de nouvelles connaissances sur les technologies utilis\u00e9es par nos syst\u00e8mes innovants et leur mise en \u0153uvre imm\u00e9diate rendent l\u2019installateur rapidement autonome, ce qui lui permet, entre autres, de r\u00e9duire le temps d\u2019installation tout en am\u00e9liorant la qualit\u00e9 de son travail et du service au client.<\/p>\n\n\n\n<h3 class=\"wp-block-heading has-came-cyan-color has-text-color has-link-color wp-elements-4f68b93ef12bc2359b7634439f430f1f\"><strong><strong>Salles de formation<\/strong><\/strong><\/h3>\n\n\n\n<p class=\"has-medium-font-size\">Dans tous nos bureaux de vente, vous trouverez des salles d\u2019exposition et de formation enti\u00e8rement interactives o\u00f9 nos formateurs peuvent dispenser des cours sur toutes les familles de produits CAME.&nbsp;Dans nos 9 agences en France&nbsp;avec tous les produits et marques du groupe CAME enti\u00e8rement fonctionnels et disponibles pour des cours techniques et pratiques, ainsi qu\u2019une&nbsp;<strong>salle de formation<\/strong>&nbsp;de&nbsp;<strong>130 m\u00b2<\/strong>&nbsp;pouvant accueillir jusqu\u2019\u00e0 30 personnes pour des cours et des r\u00e9unions.<\/p>\n\n\n\n<h3 class=\"wp-block-heading has-came-cyan-color has-text-color has-link-color wp-elements-20d123bdf7aa738fd00192b31e4d8153\"><strong><strong>\u00c0 qui s\u2019adresse la formation CAME<\/strong><\/strong><\/h3>\n\n\n\n<p class=\"has-medium-font-size\">Le cours de formation training@came est destin\u00e9 aux professionnels et aux techniciens sp\u00e9cialis\u00e9s dans la conception, l\u2019installation et la maintenance des installations. Le programme training@came&nbsp;repr\u00e9sente le&nbsp;<strong>tout dernier approfondissement de la th\u00e9orie et de la pratique<\/strong>&nbsp;des installations dans le domaine des automatismes. Il vous permet d\u2019am\u00e9liorer votre savoir-faire et d\u2019\u00eatre plus comp\u00e9titif sur le march\u00e9.<\/p>\n\n\n\n<h3 class=\"wp-block-heading has-came-cyan-color has-text-color has-link-color wp-elements-60526e14065d1370a65dbda01273cfde\"><strong><strong>Pourquoi participer<\/strong><\/strong><\/h3>\n\n\n\n<p class=\"has-medium-font-size\">Le programme de formation permet aux professionnels de gagner la confiance de leurs clients d\u00e8s le d\u00e9but en devenant des r\u00e9f\u00e9rents experts et comp\u00e9tents. La formule de formation couvre l\u2019ensemble de l\u2019offre du groupe CAME et propose des cours adapt\u00e9s aux besoins de chaque participant. Nos&nbsp;<strong>cours exp\u00e9rientiels<\/strong>&nbsp;peuvent \u00eatre individuels ou en groupes de 15 participants maximum. Un nombre limit\u00e9 qui permet d\u2019accorder l\u2019attention n\u00e9cessaire \u00e0 chaque phase de la formation. \u00c0 la fin de chaque r\u00e9union, les participants auront l\u2019occasion d\u2019\u00e9valuer les connaissances acquises et l\u2019efficacit\u00e9 du travail effectu\u00e9. Ils recevront en outre un certificat de participation.<\/p>\n\n\n\n<h3 class=\"wp-block-heading has-came-cyan-color has-text-color has-link-color wp-elements-49b93e2e5fe370f60dc78b9ec2cb9cbf\"><strong><strong>Typologie des cours<\/strong><\/strong><\/h3>\n\n\n\n<p class=\"has-medium-font-size\"><strong>COURS STANDARD PROGRAMM\u00c9S P\u00c9RIODIQUEMENT<\/strong>&nbsp;:&nbsp;Journ\u00e9es de formation pr\u00e9vues dans le calendrier des cours.<\/p>\n\n\n\n<p class=\"has-medium-font-size\"><strong>COURS STANDARD SUR DEMANDE<\/strong>&nbsp;:&nbsp;Cours standard avec dates de cours sur demande (calendrier des cours suppl\u00e9mentaires).<\/p>\n\n\n\n<p class=\"has-medium-font-size\"><strong>COURS SUR MESURE :<\/strong>&nbsp;Journ\u00e9es de formation avec th\u00e8me et date du cours sur demande.&nbsp;<\/p>\n\n\n\n<p class=\"has-medium-font-size\"><strong>WEBINAIRES :<\/strong>&nbsp;R\u00e9unions virtuelles\/le\u00e7ons en ligne qui peuvent \u00eatre suivies depuis le confort de votre domicile ou de votre bureau sur un PC ou une tablette disposant d\u2019un acc\u00e8s \u00e0 Internet, au jour et \u00e0 l\u2019heure pr\u00e9vus.<\/p>\n\n\n\n<h3 class=\"wp-block-heading has-came-cyan-color has-text-color has-link-color wp-elements-1c1d4701c72d9fdd6ef04a08fb8959d5\"><strong><strong>Lieux des cours<\/strong><\/strong><\/h3>\n\n\n\n<p class=\"has-medium-font-size\">Les cours techniques-th\u00e9oriques-pratiques du programme CAME France, pour le besoin d\u2019utiliser des \u00e9quipements fixes,&nbsp;Sont dispens\u00e9s dans nos 9 centres de formation. Nous pouvons \u00e9galement organiser, en accord avec notre r\u00e9seau de distribution, des r\u00e9unions localis\u00e9es dans des lieux pr\u00e9d\u00e9finis.<a href=\"https:\/\/www.came.com\/fr\/public\/trouver-un-installateur\"><\/a><\/p>\n<\/div>\n\n\n\n<div class=\"wp-block-buttons is-content-justification-center is-layout-flex wp-container-core-buttons-is-layout-2 wp-block-buttons-is-layout-flex\">\n<div class=\"wp-block-button\"><a class=\"wp-block-button__link wp-element-button\" href=\"https:\/\/traininglab.came.com\/fr\/\" target=\"_blank\" rel=\"noreferrer noopener nofollow\">ENTREZ DANS TRAINING LAB<\/a><\/div>\n<\/div>\n","protected":false},"excerpt":{"rendered":"<p>Training@came : la formation selon CAME Le travail du professionnel est tr\u00e8s exigeant et requiert depuis toujours, surtout ces derni\u00e8res ann\u00e9es avec le recours aux nouvelles technologies, une mise \u00e0 jour constante. Cependant, l\u2019\u00e9volution des techniques et des produits n\u2019est pas la seule chose importante, ce qui fait la diff\u00e9rence, c\u2019est aussi une forte connaissance [&hellip;]<\/p>\n","protected":false},"author":1,"featured_media":0,"parent":0,"menu_order":0,"comment_status":"closed","ping_status":"closed","template":"page_template-without-title.php","meta":{"elastic_search":"","powered_cache_disable_cache":false,"footnotes":""},"_links":{"self":[{"href":"https:\/\/www.came.com\/fr\/wp-json\/wp\/v2\/pages\/109"}],"collection":[{"href":"https:\/\/www.came.com\/fr\/wp-json\/wp\/v2\/pages"}],"about":[{"href":"https:\/\/www.came.com\/fr\/wp-json\/wp\/v2\/types\/page"}],"author":[{"embeddable":true,"href":"https:\/\/www.came.com\/fr\/wp-json\/wp\/v2\/users\/1"}],"replies":[{"embeddable":true,"href":"https:\/\/www.came.com\/fr\/wp-json\/wp\/v2\/comments?post=109"}],"version-history":[{"count":6,"href":"https:\/\/www.came.com\/fr\/wp-json\/wp\/v2\/pages\/109\/revisions"}],"predecessor-version":[{"id":14546,"href":"https:\/\/www.came.com\/fr\/wp-json\/wp\/v2\/pages\/109\/revisions\/14546"}],"wp:attachment":[{"href":"https:\/\/www.came.com\/fr\/wp-json\/wp\/v2\/media?parent=109"}],"curies":[{"name":"wp","href":"https:\/\/api.w.org\/{rel}","templated":true}]}}