{"id":90,"date":"2025-09-02T15:52:01","date_gmt":"2025-09-02T13:52:01","guid":{"rendered":"https:\/\/www.came.com\/be\/homepage\/"},"modified":"2026-04-17T12:46:55","modified_gmt":"2026-04-17T10:46:55","slug":"homepage","status":"publish","type":"page","link":"https:\/\/www.came.com\/be\/fr\/","title":{"rendered":"Homepage FR"},"content":{"rendered":"\n<div class=\"wp-block-group alignfull is-layout-flow wp-block-group-is-layout-flow\" style=\"padding-top:0;padding-bottom:0\">\n<div class=\"wp-block-group alignfull came-box-banners-slider hide-mobile is-layout-flow wp-block-group-is-layout-flow\">\n<div class=\"wp-block-group alignfull box-banner came-banner-default is-layout-flow wp-block-group-is-layout-flow\">\n<div class=\"wp-block-group banner-bg-image is-layout-flow wp-block-group-is-layout-flow\">\n<figure class=\"wp-block-video\"><video autoplay loop muted src=\"https:\/\/www.came.com\/global\/wp-content\/uploads\/2024\/08\/CAME_main-banner_V3_desktopB_1.mp4\" playsinline><\/video><\/figure>\n<\/div>\n\n\n\n<div class=\"wp-block-group alignwide box-banner-content is-layout-flow wp-block-group-is-layout-flow\">\n<div class=\"wp-block-group banner-main-title is-layout-flow wp-block-group-is-layout-flow\" style=\"min-height:248px\"><\/div>\n<\/div>\n<\/div>\n\n\n\n<div class=\"wp-block-group alignfull box-banner came-banner-default overlay-dark-blu is-layout-flow wp-block-group-is-layout-flow\">\n<div class=\"wp-block-group banner-bg-image is-layout-flow wp-block-group-is-layout-flow\">\n<figure class=\"wp-block-image size-full\"><img loading=\"lazy\" decoding=\"async\" width=\"1600\" height=\"900\" src=\"https:\/\/www.came.com\/be\/wp-content\/uploads\/2025\/11\/acs01.jpg\" alt=\"\" class=\"wp-image-15374\" srcset=\"https:\/\/www.came.com\/be\/wp-content\/uploads\/2025\/11\/acs01.jpg 1600w, https:\/\/www.came.com\/be\/wp-content\/uploads\/2025\/11\/acs01-1024x576.jpg 1024w, https:\/\/www.came.com\/be\/wp-content\/uploads\/2025\/11\/acs01-768x432.jpg 768w, https:\/\/www.came.com\/be\/wp-content\/uploads\/2025\/11\/acs01-1536x864.jpg 1536w\" sizes=\"(max-width: 1600px) 100vw, 1600px\" \/><\/figure>\n<\/div>\n\n\n\n<div class=\"wp-block-group alignwide box-banner-content is-layout-flow wp-block-group-is-layout-flow\">\n<div class=\"wp-block-group banner-main-title is-layout-flow wp-block-group-is-layout-flow\">\n<h2 class=\"wp-block-heading\"><mark style=\"background-color:rgba(0, 0, 0, 0)\" class=\"has-inline-color has-came-cyan-color\">ACS01<\/mark><br><span>Syst\u00e8me de contr\u00f4le d&rsquo;acc\u00e8s convivial, flexible, s\u00e9curis\u00e9<\/span><\/h2>\n\n\n\n<div class=\"wp-block-buttons is-layout-flex wp-block-buttons-is-layout-flex\"><div class=\"wp-block-button\"><a class=\"wp-block-button__link wp-element-button\" href=\"\/be\/fr\/acs01-landing\/\" aria-label=\"D&Eacute;COUVRIR PLUS ACS01\">D&Eacute;COUVRIR PLUS<\/a><\/div>\n<\/div>\n<\/div>\n<\/div>\n<\/div>\n\n\n\n<div class=\"wp-block-group alignfull box-banner came-banner-default overlay-dark-blu is-layout-flow wp-block-group-is-layout-flow\">\n<div class=\"wp-block-group banner-bg-image is-layout-flow wp-block-group-is-layout-flow\">\n<figure class=\"wp-block-video\"><video autoplay loop muted src=\"https:\/\/came-cdn.thron.com\/api\/v1\/content-delivery\/shares\/yvlaqv\/contents\/0b1d7d20-c353-47e6-b914-aa3a86640588\/video\/source\/clip-bkx\" playsinline><\/video><\/figure>\n<\/div>\n\n\n\n<div class=\"wp-block-group alignwide box-banner-content is-layout-flow wp-block-group-is-layout-flow\">\n<div class=\"wp-block-group banner-main-title is-layout-flow wp-block-group-is-layout-flow\">\n<h2 class=\"wp-block-heading\"><mark style=\"background-color:rgba(0, 0, 0, 0)\" class=\"has-inline-color has-came-cyan-color\"><mark style=\"background-color:rgba(0, 0, 0, 0)\" class=\"has-inline-color has-came-cyan-color\">BKX<\/mark><\/mark><br><span>PERFORMANCE, RAPIDIT\u00c9 ET GESTION CONNECT\u00c9E.<\/span><\/h2>\n\n\n\n<div class=\"wp-block-buttons is-layout-flex wp-block-buttons-is-layout-flex\"><div class=\"wp-block-button\"><a class=\"wp-block-button__link wp-element-button\" href=\"https:\/\/www.came.com\/be\/fr\/new-bkx-landing\/\" aria-label=\"D&Eacute;COUVRIR PLUS NOUVEL ATI\">D&Eacute;COUVRIR PLUS<\/a><\/div>\n<\/div>\n<\/div>\n<\/div>\n<\/div>\n\n\n\n<div class=\"wp-block-group alignfull box-banner came-banner-default overlay-dark-blu is-layout-flow wp-block-group-is-layout-flow\">\n<div class=\"wp-block-group banner-bg-image is-layout-flow wp-block-group-is-layout-flow\">\n<figure class=\"wp-block-video\"><video autoplay loop muted src=\"https:\/\/www.came.com\/global\/sites\/default\/files\/ati-landing\/video\/came-ati-intro.mp4\" playsinline><\/video><\/figure>\n<\/div>\n\n\n\n<div class=\"wp-block-group alignwide box-banner-content is-layout-flow wp-block-group-is-layout-flow\">\n<div class=\"wp-block-group banner-main-title is-layout-flow wp-block-group-is-layout-flow\">\n<h2 class=\"wp-block-heading\"><mark style=\"background-color:rgba(0, 0, 0, 0)\" class=\"has-inline-color has-came-cyan-color\">NOUVEL ATI<\/mark><br><span>La fiabilit\u00e9 red\u00e9finie. Encore plus rapide.<\/span><\/h2>\n\n\n\n<div class=\"wp-block-buttons is-layout-flex wp-block-buttons-is-layout-flex\"><div class=\"wp-block-button\"><a class=\"wp-block-button__link wp-element-button\" href=\"\/be\/fr\/ati-landing\/\" aria-label=\"D&Eacute;COUVRIR PLUS NOUVEL ATI\">D&Eacute;COUVRIR PLUS<\/a><\/div>\n<\/div>\n<\/div>\n<\/div>\n<\/div>\n<\/div>\n\n\n\n<div class=\"wp-block-group alignfull came-box-banners-slider hide-desktop is-layout-flow wp-block-group-is-layout-flow\">\n<div class=\"wp-block-group alignfull box-banner came-banner-default is-layout-flow wp-block-group-is-layout-flow\">\n<div class=\"wp-block-group banner-bg-image is-layout-flow wp-block-group-is-layout-flow\">\n<figure class=\"wp-block-video\"><video autoplay loop muted src=\"https:\/\/www.came.com\/global\/wp-content\/uploads\/2024\/09\/CAME_main-banner_V3_mobileB_1.mp4\" playsinline><\/video><\/figure>\n<\/div>\n\n\n\n<div class=\"wp-block-group alignwide box-banner-content is-layout-flow wp-block-group-is-layout-flow\" style=\"min-height:0px\">\n<div class=\"wp-block-group banner-main-title is-layout-flow wp-block-group-is-layout-flow\" style=\"min-height:400px\"><\/div>\n<\/div>\n<\/div>\n<\/div>\n\n\n\n<div class=\"wp-block-group alignwide came-box-category-list is-layout-flow wp-block-group-is-layout-flow\" style=\"margin-top:0px;margin-bottom:0px;padding-top:var(--wp--preset--spacing--80);padding-bottom:var(--wp--preset--spacing--80)\">\n<h4 class=\"wp-block-heading has-came-cyan-color has-text-color has-link-color has-came-font-font-family wp-elements-00a1bb7663c76acdc4d1c3fd674c4974\"><strong>Cat\u00e9gories de produits<\/strong><\/h4>\n\n\n\n<ul><li class=\"icon-gates\"><a href=\"\/be\/fr\/produits\/automatisations-de-portails\/\" aria-label=\"Discover Gates automation products\"><strong>Automatismes de portails<\/strong><\/a><\/li>\n\n\n<li class=\"icon-road-barriers\"><a href=\"\/be\/fr\/produits\/barrieres-automatiques\/\" aria-label=\"Discover Automatic barriers products\"><strong>Barri&egrave;res automatiques<\/strong><\/a><\/li>\n\n\n<li class=\"icon-parcheggi\"><a href=\"\/be\/fr\/produits\/systemes-de-parking\/\" aria-label=\"Discover Parking systems products\"><strong>Syst&egrave;mes de stationnement<\/strong><\/a><\/li>\n\n\n<li class=\"icon-road-blockers\"><a href=\"\/be\/fr\/produits\/bornes-et-road-blockers\/\" aria-label=\"Discover Bollards and road blockers products\"><strong>Bornes et road blockers<\/strong><\/a><\/li>\n\n\n<li class=\"icon-accessori\"><a href=\"\/be\/fr\/produits\/accessoires-de-controle-et-de-securite\/\" aria-label=\"Discover Video entry systems products\"><strong><strong>Accessoires de contr&ocirc;le et de s&eacute;curit&eacute;<\/strong><\/strong><\/a><\/li>\n\n\n<li class=\"icon-show-all\"><a href=\"#\" aria-label=\"Show other categories\"><strong>All<\/strong><\/a><\/li>\n\n\n<li class=\"icon-controllo-accessi\"><a href=\"\/be\/fr\/produits\/systemes-de-controle-dacces\/\" aria-label=\"Discover Access control systems products\"><strong>Syst&egrave;mes de contr&ocirc;le d&rsquo;acc&egrave;s<\/strong><\/a><\/li>\n\n\n<li class=\"icon-speed-gates\"><a href=\"\/be\/fr\/produits\/speed-gates\/\" aria-label=\"Discover Speed gates products\"><strong>Speed Gates<\/strong><\/a><\/li>\n\n\n<li class=\"icon-tornelli\"><a href=\"\/be\/fr\/produits\/tourniquets\/\" aria-label=\"Discover Turnstyles products\"><strong>Tourniquets<\/strong><\/a><\/li>\n\n\n<li class=\"icon-videocitofonia\"><a href=\"\/be\/fr\/produits\/videophonie\/\" aria-label=\"Discover Control and safety accessories products\"><strong><strong>Interphonie<\/strong><\/strong><\/a><\/li>\n\n\n<li class=\"icon-smart-home\"><a href=\"\/be\/fr\/produits\/gateway-connect\/\" aria-label=\"Discover CONNECT gateways products\"><strong>Gateway CONNECT<\/strong><\/a><\/li>\n\n\n<li class=\"icon-termoregolazione\"><a href=\"\/be\/fr\/produits\/thermoregulation\/\" aria-label=\"Discover Home climate control products\"><strong>Thermor&eacute;gulation<\/strong><\/a><\/li>\n\n\n<li class=\"icon-tende\"><a href=\"\/be\/fr\/produits\/solutions-de-volets-et-de-stores\/\" aria-label=\"Discover Shutters and blinds products\"><strong>Solutions pour stores et volets roulants<\/strong><\/a><\/li>\n<\/ul>\n<\/div>\n\n\n\n<div class=\"wp-block-group alignfull came-box-content-style-3 has-white-background-color has-background is-layout-flow wp-block-group-is-layout-flow\" style=\"margin-top:0px;margin-bottom:0px\">\n<div class=\"wp-block-group alignwide has-white-background-color has-background is-layout-flow wp-block-group-is-layout-flow\">\n<div class=\"wp-block-columns is-layout-flex wp-container-core-columns-is-layout-1 wp-block-columns-is-layout-flex\">\n<div class=\"wp-block-column is-vertically-aligned-center is-layout-flow wp-block-column-is-layout-flow\">\n<div class=\"wp-block-group box-content is-layout-flow wp-block-group-is-layout-flow\">\n<h4 class=\"wp-block-heading has-came-cyan-color has-text-color has-link-color has-came-font-font-family wp-elements-ebf4fc8bd789c3d6e4ab377357b5c6d4\">Qui sommes-nous<\/h4>\n\n\n\n<h2 class=\"wp-block-heading has-came-font-font-family\"><strong>L&rsquo;innovation depuis plus de 50 ans<\/strong><\/h2>\n\n\n\n<p>Depuis plus de cinquante ans, CAME est un pionnier dans la conception et la production de solutions technologiques de haute qualit\u00e9 qui am\u00e9liorent le confort et la s\u00e9curit\u00e9 dans les environnements r\u00e9sidentiels, publics et professionnels.<\/p>\n\n\n\n<p>Notre d\u00e9vouement \u00e0 l&rsquo;excellence et la confiance de nos clients ont fait de CAME une marque mondiale de premier plan et un partenaire de confiance dans les domaines de l&rsquo;automatisation, des maisons intelligentes, du contr\u00f4le d&rsquo;acc\u00e8s, de la s\u00e9curit\u00e9 et des syst\u00e8mes de stationnement. Nous avons \u00e9tabli des relations solides avec des professionnels du monde entier qui non seulement partagent nos valeurs, mais servent \u00e9galement d&rsquo;ambassadeurs de la technologie de pointe de CAME, offrant des solutions transformatrices \u00e0 nos clients dans le monde entier.<\/p>\n\n\n\n<div class=\"wp-block-buttons align-with-bottom is-layout-flex wp-block-buttons-is-layout-flex\" style=\"margin-top:var(--wp--preset--spacing--70)\"><div class=\"wp-block-button\"><a class=\"wp-block-button__link wp-element-button\" href=\"\/fr\/a-propos-de-nous\/\" aria-label=\"D&Eacute;COUVRIR PLUS propos de nous\">D&Eacute;COUVRIR PLUS<\/a><\/div>\n<\/div>\n<\/div>\n<\/div>\n\n\n\n<div class=\"wp-block-column image-wide-half is-layout-flow wp-block-column-is-layout-flow\">\n<figure class=\"wp-block-image size-full image-fit-cover\"><img decoding=\"async\" src=\"https:\/\/www.came.com\/global\/wp-content\/uploads\/2024\/06\/home-chi-siamo1.jpg\" alt=\"\" class=\"wp-image-5772\"\/><\/figure>\n<\/div>\n<\/div>\n<\/div>\n<\/div>\n\n\n\n<div class=\"wp-block-group alignfull came-box-vertical-slider1 has-came-dark-blue-background-color has-background is-layout-flow wp-block-group-is-layout-flow\" style=\"margin-top:0rem\">\n<div class=\"wp-block-group alignwide card-vertical-slider is-layout-flow wp-block-group-is-layout-flow\">\n<div class=\"wp-block-group alignwide inner-card-vertical has-came-cyan-background-color has-background is-layout-flow wp-block-group-is-layout-flow\">\n<div class=\"wp-block-columns is-layout-flex wp-container-core-columns-is-layout-3 wp-block-columns-is-layout-flex\" style=\"margin-bottom:0\">\n<div class=\"wp-block-column col-content-card came-cyan is-layout-flow wp-block-column-is-layout-flow\">\n<div class=\"wp-block-group vcard-header is-layout-flow wp-block-group-is-layout-flow\" style=\"border-top-style:none;border-top-width:0px;border-right-style:none;border-right-width:0px;border-bottom-color:var(--wp--preset--color--came-dark-blue);border-bottom-width:1px;border-left-style:none;border-left-width:0px;padding-top:var(--wp--preset--spacing--50);padding-right:var(--wp--preset--spacing--80);padding-bottom:var(--wp--preset--spacing--50);padding-left:var(--wp--preset--spacing--80)\">\n<div class=\"wp-block-columns is-not-stacked-on-mobile is-layout-flex wp-container-core-columns-is-layout-2 wp-block-columns-is-layout-flex\">\n<div class=\"wp-block-column is-layout-flow wp-block-column-is-layout-flow\">\n<p class=\"has-came-dark-blue-color has-text-color has-link-color has-came-font-font-family has-small-font-size wp-elements-a556dfd5ecdbc76acd3891ef8b481517\"><strong>POUR LES INSTALLATEURS<\/strong><\/p>\n<\/div>\n\n\n\n<div class=\"wp-block-column is-layout-flow wp-block-column-is-layout-flow\">\n<p class=\"has-text-align-right has-came-dark-blue-color has-text-color has-link-color has-came-font-font-family has-small-font-size wp-elements-e0c386cbb305a7413a47be5827b400d2\">training lab<\/p>\n<\/div>\n<\/div>\n<\/div>\n\n\n\n<div class=\"wp-block-group vcard-content is-layout-flow wp-block-group-is-layout-flow\" style=\"margin-top:0rem;padding-top:var(--wp--preset--spacing--80);padding-right:var(--wp--preset--spacing--80);padding-bottom:var(--wp--preset--spacing--80);padding-left:var(--wp--preset--spacing--80)\">\n<h2 class=\"wp-block-heading has-came-dark-blue-color has-text-color has-link-color has-came-font-font-family has-x-large-font-size wp-elements-06aeee717a147226f92440c2438f4774\" style=\"margin-bottom:var(--wp--preset--spacing--70)\"><strong>FORMATION TECHNIQUE<\/strong><\/h2>\n\n\n\n<p class=\"has-came-dark-blue-color has-text-color has-link-color has-small-font-size wp-elements-a40a27116ffc2f72d801b8151aa05ac9\">L&rsquo;excellence vient d&rsquo;une bonne formation. CAME propose des cours pratiques sur la connaissance des produits, les technologies et les r\u00e9glementations. Notre plateforme Training LAB propose diverses formations, notamment des sessions En physique, des webinaires et des formations en ligne, am\u00e9liorant ainsi les comp\u00e9tences et la qualit\u00e9 de service. En savoir plus sur Training LAB.<\/p>\n\n\n\n<div style=\"height:40px\" aria-hidden=\"true\" class=\"wp-block-spacer\"><\/div>\n\n\n\n<div class=\"wp-block-buttons align-with-bottom is-layout-flex wp-block-buttons-is-layout-flex\" style=\"margin-top:var(--wp--preset--spacing--70)\">\n<div class=\"wp-block-button\"><a class=\"wp-block-button__link has-white-background-color has-background wp-element-button\" href=\"\/be\/fr\/formation\/\">ALLER AU TRAINING LAB<\/a><\/div>\n<\/div>\n<\/div>\n<\/div>\n\n\n\n<div class=\"wp-block-column col-cover-image is-layout-flow wp-block-column-is-layout-flow\">\n<figure class=\"wp-block-image size-large image-fit-cover\"><img decoding=\"async\" src=\"https:\/\/www.came.com\/it\/wp-content\/uploads\/2025\/08\/DSF5194-copia.jpg\" alt=\"\"\/><\/figure>\n<\/div>\n<\/div>\n<\/div>\n<\/div>\n\n\n\n<div class=\"wp-block-group alignwide card-vertical-slider is-layout-flow wp-block-group-is-layout-flow\">\n<div class=\"wp-block-group alignwide inner-card-vertical has-came-cyan-background-color has-background is-layout-flow wp-block-group-is-layout-flow\">\n<div class=\"wp-block-columns is-layout-flex wp-container-core-columns-is-layout-5 wp-block-columns-is-layout-flex\" style=\"margin-bottom:0\">\n<div class=\"wp-block-column col-content-card came-cyan is-layout-flow wp-block-column-is-layout-flow\">\n<div class=\"wp-block-group vcard-header is-layout-flow wp-block-group-is-layout-flow\" style=\"border-top-style:none;border-top-width:0px;border-right-style:none;border-right-width:0px;border-bottom-color:var(--wp--preset--color--came-dark-blue);border-bottom-width:1px;border-left-style:none;border-left-width:0px;padding-top:var(--wp--preset--spacing--50);padding-right:var(--wp--preset--spacing--80);padding-bottom:var(--wp--preset--spacing--50);padding-left:var(--wp--preset--spacing--80)\">\n<div class=\"wp-block-columns is-not-stacked-on-mobile is-layout-flex wp-container-core-columns-is-layout-4 wp-block-columns-is-layout-flex\">\n<div class=\"wp-block-column is-layout-flow wp-block-column-is-layout-flow\">\n<p class=\"has-came-dark-blue-color has-text-color has-link-color has-came-font-font-family has-small-font-size wp-elements-a556dfd5ecdbc76acd3891ef8b481517\"><strong>POUR LES INSTALLATEURS<\/strong><\/p>\n<\/div>\n\n\n\n<div class=\"wp-block-column is-layout-flow wp-block-column-is-layout-flow\">\n<p class=\"has-text-align-right has-came-dark-blue-color has-text-color has-link-color has-came-font-font-family has-small-font-size wp-elements-616c6a1c87536d5c76e96b66783e2b1b\">DOCS<\/p>\n<\/div>\n<\/div>\n<\/div>\n\n\n\n<div class=\"wp-block-group vcard-content is-layout-flow wp-block-group-is-layout-flow\" style=\"margin-top:0rem;padding-top:var(--wp--preset--spacing--80);padding-right:var(--wp--preset--spacing--80);padding-bottom:var(--wp--preset--spacing--80);padding-left:var(--wp--preset--spacing--80)\">\n<h2 class=\"wp-block-heading has-came-dark-blue-color has-text-color has-link-color has-came-font-font-family has-x-large-font-size wp-elements-082b5a95f83b0fc3a2f2581969f4a6c8\" style=\"margin-bottom:var(--wp--preset--spacing--70)\"><strong>DOCUMENTATION TECHNIQUE<\/strong><\/h2>\n\n\n\n<p class=\"has-came-dark-blue-color has-text-color has-link-color has-small-font-size wp-elements-4479c02e0cf2f94d1b863bdddcae0aa9\">D\u00e9couvrez tous les manuels et certifications des produits CAME sur notre plateforme d\u00e9di\u00e9e \u00e0 la documentation technique. C&rsquo;est votre r\u00e9f\u00e9rence incontournable pour tous les documents techniques dont vous avez besoin. Pour en savoir plus, rendez-vous sur DOCS.<\/p>\n\n\n\n<div style=\"height:40px\" aria-hidden=\"true\" class=\"wp-block-spacer\"><\/div>\n\n\n\n<div class=\"wp-block-buttons align-with-bottom is-layout-flex wp-block-buttons-is-layout-flex\" style=\"margin-top:var(--wp--preset--spacing--70)\">\n<div class=\"wp-block-button\"><a class=\"wp-block-button__link has-white-background-color has-background wp-element-button\" href=\"\/be\/fr\/formation\/\">ALLER AU DOCS<\/a><\/div>\n<\/div>\n<\/div>\n<\/div>\n\n\n\n<div class=\"wp-block-column col-cover-image is-layout-flow wp-block-column-is-layout-flow\">\n<figure class=\"wp-block-image size-large image-fit-cover\"><img decoding=\"async\" src=\"https:\/\/www.came.com\/global\/wp-content\/uploads\/2024\/08\/ESC_0276-min-scaled.jpg\" alt=\"\"\/><\/figure>\n<\/div>\n<\/div>\n<\/div>\n<\/div>\n\n\n\n<div class=\"wp-block-group alignwide card-vertical-slider invert-order is-layout-flow wp-block-group-is-layout-flow\">\n<div class=\"wp-block-group alignwide inner-card-vertical has-came-cyan-background-color has-background is-layout-flow wp-block-group-is-layout-flow\">\n<div class=\"wp-block-columns is-layout-flex wp-container-core-columns-is-layout-7 wp-block-columns-is-layout-flex\" style=\"margin-bottom:0\">\n<div class=\"wp-block-column col-cover-image is-layout-flow wp-block-column-is-layout-flow\">\n<figure class=\"wp-block-image size-full image-fit-cover\"><img decoding=\"async\" src=\"https:\/\/www.came.com\/global\/wp-content\/uploads\/2024\/08\/SPARE-PARTS_1024x768.jpg\" alt=\"\" class=\"wp-image-8574\"\/><\/figure>\n<\/div>\n\n\n\n<div class=\"wp-block-column col-content-card came-cyan is-layout-flow wp-block-column-is-layout-flow\">\n<div class=\"wp-block-group vcard-header is-layout-flow wp-block-group-is-layout-flow\" style=\"border-top-style:none;border-top-width:0px;border-right-style:none;border-right-width:0px;border-bottom-color:var(--wp--preset--color--came-dark-blue);border-bottom-width:1px;border-left-style:none;border-left-width:0px;padding-top:var(--wp--preset--spacing--50);padding-right:var(--wp--preset--spacing--80);padding-bottom:var(--wp--preset--spacing--50);padding-left:var(--wp--preset--spacing--80)\">\n<div class=\"wp-block-columns is-not-stacked-on-mobile is-layout-flex wp-container-core-columns-is-layout-6 wp-block-columns-is-layout-flex\">\n<div class=\"wp-block-column is-layout-flow wp-block-column-is-layout-flow\">\n<p class=\"has-came-dark-blue-color has-text-color has-link-color has-came-font-font-family has-small-font-size wp-elements-a556dfd5ecdbc76acd3891ef8b481517\"><strong>POUR LES INSTALLATEURS<\/strong><\/p>\n<\/div>\n\n\n\n<div class=\"wp-block-column is-layout-flow wp-block-column-is-layout-flow\">\n<p class=\"has-text-align-right has-came-dark-blue-color has-text-color has-link-color has-came-font-font-family has-small-font-size wp-elements-7a7bc2d092afa920f6f1d4e387632d5b\"><strong>PI\u00c8CES DE RECHANGE<\/strong><\/p>\n<\/div>\n<\/div>\n<\/div>\n\n\n\n<div class=\"wp-block-group vcard-content is-layout-flow wp-block-group-is-layout-flow\" style=\"margin-top:0rem;padding-top:var(--wp--preset--spacing--80);padding-right:var(--wp--preset--spacing--80);padding-bottom:var(--wp--preset--spacing--80);padding-left:var(--wp--preset--spacing--80)\">\n<h2 class=\"wp-block-heading has-came-dark-blue-color has-text-color has-link-color has-came-font-font-family has-x-large-font-size wp-elements-afa889feb2789b3823c47d1a1e2c322c\" style=\"margin-bottom:var(--wp--preset--spacing--70)\"><strong>PI\u00c8CES d\u00e9tach\u00e9es<\/strong><\/h2>\n\n\n\n<p class=\"has-came-dark-blue-color has-text-color has-link-color has-small-font-size wp-elements-18f768e48ae555cc0fd364380208ad87\">CAME fournit plus de 3 000 pi\u00e8ces d\u00e9tach\u00e9es d&rsquo;origine pour assurer une plus longue dur\u00e9e de vie de vos installations. Retrouvez chaque pi\u00e8ce sur notre plateforme d\u00e9di\u00e9e, avec des dessins et des descriptions d\u00e9taill\u00e9s. En savoir plus sur PI\u00c8CES D\u00c9TACH\u00c9ES CAME.<\/p>\n\n\n\n<div style=\"height:60px\" aria-hidden=\"true\" class=\"wp-block-spacer\"><\/div>\n\n\n\n<div class=\"wp-block-buttons align-with-bottom is-layout-flex wp-block-buttons-is-layout-flex\" style=\"margin-top:var(--wp--preset--spacing--70)\">\n<div class=\"wp-block-button\"><a class=\"wp-block-button__link has-white-background-color has-background wp-element-button\" href=\"https:\/\/www.came.com\/tools\/spare-parts_appsetup.php?country=be\" target=\"_blank\" rel=\"noreferrer noopener\">Aller sur la plateforme<\/a><\/div>\n<\/div>\n<\/div>\n<\/div>\n<\/div>\n<\/div>\n<\/div>\n<\/div>\n<\/div>\n","protected":false},"excerpt":{"rendered":"<p>ACS01Syst\u00e8me de contr\u00f4le d&rsquo;acc\u00e8s convivial, flexible, s\u00e9curis\u00e9 BKXPERFORMANCE, RAPIDIT\u00c9 ET GESTION CONNECT\u00c9E. NOUVEL ATILa fiabilit\u00e9 red\u00e9finie. Encore plus rapide. Cat\u00e9gories de produits Qui sommes-nous L&rsquo;innovation depuis plus de 50 ans Depuis plus de cinquante ans, CAME est un pionnier dans la conception et la production de solutions technologiques de haute qualit\u00e9 qui am\u00e9liorent le confort [&hellip;]<\/p>\n","protected":false},"author":1,"featured_media":0,"parent":0,"menu_order":0,"comment_status":"closed","ping_status":"closed","template":"page_template-without-title.php","meta":{"elastic_search":"","powered_cache_disable_cache":false,"footnotes":""},"_links":{"self":[{"href":"https:\/\/www.came.com\/be\/fr\/wp-json\/wp\/v2\/pages\/90"}],"collection":[{"href":"https:\/\/www.came.com\/be\/fr\/wp-json\/wp\/v2\/pages"}],"about":[{"href":"https:\/\/www.came.com\/be\/fr\/wp-json\/wp\/v2\/types\/page"}],"author":[{"embeddable":true,"href":"https:\/\/www.came.com\/be\/fr\/wp-json\/wp\/v2\/users\/1"}],"replies":[{"embeddable":true,"href":"https:\/\/www.came.com\/be\/fr\/wp-json\/wp\/v2\/comments?post=90"}],"version-history":[{"count":9,"href":"https:\/\/www.came.com\/be\/fr\/wp-json\/wp\/v2\/pages\/90\/revisions"}],"predecessor-version":[{"id":15677,"href":"https:\/\/www.came.com\/be\/fr\/wp-json\/wp\/v2\/pages\/90\/revisions\/15677"}],"wp:attachment":[{"href":"https:\/\/www.came.com\/be\/fr\/wp-json\/wp\/v2\/media?parent=90"}],"curies":[{"name":"wp","href":"https:\/\/api.w.org\/{rel}","templated":true}]}}