{"id":552,"date":"2024-01-11T09:40:24","date_gmt":"2024-01-11T08:40:24","guid":{"rendered":"https:\/\/www.came.com\/be\/?page_id=552"},"modified":"2025-09-30T14:42:22","modified_gmt":"2025-09-30T12:42:22","slug":"conditions-dutilisation-du-site","status":"publish","type":"page","link":"https:\/\/www.came.com\/be\/fr\/conditions-dutilisation-du-site\/","title":{"rendered":"Conditions d&rsquo;utilisation du site"},"content":{"rendered":"\n<div class=\"wp-block-group has-global-padding is-layout-constrained wp-block-group-is-layout-constrained\" style=\"padding-top:var(--wp--preset--spacing--70);padding-bottom:var(--wp--preset--spacing--70)\">\n<p>REV.00 &#8211; 07\/02\/2018<\/p>\n\n\n\n<p><strong>Utilisation d&rsquo;images, de signes distinctifs, de logos et d&rsquo;autres biens incorporels appartenant \u00e0 Came S.p.A.<\/strong><\/p>\n\n\n\n<p>Sauf autorisation \u00e9crite de Came SpA (ci-apr\u00e8s \u00abCame\u00bb), l&rsquo;utilisateur s&rsquo;engage \u00e0 ne pas utiliser les logos et les images de Came apparaissant sur le site Web www.came.com conform\u00e9ment au droit applicable, notamment en ce qui concerne les lois r\u00e9gissant la protection des droits de propri\u00e9t\u00e9 intellectuelle.&nbsp;propri\u00e9t\u00e9 industrielle et sur laquelle Came d\u00e9tient des droits exclusifs (ci-apr\u00e8s \u00abImages et logos Came\u00bb), ainsi que pour se conformer aux conditions suivantes:<\/p>\n\n\n\n<p>&nbsp;&nbsp;&nbsp;&nbsp;Les utilisateurs acceptent de ne pas enregistrer ni copier les images et Logos de Came, ni d&rsquo;autoriser et \/ ou de faciliter une telle pratique \u00e0 des tiers.<\/p>\n\n\n\n<p>&nbsp;&nbsp;&nbsp;&nbsp;Les utilisateurs ne peuvent pas int\u00e9grer les images et Logos Came avec leurs soci\u00e9t\u00e9s, enseignes et \/ ou nom de soci\u00e9t\u00e9, ni utiliser de mot, signe, marque d\u00e9pos\u00e9e, logo ou domaine identique ou similaire&nbsp; ou qui pourrait \u00eatre confondu avec les images et Logos de Ca\u00f9e.<\/p>\n\n\n\n<p>&nbsp;&nbsp;&nbsp;&nbsp;Came se r\u00e9serve le droit de demander aux utilisateurs, \u00e0 tout moment et pour quelque motif que ce soit, de supprimer, \u00e0 leurs frais, les r\u00e9f\u00e9rences jug\u00e9es pr\u00e9judiciables au nom et \u00e0 la r\u00e9putation de Came et au groupe auquel il appartient.<\/p>\n\n\n\n<p>&nbsp;&nbsp;&nbsp;&nbsp;Les utilisateurs enregistr\u00e9s devront indemniser Came, ainsi que ses repr\u00e9sentants, employ\u00e9s, collaborateurs, filiales et partenaires, de toute perte, dommage, responsabilit\u00e9, frais de justice&nbsp; ou de toute r\u00e9clamation de tiers&nbsp;de la violation des pr\u00e9sentes conditions, y compris de toute r\u00e9f\u00e9rence pr\u00e9judiciable au nom et \u00e0 la r\u00e9putation de Came et du groupe auquel Came appartient, de ses filiales et partenaires et \/ ou de ses dirigeants.<\/p>\n\n\n\n<p>&nbsp;&nbsp;&nbsp;&nbsp;Toutes les questions qui pourraient surgir concernant les pr\u00e9sentes conditions seront r\u00e9gies par les lois de l\u2019\u00c9tat italien.&nbsp;Tous les litiges seront soumis \u00e0 la juridiction italienne et jug\u00e9s par la comp\u00e9tence exclusive du tribunal de Tr\u00e9vise (Italie).&nbsp;En tout \u00e9tat de cause, Came se r\u00e9serve le droit de convoquer des utilisateurs devant les tribunaux des pays dans lesquels ils ont leur si\u00e8ge social.<\/p>\n<\/div>\n","protected":false},"excerpt":{"rendered":"<p>REV.00 &#8211; 07\/02\/2018 Utilisation d&rsquo;images, de signes distinctifs, de logos et d&rsquo;autres biens incorporels appartenant \u00e0 Came S.p.A. Sauf autorisation \u00e9crite de Came SpA (ci-apr\u00e8s \u00abCame\u00bb), l&rsquo;utilisateur s&rsquo;engage \u00e0 ne pas utiliser les logos et les images de Came apparaissant sur le site Web www.came.com conform\u00e9ment au droit applicable, notamment en ce qui concerne les [&hellip;]<\/p>\n","protected":false},"author":1,"featured_media":0,"parent":0,"menu_order":0,"comment_status":"closed","ping_status":"closed","template":"","meta":{"elastic_search":"","powered_cache_disable_cache":false,"footnotes":""},"_links":{"self":[{"href":"https:\/\/www.came.com\/be\/fr\/wp-json\/wp\/v2\/pages\/552"}],"collection":[{"href":"https:\/\/www.came.com\/be\/fr\/wp-json\/wp\/v2\/pages"}],"about":[{"href":"https:\/\/www.came.com\/be\/fr\/wp-json\/wp\/v2\/types\/page"}],"author":[{"embeddable":true,"href":"https:\/\/www.came.com\/be\/fr\/wp-json\/wp\/v2\/users\/1"}],"replies":[{"embeddable":true,"href":"https:\/\/www.came.com\/be\/fr\/wp-json\/wp\/v2\/comments?post=552"}],"version-history":[{"count":1,"href":"https:\/\/www.came.com\/be\/fr\/wp-json\/wp\/v2\/pages\/552\/revisions"}],"predecessor-version":[{"id":13548,"href":"https:\/\/www.came.com\/be\/fr\/wp-json\/wp\/v2\/pages\/552\/revisions\/13548"}],"wp:attachment":[{"href":"https:\/\/www.came.com\/be\/fr\/wp-json\/wp\/v2\/media?parent=552"}],"curies":[{"name":"wp","href":"https:\/\/api.w.org\/{rel}","templated":true}]}}