{"id":15673,"date":"2026-04-17T12:23:16","date_gmt":"2026-04-17T10:23:16","guid":{"rendered":"https:\/\/www.came.com\/be\/?page_id=15673"},"modified":"2026-04-17T12:38:56","modified_gmt":"2026-04-17T10:38:56","slug":"new-bkx-landing","status":"publish","type":"page","link":"https:\/\/www.came.com\/be\/fr\/new-bkx-landing\/","title":{"rendered":"New BKX Landing"},"content":{"rendered":"\n<div class=\"wp-block-group alignfull is-layout-flow wp-block-group-is-layout-flow\">\n<script src=\"https:\/\/www.came.com\/global\/sites\/default\/files\/new-bkx-landing\/js\/fontfaceobserver\/fontfaceobserver.min.js\"><\/script>\n\n<link href=\"https:\/\/fonts.googleapis.com\/css2?family=Material+Symbols+Outlined\" rel=\"stylesheet\" \/>\n<link rel=\"stylesheet\" href=\"https:\/\/www.came.com\/global\/sites\/default\/files\/new-bkx-landing\/css\/lenis\/lenis.css\">\n<link rel=\"stylesheet\" href=\"https:\/\/www.came.com\/global\/sites\/default\/files\/new-bkx-landing\/css\/glightbox\/glightbox.min.css\">\n<link rel=\"stylesheet\" href=\"https:\/\/www.came.com\/global\/sites\/default\/files\/new-bkx-landing\/css\/custom.css?v=1.0.3\">\n\n<script src=\"https:\/\/www.came.com\/global\/sites\/default\/files\/new-bkx-landing\/js\/lenis\/lenis.min.js\"><\/script> \n<script src=\"https:\/\/www.came.com\/global\/sites\/default\/files\/new-bkx-landing\/js\/gsap\/gsap.min.js\"><\/script>\n<script src=\"https:\/\/www.came.com\/global\/sites\/default\/files\/new-bkx-landing\/js\/gsap\/ScrollTrigger.min.js\"><\/script>\n<script src=\"https:\/\/www.came.com\/global\/sites\/default\/files\/new-bkx-landing\/js\/gsap\/SplitText.min.js\"><\/script>\n\n<script src=\"https:\/\/www.came.com\/global\/sites\/default\/files\/new-bkx-landing\/js\/glightbox\/glightbox.min.js\"><\/script>\n\n<!-- <script type=\"module\" src=\"https:\/\/www.came.com\/global\/sites\/default\/files\/new-bkx-landing\/js\/model-viewer\/model-viewer.min.js\"><\/script> -->\n\n<div class=\"landing-main-container\">\n\t<div id=\"landing-content\">\n\n\t\t<div class=\"landing-content-box\">\n\t\t\t<div class=\"lp-header\">\n\t\t\t\t<div class=\"box-top\">\n\t\t\t\t\t<div class=\"video-fs\">\n\t                    <video muted=\"\" autoplay=\"\" loop=\"\" data-keepplaying=\"\" playsinline=\"\" preload=\"auto\" poster=\"https:\/\/www.came.com\/global\/sites\/default\/files\/new-bkx-landing\/assets\/img\/came-bkx-intro.jpg\">\n\t                        <source type=\"video\/mp4\" src=\"https:\/\/www.came.com\/global\/sites\/default\/files\/new-bkx-landing\/assets\/video\/came-bkx-intro.mp4\">\n\t                        <source type=\"video\/webm\" src=\"https:\/\/www.came.com\/global\/sites\/default\/files\/new-bkx-landing\/assets\/video\/came-bkx-intro.webm\">\n\t                    <\/video>\n\t                <\/div>\n\t                <div class=\"box-title\">\n\t                \t<div class=\"box\">\n\t\t\t\t\t\t\t<h1>BKX<\/h1>\n\t\t\t\t\t\t\t<h2>L\u2019automatisme nouvelle g\u00e9n\u00e9ration pour portails coulissants<\/h2>\n\t\t\t\t\t\t\t<div class=\"box-header-links\" aria-hidden=\"true\">\n\t\t\t\t\t\t\t\t<div><a class=\"button-style1\" href=\"https:\/\/www.came.com\/be\/fr\/contactez-nous\/\">Contactez-nous pour plus d&rsquo;information<\/a><\/div>\n\t\t\t\t\t\t\t<\/div>\n\t                \t<\/div>\n\t                <\/div>\n\t\t\t\t<\/div>\n\t\t\t<\/div>\n\n\t\t\t<section class=\"fade-block gallery-section\">\n\t\t\t\t<div class=\"title-features\">\n\t\t\t\t\t<h2 class=\"fade-in\">Caract\u00e9ristiques principales<\/h2>\n\t\t\t\t<\/div>\n\t\t\t\t<div class=\"gallery-features fade-in\">\n\t\t\t\t\t<div class=\"slider-wrapper\">\n\t\t\t\t\t\t<div class=\"slider-item\">\n\t\t\t\t\t\t\t<div class=\"content-box box-top\">\n\t\t\t\t\t\t\t\t<div class=\"video-fs\">\n\t\t\t\t\t\t\t\t\t<video muted=\"\" autoplay=\"\" loop=\"\" data-keepplaying=\"\" playsinline=\"\" preload=\"auto\" poster=\"https:\/\/www.came.com\/global\/sites\/default\/files\/new-bkx-landing\/assets\/img\/came-bkx-intro.jpg\">\n\t\t\t\t\t\t\t\t\t\t<source type=\"video\/mp4\" src=\"https:\/\/www.came.com\/global\/sites\/default\/files\/new-bkx-landing\/assets\/video\/came-bkx-durability.mp4\">\n\t\t\t\t\t\t\t\t\t\t<source type=\"video\/webm\" src=\"https:\/\/www.came.com\/global\/sites\/default\/files\/new-bkx-landing\/assets\/video\/came-bkx-durability.webm\">\n\t\t\t\t\t\t\t\t\t<\/video>\n\t\t\t\t\t\t\t\t<\/div>\n\t\t\t\t\t\t\t<\/div>\n\t\t\t\t\t\t\t<div class=\"desc-text\">\n\t\t\t\t\t\t\t\t<p class=\"fade-in\">Moteur brushless 24 V DC garantissant une excellente durabilit\u00e9, avec un MCBF de 250 000 cycles<\/p>\n\t\t\t\t\t\t\t<\/div>\n\t\t\t\t\t\t<\/div>\n\t\t\t\t\t\t<div class=\"slider-item\">\n\t\t\t\t\t\t\t<div class=\"content-box box-top\">\n\t\t\t\t\t\t\t\t<div class=\"video-fs\">\n\t\t\t\t\t\t\t\t\t<video muted=\"\" autoplay=\"\" loop=\"\" data-keepplaying=\"\" playsinline=\"\" preload=\"auto\" poster=\"https:\/\/www.came.com\/global\/sites\/default\/files\/new-bkx-landing\/assets\/img\/came-bkx-intro.jpg\">\n\t\t\t\t\t\t\t\t\t\t<source type=\"video\/mp4\" src=\"https:\/\/www.came.com\/global\/sites\/default\/files\/new-bkx-landing\/assets\/video\/came-bkx-movement.mp4\">\n\t\t\t\t\t\t\t\t\t\t<source type=\"video\/webm\" src=\"https:\/\/www.came.com\/global\/sites\/default\/files\/new-bkx-landing\/assets\/video\/came-bkx-movement.webm\">\n\t\t\t\t\t\t\t\t\t<\/video>\n\t\t\t\t\t\t\t\t<\/div>\n\t\t\t\t\t\t\t<\/div>\n\t\t\t\t\t\t\t<div class=\"desc-text\">\n\t\t\t\t\t\t\t\t<p class=\"fade-in\">Avec une pouss\u00e9e de 800 N, BKX garantit un mouvement fluide et une vitesse allant jusqu\u2019\u00e0 24 m\/min<\/p>\n\t\t\t\t\t\t\t<\/div>\n\t\t\t\t\t\t<\/div>\n\t\t\t\t\t\t<div class=\"slider-item\">\n\t\t\t\t\t\t\t<div class=\"content-box box-top\">\n\t\t\t\t\t\t\t\t<div class=\"video-fs\">\n\t\t\t\t\t\t\t\t\t<video muted=\"\" autoplay=\"\" loop=\"\" data-keepplaying=\"\" playsinline=\"\" preload=\"auto\" poster=\"https:\/\/www.came.com\/global\/sites\/default\/files\/new-bkx-landing\/assets\/img\/came-bkx-intro.jpg\">\n\t\t\t\t\t\t\t\t\t\t<source type=\"video\/mp4\" src=\"https:\/\/www.came.com\/global\/sites\/default\/files\/new-bkx-landing\/assets\/video\/came-bkx-timer.mp4\">\n\t\t\t\t\t\t\t\t\t\t<source type=\"video\/webm\" src=\"https:\/\/www.came.com\/global\/sites\/default\/files\/new-bkx-landing\/assets\/video\/came-bkx-timer.webm\">\n\t\t\t\t\t\t\t\t\t<\/video>\n\t\t\t\t\t\t\t\t<\/div>\n\t\t\t\t\t\t\t<\/div>\n\t\t\t\t\t\t\t<div class=\"desc-text\">\n\t\t\t\t\t\t\t\t<p class=\"fade-in\">Gestion des temporisations int\u00e9gr\u00e9e avec ajustement automatique \u00e0 l\u2019heure d\u2019\u00e9t\u00e9 (DST)<\/p>\n\t\t\t\t\t\t\t<\/div>\n\t\t\t\t\t\t<\/div>\n\n\t\t\t\t\t<\/div>\n\t\t\t\t<\/div>\n\t\t\t\t<div class=\"dots-container\">\n\t\t\t\t\t<div class=\"dots\">\n\t\t\t\t\t\t<span class=\"dot active\" data-slide=\"0\"><\/span>\n\t\t\t\t\t\t<span class=\"dot\" data-slide=\"1\"><\/span>\n\t\t\t\t\t\t<span class=\"dot\" data-slide=\"2\"><\/span>\n\t\t\t\t\t<\/div>\n\t\t\t\t<\/div>\n\t\t\t<\/section>\n\n\t\t\t<section class=\"block-black-center\">\n\t\t\t\t<div class=\"header-title fade-block\">\n\t\t\t\t\t<h2 class=\"fade-in\">PUISSANT ET POLYVALENT<\/h2>\n\t\t\t\t\t<p class=\"bold fade-in\">Motor\u00e9ducteur irr\u00e9versible avec une pouss\u00e9e maximale de 800 N, disponible en 2 versions pour portails jusqu\u2019\u00e0 800 kg et 1200 kg<\/p>\n\t\t\t\t<\/div>\n\t\t\t\t<div class=\"fade-block\">\n\t\t\t\t\t<div class=\"container-compare-features\">\n\t\t\t\t\t\t<div class=\"box-compare-features fade-in\">\n\t\t\t\t\t\t\t<div class=\"box-feature fade-in\">\n\t\t\t\t\t\t\t\t<img decoding=\"async\" class=\"fade-in\" src=\"https:\/\/www.came.com\/global\/sites\/default\/files\/new-bkx-landing\/assets\/img\/came-bkx.webp\" alt=\"BKX08AGF\">\n\t\t\t\t\t\t\t\t<div class=\"box-info-feature fade-in\">\n\t\t\t\t\t\t\t\t\t<h3>801MS-0690<\/h3>\n\t\t\t\t\t\t\t\t\t<h4>BKX08AGF<\/h4>\n\t\t\t\t\t\t\t\t\t<p>LONGUEUR MAX. DU VANTAIL: <strong>20 m<\/strong><\/p>\n\t\t\t\t\t\t\t\t\t<p>POIDS MAX. DU VANTAIL: <strong>800 kg<\/strong><\/p>\n\t\t\t\t\t\t\t\t<\/div>\n\t\t\t\t\t\t\t\t\n\t\t\t\t\t\t\t<\/div>\n\t\t\t\t\t\t\t<div class=\"box-feature fade-in\">\n\t\t\t\t\t\t\t\t<img decoding=\"async\" class=\"fade-in\" src=\"https:\/\/www.came.com\/global\/sites\/default\/files\/new-bkx-landing\/assets\/img\/came-bkx.webp\" alt=\"BKX12AGM\">\n\t\t\t\t\t\t\t\t<div class=\"box-info-feature fade-in\">\n\t\t\t\t\t\t\t\t\t<h3>801MS-0700<\/h3>\n\t\t\t\t\t\t\t\t\t<h4>BKX12AGM<\/h4>\n\t\t\t\t\t\t\t\t\t<p>LONGUEUR MAX. DU VANTAIL: <strong>20 m<\/strong><\/p>\n\t\t\t\t\t\t\t\t\t<p>POIDS MAX. DU VANTAIL: <strong>1200 kg<\/strong><\/p>\n\t\t\t\t\t\t\t\t<\/div>\n\t\t\t\t\t\t\t<\/div>\n\t\t\t\t\t\t<\/div>\n\t\t\t\t\t<\/div>\n\t\t\t\t<\/div>\n\t\t\t<\/section>\n\n\t\t\t<section class=\"block-black-center came-box-compact-content\" style=\"padding-top: 0;\">\n\t\t\t\t<div class=\"header-title fade-block\">\n\t\t\t\t\t<h2 class=\"fade-in\">Adaptive speed and torque technology<\/h2>\n\t\t\t\t<\/div>\n\t\t\t\t<div class=\"fade-block\">\n\t\t\t\t\t<div class=\"box-video1 fade-in\">\n\t\t\t\t\t\t<video muted=\"\" autoplay=\"\" loop=\"\" data-keepplaying=\"\" playsinline=\"\" preload=\"auto\" poster=\"https:\/\/www.came.com\/global\/sites\/default\/files\/new-bkx-landing\/assets\/img\/came-bkx-intro.jpg\">\n\t\t\t\t\t\t\t<source type=\"video\/mp4\" src=\"https:\/\/www.came.com\/global\/sites\/default\/files\/new-bkx-landing\/assets\/video\/came-bkx-adaptive.mp4\">\n\t\t\t\t\t\t\t<source type=\"video\/webm\" src=\"https:\/\/www.came.com\/global\/sites\/default\/files\/new-bkx-landing\/assets\/video\/came-bkx-adaptive.webm\">\n\t\t\t\t\t\t<\/video>\n\t\t\t\t\t<\/div>\n\t\t\t\t<\/div>\n\t\t\t\t<div class=\"header-title fade-block\">\n\t\t\t\t\t<p class=\"small bold fade-in\">La carte \u00e9lectronique g\u00e8re la vitesse ainsi que les rampes d\u2019acc\u00e9l\u00e9ration et de d\u00e9c\u00e9l\u00e9ration, tandis que le syst\u00e8me d\u2019adaptation du couple analyse en continu le poids et les frottements afin de d\u00e9tecter les obstacles et de maintenir la vitesse d\u00e9finie. Aucune perte de temps pour l\u2019installateur, satisfaction maximale pour le client.\n\t\t\t\t\t<\/p>\n\t\t\t\t<\/div>\n\t\t\t<\/section>\n\n\t\t\t<section class=\"block-black-center\" style=\"padding-top: 0;\">\n\t\t\t\t<div class=\"header-title fade-block\">\n\t\t\t\t\t<h2 class=\"fade-in\">SYSTEME DE SECOURS PAR BATTERIE<\/h2>\n\t\t\t\t\t<p class=\"bold fade-in\">BKX garantit des performances \u00e9lev\u00e9es et une grande fiabilit\u00e9, tout en permettant l\u2019int\u00e9gration d\u2019un syst\u00e8me de secours par batterie assurant un fonctionnement m\u00eame en cas de coupure de courant.<\/p>\n\t\t\t\t<\/div>\n\t\t\t\t<div class=\"fade-block\">\n\t\t\t\t\t<div class=\"box-video1 fade-in\">\n\t\t\t\t\t\t<video muted=\"\" autoplay=\"\" loop=\"\" data-keepplaying=\"\" playsinline=\"\" preload=\"auto\" poster=\"https:\/\/www.came.com\/global\/sites\/default\/files\/new-bkx-landing\/assets\/img\/came-bkx-intro.jpg\">\n\t\t\t\t\t\t\t<source type=\"video\/mp4\" src=\"https:\/\/www.came.com\/global\/sites\/default\/files\/new-bkx-landing\/assets\/video\/came-bkx-battery.mp4\">\n\t\t\t\t\t\t\t<source type=\"video\/webm\" src=\"https:\/\/www.came.com\/global\/sites\/default\/files\/new-bkx-landing\/assets\/video\/came-bkx-battery.webm\">\n\t\t\t\t\t\t<\/video>\n\t\t\t\t\t<\/div>\n\t\t\t\t<\/div>\n\t\t\t<\/section>\n\n\t\t\t<section class=\"block-black-center bg-gradient-black\" style=\"padding-top: 0;\">\n\t\t\t\t<div class=\"header-title fade-block\">\n\t\t\t\t\t<h2 class=\"fade-in\">\u00c9lectronique de pointe<\/h2>\n\t\t\t\t<\/div>\n\t\t\t\t<div class=\"fade-block\">\n\t\t\t\t\t<div class=\"box-2cols box-2cols-inverted\">\n\t\t\t\t\t\t<div class=\"box-col\">\n\t\t\t\t\t\t\t<img decoding=\"async\" class=\"border-radius-8 fade-in\" src=\"https:\/\/www.came.com\/global\/sites\/default\/files\/new-bkx-landing\/assets\/img\/came-bkx-section-new2.webp\" alt=\"ADVANCED ELECTRONICS\">\n\t\t\t\t\t\t<\/div>\n\t\t\t\t\t\t<div class=\"box-col\">\n\t\t\t\t\t\t\t<div class=\"header-title\">\n\t\t\t\t\t\t\t\t<ul class=\"list-text fade-in\">\n\t\t\t\t\t\t\t\t\t<li>Ecran graphique <\/li>\n\t\t\t\t\t\t\t\t\t<li>Cache en plastique ABS<\/li>\n\t\t\t\t\t\t\t\t\t<li>Entr\u00e9es BUS CXN<\/li>\n\t\t\t\t\t\t\t\t\t<li>Module m\u00e9moire pour la sauvegarde des configurations <\/li>\n\t\t\t\t\t\t\t\t\t<li>Port pour CAME Key ou passerelle Wi-Fi<\/li>\n\t\t\t\t\t\t\t\t\t<li>Ports RSE<\/li>\n\t\t\t\t\t\t\t\t\t<li class=\"came-white-color\"><span class=\"came-white-color\">CONFORME AU REGLEMENT (UE) 2023\/826 relatif aux exigences d\u2019\u00e9coconception pour la consommation d\u2019\u00e9nergie en mode arr\u00eat, veille et veille avec maintien de la connexion r\u00e9seau<\/span><\/li>\n\t\t\t\t\t\t\t\t<\/ul>\n\t\t\t\t\t\t\t<\/div>\n\t\t\t\t\t\t<\/div>\n\t\t\t\t\t<\/div>\n\t\t\t\t<\/div>\n\t\t\t<\/section>\n\n\t\t\t<section class=\"block-black-center\">\n\t\t\t\t<div class=\"header-title fade-block\">\n\t\t\t\t\t<h2 class=\"fade-in\">CHOISISSEZ VOTRE MODE DE CONFIGURATION<\/h2>\n\t\t\t\t<\/div>\n\t\t\t\t<div class=\"fade-block\">\n\t\t\t\t\t<div class=\"box-2cols\">\n\t\t\t\t\t\t<div class=\"box-col\">\n\t\t\t\t\t\t\t<div class=\"box-video-container box-video1 border-radius-8 fade-in\">\n\t\t\t\t\t\t\t\t<video muted=\"\" autoplay=\"\" loop=\"\" data-keepplaying=\"\" playsinline=\"\" preload=\"auto\" poster=\"https:\/\/www.came.com\/global\/sites\/default\/files\/new-bkx-landing\/assets\/img\/came-bkx-intro.jpg\">\n\t\t\t\t\t\t\t\t\t<source type=\"video\/mp4\" src=\"https:\/\/www.came.com\/global\/sites\/default\/files\/new-bkx-landing\/assets\/video\/came-bkx-quick-setup.mp4\">\n\t\t\t\t\t\t\t\t\t<source type=\"video\/webm\" src=\"https:\/\/www.came.com\/global\/sites\/default\/files\/new-bkx-landing\/assets\/video\/came-bkx-quick-setup.webm\">\n\t\t\t\t\t\t\t\t<\/video>\n\t\t\t\t\t\t\t<\/div>\n\t\t\t\t\t\t<\/div>\n\t\t\t\t\t\t<div class=\"box-col\">\n\t\t\t\t\t\t\t<div class=\"header-title maxwidth500\">\n\t\t\t\t\t\t\t\t<h3 class=\"fade-in\"><span class=\"came-cyan-color\">CONFIGURATION RAPIDE<\/span> via smartphone avec CAME KEY et l&rsquo;application SetUp Pro<\/h3>\n\t\t\t\t\t\t\t\t<ul class=\"list-text fade-in\">\n\t\t\t\t\t\t\t\t\t<li>Acc\u00e8s \u00e0 tous les param\u00e8tres de l\u2019automatisme<\/li>\n\t\t\t\t\t\t\t\t\t<li>Gestion de l&rsquo;automatisme, contr\u00f4le du fonctionnement et de la maintenance <\/li>\n\t\t\t\t\t\t\t\t\t<li>Programmation automatique des \u00e9metteurs via QR code<\/li>\n\t\t\t\t\t\t\t\t\t<li>Mise \u00e0 jour du firmware de la carte \u00e9lectronique<\/li>\n\t\t\t\t\t\t\t\t\t<li>Sauvegarde des configurations sur CONNECT<\/li>\n\t\t\t\t\t\t\t\t<\/ul>\n\t\t\t\t\t\t\t\t<div class=\"box-quadri-links fade-in\">\n\t\t\t\t\t\t\t\t\t<div><a class=\"button-style1\" href=\"https:\/\/www.came.com\/global\/en\/cameconnect\/\" target=\"_blank\" rel=\"noopener\">D\u00e9couvrez Connect<\/a><\/div>\n\t\t\t\t\t\t\t\t<\/div>\n\t\t\t\t\t\t\t\t<p class=\"subtext fade-in\">T\u00e9l\u00e9chargez l&rsquo;application SetUp Pro<\/p>\n\t\t\t\t\t\t\t\t<div class=\"box-download-app-links fade-in\">\n\t\t\t\t\t\t\t\t\t<a href=\"https:\/\/play.google.com\/store\/apps\/details?id=com.came.installer\" target=\"_blank\" rel=\"noopener\"><img decoding=\"async\" src=\"https:\/\/www.came.com\/global\/sites\/default\/files\/new-bkx-landing\/assets\/img\/download-google-play.png\" alt=\"Get it on Google Play\"><\/a>\n\t\t\t\t\t\t\t\t\t<a href=\"https:\/\/apps.apple.com\/fr\/app\/setup-pro\/id6474442913\" target=\"_blank\" rel=\"noopener\"><img decoding=\"async\" src=\"https:\/\/www.came.com\/global\/sites\/default\/files\/new-bkx-landing\/assets\/img\/download-app-store.png\" alt=\"Get it on App Store\"><\/a>\n\t\t\t\t\t\t\t\t<\/div>\n\t\t\t\t\t\t\t<\/div>\n\t\t\t\t\t\t<\/div>\n\t\t\t\t\t<\/div>\n\t\t\t\t<\/div>\n\n\t\t\t\t<div class=\"fade-block\">\n\t\t\t\t\t<div class=\"box-2cols box-2cols-inverted\">\n\t\t\t\t\t\t<div class=\"box-col\">\n\t\t\t\t\t\t\t<div class=\"box-video-container box-video1 border-radius-8 fade-in\">\n\t\t\t\t\t\t\t\t<video muted=\"\" autoplay=\"\" loop=\"\" data-keepplaying=\"\" playsinline=\"\" preload=\"auto\" poster=\"https:\/\/www.came.com\/global\/sites\/default\/files\/new-bkx-landing\/assets\/img\/came-bkx-intro.jpg\">\n\t\t\t\t\t\t\t\t\t<source type=\"video\/mp4\" src=\"https:\/\/www.came.com\/global\/sites\/default\/files\/new-bkx-landing\/assets\/video\/came-bkx-display.mp4\">\n\t\t\t\t\t\t\t\t\t<source type=\"video\/webm\" src=\"https:\/\/www.came.com\/global\/sites\/default\/files\/new-bkx-landing\/assets\/video\/came-bkx-display.webm\">\n\t\t\t\t\t\t\t\t<\/video>\n\t\t\t\t\t\t\t<\/div>\n\t\t\t\t\t\t<\/div>\n\t\t\t\t\t\t<div class=\"box-col\">\n\t\t\t\t\t\t\t<div class=\"header-title\">\n\t\t\t\t\t\t\t\t<h3 class=\"fade-in\"><span class=\"came-cyan-color\">Configuration guid\u00e9e<\/span> via l\u2019\u00e9cran graphique int\u00e9gr\u00e9<\/h3>\n\t\t\t\t\t\t\t\t<ul class=\"list-text fade-in\">\n\t\t\t\t\t\t\t\t\t<li>Disponible en 13 langues<\/li>\n\t\t\t\t\t\t\t\t\t<li>4 touches de commande<\/li>\n\t\t\t\t\t\t\t\t\t<li>Configuration automatique des param\u00e8tres d\u2019acc\u00e9l\u00e9ration et de d\u00e9c\u00e9l\u00e9ration en fonction de la longueur et du poids du vantail<\/li>\n\t\t\t\t\t\t\t\t\t<li>Possibilit\u00e9 de d\u00e9finir un mot de passe pour prot\u00e9ger l\u2019acc\u00e8s au menu de configuration<\/li>\n\t\t\t\t\t\t\t\t<\/ul>\n\t\t\t\t\t\t\t<\/div>\n\t\t\t\t\t\t<\/div>\n\t\t\t\t\t<\/div>\n\t\t\t\t<\/div>\n\n\t\t\t<\/section>\n\n\t\t\t<section class=\"block-darkgrey-center fade-block\">\n\t\t\t\t<div class=\"box-big-card\">\n\t\t\t\t\t<div class=\"box-2cols\">\n\t\t\t\t\t\t<div class=\"box-col\">\n\t\t\t\t\t\t\t<h2 class=\"fade-in\">COMPATIBLE AVEC AMAZON ALEXA ET GOOGLE HOME<\/h2>\n\t\t\t\t\t\t\t<p class=\"small bold fade-in\">Gr\u00e2ce \u00e0 la passerelle Wi-Fi optionnelle, directement enfichable sur la carte \u00e9lectronique, BKX peut se connecter \u00e0 n\u2019importe quel routeur pour une gestion \u00e0 distance. En plus de l\u2019application Automation, qui permet de piloter l\u2019automatisme depuis un smartphone, il est \u00e9galement possible d\u2019utiliser les commandes vocales Amazon Alexa et Google Home pour ouvrir, fermer ou arr\u00eater le portail, ou encore conna\u00eetre son \u00e9tat de fonctionnement.<\/p>\n\t\t\t\t\t\t\t\n\t\t\t\t\t\t\t<p class=\"subtext fade-in\">T\u00e9l\u00e9chargez l&rsquo;application AUTOMATION sur Google Play et l&rsquo;App Store<\/p>\n\t\t\t\t\t\t\t<div class=\"box-download-app-links fade-in\">\n\t\t\t\t\t\t\t\t<a href=\"https:\/\/play.google.com\/store\/apps\/details?id=com.came.cameconnectapp\" target=\"_blank\" rel=\"noopener\"><img decoding=\"async\" src=\"https:\/\/www.came.com\/global\/sites\/default\/files\/new-bkx-landing\/assets\/img\/download-google-play.png\" alt=\"Get it on Google Play\"><\/a>\n\t\t\t\t\t\t\t\t<a href=\"https:\/\/apps.apple.com\/fr\/app\/came-automation\/id1098115880\" target=\"_blank\" rel=\"noopener\"><img decoding=\"async\" src=\"https:\/\/www.came.com\/global\/sites\/default\/files\/new-bkx-landing\/assets\/img\/download-app-store.png\" alt=\"Get it on App Store\"><\/a>\n\t\t\t\t\t\t\t<\/div>\n\t\t\t\t\t\t<\/div>\n\t\t\t\t\t\t<div class=\"box-col\">\n\t\t\t\t\t\t\t<img decoding=\"async\" class=\"fade-in\" src=\"https:\/\/www.came.com\/global\/sites\/default\/files\/new-bkx-landing\/assets\/img\/came-bkx-alexa-tablet.webp\">\n\t\t\t\t\t\t<\/div>\n\t\t\t\t\t<\/div>\n\t\t\t\t<\/div>\n\t\t\t<\/section>\n\n\t\t\t<section class=\"block-black-center block-wide-section\">\n\t\t\t\t<div class=\"fade-block\">\n\t\t\t\t\t<div class=\"box-2cols\">\n\t\t\t\t\t\t<div class=\"box-col\">\n\t\t\t\t\t\t\t<div class=\"box-video-container box-video1 fade-in\">\n\t\t\t\t\t\t\t\t<video muted=\"\" autoplay=\"\" loop=\"\" data-keepplaying=\"\" playsinline=\"\" preload=\"auto\" poster=\"https:\/\/www.came.com\/global\/sites\/default\/files\/new-bkx-landing\/assets\/img\/came-bkx-intro.jpg\">\n\t\t\t\t\t\t\t\t\t<source type=\"video\/mp4\" src=\"https:\/\/www.came.com\/global\/sites\/default\/files\/new-bkx-landing\/assets\/video\/came-bkx-rotation-l.mp4\">\n\t\t\t\t\t\t\t\t\t<source type=\"video\/webm\" src=\"https:\/\/www.came.com\/global\/sites\/default\/files\/new-bkx-landing\/assets\/video\/came-bkx-rotation-l.webm\">\n\t\t\t\t\t\t\t\t<\/video>\n\t\t\t\t\t\t\t<\/div>\n\t\t\t\t\t\t<\/div>\n\t\t\t\t\t\t<div class=\"box-col\">\n\t\t\t\t\t\t\t<div class=\"header-title maxwidth400\">\n\t\t\t\t\t\t\t\t<h2 class=\"fade-in\">BKX<\/h2>\n\t\t\t\t\t\t\t\t<p class=\"small bold fade-in\">L\u2019automatisme nouvelle g\u00e9n\u00e9ration pour portails coulissants.<\/p>\n\t\t\t\t\t\t\t\t<div class=\"box-quadri-links fade-in\">\n\t\t\t\t\t\t\t\t\t<div><a class=\"button-style1\" href=\"https:\/\/www.came.com\/be\/fr\/produits\/automatismes-pour-portails-coulissantes-bkx\/\">Consultez la page produit<\/a><\/div>\n\t\t\t\t\t\t\t\t\t<div><a class=\"button-style1\" href=\"https:\/\/came-cdn.thron.com\/api\/v1\/content-delivery\/shares\/vjhyxw\/contents\/3f825277-6618-4027-9be5-6c20b74f387c\/original\/fr-kadfrule23_bkx\" target=\"_blank\" rel=\"noopener\">T\u00e9l\u00e9chargez le d\u00e9pliant<\/a><\/div>\n\t\t\t\t\t\t\t\t\t<div><a class=\"button-style1 landing-glightbox-video\" data-gallery=\"gallery3\" href=\"https:\/\/www.came.com\/global\/sites\/default\/files\/new-bkx-landing\/assets\/video\/CAME_BKX_Video.mp4\">Regardez la vid\u00e9o<\/a><\/div>\n\t\t\t\t\t\t\t\t<\/div>\n\t\t\t\t\t\t\t<\/div>\n\t\t\t\t\t\t<\/div>\n\t\t\t\t\t<\/div>\n\t\t\t\t<\/div>\n\t\t\t<\/section>\n\n\t\t<\/div>\n\t<\/div>\n\n    <script type=\"text\/javascript\" src=\"https:\/\/www.came.com\/global\/sites\/default\/files\/new-bkx-landing\/js\/custom.js?v=1.0.2\"><\/script>\n<\/div>\n<\/div>\n\n","protected":false},"excerpt":{"rendered":"<p>BKX L\u2019automatisme nouvelle g\u00e9n\u00e9ration pour portails coulissants Contactez-nous pour plus d&rsquo;information Caract\u00e9ristiques principales Moteur brushless 24 V DC garantissant une excellente durabilit\u00e9, avec un MCBF de 250 000 cycles Avec une pouss\u00e9e de 800 N, BKX garantit un mouvement fluide et une vitesse allant jusqu\u2019\u00e0 24 m\/min Gestion des temporisations int\u00e9gr\u00e9e avec ajustement automatique \u00e0 [&hellip;]<\/p>\n","protected":false},"author":5,"featured_media":0,"parent":0,"menu_order":0,"comment_status":"closed","ping_status":"closed","template":"page_template-landing-fullscreen.php","meta":{"elastic_search":"","powered_cache_disable_cache":false,"footnotes":""},"_links":{"self":[{"href":"https:\/\/www.came.com\/be\/fr\/wp-json\/wp\/v2\/pages\/15673"}],"collection":[{"href":"https:\/\/www.came.com\/be\/fr\/wp-json\/wp\/v2\/pages"}],"about":[{"href":"https:\/\/www.came.com\/be\/fr\/wp-json\/wp\/v2\/types\/page"}],"author":[{"embeddable":true,"href":"https:\/\/www.came.com\/be\/fr\/wp-json\/wp\/v2\/users\/5"}],"replies":[{"embeddable":true,"href":"https:\/\/www.came.com\/be\/fr\/wp-json\/wp\/v2\/comments?post=15673"}],"version-history":[{"count":1,"href":"https:\/\/www.came.com\/be\/fr\/wp-json\/wp\/v2\/pages\/15673\/revisions"}],"predecessor-version":[{"id":15674,"href":"https:\/\/www.came.com\/be\/fr\/wp-json\/wp\/v2\/pages\/15673\/revisions\/15674"}],"wp:attachment":[{"href":"https:\/\/www.came.com\/be\/fr\/wp-json\/wp\/v2\/media?parent=15673"}],"curies":[{"name":"wp","href":"https:\/\/api.w.org\/{rel}","templated":true}]}}