{"id":13563,"date":"2025-09-30T16:18:59","date_gmt":"2025-09-30T14:18:59","guid":{"rendered":"https:\/\/www.came.com\/be\/?page_id=13563"},"modified":"2025-09-30T16:41:14","modified_gmt":"2025-09-30T14:41:14","slug":"ls4-landing","status":"publish","type":"page","link":"https:\/\/www.came.com\/be\/fr\/ls4-landing\/","title":{"rendered":"LS4 landing"},"content":{"rendered":"\n<div class=\"wp-block-group alignfull is-layout-flow wp-block-group-is-layout-flow\">\n<link rel=\"stylesheet\" type=\"text\/css\" href=\"https:\/\/www.came.com\/global\/sites\/default\/files\/ls4-landing\/css\/fullpage.min.css\" \/>\n<link rel=\"stylesheet\" type=\"text\/css\" href=\"https:\/\/www.came.com\/global\/sites\/default\/files\/ls4-landing\/css\/custom.css\" \/>\n\n<style>\n#fullpage {\n  margin-block-start: 0 !important;\n}\n  .section {\n\tmargin: 0;\n\tpadding: 0;\n  }\n  .main-header {\n\t  position: absolute;\n\t  width: 100vw;\n\t  background: transparent;\n\t  border: none;\n\t  z-index: 9;\n\t  transition: opacity 0.3s ease-in-out;\n  }\n  .main-header.hidden-header {\n\t  opacity: 0;\n\t  z-index: -1;\n  }\n  .main-header > .top {\n\t  display: none;\n  }\n  .main-header > .bottom {\n\t  margin: 0;\n\t  background: #fff;\n  }\n  #fp-nav.fp-left {\n    position: absolute;\n    bottom: 2.5vh;\n  }\n  #fp-nav ul {\n    position: absolute;\n    bottom: 0;\n  }\n  #fp-nav ul li a span, .fp-slidesNav ul li a span {\n    background: #009fe3;\n    border: 0.5px solid white;\n  }\n  #fp-nav.fp-left {\n    left: 0;\n  }\n  @media only screen and (orientation: landscape) and (min-width: 992px){\n    #fp-nav.fp-left {\n      left: 17px;\n    }\n  }\n<\/style>\n\n<div id=\"fullpage\">\n\n\t<!--SECTION 01-->\n\t<div class=\"section\" id=\"section-01\">\n        <!--slide 01-->\n        <div class=\"slide\" id=\"slide-01\">\n            <div class=\"box-top\"><\/div>\n            <div class=\"container\">\n                <div class=\"box-titolo\">\n                    <div class=\"box-titolo-txt\">\n                        <h1>GARD LS4<\/h1>\n                        <h2>LES PERFORMANCES<br>\n\t\t\t\t\t\tRENCONTRENT<br>\n                        LE DESIGN<\/h2>\n                    <\/div>\n                <\/div>\n            <\/div>\n        <\/div>\n    <\/div>\n    \n\t<!--SECTION 02-->\n\t<div class=\"section\" id=\"section-02\">\n        <!--slide 02-->\n        <div class=\"slide\" id=\"slide-02\">\n            <div class=\"box-top\">\n                <div class=\"video-fs\">\n                    <video muted autoplay loop data-keepplaying playsinline preload=\"auto\" poster=\"https:\/\/www.came.com\/global\/sites\/default\/files\/ls4-landing\/img\/came-ls4-mcbf-clip.jpg\" id=\"came-ls4-mcbf-clip\">\n                        <source data-src=\"https:\/\/came-cdn.thron.com\/delivery\/public\/video\/came\/1cb6f453-2033-48a5-81c9-804e57a0ed4d\/arhp6v\/WEBHD\/came-ls4-mcbf-clip\" type=\"video\/mp4\" \/>\n                        <source data-src=\"https:\/\/came-cdn.thron.com\/delivery\/public\/video\/came\/9f9d4a0c-d345-4a22-9d34-49c8443e6325\/9bnsqh\/WEBHD\/came-ls4-mcbf-clip-1\" type=\"video\/webm\" \/>\n                    <\/video>\n                <\/div>\n            <\/div>\n            <div class=\"container\">\n                <div class=\"box-titolo\">\n                    <div class=\"box-titolo-txt\">\n                        <h2>MCBF<\/h2>\n                        <p><span>1.500.000<\/span> CYCLES<\/p>\n                        <p>USAGE INTENSIF <span>300<\/span> CYCLES\/HEURE<\/p>\n                    <\/div>\n                <\/div>\n            <\/div>\n        <\/div>\n    <\/div>\n    \n\t<!--SECTION 03-->\n\t<div class=\"section\" id=\"section-03\">\n        <!--slide 03-->\n        <div class=\"slide\" id=\"slide-03\">\n            <div class=\"box-top\"><\/div>\n            <div class=\"container\">\n                <div class=\"box-titolo\">\n                    <div class=\"box-titolo-txt\">\n                        <ul>\n                            <li><span>POUR PASSAGES JUSQU&rsquo;\u00c0 3,8 METRES<\/span><\/li>\n                            <li><span>FIABLE:<\/span> moteur avec <strong>encoder<\/strong> et <strong>advanced speed control<\/strong><\/li>\n                            <li><span>RAPIDE ET EFFICACE:<\/span> avec <strong>vitesse de 2 \u00e0 4 secondes<\/strong><\/li>\n                            <li><span>\u00c9LECTRONIQUE AVANC\u00c9E:<\/span>avec techologie <strong>CONNECT<\/strong> et protocole <strong>MODBUS<\/strong><\/li>\n                            <li><span>LISSE \u00c9L\u00c9GANTE:<\/span> avec possibilit\u00e9 des strips LED R\/G et profil\u00e9 en caoutchouc<\/li>\n                            <li><span>S\u00dbRE:<\/span> <strong>EN12453<\/strong> avec syst\u00e8me de d\u00e9tection d&rsquo;obstacles efficace<\/li>\n                        <\/ul>\n                    <\/div>\n                <\/div>\n            <\/div>\n        <\/div>\n    <\/div>\n    \n\t<!--SECTION 04-->\n\t<div class=\"section\" id=\"section-04\">\n        <!--slide 04-->\n        <div class=\"slide\" id=\"slide-04\">\n            <div class=\"container\">\n                <div class=\"box-titolo\">\n                    <div class=\"box-titolo-txt\">\n                        <h2><span>MOTEUR 24V FIABLE<\/span> AVEC ADVANCED SPEED CONTROL<\/h2>\n                        <p>Ceci garantit un mouvement fluide et constant sans vibrations pouvant entra\u00eener des dommages. Le moteur 24V continue de fonctionner m\u00eame en cas de panne de courant.<\/p>\n                        <p><span class=\"btn btn-inv\" id=\"next-slide-01\">D\u00c9COUVREZ LE SYST\u00c8ME DE BATTERIE DE SECOURS&nbsp;&gt;<\/span><\/p>\n                    <\/div>\n                <\/div>\n                <div class=\"box-video\">\n                    <div class=\"right-container\">\n                        <div class=\"video-fs\">\n                        \t<div class=\"prop\">\n                            \t<img decoding=\"async\" src=\"https:\/\/www.came.com\/global\/sites\/default\/files\/ls4-landing\/img\/came-ls4-speed-control.jpg\" alt=\"Reliable 24V motor with advanced speed control\">\n                            <\/div>\n                        <\/div>\n                    <\/div>\n                <\/div>\n            <\/div>\n        <\/div>\n        <!--slide 05-->\n        <div class=\"slide\" id=\"slide-05\">\n            <div class=\"container\">\n                <div class=\"box-titolo\">\n                    <div class=\"box-titolo-txt\">\n                        <h2><span>SYST\u00c8ME DE BATTERIE<\/span> DE SECOURS<\/h2>\n                        <p>En cas de panne de courant ou dans toute situation d&rsquo;urgence o\u00f9 survient un probl\u00e8me \u00e9lectrique, le GARD LS4 est capable de fonctionner en toute s\u00e9curit\u00e9 gr\u00e2ce \u00e0 un syst\u00e8me d&rsquo;alimentation auxiliaire par batterie.<\/p>\n                    <\/div>\n                <\/div>\n                <div class=\"box-video\">\n                    <div class=\"right-container\">\n                        <div class=\"video-fs\">\n                        \t<div class=\"prop\">\n                            \t<img decoding=\"async\" src=\"https:\/\/www.came.com\/global\/sites\/default\/files\/ls4-landing\/img\/came-ls4-safety-battery-img.jpg\" alt=\"Safety battery system\">\n                            <\/div>\n                        <\/div>\n                    <\/div>\n                <\/div>\n            <\/div>\n        <\/div>\n\t<\/div>\n    \n    <!--SECTION 05-->\n\t<div class=\"section\" id=\"section-05\">\n        <!--slide 06-->\n        <div class=\"slide\" id=\"slide-06\">\n            <div class=\"box-top\">\n                <div class=\"video-fs\">\n                    <video muted autoplay loop data-keepplaying playsinline preload=\"auto\" poster=\"https:\/\/www.came.com\/global\/sites\/default\/files\/ls4-landing\/img\/came-ls4-single-spring.jpg\" id=\"came-ls4-single-spring\">\n                        <source data-src=\"https:\/\/came-cdn.thron.com\/delivery\/public\/video\/came\/b7588f8e-3538-4724-9949-42873eaf1d80\/wikmfn\/WEBHD\/came-ls4-single-spring-1\" type=\"video\/mp4\" \/>\n                        <source data-src=\"https:\/\/came-cdn.thron.com\/delivery\/public\/video\/came\/a491ea55-2abd-4cf4-88ee-2ef61ecfcbd4\/f7nb4v\/WEBHD\/came-ls4-single-spring\" type=\"video\/webm\" \/>\n                    <\/video>\n                <\/div>\n            <\/div>\n            <div class=\"container\">\n                <div class=\"box-titolo\">\n                    <div class=\"box-titolo-txt\">\n                        <h2><span>\u00c9QUILIBRAGE<br\/>\u00c0 RESSORT UNIQUE:<\/span><br>\n\t\t\t\t\t\t\tUn seul ressort d&rsquo;\u00e9quilibrage n\u00e9cessaire<br>\n\t\t\t\t\t\t\t(vert) pour les diff\u00e9rentes longueurs de la<br>\n\t\t\t\t\t\t\tlisse<\/h2>\n                    <\/div>\n                <\/div>\n            <\/div>\n        <\/div>\n    <\/div>\n    \n\t<!--SECTION 06-->\n\t<div class=\"section\" id=\"section-06\">\n        <!--slide 07-->\n        <div class=\"slide\" id=\"slide-07\">\n            <div class=\"box-top\">\n                <div class=\"video-fs\">\n                    <video muted autoplay loop data-keepplaying playsinline preload=\"auto\" poster=\"https:\/\/www.came.com\/global\/sites\/default\/files\/ls4-landing\/img\/came-ls4-high-visibility.jpg\" id=\"came-ls4-high-visibility\">\n                        <source data-src=\"https:\/\/came-cdn.thron.com\/delivery\/public\/video\/came\/8d3e133f-c4e1-4a25-aefe-f66e433b01e9\/x2ucs8\/WEBHD\/came-ls4-high-visibility-1\" type=\"video\/mp4\" \/>\n                        <source data-src=\"https:\/\/came-cdn.thron.com\/delivery\/public\/video\/came\/7e61cfdc-d1df-4922-8b8c-e0500f9aadf1\/ffrt7y\/WEBHD\/came-ls4-high-visibility\" type=\"video\/webm\" \/>\n                    <\/video>\n                <\/div>\n            <\/div>\n            <div class=\"container\">\n                <div class=\"box-titolo\">\n                    <div class=\"box-titolo-txt\">\n                    \t<h2>LUMI\u00c8RES LED RG HAUTE VISIBILIT\u00c9<br>\n\t\t\t\t\t\t\tAGISSANT COMME FEU DE CIRCULATION<\/h2>\n                        <p>Il r\u00e9gule l&rsquo;acc\u00e8s par une signalisation<br\/> \n\t\t\t\t\t\t\trouge fixe, rouge clignotant ou verte.<\/p>\n                    <\/div>\n                <\/div>\n            <\/div>\n        <\/div>\n\t<\/div>\n    \n\t<!--SECTION 07-->\n\t<div class=\"section\" id=\"section-07\">\n        <!--slide 08-->\n        <div class=\"slide\" id=\"slide-08\">\n            <div class=\"box-img\"><\/div>\n            <div class=\"container\">\n                <div class=\"box-titolo\">\n                    <div class=\"box-titolo-txt\">\n                        <h2>\u00c9QUIP\u00c9 DE LA <span>TECHNOLOGIE CONNECT<\/span><\/h2>\n                        <p class=\"img-sx\">\n                        \t<img decoding=\"async\" alt=\"Logo Came Connect\" src=\"https:\/\/www.came.com\/global\/sites\/default\/files\/ls4-landing\/img\/logo-connect.png\">\n                        \t<span>La barri\u00e8re GARD LS4 peut \u00eatre g\u00e9r\u00e9e \u00e0 distance via PC ou smartphone pour la programmation automatique des \u00e9metteurs, la gestion des clients et des syst\u00e8mes, pour voir l&rsquo;\u00e9tat des appareils et la maintenance programm\u00e9e.<\/span>\n                        <\/p>\n                        <p>Vous pouvez installer et configurer num\u00e9riquement GARD LS4 sur site avec CAME KEY et l&rsquo;application SetUp.<\/p>\n                        <p><a class=\"btn btn-ev\" href=\"https:\/\/www.came.com\/be\/fr\/installateurs\/solutions\/portails\/accessoires-pour-portes\/came-key \">D\u00c9COUVRIR CAME KEY&nbsp;&gt;<\/a><\/p>\n                    <\/div>\n                <\/div>\n            <\/div>\n        <\/div>\n\t<\/div>\n    \n\t<!--SECTION 08-->\n\t<div class=\"section\" id=\"section-08\">\n        <!--slide 09-->\n        <div class=\"slide\" id=\"slide-09\">\n            <div class=\"box-top\">\n                <div class=\"box-top-video\">\n                    <div class=\"video-fs\">\n                        <video muted autoplay loop data-keepplaying playsinline preload=\"auto\" poster=\"https:\/\/www.came.com\/global\/sites\/default\/files\/ls4-landing\/img\/came-ls4-breakaway-security-system.jpg\" id=\"came-ls4-breakaway-security-system\">\n                            <source data-src=\"https:\/\/came-cdn.thron.com\/delivery\/public\/video\/came\/5f2f0cf1-8f38-499b-a463-94fc36c6c056\/iyok85\/WEBHD\/came-ls4-breakaway-security-system\" type=\"video\/mp4\" \/>\n                            <source data-src=\"https:\/\/came-cdn.thron.com\/delivery\/public\/video\/came\/a97e7234-d1f3-4edd-8c87-b329c6911d71\/j9g5fp\/WEBHD\/came-ls4-breakaway-security-system-1\" type=\"video\/webm\" \/>\n                        <\/video>\n                    <\/div>\n                <\/div>\n                <div class=\"container\">\n                    <div class=\"box-top-titolo\">\n                        <div class=\"box-top-titolo-txt\">\n                            <h2><span>SYST\u00c8ME DE<\/span> S\u00c9CURIT\u00c9 D\u00c9CROCHAGE LISSE<\/h2>\n                            <p>En cas d&rsquo;effraction, un solide dispositif en acier permet \u00e0 la lisse de se d\u00e9crocher et de se poser au sol en position de s\u00e9curit\u00e9 pour \u00e9viter des frais de r\u00e9paration et des longs d\u00e9lais d&rsquo;immobilisation.<\/p>\n                        <\/div>\n                    <\/div>\n                <\/div>\n            <\/div>\n            <div class=\"box-bottom\">\n                <div class=\"box-bottom-video\">\n                    <div class=\"video-fs\">\n                        <video muted autoplay loop data-keepplaying playsinline preload=\"auto\" poster=\"https:\/\/www.came.com\/global\/sites\/default\/files\/ls4-landing\/img\/came-ls4-shock-system.jpg\" id=\"came-ls4-shock-system\">\n                            <source data-src=\"https:\/\/came-cdn.thron.com\/delivery\/public\/video\/came\/181a9535-d942-4c59-95a8-a8cdb849f926\/rlfkmr\/WEBHD\/came-ls4-shock-system\" type=\"video\/mp4\" \/>\n                            <source data-src=\"https:\/\/came-cdn.thron.com\/delivery\/public\/video\/came\/d1650422-7359-42e6-aa7e-878b122a0e7b\/j3nmvl\/WEBHD\/came-ls4-shock-system-1\" type=\"video\/webm\" \/>\n                        <\/video>\n                    <\/div>\n                <\/div>\n                <div class=\"container\">\n                    <div class=\"box-bottom-titolo\">\n                        <div class=\"box-bottom-titolo-txt\">\n                            <h2>PROFIL\u00c9 EN CAOUTCHOUC<\/h2>\n                            <p>Avec une d\u00e9tection d&rsquo;obstacle efficace et s\u00fbre<\/p>\n                        <\/div>\n                    <\/div>\n                <\/div>\n            <\/div>\n        <\/div>\n\t<\/div>\n    \n\t<!--SECTION 09-->\n\t<div class=\"section\" id=\"section-09\">\n        <!--slide 10-->\n        <div class=\"slide\" id=\"slide-10\">\n            <div class=\"box-img\"><\/div>\n            <div class=\"container\">\n                <div class=\"box-titolo\">\n                    <div class=\"box-titolo-txt\">\n                        <h3>\u00c9quip\u00e9e d&rsquo;une plaque interm\u00e9diaire sp\u00e9ciale,<\/h3>\n                        <p>GARD LS4 permet \u00e0 l&rsquo;installateur d&rsquo;inverser facilement le sens d&rsquo;ouverture, m\u00eame si la barri\u00e8re est d\u00e9j\u00e0 install\u00e9e, sans devoir d\u00e9monter les diff\u00e9rents \u00e9l\u00e9ments. <\/p>\n                        <p>Mise en marche en 3 passages seulement\u00a0!<\/p>\n                        <ol>\n                        \t<li>Choisir le sens d&rsquo;ouverture<\/li>\n                            <li>Choisir la longueur du bras<\/li>\n                            <li>Faire le premier \u00e9quilibrage<\/li>\n                        <\/ol>\n                    <\/div>\n                <\/div>\n            <\/div>\n        <\/div>\n\t<\/div>\n    \n\t<!--SECTION 10-->\n\t<div class=\"section\" id=\"section-10\">\n        <!--slide 11-->\n        <div class=\"slide\" id=\"slide-11\">\n            <div class=\"box-top\"><\/div>\n            <div class=\"container\">\n                <div class=\"box-titolo\">\n                    <div class=\"box-titolo-txt\">\n                        <p>Gr\u00e2ce au protocole Modbus ouvert, GARD LS4 prend en charge la communication vers et depuis plusieurs appareils connect\u00e9s au m\u00eame r\u00e9seau, ainsi que les syst\u00e8mes de contr\u00f4le d&rsquo;acc\u00e8s ou de parking.<\/p>\n                        <p><a class=\"btn btn-inv\" href=\"https:\/\/www.came.com\/be\/fr\/came-connect\">SAVOIR PLUS SUR CAME CONNECT&nbsp;&gt;<\/a><\/p>\n                    <\/div>\n                <\/div>\n            <\/div>\n        <\/div>\n\t<\/div>\n    \n\t<!--SECTION 11-->\n\t<div class=\"section\" id=\"section-11\">\n        <!--slide 12-->\n        <div class=\"slide\" id=\"slide-12\">\n            <div class=\"box-top\">\n            \t<img decoding=\"async\" id=\"klt-frame-1\" src=\"https:\/\/www.came.com\/global\/sites\/default\/files\/ls4-landing\/img\/came-ls4-flashing-light-1.jpg\" alt=\"KLT Flashing light\">\n            \t<img decoding=\"async\" id=\"klt-frame-2\" src=\"https:\/\/www.came.com\/global\/sites\/default\/files\/ls4-landing\/img\/came-ls4-flashing-light-2.jpg\" alt=\"KLT Flashing light\">\n            \t<img decoding=\"async\" id=\"klt-frame-3\" src=\"https:\/\/www.came.com\/global\/sites\/default\/files\/ls4-landing\/img\/came-ls4-flashing-light-3.jpg\" alt=\"KLT Flashing light\">\n            <\/div>\n            <div class=\"container\">\n                <div class=\"box-titolo\">\n                    <div class=\"box-titolo-txt\">\n                        <h2><span>LAMPE CLIGNOTANTE<\/span><br>\n                        KLT<\/h2>\n                        <p>Le nouveau feu clignotant KLT a \u00e9t\u00e9 mis au point comme dispositif de s\u00e9curit\u00e9 id\u00e9al pour la barri\u00e8re GARD LS4.<br>\n\t\t\t\t\t\t\tSa finesse \u00e9pouse parfaitement les formes du couvercle sup\u00e9rieur de la barri\u00e8re. Avec les strips LED sur la lisse, KLT devient la solution parfaite pour toutes les applications exigeant la gestion des acc\u00e8s via la fonction de feu.<br\/> \n\t\t\t\t\t\t\tIl est \u00e9galement possible d&rsquo;utiliser KLT comme clignotant standard unicolore.<\/p>\n                    <\/div>\n                <\/div>\n            <\/div>\n        <\/div>\n    <\/div>\n    \n\t<!--SECTION FOOTER-->\n\t<div class=\"section\" id=\"section-footer\">\n        <!--slide footer-->\n        <div class=\"slide\" id=\"slide-footer\">\n            <div class=\"box-bg\">\n            \t<div class=\"box-bg-txt bg-color\">\n                \t<h2><span>CAME<\/span> LS4<\/h2>\n                    <p><a class=\"btn btn-ev\" href=\"https:\/\/came-share.thron.com\/page?id=f45ecda4-d2dd-4009-b006-6f251d5d5c3f \">Consultez la fiche produit&nbsp;&gt;<\/a><\/p>\n                    <p><a class=\"btn btn-ev\" href=\"https:\/\/www.came.com\/be\/fr\/contactez-nous\">CONTACTEZ-NOUS POUR PLUS D&rsquo;INFO&nbsp;&gt;<\/a><\/p>\n                <\/div>\n            <\/div>\n        <\/div>\n    <\/div>\n    \n<\/div>\n\n<div id=\"landscape-alert\" style=\"display:none;\"><\/div>\n<script src=\"https:\/\/code.jquery.com\/jquery-3.7.1.min.js\" integrity=\"sha256-\/JqT3SQfawRcv\/BIHPThkBvs0OEvtFFmqPF\/lYI\/Cxo=\" crossorigin=\"anonymous\"><\/script>\n\n<script type=\"text\/javascript\" src=\"https:\/\/www.came.com\/global\/sites\/default\/files\/ls4-landing\/js\/scrolloverflow.min.js\"><\/script>\n<script type=\"text\/javascript\" src=\"https:\/\/www.came.com\/global\/sites\/default\/files\/ls4-landing\/js\/fullpage.min.js\" defer><\/script>\n<script type=\"text\/javascript\" src=\"https:\/\/www.came.com\/global\/sites\/default\/files\/ls4-landing\/js\/custom.js\" defer><\/script>\n<\/div>\n","protected":false},"excerpt":{"rendered":"<p>GARD LS4 LES PERFORMANCES RENCONTRENT LE DESIGN MCBF 1.500.000 CYCLES USAGE INTENSIF 300 CYCLES\/HEURE POUR PASSAGES JUSQU&rsquo;\u00c0 3,8 METRES FIABLE: moteur avec encoder et advanced speed control RAPIDE ET EFFICACE: avec vitesse de 2 \u00e0 4 secondes \u00c9LECTRONIQUE AVANC\u00c9E:avec techologie CONNECT et protocole MODBUS LISSE \u00c9L\u00c9GANTE: avec possibilit\u00e9 des strips LED R\/G et profil\u00e9 en [&hellip;]<\/p>\n","protected":false},"author":5,"featured_media":0,"parent":0,"menu_order":0,"comment_status":"closed","ping_status":"closed","template":"page_template-landing-fullscreen.php","meta":{"elastic_search":"","powered_cache_disable_cache":false,"footnotes":""},"_links":{"self":[{"href":"https:\/\/www.came.com\/be\/fr\/wp-json\/wp\/v2\/pages\/13563"}],"collection":[{"href":"https:\/\/www.came.com\/be\/fr\/wp-json\/wp\/v2\/pages"}],"about":[{"href":"https:\/\/www.came.com\/be\/fr\/wp-json\/wp\/v2\/types\/page"}],"author":[{"embeddable":true,"href":"https:\/\/www.came.com\/be\/fr\/wp-json\/wp\/v2\/users\/5"}],"replies":[{"embeddable":true,"href":"https:\/\/www.came.com\/be\/fr\/wp-json\/wp\/v2\/comments?post=13563"}],"version-history":[{"count":1,"href":"https:\/\/www.came.com\/be\/fr\/wp-json\/wp\/v2\/pages\/13563\/revisions"}],"predecessor-version":[{"id":13564,"href":"https:\/\/www.came.com\/be\/fr\/wp-json\/wp\/v2\/pages\/13563\/revisions\/13564"}],"wp:attachment":[{"href":"https:\/\/www.came.com\/be\/fr\/wp-json\/wp\/v2\/media?parent=13563"}],"curies":[{"name":"wp","href":"https:\/\/api.w.org\/{rel}","templated":true}]}}