{"id":13558,"date":"2025-09-30T15:41:53","date_gmt":"2025-09-30T13:41:53","guid":{"rendered":"https:\/\/www.came.com\/be\/?page_id=13558"},"modified":"2025-09-30T16:12:23","modified_gmt":"2025-09-30T14:12:23","slug":"mtm-connect-landing","status":"publish","type":"page","link":"https:\/\/www.came.com\/be\/fr\/mtm-connect-landing\/","title":{"rendered":"MTM Connect Landing"},"content":{"rendered":"\n<div class=\"wp-block-group alignfull is-layout-flow wp-block-group-is-layout-flow\">\n<link rel=\"stylesheet\" type=\"text\/css\"\n  href=\"https:\/\/www.came.com\/global\/sites\/default\/files\/mtm-connect-landing\/css\/fullpage.min.css\" \/>\n<link rel=\"stylesheet\" type=\"text\/css\"\n  href=\"https:\/\/www.came.com\/global\/sites\/default\/files\/mtm-connect-landing\/css\/custom.css\" \/>\n<style>\n#fullpage {\n  margin-block-start: 0 !important;\n}\n  .section {\n    margin: 0;\n    padding: 0;\n  }\n\n  .main-header {\n    position: absolute;\n    width: 100vw;\n    background: transparent;\n    border: none;\n    z-index: 9;\n    transition: opacity 0.3s ease-in-out;\n  }\n\n  .main-header.hidden-header {\n    opacity: 0;\n    z-index: -1;\n  }\n\n  .main-header>.top {\n    display: none;\n  }\n\n  .main-header>.bottom {\n    margin: 0;\n    background: #fff;\n  }\n\n  #fp-nav.fp-left {\n    position: absolute;\n    bottom: 2.5vh;\n  }\n\n  #fp-nav ul {\n    position: absolute;\n    bottom: 0;\n  }\n\n  #fp-nav ul li a span,\n  .fp-slidesNav ul li a span {\n    background: #009fe3;\n    border: 0.5px solid white;\n  }\n\n  #fp-nav.fp-left {\n    left: 0;\n  }\n\n  @media only screen and (orientation: landscape) and (min-width: 992px) {\n    #fp-nav.fp-left {\n      left: 17px;\n    }\n  }\n<\/style>\n<div id=\"fullpage\">\n  <!--SECTION 01-->\n  <div class=\"section\" id=\"section-01\">\n    <!--slide 01-->\n    <div class=\"slide\" id=\"slide-01\">\n      <div class=\"box-top\"><\/div>\n      <div class=\"container\">\n        <div class=\"box-titolo\">\n          <div class=\"box-titolo-txt\">\n            <h1>MTM CONNECT<\/h1>\n            <h2>TOUJOURS CONNECT\u00c9 <br>\u00c0 VOTRE MAISON<\/h2>\n          <\/div>\n        <\/div>\n      <\/div>\n    <\/div>\n  <\/div>\n  <!--SECTION 02-->\n  <div class=\"section\" id=\"section-02\">\n    <!--slide 02-->\n    <div class=\"slide\" id=\"slide-02\">\n      <div class=\"box-top\"><\/div>\n      <div class=\"container\">\n        <div class=\"box-titolo\">\n          <div class=\"box-titolo-txt\">\n            <h2>SANS C\u00c2BLAGE<br> SANS POSTE INT\u00c9RIEUR<\/h2>\n            <p class=\"big\">Gr\u00e2ce au MTM CONNECT, vous pouvez r\u00e9pondre \u00e0 un appel et ouvrir le portail et la porte directement depuis votre\n            smartphone.<\/p>\n            <p class=\"big\"><strong>En tout temps et en tout lieu !<\/strong><br> Le MTM CONNECT utilise une carte SIM bas\u00e9e sur la technologie 4G LTE pour une connexion sans fil aux services mobiles et aux donn\u00e9es.<\/p>\n            <p><span class=\"btn btn-inv-ev\" id=\"next-slide-01\">S\u00c9CURIS\u00c9 ET CRYPT\u00c9. D\u00c9COUVREZ POURQUOI.<\/span>\n            <\/p>\n          <\/div>\n        <\/div>\n      <\/div>\n    <\/div>\n    <!--slide 03-->\n    <div class=\"slide\" id=\"slide-03\">\n      <div class=\"box-top\"><\/div>\n      <div class=\"container\">\n        <div class=\"box-titolo\">\n          <div class=\"box-titolo-txt\">\n            <p class=\"big\">Les donn\u00e9es stock\u00e9es dans le poste ext\u00e9rieur, y compris les num\u00e9ros de t\u00e9l\u00e9phone et la configuration, sont prot\u00e9g\u00e9s par\n            un syst\u00e8me avanc\u00e9 de cryptage et de consentement de l&rsquo;utilisateur.<br> Ainsi, vos donn\u00e9es sont prot\u00e9g\u00e9es contre tout vol : il sera impossible d\u2019y acc\u00e9der, de les modifier, de les copier ou de les partager sans autorisation explicite.<\/p>\n          <\/div>\n        <\/div>\n        <div class=\"box-img\">\n          <img decoding=\"async\"\n            src=\"https:\/\/www.came.com\/global\/sites\/default\/files\/mtm-connect-landing\/img\/came-mtm-sicurezza-esterno.png\"\n            alt=\"CAME MTM CONNECT esterno\" \/>\n        <\/div>\n      <\/div>\n    <\/div>\n  <\/div>\n  <!--SECTION 04-->\n  <div class=\"section\" id=\"section-04\">\n    <!--slide 6-->\n    <div class=\"slide\" id=\"slide-06\">\n      <div class=\"box-top\"><\/div>\n      <div class=\"container\">\n        <div class=\"box-titolo\">\n          <div class=\"box-titolo-txt\">\n            <h2>LE POSTE INT\u00c9RIEUR EST VOTRE T\u00c9L\u00c9PHONE<\/h2>\n            <p>Avec MTM CONNECT, il n&rsquo;est pas n\u00e9cessaire d&rsquo;installer des applications, de cr\u00e9er des comptes ou d&rsquo;effectuer des\n            proc\u00e9dures de configuration suppl\u00e9mentaires.\n            Vous recevez un appel sur votre num\u00e9ro de t\u00e9l\u00e9phone \u00e0 chaque fois que quelqu&rsquo;un sonne \u00e0 votre porte ou \u00e0 votre portail.<\/p>\n            <p>Ainsi, vous pouvez parler directement \u00e0 vos invit\u00e9s et utiliser votre t\u00e9l\u00e9phone comme t\u00e9l\u00e9commande pour ouvrir les\n            portes et les portails et contr\u00f4ler les automatisations, simplement en saisissant le code directement sur le clavier de\n            votre t\u00e9l\u00e9phone.<\/p>\n          <\/div>\n        <\/div>\n      <\/div>\n    <\/div>\n  <\/div>\n  <!--SECTION 05-->\n  <div class=\"section\" id=\"section-05\">\n    <!--slide 7-->\n    <div class=\"slide\" id=\"slide-07\">\n      <div class=\"box-top\"><\/div>\n      <div class=\"container\">\n        <div class=\"box-titolo\">\n          <div class=\"box-titolo-txt\">\n            <h2>AUSSI SIMPLE QUE DE R\u00c9PONDRE \u00c0 UN APPEL<\/h2>\n            <p>MTM CONNECT peut appeler jusqu&rsquo;\u00e0 5 num\u00e9ros de t\u00e9l\u00e9phone \u00e0 la suite. Ainsi, lorsque quelqu&rsquo;un sonne au poste externe mais que vous n&rsquo;\u00eates pas disponible, l&rsquo;appel est transf\u00e9r\u00e9 \u00e0\n            l&rsquo;utilisateur suivant.<\/p>\n            <p>MTM CONNECT peut g\u00e9rer jusqu&rsquo;\u00e0 3 000 num\u00e9ros de t\u00e9l\u00e9phone. C&rsquo;est donc la solution id\u00e9ale pour les petits environnements r\u00e9sidentiels, mais aussi pour les grands complexes.<\/p>\n          <\/div>\n        <\/div>\n      <\/div>\n    <\/div>\n  <\/div>\n  <!--SECTION 06-->\n  <div class=\"section\" id=\"section-06\">\n    <!--slide 8-->\n    <div class=\"slide\" id=\"slide-08\">\n      <div class=\"box-top\"><\/div>\n      <div class=\"container\">\n        <div class=\"box-titolo\">\n          <div class=\"box-titolo-txt\">\n            <h2>MTM CONNECT POUR LA GESTION DES AUTOMATISATIONS<\/h2>\n            <p>MTM CONNECT utilise les fonctions t\u00e9l\u00e9phoniques existantes de n&rsquo;importe quel smartphone pour contr\u00f4ler le poste\n            ext\u00e9rieur, les portails, les portes connect\u00e9es et d&rsquo;autres syst\u00e8mes.<\/p>\n            <p>La double sortie du dispositif permet de contr\u00f4ler plusieurs syst\u00e8mes marche\/arr\u00eat et jusqu&rsquo;\u00e0 2 automatisations CAME\n            gr\u00e2ce \u00e0 l&rsquo;int\u00e9gration du protocole brevet\u00e9 CRP.<\/p>\n          <\/div>\n        <\/div>\n      <\/div>\n    <\/div>\n  <\/div>\n  <!--SECTION 03-->\n  <div class=\"section\" id=\"section-03\">\n    <!--slide 4-->\n    <div class=\"slide\" id=\"slide-04\">\n      <div class=\"container\">\n        <div class=\"box-titolo\">\n          <div class=\"box-titolo-txt\">\n            <h2>INSTALLATION FACILE<\/h2>\n            <p class=\"big mb\">Une alimentation de 24 V suffit, m\u00eame celle de l&rsquo;automatisation \u00e0 contr\u00f4ler.<\/p>\n            <h2>CONFIGURATION FACILE<\/h2>\n            <p class=\"big\">: Gr\u00e2ce \u00e0 l&rsquo;interface sans fil CAME KEY et \u00e0 la technologie CONNECT, la configuration ne prend que quelques minutes et,\n            gr\u00e2ce \u00e0 la fonctionnalit\u00e9 \u00e0 distance, les param\u00e8tres peuvent \u00eatre ajust\u00e9s \u00e0 tout moment via l&rsquo;application CONNECT SetUp.<\/p>\n            <p><span class=\"btn btn-inv-ev\" id=\"next-slide-02\">D\u00c9COUVRIR PLUS<\/span><\/p>\n          <\/div>\n        <\/div>\n        <div class=\"box-img-cont\">\n          <div class=\"box-img box-img-bg-l\"\n            style=\"background-image:url(https:\/\/www.came.com\/global\/sites\/default\/files\/mtm-connect-landing\/img\/came-mtm-front-bg-l.png);\">\n          <\/div>\n          <div class=\"box-img box-img-txt-l\"\n            style=\"background-image:url(https:\/\/www.came.com\/global\/sites\/default\/files\/mtm-connect-landing\/img\/schema_1000x1000_FR.png);\">\n          <\/div>\n          <div class=\"box-img box-img-bg-p\"\n            style=\"background-image:url(https:\/\/www.came.com\/global\/sites\/default\/files\/mtm-connect-landing\/img\/came-mtm-front-bg-p.png);\">\n          <\/div>\n          <div class=\"box-img box-img-txt-p\"\n            style=\"background-image:url(https:\/\/www.came.com\/global\/sites\/default\/files\/mtm-connect-landing\/img\/schema_1000x1000_FR.png-mobile.png);\">\n          <\/div>\n        <\/div>\n      <\/div>\n    <\/div>\n    <!--slide 05-->\n    <div class=\"slide\" id=\"slide-05\">\n      <div class=\"box-top\"><\/div>\n      <div class=\"container\">\n        <div class=\"box-titolo\">\n          <div class=\"box-titolo-txt\">\n            <h2>CONFIGURATION VIA SMARTPHONE<\/h2>\n            <p>MTM CONNECT est \u00e9quip\u00e9 d&rsquo;un connecteur CAME KEY, l&rsquo;interface wifi qui permet la configuration initiale via un\n            smartphone, et est connect\u00e9 au CAME Cloud pour la gestion \u00e0 distance de l&rsquo;installation via l&rsquo;application et le portail\n            web CONNECT.<\/p>\n            <ul>\n              <li>Param\u00e9trage <\/li>\n              <li>S\u00e9lection et gestion des modules MTM<\/li>\n              <li>Gestion des num\u00e9ros de t\u00e9l\u00e9phone<\/li>\n              <li>Gestion des num\u00e9ros d&rsquo;appel, des cartes et des codes d&rsquo;acc\u00e8s<\/li>\n              <li>Mise \u00e0 jour du firmware<\/li>\n              <li>Suivi de l&rsquo;\u00e9tat de la connexion<\/li>\n              <li>Gestion des badges\/tags RFID<\/li>\n            <\/ul>\n          <\/div>\n        <\/div>\n      <\/div>\n    <\/div>\n  <\/div>\n  <!--SECTION 07-->\n  <div class=\"section\" id=\"section-07\">\n    <!--slide 9-->\n    <div class=\"slide\" id=\"slide-09\">\n      <div class=\"box-top\"><\/div>\n      <div class=\"container\">\n        <div class=\"box-titolo\">\n          <div class=\"box-titolo-txt\">\n            <h2>SYST\u00c8ME MODULAIRE MTM<\/h2>\n            <p>MTM CONNECT n&rsquo;est pas seulement disponible sous forme de kit pratique, mais peut \u00e9galement \u00eatre utilis\u00e9 comme \u00e9l\u00e9ment du\n            syst\u00e8me modulaire MTM.<\/p>\n            <p>Dans ce cas, le module MTM CONNECT devient le gateway pour la gestion du poste ext\u00e9rieur MTM dans son ensemble et\n            fournit des facilit\u00e9s de connexion pour le contr\u00f4le \u00e0 distance de tous les autres modules du m\u00eame syst\u00e8me.<\/p>\n            <p><a href=\"https:\/\/www.came.com\/global\/en\/installers\/solutions\/mtm\" target=\"_blank\" class=\"btn btn-inv\" rel=\"noopener\">D\u00c9COUVREZ LE SYST\u00c8ME MODULAIRE MTM<\/a><\/p>\n            <p>\n              <img decoding=\"async\" id=\"img-modulare\"\n                src=\"https:\/\/www.came.com\/global\/sites\/default\/files\/mtm-connect-landing\/img\/came-mtm-ricevitore-modulare.jpg\"\n                alt=\"CAME MTM CONNECT modulare\" \/>\n              <img decoding=\"async\" id=\"img-gateway\"\n                src=\"https:\/\/www.came.com\/global\/sites\/default\/files\/mtm-connect-landing\/img\/came-mtm-ricevitore-gateway.jpg\"\n                alt=\"CAME MTM CONNECT gateway\" \/>\n            <\/p>\n          <\/div>\n        <\/div>\n      <\/div>\n    <\/div>\n  <\/div>\n  <!--SECTION FOOTER-->\n  <div class=\"section\" id=\"section-footer\">\n    <!--slide footer-->\n    <div class=\"slide\" id=\"slide-footer\">\n      <div class=\"box-bg\">\n        <div class=\"box-bg-txt bg-color\">\n          <h2>D\u00c9COUVRIR PLUS<\/h2>\n          <p><a class=\"btn btn-ev\" href=\"https:\/\/came-share.thron.com\/page?id=82ac3c18-5a41-4ecd-951b-8c413c6d7693#\/contents\">T\u00c9L\u00c9CHARGER LA FICHE PRODUIT<\/a>\n          <\/p>\n        <\/div>\n      <\/div>\n    <\/div>\n  <\/div>\n<\/div>\n<div id=\"landscape-alert\" style=\"display:none;\"><\/div>\n<script src=\"https:\/\/code.jquery.com\/jquery-3.7.1.min.js\" integrity=\"sha256-\/JqT3SQfawRcv\/BIHPThkBvs0OEvtFFmqPF\/lYI\/Cxo=\" crossorigin=\"anonymous\"><\/script>\n\n<script type=\"text\/javascript\"\n  src=\"https:\/\/www.came.com\/global\/sites\/default\/files\/mtm-connect-landing\/js\/scrolloverflow.min.js\"><\/script>\n<script type=\"text\/javascript\"\n  src=\"https:\/\/www.came.com\/global\/sites\/default\/files\/mtm-connect-landing\/js\/fullpage.min.js\" defer><\/script>\n<script type=\"text\/javascript\" src=\"https:\/\/www.came.com\/global\/sites\/default\/files\/mtm-connect-landing\/js\/custom.js\"\n  defer><\/script>\n<\/div>\n","protected":false},"excerpt":{"rendered":"<p>MTM CONNECT TOUJOURS CONNECT\u00c9 \u00c0 VOTRE MAISON SANS C\u00c2BLAGE SANS POSTE INT\u00c9RIEUR Gr\u00e2ce au MTM CONNECT, vous pouvez r\u00e9pondre \u00e0 un appel et ouvrir le portail et la porte directement depuis votre smartphone. En tout temps et en tout lieu ! Le MTM CONNECT utilise une carte SIM bas\u00e9e sur la technologie 4G LTE pour [&hellip;]<\/p>\n","protected":false},"author":5,"featured_media":0,"parent":0,"menu_order":0,"comment_status":"closed","ping_status":"closed","template":"page_template-landing-fullscreen.php","meta":{"elastic_search":"","powered_cache_disable_cache":false,"footnotes":""},"_links":{"self":[{"href":"https:\/\/www.came.com\/be\/fr\/wp-json\/wp\/v2\/pages\/13558"}],"collection":[{"href":"https:\/\/www.came.com\/be\/fr\/wp-json\/wp\/v2\/pages"}],"about":[{"href":"https:\/\/www.came.com\/be\/fr\/wp-json\/wp\/v2\/types\/page"}],"author":[{"embeddable":true,"href":"https:\/\/www.came.com\/be\/fr\/wp-json\/wp\/v2\/users\/5"}],"replies":[{"embeddable":true,"href":"https:\/\/www.came.com\/be\/fr\/wp-json\/wp\/v2\/comments?post=13558"}],"version-history":[{"count":1,"href":"https:\/\/www.came.com\/be\/fr\/wp-json\/wp\/v2\/pages\/13558\/revisions"}],"predecessor-version":[{"id":13559,"href":"https:\/\/www.came.com\/be\/fr\/wp-json\/wp\/v2\/pages\/13558\/revisions\/13559"}],"wp:attachment":[{"href":"https:\/\/www.came.com\/be\/fr\/wp-json\/wp\/v2\/media?parent=13558"}],"curies":[{"name":"wp","href":"https:\/\/api.w.org\/{rel}","templated":true}]}}