{"id":12796,"date":"2025-09-30T08:38:58","date_gmt":"2025-09-30T06:38:58","guid":{"rendered":"https:\/\/www.came.com\/be\/?page_id=12796"},"modified":"2025-09-30T10:08:36","modified_gmt":"2025-09-30T08:08:36","slug":"rejoinez-notre-equipe","status":"publish","type":"page","link":"https:\/\/www.came.com\/be\/fr\/rejoinez-notre-equipe\/","title":{"rendered":"Rejoinez notre \u00e8quipe"},"content":{"rendered":"\n<div class=\"wp-block-cover alignfull\"><span aria-hidden=\"true\" class=\"wp-block-cover__background has-background-dim-0 has-background-dim\"><\/span><img decoding=\"async\" class=\"wp-block-cover__image-background wp-image-10979\" alt=\"Rejoignez-nous CAME\" src=\"https:\/\/www.came.com\/global\/wp-content\/uploads\/2024\/11\/join-us_3038x1076-scaled.jpg\" data-object-fit=\"cover\"\/><div class=\"wp-block-cover__inner-container is-layout-flow wp-block-cover-is-layout-flow\">\n<div class=\"wp-block-group has-global-padding is-layout-constrained wp-block-group-is-layout-constrained\">\n<h4 class=\"wp-block-heading has-text-align-center has-white-color has-text-color has-link-color has-came-font-font-family wp-elements-de375a4f0fdee38311e715329af58bee\"><strong>BIJ ONS WERKEN<\/strong><\/h4>\n\n\n\n<h1 class=\"wp-block-heading has-text-align-center\">Sluit je bij ons aan<\/h1>\n<\/div>\n<\/div><\/div>\n\n\n\n<div class=\"wp-block-group alignwide came-box-content-style-1 has-came-light-grey-background-color has-background is-layout-flow wp-block-group-is-layout-flow\" style=\"padding-top:var(--wp--preset--spacing--70);padding-bottom:var(--wp--preset--spacing--70)\">\n<div class=\"wp-block-group alignwide came-group-desc is-layout-flow wp-block-group-is-layout-flow\" style=\"padding-top:var(--wp--preset--spacing--80);padding-bottom:var(--wp--preset--spacing--80)\">\n<h4 class=\"wp-block-heading has-came-cyan-color has-text-color has-link-color has-came-font-font-family wp-elements-49695bfe82a99c1382cb522025fd9d93\"><strong><strong>DE MENS: ONZE MEEST WAARDEVOLLE BRON<\/strong><\/strong><\/h4>\n\n\n\n<p class=\"has-medium-font-size\">Bij CAME erkennen we dat mensen onze waardevolste troef zijn. Zij staan centraal in het behalen van onze doelstellingen en spelen een doorslaggevende rol in een sector waar veiligheid, klanttevredenheid en kwaliteit van het grootste belang zijn.<\/p>\n\n\n\n<p class=\"has-medium-font-size\">Het cre\u00ebren van hoogtechnologische producten vereist motivatie en voortdurende groei van medewerkers. Daarom investeren we bij CAME aanzienlijk in opleiding en professionele ontwikkeling, waarbij we hun vaardigheden en expertise versterken en de mogelijkheid garanderen om hoge prestatienormen te blijven waarborgen.<\/p>\n<\/div>\n<\/div>\n\n\n\n<div class=\"wp-block-group alignwide came-box-content-style-2 is-layout-flow wp-block-group-is-layout-flow\" id=\"multiculture\" style=\"padding-top:var(--wp--preset--spacing--70);padding-bottom:var(--wp--preset--spacing--70)\">\n<h2 class=\"wp-block-heading title-with-line\">Veel culturen, \u00e9\u00e9n bestemming<\/h2>\n\n\n\n<div class=\"wp-block-columns are-vertically-aligned-top is-layout-flex wp-container-core-columns-is-layout-1 wp-block-columns-is-layout-flex\" style=\"margin-bottom:var(--wp--preset--spacing--70)\">\n<div class=\"wp-block-column is-vertically-aligned-top is-layout-flow wp-block-column-is-layout-flow\">\n<p class=\"has-medium-font-size\">Met meer dan 2.500 medewerkers wereldwijd is ons diverse team de drijvende kracht achter een sterke groei op verschillende markten. Het hoofdkantoor in Treviso vormt het hart van onze groep, het centrum voor ontwerp en engineering en het knooppunt van onze technische activiteiten.<br>Daarnaast zijn onze productiefaciliteiten en commerci\u00eble dochterondernemingen strategisch gevestigd in Europa, het Midden-Oosten, Amerika en Azi\u00eb, wat zorgt voor een wereldwijde reikwijdte en een lokale aanwezigheid.<\/p>\n<\/div>\n\n\n\n<div class=\"wp-block-column is-vertically-aligned-top is-layout-flow wp-block-column-is-layout-flow\">\n<figure class=\"wp-block-image size-full\"><img decoding=\"async\" src=\"https:\/\/www.came.com\/global\/wp-content\/uploads\/2024\/11\/join-us_1.jpg\" alt=\"TRAVAILLER DANS NOTRE ENTREPRISE CAME\" class=\"wp-image-10973\"\/><\/figure>\n<\/div>\n<\/div>\n<\/div>\n\n\n\n<div class=\"wp-block-group alignwide came-box-content-style-2 is-layout-flow wp-block-group-is-layout-flow\" id=\"investing\" style=\"padding-top:var(--wp--preset--spacing--70);padding-bottom:var(--wp--preset--spacing--70)\">\n<h2 class=\"wp-block-heading title-with-line\">Wij investeren in onze mensen<\/h2>\n\n\n\n<div class=\"wp-block-columns is-layout-flex wp-container-core-columns-is-layout-2 wp-block-columns-is-layout-flex\" style=\"margin-bottom:var(--wp--preset--spacing--70)\">\n<div class=\"wp-block-column is-layout-flow wp-block-column-is-layout-flow\">\n<figure class=\"wp-block-image size-full\"><img decoding=\"async\" src=\"https:\/\/www.came.com\/global\/wp-content\/uploads\/2024\/11\/join-us_2.jpg\" alt=\"\" class=\"wp-image-10975\"\/><\/figure>\n<\/div>\n\n\n\n<div class=\"wp-block-column is-layout-flow wp-block-column-is-layout-flow\">\n<p class=\"has-medium-font-size\">Wij zetten ons sterk in om het welzijn van onze medewerkers centraal te stellen en de enorme waarde van menselijk kapitaal te erkennen. Ons doel is het cre\u00ebren van een ondersteunende en motiverende werkomgeving die teamwerk,samenwerking en het vervullen van de behoeften van onze werknemers bevordert.<\/p>\n\n\n\n<p class=\"has-medium-font-size\">Met die toewijding ontwikkelen we maatwerkopleidingen, strategie\u00ebn voor organisatorische verbetering en ge\u00efntegreerde welzijnsinitiatieven. Deze inzet weerspiegelt onze duidelijke wil om de levenskwaliteit van onze medewerkers te verbeteren en een duurzame groei binnen onze gemeenschap te stimuleren. Door voortdurend op zoek te gaan naar innovatieve oplossingen, streven wij ernaar een omgeving te cre\u00ebren waarin mensen en teams kunnen groeien en het beste van zichzelf kunnen geven.<\/p>\n<\/div>\n<\/div>\n<\/div>\n\n\n\n<div class=\"wp-block-group alignwide came-box-content-style-2 is-layout-flow wp-block-group-is-layout-flow\" id=\"global\" style=\"padding-top:var(--wp--preset--spacing--70);padding-bottom:var(--wp--preset--spacing--70)\">\n<h2 class=\"wp-block-heading title-with-line\">Een wereldwijd netwerk, verbonden door innovatie<\/h2>\n\n\n\n<div class=\"wp-block-columns are-vertically-aligned-top is-layout-flex wp-container-core-columns-is-layout-3 wp-block-columns-is-layout-flex\" style=\"margin-bottom:var(--wp--preset--spacing--70)\">\n<div class=\"wp-block-column is-vertically-aligned-top is-layout-flow wp-block-column-is-layout-flow\">\n<p class=\"has-medium-font-size\">Wij zijn een wereldwijd netwerk. Vanuit ons hoofdkantoor in Treviso beheren wij 10 productiefabrieken en 4 onderzoeks- en ontwikkelingscentra. We beschikken over meer dan 25 filialen en 40 magazijnen wereldwijd. Dankzij onze handelspartners en distributeurs zijn we actief in meer dan 110 landen, met een ge\u00efntegreerde en globale visie. Onze groep deelt gemeenschappelijke doelstellingen die verder gaan dan enkel technische vaardigheden. Door de synergie\u00ebn tussen al onze divisies en merken hanteren wij een uniforme operationele aanpak die onze diversiteit verrijkt.<\/p>\n<\/div>\n\n\n\n<div class=\"wp-block-column is-vertically-aligned-top is-layout-flow wp-block-column-is-layout-flow\">\n<figure class=\"wp-block-image size-full\"><img decoding=\"async\" src=\"https:\/\/www.came.com\/global\/wp-content\/uploads\/2024\/11\/join-us_3.jpg\" alt=\"\" class=\"wp-image-10977\"\/><\/figure>\n<\/div>\n<\/div>\n<\/div>\n\n\n\n<h2 class=\"wp-block-heading has-text-align-center\">Envoyez votre candidature<\/h2>\n\n\n\n<div class=\"forminator-guttenberg\"><div class=\"forminator-ui forminator-custom-form forminator-custom-form-9493 forminator-design--default  forminator_ajax\" data-forminator-render=\"0\" data-form=\"forminator-module-9493\" data-uid=\"69dd1a0e4d677\"><br\/><\/div><form\n\t\t\t\tid=\"forminator-module-9493\"\n\t\t\t\tclass=\"forminator-ui forminator-custom-form forminator-custom-form-9493 forminator-design--default  forminator_ajax\"\n\t\t\t\tmethod=\"post\"\n\t\t\t\tdata-forminator-render=\"0\"\n\t\t\t\tdata-form-id=\"9493\"\n\t\t\t\t\n\t\t\t\tdata-design=\"default\"\n\t\t\t\t\n\t\t\t\t\n\t\t\t\t\n\t\t\t\tdata-grid=\"open\"\n\t\t\t\tenctype=\"multipart\/form-data\"\n\t\t\t\t\n\t\t\t\tstyle=\"display: none;\"\n\t\t\t\t\n\t\t\t\tdata-uid=\"69dd1a0e4d677\"\n\t\t\t><div role=\"alert\" aria-live=\"polite\" class=\"forminator-response-message forminator-error\" aria-hidden=\"true\"><\/div><div class=\"forminator-row\"><div id=\"name-1\" class=\"forminator-field-name forminator-col forminator-col-12 \"><div class=\"forminator-field\"><label for=\"forminator-field-name-1_69dd1a0e4d677\" id=\"forminator-field-name-1_69dd1a0e4d677-label\" class=\"forminator-label\">Nom <span class=\"forminator-required\">*<\/span><\/label><input type=\"text\" name=\"name-1\" value=\"\" placeholder=\"E.g. John Doe\" id=\"forminator-field-name-1_69dd1a0e4d677\" class=\"forminator-input forminator-name--field\" aria-required=\"true\" \/><\/div><\/div><\/div><div class=\"forminator-row\"><div id=\"phone-1\" class=\"forminator-field-phone forminator-col forminator-col-6 \"><div class=\"forminator-field\"><label for=\"forminator-field-phone-1_69dd1a0e4d677\" id=\"forminator-field-phone-1_69dd1a0e4d677-label\" class=\"forminator-label\">T\u00e9l\u00e9phone <span class=\"forminator-required\">*<\/span><\/label><input type=\"text\" name=\"phone-1\" value=\"\" placeholder=\"E.g. +1 300 400 5000\" id=\"forminator-field-phone-1_69dd1a0e4d677\" class=\"forminator-input forminator-field--phone\" data-required=\"1\" aria-required=\"true\" autocomplete=\"off\" \/><\/div><\/div><div id=\"email-1\" class=\"forminator-field-email forminator-col forminator-col-6 \"><div class=\"forminator-field\"><label for=\"forminator-field-email-1_69dd1a0e4d677\" id=\"forminator-field-email-1_69dd1a0e4d677-label\" class=\"forminator-label\">Adresse e-mail <span class=\"forminator-required\">*<\/span><\/label><input type=\"email\" name=\"email-1\" value=\"\" placeholder=\"E.g. john@doe.com\" id=\"forminator-field-email-1_69dd1a0e4d677\" class=\"forminator-input forminator-email--field\" data-required=\"1\" aria-required=\"true\" \/><\/div><\/div><\/div><div class=\"forminator-row\"><div id=\"upload-1\" class=\"forminator-field-upload forminator-col forminator-col-12 \"><div class=\"forminator-field\"><label for=\"forminator-field-upload-1_69dd1a0e4d677\" id=\"forminator-field-upload-1_69dd1a0e4d677-label\" class=\"forminator-label\">T\u00e9l\u00e9chargez votre CV <span class=\"forminator-required\">*<\/span><\/label><div class=\"forminator-file-upload \" data-element=\"upload-1_69dd1a0e4d677\" aria-describedby=\"forminator-field-upload-1_69dd1a0e4d677-description\"><input type=\"file\" name=\"upload-1\" id=\"forminator-field-upload-1_69dd1a0e4d677\" class=\"forminator-input-file-required do-validate\" accept=\".jpg,.jpeg,.jpe,.gif,.png,.bmp,.tiff,.tif,.webp,.ico,.heic,.asf,.asx,.wmv,.wmx,.wm,.avi,.divx,.flv,.mov,.qt,.mpeg,.mpg,.mpe,.mp4,.m4v,.ogv,.webm,.mkv,.3gp,.3gpp,.3g2,.3gp2,.txt,.asc,.c,.cc,.h,.srt,.csv,.tsv,.ics,.rtx,.css,.htm,.html,.vtt,.dfxp,.mp3,.m4a,.m4b,.aac,.ra,.ram,.wav,.ogg,.oga,.flac,.mid,.midi,.wma,.wax,.mka,.rtf,.js,.pdf,.class,.tar,.zip,.gz,.gzip,.rar,.7z,.psd,.xcf,.doc,.pot,.pps,.ppt,.wri,.xla,.xls,.xlt,.xlw,.mdb,.mpp,.docx,.docm,.dotx,.dotm,.xlsx,.xlsm,.xlsb,.xltx,.xltm,.xlam,.pptx,.pptm,.ppsx,.ppsm,.potx,.potm,.ppam,.sldx,.sldm,.onetoc,.onetoc2,.onetmp,.onepkg,.oxps,.xps,.odt,.odp,.ods,.odg,.odc,.odb,.odf,.wp,.wpd,.key,.numbers,.pages\"><button id=\"forminator-field-upload-1_69dd1a0e4d677_button\" class=\"forminator-button forminator-button-upload\" data-id=\"forminator-field-upload-1_69dd1a0e4d677\">Choose File<\/button><span data-empty-text=\"No file chosen\">No file chosen<\/span><button class=\"forminator-button-delete\" style=\"display: none;\"><i class=\"forminator-icon-close\" aria-hidden=\"true\"><\/i><span class=\"forminator-screen-reader-only\">Delete uploaded file<\/span><\/button><\/div><\/div><\/div><\/div><div class=\"forminator-row\"><div id=\"textarea-1\" class=\"forminator-field-textarea forminator-col forminator-col-12 \"><div class=\"forminator-field\"><label for=\"forminator-field-textarea-1_69dd1a0e4d677\" id=\"forminator-field-textarea-1_69dd1a0e4d677-label\" class=\"forminator-label\">Parlez-nous un peu de vous<\/label><textarea name=\"textarea-1\" placeholder=\"\" id=\"forminator-field-textarea-1_69dd1a0e4d677\" class=\"forminator-textarea\" rows=\"6\" style=\"min-height:140px;\" ><\/textarea><\/div><\/div><\/div><div class=\"forminator-row\"><div id=\"html-1\" class=\"forminator-field-html forminator-col forminator-col-6 \"><div class=\"forminator-field forminator-merge-tags\" data-field=\"html-1\"><p>read the <a href=\"\/be\/fr\/politique-de-confidentialite\/\">Politique de confidentialite<\/a><\/p><\/div><\/div><div id=\"checkbox-1\" class=\"forminator-field-checkbox forminator-col forminator-col-6 \"><div role=\"group\" class=\"forminator-field\" aria-labelledby=\"forminator-checkbox-group-69dd1a0e4d677-label\"><label id=\"forminator-field-checkbox-1-1-69dd1a0e4d677-label\" for=\"forminator-field-checkbox-1-1-69dd1a0e4d677\" class=\"forminator-checkbox\" title=\"JE D\u00c9CLARE AVOIR LU LES INFORMATIONS RELATIVES AU TRAITEMENT DES DONN\u00c9ES \u00c0 CARACT\u00c8RE PERSONNEL\"><input type=\"checkbox\" name=\"checkbox-1[]\" value=\"one\" id=\"forminator-field-checkbox-1-1-69dd1a0e4d677\" aria-labelledby=\"forminator-field-checkbox-1-1-69dd1a0e4d677-label\" data-calculation=\"0\"   data-hidden-behavior=\"zero\" aria-describedby=\"forminator-field-checkbox-1-69dd1a0e4d677-description\"\/><span class=\"forminator-checkbox-box\" aria-hidden=\"true\"><\/span><span class=\"forminator-checkbox-label\">JE D\u00c9CLARE AVOIR LU LES INFORMATIONS RELATIVES AU TRAITEMENT DES DONN\u00c9ES \u00c0 CARACT\u00c8RE PERSONNEL<\/span><\/label><\/div><\/div><\/div><div class=\"forminator-row\"><div id=\"captcha-1\" class=\"forminator-field-captcha forminator-col forminator-col-12 \"><div class=\"forminator-g-recaptcha\" data-theme=\"light\"  data-sitekey=\"6Lc5IL4pAAAAANOn8KTTdmazMhjf54FY0u4nXnGP\" data-size=\"normal\"><\/div> <\/div><\/div><input type=\"hidden\" name=\"referer_url\" value=\"\" \/><div class=\"forminator-row forminator-row-last\"><div class=\"forminator-col\"><div class=\"forminator-field\"><button class=\"forminator-button forminator-button-submit\">Send Message<\/button><\/div><\/div><\/div><input type=\"hidden\" id=\"forminator_nonce\" name=\"forminator_nonce\" value=\"0ba66fd8a2\" \/><input type=\"hidden\" name=\"_wp_http_referer\" value=\"\/be\/fr\/wp-json\/wp\/v2\/pages\/12796\" \/><input type=\"hidden\" name=\"form_id\" value=\"9493\"><input type=\"hidden\" name=\"page_id\" value=\"12796\"><input type=\"hidden\" name=\"form_type\" value=\"default\"><input type=\"hidden\" name=\"current_url\" value=\"https:\/\/www.came.com\/be\/fr\/rejoinez-notre-equipe\/\"><input type=\"hidden\" name=\"render_id\" value=\"0\"><input type=\"hidden\" name=\"action\" value=\"forminator_submit_form_custom-forms\"><\/form><\/div>\n\n\n\n<div class=\"wp-block-group alignwide came-group-desc is-layout-flow wp-block-group-is-layout-flow\" style=\"padding-top:var(--wp--preset--spacing--80);padding-bottom:var(--wp--preset--spacing--80)\">\n<h4 class=\"wp-block-heading has-text-align-center has-came-cyan-color has-text-color has-link-color has-came-font-font-family wp-elements-082c617ebbc160fdfbb89bc61d2d22ff\">D\u00c9COUVREZ NOTRE VISION, NOTRE MISSION ET NOS VALEURS<\/h4>\n\n\n\n<div class=\"wp-block-buttons align-with-bottom is-content-justification-center is-layout-flex wp-container-core-buttons-is-layout-1 wp-block-buttons-is-layout-flex\">\n<div class=\"wp-block-button\"><a class=\"wp-block-button__link wp-element-button\" href=\"https:\/\/www.came.com\/global\/en\/vision-mission\/\">POUR EN SAVOIR PLUS<\/a><\/div>\n<\/div>\n<\/div>\n","protected":false},"excerpt":{"rendered":"<p>DE MENS: ONZE MEEST WAARDEVOLLE BRON Bij CAME erkennen we dat mensen onze waardevolste troef zijn. Zij staan centraal in het behalen van onze doelstellingen en spelen een doorslaggevende rol in een sector waar veiligheid, klanttevredenheid en kwaliteit van het grootste belang zijn. Het cre\u00ebren van hoogtechnologische producten vereist motivatie en voortdurende groei van medewerkers. [&hellip;]<\/p>\n","protected":false},"author":5,"featured_media":0,"parent":0,"menu_order":0,"comment_status":"closed","ping_status":"closed","template":"page_template-without-title.php","meta":{"elastic_search":"","powered_cache_disable_cache":false,"footnotes":""},"_links":{"self":[{"href":"https:\/\/www.came.com\/be\/fr\/wp-json\/wp\/v2\/pages\/12796"}],"collection":[{"href":"https:\/\/www.came.com\/be\/fr\/wp-json\/wp\/v2\/pages"}],"about":[{"href":"https:\/\/www.came.com\/be\/fr\/wp-json\/wp\/v2\/types\/page"}],"author":[{"embeddable":true,"href":"https:\/\/www.came.com\/be\/fr\/wp-json\/wp\/v2\/users\/5"}],"replies":[{"embeddable":true,"href":"https:\/\/www.came.com\/be\/fr\/wp-json\/wp\/v2\/comments?post=12796"}],"version-history":[{"count":5,"href":"https:\/\/www.came.com\/be\/fr\/wp-json\/wp\/v2\/pages\/12796\/revisions"}],"predecessor-version":[{"id":13052,"href":"https:\/\/www.came.com\/be\/fr\/wp-json\/wp\/v2\/pages\/12796\/revisions\/13052"}],"wp:attachment":[{"href":"https:\/\/www.came.com\/be\/fr\/wp-json\/wp\/v2\/media?parent=12796"}],"curies":[{"name":"wp","href":"https:\/\/api.w.org\/{rel}","templated":true}]}}