{"id":12756,"date":"2025-09-29T11:44:35","date_gmt":"2025-09-29T09:44:35","guid":{"rendered":"https:\/\/www.came.com\/be\/?page_id=12756"},"modified":"2025-09-29T11:45:05","modified_gmt":"2025-09-29T09:45:05","slug":"sponsoring","status":"publish","type":"page","link":"https:\/\/www.came.com\/be\/fr\/sponsoring\/","title":{"rendered":"Sponsoring"},"content":{"rendered":"\n<div class=\"wp-block-cover alignfull\"><span aria-hidden=\"true\" class=\"wp-block-cover__background has-dark-grey-background-color has-background-dim\"><\/span><img decoding=\"async\" class=\"wp-block-cover__image-background wp-image-12191\" alt=\"CAMEsponsorship\" src=\"https:\/\/www.came.com\/global\/wp-content\/uploads\/2025\/02\/sponsorship_1520x469_V2.jpg\" data-object-fit=\"cover\"\/><div class=\"wp-block-cover__inner-container is-layout-flow wp-block-cover-is-layout-flow\">\n<div class=\"wp-block-group has-global-padding is-layout-constrained wp-block-group-is-layout-constrained\">\n<h4 class=\"wp-block-heading has-text-align-center has-white-color has-text-color has-link-color has-came-font-font-family wp-elements-35cb8ac6135fcf72c51c75579e335c56\">SPONSORING<\/h4>\n\n\n\n<h1 class=\"wp-block-heading has-text-align-center\"><strong>Notre engagement dans le sport<\/strong><\/h1>\n<\/div>\n<\/div><\/div>\n\n\n\n<div class=\"wp-block-group alignwide came-group-desc is-layout-flow wp-block-group-is-layout-flow\" style=\"padding-top:var(--wp--preset--spacing--80);padding-bottom:var(--wp--preset--spacing--80)\">\n<p class=\"has-medium-font-size\">Nous croyons fermement que le succ\u00e8s dans le sport est le r\u00e9sultat du d\u00e9vouement, de la passion et du travail d&rsquo;\u00e9quipe, des valeurs qui refl\u00e8tent parfaitement la philosophie de notre entreprise.<\/p>\n\n\n\n<div class=\"wp-block-cover alignfull is-light\"><span aria-hidden=\"true\" class=\"wp-block-cover__background has-dark-grey-background-color has-background-dim\"><\/span><img decoding=\"async\" class=\"wp-block-cover__image-background wp-image-12193\" alt=\"CAME Aprilia racing\" src=\"https:\/\/www.came.com\/global\/wp-content\/uploads\/2025\/02\/aprilia_1920x680.jpg\" data-object-fit=\"cover\"\/><div class=\"wp-block-cover__inner-container is-layout-flow wp-block-cover-is-layout-flow\">\n<div class=\"wp-block-group has-global-padding is-layout-constrained wp-block-group-is-layout-constrained\">\n<h4 class=\"wp-block-heading has-text-align-center has-white-color has-text-color has-link-color has-came-font-font-family wp-elements-e2fd382ddd4ace56506581887e36f122\">CHALLENGE<\/h4>\n\n\n\n<h3 class=\"wp-block-heading has-text-align-center has-white-color has-text-color has-link-color has-x-large-font-size wp-elements-dc623fb11956049c4f8d138ec7efb45a\">Aprilia racing<\/h3>\n<\/div>\n<\/div><\/div>\n\n\n\n<div class=\"wp-block-group alignwide came-box-content-style-2 is-layout-flow wp-block-group-is-layout-flow\" style=\"padding-top:var(--wp--preset--spacing--70);padding-bottom:var(--wp--preset--spacing--70)\">\n<div class=\"wp-block-columns is-layout-flex wp-container-core-columns-is-layout-1 wp-block-columns-is-layout-flex\" style=\"margin-bottom:var(--wp--preset--spacing--70)\">\n<div class=\"wp-block-column is-layout-flow wp-block-column-is-layout-flow\">\n<div class=\"wp-block-group came-box-gallery-slider is-layout-flow wp-block-group-is-layout-flow\">\n<figure class=\"wp-block-gallery alignfull has-nested-images columns-1 gallery-slider wp-block-gallery-1 is-layout-flex wp-block-gallery-is-layout-flex\">\n<figure class=\"wp-block-image size-full\"><a href=\"https:\/\/www.came.com\/global\/wp-content\/uploads\/2025\/02\/650x510_1.jpg\" target=\"_blank\" rel=\"noopener\"><img decoding=\"async\" src=\"https:\/\/www.came.com\/global\/wp-content\/uploads\/2025\/02\/650x510_1.jpg\" alt=\"aprilia came 2025\" class=\"wp-image-12197\"\/><\/a><\/figure>\n\n\n\n<figure class=\"wp-block-image size-full\"><a href=\"https:\/\/www.came.com\/global\/wp-content\/uploads\/2025\/02\/650x510_2.jpg\" target=\"_blank\" rel=\"noopener\"><img decoding=\"async\" src=\"https:\/\/www.came.com\/global\/wp-content\/uploads\/2025\/02\/650x510_2.jpg\" alt=\"aprilia came 2025\" class=\"wp-image-12198\"\/><\/a><\/figure>\n\n\n\n<figure class=\"wp-block-image size-full\"><a href=\"https:\/\/www.came.com\/global\/wp-content\/uploads\/2025\/02\/650x510_4.jpg\" target=\"_blank\" rel=\"noopener\"><img decoding=\"async\" src=\"https:\/\/www.came.com\/global\/wp-content\/uploads\/2025\/02\/650x510_4.jpg\" alt=\"aprilia came 2025\" class=\"wp-image-12199\"\/><\/a><\/figure>\n\n\n\n<figure class=\"wp-block-image size-full\"><a href=\"https:\/\/www.came.com\/global\/wp-content\/uploads\/2025\/02\/650x510_5.jpg\" target=\"_blank\" rel=\"noopener\"><img decoding=\"async\" src=\"https:\/\/www.came.com\/global\/wp-content\/uploads\/2025\/02\/650x510_5.jpg\" alt=\"aprilia came 2025\" class=\"wp-image-12200\"\/><\/a><\/figure>\n\n\n\n<figure class=\"wp-block-image size-full\"><a href=\"https:\/\/www.came.com\/global\/wp-content\/uploads\/2025\/02\/650x510_6.jpg\" target=\"_blank\" rel=\"noopener\"><img decoding=\"async\" src=\"https:\/\/www.came.com\/global\/wp-content\/uploads\/2025\/02\/650x510_6.jpg\" alt=\"aprilia came 2025\" class=\"wp-image-12201\"\/><\/a><\/figure>\n\n\n\n<figure class=\"wp-block-image size-full\"><a href=\"https:\/\/www.came.com\/global\/wp-content\/uploads\/2025\/02\/650x510_8.jpg\" target=\"_blank\" rel=\"noopener\"><img decoding=\"async\" src=\"https:\/\/www.came.com\/global\/wp-content\/uploads\/2025\/02\/650x510_8.jpg\" alt=\"aprilia came 2025\" class=\"wp-image-12202\"\/><\/a><\/figure>\n\n\n\n<figure class=\"wp-block-image size-full\"><a href=\"https:\/\/www.came.com\/global\/wp-content\/uploads\/2025\/02\/650x510_9.jpg\" target=\"_blank\" rel=\"noopener\"><img decoding=\"async\" src=\"https:\/\/www.came.com\/global\/wp-content\/uploads\/2025\/02\/650x510_9.jpg\" alt=\"aprilia came 2025\" class=\"wp-image-12203\"\/><\/a><\/figure>\n\n\n\n<figure class=\"wp-block-image size-full\"><a href=\"https:\/\/www.came.com\/global\/wp-content\/uploads\/2025\/02\/650x510_10-1.jpg\" target=\"_blank\" rel=\"noopener\"><img decoding=\"async\" src=\"https:\/\/www.came.com\/global\/wp-content\/uploads\/2025\/02\/650x510_10-1.jpg\" alt=\"\" class=\"wp-image-12206\"\/><\/a><\/figure>\n<\/figure>\n<\/div>\n<\/div>\n\n\n\n<div class=\"wp-block-column is-layout-flow wp-block-column-is-layout-flow\">\n<p class=\"has-medium-font-size\">CAME renouvelle son partenariat avec l&rsquo;Aprilia Racing Team pour la saison 2024 de MotoGP et roule aux c\u00f4t\u00e9s des pilotes Aleix Espargar\u00f2 et Maverick Vi\u00f1ales pour se battre ensemble pour la quatri\u00e8me ann\u00e9e.<\/p>\n<\/div>\n<\/div>\n<\/div>\n\n\n\n<div class=\"wp-block-group is-layout-flow wp-block-group-is-layout-flow\" style=\"margin-top:var(--wp--preset--spacing--80);margin-bottom:var(--wp--preset--spacing--80)\">\n<figure class=\"wp-block-image size-full glightbox-video\"><img decoding=\"async\" src=\"https:\/\/www.came.com\/global\/wp-content\/uploads\/2025\/02\/aprilia-cover.png\" alt=\"aprilia racing preview 2025\" class=\"wp-image-12195\"\/><\/figure>\n\n\n\n<div class=\"wp-block-buttons is-layout-flex wp-block-buttons-is-layout-flex\"><div class=\"wp-block-button glightbox-video\"><a class=\"wp-block-button__link wp-element-button\" href=\"https:\/\/came-cdn.thron.com\/delivery\/public\/video\/came\/9ae719d6-ccfc-46e5-8fc3-0287cee7c3d4\/sdn7o7\/WEBHD\/aprilia-racing-launch-video-still-life-rs-gp25\" aria-label=\"watch presentation aprilia 2025\">Watch video<\/a><\/div>\n<\/div>\n<\/div>\n\n\n\n<div class=\"wp-block-cover alignfull is-light\"><span aria-hidden=\"true\" class=\"wp-block-cover__background has-dark-grey-background-color has-background-dim\"><\/span><img decoding=\"async\" class=\"wp-block-cover__image-background wp-image-8877\" alt=\"CAME Treviso C5\" src=\"https:\/\/www.came.com\/global\/wp-content\/uploads\/2024\/09\/1600x900c5.jpg\" style=\"object-position:50% 2%\" data-object-fit=\"cover\" data-object-position=\"50% 2%\"\/><div class=\"wp-block-cover__inner-container is-layout-flow wp-block-cover-is-layout-flow\">\n<div class=\"wp-block-group has-global-padding is-layout-constrained wp-block-group-is-layout-constrained\">\n<h4 class=\"wp-block-heading has-text-align-center has-white-color has-text-color has-link-color has-came-font-font-family wp-elements-02a44095bc2a6274faaf22013ef36635\"><strong>\u00c9QUIPE<\/strong><\/h4>\n\n\n\n<h3 class=\"wp-block-heading has-text-align-center has-white-color has-text-color has-link-color has-x-large-font-size wp-elements-b95c300ebe105e67b23c2890d5d9226e\">Treviso C5<\/h3>\n<\/div>\n<\/div><\/div>\n\n\n\n<div class=\"wp-block-group alignwide came-box-content-style-2 is-layout-flow wp-block-group-is-layout-flow\" style=\"padding-top:var(--wp--preset--spacing--70);padding-bottom:var(--wp--preset--spacing--70)\">\n<div class=\"wp-block-columns is-layout-flex wp-container-core-columns-is-layout-2 wp-block-columns-is-layout-flex\" style=\"margin-bottom:var(--wp--preset--spacing--70)\">\n<div class=\"wp-block-column is-layout-flow wp-block-column-is-layout-flow\">\n<p class=\"has-medium-font-size\">Depuis des ann\u00e9es, nous soutenons une \u00e9quipe de futsal prometteuse bas\u00e9e \u00e0 Tr\u00e9vise, aujourd&rsquo;hui en Serie A. Le CAME Treviso C5 a \u00e9t\u00e9 cr\u00e9\u00e9 par un groupe d&rsquo;amis et est devenu l&rsquo;une des principales \u00e9quipes italiennes dans cette cat\u00e9gorie.<\/p>\n\n\n\n<div class=\"wp-block-buttons align-with-bottom is-layout-flex wp-block-buttons-is-layout-flex\">\n<div class=\"wp-block-button\"><a class=\"wp-block-button__link wp-element-button\" href=\"https:\/\/camec5.it\/\" target=\"_blank\" rel=\"noreferrer noopener\">En savoir plus<\/a><\/div>\n<\/div>\n<\/div>\n\n\n\n<div class=\"wp-block-column is-layout-flow wp-block-column-is-layout-flow\">\n<div class=\"wp-block-group came-box-gallery-slider is-layout-flow wp-block-group-is-layout-flow\">\n<figure class=\"wp-block-gallery alignfull has-nested-images columns-1 gallery-slider wp-block-gallery-2 is-layout-flex wp-block-gallery-is-layout-flex\">\n<figure class=\"wp-block-image size-full\"><a href=\"https:\/\/www.came.com\/global\/wp-content\/uploads\/2024\/09\/c5_650x5101.jpg\"><img decoding=\"async\" src=\"https:\/\/www.came.com\/global\/wp-content\/uploads\/2024\/09\/c5_650x5101.jpg\" alt=\"CAME Treviso C5\" class=\"wp-image-8881\"\/><\/a><\/figure>\n\n\n\n<figure class=\"wp-block-image size-full\"><a href=\"https:\/\/www.came.com\/global\/wp-content\/uploads\/2024\/09\/c5_650x5106.jpg\"><img decoding=\"async\" src=\"https:\/\/www.came.com\/global\/wp-content\/uploads\/2024\/09\/c5_650x5106.jpg\" alt=\"CAME Treviso C5\" class=\"wp-image-8883\"\/><\/a><\/figure>\n\n\n\n<figure class=\"wp-block-image size-full\"><a href=\"https:\/\/www.came.com\/global\/wp-content\/uploads\/2024\/09\/c5_650x5102.jpg\"><img decoding=\"async\" src=\"https:\/\/www.came.com\/global\/wp-content\/uploads\/2024\/09\/c5_650x5102.jpg\" alt=\"CAME Treviso C5\" class=\"wp-image-8885\"\/><\/a><\/figure>\n\n\n\n<figure class=\"wp-block-image size-full\"><a href=\"https:\/\/www.came.com\/global\/wp-content\/uploads\/2024\/09\/c5_650x5103.jpg\"><img decoding=\"async\" src=\"https:\/\/www.came.com\/global\/wp-content\/uploads\/2024\/09\/c5_650x5103.jpg\" alt=\"CAME Treviso C5\" class=\"wp-image-8879\"\/><\/a><\/figure>\n\n\n\n<figure class=\"wp-block-image size-full\"><a href=\"https:\/\/www.came.com\/global\/wp-content\/uploads\/2024\/09\/c5_650x5104.jpg\"><img decoding=\"async\" src=\"https:\/\/www.came.com\/global\/wp-content\/uploads\/2024\/09\/c5_650x5104.jpg\" alt=\"CAME Treviso C5\" class=\"wp-image-8887\"\/><\/a><\/figure>\n\n\n\n<figure class=\"wp-block-image size-full\"><a href=\"https:\/\/www.came.com\/global\/wp-content\/uploads\/2024\/09\/c5_650x5107.jpg\"><img decoding=\"async\" src=\"https:\/\/www.came.com\/global\/wp-content\/uploads\/2024\/09\/c5_650x5107.jpg\" alt=\"CAME Treviso C5\" class=\"wp-image-8891\"\/><\/a><\/figure>\n\n\n\n<figure class=\"wp-block-image size-full\"><a href=\"https:\/\/www.came.com\/global\/wp-content\/uploads\/2024\/09\/c5_650x5105.jpg\"><img decoding=\"async\" src=\"https:\/\/www.came.com\/global\/wp-content\/uploads\/2024\/09\/c5_650x5105.jpg\" alt=\"CAME Treviso C5\" class=\"wp-image-8893\"\/><\/a><\/figure>\n<\/figure>\n<\/div>\n<\/div>\n<\/div>\n<\/div>\n\n\n\n<div class=\"wp-block-cover alignfull is-light\"><span aria-hidden=\"true\" class=\"wp-block-cover__background has-dark-grey-background-color has-background-dim\"><\/span><img decoding=\"async\" class=\"wp-block-cover__image-background wp-image-8908\" alt=\"CAME Legia warszawa\" src=\"https:\/\/www.came.com\/global\/wp-content\/uploads\/2024\/09\/1600x900legia.jpg\" data-object-fit=\"cover\"\/><div class=\"wp-block-cover__inner-container is-layout-flow wp-block-cover-is-layout-flow\">\n<div class=\"wp-block-group has-global-padding is-layout-constrained wp-block-group-is-layout-constrained\">\n<h4 class=\"wp-block-heading has-text-align-center has-white-color has-text-color has-link-color has-came-font-font-family wp-elements-165f1da13d3ab950c304e6539a6b6099\">TRUST<\/h4>\n\n\n\n<h3 class=\"wp-block-heading has-text-align-center has-white-color has-text-color has-link-color has-x-large-font-size wp-elements-c0ae60e63680005761dbcfd6e071220f\">Legia Warszawa<\/h3>\n<\/div>\n<\/div><\/div>\n\n\n\n<div class=\"wp-block-group alignwide came-box-content-style-2 is-layout-flow wp-block-group-is-layout-flow\" style=\"padding-top:var(--wp--preset--spacing--70);padding-bottom:var(--wp--preset--spacing--70)\">\n<div class=\"wp-block-columns is-layout-flex wp-container-core-columns-is-layout-3 wp-block-columns-is-layout-flex\" style=\"margin-bottom:var(--wp--preset--spacing--70)\">\n<div class=\"wp-block-column is-layout-flow wp-block-column-is-layout-flow\">\n<div class=\"wp-block-group came-box-gallery-slider is-layout-flow wp-block-group-is-layout-flow\">\n<figure class=\"wp-block-gallery alignfull has-nested-images columns-1 gallery-slider wp-block-gallery-3 is-layout-flex wp-block-gallery-is-layout-flex\">\n<figure class=\"wp-block-image size-full\"><a href=\"https:\/\/www.came.com\/global\/wp-content\/uploads\/2024\/09\/legia_650x5103.jpg\" target=\"_blank\" rel=\"noopener\"><img decoding=\"async\" src=\"https:\/\/www.came.com\/global\/wp-content\/uploads\/2024\/09\/legia_650x5103.jpg\" alt=\"CAME Legia warszawa\" class=\"wp-image-8910\"\/><\/a><\/figure>\n\n\n\n<figure class=\"wp-block-image size-full\"><a href=\"https:\/\/www.came.com\/global\/wp-content\/uploads\/2024\/09\/legia_650x5102.jpg\" target=\"_blank\" rel=\"noopener\"><img decoding=\"async\" src=\"https:\/\/www.came.com\/global\/wp-content\/uploads\/2024\/09\/legia_650x5102.jpg\" alt=\"CAME Legia warszawa\" class=\"wp-image-8912\"\/><\/a><\/figure>\n\n\n\n<figure class=\"wp-block-image size-full\"><a href=\"https:\/\/www.came.com\/global\/wp-content\/uploads\/2024\/09\/legia_650x5101.jpg\" target=\"_blank\" rel=\"noopener\"><img decoding=\"async\" src=\"https:\/\/www.came.com\/global\/wp-content\/uploads\/2024\/09\/legia_650x5101.jpg\" alt=\"CAME Legia warszawa\" class=\"wp-image-8914\"\/><\/a><\/figure>\n\n\n\n<figure class=\"wp-block-image size-full\"><a href=\"https:\/\/www.came.com\/global\/wp-content\/uploads\/2024\/09\/Legia_1.jpg\" target=\"_blank\" rel=\"noopener\"><img decoding=\"async\" src=\"https:\/\/www.came.com\/global\/wp-content\/uploads\/2024\/09\/Legia_1.jpg\" alt=\"CAME Legia warszawa\" class=\"wp-image-8916\"\/><\/a><\/figure>\n\n\n\n<figure class=\"wp-block-image size-full\"><a href=\"https:\/\/www.came.com\/global\/wp-content\/uploads\/2024\/09\/Legia_2.jpg\" target=\"_blank\" rel=\"noopener\"><img decoding=\"async\" src=\"https:\/\/www.came.com\/global\/wp-content\/uploads\/2024\/09\/Legia_2.jpg\" alt=\"CAME Legia warszawa\" class=\"wp-image-8918\"\/><\/a><\/figure>\n\n\n\n<figure class=\"wp-block-image size-full\"><a href=\"https:\/\/www.came.com\/global\/wp-content\/uploads\/2024\/09\/Legia_5.jpg\" target=\"_blank\" rel=\"noopener\"><img decoding=\"async\" src=\"https:\/\/www.came.com\/global\/wp-content\/uploads\/2024\/09\/Legia_5.jpg\" alt=\"CAME Legia warszawa\" class=\"wp-image-8920\"\/><\/a><\/figure>\n\n\n\n<figure class=\"wp-block-image size-full\"><a href=\"https:\/\/www.came.com\/global\/wp-content\/uploads\/2024\/09\/Legia_3.jpg\" target=\"_blank\" rel=\"noopener\"><img decoding=\"async\" src=\"https:\/\/www.came.com\/global\/wp-content\/uploads\/2024\/09\/Legia_3.jpg\" alt=\"CAME Legia warszawa\" class=\"wp-image-8922\"\/><\/a><\/figure>\n<\/figure>\n<\/div>\n<\/div>\n\n\n\n<div class=\"wp-block-column is-layout-flow wp-block-column-is-layout-flow\">\n<p class=\"has-medium-font-size\">Depuis 2014, CAME est partenaire officiel du Legia Warszawa, l&rsquo;\u00e9quipe de football leader de la Ligue polonaise.<\/p>\n\n\n\n<div class=\"wp-block-buttons align-with-bottom is-layout-flex wp-block-buttons-is-layout-flex\">\n<div class=\"wp-block-button\"><a class=\"wp-block-button__link wp-element-button\" href=\"https:\/\/www.legia.com\/pilka-nozna\" target=\"_blank\" rel=\"noreferrer noopener\">En savoir plus<\/a><\/div>\n<\/div>\n<\/div>\n<\/div>\n<\/div>\n<\/div>\n","protected":false},"excerpt":{"rendered":"<p>Nous croyons fermement que le succ\u00e8s dans le sport est le r\u00e9sultat du d\u00e9vouement, de la passion et du travail d&rsquo;\u00e9quipe, des valeurs qui refl\u00e8tent parfaitement la philosophie de notre entreprise. CAME renouvelle son partenariat avec l&rsquo;Aprilia Racing Team pour la saison 2024 de MotoGP et roule aux c\u00f4t\u00e9s des pilotes Aleix Espargar\u00f2 et Maverick [&hellip;]<\/p>\n","protected":false},"author":5,"featured_media":0,"parent":0,"menu_order":0,"comment_status":"closed","ping_status":"closed","template":"page_template-without-title.php","meta":{"elastic_search":"","powered_cache_disable_cache":false,"footnotes":""},"_links":{"self":[{"href":"https:\/\/www.came.com\/be\/fr\/wp-json\/wp\/v2\/pages\/12756"}],"collection":[{"href":"https:\/\/www.came.com\/be\/fr\/wp-json\/wp\/v2\/pages"}],"about":[{"href":"https:\/\/www.came.com\/be\/fr\/wp-json\/wp\/v2\/types\/page"}],"author":[{"embeddable":true,"href":"https:\/\/www.came.com\/be\/fr\/wp-json\/wp\/v2\/users\/5"}],"replies":[{"embeddable":true,"href":"https:\/\/www.came.com\/be\/fr\/wp-json\/wp\/v2\/comments?post=12756"}],"version-history":[{"count":1,"href":"https:\/\/www.came.com\/be\/fr\/wp-json\/wp\/v2\/pages\/12756\/revisions"}],"predecessor-version":[{"id":12757,"href":"https:\/\/www.came.com\/be\/fr\/wp-json\/wp\/v2\/pages\/12756\/revisions\/12757"}],"wp:attachment":[{"href":"https:\/\/www.came.com\/be\/fr\/wp-json\/wp\/v2\/media?parent=12756"}],"curies":[{"name":"wp","href":"https:\/\/api.w.org\/{rel}","templated":true}]}}