{"id":12604,"date":"2025-09-16T15:59:04","date_gmt":"2025-09-16T13:59:04","guid":{"rendered":"https:\/\/www.came.com\/be\/?page_id=12604"},"modified":"2025-09-16T16:35:00","modified_gmt":"2025-09-16T14:35:00","slug":"came-connect","status":"publish","type":"page","link":"https:\/\/www.came.com\/be\/fr\/came-connect\/","title":{"rendered":"CAME Connect"},"content":{"rendered":"\n<div class=\"wp-block-cover alignfull is-light\"><span aria-hidden=\"true\" class=\"wp-block-cover__background has-came-dark-blue-background-color has-background-dim\"><\/span><img decoding=\"async\" class=\"wp-block-cover__image-background wp-image-9889\" alt=\"CAME connect\" src=\"https:\/\/www.came.com\/global\/wp-content\/uploads\/2024\/09\/connect_3038x1076-scaled.jpg\" data-object-fit=\"cover\"\/><div class=\"wp-block-cover__inner-container is-layout-flow wp-block-cover-is-layout-flow\">\n<div class=\"wp-block-group has-global-padding is-layout-constrained wp-block-group-is-layout-constrained\">\n<h4 class=\"wp-block-heading has-text-align-center has-white-color has-text-color has-link-color has-came-font-font-family wp-elements-39b6c8ec2461df7070439e3db13711d1\">TECHNOLOGIE<\/h4>\n\n\n\n<h1 class=\"wp-block-heading has-text-align-center has-white-color has-text-color has-link-color wp-elements-7d7720121c50488ce72158f5aa175484\" style=\"font-style:normal;font-weight:700\">CAME CONNECT<\/h1>\n<\/div>\n<\/div><\/div>\n\n\n\n<div class=\"wp-block-group alignwide came-group-desc is-layout-flow wp-block-group-is-layout-flow\" style=\"padding-top:var(--wp--preset--spacing--80);padding-bottom:var(--wp--preset--spacing--80)\">\n<h4 class=\"wp-block-heading has-came-dark-blue-color has-text-color has-link-color has-came-font-font-family has-large-font-size wp-elements-17fd3df92accd8813313dd93baecdb40\"><strong><strong>Qu&rsquo;est-ce que CAME CONNECT ?<\/strong><\/strong><\/h4>\n\n\n\n<p class=\"has-medium-font-size\">CAME CONNECT est une technologie de pointe d\u00e9velopp\u00e9e par CAME qui r\u00e9volutionne la fa\u00e7on dont les op\u00e9rateurs sont configur\u00e9s et g\u00e9r\u00e9s. En connectant les op\u00e9rateurs via Internet, CAME CONNECT offre une valeur ajout\u00e9e aux utilisateurs et ouvre de nouvelles opportunit\u00e9s commerciales pour les installateurs.<\/p>\n\n\n\n<div class=\"wp-block-group alignfull is-layout-flow wp-block-group-is-layout-flow\" style=\"margin-top:0px;margin-bottom:0px;padding-top:0;padding-bottom:0\">\n<div class=\"wp-block-group alignfull is-layout-flow wp-block-group-is-layout-flow\" style=\"margin-bottom:var(--wp--preset--spacing--70);padding-top:var(--wp--preset--spacing--70);padding-bottom:var(--wp--preset--spacing--70)\">\n<h4 class=\"wp-block-heading has-came-cyan-color has-text-color has-link-color has-came-font-font-family wp-elements-36a349f2fac15009b4c515e7ef9a6126\"><strong><strong><strong>Principales caract\u00e9ristiques de CAME CONNECT :<\/strong><\/strong><\/strong><\/h4>\n\n\n\n<div class=\"wp-block-group alignwide is-layout-flow wp-block-group-is-layout-flow\">\n<ul class=\"wp-block-list came-unordered-list\">\n<li class=\"has-medium-font-size\"><strong>Pratique et efficace <\/strong>: Lanc\u00e9 en 2015 et approuv\u00e9 par des milliers d&rsquo;installateurs dans le monde entier, CAME CONNECT est maintenant \u00e0 la troisi\u00e8me g\u00e9n\u00e9ration encore plus convivial, efficace et s\u00e9curis\u00e9.<\/li>\n\n\n\n<li class=\"has-medium-font-size\"><strong>Investissement en R&amp;D <\/strong>: CAME a fortement investi dans la recherche et le d\u00e9veloppement pour simplifier le travail des installateurs, am\u00e9liorer l&rsquo;exp\u00e9rience utilisateur et offrir de nouveaux services num\u00e9riques.<\/li>\n\n\n\n<li class=\"has-medium-font-size\"><strong>D\u00e9veloppement interne <\/strong>: CAME a choisi de d\u00e9velopper en interne les technologies n\u00e9cessaires \u00e0 la gestion des flux et \u00e0 la protection des donn\u00e9es. Cela signifie qu&rsquo;aucune agence externe ne traite vos informations et qu&rsquo;aucun serveur n&rsquo;est situ\u00e9 dans des endroits \u00e9loign\u00e9s du monde, ce qui garantit une s\u00e9curit\u00e9 et une fiabilit\u00e9 maximales.<\/li>\n<\/ul>\n<\/div>\n<\/div>\n<\/div>\n\n\n\n<p class=\"has-medium-font-size\">D\u00e9couvrez l&rsquo;avenir de la gestion des op\u00e9rateurs avec CAME CONNECT, o\u00f9 la connectivit\u00e9 rencontre la simplicit\u00e9 et la commodit\u00e9.<\/p>\n<\/div>\n\n\n\n<div class=\"wp-block-group alignfull came-box-custom-card-slider came-4cols is-layout-flow wp-block-group-is-layout-flow\" style=\"margin-top:0px;margin-bottom:0px\">\n<div class=\"wp-block-group alignfull has-white-background-color has-background is-layout-flow wp-block-group-is-layout-flow\" style=\"margin-top:0;margin-bottom:0;padding-top:var(--wp--preset--spacing--60);padding-bottom:var(--wp--preset--spacing--70)\">\n<div class=\"wp-block-group alignwide is-layout-flow wp-block-group-is-layout-flow\">\n<div class=\"wp-block-group cards-container is-layout-flow wp-block-group-is-layout-flow\">\n<div class=\"wp-block-group slider-card is-layout-flow wp-block-group-is-layout-flow\">\n<figure class=\"wp-block-image size-full is-resized\"><img decoding=\"async\" src=\"https:\/\/www.came.com\/global\/wp-content\/uploads\/2024\/09\/connect-workinternet-connection.jpg\" alt=\"CAME connect\" class=\"wp-image-8693\" style=\"width:300px\"\/><\/figure>\n\n\n\n<div class=\"wp-block-group box-card-content is-layout-flow wp-block-group-is-layout-flow\">\n<h3 class=\"wp-block-heading has-came-dark-blue-color has-text-color has-link-color has-came-font-font-family has-large-font-size wp-elements-3d3548561714d190df6be75cb994b085\"><strong>Connexion Internet<\/strong><\/h3>\n\n\n\n<p>Pour activer les services <strong>CAME Connect<\/strong>, chaque syst\u00e8me d&rsquo;automatisation a besoin d&rsquo;une GATEWAY. CAME propose diff\u00e9rentes solutions pour r\u00e9pondre aux besoins individuels, notamment des <strong>GATEWAY Wi-Fi, LAN et GSM<\/strong>.<\/p>\n<\/div>\n<\/div>\n\n\n\n<div class=\"wp-block-group slider-card is-layout-flow wp-block-group-is-layout-flow\">\n<figure class=\"wp-block-image size-full is-resized\"><img decoding=\"async\" src=\"https:\/\/www.came.com\/global\/wp-content\/uploads\/2024\/09\/connect-workcompatibility.jpg\" alt=\"CAME connect Compatibilit\u00e9\" class=\"wp-image-8656\" style=\"width:300px\"\/><\/figure>\n\n\n\n<div class=\"wp-block-group box-card-content is-layout-flow wp-block-group-is-layout-flow\">\n<h3 class=\"wp-block-heading has-came-dark-blue-color has-text-color has-link-color has-came-font-font-family has-large-font-size wp-elements-4e2393dac687d01996f038aaebc3b0c7\"><strong>Compatibilit\u00e9<\/strong><br><\/h3>\n\n\n\n<p>De nombreux produits CAME, des automatisations aux syst\u00e8mes d&rsquo;interphone vid\u00e9o, sont con\u00e7us avec la technologie <strong>CONNECT<\/strong>. Ils sont \u00e9quip\u00e9s d&#8217;emplacements pour des GATEWAY \u00e0 connexion rapide, assurant une int\u00e9gration transparente.<\/p>\n\n\n\n<div style=\"height:28px\" aria-hidden=\"true\" class=\"wp-block-spacer\"><\/div>\n<\/div>\n<\/div>\n\n\n\n<div class=\"wp-block-group slider-card is-layout-flow wp-block-group-is-layout-flow\">\n<figure class=\"wp-block-image size-full is-resized\"><img decoding=\"async\" src=\"https:\/\/www.came.com\/global\/wp-content\/uploads\/2024\/09\/connect-workconfiguration.jpg\" alt=\"CAME connect Configuration\" class=\"wp-image-8658\" style=\"width:300px\"\/><\/figure>\n\n\n\n<div class=\"wp-block-group box-card-content is-layout-flow wp-block-group-is-layout-flow\">\n<h3 class=\"wp-block-heading has-came-dark-blue-color has-text-color has-link-color has-came-font-font-family has-large-font-size wp-elements-7e4112d5aebc9a0ad688f6b7b9049763\">Configuration<br><\/h3>\n\n\n\n<p>Avec l&rsquo;application CONNECT SetUp, vous pouvez effectuer toutes les op\u00e9rations de configuration \u00e0 l&rsquo;aide de votre smartphone, tablette ou navigateur Web, ce qui rend le processus simple et efficace.<\/p>\n\n\n\n<div style=\"height:52px\" aria-hidden=\"true\" class=\"wp-block-spacer\"><\/div>\n<\/div>\n<\/div>\n\n\n\n<div class=\"wp-block-group slider-card is-layout-flow wp-block-group-is-layout-flow\">\n<figure class=\"wp-block-image size-full is-resized\"><img decoding=\"async\" src=\"https:\/\/www.came.com\/global\/wp-content\/uploads\/2024\/09\/connect-workremote-control.jpg\" alt=\"CAME connect T\u00e9l\u00e9commande\" class=\"wp-image-8660\" style=\"width:300px\"\/><\/figure>\n\n\n\n<div class=\"wp-block-group box-card-content is-layout-flow wp-block-group-is-layout-flow\">\n<h3 class=\"wp-block-heading has-came-dark-blue-color has-text-color has-link-color has-came-font-font-family has-large-font-size wp-elements-0bae6230cea83b1ccd8a9bcd09ae5f90\"><strong>T\u00e9l\u00e9commande<\/strong><\/h3>\n\n\n\n<p>Les applications gratuites CAME CONNECT pour smartphones <a href=\"#\">Android et iOS<\/a> permettent aux utilisateurs finaux de contr\u00f4ler \u00e0 distance les automatismes connect\u00e9s tels que les portails, les garages et les barri\u00e8res. Les utilisateurs peuvent surveiller l&rsquo;\u00e9tat de leurs syst\u00e8mes \u00e0 tout moment et en tout lieu.<\/p>\n<\/div>\n<\/div>\n<\/div>\n\n\n\n<div class=\"wp-block-cover alignfull has-parallax\" style=\"margin-top:var(--wp--preset--spacing--80)\"><span aria-hidden=\"true\" class=\"wp-block-cover__background has-came-dark-blue-background-color has-background-dim\"><\/span><div class=\"wp-block-cover__image-background wp-image-12564 has-parallax\" style=\"background-position:50% 50%;background-image:url(https:\/\/www.came.com\/global\/wp-content\/uploads\/2025\/06\/connect.jpg)\"><\/div><div class=\"wp-block-cover__inner-container is-layout-flow wp-block-cover-is-layout-flow\">\n<div class=\"wp-block-group has-global-padding is-layout-constrained wp-block-group-is-layout-constrained\">\n<h2 class=\"wp-block-heading has-text-align-center has-large-font-size\">Discover how to CONNECT <br>your automations<\/h2>\n\n\n\n<div class=\"wp-block-buttons is-content-justification-center is-layout-flex wp-container-core-buttons-is-layout-1 wp-block-buttons-is-layout-flex\"><div class=\"wp-block-button\"><a class=\"wp-block-button__link wp-element-button\" href=\"\/global\/en\/products\/connect-gateways\/\" aria-label=\"Discover Gateways\">Our Gateways<\/a><\/div>\n<\/div>\n<\/div>\n<\/div><\/div>\n<\/div>\n<\/div>\n<\/div>\n\n\n\n<div class=\"wp-block-group alignwide came-box-content-style-2 is-layout-flow wp-block-group-is-layout-flow\" style=\"padding-top:var(--wp--preset--spacing--70);padding-bottom:var(--wp--preset--spacing--70)\">\n<div class=\"wp-block-group alignwide is-layout-flow wp-block-group-is-layout-flow\" style=\"padding-top:0;padding-bottom:var(--wp--preset--spacing--70)\">\n<h2 class=\"wp-block-heading has-came-cyan-color has-text-color has-link-color has-came-font-font-family has-x-large-font-size wp-elements-edcfd789a933149bf92edd350a679f16\"><strong><strong>AVANTAGES POUR LES TROIS PROFILS DIFF\u00c9RENTS<\/strong><\/strong><\/h2>\n<\/div>\n\n\n\n<h2 class=\"wp-block-heading title-with-line\"><strong>Profil de l&rsquo;installateur<\/strong><\/h2>\n\n\n\n<div class=\"wp-block-columns is-layout-flex wp-container-core-columns-is-layout-1 wp-block-columns-is-layout-flex\" style=\"margin-bottom:var(--wp--preset--spacing--70)\">\n<div class=\"wp-block-column is-layout-flow wp-block-column-is-layout-flow\">\n<figure class=\"wp-block-image size-full image-fit-cover\"><img decoding=\"async\" src=\"https:\/\/www.came.com\/global\/wp-content\/uploads\/2024\/09\/connect-profilesinstaller.jpg\" alt=\"CAME installer\" class=\"wp-image-8650\"\/><\/figure>\n<\/div>\n\n\n\n<div class=\"wp-block-column is-layout-flow wp-block-column-is-layout-flow\">\n<p class=\"has-medium-font-size\">Avec CONNECT, les installateurs peuvent g\u00e9rer les op\u00e9rateurs connect\u00e9s \u00e0 distance depuis un PC ou un smartphone. La plate-forme CONNECT simplifie les op\u00e9rations gr\u00e2ce \u00e0 des fonctionnalit\u00e9s telles que la programmation automatique des \u00e9metteurs via un code QR, permettant l&rsquo;insertion ou la suppression \u00e0 distance sans avoir besoin d&rsquo;\u00eatre \u00e0 proximit\u00e9 de l&rsquo;op\u00e9rateur.<\/p>\n\n\n\n<p class=\"has-medium-font-size\">Les principaux avantages de la plateforme CONNECT sont les suivants :<\/p>\n\n\n\n<ul>\n<li class=\"has-medium-font-size\"><strong><strong>Gestion des clients et des syst\u00e8mes<\/strong><\/strong>: Un portail complet pour la gestion des clients, des syst\u00e8mes install\u00e9s et de la maintenance programm\u00e9e.<\/li>\n\n\n\n<li class=\"has-medium-font-size\"><strong><strong>Surveillance en temps r\u00e9el<\/strong><\/strong>: surveillez l&rsquo;\u00e9tat de l&rsquo;appareil et recevez des notifications en temps r\u00e9el pour garantir des performances optimales.<\/li>\n\n\n\n<li class=\"has-medium-font-size\"><strong><strong>Service 24h\/24 et 7j\/7<\/strong><\/strong>: Donnez aux installateurs les moyens de fournir un service complet et 24h\/24, devenant ainsi un partenaire de confiance pour leurs clients.<\/li>\n<\/ul>\n\n\n\n<p class=\"has-medium-font-size\">Am\u00e9liorez vos offres de services avec CONNECT, garantissant un soutien efficace, fiable et continu \u00e0 vos clients.<\/p>\n<\/div>\n<\/div>\n<\/div>\n\n\n\n<div class=\"wp-block-group alignfull came-box-content-style-2 came-bg-dark has-came-dark-blue-background-color has-background is-layout-flow wp-block-group-is-layout-flow\" style=\"padding-top:var(--wp--preset--spacing--70);padding-bottom:var(--wp--preset--spacing--70)\">\n<div class=\"wp-block-group alignwide is-layout-flow wp-block-group-is-layout-flow\">\n<h2 class=\"wp-block-heading title-with-line has-white-color has-text-color has-link-color wp-elements-10624d964f78ca19c7329b0ed5dc1f89\">Profil du propri\u00e9taire \/ gestionnaire d&rsquo;immeuble<\/h2>\n\n\n\n<div class=\"wp-block-columns are-vertically-aligned-center is-layout-flex wp-container-core-columns-is-layout-2 wp-block-columns-is-layout-flex\" style=\"margin-bottom:var(--wp--preset--spacing--70)\">\n<div class=\"wp-block-column is-vertically-aligned-center is-layout-flow wp-block-column-is-layout-flow\">\n<p class=\"has-white-color has-text-color has-link-color has-medium-font-size wp-elements-416b2312c97ee881eb8e1cc97e5611a7\">CAME CONNECT est l&rsquo;outil essentiel pour les administrateurs de condominiums, les gestionnaires d&rsquo;immeubles et les propri\u00e9taires de syst\u00e8mes.<\/p>\n\n\n\n<p class=\"has-white-color has-text-color has-link-color has-medium-font-size wp-elements-81eb7482c6d494f1b51f18bf2e643585\"><strong>Les principales caract\u00e9ristiques sont les suivantes :<\/strong><\/p>\n\n\n\n<ul class=\"has-white-color has-text-color has-link-color wp-elements-90eb4579084dfb7bafde092264544e52\">\n<li class=\"has-medium-font-size\"><strong><strong>Gestion de l&rsquo;acc\u00e8s<\/strong><\/strong>: Activez et programmez facilement les t\u00e9l\u00e9commandes pour un acc\u00e8s transparent.<\/li>\n\n\n\n<li class=\"has-medium-font-size\"><strong><strong>Surveillance en temps r\u00e9el<\/strong><\/strong>: suivez l&rsquo;\u00e9tat de l&rsquo;op\u00e9rateur et recevez des notifications instantan\u00e9es en cas de dysfonctionnement.<\/li>\n\n\n\n<li class=\"has-medium-font-size\"><strong><strong>Demandes de service<\/strong><\/strong>: Envoyez rapidement des demandes de service sur site aux installateurs ou activez le diagnostic \u00e0 distance pour un d\u00e9pannage efficace.<\/li>\n<\/ul>\n\n\n\n<p class=\"has-white-color has-text-color has-link-color has-medium-font-size wp-elements-50a2bb561807e5a3457326f2bad6d8bc\">La plate-forme CONNECT assure un fonctionnement et une maintenance sans probl\u00e8me, ce qui en fait un outil indispensable pour une gestion efficace du syst\u00e8me.<\/p>\n<\/div>\n\n\n\n<div class=\"wp-block-column is-vertically-aligned-center is-layout-flow wp-block-column-is-layout-flow\">\n<figure class=\"wp-block-image size-full image-fit-cover\"><img decoding=\"async\" src=\"https:\/\/www.came.com\/global\/wp-content\/uploads\/2024\/09\/connect-profilesowner.jpg\" alt=\"CAME Profil du propri\u00e9taire \/ gestionnaire d'immeuble\" class=\"wp-image-8652\"\/><\/figure>\n<\/div>\n<\/div>\n<\/div>\n<\/div>\n\n\n\n<div class=\"wp-block-group alignwide came-box-content-style-2 is-layout-flow wp-block-group-is-layout-flow\" style=\"padding-top:var(--wp--preset--spacing--70);padding-bottom:var(--wp--preset--spacing--70)\">\n<h2 class=\"wp-block-heading title-with-line\">Profil de l&rsquo;utilisateur final<\/h2>\n\n\n\n<div class=\"wp-block-columns is-layout-flex wp-container-core-columns-is-layout-3 wp-block-columns-is-layout-flex\" style=\"margin-bottom:var(--wp--preset--spacing--70)\">\n<div class=\"wp-block-column is-layout-flow wp-block-column-is-layout-flow\">\n<figure class=\"wp-block-image size-full image-fit-cover\"><img decoding=\"async\" src=\"https:\/\/www.came.com\/global\/wp-content\/uploads\/2024\/09\/connect-profilesuser.jpg\" alt=\"CAME l'utilisateur final\" class=\"wp-image-8654\"\/><\/figure>\n<\/div>\n\n\n\n<div class=\"wp-block-column is-layout-flow wp-block-column-is-layout-flow\">\n<p class=\"has-medium-font-size\">Faites l&rsquo;exp\u00e9rience d&rsquo;un contr\u00f4le transparent avec notre application mobile gratuite AUTOMATION, compatible avec n&rsquo;importe quel smartphone Android ou iOS. G\u00e9rez sans effort vos appareils \u00e0 distance, en vous assurant la commodit\u00e9 \u00e0 port\u00e9e de main.<\/p>\n\n\n\n<p class=\"has-medium-font-size\"><strong><strong>Fonctionnalit\u00e9s d&rsquo;automatisation des applications<\/strong>:<\/strong><\/p>\n\n\n\n<ul class=\"has-medium-font-size\">\n<li><strong>Contr\u00f4le \u00e0 distance :<\/strong> G\u00e9rez facilement toutes les op\u00e9rations connect\u00e9es \u00e0 l&rsquo;aide d&rsquo;un seul smartphone avec des commandes simples et intuitives.<\/li>\n\n\n\n<li><strong>Surveillance <\/strong>de l&rsquo;\u00e9tat : V\u00e9rifiez l&rsquo;\u00e9tat de votre automatisation (ouverte ou ferm\u00e9e) pour une s\u00e9curit\u00e9 maximale, m\u00eame lorsque vous n&rsquo;\u00eates pas chez vous.<\/li>\n<\/ul>\n\n\n\n<p class=\"has-medium-font-size\">T\u00e9l\u00e9chargez l&rsquo;application AUTOMATION d\u00e8s aujourd&rsquo;hui et profitez d&rsquo;un contr\u00f4le in\u00e9gal\u00e9 pour votre automatisation<\/p>\n<\/div>\n<\/div>\n<\/div>\n","protected":false},"excerpt":{"rendered":"<p>Qu&rsquo;est-ce que CAME CONNECT ? CAME CONNECT est une technologie de pointe d\u00e9velopp\u00e9e par CAME qui r\u00e9volutionne la fa\u00e7on dont les op\u00e9rateurs sont configur\u00e9s et g\u00e9r\u00e9s. En connectant les op\u00e9rateurs via Internet, CAME CONNECT offre une valeur ajout\u00e9e aux utilisateurs et ouvre de nouvelles opportunit\u00e9s commerciales pour les installateurs. Principales caract\u00e9ristiques de CAME CONNECT : [&hellip;]<\/p>\n","protected":false},"author":5,"featured_media":0,"parent":0,"menu_order":0,"comment_status":"closed","ping_status":"closed","template":"page_template-without-title.php","meta":{"elastic_search":"","powered_cache_disable_cache":false,"footnotes":""},"_links":{"self":[{"href":"https:\/\/www.came.com\/be\/fr\/wp-json\/wp\/v2\/pages\/12604"}],"collection":[{"href":"https:\/\/www.came.com\/be\/fr\/wp-json\/wp\/v2\/pages"}],"about":[{"href":"https:\/\/www.came.com\/be\/fr\/wp-json\/wp\/v2\/types\/page"}],"author":[{"embeddable":true,"href":"https:\/\/www.came.com\/be\/fr\/wp-json\/wp\/v2\/users\/5"}],"replies":[{"embeddable":true,"href":"https:\/\/www.came.com\/be\/fr\/wp-json\/wp\/v2\/comments?post=12604"}],"version-history":[{"count":5,"href":"https:\/\/www.came.com\/be\/fr\/wp-json\/wp\/v2\/pages\/12604\/revisions"}],"predecessor-version":[{"id":12609,"href":"https:\/\/www.came.com\/be\/fr\/wp-json\/wp\/v2\/pages\/12604\/revisions\/12609"}],"wp:attachment":[{"href":"https:\/\/www.came.com\/be\/fr\/wp-json\/wp\/v2\/media?parent=12604"}],"curies":[{"name":"wp","href":"https:\/\/api.w.org\/{rel}","templated":true}]}}